{"id":3090,"date":"2025-06-25T11:42:12","date_gmt":"2025-06-25T09:42:12","guid":{"rendered":"https:\/\/fdasrl.it\/prodotto\/comedero-rectangular-de-acero-galvanizado-para-caballos-y-vacas\/"},"modified":"2025-06-25T11:42:12","modified_gmt":"2025-06-25T09:42:12","slug":"comedero-rectangular-de-acero-galvanizado-para-caballos-y-vacas","status":"publish","type":"product","link":"https:\/\/fdasrl.it\/es\/prodotto\/comedero-rectangular-de-acero-galvanizado-para-caballos-y-vacas\/","title":{"rendered":"Comedero rectangular de acero galvanizado para caballos y vacas"},"content":{"rendered":"<h3 class=\"ai-optimize-68 ai-optimize-introduction\" data-start=\"341\" data-end=\"448\"><strong data-start=\"341\" data-end=\"448\">Comedero rectangular de acero galvanizado en caliente \u2013 35 litros \u2013 para caballos, vacas y animales de establo<\/strong><\/h3>\n<p class=\"ai-optimize-69 ai-optimize-introduction\" data-start=\"450\" data-end=\"759\">Comedero rectangular profesional, ideal para la alimentaci\u00f3n de <strong data-start=\"519\" data-end=\"564\">bovinos, caballos y otros animales de establo<\/strong> o cuadra. Fabricado en <strong data-start=\"591\" data-end=\"618\">acero galvanizado en caliente<\/strong>, garantiza <strong data-start=\"631\" data-end=\"669\">elevada resistencia a la corrosi\u00f3n<\/strong>, m\u00e1xima durabilidad y una estructura segura que reduce el riesgo de lesiones a los animales. <\/p>\n<p class=\"ai-optimize-70\" data-start=\"761\" data-end=\"972\">Con una <strong data-start=\"769\" data-end=\"793\">capacidad de 35 litros<\/strong>, este comedero es perfecto para la administraci\u00f3n de piensos o forrajes. El <strong data-start=\"873\" data-end=\"902\">tap\u00f3n de desag\u00fce de 15 mm<\/strong> facilita la limpieza diaria, manteniendo elevados est\u00e1ndares higi\u00e9nicos. <\/p>\n<p class=\"ai-optimize-71\" data-start=\"974\" data-end=\"1167\">Las <strong data-start=\"977\" data-end=\"1020\">dimensiones compactas (45 x 34 x H 24 cm)<\/strong> lo hacen adecuado para cualquier tipo de box, recinto o establo. La fijaci\u00f3n a pared es sencilla y r\u00e1pida gracias a los <strong data-start=\"1129\" data-end=\"1154\">3 puntos de anclaje<\/strong> predispuestos. <\/p>\n<hr data-start=\"1169\" data-end=\"1172\">\n<h3 class=\"ai-optimize-72\" data-start=\"1174\" data-end=\"1209\"><strong data-start=\"1178\" data-end=\"1209\">Caracter\u00edsticas principales:<\/strong><\/h3>\n<ul data-start=\"1211\" data-end=\"1509\">\n<li class=\"ai-optimize-73\" data-start=\"1211\" data-end=\"1294\">\n<p class=\"ai-optimize-74\" data-start=\"1213\" data-end=\"1294\">\u2705 <strong data-start=\"1215\" data-end=\"1239\">Material resistente<\/strong>: acero galvanizado en caliente, tambi\u00e9n en el interior de los tubos<\/p>\n<\/li>\n<li class=\"ai-optimize-75\" data-start=\"1295\" data-end=\"1323\">\n<p class=\"ai-optimize-76\" data-start=\"1297\" data-end=\"1323\">\u2705 <strong data-start=\"1299\" data-end=\"1311\">Capacidad<\/strong>: 35 litros<\/p>\n<\/li>\n<li class=\"ai-optimize-77\" data-start=\"1324\" data-end=\"1402\">\n<p class=\"ai-optimize-78\" data-start=\"1326\" data-end=\"1402\">\u2705 <strong data-start=\"1328\" data-end=\"1342\">Dimensiones<\/strong>: 45 cm (ancho) x 34 cm (profundidad) x 24 cm (alto)<\/p>\n<\/li>\n<li class=\"ai-optimize-79\" data-start=\"1403\" data-end=\"1457\">\n<p class=\"ai-optimize-80\" data-start=\"1405\" data-end=\"1457\">\u2705 <strong data-start=\"1407\" data-end=\"1427\">Tap\u00f3n de desag\u00fce<\/strong> de 15 mm para f\u00e1cil limpieza<\/p>\n<\/li>\n<li class=\"ai-optimize-81\" data-start=\"1458\" data-end=\"1509\">\n<p class=\"ai-optimize-82\" data-start=\"1460\" data-end=\"1509\">\u2705 <strong data-start=\"1462\" data-end=\"1484\">Montaje a pared<\/strong> con 3 tornillos (no incluidos)<\/p>\n<\/li>\n<\/ul>\n","protected":false},"excerpt":{"rendered":"<p class=\"ai-optimize-31\"><strong data-start=\"158\" data-end=\"217\">Comedero rectangular de acero para caballos y vacas<\/strong>, de 35 litros. Resistente, seguro, f\u00e1cil de montar y limpiar. Ideal para establos y cuadras.  <\/p>\n","protected":false},"featured_media":860,"comment_status":"open","ping_status":"closed","template":"","meta":{"_et_pb_use_builder":"","_et_pb_old_content":"","_et_gb_content_width":""},"product_brand":[],"product_cat":[403,607,734],"product_tag":[777,775,776],"class_list":{"0":"post-3090","1":"product","2":"type-product","3":"status-publish","4":"has-post-thumbnail","6":"product_cat-bovinos","7":"product_cat-caballos","8":"product_cat-comederos","9":"product_tag-fa-ma-8","10":"product_tag-fa-ma8","11":"product_tag-fama8","13":"first","14":"instock","15":"shipping-taxable","16":"product-type-simple"},"yoast_head":"<!-- This site is optimized with the Yoast SEO Premium plugin v27.5 (Yoast SEO v27.6) - https:\/\/yoast.com\/product\/yoast-seo-premium-wordpress\/ -->\n<title>Comedero rectangular de acero para caballos y vacas: alta calidad<\/title>\n<meta name=\"description\" content=\"Elige el comedero rectangular de acero para caballos y vacas, con capacidad de 35 litros. Facilita la limpieza y garantiza seguridad para tus animales! \u2705\" \/>\n<meta name=\"robots\" content=\"index, follow, max-snippet:-1, max-image-preview:large, max-video-preview:-1\" \/>\n<link rel=\"canonical\" href=\"https:\/\/fdasrl.it\/es\/prodotto\/comedero-rectangular-de-acero-galvanizado-para-caballos-y-vacas\/\" \/>\n<meta property=\"og:locale\" content=\"es_ES\" \/>\n<meta property=\"og:type\" content=\"article\" \/>\n<meta property=\"og:title\" content=\"Comedero rectangular de acero galvanizado para caballos y vacas\" \/>\n<meta property=\"og:description\" content=\"Elige el comedero rectangular de acero para caballos y vacas, con capacidad de 35 litros. Facilita la limpieza y garantiza seguridad para tus animales! \u2705\" \/>\n<meta property=\"og:url\" content=\"https:\/\/fdasrl.it\/es\/prodotto\/comedero-rectangular-de-acero-galvanizado-para-caballos-y-vacas\/\" \/>\n<meta property=\"og:site_name\" content=\"FDA srl\" \/>\n<meta property=\"article:publisher\" content=\"https:\/\/www.facebook.com\/share\/1MWhFWg1Tp\/?mibextid=LQQJ4d\" \/>\n<meta property=\"og:image\" content=\"https:\/\/fdasrl.it\/wp-content\/uploads\/2025\/06\/mangiatoia-a-rettangolo-acciaio.jpg\" \/>\n\t<meta property=\"og:image:width\" content=\"1261\" \/>\n\t<meta property=\"og:image:height\" content=\"900\" \/>\n\t<meta property=\"og:image:type\" content=\"image\/jpeg\" \/>\n<meta name=\"twitter:card\" content=\"summary_large_image\" \/>\n<meta name=\"twitter:label1\" content=\"Precio\" \/>\n\t<meta name=\"twitter:data1\" content=\"\" \/>\n\t<meta name=\"twitter:label2\" content=\"Disponibilidad\" \/>\n\t<meta name=\"twitter:data2\" content=\"Disponible\" \/>\n<meta property=\"product:price:currency\" content=\"EUR\" \/>\n<meta property=\"og:availability\" content=\"instock\" \/>\n<meta property=\"product:availability\" content=\"instock\" \/>\n<meta property=\"product:retailer_item_id\" content=\"FAMA6-1\" \/>\n<meta property=\"product:condition\" content=\"new\" \/>\n<!-- \/ Yoast SEO Premium plugin. -->","yoast_head_json":{"title":"Comedero rectangular de acero para caballos y vacas: alta calidad","description":"Elige el comedero rectangular de acero para caballos y vacas, con capacidad de 35 litros. Facilita la limpieza y garantiza seguridad para tus animales! \u2705","robots":{"index":"index","follow":"follow","max-snippet":"max-snippet:-1","max-image-preview":"max-image-preview:large","max-video-preview":"max-video-preview:-1"},"canonical":"https:\/\/fdasrl.it\/es\/prodotto\/comedero-rectangular-de-acero-galvanizado-para-caballos-y-vacas\/","og_locale":"es_ES","og_type":"article","og_title":"Comedero rectangular de acero galvanizado para caballos y vacas","og_description":"Elige el comedero rectangular de acero para caballos y vacas, con capacidad de 35 litros. Facilita la limpieza y garantiza seguridad para tus animales! \u2705","og_url":"https:\/\/fdasrl.it\/es\/prodotto\/comedero-rectangular-de-acero-galvanizado-para-caballos-y-vacas\/","og_site_name":"FDA srl","article_publisher":"https:\/\/www.facebook.com\/share\/1MWhFWg1Tp\/?mibextid=LQQJ4d","og_image":[{"width":1261,"height":900,"url":"https:\/\/fdasrl.it\/wp-content\/uploads\/2025\/06\/mangiatoia-a-rettangolo-acciaio.jpg","type":"image\/jpeg"}],"twitter_card":"summary_large_image","twitter_misc":{"Precio":"","Disponibilidad":"Disponible"},"schema":{"@context":"https:\/\/schema.org","@graph":[{"@type":"WebPage","@id":"https:\/\/fdasrl.it\/es\/prodotto\/comedero-rectangular-de-acero-galvanizado-para-caballos-y-vacas\/","url":"https:\/\/fdasrl.it\/es\/prodotto\/comedero-rectangular-de-acero-galvanizado-para-caballos-y-vacas\/","name":"Comedero rectangular de acero para caballos y vacas: alta calidad","isPartOf":{"@id":"https:\/\/fdasrl.it\/es\/#website"},"primaryImageOfPage":{"@id":"https:\/\/fdasrl.it\/es\/prodotto\/comedero-rectangular-de-acero-galvanizado-para-caballos-y-vacas\/#primaryimage"},"image":{"@id":"https:\/\/fdasrl.it\/es\/prodotto\/comedero-rectangular-de-acero-galvanizado-para-caballos-y-vacas\/#primaryimage"},"thumbnailUrl":"https:\/\/fdasrl.it\/wp-content\/uploads\/2025\/06\/mangiatoia-a-rettangolo-acciaio.jpg","datePublished":"2025-06-25T09:42:12+00:00","description":"Elige el comedero rectangular de acero para caballos y vacas, con capacidad de 35 litros. Facilita la limpieza y garantiza seguridad para tus animales! \u2705","breadcrumb":{"@id":"https:\/\/fdasrl.it\/es\/prodotto\/comedero-rectangular-de-acero-galvanizado-para-caballos-y-vacas\/#breadcrumb"},"inLanguage":"es","potentialAction":[{"@type":"ReadAction","target":["https:\/\/fdasrl.it\/es\/prodotto\/comedero-rectangular-de-acero-galvanizado-para-caballos-y-vacas\/"]}]},{"@type":"ImageObject","inLanguage":"es","@id":"https:\/\/fdasrl.it\/es\/prodotto\/comedero-rectangular-de-acero-galvanizado-para-caballos-y-vacas\/#primaryimage","url":"https:\/\/fdasrl.it\/wp-content\/uploads\/2025\/06\/mangiatoia-a-rettangolo-acciaio.jpg","contentUrl":"https:\/\/fdasrl.it\/wp-content\/uploads\/2025\/06\/mangiatoia-a-rettangolo-acciaio.jpg","width":1261,"height":900,"caption":"Mangiatoia rettangolare in acciaio zincato a caldo da 35 litri per cavalli e mucche, resistente e facile da montare"},{"@type":"BreadcrumbList","@id":"https:\/\/fdasrl.it\/es\/prodotto\/comedero-rectangular-de-acero-galvanizado-para-caballos-y-vacas\/#breadcrumb","itemListElement":[{"@type":"ListItem","position":1,"name":"Home","item":"https:\/\/fdasrl.it\/es\/inicio\/"},{"@type":"ListItem","position":2,"name":"Tienda","item":"https:\/\/fdasrl.it\/es\/tienda\/"},{"@type":"ListItem","position":3,"name":"Comedero rectangular de acero galvanizado para caballos y vacas"}]},{"@type":"WebSite","@id":"https:\/\/fdasrl.it\/es\/#website","url":"https:\/\/fdasrl.it\/es\/","name":"FDA srl","description":"Equipment for animal husbandry","publisher":{"@id":"https:\/\/fdasrl.it\/es\/#organization"},"potentialAction":[{"@type":"SearchAction","target":{"@type":"EntryPoint","urlTemplate":"https:\/\/fdasrl.it\/es\/?s={search_term_string}"},"query-input":{"@type":"PropertyValueSpecification","valueRequired":true,"valueName":"search_term_string"}}],"inLanguage":"es"},{"@type":"Organization","@id":"https:\/\/fdasrl.it\/es\/#organization","name":"FDA srl","url":"https:\/\/fdasrl.it\/es\/","logo":{"@type":"ImageObject","inLanguage":"es","@id":"https:\/\/fdasrl.it\/es\/#\/schema\/logo\/image\/","url":"https:\/\/fdasrl.it\/wp-content\/uploads\/2024\/12\/Logo-FDA.png","contentUrl":"https:\/\/fdasrl.it\/wp-content\/uploads\/2024\/12\/Logo-FDA.png","width":316,"height":119,"caption":"FDA srl"},"image":{"@id":"https:\/\/fdasrl.it\/es\/#\/schema\/logo\/image\/"},"sameAs":["https:\/\/www.facebook.com\/share\/1MWhFWg1Tp\/?mibextid=LQQJ4d","https:\/\/www.instagram.com\/fda_srl\/profilecard\/?igsh=YW5lbzJ6MWg0d21u","https:\/\/www.youtube.com\/@FDASRL_ANIMALCARE"],"description":"FDA SRL \u2013 Equipment for animal husbandry nasce con l\u2019obiettivo di offrire soluzioni affidabili e innovative per l\u2019allevamento moderno. Con anni di esperienza nel settore zootecnico, progettiamo e realizziamo attrezzature destinate al benessere animale e alla gestione efficiente delle stalle: vasche, abbeveratoi, mangiatoie e sistemi di riscaldamento pensati per durare nel tempo e semplificare il lavoro quotidiano degli allevatori. Dalla progettazione alla produzione, ogni nostro prodotto \u00e8 studiato nei minimi dettagli, testato con cura e costruito per rispondere alle esigenze reali del settore. La nostra forza \u00e8 unire artigianalit\u00e0, tecnologia e competenza tecnica per trasformare ogni progetto in una soluzione concreta e funzionale. Oggi FDA SRL \u00e8 un punto di riferimento per privati e rivenditori che cercano qualit\u00e0, affidabilit\u00e0 e innovazione nelle attrezzature per l\u2019allevamento.","email":"info@fdasrl.it","telephone":"+390522826820","legalName":"F.D.A. SRL","foundingDate":"2024-10-13","vatID":"03075840359","taxID":"03075840359","numberOfEmployees":{"@type":"QuantitativeValue","minValue":"1","maxValue":"10"}}]},"product_price_currency":"EUR","og_availability":"instock","product_availability":"instock","product_retailer_item_id":"FAMA6-1","product_condition":"new"},"_links":{"self":[{"href":"https:\/\/fdasrl.it\/es\/wp-json\/wp\/v2\/product\/3090","targetHints":{"allow":["GET"]}}],"collection":[{"href":"https:\/\/fdasrl.it\/es\/wp-json\/wp\/v2\/product"}],"about":[{"href":"https:\/\/fdasrl.it\/es\/wp-json\/wp\/v2\/types\/product"}],"replies":[{"embeddable":true,"href":"https:\/\/fdasrl.it\/es\/wp-json\/wp\/v2\/comments?post=3090"}],"wp:featuredmedia":[{"embeddable":true,"href":"https:\/\/fdasrl.it\/es\/wp-json\/wp\/v2\/media\/860"}],"wp:attachment":[{"href":"https:\/\/fdasrl.it\/es\/wp-json\/wp\/v2\/media?parent=3090"}],"wp:term":[{"taxonomy":"product_brand","embeddable":true,"href":"https:\/\/fdasrl.it\/es\/wp-json\/wp\/v2\/product_brand?post=3090"},{"taxonomy":"product_cat","embeddable":true,"href":"https:\/\/fdasrl.it\/es\/wp-json\/wp\/v2\/product_cat?post=3090"},{"taxonomy":"product_tag","embeddable":true,"href":"https:\/\/fdasrl.it\/es\/wp-json\/wp\/v2\/product_tag?post=3090"}],"curies":[{"name":"wp","href":"https:\/\/api.w.org\/{rel}","templated":true}]}}