{"id":3172,"date":"2025-05-23T09:33:28","date_gmt":"2025-05-23T07:33:28","guid":{"rendered":"https:\/\/fdasrl.it\/prodotto\/soporte-angular-universal-para-bebederos-far22\/"},"modified":"2025-05-23T09:33:28","modified_gmt":"2025-05-23T07:33:28","slug":"soporte-angular-universal-para-bebederos-far22","status":"publish","type":"product","link":"https:\/\/fdasrl.it\/es\/prodotto\/soporte-angular-universal-para-bebederos-far22\/","title":{"rendered":"Soporte angular universal para bebederos FAR22"},"content":{"rendered":"<h3 data-start=\"155\" data-end=\"274\">\u2705 <strong data-start=\"161\" data-end=\"274\">Soporte angular para bebedero universal FAR22 \u2013 Robusto, compatible y cortado por l\u00e1ser sin oxidaci\u00f3n<\/strong><\/h3>\n<p data-start=\"276\" data-end=\"301\"><strong data-start=\"276\" data-end=\"301\">Descripci\u00f3n del producto:<\/strong><\/p>\n<p data-start=\"303\" data-end=\"613\">El <strong data-start=\"306\" data-end=\"342\">Soporte angular universal FAR22<\/strong> es la soluci\u00f3n ideal para instalar de forma segura y estable cualquier tipo de bebedero en esquinas de paredes o muretes. Fabricado en <strong data-start=\"481\" data-end=\"512\">acero galvanizado de 30\/10 mm<\/strong>, ofrece una elevada resistencia mec\u00e1nica y a la corrosi\u00f3n, perfecta para su uso en entornos ganaderos. <\/p>\n<p data-start=\"615\" data-end=\"821\">El procesamiento se realiza mediante <strong data-start=\"646\" data-end=\"672\">corte por l\u00e1ser con nitr\u00f3geno<\/strong>, una tecnolog\u00eda que garantiza la m\u00e1xima precisi\u00f3n y <strong data-start=\"725\" data-end=\"761\">evita la oxidaci\u00f3n de los bordes<\/strong>, preservando la calidad y la durabilidad del producto a lo largo del tiempo.<\/p>\n<p data-start=\"823\" data-end=\"1093\">La <strong data-start=\"826\" data-end=\"850\">forma angular a 90\u00b0<\/strong> y la <strong data-start=\"856\" data-end=\"880\">semi-ranura posterior<\/strong> permiten una instalaci\u00f3n r\u00e1pida y ordenada, facilitando el paso del tubo y reduciendo los pliegues. Ideal para establos, boxes y situaciones en las que es necesario un montaje en esquina, incluso en espacios reducidos. <\/p>\n<p data-start=\"1095\" data-end=\"1124\"><strong data-start=\"1095\" data-end=\"1124\">Caracter\u00edsticas t\u00e9cnicas:<\/strong><\/p>\n<ul data-start=\"1125\" data-end=\"1406\">\n<li data-start=\"1125\" data-end=\"1153\">\n<p data-start=\"1127\" data-end=\"1153\">Material: acero galvanizado<\/p>\n<\/li>\n<li data-start=\"1154\" data-end=\"1174\">\n<p data-start=\"1156\" data-end=\"1174\">Espesor: 30\/10 mm<\/p>\n<\/li>\n<li data-start=\"1175\" data-end=\"1219\">\n<p data-start=\"1177\" data-end=\"1219\">Corte: l\u00e1ser con nitr\u00f3geno (antioxidaci\u00f3n)<\/p>\n<\/li>\n<li data-start=\"1220\" data-end=\"1243\">\n<p data-start=\"1222\" data-end=\"1243\">Forma: angular a 90\u00b0<\/p>\n<\/li>\n<li data-start=\"1244\" data-end=\"1305\">\n<p data-start=\"1246\" data-end=\"1305\">Desag\u00fce posterior alineado con la entrada del bebedero<\/p>\n<\/li>\n<li data-start=\"1306\" data-end=\"1353\">\n<p data-start=\"1308\" data-end=\"1353\">Preparado para fijaci\u00f3n con tornillos y tacos<\/p>\n<\/li>\n<li data-start=\"1354\" data-end=\"1406\">\n<p data-start=\"1356\" data-end=\"1406\">Compatibilidad universal con todos los bebederos<\/p>\n<\/li>\n<\/ul>\n<p data-start=\"1408\" data-end=\"1421\"><strong data-start=\"1408\" data-end=\"1421\">Ventajas:<\/strong><\/p>\n<ul data-start=\"1422\" data-end=\"1576\">\n<li data-start=\"1422\" data-end=\"1452\">\n<p data-start=\"1424\" data-end=\"1452\">Fijaci\u00f3n estable y duradera<\/p>\n<\/li>\n<li data-start=\"1453\" data-end=\"1492\">\n<p data-start=\"1455\" data-end=\"1492\">Procesamiento preciso sin oxidaci\u00f3n<\/p>\n<\/li>\n<li data-start=\"1493\" data-end=\"1540\">\n<p data-start=\"1495\" data-end=\"1540\">Instalaci\u00f3n sencilla incluso en espacios reducidos<\/p>\n<\/li>\n<li data-start=\"1541\" data-end=\"1576\">\n<p data-start=\"1543\" data-end=\"1576\">Gesti\u00f3n ordenada de la tuber\u00eda<\/p>\n<\/li>\n<\/ul>\n<p>&nbsp;<\/p>\n<p>Cont\u00e1ctanos para un presupuesto dedicado a distribuidores: info@fdasrl.it<\/p>\n<p>C\u00f3mpralo en nuestra <a href=\"https:\/\/fda-shop.it\/shop\/articoli-per-allevamento\/abbeveratoi\/staffa-angolare-universale-per-abbeveratoi#\/25-accessori_e_confezioni-singola_unita\">tienda online<\/a><\/p>\n","protected":false},"excerpt":{"rendered":"<p>Soporte angular universal en acero galvanizado para bebederos. Compatible con todos los modelos, con desag\u00fce posterior y corte l\u00e1ser antioxidaci\u00f3n. F\u00e1cil de instalar incluso en espacios reducidos.  <\/p>\n<p>Descargar: <a href=\"https:\/\/fdasrl.it\/wp-content\/uploads\/2025\/05\/Scheda-tecnica-FAR22_compressed-1.pdf\">Ficha t\u00e9cnica FAR22_compressed (1)<\/a><\/p>\n","protected":false},"featured_media":832,"comment_status":"open","ping_status":"closed","template":"","meta":{"_et_pb_use_builder":"","_et_pb_old_content":"","_et_gb_content_width":""},"product_brand":[],"product_cat":[516,552,403,607,420],"product_tag":[793,792],"class_list":{"0":"post-3172","1":"product","2":"type-product","3":"status-publish","4":"has-post-thumbnail","6":"product_cat-bebederos","7":"product_cat-bebederos-2","8":"product_cat-bovinos","9":"product_cat-caballos","10":"product_cat-ovinos-y-caprinos","11":"product_tag-far-22","12":"product_tag-far22","14":"first","15":"instock","16":"shipping-taxable","17":"product-type-simple"},"yoast_head":"<!-- This site is optimized with the Yoast SEO Premium plugin v27.5 (Yoast SEO v27.6) - https:\/\/yoast.com\/product\/yoast-seo-premium-wordpress\/ -->\n<title>Soporte angular para bebedero universal en acero galvanizado - FDA srl<\/title>\n<meta name=\"description\" content=\"El soporte angular para bebedero universal en acero galvanizado es perfecto para esquinas estrechas e instalaciones estables.\" \/>\n<meta name=\"robots\" content=\"index, follow, max-snippet:-1, max-image-preview:large, max-video-preview:-1\" \/>\n<link rel=\"canonical\" href=\"https:\/\/fdasrl.it\/es\/prodotto\/soporte-angular-universal-para-bebederos-far22\/\" \/>\n<meta property=\"og:locale\" content=\"es_ES\" \/>\n<meta property=\"og:type\" content=\"article\" \/>\n<meta property=\"og:title\" content=\"Soporte angular universal para bebederos FAR22\" \/>\n<meta property=\"og:description\" content=\"El soporte angular para bebedero universal en acero galvanizado es perfecto para esquinas estrechas e instalaciones estables.\" \/>\n<meta property=\"og:url\" content=\"https:\/\/fdasrl.it\/es\/prodotto\/soporte-angular-universal-para-bebederos-far22\/\" \/>\n<meta property=\"og:site_name\" content=\"FDA srl\" \/>\n<meta property=\"article:publisher\" content=\"https:\/\/www.facebook.com\/share\/1MWhFWg1Tp\/?mibextid=LQQJ4d\" \/>\n<meta property=\"og:image\" content=\"https:\/\/fdasrl.it\/wp-content\/uploads\/2025\/05\/Staffa-angolare-abbeveratoi-FAR22-1.png\" \/>\n\t<meta property=\"og:image:width\" content=\"1376\" \/>\n\t<meta property=\"og:image:height\" content=\"1008\" \/>\n\t<meta property=\"og:image:type\" content=\"image\/png\" \/>\n<meta name=\"twitter:card\" content=\"summary_large_image\" \/>\n<meta name=\"twitter:label1\" content=\"Precio\" \/>\n\t<meta name=\"twitter:data1\" content=\"\" \/>\n\t<meta name=\"twitter:label2\" content=\"Disponibilidad\" \/>\n\t<meta name=\"twitter:data2\" content=\"Disponible\" \/>\n<meta property=\"product:price:currency\" content=\"EUR\" \/>\n<meta property=\"og:availability\" content=\"instock\" \/>\n<meta property=\"product:availability\" content=\"instock\" \/>\n<meta property=\"product:retailer_item_id\" content=\"FAR22\" \/>\n<meta property=\"product:condition\" content=\"new\" \/>\n<!-- \/ Yoast SEO Premium plugin. -->","yoast_head_json":{"title":"Soporte angular para bebedero universal en acero galvanizado - FDA srl","description":"El soporte angular para bebedero universal en acero galvanizado es perfecto para esquinas estrechas e instalaciones estables.","robots":{"index":"index","follow":"follow","max-snippet":"max-snippet:-1","max-image-preview":"max-image-preview:large","max-video-preview":"max-video-preview:-1"},"canonical":"https:\/\/fdasrl.it\/es\/prodotto\/soporte-angular-universal-para-bebederos-far22\/","og_locale":"es_ES","og_type":"article","og_title":"Soporte angular universal para bebederos FAR22","og_description":"El soporte angular para bebedero universal en acero galvanizado es perfecto para esquinas estrechas e instalaciones estables.","og_url":"https:\/\/fdasrl.it\/es\/prodotto\/soporte-angular-universal-para-bebederos-far22\/","og_site_name":"FDA srl","article_publisher":"https:\/\/www.facebook.com\/share\/1MWhFWg1Tp\/?mibextid=LQQJ4d","og_image":[{"width":1376,"height":1008,"url":"https:\/\/fdasrl.it\/wp-content\/uploads\/2025\/05\/Staffa-angolare-abbeveratoi-FAR22-1.png","type":"image\/png"}],"twitter_card":"summary_large_image","twitter_misc":{"Precio":"","Disponibilidad":"Disponible"},"schema":{"@context":"https:\/\/schema.org","@graph":[{"@type":"WebPage","@id":"https:\/\/fdasrl.it\/es\/prodotto\/soporte-angular-universal-para-bebederos-far22\/","url":"https:\/\/fdasrl.it\/es\/prodotto\/soporte-angular-universal-para-bebederos-far22\/","name":"Soporte angular para bebedero universal en acero galvanizado - FDA srl","isPartOf":{"@id":"https:\/\/fdasrl.it\/es\/#website"},"primaryImageOfPage":{"@id":"https:\/\/fdasrl.it\/es\/prodotto\/soporte-angular-universal-para-bebederos-far22\/#primaryimage"},"image":{"@id":"https:\/\/fdasrl.it\/es\/prodotto\/soporte-angular-universal-para-bebederos-far22\/#primaryimage"},"thumbnailUrl":"https:\/\/fdasrl.it\/wp-content\/uploads\/2025\/05\/Staffa-angolare-abbeveratoi-FAR22-1.png","datePublished":"2025-05-23T07:33:28+00:00","description":"El soporte angular para bebedero universal en acero galvanizado es perfecto para esquinas estrechas e instalaciones estables.","breadcrumb":{"@id":"https:\/\/fdasrl.it\/es\/prodotto\/soporte-angular-universal-para-bebederos-far22\/#breadcrumb"},"inLanguage":"es","potentialAction":[{"@type":"ReadAction","target":["https:\/\/fdasrl.it\/es\/prodotto\/soporte-angular-universal-para-bebederos-far22\/"]}]},{"@type":"ImageObject","inLanguage":"es","@id":"https:\/\/fdasrl.it\/es\/prodotto\/soporte-angular-universal-para-bebederos-far22\/#primaryimage","url":"https:\/\/fdasrl.it\/wp-content\/uploads\/2025\/05\/Staffa-angolare-abbeveratoi-FAR22-1.png","contentUrl":"https:\/\/fdasrl.it\/wp-content\/uploads\/2025\/05\/Staffa-angolare-abbeveratoi-FAR22-1.png","width":1376,"height":1008,"caption":"Staffa angolare per abbeveratoio FAR22"},{"@type":"BreadcrumbList","@id":"https:\/\/fdasrl.it\/es\/prodotto\/soporte-angular-universal-para-bebederos-far22\/#breadcrumb","itemListElement":[{"@type":"ListItem","position":1,"name":"Home","item":"https:\/\/fdasrl.it\/es\/inicio\/"},{"@type":"ListItem","position":2,"name":"Tienda","item":"https:\/\/fdasrl.it\/es\/tienda\/"},{"@type":"ListItem","position":3,"name":"Soporte angular universal para bebederos FAR22"}]},{"@type":"WebSite","@id":"https:\/\/fdasrl.it\/es\/#website","url":"https:\/\/fdasrl.it\/es\/","name":"FDA srl","description":"Equipment for animal husbandry","publisher":{"@id":"https:\/\/fdasrl.it\/es\/#organization"},"potentialAction":[{"@type":"SearchAction","target":{"@type":"EntryPoint","urlTemplate":"https:\/\/fdasrl.it\/es\/?s={search_term_string}"},"query-input":{"@type":"PropertyValueSpecification","valueRequired":true,"valueName":"search_term_string"}}],"inLanguage":"es"},{"@type":"Organization","@id":"https:\/\/fdasrl.it\/es\/#organization","name":"FDA srl","url":"https:\/\/fdasrl.it\/es\/","logo":{"@type":"ImageObject","inLanguage":"es","@id":"https:\/\/fdasrl.it\/es\/#\/schema\/logo\/image\/","url":"https:\/\/fdasrl.it\/wp-content\/uploads\/2024\/12\/Logo-FDA.png","contentUrl":"https:\/\/fdasrl.it\/wp-content\/uploads\/2024\/12\/Logo-FDA.png","width":316,"height":119,"caption":"FDA srl"},"image":{"@id":"https:\/\/fdasrl.it\/es\/#\/schema\/logo\/image\/"},"sameAs":["https:\/\/www.facebook.com\/share\/1MWhFWg1Tp\/?mibextid=LQQJ4d","https:\/\/www.instagram.com\/fda_srl\/profilecard\/?igsh=YW5lbzJ6MWg0d21u","https:\/\/www.youtube.com\/@FDASRL_ANIMALCARE"],"description":"FDA SRL \u2013 Equipment for animal husbandry nasce con l\u2019obiettivo di offrire soluzioni affidabili e innovative per l\u2019allevamento moderno. Con anni di esperienza nel settore zootecnico, progettiamo e realizziamo attrezzature destinate al benessere animale e alla gestione efficiente delle stalle: vasche, abbeveratoi, mangiatoie e sistemi di riscaldamento pensati per durare nel tempo e semplificare il lavoro quotidiano degli allevatori. Dalla progettazione alla produzione, ogni nostro prodotto \u00e8 studiato nei minimi dettagli, testato con cura e costruito per rispondere alle esigenze reali del settore. La nostra forza \u00e8 unire artigianalit\u00e0, tecnologia e competenza tecnica per trasformare ogni progetto in una soluzione concreta e funzionale. Oggi FDA SRL \u00e8 un punto di riferimento per privati e rivenditori che cercano qualit\u00e0, affidabilit\u00e0 e innovazione nelle attrezzature per l\u2019allevamento.","email":"info@fdasrl.it","telephone":"+390522826820","legalName":"F.D.A. SRL","foundingDate":"2024-10-13","vatID":"03075840359","taxID":"03075840359","numberOfEmployees":{"@type":"QuantitativeValue","minValue":"1","maxValue":"10"}}]},"product_price_currency":"EUR","og_availability":"instock","product_availability":"instock","product_retailer_item_id":"FAR22","product_condition":"new"},"_links":{"self":[{"href":"https:\/\/fdasrl.it\/es\/wp-json\/wp\/v2\/product\/3172","targetHints":{"allow":["GET"]}}],"collection":[{"href":"https:\/\/fdasrl.it\/es\/wp-json\/wp\/v2\/product"}],"about":[{"href":"https:\/\/fdasrl.it\/es\/wp-json\/wp\/v2\/types\/product"}],"replies":[{"embeddable":true,"href":"https:\/\/fdasrl.it\/es\/wp-json\/wp\/v2\/comments?post=3172"}],"wp:featuredmedia":[{"embeddable":true,"href":"https:\/\/fdasrl.it\/es\/wp-json\/wp\/v2\/media\/832"}],"wp:attachment":[{"href":"https:\/\/fdasrl.it\/es\/wp-json\/wp\/v2\/media?parent=3172"}],"wp:term":[{"taxonomy":"product_brand","embeddable":true,"href":"https:\/\/fdasrl.it\/es\/wp-json\/wp\/v2\/product_brand?post=3172"},{"taxonomy":"product_cat","embeddable":true,"href":"https:\/\/fdasrl.it\/es\/wp-json\/wp\/v2\/product_cat?post=3172"},{"taxonomy":"product_tag","embeddable":true,"href":"https:\/\/fdasrl.it\/es\/wp-json\/wp\/v2\/product_tag?post=3172"}],"curies":[{"name":"wp","href":"https:\/\/api.w.org\/{rel}","templated":true}]}}