{"id":3213,"date":"2025-05-09T12:37:48","date_gmt":"2025-05-09T10:37:48","guid":{"rendered":"https:\/\/fdasrl.it\/prodotto\/alfombrillas-de-goma-antideslizantes-tipo-puzzle-para-establos\/"},"modified":"2025-05-09T12:37:48","modified_gmt":"2025-05-09T10:37:48","slug":"alfombrillas-de-goma-antideslizantes-tipo-puzzle-para-establos","status":"publish","type":"product","link":"https:\/\/fdasrl.it\/es\/prodotto\/alfombrillas-de-goma-antideslizantes-tipo-puzzle-para-establos\/","title":{"rendered":"Alfombrillas de goma antideslizantes tipo puzzle para establos"},"content":{"rendered":"<h2 class=\"\" data-start=\"207\" data-end=\"327\"><strong data-start=\"210\" data-end=\"327\">Alfombrillas de goma tipo puzzle SOFA PZ \u2013 Suelo modular antideslizante para establos, cub\u00edculos, boxes y salas de orde\u00f1o<\/strong><\/h2>\n<p class=\"\" data-start=\"329\" data-end=\"737\">Las <strong data-start=\"332\" data-end=\"368\">alfombrillas de goma tipo puzzle SOFA PZ<\/strong> son una soluci\u00f3n profesional y eficaz para mejorar la seguridad, la higiene y el confort de los animales en los establos. Dise\u00f1ados para un uso intensivo en el sector ganadero, estos <strong data-start=\"574\" data-end=\"613\">suelos modulares antideslizantes<\/strong> se adaptan perfectamente a todas las superficies, garantizando <strong data-start=\"686\" data-end=\"736\">durabilidad, resistencia y facilidad de instalaci\u00f3n<\/strong>. <\/p>\n<h3 class=\"\" data-start=\"739\" data-end=\"769\">\u2705 <strong data-start=\"745\" data-end=\"768\">Aplicaciones ideales<\/strong>:<\/h3>\n<ul data-start=\"770\" data-end=\"1000\">\n<li class=\"\" data-start=\"770\" data-end=\"804\">\n<p class=\"\" data-start=\"772\" data-end=\"804\">Cub\u00edculos y pasillos de paso<\/p>\n<\/li>\n<li class=\"\" data-start=\"805\" data-end=\"839\">\n<p class=\"\" data-start=\"807\" data-end=\"839\">Salas de orde\u00f1o y salas de espera<\/p>\n<\/li>\n<li class=\"\" data-start=\"840\" data-end=\"887\">\n<p class=\"\" data-start=\"842\" data-end=\"887\">Suelos de rejilla y zonas de tr\u00e1nsito<\/p>\n<\/li>\n<li class=\"\" data-start=\"888\" data-end=\"934\">\n<p class=\"\" data-start=\"890\" data-end=\"934\">Estabulaciones fijas y zonas de alimentaci\u00f3n<\/p>\n<\/li>\n<li class=\"\" data-start=\"935\" data-end=\"961\">\n<p class=\"\" data-start=\"937\" data-end=\"961\">Boxes de enfermer\u00eda y parto<\/p>\n<\/li>\n<li class=\"\" data-start=\"962\" data-end=\"1000\">\n<p class=\"\" data-start=\"964\" data-end=\"1000\">Boxes para terneros y ganado joven<\/p>\n<\/li>\n<\/ul>\n<h3 class=\"\" data-start=\"1002\" data-end=\"1053\">\u2b50 <strong data-start=\"1008\" data-end=\"1052\">Principales ventajas de las alfombrillas SOFA PZ<\/strong>:<\/h3>\n<ul data-start=\"1054\" data-end=\"2006\">\n<li class=\"\" data-start=\"1054\" data-end=\"1191\">\n<p class=\"\" data-start=\"1056\" data-end=\"1191\"><strong data-start=\"1056\" data-end=\"1098\">Confort y seguridad para tus animales<\/strong>: la superficie el\u00e1stica reduce la fatiga y mejora la calidad de vida del ganado.<\/p>\n<\/li>\n<li class=\"\" data-start=\"1192\" data-end=\"1316\">\n<p class=\"\" data-start=\"1194\" data-end=\"1316\"><strong data-start=\"1194\" data-end=\"1220\">Superficie antideslizante<\/strong>: dise\u00f1ada para reducir el riesgo de ca\u00eddas incluso con humedad o residuos org\u00e1nicos.<\/p>\n<\/li>\n<li class=\"\" data-start=\"1317\" data-end=\"1425\">\n<p class=\"\" data-start=\"1319\" data-end=\"1425\"><strong data-start=\"1319\" data-end=\"1349\">Mayor bienestar animal<\/strong>: el confort bajo las pezu\u00f1as ayuda a prevenir cojeras, lesiones y estr\u00e9s.<\/p>\n<\/li>\n<li class=\"\" data-start=\"1426\" data-end=\"1531\">\n<p class=\"\" data-start=\"1428\" data-end=\"1531\"><strong data-start=\"1428\" data-end=\"1450\">Aislamiento t\u00e9rmico<\/strong>: protege del fr\u00edo del suelo, ideal para periodos invernales o ambientes h\u00famedos.<\/p>\n<\/li>\n<li class=\"\" data-start=\"1532\" data-end=\"1651\">\n<p class=\"\" data-start=\"1534\" data-end=\"1651\"><strong data-start=\"1534\" data-end=\"1562\">Amortiguaci\u00f3n eficaz<\/strong>: reduce el impacto en articulaciones y ligamentos, mejorando la movilidad de los animales.<\/p>\n<\/li>\n<li class=\"\" data-start=\"1652\" data-end=\"1766\">\n<p class=\"\" data-start=\"1654\" data-end=\"1766\"><strong data-start=\"1654\" data-end=\"1677\">Facilidad de limpieza<\/strong>: superficie compacta e impermeable que facilita las tareas diarias de lavado.<\/p>\n<\/li>\n<li class=\"\" data-start=\"1767\" data-end=\"1879\">\n<p class=\"\" data-start=\"1769\" data-end=\"1879\"><strong data-start=\"1769\" data-end=\"1801\">Alta resistencia al desgaste<\/strong>: material duradero incluso en condiciones de mucho tr\u00e1fico y esfuerzo.<\/p>\n<\/li>\n<li class=\"\" data-start=\"1880\" data-end=\"2006\">\n<p class=\"\" data-start=\"1882\" data-end=\"2006\"><strong data-start=\"1882\" data-end=\"1917\">Instalaci\u00f3n sencilla y r\u00e1pida<\/strong>: sistema de encaje tipo puzzle, adaptable a cualquier superficie, incluso irregular.<\/p>\n<\/li>\n<\/ul>\n<h3 class=\"\" data-start=\"2008\" data-end=\"2044\">\ud83d\udcd0 <strong data-start=\"2015\" data-end=\"2043\">Caracter\u00edsticas t\u00e9cnicas<\/strong>:<\/h3>\n<ul data-start=\"2045\" data-end=\"2208\">\n<li class=\"\" data-start=\"2045\" data-end=\"2089\">\n<p class=\"\" data-start=\"2047\" data-end=\"2089\">Material: goma t\u00e9cnica de alta densidad<\/p>\n<\/li>\n<li class=\"\" data-start=\"2090\" data-end=\"2122\">\n<p class=\"\" data-start=\"2092\" data-end=\"2122\">Formato modular de encaje<\/p>\n<\/li>\n<li class=\"\" data-start=\"2123\" data-end=\"2178\">\n<p class=\"\" data-start=\"2125\" data-end=\"2178\">Grosor y dimensiones personalizables bajo pedido<\/p>\n<\/li>\n<li class=\"\" data-start=\"2179\" data-end=\"2208\">\n<p class=\"\" data-start=\"2181\" data-end=\"2208\">Color: negro o bajo pedido<\/p>\n<\/li>\n<\/ul>\n<hr class=\"\" data-start=\"2210\" data-end=\"2213\">\n<h3 class=\"\" data-start=\"2215\" data-end=\"2279\">\ud83d\udc04 <strong data-start=\"2222\" data-end=\"2279\">\u00bfPor qu\u00e9 elegir las alfombrillas SOFA PZ para tu establo?<\/strong><\/h3>\n<p class=\"\" data-start=\"2280\" data-end=\"2615\">Las alfombrillas SOFA PZ mejoran significativamente las condiciones ambientales en los establos, contribuyendo al <strong data-start=\"2383\" data-end=\"2404\">bienestar animal<\/strong>, a la <strong data-start=\"2411\" data-end=\"2440\">productividad del ganado<\/strong> y a la <strong data-start=\"2448\" data-end=\"2477\">seguridad de los operarios<\/strong>.<br data-start=\"2478\" data-end=\"2481\">Soluci\u00f3n ideal para explotaciones bovinas, ovinas y porcinas, con especial eficacia en zonas con mucha humedad o movimiento.<\/p>\n<p>&nbsp;<\/p>\n","protected":false},"excerpt":{"rendered":"<p><strong data-start=\"147\" data-end=\"194\">Alfombrillas de goma tipo puzzle SOFA PZ para establos<\/strong>: suelo modular antideslizante para cub\u00edculos, salas de orde\u00f1o, boxes de parto y pasillos. Confort, seguridad y bienestar para tus animales. <\/p>\n<p>Descarga las fichas t\u00e9cnicas:<\/p>\n<p><strong data-start=\"147\" data-end=\"194\"><a href=\"https:\/\/fdasrl.it\/wp-content\/uploads\/2025\/05\/Scheda-tecnica-GOMMA-SOFA-IT_compressed.pdf\">Ficha t\u00e9cnica GOMA SOFA IT PUZZLE<\/a><\/strong><\/p>\n<p><strong><a href=\"https:\/\/fdasrl.it\/wp-content\/uploads\/2025\/05\/Tecnical-Data-Sheet-GOMMA-SOFA-EN.pdf\">Technical Data Sheet GOMA SOFA EN PUZZLE<\/a><\/strong><\/p>\n","protected":false},"featured_media":781,"comment_status":"open","ping_status":"closed","template":"","meta":{"_et_pb_use_builder":"","_et_pb_old_content":"","_et_gb_content_width":""},"product_brand":[],"product_cat":[714,715,716,713,403,607,712],"product_tag":[801,802],"class_list":{"0":"post-3213","1":"product","2":"type-product","3":"status-publish","4":"has-post-thumbnail","6":"product_cat-alfombrillas-antideslizantes-para-equinos","7":"product_cat-alfombrillas-de-goma-antideslizantes","8":"product_cat-alfombrillas-de-goma-antideslizantes-para-porcinos","9":"product_cat-bienestar-animal","10":"product_cat-bovinos","11":"product_cat-caballos","12":"product_cat-limpieza-de-pezunas-y-alfombrillas-antideslizantes-para-vacas","13":"product_tag-sofa-pz","14":"product_tag-sofapz","16":"first","17":"instock","18":"shipping-taxable","19":"product-type-simple"},"yoast_head":"<!-- This site is optimized with the Yoast SEO Premium plugin v27.5 (Yoast SEO v27.5) - https:\/\/yoast.com\/product\/yoast-seo-premium-wordpress\/ -->\n<title>Alfombrillas antideslizantes tipo puzzle para establos: seguridad y confort - FDA srl<\/title>\n<meta name=\"description\" content=\"Mejora el confort y la seguridad de los animales con las alfombrillas antideslizantes tipo puzzle para establos. \u00a1Dise\u00f1adas para durar y adaptarse a cualquier superficie!\" \/>\n<meta name=\"robots\" content=\"index, follow, max-snippet:-1, max-image-preview:large, max-video-preview:-1\" \/>\n<link rel=\"canonical\" href=\"https:\/\/fdasrl.it\/es\/prodotto\/alfombrillas-de-goma-antideslizantes-tipo-puzzle-para-establos\/\" \/>\n<meta property=\"og:locale\" content=\"es_ES\" \/>\n<meta property=\"og:type\" content=\"article\" \/>\n<meta property=\"og:title\" content=\"Alfombrillas de goma antideslizantes tipo puzzle para establos\" \/>\n<meta property=\"og:description\" content=\"Mejora el confort y la seguridad de los animales con las alfombrillas antideslizantes tipo puzzle para establos. \u00a1Dise\u00f1adas para durar y adaptarse a cualquier superficie!\" \/>\n<meta property=\"og:url\" content=\"https:\/\/fdasrl.it\/es\/prodotto\/alfombrillas-de-goma-antideslizantes-tipo-puzzle-para-establos\/\" \/>\n<meta property=\"og:site_name\" content=\"FDA srl\" \/>\n<meta property=\"article:publisher\" content=\"https:\/\/www.facebook.com\/share\/1MWhFWg1Tp\/?mibextid=LQQJ4d\" \/>\n<meta property=\"og:image\" content=\"https:\/\/fdasrl.it\/wp-content\/uploads\/2025\/05\/tappetino-gomma-antiscivolo-stalla-incastro.webp\" \/>\n\t<meta property=\"og:image:width\" content=\"640\" \/>\n\t<meta property=\"og:image:height\" content=\"800\" \/>\n\t<meta property=\"og:image:type\" content=\"image\/webp\" \/>\n<meta name=\"twitter:card\" content=\"summary_large_image\" \/>\n<meta name=\"twitter:label1\" content=\"Precio\" \/>\n\t<meta name=\"twitter:data1\" content=\"\" \/>\n\t<meta name=\"twitter:label2\" content=\"Disponibilidad\" \/>\n\t<meta name=\"twitter:data2\" content=\"Disponible\" \/>\n<meta property=\"product:price:currency\" content=\"EUR\" \/>\n<meta property=\"og:availability\" content=\"instock\" \/>\n<meta property=\"product:availability\" content=\"instock\" \/>\n<meta property=\"product:retailer_item_id\" content=\"SOFAPZ\" \/>\n<meta property=\"product:condition\" content=\"new\" \/>\n<!-- \/ Yoast SEO Premium plugin. -->","yoast_head_json":{"title":"Alfombrillas antideslizantes tipo puzzle para establos: seguridad y confort - FDA srl","description":"Mejora el confort y la seguridad de los animales con las alfombrillas antideslizantes tipo puzzle para establos. \u00a1Dise\u00f1adas para durar y adaptarse a cualquier superficie!","robots":{"index":"index","follow":"follow","max-snippet":"max-snippet:-1","max-image-preview":"max-image-preview:large","max-video-preview":"max-video-preview:-1"},"canonical":"https:\/\/fdasrl.it\/es\/prodotto\/alfombrillas-de-goma-antideslizantes-tipo-puzzle-para-establos\/","og_locale":"es_ES","og_type":"article","og_title":"Alfombrillas de goma antideslizantes tipo puzzle para establos","og_description":"Mejora el confort y la seguridad de los animales con las alfombrillas antideslizantes tipo puzzle para establos. \u00a1Dise\u00f1adas para durar y adaptarse a cualquier superficie!","og_url":"https:\/\/fdasrl.it\/es\/prodotto\/alfombrillas-de-goma-antideslizantes-tipo-puzzle-para-establos\/","og_site_name":"FDA srl","article_publisher":"https:\/\/www.facebook.com\/share\/1MWhFWg1Tp\/?mibextid=LQQJ4d","og_image":[{"width":640,"height":800,"url":"https:\/\/fdasrl.it\/wp-content\/uploads\/2025\/05\/tappetino-gomma-antiscivolo-stalla-incastro.webp","type":"image\/webp"}],"twitter_card":"summary_large_image","twitter_misc":{"Precio":"","Disponibilidad":"Disponible"},"schema":{"@context":"https:\/\/schema.org","@graph":[{"@type":"WebPage","@id":"https:\/\/fdasrl.it\/es\/prodotto\/alfombrillas-de-goma-antideslizantes-tipo-puzzle-para-establos\/","url":"https:\/\/fdasrl.it\/es\/prodotto\/alfombrillas-de-goma-antideslizantes-tipo-puzzle-para-establos\/","name":"Alfombrillas antideslizantes tipo puzzle para establos: seguridad y confort - FDA srl","isPartOf":{"@id":"https:\/\/fdasrl.it\/es\/#website"},"primaryImageOfPage":{"@id":"https:\/\/fdasrl.it\/es\/prodotto\/alfombrillas-de-goma-antideslizantes-tipo-puzzle-para-establos\/#primaryimage"},"image":{"@id":"https:\/\/fdasrl.it\/es\/prodotto\/alfombrillas-de-goma-antideslizantes-tipo-puzzle-para-establos\/#primaryimage"},"thumbnailUrl":"https:\/\/fdasrl.it\/wp-content\/uploads\/2025\/05\/tappetino-gomma-antiscivolo-stalla-incastro.webp","datePublished":"2025-05-09T10:37:48+00:00","description":"Mejora el confort y la seguridad de los animales con las alfombrillas antideslizantes tipo puzzle para establos. \u00a1Dise\u00f1adas para durar y adaptarse a cualquier superficie!","breadcrumb":{"@id":"https:\/\/fdasrl.it\/es\/prodotto\/alfombrillas-de-goma-antideslizantes-tipo-puzzle-para-establos\/#breadcrumb"},"inLanguage":"es","potentialAction":[{"@type":"ReadAction","target":["https:\/\/fdasrl.it\/es\/prodotto\/alfombrillas-de-goma-antideslizantes-tipo-puzzle-para-establos\/"]}]},{"@type":"ImageObject","inLanguage":"es","@id":"https:\/\/fdasrl.it\/es\/prodotto\/alfombrillas-de-goma-antideslizantes-tipo-puzzle-para-establos\/#primaryimage","url":"https:\/\/fdasrl.it\/wp-content\/uploads\/2025\/05\/tappetino-gomma-antiscivolo-stalla-incastro.webp","contentUrl":"https:\/\/fdasrl.it\/wp-content\/uploads\/2025\/05\/tappetino-gomma-antiscivolo-stalla-incastro.webp","width":640,"height":800,"caption":"Tappetino in gomma antiscivolo a incastro per stalle, ideale per bovini, cavalli e ambienti zootecnici"},{"@type":"BreadcrumbList","@id":"https:\/\/fdasrl.it\/es\/prodotto\/alfombrillas-de-goma-antideslizantes-tipo-puzzle-para-establos\/#breadcrumb","itemListElement":[{"@type":"ListItem","position":1,"name":"Home","item":"https:\/\/fdasrl.it\/es\/inicio\/"},{"@type":"ListItem","position":2,"name":"Tienda","item":"https:\/\/fdasrl.it\/es\/tienda\/"},{"@type":"ListItem","position":3,"name":"Alfombrillas de goma antideslizantes tipo puzzle para establos"}]},{"@type":"WebSite","@id":"https:\/\/fdasrl.it\/es\/#website","url":"https:\/\/fdasrl.it\/es\/","name":"FDA srl","description":"Equipment for animal husbandry","publisher":{"@id":"https:\/\/fdasrl.it\/es\/#organization"},"potentialAction":[{"@type":"SearchAction","target":{"@type":"EntryPoint","urlTemplate":"https:\/\/fdasrl.it\/es\/?s={search_term_string}"},"query-input":{"@type":"PropertyValueSpecification","valueRequired":true,"valueName":"search_term_string"}}],"inLanguage":"es"},{"@type":"Organization","@id":"https:\/\/fdasrl.it\/es\/#organization","name":"FDA srl","url":"https:\/\/fdasrl.it\/es\/","logo":{"@type":"ImageObject","inLanguage":"es","@id":"https:\/\/fdasrl.it\/es\/#\/schema\/logo\/image\/","url":"https:\/\/fdasrl.it\/wp-content\/uploads\/2024\/12\/Logo-FDA.png","contentUrl":"https:\/\/fdasrl.it\/wp-content\/uploads\/2024\/12\/Logo-FDA.png","width":316,"height":119,"caption":"FDA srl"},"image":{"@id":"https:\/\/fdasrl.it\/es\/#\/schema\/logo\/image\/"},"sameAs":["https:\/\/www.facebook.com\/share\/1MWhFWg1Tp\/?mibextid=LQQJ4d","https:\/\/www.instagram.com\/fda_srl\/profilecard\/?igsh=YW5lbzJ6MWg0d21u","https:\/\/www.youtube.com\/@FDASRL_ANIMALCARE"],"description":"FDA SRL \u2013 Equipment for animal husbandry nasce con l\u2019obiettivo di offrire soluzioni affidabili e innovative per l\u2019allevamento moderno. Con anni di esperienza nel settore zootecnico, progettiamo e realizziamo attrezzature destinate al benessere animale e alla gestione efficiente delle stalle: vasche, abbeveratoi, mangiatoie e sistemi di riscaldamento pensati per durare nel tempo e semplificare il lavoro quotidiano degli allevatori. Dalla progettazione alla produzione, ogni nostro prodotto \u00e8 studiato nei minimi dettagli, testato con cura e costruito per rispondere alle esigenze reali del settore. La nostra forza \u00e8 unire artigianalit\u00e0, tecnologia e competenza tecnica per trasformare ogni progetto in una soluzione concreta e funzionale. Oggi FDA SRL \u00e8 un punto di riferimento per privati e rivenditori che cercano qualit\u00e0, affidabilit\u00e0 e innovazione nelle attrezzature per l\u2019allevamento.","email":"info@fdasrl.it","telephone":"+390522826820","legalName":"F.D.A. SRL","foundingDate":"2024-10-13","vatID":"03075840359","taxID":"03075840359","numberOfEmployees":{"@type":"QuantitativeValue","minValue":"1","maxValue":"10"}}]},"product_price_currency":"EUR","og_availability":"instock","product_availability":"instock","product_retailer_item_id":"SOFAPZ","product_condition":"new"},"_links":{"self":[{"href":"https:\/\/fdasrl.it\/es\/wp-json\/wp\/v2\/product\/3213","targetHints":{"allow":["GET"]}}],"collection":[{"href":"https:\/\/fdasrl.it\/es\/wp-json\/wp\/v2\/product"}],"about":[{"href":"https:\/\/fdasrl.it\/es\/wp-json\/wp\/v2\/types\/product"}],"replies":[{"embeddable":true,"href":"https:\/\/fdasrl.it\/es\/wp-json\/wp\/v2\/comments?post=3213"}],"wp:featuredmedia":[{"embeddable":true,"href":"https:\/\/fdasrl.it\/es\/wp-json\/wp\/v2\/media\/781"}],"wp:attachment":[{"href":"https:\/\/fdasrl.it\/es\/wp-json\/wp\/v2\/media?parent=3213"}],"wp:term":[{"taxonomy":"product_brand","embeddable":true,"href":"https:\/\/fdasrl.it\/es\/wp-json\/wp\/v2\/product_brand?post=3213"},{"taxonomy":"product_cat","embeddable":true,"href":"https:\/\/fdasrl.it\/es\/wp-json\/wp\/v2\/product_cat?post=3213"},{"taxonomy":"product_tag","embeddable":true,"href":"https:\/\/fdasrl.it\/es\/wp-json\/wp\/v2\/product_tag?post=3213"}],"curies":[{"name":"wp","href":"https:\/\/api.w.org\/{rel}","templated":true}]}}