{"id":3291,"date":"2025-01-21T13:24:26","date_gmt":"2025-01-21T12:24:26","guid":{"rendered":"https:\/\/fdasrl.it\/prodotto\/pulsadores-neumaticos-para-ordenadoras\/"},"modified":"2025-01-21T13:24:26","modified_gmt":"2025-01-21T12:24:26","slug":"pulsadores-neumaticos-para-ordenadoras","status":"publish","type":"product","link":"https:\/\/fdasrl.it\/es\/prodotto\/pulsadores-neumaticos-para-ordenadoras\/","title":{"rendered":"PULSADORES NEUM\u00c1TICOS PARA ORDE\u00d1ADORAS"},"content":{"rendered":"<h2 data-start=\"120\" data-end=\"187\">Pulsadores Neum\u00e1ticos para Orde\u00f1adoras \u2013 Para Vacas, Cabras y Ovejas<\/h2>\n<p data-start=\"189\" data-end=\"406\"><strong data-start=\"189\" data-end=\"215\">Los pulsadores neum\u00e1ticos<\/strong> son componentes esenciales en los sistemas de orde\u00f1o. Regulan el flujo de vac\u00edo a las pezoneras, simulando el ritmo de succi\u00f3n del animal y garantizando un orde\u00f1o eficiente y delicado. <\/p>\n<h3 data-start=\"408\" data-end=\"453\">\u00bfPara qu\u00e9 sirve un pulsador para orde\u00f1adora?<\/h3>\n<p data-start=\"455\" data-end=\"695\">El <strong data-start=\"458\" data-end=\"486\">pulsador para orde\u00f1adora<\/strong> controla el vac\u00edo de forma alterna, permitiendo la apertura y el cierre de las pezoneras de orde\u00f1o. Este proceso c\u00edclico es fundamental para la salud del animal y para una producci\u00f3n de leche \u00f3ptima. <\/p>\n<h3 data-start=\"697\" data-end=\"728\">Caracter\u00edsticas principales:<\/h3>\n<ul data-start=\"730\" data-end=\"938\">\n<li data-start=\"730\" data-end=\"847\">\n<p data-start=\"732\" data-end=\"847\">\u2705 <strong data-start=\"734\" data-end=\"759\">Relaci\u00f3n de frecuencia<\/strong>: indica el n\u00famero de pulsaciones por minuto. Regulable mediante un tornillo de precisi\u00f3n. <\/p>\n<\/li>\n<li data-start=\"848\" data-end=\"938\">\n<p data-start=\"850\" data-end=\"938\">\u2705 <strong data-start=\"852\" data-end=\"878\">Relaci\u00f3n de pulsaci\u00f3n<\/strong>: define la duraci\u00f3n del vac\u00edo en cada ciclo de pulsaci\u00f3n.<\/p>\n<\/li>\n<\/ul>\n<hr data-start=\"940\" data-end=\"943\">\n<h3 data-start=\"945\" data-end=\"968\">Modelos disponibles<\/h3>\n<h4 data-start=\"970\" data-end=\"1009\">\ud83d\udd39 Pulsador Neum\u00e1tico para Vacas<\/h4>\n<ul data-start=\"1010\" data-end=\"1137\">\n<li data-start=\"1010\" data-end=\"1033\">\n<p data-start=\"1012\" data-end=\"1033\"><strong data-start=\"1012\" data-end=\"1024\">Relaci\u00f3n<\/strong>: 60\/40<\/p>\n<\/li>\n<li data-start=\"1034\" data-end=\"1073\">\n<p data-start=\"1036\" data-end=\"1073\"><strong data-start=\"1036\" data-end=\"1049\">Frecuencia<\/strong>: 60 pulsaciones\/minuto<\/p>\n<\/li>\n<li data-start=\"1074\" data-end=\"1137\">\n<p data-start=\"1076\" data-end=\"1137\">Ideal para orde\u00f1o bovino, garantiza eficiencia y confort.<\/p>\n<\/li>\n<\/ul>\n<h4 data-start=\"1139\" data-end=\"1177\">\ud83d\udd39 Pulsador Neum\u00e1tico para Cabras<\/h4>\n<ul data-start=\"1178\" data-end=\"1301\">\n<li data-start=\"1178\" data-end=\"1201\">\n<p data-start=\"1180\" data-end=\"1201\"><strong data-start=\"1180\" data-end=\"1192\">Relaci\u00f3n<\/strong>: 60\/40<\/p>\n<\/li>\n<li data-start=\"1202\" data-end=\"1241\">\n<p data-start=\"1204\" data-end=\"1241\"><strong data-start=\"1204\" data-end=\"1217\">Frecuencia<\/strong>: 90 pulsaciones\/minuto<\/p>\n<\/li>\n<li data-start=\"1242\" data-end=\"1301\">\n<p data-start=\"1244\" data-end=\"1301\">Optimizado para el sistema delicado de las cabras lecheras.<\/p>\n<\/li>\n<\/ul>\n<h4 data-start=\"1303\" data-end=\"1342\">\ud83d\udd39 Pulsador Neum\u00e1tico para Ovejas<\/h4>\n<ul data-start=\"1343\" data-end=\"1459\">\n<li data-start=\"1343\" data-end=\"1366\">\n<p data-start=\"1345\" data-end=\"1366\"><strong data-start=\"1345\" data-end=\"1357\">Relaci\u00f3n<\/strong>: 50\/50<\/p>\n<\/li>\n<li data-start=\"1367\" data-end=\"1407\">\n<p data-start=\"1369\" data-end=\"1407\"><strong data-start=\"1369\" data-end=\"1382\">Frecuencia<\/strong>: 120 pulsaciones\/minuto<\/p>\n<\/li>\n<li data-start=\"1408\" data-end=\"1459\">\n<p data-start=\"1410\" data-end=\"1459\">Dise\u00f1ado para orde\u00f1o ovino de alta frecuencia.<\/p>\n<\/li>\n<\/ul>\n<hr data-start=\"1461\" data-end=\"1464\">\n<h3 data-start=\"1466\" data-end=\"1506\">\u00bfPor qu\u00e9 elegir nuestros pulsadores?<\/h3>\n<ul data-start=\"1508\" data-end=\"1663\">\n<li data-start=\"1508\" data-end=\"1558\">\n<p data-start=\"1510\" data-end=\"1558\">\u2705 Compatibles con sistemas de orde\u00f1o est\u00e1ndar<\/p>\n<\/li>\n<li data-start=\"1559\" data-end=\"1591\">\n<p data-start=\"1561\" data-end=\"1591\">\u2705 Regulaci\u00f3n f\u00e1cil y precisa<\/p>\n<\/li>\n<li data-start=\"1592\" data-end=\"1632\">\n<p data-start=\"1594\" data-end=\"1632\">\u2705 Alta fiabilidad y durabilidad<\/p>\n<\/li>\n<li data-start=\"1633\" data-end=\"1663\">\n<p data-start=\"1635\" data-end=\"1663\">\u2705 Soporte t\u00e9cnico garantizado<\/p>\n<\/li>\n<\/ul>\n<p>C\u00f3mpralo en nuestra <a href=\"https:\/\/fda-shop.it\/shop\/mungitura\/pulsatore-pneumatico#\/148-tipo-mucca\" target=\"_blank\" rel=\"noopener\">tienda online<\/a><\/p>\n","protected":false},"excerpt":{"rendered":"<p>Pulsadores neum\u00e1ticos para orde\u00f1adoras de vacas, cabras y ovejas. Alta calidad, regulables y fiables. <\/p>\n","protected":false},"featured_media":482,"comment_status":"open","ping_status":"closed","template":"","meta":{"_et_pb_use_builder":"","_et_pb_old_content":"","_et_gb_content_width":""},"product_brand":[],"product_cat":[498],"product_tag":[821],"class_list":{"0":"post-3291","1":"product","2":"type-product","3":"status-publish","4":"has-post-thumbnail","6":"product_cat-accesorios-para-ordenadoras","7":"product_tag-facm10200","9":"first","10":"instock","11":"shipping-taxable","12":"product-type-simple"},"yoast_head":"<!-- This site is optimized with the Yoast SEO Premium plugin v27.5 (Yoast SEO v27.5) - https:\/\/yoast.com\/product\/yoast-seo-premium-wordpress\/ -->\n<title>Pulsador para Orde\u00f1adora con Regulaci\u00f3n de Frecuencia - FDA srl<\/title>\n<meta name=\"description\" content=\"El pulsador para orde\u00f1adora regula el flujo de vac\u00edo para un orde\u00f1o delicado y \u00f3ptimo. \u00a1Compra ahora y aumenta tu producci\u00f3n! \u2705\" \/>\n<meta name=\"robots\" content=\"index, follow, max-snippet:-1, max-image-preview:large, max-video-preview:-1\" \/>\n<link rel=\"canonical\" href=\"https:\/\/fdasrl.it\/es\/prodotto\/pulsadores-neumaticos-para-ordenadoras\/\" \/>\n<meta property=\"og:locale\" content=\"es_ES\" \/>\n<meta property=\"og:type\" content=\"article\" \/>\n<meta property=\"og:title\" content=\"PULSADORES NEUM\u00c1TICOS PARA ORDE\u00d1ADORAS\" \/>\n<meta property=\"og:description\" content=\"El pulsador para orde\u00f1adora regula el flujo de vac\u00edo para un orde\u00f1o delicado y \u00f3ptimo. \u00a1Compra ahora y aumenta tu producci\u00f3n! \u2705\" \/>\n<meta property=\"og:url\" content=\"https:\/\/fdasrl.it\/es\/prodotto\/pulsadores-neumaticos-para-ordenadoras\/\" \/>\n<meta property=\"og:site_name\" content=\"FDA srl\" \/>\n<meta property=\"article:publisher\" content=\"https:\/\/www.facebook.com\/share\/1MWhFWg1Tp\/?mibextid=LQQJ4d\" \/>\n<meta property=\"og:image\" content=\"https:\/\/fdasrl.it\/wp-content\/uploads\/2025\/01\/FACM10000_2.jpg\" \/>\n\t<meta property=\"og:image:width\" content=\"300\" \/>\n\t<meta property=\"og:image:height\" content=\"276\" \/>\n\t<meta property=\"og:image:type\" content=\"image\/jpeg\" \/>\n<meta name=\"twitter:card\" content=\"summary_large_image\" \/>\n<meta name=\"twitter:label1\" content=\"Precio\" \/>\n\t<meta name=\"twitter:data1\" content=\"\" \/>\n\t<meta name=\"twitter:label2\" content=\"Disponibilidad\" \/>\n\t<meta name=\"twitter:data2\" content=\"Disponible\" \/>\n<meta property=\"product:price:currency\" content=\"EUR\" \/>\n<meta property=\"og:availability\" content=\"instock\" \/>\n<meta property=\"product:availability\" content=\"instock\" \/>\n<meta property=\"product:retailer_item_id\" content=\"FACM10000\" \/>\n<meta property=\"product:condition\" content=\"new\" \/>\n<!-- \/ Yoast SEO Premium plugin. -->","yoast_head_json":{"title":"Pulsador para Orde\u00f1adora con Regulaci\u00f3n de Frecuencia - FDA srl","description":"El pulsador para orde\u00f1adora regula el flujo de vac\u00edo para un orde\u00f1o delicado y \u00f3ptimo. \u00a1Compra ahora y aumenta tu producci\u00f3n! \u2705","robots":{"index":"index","follow":"follow","max-snippet":"max-snippet:-1","max-image-preview":"max-image-preview:large","max-video-preview":"max-video-preview:-1"},"canonical":"https:\/\/fdasrl.it\/es\/prodotto\/pulsadores-neumaticos-para-ordenadoras\/","og_locale":"es_ES","og_type":"article","og_title":"PULSADORES NEUM\u00c1TICOS PARA ORDE\u00d1ADORAS","og_description":"El pulsador para orde\u00f1adora regula el flujo de vac\u00edo para un orde\u00f1o delicado y \u00f3ptimo. \u00a1Compra ahora y aumenta tu producci\u00f3n! \u2705","og_url":"https:\/\/fdasrl.it\/es\/prodotto\/pulsadores-neumaticos-para-ordenadoras\/","og_site_name":"FDA srl","article_publisher":"https:\/\/www.facebook.com\/share\/1MWhFWg1Tp\/?mibextid=LQQJ4d","og_image":[{"width":300,"height":276,"url":"https:\/\/fdasrl.it\/wp-content\/uploads\/2025\/01\/FACM10000_2.jpg","type":"image\/jpeg"}],"twitter_card":"summary_large_image","twitter_misc":{"Precio":"","Disponibilidad":"Disponible"},"schema":{"@context":"https:\/\/schema.org","@graph":[{"@type":"WebPage","@id":"https:\/\/fdasrl.it\/es\/prodotto\/pulsadores-neumaticos-para-ordenadoras\/","url":"https:\/\/fdasrl.it\/es\/prodotto\/pulsadores-neumaticos-para-ordenadoras\/","name":"Pulsador para Orde\u00f1adora con Regulaci\u00f3n de Frecuencia - FDA srl","isPartOf":{"@id":"https:\/\/fdasrl.it\/es\/#website"},"primaryImageOfPage":{"@id":"https:\/\/fdasrl.it\/es\/prodotto\/pulsadores-neumaticos-para-ordenadoras\/#primaryimage"},"image":{"@id":"https:\/\/fdasrl.it\/es\/prodotto\/pulsadores-neumaticos-para-ordenadoras\/#primaryimage"},"thumbnailUrl":"https:\/\/fdasrl.it\/wp-content\/uploads\/2025\/01\/FACM10000_2.jpg","datePublished":"2025-01-21T12:24:26+00:00","description":"El pulsador para orde\u00f1adora regula el flujo de vac\u00edo para un orde\u00f1o delicado y \u00f3ptimo. \u00a1Compra ahora y aumenta tu producci\u00f3n! \u2705","breadcrumb":{"@id":"https:\/\/fdasrl.it\/es\/prodotto\/pulsadores-neumaticos-para-ordenadoras\/#breadcrumb"},"inLanguage":"es","potentialAction":[{"@type":"ReadAction","target":["https:\/\/fdasrl.it\/es\/prodotto\/pulsadores-neumaticos-para-ordenadoras\/"]}]},{"@type":"ImageObject","inLanguage":"es","@id":"https:\/\/fdasrl.it\/es\/prodotto\/pulsadores-neumaticos-para-ordenadoras\/#primaryimage","url":"https:\/\/fdasrl.it\/wp-content\/uploads\/2025\/01\/FACM10000_2.jpg","contentUrl":"https:\/\/fdasrl.it\/wp-content\/uploads\/2025\/01\/FACM10000_2.jpg","width":300,"height":276},{"@type":"BreadcrumbList","@id":"https:\/\/fdasrl.it\/es\/prodotto\/pulsadores-neumaticos-para-ordenadoras\/#breadcrumb","itemListElement":[{"@type":"ListItem","position":1,"name":"Home","item":"https:\/\/fdasrl.it\/es\/inicio\/"},{"@type":"ListItem","position":2,"name":"Tienda","item":"https:\/\/fdasrl.it\/es\/tienda\/"},{"@type":"ListItem","position":3,"name":"PULSADORES NEUM\u00c1TICOS PARA ORDE\u00d1ADORAS"}]},{"@type":"WebSite","@id":"https:\/\/fdasrl.it\/es\/#website","url":"https:\/\/fdasrl.it\/es\/","name":"FDA srl","description":"Equipment for animal husbandry","publisher":{"@id":"https:\/\/fdasrl.it\/es\/#organization"},"potentialAction":[{"@type":"SearchAction","target":{"@type":"EntryPoint","urlTemplate":"https:\/\/fdasrl.it\/es\/?s={search_term_string}"},"query-input":{"@type":"PropertyValueSpecification","valueRequired":true,"valueName":"search_term_string"}}],"inLanguage":"es"},{"@type":"Organization","@id":"https:\/\/fdasrl.it\/es\/#organization","name":"FDA srl","url":"https:\/\/fdasrl.it\/es\/","logo":{"@type":"ImageObject","inLanguage":"es","@id":"https:\/\/fdasrl.it\/es\/#\/schema\/logo\/image\/","url":"https:\/\/fdasrl.it\/wp-content\/uploads\/2024\/12\/Logo-FDA.png","contentUrl":"https:\/\/fdasrl.it\/wp-content\/uploads\/2024\/12\/Logo-FDA.png","width":316,"height":119,"caption":"FDA srl"},"image":{"@id":"https:\/\/fdasrl.it\/es\/#\/schema\/logo\/image\/"},"sameAs":["https:\/\/www.facebook.com\/share\/1MWhFWg1Tp\/?mibextid=LQQJ4d","https:\/\/www.instagram.com\/fda_srl\/profilecard\/?igsh=YW5lbzJ6MWg0d21u","https:\/\/www.youtube.com\/@FDASRL_ANIMALCARE"],"description":"FDA SRL \u2013 Equipment for animal husbandry nasce con l\u2019obiettivo di offrire soluzioni affidabili e innovative per l\u2019allevamento moderno. Con anni di esperienza nel settore zootecnico, progettiamo e realizziamo attrezzature destinate al benessere animale e alla gestione efficiente delle stalle: vasche, abbeveratoi, mangiatoie e sistemi di riscaldamento pensati per durare nel tempo e semplificare il lavoro quotidiano degli allevatori. Dalla progettazione alla produzione, ogni nostro prodotto \u00e8 studiato nei minimi dettagli, testato con cura e costruito per rispondere alle esigenze reali del settore. La nostra forza \u00e8 unire artigianalit\u00e0, tecnologia e competenza tecnica per trasformare ogni progetto in una soluzione concreta e funzionale. Oggi FDA SRL \u00e8 un punto di riferimento per privati e rivenditori che cercano qualit\u00e0, affidabilit\u00e0 e innovazione nelle attrezzature per l\u2019allevamento.","email":"info@fdasrl.it","telephone":"+390522826820","legalName":"F.D.A. SRL","foundingDate":"2024-10-13","vatID":"03075840359","taxID":"03075840359","numberOfEmployees":{"@type":"QuantitativeValue","minValue":"1","maxValue":"10"}}]},"product_price_currency":"EUR","og_availability":"instock","product_availability":"instock","product_retailer_item_id":"FACM10000","product_condition":"new"},"_links":{"self":[{"href":"https:\/\/fdasrl.it\/es\/wp-json\/wp\/v2\/product\/3291","targetHints":{"allow":["GET"]}}],"collection":[{"href":"https:\/\/fdasrl.it\/es\/wp-json\/wp\/v2\/product"}],"about":[{"href":"https:\/\/fdasrl.it\/es\/wp-json\/wp\/v2\/types\/product"}],"replies":[{"embeddable":true,"href":"https:\/\/fdasrl.it\/es\/wp-json\/wp\/v2\/comments?post=3291"}],"wp:featuredmedia":[{"embeddable":true,"href":"https:\/\/fdasrl.it\/es\/wp-json\/wp\/v2\/media\/482"}],"wp:attachment":[{"href":"https:\/\/fdasrl.it\/es\/wp-json\/wp\/v2\/media?parent=3291"}],"wp:term":[{"taxonomy":"product_brand","embeddable":true,"href":"https:\/\/fdasrl.it\/es\/wp-json\/wp\/v2\/product_brand?post=3291"},{"taxonomy":"product_cat","embeddable":true,"href":"https:\/\/fdasrl.it\/es\/wp-json\/wp\/v2\/product_cat?post=3291"},{"taxonomy":"product_tag","embeddable":true,"href":"https:\/\/fdasrl.it\/es\/wp-json\/wp\/v2\/product_tag?post=3291"}],"curies":[{"name":"wp","href":"https:\/\/api.w.org\/{rel}","templated":true}]}}