{"id":3425,"date":"2025-07-25T16:56:01","date_gmt":"2025-07-25T14:56:01","guid":{"rendered":"https:\/\/fdasrl.it\/prodotto\/soporte-de-suelo-universal-far-23-para-bebederos\/"},"modified":"2025-07-25T16:56:01","modified_gmt":"2025-07-25T14:56:01","slug":"soporte-de-suelo-universal-far-23-para-bebederos","status":"publish","type":"product","link":"https:\/\/fdasrl.it\/es\/prodotto\/soporte-de-suelo-universal-far-23-para-bebederos\/","title":{"rendered":"Soporte de suelo universal FAR 23 para bebederos"},"content":{"rendered":"<h3 data-start=\"155\" data-end=\"274\">\u2705 Soporte de suelo FAR 23 para bebederos \u2013 acero galvanizado de 3 mm de esp. con corte l\u00e1ser por nitr\u00f3geno<\/h3>\n<p data-start=\"490\" data-end=\"800\">El <strong data-start=\"493\" data-end=\"510\">soporte FAR 23<\/strong> de <strong data-start=\"514\" data-end=\"525\">FDA SRL<\/strong> es un soporte de suelo profesional dise\u00f1ado para la <strong data-start=\"580\" data-end=\"629\">instalaci\u00f3n estable y segura de bebederos<\/strong> en entornos agr\u00edcolas, ganaderos, residenciales y para mascotas en jardines. Es la soluci\u00f3n ideal para ofrecer un punto de hidrataci\u00f3n incluso sin paredes o estructuras verticales. <\/p>\n<p data-start=\"802\" data-end=\"1105\">Fabricado en <strong data-start=\"816\" data-end=\"855\">acero galvanizado de 3 mm de espesor<\/strong>, garantiza una alta robustez estructural y una larga durabilidad en exteriores. El corte se realiza con tecnolog\u00eda <strong data-start=\"967\" data-end=\"985\">l\u00e1ser por nitr\u00f3geno<\/strong>, que elimina el riesgo de \u00f3xido en los bordes cortados, preservando la integridad del material incluso en condiciones de humedad. <\/p>\n<p data-start=\"1107\" data-end=\"1186\">El soporte es compatible con los principales modelos de bebederos autom\u00e1ticos de FDA:<\/p>\n<ul data-start=\"1188\" data-end=\"1268\">\n<li data-start=\"1188\" data-end=\"1219\">\n<p data-start=\"1190\" data-end=\"1219\">\u2705 <strong data-start=\"1192\" data-end=\"1204\">FAAGINOX<\/strong> \u2013 acero inoxidable<\/p>\n<\/li>\n<li data-start=\"1220\" data-end=\"1268\">\n<p data-start=\"1222\" data-end=\"1268\">\u2705 <strong data-start=\"1224\" data-end=\"1241\">FAAG POLIPROP<\/strong> \u2013 polipropileno 3 modelos<\/p>\n<\/li>\n<\/ul>\n<p data-start=\"1270\" data-end=\"1416\">La instalaci\u00f3n es sencill\u00edsima: solo tienes que <strong data-start=\"1309\" data-end=\"1347\">clavarlo directamente en el suelo<\/strong> y <strong data-start=\"1350\" data-end=\"1398\">fijar el bebedero con los tornillos incluidos<\/strong> en el paquete.<\/p>\n<hr data-start=\"1418\" data-end=\"1421\">\n<h3 data-start=\"1423\" data-end=\"1459\">\u2699\ufe0f <strong data-start=\"1430\" data-end=\"1459\">Caracter\u00edsticas t\u00e9cnicas:<\/strong><\/h3>\n<ul data-start=\"1461\" data-end=\"1905\">\n<li data-start=\"1461\" data-end=\"1491\">\n<p data-start=\"1463\" data-end=\"1491\"><strong data-start=\"1463\" data-end=\"1474\">Modelo<\/strong>: Soporte FAR 23<\/p>\n<\/li>\n<li data-start=\"1492\" data-end=\"1540\">\n<p data-start=\"1494\" data-end=\"1540\"><strong data-start=\"1494\" data-end=\"1507\">Material<\/strong>: acero galvanizado de 3 mm de espesor<\/p>\n<\/li>\n<li data-start=\"1541\" data-end=\"1597\">\n<p data-start=\"1543\" data-end=\"1597\"><strong data-start=\"1543\" data-end=\"1553\">Corte<\/strong>: l\u00e1ser por nitr\u00f3geno (antioxidante en los bordes)<\/p>\n<\/li>\n<li data-start=\"1598\" data-end=\"1664\">\n<p data-start=\"1600\" data-end=\"1664\"><strong data-start=\"1600\" data-end=\"1613\">Fijaci\u00f3n<\/strong>: de suelo \u2013 para clavar directamente en el terreno<\/p>\n<\/li>\n<li data-start=\"1665\" data-end=\"1719\">\n<p data-start=\"1667\" data-end=\"1719\"><strong data-start=\"1667\" data-end=\"1681\">Torniller\u00eda<\/strong>: incluida para la fijaci\u00f3n del bebedero<\/p>\n<\/li>\n<li data-start=\"1720\" data-end=\"1796\">\n<p data-start=\"1722\" data-end=\"1796\"><strong data-start=\"1722\" data-end=\"1739\">Compatibilidad<\/strong>: FAAGINOX, FAAG POLIPROP y otros bebederos est\u00e1ndar<\/p>\n<\/li>\n<li data-start=\"1797\" data-end=\"1862\">\n<p data-start=\"1799\" data-end=\"1862\"><strong data-start=\"1799\" data-end=\"1811\">Uso<\/strong>: paddocks, cercados, establos, granjas, jardines<\/p>\n<\/li>\n<li data-start=\"1863\" data-end=\"1905\">\n<p data-start=\"1865\" data-end=\"1905\"><strong data-start=\"1865\" data-end=\"1880\">Fabricado por<\/strong>: FDA SRL \u2013 Made in Italy<\/p>\n<\/li>\n<\/ul>\n<p>&nbsp;<\/p>\n<p>Cont\u00e1ctanos para un presupuesto exclusivo para distribuidores: info@fdasrl.it<\/p>\n<p>C\u00f3mpralo en nuestra tienda online<\/p>\n","protected":false},"excerpt":{"rendered":"<p>Soporte de suelo FAR 23 en acero galvanizado de 3 mm, cortado por nitr\u00f3geno. Para bebederos FAAGINOX y POLIPROP. Robusto, antioxidante, con tornillos incluidos.  <\/p>\n<p>Descarga la ficha del KIT INOX: <a href=\"https:\/\/fdasrl.it\/wp-content\/uploads\/2025\/07\/FAR23-instructions-with-FAAGINOX-final-version_compressed.pdf\">FAR23 instructions with FAAGINOX final version_compressed<\/a><\/p>\n<p>Descarga la ficha del KIT INOX: <a href=\"https:\/\/fdasrl.it\/wp-content\/uploads\/2025\/07\/FAR23-instructions-with-FAAGPOLIPROP-final-version_compressed.pdf\">FAR23 instructions with FAAGPOLIPROP final version_compressed<\/a><\/p>\n","protected":false},"featured_media":898,"comment_status":"open","ping_status":"closed","template":"","meta":{"_et_pb_use_builder":"","_et_pb_old_content":"","_et_gb_content_width":""},"product_brand":[],"product_cat":[650,516,552,403,607,420],"product_tag":[856,855],"class_list":{"0":"post-3425","1":"product","2":"type-product","3":"status-publish","4":"has-post-thumbnail","6":"product_cat-aves","7":"product_cat-bebederos","8":"product_cat-bebederos-2","9":"product_cat-bovinos","10":"product_cat-caballos","11":"product_cat-ovinos-y-caprinos","12":"product_tag-far-23","13":"product_tag-far23","15":"first","16":"instock","17":"shipping-taxable","18":"product-type-simple"},"yoast_head":"<!-- This site is optimized with the Yoast SEO Premium plugin v27.5 (Yoast SEO v27.5) - https:\/\/yoast.com\/product\/yoast-seo-premium-wordpress\/ -->\n<title>Soporte de suelo galvanizado para bebederos: robusto y duradero<\/title>\n<meta name=\"description\" content=\"Instalaci\u00f3n r\u00e1pida y dise\u00f1o resistente: \u00a1el soporte de suelo galvanizado universal para bebederos de acero galvanizado es lo que necesitas! \u00a1Aprov\u00e9chalo ahora!\" \/>\n<meta name=\"robots\" content=\"index, follow, max-snippet:-1, max-image-preview:large, max-video-preview:-1\" \/>\n<link rel=\"canonical\" href=\"https:\/\/fdasrl.it\/es\/prodotto\/soporte-de-suelo-universal-far-23-para-bebederos\/\" \/>\n<meta property=\"og:locale\" content=\"es_ES\" \/>\n<meta property=\"og:type\" content=\"article\" \/>\n<meta property=\"og:title\" content=\"Soporte de suelo universal FAR 23 para bebederos\" \/>\n<meta property=\"og:description\" content=\"Instalaci\u00f3n r\u00e1pida y dise\u00f1o resistente: \u00a1el soporte de suelo galvanizado universal para bebederos de acero galvanizado es lo que necesitas! \u00a1Aprov\u00e9chalo ahora!\" \/>\n<meta property=\"og:url\" content=\"https:\/\/fdasrl.it\/es\/prodotto\/soporte-de-suelo-universal-far-23-para-bebederos\/\" \/>\n<meta property=\"og:site_name\" content=\"FDA srl\" \/>\n<meta property=\"article:publisher\" content=\"https:\/\/www.facebook.com\/share\/1MWhFWg1Tp\/?mibextid=LQQJ4d\" \/>\n<meta property=\"og:image\" content=\"https:\/\/fdasrl.it\/wp-content\/uploads\/2025\/07\/staffa-terra-abbeveratoi-far23-1.webp\" \/>\n\t<meta property=\"og:image:width\" content=\"1000\" \/>\n\t<meta property=\"og:image:height\" content=\"2000\" \/>\n\t<meta property=\"og:image:type\" content=\"image\/webp\" \/>\n<meta name=\"twitter:card\" content=\"summary_large_image\" \/>\n<meta name=\"twitter:label1\" content=\"Precio\" \/>\n\t<meta name=\"twitter:data1\" content=\"\" \/>\n\t<meta name=\"twitter:label2\" content=\"Disponibilidad\" \/>\n\t<meta name=\"twitter:data2\" content=\"Disponible\" \/>\n<meta property=\"product:price:currency\" content=\"EUR\" \/>\n<meta property=\"og:availability\" content=\"instock\" \/>\n<meta property=\"product:availability\" content=\"instock\" \/>\n<meta property=\"product:retailer_item_id\" content=\"FAR23\" \/>\n<meta property=\"product:condition\" content=\"new\" \/>\n<!-- \/ Yoast SEO Premium plugin. -->","yoast_head_json":{"title":"Soporte de suelo galvanizado para bebederos: robusto y duradero","description":"Instalaci\u00f3n r\u00e1pida y dise\u00f1o resistente: \u00a1el soporte de suelo galvanizado universal para bebederos de acero galvanizado es lo que necesitas! \u00a1Aprov\u00e9chalo ahora!","robots":{"index":"index","follow":"follow","max-snippet":"max-snippet:-1","max-image-preview":"max-image-preview:large","max-video-preview":"max-video-preview:-1"},"canonical":"https:\/\/fdasrl.it\/es\/prodotto\/soporte-de-suelo-universal-far-23-para-bebederos\/","og_locale":"es_ES","og_type":"article","og_title":"Soporte de suelo universal FAR 23 para bebederos","og_description":"Instalaci\u00f3n r\u00e1pida y dise\u00f1o resistente: \u00a1el soporte de suelo galvanizado universal para bebederos de acero galvanizado es lo que necesitas! \u00a1Aprov\u00e9chalo ahora!","og_url":"https:\/\/fdasrl.it\/es\/prodotto\/soporte-de-suelo-universal-far-23-para-bebederos\/","og_site_name":"FDA srl","article_publisher":"https:\/\/www.facebook.com\/share\/1MWhFWg1Tp\/?mibextid=LQQJ4d","og_image":[{"width":1000,"height":2000,"url":"https:\/\/fdasrl.it\/wp-content\/uploads\/2025\/07\/staffa-terra-abbeveratoi-far23-1.webp","type":"image\/webp"}],"twitter_card":"summary_large_image","twitter_misc":{"Precio":"","Disponibilidad":"Disponible"},"schema":{"@context":"https:\/\/schema.org","@graph":[{"@type":"WebPage","@id":"https:\/\/fdasrl.it\/es\/prodotto\/soporte-de-suelo-universal-far-23-para-bebederos\/","url":"https:\/\/fdasrl.it\/es\/prodotto\/soporte-de-suelo-universal-far-23-para-bebederos\/","name":"Soporte de suelo galvanizado para bebederos: robusto y duradero","isPartOf":{"@id":"https:\/\/fdasrl.it\/es\/#website"},"primaryImageOfPage":{"@id":"https:\/\/fdasrl.it\/es\/prodotto\/soporte-de-suelo-universal-far-23-para-bebederos\/#primaryimage"},"image":{"@id":"https:\/\/fdasrl.it\/es\/prodotto\/soporte-de-suelo-universal-far-23-para-bebederos\/#primaryimage"},"thumbnailUrl":"https:\/\/fdasrl.it\/wp-content\/uploads\/2025\/07\/staffa-terra-abbeveratoi-far23-1.webp","datePublished":"2025-07-25T14:56:01+00:00","description":"Instalaci\u00f3n r\u00e1pida y dise\u00f1o resistente: \u00a1el soporte de suelo galvanizado universal para bebederos de acero galvanizado es lo que necesitas! \u00a1Aprov\u00e9chalo ahora!","breadcrumb":{"@id":"https:\/\/fdasrl.it\/es\/prodotto\/soporte-de-suelo-universal-far-23-para-bebederos\/#breadcrumb"},"inLanguage":"es","potentialAction":[{"@type":"ReadAction","target":["https:\/\/fdasrl.it\/es\/prodotto\/soporte-de-suelo-universal-far-23-para-bebederos\/"]}]},{"@type":"ImageObject","inLanguage":"es","@id":"https:\/\/fdasrl.it\/es\/prodotto\/soporte-de-suelo-universal-far-23-para-bebederos\/#primaryimage","url":"https:\/\/fdasrl.it\/wp-content\/uploads\/2025\/07\/staffa-terra-abbeveratoi-far23-1.webp","contentUrl":"https:\/\/fdasrl.it\/wp-content\/uploads\/2025\/07\/staffa-terra-abbeveratoi-far23-1.webp","width":1000,"height":2000,"caption":"Staffa da terra in acciaio zincato FAR 23 per abbeveratoi"},{"@type":"BreadcrumbList","@id":"https:\/\/fdasrl.it\/es\/prodotto\/soporte-de-suelo-universal-far-23-para-bebederos\/#breadcrumb","itemListElement":[{"@type":"ListItem","position":1,"name":"Home","item":"https:\/\/fdasrl.it\/es\/inicio\/"},{"@type":"ListItem","position":2,"name":"Tienda","item":"https:\/\/fdasrl.it\/es\/tienda\/"},{"@type":"ListItem","position":3,"name":"Soporte de suelo universal FAR 23 para bebederos"}]},{"@type":"WebSite","@id":"https:\/\/fdasrl.it\/es\/#website","url":"https:\/\/fdasrl.it\/es\/","name":"FDA srl","description":"Equipment for animal husbandry","publisher":{"@id":"https:\/\/fdasrl.it\/es\/#organization"},"potentialAction":[{"@type":"SearchAction","target":{"@type":"EntryPoint","urlTemplate":"https:\/\/fdasrl.it\/es\/?s={search_term_string}"},"query-input":{"@type":"PropertyValueSpecification","valueRequired":true,"valueName":"search_term_string"}}],"inLanguage":"es"},{"@type":"Organization","@id":"https:\/\/fdasrl.it\/es\/#organization","name":"FDA srl","url":"https:\/\/fdasrl.it\/es\/","logo":{"@type":"ImageObject","inLanguage":"es","@id":"https:\/\/fdasrl.it\/es\/#\/schema\/logo\/image\/","url":"https:\/\/fdasrl.it\/wp-content\/uploads\/2024\/12\/Logo-FDA.png","contentUrl":"https:\/\/fdasrl.it\/wp-content\/uploads\/2024\/12\/Logo-FDA.png","width":316,"height":119,"caption":"FDA srl"},"image":{"@id":"https:\/\/fdasrl.it\/es\/#\/schema\/logo\/image\/"},"sameAs":["https:\/\/www.facebook.com\/share\/1MWhFWg1Tp\/?mibextid=LQQJ4d","https:\/\/www.instagram.com\/fda_srl\/profilecard\/?igsh=YW5lbzJ6MWg0d21u","https:\/\/www.youtube.com\/@FDASRL_ANIMALCARE"],"description":"FDA SRL \u2013 Equipment for animal husbandry nasce con l\u2019obiettivo di offrire soluzioni affidabili e innovative per l\u2019allevamento moderno. Con anni di esperienza nel settore zootecnico, progettiamo e realizziamo attrezzature destinate al benessere animale e alla gestione efficiente delle stalle: vasche, abbeveratoi, mangiatoie e sistemi di riscaldamento pensati per durare nel tempo e semplificare il lavoro quotidiano degli allevatori. Dalla progettazione alla produzione, ogni nostro prodotto \u00e8 studiato nei minimi dettagli, testato con cura e costruito per rispondere alle esigenze reali del settore. La nostra forza \u00e8 unire artigianalit\u00e0, tecnologia e competenza tecnica per trasformare ogni progetto in una soluzione concreta e funzionale. Oggi FDA SRL \u00e8 un punto di riferimento per privati e rivenditori che cercano qualit\u00e0, affidabilit\u00e0 e innovazione nelle attrezzature per l\u2019allevamento.","email":"info@fdasrl.it","telephone":"+390522826820","legalName":"F.D.A. SRL","foundingDate":"2024-10-13","vatID":"03075840359","taxID":"03075840359","numberOfEmployees":{"@type":"QuantitativeValue","minValue":"1","maxValue":"10"}}]},"product_price_currency":"EUR","og_availability":"instock","product_availability":"instock","product_retailer_item_id":"FAR23","product_condition":"new"},"_links":{"self":[{"href":"https:\/\/fdasrl.it\/es\/wp-json\/wp\/v2\/product\/3425","targetHints":{"allow":["GET"]}}],"collection":[{"href":"https:\/\/fdasrl.it\/es\/wp-json\/wp\/v2\/product"}],"about":[{"href":"https:\/\/fdasrl.it\/es\/wp-json\/wp\/v2\/types\/product"}],"replies":[{"embeddable":true,"href":"https:\/\/fdasrl.it\/es\/wp-json\/wp\/v2\/comments?post=3425"}],"wp:featuredmedia":[{"embeddable":true,"href":"https:\/\/fdasrl.it\/es\/wp-json\/wp\/v2\/media\/898"}],"wp:attachment":[{"href":"https:\/\/fdasrl.it\/es\/wp-json\/wp\/v2\/media?parent=3425"}],"wp:term":[{"taxonomy":"product_brand","embeddable":true,"href":"https:\/\/fdasrl.it\/es\/wp-json\/wp\/v2\/product_brand?post=3425"},{"taxonomy":"product_cat","embeddable":true,"href":"https:\/\/fdasrl.it\/es\/wp-json\/wp\/v2\/product_cat?post=3425"},{"taxonomy":"product_tag","embeddable":true,"href":"https:\/\/fdasrl.it\/es\/wp-json\/wp\/v2\/product_tag?post=3425"}],"curies":[{"name":"wp","href":"https:\/\/api.w.org\/{rel}","templated":true}]}}