{"id":3459,"date":"2025-01-21T12:02:15","date_gmt":"2025-01-21T11:02:15","guid":{"rendered":"https:\/\/fdasrl.it\/prodotto\/comedero-de-esquina-con-borde-antidesperdicio-para-cuadra\/"},"modified":"2025-01-21T12:02:15","modified_gmt":"2025-01-21T11:02:15","slug":"comedero-de-esquina-con-borde-antidesperdicio-para-cuadra","status":"publish","type":"product","link":"https:\/\/fdasrl.it\/es\/prodotto\/comedero-de-esquina-con-borde-antidesperdicio-para-cuadra\/","title":{"rendered":"Comedero de esquina con borde antidesperdicio para cuadra"},"content":{"rendered":"<p>Comedero de esquina con borde antidesperdicio de metal galvanizado, ideal para cuadra. Dispone de tap\u00f3n de limpieza en el fondo. Color verde.  <\/p>\n<p>El comedero de esquina para cuadra FA-MA4 es muy pr\u00e1ctico y resistente.<\/p>\n<p>Caracter\u00edsticas:<\/p>\n<p>-realizado en polietileno antirrayaduras<\/p>\n<p>-capacidad <strong>24 l<\/strong><\/p>\n<p>-borde antidesperdicio en metal pesado galvanizado<\/p>\n<p>-tap\u00f3n en el fondo para la limpieza.<\/p>\n<p>-Producto de excelente calidad<\/p>\n<p><strong>DIMENSIONES<\/strong>: ancho 44 cm, largo 59 cm y alto 30 cm<\/p>\n","protected":false},"excerpt":{"rendered":"<p>Comedero de esquina con borde antidesperdicio de metal galvanizado, ideal para cuadra. Dispone de tap\u00f3n de limpieza en el fondo. Color verde. El comedero de esquina para cuadra FA-MA4 es muy pr\u00e1ctico y resistente. Caracter\u00edsticas: -realizado en polietileno antirrayaduras -capacidad 24 l -borde antidesperdicio en metal pesado galvanizado -tap\u00f3n en el fondo para la limpieza. [&hellip;]<\/p>\n","protected":false},"featured_media":640,"comment_status":"open","ping_status":"closed","template":"","meta":{"_et_pb_use_builder":"","_et_pb_old_content":"","_et_gb_content_width":""},"product_brand":[],"product_cat":[607,734],"product_tag":[862],"class_list":{"0":"post-3459","1":"product","2":"type-product","3":"status-publish","4":"has-post-thumbnail","6":"product_cat-caballos","7":"product_cat-comederos","8":"product_tag-fa-ma4","10":"first","11":"instock","12":"shipping-taxable","13":"product-type-simple"},"yoast_head":"<!-- This site is optimized with the Yoast SEO Premium plugin v27.5 (Yoast SEO v27.5) - https:\/\/yoast.com\/product\/yoast-seo-premium-wordpress\/ -->\n<title>Comedero de esquina con borde antidesperdicio para cuadra - FDA srl<\/title>\n<meta name=\"description\" content=\"Comedero de esquina con borde antidesperdicio de metal galvanizado, ideal para cuadra. Dispone de tap\u00f3n de limpieza en el fondo. Color verde. El comedero\" \/>\n<meta name=\"robots\" content=\"index, follow, max-snippet:-1, max-image-preview:large, max-video-preview:-1\" \/>\n<link rel=\"canonical\" href=\"https:\/\/fdasrl.it\/es\/prodotto\/comedero-de-esquina-con-borde-antidesperdicio-para-cuadra\/\" \/>\n<meta property=\"og:locale\" content=\"es_ES\" \/>\n<meta property=\"og:type\" content=\"article\" \/>\n<meta property=\"og:title\" content=\"Comedero de esquina con borde antidesperdicio para cuadra\" \/>\n<meta property=\"og:description\" content=\"Comedero de esquina con borde antidesperdicio de metal galvanizado, ideal para cuadra. Dispone de tap\u00f3n de limpieza en el fondo. Color verde. El comedero\" \/>\n<meta property=\"og:url\" content=\"https:\/\/fdasrl.it\/es\/prodotto\/comedero-de-esquina-con-borde-antidesperdicio-para-cuadra\/\" \/>\n<meta property=\"og:site_name\" content=\"FDA srl\" \/>\n<meta property=\"article:publisher\" content=\"https:\/\/www.facebook.com\/share\/1MWhFWg1Tp\/?mibextid=LQQJ4d\" \/>\n<meta property=\"og:image\" content=\"https:\/\/fdasrl.it\/wp-content\/uploads\/2025\/01\/mangiatoia-angolare-bordo-metallo-pesante-zincato-fa-ma4.png\" \/>\n\t<meta property=\"og:image:width\" content=\"1400\" \/>\n\t<meta property=\"og:image:height\" content=\"1400\" \/>\n\t<meta property=\"og:image:type\" content=\"image\/png\" \/>\n<meta name=\"twitter:card\" content=\"summary_large_image\" \/>\n<meta name=\"twitter:label1\" content=\"Precio\" \/>\n\t<meta name=\"twitter:data1\" content=\"\" \/>\n\t<meta name=\"twitter:label2\" content=\"Disponibilidad\" \/>\n\t<meta name=\"twitter:data2\" content=\"Disponible\" \/>\n<meta property=\"product:price:currency\" content=\"EUR\" \/>\n<meta property=\"og:availability\" content=\"instock\" \/>\n<meta property=\"product:availability\" content=\"instock\" \/>\n<meta property=\"product:retailer_item_id\" content=\"FA-MA4\" \/>\n<meta property=\"product:condition\" content=\"new\" \/>\n<!-- \/ Yoast SEO Premium plugin. -->","yoast_head_json":{"title":"Comedero de esquina con borde antidesperdicio para cuadra - FDA srl","description":"Comedero de esquina con borde antidesperdicio de metal galvanizado, ideal para cuadra. Dispone de tap\u00f3n de limpieza en el fondo. Color verde. El comedero","robots":{"index":"index","follow":"follow","max-snippet":"max-snippet:-1","max-image-preview":"max-image-preview:large","max-video-preview":"max-video-preview:-1"},"canonical":"https:\/\/fdasrl.it\/es\/prodotto\/comedero-de-esquina-con-borde-antidesperdicio-para-cuadra\/","og_locale":"es_ES","og_type":"article","og_title":"Comedero de esquina con borde antidesperdicio para cuadra","og_description":"Comedero de esquina con borde antidesperdicio de metal galvanizado, ideal para cuadra. Dispone de tap\u00f3n de limpieza en el fondo. Color verde. El comedero","og_url":"https:\/\/fdasrl.it\/es\/prodotto\/comedero-de-esquina-con-borde-antidesperdicio-para-cuadra\/","og_site_name":"FDA srl","article_publisher":"https:\/\/www.facebook.com\/share\/1MWhFWg1Tp\/?mibextid=LQQJ4d","og_image":[{"width":1400,"height":1400,"url":"https:\/\/fdasrl.it\/wp-content\/uploads\/2025\/01\/mangiatoia-angolare-bordo-metallo-pesante-zincato-fa-ma4.png","type":"image\/png"}],"twitter_card":"summary_large_image","twitter_misc":{"Precio":"","Disponibilidad":"Disponible"},"schema":{"@context":"https:\/\/schema.org","@graph":[{"@type":"WebPage","@id":"https:\/\/fdasrl.it\/es\/prodotto\/comedero-de-esquina-con-borde-antidesperdicio-para-cuadra\/","url":"https:\/\/fdasrl.it\/es\/prodotto\/comedero-de-esquina-con-borde-antidesperdicio-para-cuadra\/","name":"Comedero de esquina con borde antidesperdicio para cuadra - FDA srl","isPartOf":{"@id":"https:\/\/fdasrl.it\/es\/#website"},"primaryImageOfPage":{"@id":"https:\/\/fdasrl.it\/es\/prodotto\/comedero-de-esquina-con-borde-antidesperdicio-para-cuadra\/#primaryimage"},"image":{"@id":"https:\/\/fdasrl.it\/es\/prodotto\/comedero-de-esquina-con-borde-antidesperdicio-para-cuadra\/#primaryimage"},"thumbnailUrl":"https:\/\/fdasrl.it\/wp-content\/uploads\/2025\/01\/mangiatoia-angolare-bordo-metallo-pesante-zincato-fa-ma4.png","datePublished":"2025-01-21T11:02:15+00:00","description":"Comedero de esquina con borde antidesperdicio de metal galvanizado, ideal para cuadra. Dispone de tap\u00f3n de limpieza en el fondo. Color verde. El comedero","breadcrumb":{"@id":"https:\/\/fdasrl.it\/es\/prodotto\/comedero-de-esquina-con-borde-antidesperdicio-para-cuadra\/#breadcrumb"},"inLanguage":"es","potentialAction":[{"@type":"ReadAction","target":["https:\/\/fdasrl.it\/es\/prodotto\/comedero-de-esquina-con-borde-antidesperdicio-para-cuadra\/"]}]},{"@type":"ImageObject","inLanguage":"es","@id":"https:\/\/fdasrl.it\/es\/prodotto\/comedero-de-esquina-con-borde-antidesperdicio-para-cuadra\/#primaryimage","url":"https:\/\/fdasrl.it\/wp-content\/uploads\/2025\/01\/mangiatoia-angolare-bordo-metallo-pesante-zincato-fa-ma4.png","contentUrl":"https:\/\/fdasrl.it\/wp-content\/uploads\/2025\/01\/mangiatoia-angolare-bordo-metallo-pesante-zincato-fa-ma4.png","width":1400,"height":1400,"caption":"comedero-esquina-borde-metal-pesado-galvanizado-fa-ma4"},{"@type":"BreadcrumbList","@id":"https:\/\/fdasrl.it\/es\/prodotto\/comedero-de-esquina-con-borde-antidesperdicio-para-cuadra\/#breadcrumb","itemListElement":[{"@type":"ListItem","position":1,"name":"Home","item":"https:\/\/fdasrl.it\/es\/inicio\/"},{"@type":"ListItem","position":2,"name":"Tienda","item":"https:\/\/fdasrl.it\/es\/tienda\/"},{"@type":"ListItem","position":3,"name":"Comedero de esquina con borde antidesperdicio para cuadra"}]},{"@type":"WebSite","@id":"https:\/\/fdasrl.it\/es\/#website","url":"https:\/\/fdasrl.it\/es\/","name":"FDA srl","description":"Equipment for animal husbandry","publisher":{"@id":"https:\/\/fdasrl.it\/es\/#organization"},"potentialAction":[{"@type":"SearchAction","target":{"@type":"EntryPoint","urlTemplate":"https:\/\/fdasrl.it\/es\/?s={search_term_string}"},"query-input":{"@type":"PropertyValueSpecification","valueRequired":true,"valueName":"search_term_string"}}],"inLanguage":"es"},{"@type":"Organization","@id":"https:\/\/fdasrl.it\/es\/#organization","name":"FDA srl","url":"https:\/\/fdasrl.it\/es\/","logo":{"@type":"ImageObject","inLanguage":"es","@id":"https:\/\/fdasrl.it\/es\/#\/schema\/logo\/image\/","url":"https:\/\/fdasrl.it\/wp-content\/uploads\/2024\/12\/Logo-FDA.png","contentUrl":"https:\/\/fdasrl.it\/wp-content\/uploads\/2024\/12\/Logo-FDA.png","width":316,"height":119,"caption":"FDA srl"},"image":{"@id":"https:\/\/fdasrl.it\/es\/#\/schema\/logo\/image\/"},"sameAs":["https:\/\/www.facebook.com\/share\/1MWhFWg1Tp\/?mibextid=LQQJ4d","https:\/\/www.instagram.com\/fda_srl\/profilecard\/?igsh=YW5lbzJ6MWg0d21u","https:\/\/www.youtube.com\/@FDASRL_ANIMALCARE"],"description":"FDA SRL \u2013 Equipment for animal husbandry nasce con l\u2019obiettivo di offrire soluzioni affidabili e innovative per l\u2019allevamento moderno. Con anni di esperienza nel settore zootecnico, progettiamo e realizziamo attrezzature destinate al benessere animale e alla gestione efficiente delle stalle: vasche, abbeveratoi, mangiatoie e sistemi di riscaldamento pensati per durare nel tempo e semplificare il lavoro quotidiano degli allevatori. Dalla progettazione alla produzione, ogni nostro prodotto \u00e8 studiato nei minimi dettagli, testato con cura e costruito per rispondere alle esigenze reali del settore. La nostra forza \u00e8 unire artigianalit\u00e0, tecnologia e competenza tecnica per trasformare ogni progetto in una soluzione concreta e funzionale. Oggi FDA SRL \u00e8 un punto di riferimento per privati e rivenditori che cercano qualit\u00e0, affidabilit\u00e0 e innovazione nelle attrezzature per l\u2019allevamento.","email":"info@fdasrl.it","telephone":"+390522826820","legalName":"F.D.A. SRL","foundingDate":"2024-10-13","vatID":"03075840359","taxID":"03075840359","numberOfEmployees":{"@type":"QuantitativeValue","minValue":"1","maxValue":"10"}}]},"product_price_currency":"EUR","og_availability":"instock","product_availability":"instock","product_retailer_item_id":"FA-MA4","product_condition":"new"},"_links":{"self":[{"href":"https:\/\/fdasrl.it\/es\/wp-json\/wp\/v2\/product\/3459","targetHints":{"allow":["GET"]}}],"collection":[{"href":"https:\/\/fdasrl.it\/es\/wp-json\/wp\/v2\/product"}],"about":[{"href":"https:\/\/fdasrl.it\/es\/wp-json\/wp\/v2\/types\/product"}],"replies":[{"embeddable":true,"href":"https:\/\/fdasrl.it\/es\/wp-json\/wp\/v2\/comments?post=3459"}],"wp:featuredmedia":[{"embeddable":true,"href":"https:\/\/fdasrl.it\/es\/wp-json\/wp\/v2\/media\/640"}],"wp:attachment":[{"href":"https:\/\/fdasrl.it\/es\/wp-json\/wp\/v2\/media?parent=3459"}],"wp:term":[{"taxonomy":"product_brand","embeddable":true,"href":"https:\/\/fdasrl.it\/es\/wp-json\/wp\/v2\/product_brand?post=3459"},{"taxonomy":"product_cat","embeddable":true,"href":"https:\/\/fdasrl.it\/es\/wp-json\/wp\/v2\/product_cat?post=3459"},{"taxonomy":"product_tag","embeddable":true,"href":"https:\/\/fdasrl.it\/es\/wp-json\/wp\/v2\/product_tag?post=3459"}],"curies":[{"name":"wp","href":"https:\/\/api.w.org\/{rel}","templated":true}]}}