{"id":3512,"date":"2025-01-21T11:01:42","date_gmt":"2025-01-21T10:01:42","guid":{"rendered":"https:\/\/fdasrl.it\/prodotto\/bebedero-automatico-de-nivel-constante-con-cubeta-basculante-en-acero-inoxidable-aisi-304\/"},"modified":"2025-01-21T11:01:42","modified_gmt":"2025-01-21T10:01:42","slug":"bebedero-automatico-de-nivel-constante-con-cubeta-basculante-en-acero-inoxidable-aisi-304","status":"publish","type":"product","link":"https:\/\/fdasrl.it\/es\/prodotto\/bebedero-automatico-de-nivel-constante-con-cubeta-basculante-en-acero-inoxidable-aisi-304\/","title":{"rendered":"Bebedero Autom\u00e1tico de Nivel Constante con Cubeta Basculante en acero inoxidable aisi 304"},"content":{"rendered":"<p>Bebedero autom\u00e1tico de nivel constante con cubeta basculante en acero inoxidable aisi 304 FA-VSRP. <strong>Dise\u00f1ado para garantizar un suministro continuo de agua limpia y fresca para bovinos y equinos.<\/strong><\/p>\n<h3><strong>Disponible en diferentes tama\u00f1os para satisfacer cada necesidad:<\/strong><\/h3>\n<h4>&#8211; FA VSRP 1 LONGITUD 1 metro de pared<\/h4>\n<p><strong>Caracter\u00edsticas t\u00e9cnicas:<\/strong><\/p>\n<ul>\n<li>Estructura de protecci\u00f3n en tubular galvanizado en caliente con placas para fijaci\u00f3n a muro (dimensiones: longitud 130 cm, anchura 58 cm);<\/li>\n<li>Cubeta ancha 32 cm, alta 23 cm, larga 100 cm; Espacio de abrevadero 88 cm;<\/li>\n<li>Flotador \u00d8 3\/4 rosca macho, cuerpo v\u00e1lvula en ABS completo de prefiltro, cuerpo esfera en PE, esfera regulable en altura, presi\u00f3n de trabajo de 0,5 a 12 Bar, caudal 50 litros de agua por minuto con presi\u00f3n de trabajo a 6 Bar;<\/li>\n<li>Peso 45 kg.<\/li>\n<\/ul>\n<p>C\u00f3mpralo en nuestra <a href=\"https:\/\/fda-shop.it\/shop\/articoli-per-allevamento\/abbeveratoi\/abbeveratoio-automatico-a-parete-un-metro-ribaltabile\" target=\"_blank\" rel=\"noopener\">tienda online<\/a><\/p>\n<h4 class=\"content-title\">&#8211; FA VSRP 1.5 LONGITUD 1,5 metros de pared<\/h4>\n<p>Bebedero autom\u00e1tico nivel constante con cubeta basculante en acero inoxidable aisi 304. <strong>Caracter\u00edsticas t\u00e9cnicas:<\/strong><\/p>\n<ul>\n<li>Estructura de protecci\u00f3n en tubular galvanizado en caliente con placas para fijaci\u00f3n a muro (dimensiones: longitud 180 cm, anchura 58 cm);<\/li>\n<li>Cubeta ancha 32 cm, alta 23 cm, larga 150 cm;<\/li>\n<li>Espacio de abrevadero 138 cm;<\/li>\n<li>Flotador \u00d8 3\/4 rosca macho, cuerpo v\u00e1lvula en ABS completo de prefiltro, cuerpo esfera en PE, esfera regulable en altura, presi\u00f3n de trabajo de 0,5 a 12 Bar, caudal 50 litros de agua por minuto con presi\u00f3n de trabajo a 6 Bar;<\/li>\n<li>Peso 45 kg.<\/li>\n<\/ul>\n<p>C\u00f3mpralo en nuestra <a href=\"https:\/\/fda-shop.it\/shop\/articoli-per-allevamento\/abbeveratoi\/abbeveratoio-automatico-a-parete-un-metro-mezzo-ribaltabile\" target=\"_blank\" rel=\"noopener\">tienda online<\/a><\/p>\n<h4 class=\"content-title\">&#8211; FA VSRP 2 LONGITUD 2 metros de pared<\/h4>\n<p>Bebedero autom\u00e1tico nivel constante con cubeta basculante en acero inoxidable aisi 304. <strong>Caracter\u00edsticas t\u00e9cnicas:<\/strong><\/p>\n<ul>\n<li>Estructura de protecci\u00f3n en tubular galvanizado en caliente con placas para fijaci\u00f3n a muro (dimensiones: longitud 230 cm, anchura 58 cm);<\/li>\n<li>Cubeta ancha 32 cm, alta 23 cm, larga 200 cm;<\/li>\n<li>Espacio de abrevadero 188 cm;<\/li>\n<li>Flotador \u00d8 3\/4 rosca macho, cuerpo v\u00e1lvula en ABS completo de prefiltro, cuerpo esfera en PE, esfera regulable en altura, presi\u00f3n de trabajo de 0,5 a 12 Bar, caudal 50 litros de agua por minuto con presi\u00f3n de trabajo a 6 Bar;<\/li>\n<li>Peso 54 kg.<\/li>\n<\/ul>\n<p>C\u00f3mpralo en nuestra <a href=\"https:\/\/fda-shop.it\/shop\/articoli-per-allevamento\/abbeveratoi\/abbeveratoio-automatico-a-parete-due-metri-ribaltabile\" target=\"_blank\" rel=\"noopener\">tienda online<\/a><\/p>\n<p>DESCARGA FICHAS T\u00c9CNICAS:<\/p>\n<ul>\n<li><a href=\"http:\/\/content\/uploads\/2025\/05\/SCHEDA_TECNICA__E_RICAMBI_VASCA_RIBALTABILE_A_PARETE_MT_10.pdf\">CUBETA BASCULANTE 1 M &#8211; DESCARGA<\/a><\/li>\n<li><a href=\"http:\/\/content\/uploads\/2025\/05\/SCHEDA_TECNICA__E_RICAMBI_VASCA_RIBALTABILE_A_PARETE_MT_15.pdf\">CUBETA BASCULANTE 1,5 M &#8211; DESCARGA<\/a><\/li>\n<li><a href=\"http:\/\/content\/uploads\/2025\/05\/SCHEDA_TECNICA__E_RICAMBI_VASCA_RIBALTABILE_A_PARETE_MT_20.pdf\">CUBETA BASCULANTE 2 M &#8211; DESCARGA<\/a><\/li>\n<\/ul>\n","protected":false},"excerpt":{"rendered":"<p>Bebedero autom\u00e1tico de nivel constante FA-VSRP en acero inoxidable AISI 304, con cubeta basculante y flotador regulable. Disponible en longitudes de 1, 1,5 y 2 metros para bovinos y equinos. Garantiza agua limpia y fresca con caudal hasta 50 l\/min a 6 Bar. Estructura galvanizada en caliente para m\u00e1xima resistencia.   <\/p>\n","protected":false},"featured_media":384,"comment_status":"open","ping_status":"closed","template":"","meta":{"_et_pb_use_builder":"off","_et_pb_old_content":"Bebedero autom\u00e1tico de nivel constante con cubeta basculante en acero inoxidable aisi 304 FA-VSRP. <strong>Dise\u00f1ado para garantizar un suministro continuo de agua limpia y fresca para bovinos y equinos.<\/strong>\n<h3><strong>Disponible en diferentes tama\u00f1os para satisfacer cada necesidad:<\/strong><\/h3>\n<h4>- FA VSRP 1 LONGITUD 1 metro de pared<\/h4>\n<strong>Caracter\u00edsticas t\u00e9cnicas:<\/strong>\n<ul>\n \t<li>Estructura de protecci\u00f3n en tubular galvanizado en caliente con placas para fijaci\u00f3n a muro (dimensiones: longitud 130 cm, anchura 58 cm);<\/li>\n \t<li>Cubeta ancha 32 cm, alta 23 cm, larga 100 cm;\nEspacio de abrevadero 88 cm;<\/li>\n \t<li>Flotador \u00d8 3\/4 rosca macho, cuerpo v\u00e1lvula en ABS completo de prefiltro, cuerpo esfera en PE, esfera regulable en altura, presi\u00f3n de trabajo de 0,5 a 12 Bar, caudal 50 litros de agua por minuto con presi\u00f3n de trabajo a 6 Bar;<\/li>\n \t<li>Peso 45 kg.<\/li>\n<\/ul>\nC\u00f3mpralo en nuestra <a href=\"https:\/\/fda-shop.it\/shop\/articoli-per-allevamento\/abbeveratoi\/abbeveratoio-automatico-a-parete-un-metro-ribaltabile\" target=\"_blank\" rel=\"noopener\">tienda online<\/a>\n<h4 class=\"content-title\">- FA VSRP 1.5 LONGITUD 1,5 metros de pared<\/h4>\nBebedero autom\u00e1tico nivel constante con cubeta basculante en acero inoxidable aisi 304.\n\n<strong>Caracter\u00edsticas t\u00e9cnicas:<\/strong>\n<ul>\n \t<li>Estructura de protecci\u00f3n en tubular galvanizado en caliente con placas para fijaci\u00f3n a muro (dimensiones: longitud 180 cm, anchura 58 cm);<\/li>\n \t<li>Cubeta ancha 32 cm, alta 23 cm, larga 150 cm;<\/li>\n \t<li>Espacio de abrevadero 138 cm;<\/li>\n \t<li>Flotador \u00d8 3\/4 rosca macho, cuerpo v\u00e1lvula en ABS completo de prefiltro, cuerpo esfera en PE, esfera regulable en altura, presi\u00f3n de trabajo de 0,5 a 12 Bar, caudal 50 litros de agua por minuto con presi\u00f3n de trabajo a 6 Bar;<\/li>\n \t<li>Peso 45 kg.<\/li>\n<\/ul>\nC\u00f3mpralo en nuestra <a href=\"https:\/\/fda-shop.it\/shop\/articoli-per-allevamento\/abbeveratoi\/abbeveratoio-automatico-a-parete-un-metro-mezzo-ribaltabile\" target=\"_blank\" rel=\"noopener\">tienda online<\/a>\n<h4 class=\"content-title\">- FA VSRP 2 LONGITUD 2 metros de pared<\/h4>\nBebedero autom\u00e1tico nivel constante con cubeta basculante en acero inoxidable aisi 304.\n\n<strong>Caracter\u00edsticas t\u00e9cnicas:<\/strong>\n<ul>\n \t<li>Estructura de protecci\u00f3n en tubular galvanizado en caliente con placas para fijaci\u00f3n a muro (dimensiones: longitud 230 cm, anchura 58 cm);<\/li>\n \t<li>Cubeta ancha 32 cm, alta 23 cm, larga 200 cm;<\/li>\n \t<li>Espacio de abrevadero 188 cm;<\/li>\n \t<li>Flotador \u00d8 3\/4 rosca macho, cuerpo v\u00e1lvula en ABS completo de prefiltro, cuerpo esfera en PE, esfera regulable en altura, presi\u00f3n de trabajo de 0,5 a 12 Bar, caudal 50 litros de agua por minuto con presi\u00f3n de trabajo a 6 Bar;<\/li>\n \t<li>Peso 54 kg.<\/li>\n<\/ul>\nC\u00f3mpralo en nuestra <a href=\"https:\/\/fda-shop.it\/shop\/articoli-per-allevamento\/abbeveratoi\/abbeveratoio-automatico-a-parete-due-metri-ribaltabile\" target=\"_blank\" rel=\"noopener\">tienda online<\/a>","_et_gb_content_width":""},"product_brand":[],"product_cat":[552,516,403,607,551],"product_tag":[874],"class_list":{"0":"post-3512","1":"product","2":"type-product","3":"status-publish","4":"has-post-thumbnail","6":"product_cat-bebederos-2","7":"product_cat-bebederos","8":"product_cat-bovinos","9":"product_cat-caballos","10":"product_cat-tanques-de-acero-inoxidable-para-establos","11":"product_tag-fa-vsrp","13":"first","14":"instock","15":"shipping-taxable","16":"product-type-simple"},"yoast_head":"<!-- This site is optimized with the Yoast SEO Premium plugin v27.5 (Yoast SEO v27.5) - https:\/\/yoast.com\/product\/yoast-seo-premium-wordpress\/ -->\n<title>Bebedero autom\u00e1tico con cubeta basculante: agua fresca - FDA srl<\/title>\n<meta name=\"description\" content=\"Bebedero autom\u00e1tico de nivel constante FA-VSRP en acero inoxidable AISI 304, con cubeta basculante y flotador regulable. Disponible en longitudes de 1, 1,5 y 2 metros para bovinos y equinos. Garantiza agua limpia y fresca con caudal hasta 50 l\/min a 6 Bar. Estructura galvanizada en caliente para m\u00e1xima resistencia.\" \/>\n<meta name=\"robots\" content=\"index, follow, max-snippet:-1, max-image-preview:large, max-video-preview:-1\" \/>\n<link rel=\"canonical\" href=\"https:\/\/fdasrl.it\/es\/prodotto\/bebedero-automatico-de-nivel-constante-con-cubeta-basculante-en-acero-inoxidable-aisi-304\/\" \/>\n<meta property=\"og:locale\" content=\"es_ES\" \/>\n<meta property=\"og:type\" content=\"article\" \/>\n<meta property=\"og:title\" content=\"Bebedero Autom\u00e1tico de Nivel Constante con Cubeta Basculante en acero inoxidable aisi 304\" \/>\n<meta property=\"og:description\" content=\"Bebedero autom\u00e1tico de nivel constante FA-VSRP en acero inoxidable AISI 304, con cubeta basculante y flotador regulable. Disponible en longitudes de 1, 1,5 y 2 metros para bovinos y equinos. Garantiza agua limpia y fresca con caudal hasta 50 l\/min a 6 Bar. Estructura galvanizada en caliente para m\u00e1xima resistencia.\" \/>\n<meta property=\"og:url\" content=\"https:\/\/fdasrl.it\/es\/prodotto\/bebedero-automatico-de-nivel-constante-con-cubeta-basculante-en-acero-inoxidable-aisi-304\/\" \/>\n<meta property=\"og:site_name\" content=\"FDA srl\" \/>\n<meta property=\"article:publisher\" content=\"https:\/\/www.facebook.com\/share\/1MWhFWg1Tp\/?mibextid=LQQJ4d\" \/>\n<meta property=\"og:image\" content=\"https:\/\/fdasrl.it\/wp-content\/uploads\/2025\/01\/FA-VSRP1_1.jpg\" \/>\n\t<meta property=\"og:image:width\" content=\"730\" \/>\n\t<meta property=\"og:image:height\" content=\"433\" \/>\n\t<meta property=\"og:image:type\" content=\"image\/jpeg\" \/>\n<meta name=\"twitter:card\" content=\"summary_large_image\" \/>\n<meta name=\"twitter:label1\" content=\"Precio\" \/>\n\t<meta name=\"twitter:data1\" content=\"\" \/>\n\t<meta name=\"twitter:label2\" content=\"Disponibilidad\" \/>\n\t<meta name=\"twitter:data2\" content=\"Disponible\" \/>\n<meta property=\"product:price:currency\" content=\"EUR\" \/>\n<meta property=\"og:availability\" content=\"instock\" \/>\n<meta property=\"product:availability\" content=\"instock\" \/>\n<meta property=\"product:retailer_item_id\" content=\"FAVSRP\" \/>\n<meta property=\"product:condition\" content=\"new\" \/>\n<!-- \/ Yoast SEO Premium plugin. -->","yoast_head_json":{"title":"Bebedero autom\u00e1tico con cubeta basculante: agua fresca - FDA srl","description":"Bebedero autom\u00e1tico de nivel constante FA-VSRP en acero inoxidable AISI 304, con cubeta basculante y flotador regulable. Disponible en longitudes de 1, 1,5 y 2 metros para bovinos y equinos. Garantiza agua limpia y fresca con caudal hasta 50 l\/min a 6 Bar. Estructura galvanizada en caliente para m\u00e1xima resistencia.","robots":{"index":"index","follow":"follow","max-snippet":"max-snippet:-1","max-image-preview":"max-image-preview:large","max-video-preview":"max-video-preview:-1"},"canonical":"https:\/\/fdasrl.it\/es\/prodotto\/bebedero-automatico-de-nivel-constante-con-cubeta-basculante-en-acero-inoxidable-aisi-304\/","og_locale":"es_ES","og_type":"article","og_title":"Bebedero Autom\u00e1tico de Nivel Constante con Cubeta Basculante en acero inoxidable aisi 304","og_description":"Bebedero autom\u00e1tico de nivel constante FA-VSRP en acero inoxidable AISI 304, con cubeta basculante y flotador regulable. Disponible en longitudes de 1, 1,5 y 2 metros para bovinos y equinos. Garantiza agua limpia y fresca con caudal hasta 50 l\/min a 6 Bar. Estructura galvanizada en caliente para m\u00e1xima resistencia.","og_url":"https:\/\/fdasrl.it\/es\/prodotto\/bebedero-automatico-de-nivel-constante-con-cubeta-basculante-en-acero-inoxidable-aisi-304\/","og_site_name":"FDA srl","article_publisher":"https:\/\/www.facebook.com\/share\/1MWhFWg1Tp\/?mibextid=LQQJ4d","og_image":[{"width":730,"height":433,"url":"https:\/\/fdasrl.it\/wp-content\/uploads\/2025\/01\/FA-VSRP1_1.jpg","type":"image\/jpeg"}],"twitter_card":"summary_large_image","twitter_misc":{"Precio":"","Disponibilidad":"Disponible"},"schema":{"@context":"https:\/\/schema.org","@graph":[{"@type":"WebPage","@id":"https:\/\/fdasrl.it\/es\/prodotto\/bebedero-automatico-de-nivel-constante-con-cubeta-basculante-en-acero-inoxidable-aisi-304\/","url":"https:\/\/fdasrl.it\/es\/prodotto\/bebedero-automatico-de-nivel-constante-con-cubeta-basculante-en-acero-inoxidable-aisi-304\/","name":"Bebedero autom\u00e1tico con cubeta basculante: agua fresca - FDA srl","isPartOf":{"@id":"https:\/\/fdasrl.it\/es\/#website"},"primaryImageOfPage":{"@id":"https:\/\/fdasrl.it\/es\/prodotto\/bebedero-automatico-de-nivel-constante-con-cubeta-basculante-en-acero-inoxidable-aisi-304\/#primaryimage"},"image":{"@id":"https:\/\/fdasrl.it\/es\/prodotto\/bebedero-automatico-de-nivel-constante-con-cubeta-basculante-en-acero-inoxidable-aisi-304\/#primaryimage"},"thumbnailUrl":"https:\/\/fdasrl.it\/wp-content\/uploads\/2025\/01\/FA-VSRP1_1.jpg","datePublished":"2025-01-21T10:01:42+00:00","description":"Bebedero autom\u00e1tico de nivel constante FA-VSRP en acero inoxidable AISI 304, con cubeta basculante y flotador regulable. Disponible en longitudes de 1, 1,5 y 2 metros para bovinos y equinos. Garantiza agua limpia y fresca con caudal hasta 50 l\/min a 6 Bar. Estructura galvanizada en caliente para m\u00e1xima resistencia.","breadcrumb":{"@id":"https:\/\/fdasrl.it\/es\/prodotto\/bebedero-automatico-de-nivel-constante-con-cubeta-basculante-en-acero-inoxidable-aisi-304\/#breadcrumb"},"inLanguage":"es","potentialAction":[{"@type":"ReadAction","target":["https:\/\/fdasrl.it\/es\/prodotto\/bebedero-automatico-de-nivel-constante-con-cubeta-basculante-en-acero-inoxidable-aisi-304\/"]}]},{"@type":"ImageObject","inLanguage":"es","@id":"https:\/\/fdasrl.it\/es\/prodotto\/bebedero-automatico-de-nivel-constante-con-cubeta-basculante-en-acero-inoxidable-aisi-304\/#primaryimage","url":"https:\/\/fdasrl.it\/wp-content\/uploads\/2025\/01\/FA-VSRP1_1.jpg","contentUrl":"https:\/\/fdasrl.it\/wp-content\/uploads\/2025\/01\/FA-VSRP1_1.jpg","width":730,"height":433},{"@type":"BreadcrumbList","@id":"https:\/\/fdasrl.it\/es\/prodotto\/bebedero-automatico-de-nivel-constante-con-cubeta-basculante-en-acero-inoxidable-aisi-304\/#breadcrumb","itemListElement":[{"@type":"ListItem","position":1,"name":"Home","item":"https:\/\/fdasrl.it\/es\/inicio\/"},{"@type":"ListItem","position":2,"name":"Tienda","item":"https:\/\/fdasrl.it\/es\/tienda\/"},{"@type":"ListItem","position":3,"name":"Bebedero Autom\u00e1tico de Nivel Constante con Cubeta Basculante en acero inoxidable aisi 304"}]},{"@type":"WebSite","@id":"https:\/\/fdasrl.it\/es\/#website","url":"https:\/\/fdasrl.it\/es\/","name":"FDA srl","description":"Equipment for animal husbandry","publisher":{"@id":"https:\/\/fdasrl.it\/es\/#organization"},"potentialAction":[{"@type":"SearchAction","target":{"@type":"EntryPoint","urlTemplate":"https:\/\/fdasrl.it\/es\/?s={search_term_string}"},"query-input":{"@type":"PropertyValueSpecification","valueRequired":true,"valueName":"search_term_string"}}],"inLanguage":"es"},{"@type":"Organization","@id":"https:\/\/fdasrl.it\/es\/#organization","name":"FDA srl","url":"https:\/\/fdasrl.it\/es\/","logo":{"@type":"ImageObject","inLanguage":"es","@id":"https:\/\/fdasrl.it\/es\/#\/schema\/logo\/image\/","url":"https:\/\/fdasrl.it\/wp-content\/uploads\/2024\/12\/Logo-FDA.png","contentUrl":"https:\/\/fdasrl.it\/wp-content\/uploads\/2024\/12\/Logo-FDA.png","width":316,"height":119,"caption":"FDA srl"},"image":{"@id":"https:\/\/fdasrl.it\/es\/#\/schema\/logo\/image\/"},"sameAs":["https:\/\/www.facebook.com\/share\/1MWhFWg1Tp\/?mibextid=LQQJ4d","https:\/\/www.instagram.com\/fda_srl\/profilecard\/?igsh=YW5lbzJ6MWg0d21u","https:\/\/www.youtube.com\/@FDASRL_ANIMALCARE"],"description":"FDA SRL \u2013 Equipment for animal husbandry nasce con l\u2019obiettivo di offrire soluzioni affidabili e innovative per l\u2019allevamento moderno. Con anni di esperienza nel settore zootecnico, progettiamo e realizziamo attrezzature destinate al benessere animale e alla gestione efficiente delle stalle: vasche, abbeveratoi, mangiatoie e sistemi di riscaldamento pensati per durare nel tempo e semplificare il lavoro quotidiano degli allevatori. Dalla progettazione alla produzione, ogni nostro prodotto \u00e8 studiato nei minimi dettagli, testato con cura e costruito per rispondere alle esigenze reali del settore. La nostra forza \u00e8 unire artigianalit\u00e0, tecnologia e competenza tecnica per trasformare ogni progetto in una soluzione concreta e funzionale. Oggi FDA SRL \u00e8 un punto di riferimento per privati e rivenditori che cercano qualit\u00e0, affidabilit\u00e0 e innovazione nelle attrezzature per l\u2019allevamento.","email":"info@fdasrl.it","telephone":"+390522826820","legalName":"F.D.A. SRL","foundingDate":"2024-10-13","vatID":"03075840359","taxID":"03075840359","numberOfEmployees":{"@type":"QuantitativeValue","minValue":"1","maxValue":"10"}}]},"product_price_currency":"EUR","og_availability":"instock","product_availability":"instock","product_retailer_item_id":"FAVSRP","product_condition":"new"},"_links":{"self":[{"href":"https:\/\/fdasrl.it\/es\/wp-json\/wp\/v2\/product\/3512","targetHints":{"allow":["GET"]}}],"collection":[{"href":"https:\/\/fdasrl.it\/es\/wp-json\/wp\/v2\/product"}],"about":[{"href":"https:\/\/fdasrl.it\/es\/wp-json\/wp\/v2\/types\/product"}],"replies":[{"embeddable":true,"href":"https:\/\/fdasrl.it\/es\/wp-json\/wp\/v2\/comments?post=3512"}],"wp:featuredmedia":[{"embeddable":true,"href":"https:\/\/fdasrl.it\/es\/wp-json\/wp\/v2\/media\/384"}],"wp:attachment":[{"href":"https:\/\/fdasrl.it\/es\/wp-json\/wp\/v2\/media?parent=3512"}],"wp:term":[{"taxonomy":"product_brand","embeddable":true,"href":"https:\/\/fdasrl.it\/es\/wp-json\/wp\/v2\/product_brand?post=3512"},{"taxonomy":"product_cat","embeddable":true,"href":"https:\/\/fdasrl.it\/es\/wp-json\/wp\/v2\/product_cat?post=3512"},{"taxonomy":"product_tag","embeddable":true,"href":"https:\/\/fdasrl.it\/es\/wp-json\/wp\/v2\/product_tag?post=3512"}],"curies":[{"name":"wp","href":"https:\/\/api.w.org\/{rel}","templated":true}]}}