{"id":3538,"date":"2025-01-21T10:47:40","date_gmt":"2025-01-21T09:47:40","guid":{"rendered":"https:\/\/fdasrl.it\/prodotto\/bebedero-automatico-de-cuba-inox-para-establos\/"},"modified":"2025-01-21T10:47:40","modified_gmt":"2025-01-21T09:47:40","slug":"bebedero-automatico-de-cuba-inox-para-establos","status":"publish","type":"product","link":"https:\/\/fdasrl.it\/es\/prodotto\/bebedero-automatico-de-cuba-inox-para-establos\/","title":{"rendered":"BEBEDERO AUTOM\u00c1TICO DE CUBA INOX PARA ESTABLOS"},"content":{"rendered":"<p>El bebedero autom\u00e1tico de nivel constante con cuba de acero inoxidable AISI 304 esp. 12\/10 mm est\u00e1 dise\u00f1ado para proporcionar agua limpia y fresca de forma continua a tus animales, garantizando el cumplimiento de la normativa sobre bienestar animal en las explotaciones agr\u00edcolas.<\/p>\n<h4><em>DISPONIBLE EN 3 LONGITUDES DIFERENTES: 60 &#8211; 80 &#8211; 120 cm (env\u00edanos solicitud por e-mail o ll\u00e1manos &#8211; <a href=\"https:\/\/fdasrl.it\/es\/contacto\/#et_pb_contact_form_0\">ver p\u00e1gina de CONTACTO &#8211; PULSA AQU\u00cd<\/a>)<\/em><\/h4>\n<p>Sus caracter\u00edsticas t\u00e9cnicas incluyen:<\/p>\n<ul>\n<li>Alojamiento para flotador en el lado izquierdo.<\/li>\n<li>Capacidad de la cuba a nivel m\u00e1ximo 45 litros.<\/li>\n<li>Flotador 3\/4&#8243; rosca macho cuerpo en ABS. Presi\u00f3n de retenci\u00f3n de agua del flotador incluido en la cuba de caudal m\u00e1ximo de 0,5 a 10 bar. <\/li>\n<li>Desag\u00fce de 3\/4 pulgadas con grifo para un vaciado r\u00e1pido.<\/li>\n<li>Dimensiones: Longitud 80 cm x profundidad 30 cm x altura 20 cm. Espacio posterior 100 cm totales. Espacio de bebida 60 cm.  <\/li>\n<li>Posibilidad de soportar en pared mediante fischer di\u00e1metro 12 mm para anclaje lateral.<\/li>\n<li>Peso 10,8 kg<\/li>\n<\/ul>\n<h3><strong>Desag\u00fce de agua mediante el grifo de 3\/4 pulgadas para un vaciado r\u00e1pido de la cuba.<\/strong><\/h3>\n<h4>En conclusi\u00f3n, el bebedero autom\u00e1tico de nivel constante en acero inoxidable AISI 304 es una soluci\u00f3n fiable y conveniente para garantizar un suministro adecuado de agua a tus animales, asegurando su bienestar y respetando la normativa vigente en el sector agr\u00edcola.<\/h4>\n<h4><em>DISPONIBLE EN 3 LONGITUDES DIFERENTES: 60 &#8211; 80 &#8211; 120 cm <\/em><em>(env\u00edanos solicitud por e-mail o ll\u00e1manos &#8211; <a href=\"https:\/\/fdasrl.it\/es\/contacto\/#et_pb_contact_form_0\">ver p\u00e1gina de CONTACTO &#8211; PULSA AQU\u00cd<\/a>)<\/em><\/h4>\n<p>C\u00f3mprala en nuestra  <a href=\"https:\/\/fda-shop.it\/shop\/articoli-per-allevamento\/abbeveratoio-vasca-automatico-a-livello-costante\" target=\"_blank\" rel=\"noopener\">tienda online<\/a><\/p>\n","protected":false},"excerpt":{"rendered":"<p>El bebedero autom\u00e1tico de nivel constante en acero inoxidable AISI 304 esp. 12\/10 mm est\u00e1 dise\u00f1ado para proporcionar agua limpia y fresca de forma continua a tus animales, garantizando el cumplimiento de la normativa sobre bienestar animal en las explotaciones agr\u00edcolas.<\/p>\n","protected":false},"featured_media":667,"comment_status":"open","ping_status":"closed","template":"","meta":{"_et_pb_use_builder":"","_et_pb_old_content":"","_et_gb_content_width":""},"product_brand":[],"product_cat":[552,516,403,607,420,551],"product_tag":[876],"class_list":{"0":"post-3538","1":"product","2":"type-product","3":"status-publish","4":"has-post-thumbnail","6":"product_cat-bebederos-2","7":"product_cat-bebederos","8":"product_cat-bovinos","9":"product_cat-caballos","10":"product_cat-ovinos-y-caprinos","11":"product_cat-tanques-de-acero-inoxidable-para-establos","12":"product_tag-fa-vs2","14":"first","15":"instock","16":"shipping-taxable","17":"product-type-simple"},"yoast_head":"<!-- This site is optimized with the Yoast SEO Premium plugin v27.5 (Yoast SEO v27.6) - https:\/\/yoast.com\/product\/yoast-seo-premium-wordpress\/ -->\n<title>Bebedero autom\u00e1tico cuba inox establos con flotador<\/title>\n<meta name=\"description\" content=\"Asegura agua fresca y limpia para tus animales con el bebedero autom\u00e1tico cuba inox establos. \u00a1Descubre todas sus caracter\u00edsticas t\u00e9cnicas!\" \/>\n<meta name=\"robots\" content=\"index, follow, max-snippet:-1, max-image-preview:large, max-video-preview:-1\" \/>\n<link rel=\"canonical\" href=\"https:\/\/fdasrl.it\/es\/prodotto\/bebedero-automatico-de-cuba-inox-para-establos\/\" \/>\n<meta property=\"og:locale\" content=\"es_ES\" \/>\n<meta property=\"og:type\" content=\"article\" \/>\n<meta property=\"og:title\" content=\"BEBEDERO AUTOM\u00c1TICO DE CUBA INOX PARA ESTABLOS\" \/>\n<meta property=\"og:description\" content=\"Asegura agua fresca y limpia para tus animales con el bebedero autom\u00e1tico cuba inox establos. \u00a1Descubre todas sus caracter\u00edsticas t\u00e9cnicas!\" \/>\n<meta property=\"og:url\" content=\"https:\/\/fdasrl.it\/es\/prodotto\/bebedero-automatico-de-cuba-inox-para-establos\/\" \/>\n<meta property=\"og:site_name\" content=\"FDA srl\" \/>\n<meta property=\"article:publisher\" content=\"https:\/\/www.facebook.com\/share\/1MWhFWg1Tp\/?mibextid=LQQJ4d\" \/>\n<meta property=\"og:image\" content=\"https:\/\/fdasrl.it\/wp-content\/uploads\/2025\/01\/Abbeveratoio-automatico-vasca-inox-stalla-equini-bovini-caprini-fa-v2.jpeg\" \/>\n\t<meta property=\"og:image:width\" content=\"1000\" \/>\n\t<meta property=\"og:image:height\" content=\"535\" \/>\n\t<meta property=\"og:image:type\" content=\"image\/jpeg\" \/>\n<meta name=\"twitter:card\" content=\"summary_large_image\" \/>\n<meta name=\"twitter:label1\" content=\"Precio\" \/>\n\t<meta name=\"twitter:data1\" content=\"\" \/>\n\t<meta name=\"twitter:label2\" content=\"Disponibilidad\" \/>\n\t<meta name=\"twitter:data2\" content=\"Disponible\" \/>\n<meta property=\"product:price:currency\" content=\"EUR\" \/>\n<meta property=\"og:availability\" content=\"instock\" \/>\n<meta property=\"product:availability\" content=\"instock\" \/>\n<meta property=\"product:retailer_item_id\" content=\"FAVS2\" \/>\n<meta property=\"product:condition\" content=\"new\" \/>\n<!-- \/ Yoast SEO Premium plugin. -->","yoast_head_json":{"title":"Bebedero autom\u00e1tico cuba inox establos con flotador","description":"Asegura agua fresca y limpia para tus animales con el bebedero autom\u00e1tico cuba inox establos. \u00a1Descubre todas sus caracter\u00edsticas t\u00e9cnicas!","robots":{"index":"index","follow":"follow","max-snippet":"max-snippet:-1","max-image-preview":"max-image-preview:large","max-video-preview":"max-video-preview:-1"},"canonical":"https:\/\/fdasrl.it\/es\/prodotto\/bebedero-automatico-de-cuba-inox-para-establos\/","og_locale":"es_ES","og_type":"article","og_title":"BEBEDERO AUTOM\u00c1TICO DE CUBA INOX PARA ESTABLOS","og_description":"Asegura agua fresca y limpia para tus animales con el bebedero autom\u00e1tico cuba inox establos. \u00a1Descubre todas sus caracter\u00edsticas t\u00e9cnicas!","og_url":"https:\/\/fdasrl.it\/es\/prodotto\/bebedero-automatico-de-cuba-inox-para-establos\/","og_site_name":"FDA srl","article_publisher":"https:\/\/www.facebook.com\/share\/1MWhFWg1Tp\/?mibextid=LQQJ4d","og_image":[{"width":1000,"height":535,"url":"https:\/\/fdasrl.it\/wp-content\/uploads\/2025\/01\/Abbeveratoio-automatico-vasca-inox-stalla-equini-bovini-caprini-fa-v2.jpeg","type":"image\/jpeg"}],"twitter_card":"summary_large_image","twitter_misc":{"Precio":"","Disponibilidad":"Disponible"},"schema":{"@context":"https:\/\/schema.org","@graph":[{"@type":"WebPage","@id":"https:\/\/fdasrl.it\/es\/prodotto\/bebedero-automatico-de-cuba-inox-para-establos\/","url":"https:\/\/fdasrl.it\/es\/prodotto\/bebedero-automatico-de-cuba-inox-para-establos\/","name":"Bebedero autom\u00e1tico cuba inox establos con flotador","isPartOf":{"@id":"https:\/\/fdasrl.it\/es\/#website"},"primaryImageOfPage":{"@id":"https:\/\/fdasrl.it\/es\/prodotto\/bebedero-automatico-de-cuba-inox-para-establos\/#primaryimage"},"image":{"@id":"https:\/\/fdasrl.it\/es\/prodotto\/bebedero-automatico-de-cuba-inox-para-establos\/#primaryimage"},"thumbnailUrl":"https:\/\/fdasrl.it\/wp-content\/uploads\/2025\/01\/Abbeveratoio-automatico-vasca-inox-stalla-equini-bovini-caprini-fa-v2.jpeg","datePublished":"2025-01-21T09:47:40+00:00","description":"Asegura agua fresca y limpia para tus animales con el bebedero autom\u00e1tico cuba inox establos. \u00a1Descubre todas sus caracter\u00edsticas t\u00e9cnicas!","breadcrumb":{"@id":"https:\/\/fdasrl.it\/es\/prodotto\/bebedero-automatico-de-cuba-inox-para-establos\/#breadcrumb"},"inLanguage":"es","potentialAction":[{"@type":"ReadAction","target":["https:\/\/fdasrl.it\/es\/prodotto\/bebedero-automatico-de-cuba-inox-para-establos\/"]}]},{"@type":"ImageObject","inLanguage":"es","@id":"https:\/\/fdasrl.it\/es\/prodotto\/bebedero-automatico-de-cuba-inox-para-establos\/#primaryimage","url":"https:\/\/fdasrl.it\/wp-content\/uploads\/2025\/01\/Abbeveratoio-automatico-vasca-inox-stalla-equini-bovini-caprini-fa-v2.jpeg","contentUrl":"https:\/\/fdasrl.it\/wp-content\/uploads\/2025\/01\/Abbeveratoio-automatico-vasca-inox-stalla-equini-bovini-caprini-fa-v2.jpeg","width":1000,"height":535,"caption":"Abbeveratoio automatico vasca inox con galleggiante automatico per stalla equini bovini caprini fav2"},{"@type":"BreadcrumbList","@id":"https:\/\/fdasrl.it\/es\/prodotto\/bebedero-automatico-de-cuba-inox-para-establos\/#breadcrumb","itemListElement":[{"@type":"ListItem","position":1,"name":"Home","item":"https:\/\/fdasrl.it\/es\/inicio\/"},{"@type":"ListItem","position":2,"name":"Tienda","item":"https:\/\/fdasrl.it\/es\/tienda\/"},{"@type":"ListItem","position":3,"name":"BEBEDERO AUTOM\u00c1TICO DE CUBA INOX PARA ESTABLOS"}]},{"@type":"WebSite","@id":"https:\/\/fdasrl.it\/es\/#website","url":"https:\/\/fdasrl.it\/es\/","name":"FDA srl","description":"Equipment for animal husbandry","publisher":{"@id":"https:\/\/fdasrl.it\/es\/#organization"},"potentialAction":[{"@type":"SearchAction","target":{"@type":"EntryPoint","urlTemplate":"https:\/\/fdasrl.it\/es\/?s={search_term_string}"},"query-input":{"@type":"PropertyValueSpecification","valueRequired":true,"valueName":"search_term_string"}}],"inLanguage":"es"},{"@type":"Organization","@id":"https:\/\/fdasrl.it\/es\/#organization","name":"FDA srl","url":"https:\/\/fdasrl.it\/es\/","logo":{"@type":"ImageObject","inLanguage":"es","@id":"https:\/\/fdasrl.it\/es\/#\/schema\/logo\/image\/","url":"https:\/\/fdasrl.it\/wp-content\/uploads\/2024\/12\/Logo-FDA.png","contentUrl":"https:\/\/fdasrl.it\/wp-content\/uploads\/2024\/12\/Logo-FDA.png","width":316,"height":119,"caption":"FDA srl"},"image":{"@id":"https:\/\/fdasrl.it\/es\/#\/schema\/logo\/image\/"},"sameAs":["https:\/\/www.facebook.com\/share\/1MWhFWg1Tp\/?mibextid=LQQJ4d","https:\/\/www.instagram.com\/fda_srl\/profilecard\/?igsh=YW5lbzJ6MWg0d21u","https:\/\/www.youtube.com\/@FDASRL_ANIMALCARE"],"description":"FDA SRL \u2013 Equipment for animal husbandry nasce con l\u2019obiettivo di offrire soluzioni affidabili e innovative per l\u2019allevamento moderno. Con anni di esperienza nel settore zootecnico, progettiamo e realizziamo attrezzature destinate al benessere animale e alla gestione efficiente delle stalle: vasche, abbeveratoi, mangiatoie e sistemi di riscaldamento pensati per durare nel tempo e semplificare il lavoro quotidiano degli allevatori. Dalla progettazione alla produzione, ogni nostro prodotto \u00e8 studiato nei minimi dettagli, testato con cura e costruito per rispondere alle esigenze reali del settore. La nostra forza \u00e8 unire artigianalit\u00e0, tecnologia e competenza tecnica per trasformare ogni progetto in una soluzione concreta e funzionale. Oggi FDA SRL \u00e8 un punto di riferimento per privati e rivenditori che cercano qualit\u00e0, affidabilit\u00e0 e innovazione nelle attrezzature per l\u2019allevamento.","email":"info@fdasrl.it","telephone":"+390522826820","legalName":"F.D.A. SRL","foundingDate":"2024-10-13","vatID":"03075840359","taxID":"03075840359","numberOfEmployees":{"@type":"QuantitativeValue","minValue":"1","maxValue":"10"}}]},"product_price_currency":"EUR","og_availability":"instock","product_availability":"instock","product_retailer_item_id":"FAVS2","product_condition":"new"},"_links":{"self":[{"href":"https:\/\/fdasrl.it\/es\/wp-json\/wp\/v2\/product\/3538","targetHints":{"allow":["GET"]}}],"collection":[{"href":"https:\/\/fdasrl.it\/es\/wp-json\/wp\/v2\/product"}],"about":[{"href":"https:\/\/fdasrl.it\/es\/wp-json\/wp\/v2\/types\/product"}],"replies":[{"embeddable":true,"href":"https:\/\/fdasrl.it\/es\/wp-json\/wp\/v2\/comments?post=3538"}],"wp:featuredmedia":[{"embeddable":true,"href":"https:\/\/fdasrl.it\/es\/wp-json\/wp\/v2\/media\/667"}],"wp:attachment":[{"href":"https:\/\/fdasrl.it\/es\/wp-json\/wp\/v2\/media?parent=3538"}],"wp:term":[{"taxonomy":"product_brand","embeddable":true,"href":"https:\/\/fdasrl.it\/es\/wp-json\/wp\/v2\/product_brand?post=3538"},{"taxonomy":"product_cat","embeddable":true,"href":"https:\/\/fdasrl.it\/es\/wp-json\/wp\/v2\/product_cat?post=3538"},{"taxonomy":"product_tag","embeddable":true,"href":"https:\/\/fdasrl.it\/es\/wp-json\/wp\/v2\/product_tag?post=3538"}],"curies":[{"name":"wp","href":"https:\/\/api.w.org\/{rel}","templated":true}]}}