{"id":3783,"date":"2025-01-21T11:45:09","date_gmt":"2025-01-21T10:45:09","guid":{"rendered":"https:\/\/fdasrl.it\/prodotto\/cubeta-para-pediluvio-bovino-cuidado-de-las-pezunas\/"},"modified":"2025-01-21T11:45:09","modified_gmt":"2025-01-21T10:45:09","slug":"cubeta-para-pediluvio-bovino-cuidado-de-las-pezunas","status":"publish","type":"product","link":"https:\/\/fdasrl.it\/es\/prodotto\/cubeta-para-pediluvio-bovino-cuidado-de-las-pezunas\/","title":{"rendered":"CUBETA PARA PEDILUVIO BOVINO CUIDADO DE LAS PEZU\u00d1AS"},"content":{"rendered":"<h3 data-start=\"203\" data-end=\"285\"><strong data-start=\"207\" data-end=\"285\">Cubeta para pediluvio bovino \u2013 200 litros \u2013 Cuidado profesional de las pezu\u00f1as<\/strong><\/h3>\n<p data-start=\"287\" data-end=\"642\">La <strong data-start=\"290\" data-end=\"320\">cubeta para pediluvio bovino<\/strong> es una herramienta indispensable para el <strong data-start=\"359\" data-end=\"426\">cuidado y la prevenci\u00f3n de infecciones en las pezu\u00f1as de las vacas<\/strong>. Dise\u00f1ada para garantizar un tratamiento eficaz, seguro y duradero, esta cubeta permite realizar el lavado y la desinfecci\u00f3n de las pezu\u00f1as de forma pr\u00e1ctica e higi\u00e9nica directamente en el paso de los animales. <\/p>\n<p data-start=\"644\" data-end=\"770\">Gracias a la posibilidad de conectar <strong data-start=\"681\" data-end=\"707\">dos cubetas en secuencia<\/strong>, es posible realizar un sistema completo de doble acci\u00f3n:<\/p>\n<ul data-start=\"771\" data-end=\"999\">\n<li data-start=\"771\" data-end=\"868\">\n<p data-start=\"773\" data-end=\"868\">La <strong data-start=\"776\" data-end=\"791\">primera cubeta<\/strong> se utiliza para el lavado, eliminando esti\u00e9rcol y suciedad de las pezu\u00f1as.<\/p>\n<\/li>\n<li data-start=\"869\" data-end=\"999\">\n<p data-start=\"871\" data-end=\"999\">La <strong data-start=\"874\" data-end=\"891\">segunda cubeta<\/strong> contiene una <strong data-start=\"905\" data-end=\"932\">soluci\u00f3n desinfectante<\/strong> que act\u00faa en profundidad, mejorando la eficacia del tratamiento.<\/p>\n<\/li>\n<\/ul>\n<p data-start=\"1001\" data-end=\"1371\">El fondo de la cubeta est\u00e1 dotado de una <strong data-start=\"1038\" data-end=\"1083\">superficie antideslizante de alta resistencia<\/strong>, que asegura mayor seguridad y estabilidad durante el paso de los bovinos. La forma de la cubeta y el perfil estudiado permiten una <strong data-start=\"1219\" data-end=\"1271\">ligera apertura de la fisura de la pezu\u00f1a<\/strong>, favoreciendo as\u00ed la <strong data-start=\"1291\" data-end=\"1331\">plena penetraci\u00f3n del desinfectante<\/strong> en cada punto intermedio de la pezu\u00f1a. <\/p>\n<p data-start=\"1373\" data-end=\"1664\">Las dimensiones de cada cubeta son <strong data-start=\"1406\" data-end=\"1428\">203 x 80 x 18,5 cm<\/strong> con una capacidad de <strong data-start=\"1449\" data-end=\"1462\">200 litros<\/strong>, y uniendo dos cubetas se obtiene un recorrido de <strong data-start=\"1510\" data-end=\"1525\">hasta 4 metros<\/strong>, suficiente para garantizar que los animales caminen lentamente, permitiendo que el desinfectante act\u00fae m\u00e1s tiempo y de forma m\u00e1s eficaz.<\/p>\n<h3 data-start=\"1666\" data-end=\"1701\"><strong data-start=\"1670\" data-end=\"1701\">Caracter\u00edsticas principales:<\/strong><\/h3>\n<ul data-start=\"1702\" data-end=\"2141\">\n<li data-start=\"1702\" data-end=\"1727\">\n<p data-start=\"1704\" data-end=\"1727\">Capacidad: <strong data-start=\"1714\" data-end=\"1727\">200 litros<\/strong><\/p>\n<\/li>\n<li data-start=\"1728\" data-end=\"1764\">\n<p data-start=\"1730\" data-end=\"1764\">Dimensiones: <strong data-start=\"1742\" data-end=\"1764\">203 x 80 x 18,5 cm<\/strong><\/p>\n<\/li>\n<li data-start=\"1765\" data-end=\"1855\">\n<p data-start=\"1767\" data-end=\"1855\">Fabricada en <strong data-start=\"1781\" data-end=\"1808\">polietileno High Impact<\/strong> ultra resistente a la abrasi\u00f3n y agentes qu\u00edmicos<\/p>\n<\/li>\n<li data-start=\"1856\" data-end=\"1895\">\n<p data-start=\"1858\" data-end=\"1895\"><strong data-start=\"1858\" data-end=\"1876\">Escala graduada<\/strong> impresa en el borde<\/p>\n<\/li>\n<li data-start=\"1896\" data-end=\"1941\">\n<p data-start=\"1898\" data-end=\"1941\"><strong data-start=\"1898\" data-end=\"1918\">Tap\u00f3n de desag\u00fce<\/strong> para vaciado r\u00e1pido<\/p>\n<\/li>\n<li data-start=\"1942\" data-end=\"1996\">\n<p data-start=\"1944\" data-end=\"1996\"><strong data-start=\"1944\" data-end=\"1970\">Superficie antideslizante<\/strong> para seguridad y estabilidad<\/p>\n<\/li>\n<li data-start=\"1997\" data-end=\"2065\">\n<p data-start=\"1999\" data-end=\"2065\"><strong data-start=\"1999\" data-end=\"2022\">Puntos de anclaje<\/strong> preparados para la conexi\u00f3n entre cubetas<\/p>\n<\/li>\n<li data-start=\"2066\" data-end=\"2141\">\n<p data-start=\"2068\" data-end=\"2141\">Compatible con todo tipo de <strong data-start=\"2100\" data-end=\"2141\">detergentes y desinfectantes veterinarios<\/strong><\/p>\n<\/li>\n<\/ul>\n<p data-start=\"2143\" data-end=\"2351\">Este <strong data-start=\"2150\" data-end=\"2205\">contenedor para lavado de pezu\u00f1as de vacas<\/strong> es ideal para ganaderos y explotaciones agr\u00edcolas que desean garantizar <strong data-start=\"2274\" data-end=\"2324\">bienestar y prevenci\u00f3n de infecciones podales<\/strong> de forma sencilla y segura.<\/p>\n<p>C\u00f3mpralo en nuestra  <a href=\"https:\/\/fda-shop.it\/shop\/articoli-per-allevamento\/attrezzatura-di-stalla\/vasca-pediluvio-lavaggio-zoccolo-e-unghioni\" target=\"_blank\" rel=\"noopener\">tienda online<\/a><\/p>\n<p>&nbsp;<\/p>\n","protected":false},"excerpt":{"rendered":"<p>Cubeta para pediluvio bovino de 200 litros, ideal para el cuidado y desinfecci\u00f3n de las pezu\u00f1as. Fondo antideslizante, conectable, resistente a productos qu\u00edmicos. <\/p>\n","protected":false},"featured_media":414,"comment_status":"open","ping_status":"closed","template":"","meta":{"_et_pb_use_builder":"","_et_pb_old_content":"","_et_gb_content_width":""},"product_brand":[],"product_cat":[713,403,712],"product_tag":[913],"class_list":{"0":"post-3783","1":"product","2":"type-product","3":"status-publish","4":"has-post-thumbnail","6":"product_cat-bienestar-animal","7":"product_cat-bovinos","8":"product_cat-limpieza-de-pezunas-y-alfombrillas-antideslizantes-para-vacas","9":"product_tag-fa-cp","11":"first","12":"instock","13":"shipping-taxable","14":"product-type-simple"},"yoast_head":"<!-- This site is optimized with the Yoast SEO Premium plugin v27.5 (Yoast SEO v27.5) - https:\/\/yoast.com\/product\/yoast-seo-premium-wordpress\/ -->\n<title>CUBETA PARA PEDILUVIO BOVINO CUIDADO DE LAS PEZU\u00d1AS - FDA srl<\/title>\n<meta name=\"description\" content=\"Cubeta para pediluvio bovino de 200 litros, ideal para el cuidado y desinfecci\u00f3n de las pezu\u00f1as. Fondo antideslizante, conectable, resistente a productos qu\u00edmicos.\" \/>\n<meta name=\"robots\" content=\"index, follow, max-snippet:-1, max-image-preview:large, max-video-preview:-1\" \/>\n<link rel=\"canonical\" href=\"https:\/\/fdasrl.it\/es\/prodotto\/cubeta-para-pediluvio-bovino-cuidado-de-las-pezunas\/\" \/>\n<meta property=\"og:locale\" content=\"es_ES\" \/>\n<meta property=\"og:type\" content=\"article\" \/>\n<meta property=\"og:title\" content=\"CUBETA PARA PEDILUVIO BOVINO CUIDADO DE LAS PEZU\u00d1AS\" \/>\n<meta property=\"og:description\" content=\"Cubeta para pediluvio bovino de 200 litros, ideal para el cuidado y desinfecci\u00f3n de las pezu\u00f1as. Fondo antideslizante, conectable, resistente a productos qu\u00edmicos.\" \/>\n<meta property=\"og:url\" content=\"https:\/\/fdasrl.it\/es\/prodotto\/cubeta-para-pediluvio-bovino-cuidado-de-las-pezunas\/\" \/>\n<meta property=\"og:site_name\" content=\"FDA srl\" \/>\n<meta property=\"article:publisher\" content=\"https:\/\/www.facebook.com\/share\/1MWhFWg1Tp\/?mibextid=LQQJ4d\" \/>\n<meta property=\"og:image\" content=\"https:\/\/fdasrl.it\/wp-content\/uploads\/2025\/01\/FA-CP_1.jpg\" \/>\n\t<meta property=\"og:image:width\" content=\"480\" \/>\n\t<meta property=\"og:image:height\" content=\"480\" \/>\n\t<meta property=\"og:image:type\" content=\"image\/jpeg\" \/>\n<meta name=\"twitter:card\" content=\"summary_large_image\" \/>\n<meta name=\"twitter:label1\" content=\"Precio\" \/>\n\t<meta name=\"twitter:data1\" content=\"\" \/>\n\t<meta name=\"twitter:label2\" content=\"Disponibilidad\" \/>\n\t<meta name=\"twitter:data2\" content=\"Disponible\" \/>\n<meta property=\"product:price:currency\" content=\"EUR\" \/>\n<meta property=\"og:availability\" content=\"instock\" \/>\n<meta property=\"product:availability\" content=\"instock\" \/>\n<meta property=\"product:retailer_item_id\" content=\"FA-CP\" \/>\n<meta property=\"product:condition\" content=\"new\" \/>\n<!-- \/ Yoast SEO Premium plugin. -->","yoast_head_json":{"title":"CUBETA PARA PEDILUVIO BOVINO CUIDADO DE LAS PEZU\u00d1AS - FDA srl","description":"Cubeta para pediluvio bovino de 200 litros, ideal para el cuidado y desinfecci\u00f3n de las pezu\u00f1as. Fondo antideslizante, conectable, resistente a productos qu\u00edmicos.","robots":{"index":"index","follow":"follow","max-snippet":"max-snippet:-1","max-image-preview":"max-image-preview:large","max-video-preview":"max-video-preview:-1"},"canonical":"https:\/\/fdasrl.it\/es\/prodotto\/cubeta-para-pediluvio-bovino-cuidado-de-las-pezunas\/","og_locale":"es_ES","og_type":"article","og_title":"CUBETA PARA PEDILUVIO BOVINO CUIDADO DE LAS PEZU\u00d1AS","og_description":"Cubeta para pediluvio bovino de 200 litros, ideal para el cuidado y desinfecci\u00f3n de las pezu\u00f1as. Fondo antideslizante, conectable, resistente a productos qu\u00edmicos.","og_url":"https:\/\/fdasrl.it\/es\/prodotto\/cubeta-para-pediluvio-bovino-cuidado-de-las-pezunas\/","og_site_name":"FDA srl","article_publisher":"https:\/\/www.facebook.com\/share\/1MWhFWg1Tp\/?mibextid=LQQJ4d","og_image":[{"width":480,"height":480,"url":"https:\/\/fdasrl.it\/wp-content\/uploads\/2025\/01\/FA-CP_1.jpg","type":"image\/jpeg"}],"twitter_card":"summary_large_image","twitter_misc":{"Precio":"","Disponibilidad":"Disponible"},"schema":{"@context":"https:\/\/schema.org","@graph":[{"@type":"WebPage","@id":"https:\/\/fdasrl.it\/es\/prodotto\/cubeta-para-pediluvio-bovino-cuidado-de-las-pezunas\/","url":"https:\/\/fdasrl.it\/es\/prodotto\/cubeta-para-pediluvio-bovino-cuidado-de-las-pezunas\/","name":"CUBETA PARA PEDILUVIO BOVINO CUIDADO DE LAS PEZU\u00d1AS - FDA srl","isPartOf":{"@id":"https:\/\/fdasrl.it\/es\/#website"},"primaryImageOfPage":{"@id":"https:\/\/fdasrl.it\/es\/prodotto\/cubeta-para-pediluvio-bovino-cuidado-de-las-pezunas\/#primaryimage"},"image":{"@id":"https:\/\/fdasrl.it\/es\/prodotto\/cubeta-para-pediluvio-bovino-cuidado-de-las-pezunas\/#primaryimage"},"thumbnailUrl":"https:\/\/fdasrl.it\/wp-content\/uploads\/2025\/01\/FA-CP_1.jpg","datePublished":"2025-01-21T10:45:09+00:00","description":"Cubeta para pediluvio bovino de 200 litros, ideal para el cuidado y desinfecci\u00f3n de las pezu\u00f1as. Fondo antideslizante, conectable, resistente a productos qu\u00edmicos.","breadcrumb":{"@id":"https:\/\/fdasrl.it\/es\/prodotto\/cubeta-para-pediluvio-bovino-cuidado-de-las-pezunas\/#breadcrumb"},"inLanguage":"es","potentialAction":[{"@type":"ReadAction","target":["https:\/\/fdasrl.it\/es\/prodotto\/cubeta-para-pediluvio-bovino-cuidado-de-las-pezunas\/"]}]},{"@type":"ImageObject","inLanguage":"es","@id":"https:\/\/fdasrl.it\/es\/prodotto\/cubeta-para-pediluvio-bovino-cuidado-de-las-pezunas\/#primaryimage","url":"https:\/\/fdasrl.it\/wp-content\/uploads\/2025\/01\/FA-CP_1.jpg","contentUrl":"https:\/\/fdasrl.it\/wp-content\/uploads\/2025\/01\/FA-CP_1.jpg","width":480,"height":480,"caption":"cubeta-para-pediluvio-bovino-cuidado-de-las-pezunas-fa-cp"},{"@type":"BreadcrumbList","@id":"https:\/\/fdasrl.it\/es\/prodotto\/cubeta-para-pediluvio-bovino-cuidado-de-las-pezunas\/#breadcrumb","itemListElement":[{"@type":"ListItem","position":1,"name":"Home","item":"https:\/\/fdasrl.it\/es\/inicio\/"},{"@type":"ListItem","position":2,"name":"Tienda","item":"https:\/\/fdasrl.it\/es\/tienda\/"},{"@type":"ListItem","position":3,"name":"CUBETA PARA PEDILUVIO BOVINO CUIDADO DE LAS PEZU\u00d1AS"}]},{"@type":"WebSite","@id":"https:\/\/fdasrl.it\/es\/#website","url":"https:\/\/fdasrl.it\/es\/","name":"FDA srl","description":"Equipment for animal husbandry","publisher":{"@id":"https:\/\/fdasrl.it\/es\/#organization"},"potentialAction":[{"@type":"SearchAction","target":{"@type":"EntryPoint","urlTemplate":"https:\/\/fdasrl.it\/es\/?s={search_term_string}"},"query-input":{"@type":"PropertyValueSpecification","valueRequired":true,"valueName":"search_term_string"}}],"inLanguage":"es"},{"@type":"Organization","@id":"https:\/\/fdasrl.it\/es\/#organization","name":"FDA srl","url":"https:\/\/fdasrl.it\/es\/","logo":{"@type":"ImageObject","inLanguage":"es","@id":"https:\/\/fdasrl.it\/es\/#\/schema\/logo\/image\/","url":"https:\/\/fdasrl.it\/wp-content\/uploads\/2024\/12\/Logo-FDA.png","contentUrl":"https:\/\/fdasrl.it\/wp-content\/uploads\/2024\/12\/Logo-FDA.png","width":316,"height":119,"caption":"FDA srl"},"image":{"@id":"https:\/\/fdasrl.it\/es\/#\/schema\/logo\/image\/"},"sameAs":["https:\/\/www.facebook.com\/share\/1MWhFWg1Tp\/?mibextid=LQQJ4d","https:\/\/www.instagram.com\/fda_srl\/profilecard\/?igsh=YW5lbzJ6MWg0d21u","https:\/\/www.youtube.com\/@FDASRL_ANIMALCARE"],"description":"FDA SRL \u2013 Equipment for animal husbandry nasce con l\u2019obiettivo di offrire soluzioni affidabili e innovative per l\u2019allevamento moderno. Con anni di esperienza nel settore zootecnico, progettiamo e realizziamo attrezzature destinate al benessere animale e alla gestione efficiente delle stalle: vasche, abbeveratoi, mangiatoie e sistemi di riscaldamento pensati per durare nel tempo e semplificare il lavoro quotidiano degli allevatori. Dalla progettazione alla produzione, ogni nostro prodotto \u00e8 studiato nei minimi dettagli, testato con cura e costruito per rispondere alle esigenze reali del settore. La nostra forza \u00e8 unire artigianalit\u00e0, tecnologia e competenza tecnica per trasformare ogni progetto in una soluzione concreta e funzionale. Oggi FDA SRL \u00e8 un punto di riferimento per privati e rivenditori che cercano qualit\u00e0, affidabilit\u00e0 e innovazione nelle attrezzature per l\u2019allevamento.","email":"info@fdasrl.it","telephone":"+390522826820","legalName":"F.D.A. SRL","foundingDate":"2024-10-13","vatID":"03075840359","taxID":"03075840359","numberOfEmployees":{"@type":"QuantitativeValue","minValue":"1","maxValue":"10"}}]},"product_price_currency":"EUR","og_availability":"instock","product_availability":"instock","product_retailer_item_id":"FA-CP","product_condition":"new"},"_links":{"self":[{"href":"https:\/\/fdasrl.it\/es\/wp-json\/wp\/v2\/product\/3783","targetHints":{"allow":["GET"]}}],"collection":[{"href":"https:\/\/fdasrl.it\/es\/wp-json\/wp\/v2\/product"}],"about":[{"href":"https:\/\/fdasrl.it\/es\/wp-json\/wp\/v2\/types\/product"}],"replies":[{"embeddable":true,"href":"https:\/\/fdasrl.it\/es\/wp-json\/wp\/v2\/comments?post=3783"}],"wp:featuredmedia":[{"embeddable":true,"href":"https:\/\/fdasrl.it\/es\/wp-json\/wp\/v2\/media\/414"}],"wp:attachment":[{"href":"https:\/\/fdasrl.it\/es\/wp-json\/wp\/v2\/media?parent=3783"}],"wp:term":[{"taxonomy":"product_brand","embeddable":true,"href":"https:\/\/fdasrl.it\/es\/wp-json\/wp\/v2\/product_brand?post=3783"},{"taxonomy":"product_cat","embeddable":true,"href":"https:\/\/fdasrl.it\/es\/wp-json\/wp\/v2\/product_cat?post=3783"},{"taxonomy":"product_tag","embeddable":true,"href":"https:\/\/fdasrl.it\/es\/wp-json\/wp\/v2\/product_tag?post=3783"}],"curies":[{"name":"wp","href":"https:\/\/api.w.org\/{rel}","templated":true}]}}