{"id":3810,"date":"2025-01-21T10:38:03","date_gmt":"2025-01-21T09:38:03","guid":{"rendered":"https:\/\/fdasrl.it\/prodotto\/bomba-de-circulacion-anticongelante\/"},"modified":"2025-01-21T10:38:03","modified_gmt":"2025-01-21T09:38:03","slug":"bomba-de-circulacion-anticongelante","status":"publish","type":"product","link":"https:\/\/fdasrl.it\/es\/prodotto\/bomba-de-circulacion-anticongelante\/","title":{"rendered":"Bomba de Circulaci\u00f3n Anticongelante"},"content":{"rendered":"<h2 data-start=\"262\" data-end=\"361\">\ud83d\udca7 <strong data-start=\"268\" data-end=\"361\">AquaLine \u2013 Bomba de Circulaci\u00f3n Anticongelante con Calefacci\u00f3n Integrada para Instalaciones de Abrevadero<\/strong><\/h2>\n<p data-start=\"363\" data-end=\"737\"><strong data-start=\"363\" data-end=\"375\">AquaLine<\/strong> es la <strong data-start=\"381\" data-end=\"498\">soluci\u00f3n profesional para la recirculaci\u00f3n y calefacci\u00f3n del agua en instalaciones de abrevadero para animales<\/strong>, ideal para tuber\u00edas en anillo de hasta <strong data-start=\"538\" data-end=\"551\">250 metros<\/strong> (con tubo de 3\/4&#8243;). El movimiento continuo del agua y la calefacci\u00f3n con resistencia de guillotina ofrecen una <strong data-start=\"666\" data-end=\"702\">protecci\u00f3n segura contra las heladas<\/strong> incluso en las condiciones m\u00e1s rigurosas. <\/p>\n<hr data-start=\"865\" data-end=\"868\">\n<h3 data-start=\"870\" data-end=\"905\">\u2699\ufe0f <strong data-start=\"877\" data-end=\"905\">Caracter\u00edsticas t\u00e9cnicas<\/strong><\/h3>\n<ul data-start=\"907\" data-end=\"1502\">\n<li data-start=\"907\" data-end=\"964\">\n<p data-start=\"909\" data-end=\"964\"><strong data-start=\"909\" data-end=\"937\">Funcionamiento 4 estaciones<\/strong>: con o sin calefacci\u00f3n<\/p>\n<\/li>\n<li data-start=\"965\" data-end=\"1011\">\n<p data-start=\"967\" data-end=\"1011\"><strong data-start=\"967\" data-end=\"1011\">Regulaci\u00f3n autom\u00e1tica de la temperatura<\/strong><\/p>\n<\/li>\n<li data-start=\"1012\" data-end=\"1091\">\n<p data-start=\"1014\" data-end=\"1091\"><strong data-start=\"1014\" data-end=\"1042\">Dispositivo de seguridad<\/strong> contra el sobrecalentamiento con bloqueo autom\u00e1tico<\/p>\n<\/li>\n<li data-start=\"1092\" data-end=\"1141\">\n<p data-start=\"1094\" data-end=\"1141\"><strong data-start=\"1094\" data-end=\"1115\">Pilotos LED separados<\/strong> para bomba y calefacci\u00f3n<\/p>\n<\/li>\n<li data-start=\"1142\" data-end=\"1175\">\n<p data-start=\"1144\" data-end=\"1175\"><strong data-start=\"1144\" data-end=\"1175\">V\u00e1lvula de purga integrada<\/strong><\/p>\n<\/li>\n<li data-start=\"1176\" data-end=\"1249\">\n<p data-start=\"1178\" data-end=\"1249\"><strong data-start=\"1178\" data-end=\"1202\">Electr\u00f3nica protegida<\/strong> en caja aislada de poliamida anticondensaci\u00f3n<\/p>\n<\/li>\n<li data-start=\"1250\" data-end=\"1314\">\n<p data-start=\"1252\" data-end=\"1314\"><strong data-start=\"1252\" data-end=\"1278\">Instalaci\u00f3n sencilla<\/strong> en pared (kit de fijaci\u00f3n incluido)<\/p>\n<\/li>\n<li data-start=\"1315\" data-end=\"1364\">\n<p data-start=\"1317\" data-end=\"1364\"><strong data-start=\"1317\" data-end=\"1336\">Dise\u00f1o compacto<\/strong>, ideal para espacios reducidos<\/p>\n<\/li>\n<li data-start=\"1365\" data-end=\"1416\">\n<p data-start=\"1367\" data-end=\"1416\"><strong data-start=\"1367\" data-end=\"1389\">Bajo mantenimiento<\/strong>, materiales de alta calidad<\/p>\n<\/li>\n<li data-start=\"1417\" data-end=\"1443\">\n<p data-start=\"1419\" data-end=\"1443\"><strong data-start=\"1419\" data-end=\"1436\">Alimentaci\u00f3n<\/strong>: 230 V<\/p>\n<\/li>\n<li data-start=\"1444\" data-end=\"1479\">\n<p data-start=\"1446\" data-end=\"1479\"><strong data-start=\"1446\" data-end=\"1463\">Conexi\u00f3n de agua<\/strong>: 3\/4&#8243; desde abajo<\/p>\n<\/li>\n<li data-start=\"1480\" data-end=\"1502\">\n<p data-start=\"1482\" data-end=\"1502\"><strong data-start=\"1482\" data-end=\"1494\">Garant\u00eda<\/strong>: 2 a\u00f1os<\/p>\n<\/li>\n<\/ul>\n<hr data-start=\"1959\" data-end=\"1962\">\n<h3 data-start=\"1964\" data-end=\"2031\">\ud83d\udc04 <strong data-start=\"1971\" data-end=\"2031\">Perfecta para instalaciones de abrevadero en explotaciones de:<\/strong><\/h3>\n<ul data-start=\"2032\" data-end=\"2098\">\n<li data-start=\"2032\" data-end=\"2040\">\n<p data-start=\"2034\" data-end=\"2040\">Bovinos<\/p>\n<\/li>\n<li data-start=\"2041\" data-end=\"2048\">\n<p data-start=\"2043\" data-end=\"2048\">Porcino<\/p>\n<\/li>\n<li data-start=\"2049\" data-end=\"2058\">\n<p data-start=\"2051\" data-end=\"2058\">Caballos<\/p>\n<\/li>\n<li data-start=\"2059\" data-end=\"2071\">\n<p data-start=\"2061\" data-end=\"2071\">Ovino y caprino<\/p>\n<\/li>\n<li data-start=\"2072\" data-end=\"2098\">\n<p data-start=\"2074\" data-end=\"2098\">Otros animales de renta<\/p>\n<\/li>\n<\/ul>\n<p>C\u00f3mprala en nuestra <a href=\"https:\/\/fda-shop.it\/shop\/articoli-per-allevamento\/pompa-di-ricircolo-acqua-antigelo-marca-aqualine\" target=\"_blank\" rel=\"noopener\">tienda online<\/a><\/p>\n","protected":false},"excerpt":{"rendered":"<p>Bomba de circulaci\u00f3n con calefacci\u00f3n integrada para instalaciones de abrevadero de hasta 250 m. Protecci\u00f3n anticongelante e instalaci\u00f3n sencilla. <\/p>\n","protected":false},"featured_media":366,"comment_status":"open","ping_status":"closed","template":"","meta":{"_et_pb_use_builder":"","_et_pb_old_content":"","_et_gb_content_width":""},"product_brand":[],"product_cat":[919,403],"product_tag":[920],"class_list":{"0":"post-3810","1":"product","2":"type-product","3":"status-publish","4":"has-post-thumbnail","6":"product_cat-bebederos-anticongelantes","7":"product_cat-bovinos","8":"product_tag-neg-fabb0019","10":"first","11":"instock","12":"shipping-taxable","13":"product-type-simple"},"yoast_head":"<!-- This site is optimized with the Yoast SEO Premium plugin v27.5 (Yoast SEO v27.5) - https:\/\/yoast.com\/product\/yoast-seo-premium-wordpress\/ -->\n<title>Bomba de circulaci\u00f3n anticongelante con instalaci\u00f3n sencilla - FDA srl<\/title>\n<meta name=\"description\" content=\"Descubre la Bomba de circulaci\u00f3n anticongelante AquaLine, ideal para la calefacci\u00f3n del agua en los bebederos. \u00a1Pide hoy tu soluci\u00f3n profesional!\" \/>\n<meta name=\"robots\" content=\"index, follow, max-snippet:-1, max-image-preview:large, max-video-preview:-1\" \/>\n<link rel=\"canonical\" href=\"https:\/\/fdasrl.it\/es\/prodotto\/bomba-de-circulacion-anticongelante\/\" \/>\n<meta property=\"og:locale\" content=\"es_ES\" \/>\n<meta property=\"og:type\" content=\"article\" \/>\n<meta property=\"og:title\" content=\"Bomba de Circulaci\u00f3n Anticongelante\" \/>\n<meta property=\"og:description\" content=\"Descubre la Bomba de circulaci\u00f3n anticongelante AquaLine, ideal para la calefacci\u00f3n del agua en los bebederos. \u00a1Pide hoy tu soluci\u00f3n profesional!\" \/>\n<meta property=\"og:url\" content=\"https:\/\/fdasrl.it\/es\/prodotto\/bomba-de-circulacion-anticongelante\/\" \/>\n<meta property=\"og:site_name\" content=\"FDA srl\" \/>\n<meta property=\"article:publisher\" content=\"https:\/\/www.facebook.com\/share\/1MWhFWg1Tp\/?mibextid=LQQJ4d\" \/>\n<meta property=\"og:image\" content=\"https:\/\/fdasrl.it\/wp-content\/uploads\/2025\/01\/22331_3.jpg\" \/>\n\t<meta property=\"og:image:width\" content=\"500\" \/>\n\t<meta property=\"og:image:height\" content=\"500\" \/>\n\t<meta property=\"og:image:type\" content=\"image\/jpeg\" \/>\n<meta name=\"twitter:card\" content=\"summary_large_image\" \/>\n<meta name=\"twitter:label1\" content=\"Precio\" \/>\n\t<meta name=\"twitter:data1\" content=\"\" \/>\n\t<meta name=\"twitter:label2\" content=\"Disponibilidad\" \/>\n\t<meta name=\"twitter:data2\" content=\"Disponible\" \/>\n<meta property=\"product:price:currency\" content=\"EUR\" \/>\n<meta property=\"og:availability\" content=\"instock\" \/>\n<meta property=\"product:availability\" content=\"instock\" \/>\n<meta property=\"product:retailer_item_id\" content=\"NEG-FABB0019\" \/>\n<meta property=\"product:condition\" content=\"new\" \/>\n<!-- \/ Yoast SEO Premium plugin. -->","yoast_head_json":{"title":"Bomba de circulaci\u00f3n anticongelante con instalaci\u00f3n sencilla - FDA srl","description":"Descubre la Bomba de circulaci\u00f3n anticongelante AquaLine, ideal para la calefacci\u00f3n del agua en los bebederos. \u00a1Pide hoy tu soluci\u00f3n profesional!","robots":{"index":"index","follow":"follow","max-snippet":"max-snippet:-1","max-image-preview":"max-image-preview:large","max-video-preview":"max-video-preview:-1"},"canonical":"https:\/\/fdasrl.it\/es\/prodotto\/bomba-de-circulacion-anticongelante\/","og_locale":"es_ES","og_type":"article","og_title":"Bomba de Circulaci\u00f3n Anticongelante","og_description":"Descubre la Bomba de circulaci\u00f3n anticongelante AquaLine, ideal para la calefacci\u00f3n del agua en los bebederos. \u00a1Pide hoy tu soluci\u00f3n profesional!","og_url":"https:\/\/fdasrl.it\/es\/prodotto\/bomba-de-circulacion-anticongelante\/","og_site_name":"FDA srl","article_publisher":"https:\/\/www.facebook.com\/share\/1MWhFWg1Tp\/?mibextid=LQQJ4d","og_image":[{"width":500,"height":500,"url":"https:\/\/fdasrl.it\/wp-content\/uploads\/2025\/01\/22331_3.jpg","type":"image\/jpeg"}],"twitter_card":"summary_large_image","twitter_misc":{"Precio":"","Disponibilidad":"Disponible"},"schema":{"@context":"https:\/\/schema.org","@graph":[{"@type":"WebPage","@id":"https:\/\/fdasrl.it\/es\/prodotto\/bomba-de-circulacion-anticongelante\/","url":"https:\/\/fdasrl.it\/es\/prodotto\/bomba-de-circulacion-anticongelante\/","name":"Bomba de circulaci\u00f3n anticongelante con instalaci\u00f3n sencilla - FDA srl","isPartOf":{"@id":"https:\/\/fdasrl.it\/es\/#website"},"primaryImageOfPage":{"@id":"https:\/\/fdasrl.it\/es\/prodotto\/bomba-de-circulacion-anticongelante\/#primaryimage"},"image":{"@id":"https:\/\/fdasrl.it\/es\/prodotto\/bomba-de-circulacion-anticongelante\/#primaryimage"},"thumbnailUrl":"https:\/\/fdasrl.it\/wp-content\/uploads\/2025\/01\/22331_3.jpg","datePublished":"2025-01-21T09:38:03+00:00","description":"Descubre la Bomba de circulaci\u00f3n anticongelante AquaLine, ideal para la calefacci\u00f3n del agua en los bebederos. \u00a1Pide hoy tu soluci\u00f3n profesional!","breadcrumb":{"@id":"https:\/\/fdasrl.it\/es\/prodotto\/bomba-de-circulacion-anticongelante\/#breadcrumb"},"inLanguage":"es","potentialAction":[{"@type":"ReadAction","target":["https:\/\/fdasrl.it\/es\/prodotto\/bomba-de-circulacion-anticongelante\/"]}]},{"@type":"ImageObject","inLanguage":"es","@id":"https:\/\/fdasrl.it\/es\/prodotto\/bomba-de-circulacion-anticongelante\/#primaryimage","url":"https:\/\/fdasrl.it\/wp-content\/uploads\/2025\/01\/22331_3.jpg","contentUrl":"https:\/\/fdasrl.it\/wp-content\/uploads\/2025\/01\/22331_3.jpg","width":500,"height":500},{"@type":"BreadcrumbList","@id":"https:\/\/fdasrl.it\/es\/prodotto\/bomba-de-circulacion-anticongelante\/#breadcrumb","itemListElement":[{"@type":"ListItem","position":1,"name":"Home","item":"https:\/\/fdasrl.it\/es\/inicio\/"},{"@type":"ListItem","position":2,"name":"Tienda","item":"https:\/\/fdasrl.it\/es\/tienda\/"},{"@type":"ListItem","position":3,"name":"Bomba de Circulaci\u00f3n Anticongelante"}]},{"@type":"WebSite","@id":"https:\/\/fdasrl.it\/es\/#website","url":"https:\/\/fdasrl.it\/es\/","name":"FDA srl","description":"Equipment for animal husbandry","publisher":{"@id":"https:\/\/fdasrl.it\/es\/#organization"},"potentialAction":[{"@type":"SearchAction","target":{"@type":"EntryPoint","urlTemplate":"https:\/\/fdasrl.it\/es\/?s={search_term_string}"},"query-input":{"@type":"PropertyValueSpecification","valueRequired":true,"valueName":"search_term_string"}}],"inLanguage":"es"},{"@type":"Organization","@id":"https:\/\/fdasrl.it\/es\/#organization","name":"FDA srl","url":"https:\/\/fdasrl.it\/es\/","logo":{"@type":"ImageObject","inLanguage":"es","@id":"https:\/\/fdasrl.it\/es\/#\/schema\/logo\/image\/","url":"https:\/\/fdasrl.it\/wp-content\/uploads\/2024\/12\/Logo-FDA.png","contentUrl":"https:\/\/fdasrl.it\/wp-content\/uploads\/2024\/12\/Logo-FDA.png","width":316,"height":119,"caption":"FDA srl"},"image":{"@id":"https:\/\/fdasrl.it\/es\/#\/schema\/logo\/image\/"},"sameAs":["https:\/\/www.facebook.com\/share\/1MWhFWg1Tp\/?mibextid=LQQJ4d","https:\/\/www.instagram.com\/fda_srl\/profilecard\/?igsh=YW5lbzJ6MWg0d21u","https:\/\/www.youtube.com\/@FDASRL_ANIMALCARE"],"description":"FDA SRL \u2013 Equipment for animal husbandry nasce con l\u2019obiettivo di offrire soluzioni affidabili e innovative per l\u2019allevamento moderno. Con anni di esperienza nel settore zootecnico, progettiamo e realizziamo attrezzature destinate al benessere animale e alla gestione efficiente delle stalle: vasche, abbeveratoi, mangiatoie e sistemi di riscaldamento pensati per durare nel tempo e semplificare il lavoro quotidiano degli allevatori. Dalla progettazione alla produzione, ogni nostro prodotto \u00e8 studiato nei minimi dettagli, testato con cura e costruito per rispondere alle esigenze reali del settore. La nostra forza \u00e8 unire artigianalit\u00e0, tecnologia e competenza tecnica per trasformare ogni progetto in una soluzione concreta e funzionale. Oggi FDA SRL \u00e8 un punto di riferimento per privati e rivenditori che cercano qualit\u00e0, affidabilit\u00e0 e innovazione nelle attrezzature per l\u2019allevamento.","email":"info@fdasrl.it","telephone":"+390522826820","legalName":"F.D.A. SRL","foundingDate":"2024-10-13","vatID":"03075840359","taxID":"03075840359","numberOfEmployees":{"@type":"QuantitativeValue","minValue":"1","maxValue":"10"}}]},"product_price_currency":"EUR","og_availability":"instock","product_availability":"instock","product_retailer_item_id":"NEG-FABB0019","product_condition":"new"},"_links":{"self":[{"href":"https:\/\/fdasrl.it\/es\/wp-json\/wp\/v2\/product\/3810","targetHints":{"allow":["GET"]}}],"collection":[{"href":"https:\/\/fdasrl.it\/es\/wp-json\/wp\/v2\/product"}],"about":[{"href":"https:\/\/fdasrl.it\/es\/wp-json\/wp\/v2\/types\/product"}],"replies":[{"embeddable":true,"href":"https:\/\/fdasrl.it\/es\/wp-json\/wp\/v2\/comments?post=3810"}],"wp:featuredmedia":[{"embeddable":true,"href":"https:\/\/fdasrl.it\/es\/wp-json\/wp\/v2\/media\/366"}],"wp:attachment":[{"href":"https:\/\/fdasrl.it\/es\/wp-json\/wp\/v2\/media?parent=3810"}],"wp:term":[{"taxonomy":"product_brand","embeddable":true,"href":"https:\/\/fdasrl.it\/es\/wp-json\/wp\/v2\/product_brand?post=3810"},{"taxonomy":"product_cat","embeddable":true,"href":"https:\/\/fdasrl.it\/es\/wp-json\/wp\/v2\/product_cat?post=3810"},{"taxonomy":"product_tag","embeddable":true,"href":"https:\/\/fdasrl.it\/es\/wp-json\/wp\/v2\/product_tag?post=3810"}],"curies":[{"name":"wp","href":"https:\/\/api.w.org\/{rel}","templated":true}]}}