{"id":3828,"date":"2025-01-21T10:30:25","date_gmt":"2025-01-21T09:30:25","guid":{"rendered":"https:\/\/fdasrl.it\/prodotto\/bebedero-termico-anticongelante-de-dos-bolas-fa-at-2\/"},"modified":"2025-01-21T10:30:25","modified_gmt":"2025-01-21T09:30:25","slug":"bebedero-termico-anticongelante-de-dos-bolas-fa-at-2","status":"publish","type":"product","link":"https:\/\/fdasrl.it\/es\/prodotto\/bebedero-termico-anticongelante-de-dos-bolas-fa-at-2\/","title":{"rendered":"Bebedero t\u00e9rmico anticongelante de dos bolas FA-AT 2"},"content":{"rendered":"<h2 data-start=\"227\" data-end=\"307\">\u2744\ufe0f <strong data-start=\"233\" data-end=\"307\">Bebedero T\u00e9rmico Anticongelante de Dos Bolas FA-AT 2 para Bovinos y Equinos<\/strong><\/h2>\n<p data-start=\"309\" data-end=\"516\">El <strong data-start=\"311\" data-end=\"352\">bebedero t\u00e9rmico anticongelante FA-AT 2<\/strong> est\u00e1 dise\u00f1ado para garantizar <strong data-start=\"380\" data-end=\"414\">agua disponible todo el a\u00f1o<\/strong>, incluso en condiciones clim\u00e1ticas extremas hasta <strong data-start=\"462\" data-end=\"472\">\u201330 \u00b0C<\/strong>, sin utilizar resistencias el\u00e9ctricas.<\/p>\n<p data-start=\"518\" data-end=\"769\">Construido con <strong data-start=\"532\" data-end=\"549\">doble pared<\/strong> y <strong data-start=\"552\" data-end=\"608\">aislamiento de espuma de poliuretano de alta densidad<\/strong>, mantiene la temperatura del agua entre <strong data-start=\"649\" data-end=\"672\">3\u00b0 y 5 \u00b0C en invierno<\/strong> y entre <strong data-start=\"679\" data-end=\"703\">10\u00b0 y 12 \u00b0C en verano<\/strong>, asegurando <strong data-start=\"717\" data-end=\"768\">higiene, protecci\u00f3n contra el hielo y bienestar animal<\/strong>.<\/p>\n<hr data-start=\"771\" data-end=\"774\">\n<h3 data-start=\"776\" data-end=\"822\">\ud83d\udc04 <strong data-start=\"783\" data-end=\"822\">Caracter\u00edsticas t\u00e9cnicas principales<\/strong><\/h3>\n<ul data-start=\"824\" data-end=\"1407\">\n<li data-start=\"824\" data-end=\"846\">\n<p data-start=\"826\" data-end=\"846\"><strong data-start=\"826\" data-end=\"837\">Modelo<\/strong>: FA-AT 2<\/p>\n<\/li>\n<li data-start=\"847\" data-end=\"872\">\n<p data-start=\"849\" data-end=\"872\"><strong data-start=\"849\" data-end=\"861\">Capacidad<\/strong>: 100 litros<\/p>\n<\/li>\n<li data-start=\"873\" data-end=\"904\">\n<p data-start=\"875\" data-end=\"904\"><strong data-start=\"875\" data-end=\"894\">Caudal v\u00e1lvula<\/strong>: 35 l\/min<\/p>\n<\/li>\n<li data-start=\"905\" data-end=\"959\">\n<p data-start=\"907\" data-end=\"959\"><strong data-start=\"907\" data-end=\"930\">Alimentaci\u00f3n agua<\/strong>: conexi\u00f3n inferior 1\/2&#8243;<\/p>\n<\/li>\n<li data-start=\"960\" data-end=\"1007\">\n<p data-start=\"962\" data-end=\"1007\"><strong data-start=\"962\" data-end=\"984\">Aislamiento t\u00e9rmico<\/strong> de poliuretano expandido<\/p>\n<\/li>\n<li data-start=\"1008\" data-end=\"1054\">\n<p data-start=\"1010\" data-end=\"1054\"><strong data-start=\"1010\" data-end=\"1035\">Doble bola anticongelante<\/strong> de nivel constante<\/p>\n<\/li>\n<li data-start=\"1055\" data-end=\"1109\">\n<p data-start=\"1057\" data-end=\"1109\"><strong data-start=\"1057\" data-end=\"1071\">Adecuado para<\/strong>: hasta 30 animales (bovinos y equinos)<\/p>\n<\/li>\n<li data-start=\"1110\" data-end=\"1148\">\n<p data-start=\"1112\" data-end=\"1148\"><strong data-start=\"1112\" data-end=\"1126\">Dimensiones<\/strong>: 108,5 x 70 x 52,5 cm<\/p>\n<\/li>\n<li data-start=\"1149\" data-end=\"1200\">\n<p data-start=\"1151\" data-end=\"1200\"><strong data-start=\"1151\" data-end=\"1176\">Resiste hasta \u201330 \u00b0C<\/strong> sin energ\u00eda el\u00e9ctrica<\/p>\n<\/li>\n<li data-start=\"1201\" data-end=\"1240\">\n<p data-start=\"1203\" data-end=\"1240\"><strong data-start=\"1203\" data-end=\"1221\">Desag\u00fce r\u00e1pido<\/strong> con tap\u00f3n \u00d8 100 mm<\/p>\n<\/li>\n<li data-start=\"1241\" data-end=\"1407\">\n<p data-start=\"1243\" data-end=\"1265\"><strong data-start=\"1243\" data-end=\"1264\">Accesorios incluidos<\/strong>:<\/p>\n<ul data-start=\"1268\" data-end=\"1407\">\n<li data-start=\"1268\" data-end=\"1298\">\n<p data-start=\"1270\" data-end=\"1298\">Tirantes de fijaci\u00f3n al suelo<\/p>\n<\/li>\n<li data-start=\"1301\" data-end=\"1356\">\n<p data-start=\"1303\" data-end=\"1356\">Juntas de recambio para la v\u00e1lvula de flotador<\/p>\n<\/li>\n<li data-start=\"1359\" data-end=\"1407\">\n<p data-start=\"1361\" data-end=\"1407\">V\u00e1lvula de desag\u00fce con tubo flexible aislado<\/p>\n<\/li>\n<\/ul>\n<\/li>\n<\/ul>\n<hr data-start=\"1409\" data-end=\"1412\">\n<h3 data-start=\"1414\" data-end=\"1459\">\ud83d\udca7 <strong data-start=\"1421\" data-end=\"1459\">Ventajas del bebedero FA-AT 2<\/strong><\/h3>\n<ul data-start=\"1461\" data-end=\"1737\">\n<li data-start=\"1461\" data-end=\"1505\">\n<p data-start=\"1463\" data-end=\"1505\">No necesita alimentaci\u00f3n el\u00e9ctrica<\/p>\n<\/li>\n<li data-start=\"1506\" data-end=\"1543\">\n<p data-start=\"1508\" data-end=\"1543\">M\u00e1xima protecci\u00f3n anticongelante pasiva<\/p>\n<\/li>\n<li data-start=\"1544\" data-end=\"1606\">\n<p data-start=\"1546\" data-end=\"1606\">Agua siempre disponible, limpia y a temperatura controlada<\/p>\n<\/li>\n<li data-start=\"1607\" data-end=\"1641\">\n<p data-start=\"1609\" data-end=\"1641\">Instalaci\u00f3n sencilla y robusta<\/p>\n<\/li>\n<li data-start=\"1642\" data-end=\"1691\">\n<p data-start=\"1644\" data-end=\"1691\">Reduce la suciedad y mejora la higiene del agua<\/p>\n<\/li>\n<li data-start=\"1692\" data-end=\"1737\">\n<p data-start=\"1694\" data-end=\"1737\">Ideal para establos, paddocks, recintos exteriores<\/p>\n<\/li>\n<\/ul>\n<p>C\u00f3mpralo en nuestra <a href=\"https:\/\/fda-shop.it\/shop\/articoli-per-allevamento\/abbeveratoi\/abbeveratoio-termico-antigelo-fa-at-2\" target=\"_blank\" rel=\"noopener\">tienda online<\/a><\/p>\n","protected":false},"excerpt":{"rendered":"<p>Bebedero t\u00e9rmico anticongelante de dos bolas de 100 litros para bovinos y caballos. Sin electricidad, resiste hasta -30 \u00b0C. Ideal para establos y recintos exteriores.  <\/p>\n","protected":false},"featured_media":358,"comment_status":"open","ping_status":"closed","template":"","meta":{"_et_pb_use_builder":"","_et_pb_old_content":"","_et_gb_content_width":""},"product_brand":[],"product_cat":[552,919,403,607],"product_tag":[923],"class_list":{"0":"post-3828","1":"product","2":"type-product","3":"status-publish","4":"has-post-thumbnail","6":"product_cat-bebederos-2","7":"product_cat-bebederos-anticongelantes","8":"product_cat-bovinos","9":"product_cat-caballos","10":"product_tag-fa-at2","12":"first","13":"instock","14":"shipping-taxable","15":"product-type-simple"},"yoast_head":"<!-- This site is optimized with the Yoast SEO Premium plugin v27.5 (Yoast SEO v27.5) - https:\/\/yoast.com\/product\/yoast-seo-premium-wordpress\/ -->\n<title>Bebedero t\u00e9rmico anticongelante para bovinos y equinos - Invierno - FDA srl<\/title>\n<meta name=\"description\" content=\"Mant\u00e9n hidratados a tus animales con el bebedero t\u00e9rmico anticongelante para bovinos y equinos. \u00a1Una excelente inversi\u00f3n para su bienestar! \u2744\ufe0f\" \/>\n<meta name=\"robots\" content=\"index, follow, max-snippet:-1, max-image-preview:large, max-video-preview:-1\" \/>\n<link rel=\"canonical\" href=\"https:\/\/fdasrl.it\/es\/prodotto\/bebedero-termico-anticongelante-de-dos-bolas-fa-at-2\/\" \/>\n<meta property=\"og:locale\" content=\"es_ES\" \/>\n<meta property=\"og:type\" content=\"article\" \/>\n<meta property=\"og:title\" content=\"Bebedero t\u00e9rmico anticongelante de dos bolas FA-AT 2\" \/>\n<meta property=\"og:description\" content=\"Mant\u00e9n hidratados a tus animales con el bebedero t\u00e9rmico anticongelante para bovinos y equinos. \u00a1Una excelente inversi\u00f3n para su bienestar! \u2744\ufe0f\" \/>\n<meta property=\"og:url\" content=\"https:\/\/fdasrl.it\/es\/prodotto\/bebedero-termico-anticongelante-de-dos-bolas-fa-at-2\/\" \/>\n<meta property=\"og:site_name\" content=\"FDA srl\" \/>\n<meta property=\"article:publisher\" content=\"https:\/\/www.facebook.com\/share\/1MWhFWg1Tp\/?mibextid=LQQJ4d\" \/>\n<meta property=\"og:image\" content=\"https:\/\/fdasrl.it\/wp-content\/uploads\/2025\/01\/FA-AT-2.jpg\" \/>\n\t<meta property=\"og:image:width\" content=\"730\" \/>\n\t<meta property=\"og:image:height\" content=\"531\" \/>\n\t<meta property=\"og:image:type\" content=\"image\/jpeg\" \/>\n<meta name=\"twitter:card\" content=\"summary_large_image\" \/>\n<meta name=\"twitter:label1\" content=\"Precio\" \/>\n\t<meta name=\"twitter:data1\" content=\"\" \/>\n\t<meta name=\"twitter:label2\" content=\"Disponibilidad\" \/>\n\t<meta name=\"twitter:data2\" content=\"Disponible\" \/>\n<meta property=\"product:price:currency\" content=\"EUR\" \/>\n<meta property=\"og:availability\" content=\"instock\" \/>\n<meta property=\"product:availability\" content=\"instock\" \/>\n<meta property=\"product:retailer_item_id\" content=\"FAAT2\" \/>\n<meta property=\"product:condition\" content=\"new\" \/>\n<!-- \/ Yoast SEO Premium plugin. -->","yoast_head_json":{"title":"Bebedero t\u00e9rmico anticongelante para bovinos y equinos - Invierno - FDA srl","description":"Mant\u00e9n hidratados a tus animales con el bebedero t\u00e9rmico anticongelante para bovinos y equinos. \u00a1Una excelente inversi\u00f3n para su bienestar! \u2744\ufe0f","robots":{"index":"index","follow":"follow","max-snippet":"max-snippet:-1","max-image-preview":"max-image-preview:large","max-video-preview":"max-video-preview:-1"},"canonical":"https:\/\/fdasrl.it\/es\/prodotto\/bebedero-termico-anticongelante-de-dos-bolas-fa-at-2\/","og_locale":"es_ES","og_type":"article","og_title":"Bebedero t\u00e9rmico anticongelante de dos bolas FA-AT 2","og_description":"Mant\u00e9n hidratados a tus animales con el bebedero t\u00e9rmico anticongelante para bovinos y equinos. \u00a1Una excelente inversi\u00f3n para su bienestar! \u2744\ufe0f","og_url":"https:\/\/fdasrl.it\/es\/prodotto\/bebedero-termico-anticongelante-de-dos-bolas-fa-at-2\/","og_site_name":"FDA srl","article_publisher":"https:\/\/www.facebook.com\/share\/1MWhFWg1Tp\/?mibextid=LQQJ4d","og_image":[{"width":730,"height":531,"url":"https:\/\/fdasrl.it\/wp-content\/uploads\/2025\/01\/FA-AT-2.jpg","type":"image\/jpeg"}],"twitter_card":"summary_large_image","twitter_misc":{"Precio":"","Disponibilidad":"Disponible"},"schema":{"@context":"https:\/\/schema.org","@graph":[{"@type":"WebPage","@id":"https:\/\/fdasrl.it\/es\/prodotto\/bebedero-termico-anticongelante-de-dos-bolas-fa-at-2\/","url":"https:\/\/fdasrl.it\/es\/prodotto\/bebedero-termico-anticongelante-de-dos-bolas-fa-at-2\/","name":"Bebedero t\u00e9rmico anticongelante para bovinos y equinos - Invierno - FDA srl","isPartOf":{"@id":"https:\/\/fdasrl.it\/es\/#website"},"primaryImageOfPage":{"@id":"https:\/\/fdasrl.it\/es\/prodotto\/bebedero-termico-anticongelante-de-dos-bolas-fa-at-2\/#primaryimage"},"image":{"@id":"https:\/\/fdasrl.it\/es\/prodotto\/bebedero-termico-anticongelante-de-dos-bolas-fa-at-2\/#primaryimage"},"thumbnailUrl":"https:\/\/fdasrl.it\/wp-content\/uploads\/2025\/01\/FA-AT-2.jpg","datePublished":"2025-01-21T09:30:25+00:00","description":"Mant\u00e9n hidratados a tus animales con el bebedero t\u00e9rmico anticongelante para bovinos y equinos. \u00a1Una excelente inversi\u00f3n para su bienestar! \u2744\ufe0f","breadcrumb":{"@id":"https:\/\/fdasrl.it\/es\/prodotto\/bebedero-termico-anticongelante-de-dos-bolas-fa-at-2\/#breadcrumb"},"inLanguage":"es","potentialAction":[{"@type":"ReadAction","target":["https:\/\/fdasrl.it\/es\/prodotto\/bebedero-termico-anticongelante-de-dos-bolas-fa-at-2\/"]}]},{"@type":"ImageObject","inLanguage":"es","@id":"https:\/\/fdasrl.it\/es\/prodotto\/bebedero-termico-anticongelante-de-dos-bolas-fa-at-2\/#primaryimage","url":"https:\/\/fdasrl.it\/wp-content\/uploads\/2025\/01\/FA-AT-2.jpg","contentUrl":"https:\/\/fdasrl.it\/wp-content\/uploads\/2025\/01\/FA-AT-2.jpg","width":730,"height":531,"caption":"Bebedero t\u00e9rmico anticongelante de dos bolas FA-AT 2 para bovinos y equinos"},{"@type":"BreadcrumbList","@id":"https:\/\/fdasrl.it\/es\/prodotto\/bebedero-termico-anticongelante-de-dos-bolas-fa-at-2\/#breadcrumb","itemListElement":[{"@type":"ListItem","position":1,"name":"Home","item":"https:\/\/fdasrl.it\/es\/inicio\/"},{"@type":"ListItem","position":2,"name":"Tienda","item":"https:\/\/fdasrl.it\/es\/tienda\/"},{"@type":"ListItem","position":3,"name":"Bebedero t\u00e9rmico anticongelante de dos bolas FA-AT 2"}]},{"@type":"WebSite","@id":"https:\/\/fdasrl.it\/es\/#website","url":"https:\/\/fdasrl.it\/es\/","name":"FDA srl","description":"Equipment for animal husbandry","publisher":{"@id":"https:\/\/fdasrl.it\/es\/#organization"},"potentialAction":[{"@type":"SearchAction","target":{"@type":"EntryPoint","urlTemplate":"https:\/\/fdasrl.it\/es\/?s={search_term_string}"},"query-input":{"@type":"PropertyValueSpecification","valueRequired":true,"valueName":"search_term_string"}}],"inLanguage":"es"},{"@type":"Organization","@id":"https:\/\/fdasrl.it\/es\/#organization","name":"FDA srl","url":"https:\/\/fdasrl.it\/es\/","logo":{"@type":"ImageObject","inLanguage":"es","@id":"https:\/\/fdasrl.it\/es\/#\/schema\/logo\/image\/","url":"https:\/\/fdasrl.it\/wp-content\/uploads\/2024\/12\/Logo-FDA.png","contentUrl":"https:\/\/fdasrl.it\/wp-content\/uploads\/2024\/12\/Logo-FDA.png","width":316,"height":119,"caption":"FDA srl"},"image":{"@id":"https:\/\/fdasrl.it\/es\/#\/schema\/logo\/image\/"},"sameAs":["https:\/\/www.facebook.com\/share\/1MWhFWg1Tp\/?mibextid=LQQJ4d","https:\/\/www.instagram.com\/fda_srl\/profilecard\/?igsh=YW5lbzJ6MWg0d21u","https:\/\/www.youtube.com\/@FDASRL_ANIMALCARE"],"description":"FDA SRL \u2013 Equipment for animal husbandry nasce con l\u2019obiettivo di offrire soluzioni affidabili e innovative per l\u2019allevamento moderno. Con anni di esperienza nel settore zootecnico, progettiamo e realizziamo attrezzature destinate al benessere animale e alla gestione efficiente delle stalle: vasche, abbeveratoi, mangiatoie e sistemi di riscaldamento pensati per durare nel tempo e semplificare il lavoro quotidiano degli allevatori. Dalla progettazione alla produzione, ogni nostro prodotto \u00e8 studiato nei minimi dettagli, testato con cura e costruito per rispondere alle esigenze reali del settore. La nostra forza \u00e8 unire artigianalit\u00e0, tecnologia e competenza tecnica per trasformare ogni progetto in una soluzione concreta e funzionale. Oggi FDA SRL \u00e8 un punto di riferimento per privati e rivenditori che cercano qualit\u00e0, affidabilit\u00e0 e innovazione nelle attrezzature per l\u2019allevamento.","email":"info@fdasrl.it","telephone":"+390522826820","legalName":"F.D.A. SRL","foundingDate":"2024-10-13","vatID":"03075840359","taxID":"03075840359","numberOfEmployees":{"@type":"QuantitativeValue","minValue":"1","maxValue":"10"}}]},"product_price_currency":"EUR","og_availability":"instock","product_availability":"instock","product_retailer_item_id":"FAAT2","product_condition":"new"},"_links":{"self":[{"href":"https:\/\/fdasrl.it\/es\/wp-json\/wp\/v2\/product\/3828","targetHints":{"allow":["GET"]}}],"collection":[{"href":"https:\/\/fdasrl.it\/es\/wp-json\/wp\/v2\/product"}],"about":[{"href":"https:\/\/fdasrl.it\/es\/wp-json\/wp\/v2\/types\/product"}],"replies":[{"embeddable":true,"href":"https:\/\/fdasrl.it\/es\/wp-json\/wp\/v2\/comments?post=3828"}],"wp:featuredmedia":[{"embeddable":true,"href":"https:\/\/fdasrl.it\/es\/wp-json\/wp\/v2\/media\/358"}],"wp:attachment":[{"href":"https:\/\/fdasrl.it\/es\/wp-json\/wp\/v2\/media?parent=3828"}],"wp:term":[{"taxonomy":"product_brand","embeddable":true,"href":"https:\/\/fdasrl.it\/es\/wp-json\/wp\/v2\/product_brand?post=3828"},{"taxonomy":"product_cat","embeddable":true,"href":"https:\/\/fdasrl.it\/es\/wp-json\/wp\/v2\/product_cat?post=3828"},{"taxonomy":"product_tag","embeddable":true,"href":"https:\/\/fdasrl.it\/es\/wp-json\/wp\/v2\/product_tag?post=3828"}],"curies":[{"name":"wp","href":"https:\/\/api.w.org\/{rel}","templated":true}]}}