{"id":3848,"date":"2025-01-21T10:51:18","date_gmt":"2025-01-21T09:51:18","guid":{"rendered":"https:\/\/fdasrl.it\/prodotto\/bebedero-inclinado-de-acero-inoxidable-automatico\/"},"modified":"2025-01-21T10:51:18","modified_gmt":"2025-01-21T09:51:18","slug":"bebedero-inclinado-de-acero-inoxidable-automatico","status":"publish","type":"product","link":"https:\/\/fdasrl.it\/es\/prodotto\/bebedero-inclinado-de-acero-inoxidable-automatico\/","title":{"rendered":"BEBEDERO INCLINADO DE ACERO INOXIDABLE AUTOM\u00c1TICO"},"content":{"rendered":"<h3 data-start=\"109\" data-end=\"179\">Bebedero autom\u00e1tico de nivel constante modelo inclinado FA-V4<\/h3>\n<p data-start=\"181\" data-end=\"405\">El bebedero autom\u00e1tico <strong data-start=\"207\" data-end=\"216\">FA-V4<\/strong>, ideal para <strong data-start=\"229\" data-end=\"264\">vacas, caballos, cabras y ovejas<\/strong>, est\u00e1 fabricado \u00edntegramente en <strong data-start=\"294\" data-end=\"319\">acero inoxidable AISI 304<\/strong> con un espesor de <strong data-start=\"333\" data-end=\"345\">15\/10 mm<\/strong>, garant\u00eda de robustez, higiene y larga durabilidad.<\/p>\n<p data-start=\"407\" data-end=\"642\">La <strong data-start=\"410\" data-end=\"429\">cubeta inclinada<\/strong> asegura un <strong data-start=\"442\" data-end=\"469\">flujo continuo de agua<\/strong>, mientras que los <strong data-start=\"480\" data-end=\"512\">bordes redondeados anticorte<\/strong> garantizan la m\u00e1xima seguridad para los animales. La <strong data-start=\"567\" data-end=\"587\">fijaci\u00f3n a la pared<\/strong> es r\u00e1pida y sencilla gracias a las <strong data-start=\"620\" data-end=\"641\">placas integradas<\/strong>. <\/p>\n<p data-start=\"644\" data-end=\"679\">\u2705 <strong data-start=\"646\" data-end=\"677\">Caracter\u00edsticas principales:<\/strong><\/p>\n<ul data-start=\"680\" data-end=\"1130\">\n<li data-start=\"680\" data-end=\"712\">\n<p data-start=\"682\" data-end=\"712\"><strong data-start=\"682\" data-end=\"701\">Capacidad de la cubeta:<\/strong> 45 l<\/p>\n<\/li>\n<li data-start=\"713\" data-end=\"778\">\n<p data-start=\"715\" data-end=\"778\">Alojamiento para <strong data-start=\"733\" data-end=\"749\">boya<\/strong> en el lado izquierdo o derecho<\/p>\n<\/li>\n<li data-start=\"779\" data-end=\"872\">\n<p data-start=\"781\" data-end=\"872\"><strong data-start=\"781\" data-end=\"810\">V\u00e1lvula de flotador de 3\/4&#8243;<\/strong> incluida para mantener autom\u00e1ticamente el nivel del agua<\/p>\n<\/li>\n<li data-start=\"873\" data-end=\"900\">\n<p data-start=\"875\" data-end=\"900\"><strong data-start=\"875\" data-end=\"893\">Toma de agua:<\/strong> 3\/4&#8243;<\/p>\n<\/li>\n<li data-start=\"901\" data-end=\"943\">\n<p data-start=\"903\" data-end=\"943\"><strong data-start=\"903\" data-end=\"927\">Presi\u00f3n de sellado:<\/strong> hasta 10 bar<\/p>\n<\/li>\n<li data-start=\"944\" data-end=\"985\">\n<p data-start=\"946\" data-end=\"985\"><strong data-start=\"946\" data-end=\"958\">Desag\u00fce:<\/strong> de 2&#8243; para una limpieza f\u00e1cil<\/p>\n<\/li>\n<li data-start=\"986\" data-end=\"1027\">\n<p data-start=\"988\" data-end=\"1027\"><strong data-start=\"988\" data-end=\"1003\">Dimensiones:<\/strong> 80 cm largo \u00d7 30 cm fondo \u00d7 40 cm alto<\/p>\n<\/li>\n<li data-start=\"1028\" data-end=\"1094\">\n<p data-start=\"1030\" data-end=\"1094\">Posibilidad de <strong data-start=\"1045\" data-end=\"1067\">fijaci\u00f3n a la pared<\/strong> mediante tacos de \u00d8 12 mm<\/p>\n<\/li>\n<li data-start=\"1095\" data-end=\"1130\">\n<p data-start=\"1097\" data-end=\"1130\"><strong data-start=\"1097\" data-end=\"1121\">Espacio posterior:<\/strong> 100 cm<\/p>\n<\/li>\n<\/ul>\n<p data-start=\"1132\" data-end=\"1264\">Producto <strong data-start=\"1141\" data-end=\"1163\">100 % Made in Italy<\/strong>, dise\u00f1ado para resistir las condiciones m\u00e1s exigentes y garantizar eficiencia y durabilidad.<\/p>\n<p data-start=\"1266\" data-end=\"1427\"><br data-start=\"1318\" data-end=\"1321\"><strong data-start=\"1321\" data-end=\"1337\">\ud83d\udc49 Distribuidores:<\/strong> para condiciones de reventa, solicita informaci\u00f3n por correo electr\u00f3nico: <a href=\"mailto:info@fdasrl.it\">haz clic aqu\u00ed.<\/a><\/p>\n<p data-start=\"1266\" data-end=\"1427\">\ud83d\udc49 C\u00f3mpralo en nuestra <a href=\"https:\/\/fda-shop.it\/shop\/articoli-per-allevamento\/abbeveratoi\/abbeveratoio-automatico-bovini\" target=\"_blank\" rel=\"noopener\">tienda online<\/a><\/p>\n","protected":false},"excerpt":{"rendered":"<p>Bebedero autom\u00e1tico de nivel constante en <strong data-start=\"1504\" data-end=\"1542\">acero inoxidable AISI 304 de 15\/10 mm<\/strong>, con cubeta inclinada de <strong data-start=\"1567\" data-end=\"1579\">45 l<\/strong>, <strong data-start=\"1581\" data-end=\"1610\">v\u00e1lvula de flotador de 3\/4&#8243;<\/strong> incluida y desag\u00fce de 2&#8243;. Ideal para <strong data-start=\"1647\" data-end=\"1682\">bovinos, caballos, cabras y ovejas<\/strong>. <\/p>\n","protected":false},"featured_media":378,"comment_status":"open","ping_status":"closed","template":"","meta":{"_et_pb_use_builder":"","_et_pb_old_content":"","_et_gb_content_width":""},"product_brand":[],"product_cat":[552,403,607,420,551],"product_tag":[928],"class_list":{"0":"post-3848","1":"product","2":"type-product","3":"status-publish","4":"has-post-thumbnail","6":"product_cat-bebederos-2","7":"product_cat-bovinos","8":"product_cat-caballos","9":"product_cat-ovinos-y-caprinos","10":"product_cat-tanques-de-acero-inoxidable-para-establos","11":"product_tag-fa-v4","13":"first","14":"instock","15":"shipping-taxable","16":"product-type-simple"},"yoast_head":"<!-- This site is optimized with the Yoast SEO Premium plugin v27.5 (Yoast SEO v27.5) - https:\/\/yoast.com\/product\/yoast-seo-premium-wordpress\/ -->\n<title>Bebedero inclinado de acero inoxidable FA-V4 para vacas y caballos - FDA srl<\/title>\n<meta name=\"description\" content=\"\u00a1Seguridad y eficiencia con el bebedero inclinado de acero inoxidable FA-V4! Ideal para cabras, vacas y ovejas, facilita tu trabajo en la explotaci\u00f3n. \ud83d\udc04\" \/>\n<meta name=\"robots\" content=\"index, follow, max-snippet:-1, max-image-preview:large, max-video-preview:-1\" \/>\n<link rel=\"canonical\" href=\"https:\/\/fdasrl.it\/es\/prodotto\/bebedero-inclinado-de-acero-inoxidable-automatico\/\" \/>\n<meta property=\"og:locale\" content=\"es_ES\" \/>\n<meta property=\"og:type\" content=\"article\" \/>\n<meta property=\"og:title\" content=\"BEBEDERO INCLINADO DE ACERO INOXIDABLE AUTOM\u00c1TICO\" \/>\n<meta property=\"og:description\" content=\"\u00a1Seguridad y eficiencia con el bebedero inclinado de acero inoxidable FA-V4! Ideal para cabras, vacas y ovejas, facilita tu trabajo en la explotaci\u00f3n. \ud83d\udc04\" \/>\n<meta property=\"og:url\" content=\"https:\/\/fdasrl.it\/es\/prodotto\/bebedero-inclinado-de-acero-inoxidable-automatico\/\" \/>\n<meta property=\"og:site_name\" content=\"FDA srl\" \/>\n<meta property=\"article:publisher\" content=\"https:\/\/www.facebook.com\/share\/1MWhFWg1Tp\/?mibextid=LQQJ4d\" \/>\n<meta property=\"og:image\" content=\"https:\/\/fdasrl.it\/wp-content\/uploads\/2025\/01\/FA-VS4_2.jpg\" \/>\n\t<meta property=\"og:image:width\" content=\"800\" \/>\n\t<meta property=\"og:image:height\" content=\"600\" \/>\n\t<meta property=\"og:image:type\" content=\"image\/jpeg\" \/>\n<meta name=\"twitter:card\" content=\"summary_large_image\" \/>\n<meta name=\"twitter:label1\" content=\"Precio\" \/>\n\t<meta name=\"twitter:data1\" content=\"\" \/>\n\t<meta name=\"twitter:label2\" content=\"Disponibilidad\" \/>\n\t<meta name=\"twitter:data2\" content=\"Disponible\" \/>\n<meta property=\"product:price:currency\" content=\"EUR\" \/>\n<meta property=\"og:availability\" content=\"instock\" \/>\n<meta property=\"product:availability\" content=\"instock\" \/>\n<meta property=\"product:retailer_item_id\" content=\"FA-V4\" \/>\n<meta property=\"product:condition\" content=\"new\" \/>\n<!-- \/ Yoast SEO Premium plugin. -->","yoast_head_json":{"title":"Bebedero inclinado de acero inoxidable FA-V4 para vacas y caballos - FDA srl","description":"\u00a1Seguridad y eficiencia con el bebedero inclinado de acero inoxidable FA-V4! Ideal para cabras, vacas y ovejas, facilita tu trabajo en la explotaci\u00f3n. \ud83d\udc04","robots":{"index":"index","follow":"follow","max-snippet":"max-snippet:-1","max-image-preview":"max-image-preview:large","max-video-preview":"max-video-preview:-1"},"canonical":"https:\/\/fdasrl.it\/es\/prodotto\/bebedero-inclinado-de-acero-inoxidable-automatico\/","og_locale":"es_ES","og_type":"article","og_title":"BEBEDERO INCLINADO DE ACERO INOXIDABLE AUTOM\u00c1TICO","og_description":"\u00a1Seguridad y eficiencia con el bebedero inclinado de acero inoxidable FA-V4! Ideal para cabras, vacas y ovejas, facilita tu trabajo en la explotaci\u00f3n. \ud83d\udc04","og_url":"https:\/\/fdasrl.it\/es\/prodotto\/bebedero-inclinado-de-acero-inoxidable-automatico\/","og_site_name":"FDA srl","article_publisher":"https:\/\/www.facebook.com\/share\/1MWhFWg1Tp\/?mibextid=LQQJ4d","og_image":[{"width":800,"height":600,"url":"https:\/\/fdasrl.it\/wp-content\/uploads\/2025\/01\/FA-VS4_2.jpg","type":"image\/jpeg"}],"twitter_card":"summary_large_image","twitter_misc":{"Precio":"","Disponibilidad":"Disponible"},"schema":{"@context":"https:\/\/schema.org","@graph":[{"@type":"WebPage","@id":"https:\/\/fdasrl.it\/es\/prodotto\/bebedero-inclinado-de-acero-inoxidable-automatico\/","url":"https:\/\/fdasrl.it\/es\/prodotto\/bebedero-inclinado-de-acero-inoxidable-automatico\/","name":"Bebedero inclinado de acero inoxidable FA-V4 para vacas y caballos - FDA srl","isPartOf":{"@id":"https:\/\/fdasrl.it\/es\/#website"},"primaryImageOfPage":{"@id":"https:\/\/fdasrl.it\/es\/prodotto\/bebedero-inclinado-de-acero-inoxidable-automatico\/#primaryimage"},"image":{"@id":"https:\/\/fdasrl.it\/es\/prodotto\/bebedero-inclinado-de-acero-inoxidable-automatico\/#primaryimage"},"thumbnailUrl":"https:\/\/fdasrl.it\/wp-content\/uploads\/2025\/01\/FA-VS4_2.jpg","datePublished":"2025-01-21T09:51:18+00:00","description":"\u00a1Seguridad y eficiencia con el bebedero inclinado de acero inoxidable FA-V4! Ideal para cabras, vacas y ovejas, facilita tu trabajo en la explotaci\u00f3n. \ud83d\udc04","breadcrumb":{"@id":"https:\/\/fdasrl.it\/es\/prodotto\/bebedero-inclinado-de-acero-inoxidable-automatico\/#breadcrumb"},"inLanguage":"es","potentialAction":[{"@type":"ReadAction","target":["https:\/\/fdasrl.it\/es\/prodotto\/bebedero-inclinado-de-acero-inoxidable-automatico\/"]}]},{"@type":"ImageObject","inLanguage":"es","@id":"https:\/\/fdasrl.it\/es\/prodotto\/bebedero-inclinado-de-acero-inoxidable-automatico\/#primaryimage","url":"https:\/\/fdasrl.it\/wp-content\/uploads\/2025\/01\/FA-VS4_2.jpg","contentUrl":"https:\/\/fdasrl.it\/wp-content\/uploads\/2025\/01\/FA-VS4_2.jpg","width":800,"height":600},{"@type":"BreadcrumbList","@id":"https:\/\/fdasrl.it\/es\/prodotto\/bebedero-inclinado-de-acero-inoxidable-automatico\/#breadcrumb","itemListElement":[{"@type":"ListItem","position":1,"name":"Home","item":"https:\/\/fdasrl.it\/es\/inicio\/"},{"@type":"ListItem","position":2,"name":"Tienda","item":"https:\/\/fdasrl.it\/es\/tienda\/"},{"@type":"ListItem","position":3,"name":"BEBEDERO INCLINADO DE ACERO INOXIDABLE AUTOM\u00c1TICO"}]},{"@type":"WebSite","@id":"https:\/\/fdasrl.it\/es\/#website","url":"https:\/\/fdasrl.it\/es\/","name":"FDA srl","description":"Equipment for animal husbandry","publisher":{"@id":"https:\/\/fdasrl.it\/es\/#organization"},"potentialAction":[{"@type":"SearchAction","target":{"@type":"EntryPoint","urlTemplate":"https:\/\/fdasrl.it\/es\/?s={search_term_string}"},"query-input":{"@type":"PropertyValueSpecification","valueRequired":true,"valueName":"search_term_string"}}],"inLanguage":"es"},{"@type":"Organization","@id":"https:\/\/fdasrl.it\/es\/#organization","name":"FDA srl","url":"https:\/\/fdasrl.it\/es\/","logo":{"@type":"ImageObject","inLanguage":"es","@id":"https:\/\/fdasrl.it\/es\/#\/schema\/logo\/image\/","url":"https:\/\/fdasrl.it\/wp-content\/uploads\/2024\/12\/Logo-FDA.png","contentUrl":"https:\/\/fdasrl.it\/wp-content\/uploads\/2024\/12\/Logo-FDA.png","width":316,"height":119,"caption":"FDA srl"},"image":{"@id":"https:\/\/fdasrl.it\/es\/#\/schema\/logo\/image\/"},"sameAs":["https:\/\/www.facebook.com\/share\/1MWhFWg1Tp\/?mibextid=LQQJ4d","https:\/\/www.instagram.com\/fda_srl\/profilecard\/?igsh=YW5lbzJ6MWg0d21u","https:\/\/www.youtube.com\/@FDASRL_ANIMALCARE"],"description":"FDA SRL \u2013 Equipment for animal husbandry nasce con l\u2019obiettivo di offrire soluzioni affidabili e innovative per l\u2019allevamento moderno. Con anni di esperienza nel settore zootecnico, progettiamo e realizziamo attrezzature destinate al benessere animale e alla gestione efficiente delle stalle: vasche, abbeveratoi, mangiatoie e sistemi di riscaldamento pensati per durare nel tempo e semplificare il lavoro quotidiano degli allevatori. Dalla progettazione alla produzione, ogni nostro prodotto \u00e8 studiato nei minimi dettagli, testato con cura e costruito per rispondere alle esigenze reali del settore. La nostra forza \u00e8 unire artigianalit\u00e0, tecnologia e competenza tecnica per trasformare ogni progetto in una soluzione concreta e funzionale. Oggi FDA SRL \u00e8 un punto di riferimento per privati e rivenditori che cercano qualit\u00e0, affidabilit\u00e0 e innovazione nelle attrezzature per l\u2019allevamento.","email":"info@fdasrl.it","telephone":"+390522826820","legalName":"F.D.A. SRL","foundingDate":"2024-10-13","vatID":"03075840359","taxID":"03075840359","numberOfEmployees":{"@type":"QuantitativeValue","minValue":"1","maxValue":"10"}}]},"product_price_currency":"EUR","og_availability":"instock","product_availability":"instock","product_retailer_item_id":"FA-V4","product_condition":"new"},"_links":{"self":[{"href":"https:\/\/fdasrl.it\/es\/wp-json\/wp\/v2\/product\/3848","targetHints":{"allow":["GET"]}}],"collection":[{"href":"https:\/\/fdasrl.it\/es\/wp-json\/wp\/v2\/product"}],"about":[{"href":"https:\/\/fdasrl.it\/es\/wp-json\/wp\/v2\/types\/product"}],"replies":[{"embeddable":true,"href":"https:\/\/fdasrl.it\/es\/wp-json\/wp\/v2\/comments?post=3848"}],"wp:featuredmedia":[{"embeddable":true,"href":"https:\/\/fdasrl.it\/es\/wp-json\/wp\/v2\/media\/378"}],"wp:attachment":[{"href":"https:\/\/fdasrl.it\/es\/wp-json\/wp\/v2\/media?parent=3848"}],"wp:term":[{"taxonomy":"product_brand","embeddable":true,"href":"https:\/\/fdasrl.it\/es\/wp-json\/wp\/v2\/product_brand?post=3848"},{"taxonomy":"product_cat","embeddable":true,"href":"https:\/\/fdasrl.it\/es\/wp-json\/wp\/v2\/product_cat?post=3848"},{"taxonomy":"product_tag","embeddable":true,"href":"https:\/\/fdasrl.it\/es\/wp-json\/wp\/v2\/product_tag?post=3848"}],"curies":[{"name":"wp","href":"https:\/\/api.w.org\/{rel}","templated":true}]}}