{"id":3931,"date":"2025-01-21T10:01:26","date_gmt":"2025-01-21T09:01:26","guid":{"rendered":"https:\/\/fdasrl.it\/prodotto\/bebedero-de-hierro-fundido-con-pendulo-reforzado-para-bovinos-y-equinos\/"},"modified":"2025-01-21T10:01:26","modified_gmt":"2025-01-21T09:01:26","slug":"bebedero-de-hierro-fundido-con-pendulo-reforzado-para-bovinos-y-equinos","status":"publish","type":"product","link":"https:\/\/fdasrl.it\/es\/prodotto\/bebedero-de-hierro-fundido-con-pendulo-reforzado-para-bovinos-y-equinos\/","title":{"rendered":"Bebedero de hierro fundido con p\u00e9ndulo reforzado para bovinos y equinos"},"content":{"rendered":"<h2 data-start=\"274\" data-end=\"389\">\ud83d\udc04 <strong data-start=\"280\" data-end=\"389\">Bebedero de Hierro Fundido con Tratamiento de Cataforesis FA-BE con P\u00e9ndulo Reforzado FDA para Bovinos y Equinos<\/strong><\/h2>\n<p data-start=\"391\" data-end=\"813\">El <strong data-start=\"393\" data-end=\"442\">bebedero FA-BE con p\u00e9ndulo reforzado FDA<\/strong> est\u00e1 fabricado en <strong data-start=\"459\" data-end=\"492\">hierro fundido tratado con cataforesis<\/strong>, una protecci\u00f3n avanzada contra la corrosi\u00f3n que garantiza <strong data-start=\"554\" data-end=\"601\">resistencia en el tiempo, higiene y fiabilidad<\/strong>. Dise\u00f1ado para <strong data-start=\"615\" data-end=\"656\">bovinos y equinos en estabulaci\u00f3n fija<\/strong>, est\u00e1 equipado con una <strong data-start=\"674\" data-end=\"721\">v\u00e1lvula de lat\u00f3n de alto flujo (FAR17)<\/strong> y un <strong data-start=\"727\" data-end=\"749\">p\u00e9ndulo reforzado<\/strong>, estudiado para resistir el uso intenso por parte de los animales. <\/p>\n<hr data-start=\"815\" data-end=\"818\">\n<h3 data-start=\"820\" data-end=\"855\">\u2699\ufe0f <strong data-start=\"827\" data-end=\"855\">Caracter\u00edsticas t\u00e9cnicas<\/strong><\/h3>\n<ul data-start=\"857\" data-end=\"1296\">\n<li data-start=\"857\" data-end=\"879\">\n<p data-start=\"859\" data-end=\"879\"><strong data-start=\"859\" data-end=\"870\">Modelo<\/strong>: FA-BE<\/p>\n<\/li>\n<li data-start=\"880\" data-end=\"949\">\n<p data-start=\"882\" data-end=\"949\"><strong data-start=\"882\" data-end=\"895\">Material<\/strong>: Hierro fundido con tratamiento anticorrosi\u00f3n por cataforesis<\/p>\n<\/li>\n<li data-start=\"950\" data-end=\"998\">\n<p data-start=\"952\" data-end=\"998\"><strong data-start=\"952\" data-end=\"963\">V\u00e1lvula<\/strong>: FAR17 de lat\u00f3n de alto caudal<\/p>\n<\/li>\n<li data-start=\"999\" data-end=\"1047\">\n<p data-start=\"1001\" data-end=\"1047\"><strong data-start=\"1001\" data-end=\"1021\">Tipo de activaci\u00f3n<\/strong>: P\u00e9ndulo reforzado FDA<\/p>\n<\/li>\n<li data-start=\"1048\" data-end=\"1089\">\n<p data-start=\"1050\" data-end=\"1089\"><strong data-start=\"1050\" data-end=\"1076\">Presi\u00f3n de trabajo<\/strong>: 0 \u2013 5 atm<\/p>\n<\/li>\n<li data-start=\"1090\" data-end=\"1127\">\n<p data-start=\"1092\" data-end=\"1127\"><strong data-start=\"1092\" data-end=\"1114\">Capacidad de la cazoleta<\/strong>: 2,5 litros<\/p>\n<\/li>\n<li data-start=\"1128\" data-end=\"1169\">\n<p data-start=\"1130\" data-end=\"1169\"><strong data-start=\"1130\" data-end=\"1160\">Di\u00e1metro interno de la cazoleta<\/strong>: 21 cm<\/p>\n<\/li>\n<li data-start=\"1170\" data-end=\"1247\">\n<p data-start=\"1172\" data-end=\"1247\"><strong data-start=\"1172\" data-end=\"1195\">Conexi\u00f3n h\u00eddrica<\/strong>: Conexi\u00f3n 1\/2&#8243;, entrada <strong data-start=\"1220\" data-end=\"1245\">superior o inferior<\/strong><\/p>\n<\/li>\n<li data-start=\"1248\" data-end=\"1275\">\n<p data-start=\"1250\" data-end=\"1275\"><strong data-start=\"1250\" data-end=\"1263\">Fijaci\u00f3n<\/strong>: a pared<\/p>\n<\/li>\n<li data-start=\"1276\" data-end=\"1296\">\n<p data-start=\"1278\" data-end=\"1296\"><strong data-start=\"1278\" data-end=\"1286\">Peso<\/strong>: 6,5 kg<\/p>\n<\/li>\n<\/ul>\n<hr data-start=\"1298\" data-end=\"1301\">\n<h3 data-start=\"1303\" data-end=\"1332\">\u2705 <strong data-start=\"1309\" data-end=\"1332\">Ventajas principales<\/strong><\/h3>\n<ul data-start=\"1334\" data-end=\"1690\">\n<li data-start=\"1334\" data-end=\"1401\">\n<p data-start=\"1336\" data-end=\"1401\"><strong data-start=\"1336\" data-end=\"1365\">Tratamiento de cataforesis<\/strong>: m\u00e1xima protecci\u00f3n contra el \u00f3xido<\/p>\n<\/li>\n<li data-start=\"1402\" data-end=\"1472\">\n<p data-start=\"1404\" data-end=\"1472\"><strong data-start=\"1404\" data-end=\"1430\">P\u00e9ndulo reforzado FDA<\/strong>: mayor duraci\u00f3n y resistencia a los impactos<\/p>\n<\/li>\n<li data-start=\"1473\" data-end=\"1524\">\n<p data-start=\"1475\" data-end=\"1524\"><strong data-start=\"1475\" data-end=\"1496\">V\u00e1lvula de lat\u00f3n<\/strong> de alto flujo de agua<\/p>\n<\/li>\n<li data-start=\"1525\" data-end=\"1577\">\n<p data-start=\"1527\" data-end=\"1577\"><strong data-start=\"1527\" data-end=\"1547\">Estructura s\u00f3lida<\/strong> para uso intensivo en establo<\/p>\n<\/li>\n<li data-start=\"1578\" data-end=\"1636\">\n<p data-start=\"1580\" data-end=\"1636\"><strong data-start=\"1580\" data-end=\"1604\">F\u00e1cil instalaci\u00f3n<\/strong> con entrada de agua flexible<\/p>\n<\/li>\n<li data-start=\"1637\" data-end=\"1690\">\n<p data-start=\"1639\" data-end=\"1690\"><strong data-start=\"1639\" data-end=\"1690\">Adecuado para bovinos y equinos en estabulaci\u00f3n fija<\/strong><\/p>\n<\/li>\n<\/ul>\n<p>&nbsp;<\/p>\n<p>\ud83d\udc49 Solicita precio para reventa: <a href=\"mailto:info@fdasrl.it\">PULSA AQU\u00cd<\/a><\/p>\n<p>\ud83d\udc49 C\u00f3mpralo en nuestra <a href=\"https:\/\/fda-shop.it\/shop\/articoli-per-allevamento\/abbeveratoi\/abbeveratoio-in-ghisa-per-bovini\" target=\"_blank\" rel=\"noopener\">tienda online<\/a><\/p>\n","protected":false},"excerpt":{"rendered":"<p>Bebedero FA-BE de hierro fundido con cataforesis y p\u00e9ndulo reforzado FDA. V\u00e1lvula FAR17 de alto flujo, 2,5 litros, conexi\u00f3n 1\/2&#8243;. Para bovinos y caballos en estabulaci\u00f3n fija.  <\/p>\n","protected":false},"featured_media":878,"comment_status":"open","ping_status":"closed","template":"","meta":{"_et_pb_use_builder":"","_et_pb_old_content":"","_et_gb_content_width":""},"product_brand":[],"product_cat":[516,552,403,607],"product_tag":[942],"class_list":{"0":"post-3931","1":"product","2":"type-product","3":"status-publish","4":"has-post-thumbnail","6":"product_cat-bebederos","7":"product_cat-bebederos-2","8":"product_cat-bovinos","9":"product_cat-caballos","10":"product_tag-fa-be","12":"first","13":"instock","14":"shipping-taxable","15":"product-type-simple"},"yoast_head":"<!-- This site is optimized with the Yoast SEO Premium plugin v27.5 (Yoast SEO v27.5) - https:\/\/yoast.com\/product\/yoast-seo-premium-wordpress\/ -->\n<title>Bebedero de hierro fundido con p\u00e9ndulo reforzado: durabilidad garantizada - FDA srl<\/title>\n<meta name=\"description\" content=\"Nuestro bebedero de hierro fundido con p\u00e9ndulo reforzado es la soluci\u00f3n ideal para bovinos y equinos. \u00a1Elige resistencia y fiabilidad para tus animales! \ud83d\udca7\" \/>\n<meta name=\"robots\" content=\"index, follow, max-snippet:-1, max-image-preview:large, max-video-preview:-1\" \/>\n<link rel=\"canonical\" href=\"https:\/\/fdasrl.it\/es\/prodotto\/bebedero-de-hierro-fundido-con-pendulo-reforzado-para-bovinos-y-equinos\/\" \/>\n<meta property=\"og:locale\" content=\"es_ES\" \/>\n<meta property=\"og:type\" content=\"article\" \/>\n<meta property=\"og:title\" content=\"Bebedero de hierro fundido con p\u00e9ndulo reforzado para bovinos y equinos\" \/>\n<meta property=\"og:description\" content=\"Nuestro bebedero de hierro fundido con p\u00e9ndulo reforzado es la soluci\u00f3n ideal para bovinos y equinos. \u00a1Elige resistencia y fiabilidad para tus animales! \ud83d\udca7\" \/>\n<meta property=\"og:url\" content=\"https:\/\/fdasrl.it\/es\/prodotto\/bebedero-de-hierro-fundido-con-pendulo-reforzado-para-bovinos-y-equinos\/\" \/>\n<meta property=\"og:site_name\" content=\"FDA srl\" \/>\n<meta property=\"article:publisher\" content=\"https:\/\/www.facebook.com\/share\/1MWhFWg1Tp\/?mibextid=LQQJ4d\" \/>\n<meta property=\"og:image\" content=\"https:\/\/fdasrl.it\/wp-content\/uploads\/2025\/01\/abbeveratoio-fa-be-ghisa-cataforesi-pendolo-fda.webp\" \/>\n\t<meta property=\"og:image:width\" content=\"2047\" \/>\n\t<meta property=\"og:image:height\" content=\"1710\" \/>\n\t<meta property=\"og:image:type\" content=\"image\/webp\" \/>\n<meta name=\"twitter:card\" content=\"summary_large_image\" \/>\n<meta name=\"twitter:label1\" content=\"Precio\" \/>\n\t<meta name=\"twitter:data1\" content=\"\" \/>\n\t<meta name=\"twitter:label2\" content=\"Disponibilidad\" \/>\n\t<meta name=\"twitter:data2\" content=\"Disponible\" \/>\n<meta property=\"product:price:currency\" content=\"EUR\" \/>\n<meta property=\"og:availability\" content=\"instock\" \/>\n<meta property=\"product:availability\" content=\"instock\" \/>\n<meta property=\"product:retailer_item_id\" content=\"FA-BE\" \/>\n<meta property=\"product:condition\" content=\"new\" \/>\n<!-- \/ Yoast SEO Premium plugin. -->","yoast_head_json":{"title":"Bebedero de hierro fundido con p\u00e9ndulo reforzado: durabilidad garantizada - FDA srl","description":"Nuestro bebedero de hierro fundido con p\u00e9ndulo reforzado es la soluci\u00f3n ideal para bovinos y equinos. \u00a1Elige resistencia y fiabilidad para tus animales! \ud83d\udca7","robots":{"index":"index","follow":"follow","max-snippet":"max-snippet:-1","max-image-preview":"max-image-preview:large","max-video-preview":"max-video-preview:-1"},"canonical":"https:\/\/fdasrl.it\/es\/prodotto\/bebedero-de-hierro-fundido-con-pendulo-reforzado-para-bovinos-y-equinos\/","og_locale":"es_ES","og_type":"article","og_title":"Bebedero de hierro fundido con p\u00e9ndulo reforzado para bovinos y equinos","og_description":"Nuestro bebedero de hierro fundido con p\u00e9ndulo reforzado es la soluci\u00f3n ideal para bovinos y equinos. \u00a1Elige resistencia y fiabilidad para tus animales! \ud83d\udca7","og_url":"https:\/\/fdasrl.it\/es\/prodotto\/bebedero-de-hierro-fundido-con-pendulo-reforzado-para-bovinos-y-equinos\/","og_site_name":"FDA srl","article_publisher":"https:\/\/www.facebook.com\/share\/1MWhFWg1Tp\/?mibextid=LQQJ4d","og_image":[{"width":2047,"height":1710,"url":"https:\/\/fdasrl.it\/wp-content\/uploads\/2025\/01\/abbeveratoio-fa-be-ghisa-cataforesi-pendolo-fda.webp","type":"image\/webp"}],"twitter_card":"summary_large_image","twitter_misc":{"Precio":"","Disponibilidad":"Disponible"},"schema":{"@context":"https:\/\/schema.org","@graph":[{"@type":"WebPage","@id":"https:\/\/fdasrl.it\/es\/prodotto\/bebedero-de-hierro-fundido-con-pendulo-reforzado-para-bovinos-y-equinos\/","url":"https:\/\/fdasrl.it\/es\/prodotto\/bebedero-de-hierro-fundido-con-pendulo-reforzado-para-bovinos-y-equinos\/","name":"Bebedero de hierro fundido con p\u00e9ndulo reforzado: durabilidad garantizada - FDA srl","isPartOf":{"@id":"https:\/\/fdasrl.it\/es\/#website"},"primaryImageOfPage":{"@id":"https:\/\/fdasrl.it\/es\/prodotto\/bebedero-de-hierro-fundido-con-pendulo-reforzado-para-bovinos-y-equinos\/#primaryimage"},"image":{"@id":"https:\/\/fdasrl.it\/es\/prodotto\/bebedero-de-hierro-fundido-con-pendulo-reforzado-para-bovinos-y-equinos\/#primaryimage"},"thumbnailUrl":"https:\/\/fdasrl.it\/wp-content\/uploads\/2025\/01\/abbeveratoio-fa-be-ghisa-cataforesi-pendolo-fda.webp","datePublished":"2025-01-21T09:01:26+00:00","description":"Nuestro bebedero de hierro fundido con p\u00e9ndulo reforzado es la soluci\u00f3n ideal para bovinos y equinos. \u00a1Elige resistencia y fiabilidad para tus animales! \ud83d\udca7","breadcrumb":{"@id":"https:\/\/fdasrl.it\/es\/prodotto\/bebedero-de-hierro-fundido-con-pendulo-reforzado-para-bovinos-y-equinos\/#breadcrumb"},"inLanguage":"es","potentialAction":[{"@type":"ReadAction","target":["https:\/\/fdasrl.it\/es\/prodotto\/bebedero-de-hierro-fundido-con-pendulo-reforzado-para-bovinos-y-equinos\/"]}]},{"@type":"ImageObject","inLanguage":"es","@id":"https:\/\/fdasrl.it\/es\/prodotto\/bebedero-de-hierro-fundido-con-pendulo-reforzado-para-bovinos-y-equinos\/#primaryimage","url":"https:\/\/fdasrl.it\/wp-content\/uploads\/2025\/01\/abbeveratoio-fa-be-ghisa-cataforesi-pendolo-fda.webp","contentUrl":"https:\/\/fdasrl.it\/wp-content\/uploads\/2025\/01\/abbeveratoio-fa-be-ghisa-cataforesi-pendolo-fda.webp","width":2047,"height":1710,"caption":"Abbeveratoio in ghisa smaltata FA-BE con valvola in ottone e pendolo rinforzato per bovini ed equini"},{"@type":"BreadcrumbList","@id":"https:\/\/fdasrl.it\/es\/prodotto\/bebedero-de-hierro-fundido-con-pendulo-reforzado-para-bovinos-y-equinos\/#breadcrumb","itemListElement":[{"@type":"ListItem","position":1,"name":"Home","item":"https:\/\/fdasrl.it\/es\/inicio\/"},{"@type":"ListItem","position":2,"name":"Tienda","item":"https:\/\/fdasrl.it\/es\/tienda\/"},{"@type":"ListItem","position":3,"name":"Bebedero de hierro fundido con p\u00e9ndulo reforzado para bovinos y equinos"}]},{"@type":"WebSite","@id":"https:\/\/fdasrl.it\/es\/#website","url":"https:\/\/fdasrl.it\/es\/","name":"FDA srl","description":"Equipment for animal husbandry","publisher":{"@id":"https:\/\/fdasrl.it\/es\/#organization"},"potentialAction":[{"@type":"SearchAction","target":{"@type":"EntryPoint","urlTemplate":"https:\/\/fdasrl.it\/es\/?s={search_term_string}"},"query-input":{"@type":"PropertyValueSpecification","valueRequired":true,"valueName":"search_term_string"}}],"inLanguage":"es"},{"@type":"Organization","@id":"https:\/\/fdasrl.it\/es\/#organization","name":"FDA srl","url":"https:\/\/fdasrl.it\/es\/","logo":{"@type":"ImageObject","inLanguage":"es","@id":"https:\/\/fdasrl.it\/es\/#\/schema\/logo\/image\/","url":"https:\/\/fdasrl.it\/wp-content\/uploads\/2024\/12\/Logo-FDA.png","contentUrl":"https:\/\/fdasrl.it\/wp-content\/uploads\/2024\/12\/Logo-FDA.png","width":316,"height":119,"caption":"FDA srl"},"image":{"@id":"https:\/\/fdasrl.it\/es\/#\/schema\/logo\/image\/"},"sameAs":["https:\/\/www.facebook.com\/share\/1MWhFWg1Tp\/?mibextid=LQQJ4d","https:\/\/www.instagram.com\/fda_srl\/profilecard\/?igsh=YW5lbzJ6MWg0d21u","https:\/\/www.youtube.com\/@FDASRL_ANIMALCARE"],"description":"FDA SRL \u2013 Equipment for animal husbandry nasce con l\u2019obiettivo di offrire soluzioni affidabili e innovative per l\u2019allevamento moderno. Con anni di esperienza nel settore zootecnico, progettiamo e realizziamo attrezzature destinate al benessere animale e alla gestione efficiente delle stalle: vasche, abbeveratoi, mangiatoie e sistemi di riscaldamento pensati per durare nel tempo e semplificare il lavoro quotidiano degli allevatori. Dalla progettazione alla produzione, ogni nostro prodotto \u00e8 studiato nei minimi dettagli, testato con cura e costruito per rispondere alle esigenze reali del settore. La nostra forza \u00e8 unire artigianalit\u00e0, tecnologia e competenza tecnica per trasformare ogni progetto in una soluzione concreta e funzionale. Oggi FDA SRL \u00e8 un punto di riferimento per privati e rivenditori che cercano qualit\u00e0, affidabilit\u00e0 e innovazione nelle attrezzature per l\u2019allevamento.","email":"info@fdasrl.it","telephone":"+390522826820","legalName":"F.D.A. SRL","foundingDate":"2024-10-13","vatID":"03075840359","taxID":"03075840359","numberOfEmployees":{"@type":"QuantitativeValue","minValue":"1","maxValue":"10"}}]},"product_price_currency":"EUR","og_availability":"instock","product_availability":"instock","product_retailer_item_id":"FA-BE","product_condition":"new"},"_links":{"self":[{"href":"https:\/\/fdasrl.it\/es\/wp-json\/wp\/v2\/product\/3931","targetHints":{"allow":["GET"]}}],"collection":[{"href":"https:\/\/fdasrl.it\/es\/wp-json\/wp\/v2\/product"}],"about":[{"href":"https:\/\/fdasrl.it\/es\/wp-json\/wp\/v2\/types\/product"}],"replies":[{"embeddable":true,"href":"https:\/\/fdasrl.it\/es\/wp-json\/wp\/v2\/comments?post=3931"}],"wp:featuredmedia":[{"embeddable":true,"href":"https:\/\/fdasrl.it\/es\/wp-json\/wp\/v2\/media\/878"}],"wp:attachment":[{"href":"https:\/\/fdasrl.it\/es\/wp-json\/wp\/v2\/media?parent=3931"}],"wp:term":[{"taxonomy":"product_brand","embeddable":true,"href":"https:\/\/fdasrl.it\/es\/wp-json\/wp\/v2\/product_brand?post=3931"},{"taxonomy":"product_cat","embeddable":true,"href":"https:\/\/fdasrl.it\/es\/wp-json\/wp\/v2\/product_cat?post=3931"},{"taxonomy":"product_tag","embeddable":true,"href":"https:\/\/fdasrl.it\/es\/wp-json\/wp\/v2\/product_tag?post=3931"}],"curies":[{"name":"wp","href":"https:\/\/api.w.org\/{rel}","templated":true}]}}