{"id":3981,"date":"2025-01-21T09:57:19","date_gmt":"2025-01-21T08:57:19","guid":{"rendered":"https:\/\/fdasrl.it\/prodotto\/bebedero-de-fundicion-con-nivel-automatico-para-bovinos-y-equinos\/"},"modified":"2025-01-21T09:57:19","modified_gmt":"2025-01-21T08:57:19","slug":"bebedero-de-fundicion-con-nivel-automatico-para-bovinos-y-equinos","status":"publish","type":"product","link":"https:\/\/fdasrl.it\/es\/prodotto\/bebedero-de-fundicion-con-nivel-automatico-para-bovinos-y-equinos\/","title":{"rendered":"Bebedero de fundici\u00f3n con nivel autom\u00e1tico para bovinos y equinos"},"content":{"rendered":"<h3 data-start=\"396\" data-end=\"488\">Bebedero de fundici\u00f3n con nivel constante autom\u00e1tico de 4,5 litros para bovinos y equinos \u2013 modelo FDA<\/h3>\n<h4 data-start=\"490\" data-end=\"780\">El bebedero autom\u00e1tico FDA es la soluci\u00f3n ideal para garantizar un suministro constante y seguro de agua a bovinos y equinos.<\/h4>\n<p data-start=\"490\" data-end=\"780\">Fabricado en <strong data-start=\"639\" data-end=\"700\">fundici\u00f3n esmaltada y pintada con tratamiento de cataforesis<\/strong>, est\u00e1 dise\u00f1ado para resistir en el tiempo incluso en ambientes ganaderos exigentes.<\/p>\n<p data-start=\"782\" data-end=\"1116\">Equipado con <strong data-start=\"792\" data-end=\"843\">v\u00e1lvula de flotador FAR 16P de bola regulable<\/strong>, mantiene autom\u00e1ticamente el nivel del agua constante, reduciendo desperdicios e intervenciones manuales. La <strong data-start=\"945\" data-end=\"979\">protecci\u00f3n en acero inoxidable 304<\/strong> asegura resistencia e higiene adicionales, mientras que el <strong data-start=\"1030\" data-end=\"1060\">tap\u00f3n de desag\u00fce integrado<\/strong> permite una limpieza r\u00e1pida y sencilla de la cubeta. <\/p>\n<p data-start=\"1118\" data-end=\"1253\">Gracias al <strong data-start=\"1128\" data-end=\"1157\">dise\u00f1o compacto y robusto<\/strong>, el bebedero puede instalarse en <strong data-start=\"1198\" data-end=\"1222\">pared o sobre montante<\/strong>, con entrada de agua por debajo.<\/p>\n<hr data-start=\"1255\" data-end=\"1258\">\n<h3 data-start=\"1260\" data-end=\"1292\">\u2699\ufe0f Caracter\u00edsticas t\u00e9cnicas:<\/h3>\n<ul data-start=\"1294\" data-end=\"1681\">\n<li data-start=\"1294\" data-end=\"1321\">\n<p data-start=\"1296\" data-end=\"1321\"><strong data-start=\"1296\" data-end=\"1308\">Capacidad<\/strong>: 4,5 litros<\/p>\n<\/li>\n<li data-start=\"1322\" data-end=\"1378\">\n<p data-start=\"1324\" data-end=\"1378\"><strong data-start=\"1324\" data-end=\"1337\">Material<\/strong>: fundici\u00f3n esmaltada, acero inoxidable AISI 304<\/p>\n<\/li>\n<li data-start=\"1379\" data-end=\"1433\">\n<p data-start=\"1381\" data-end=\"1433\"><strong data-start=\"1381\" data-end=\"1392\">V\u00e1lvula<\/strong>: FAR 16P de nivel constante regulable<\/p>\n<\/li>\n<li data-start=\"1434\" data-end=\"1452\">\n<p data-start=\"1436\" data-end=\"1452\"><strong data-start=\"1436\" data-end=\"1444\">Peso<\/strong>: 7 kg<\/p>\n<\/li>\n<li data-start=\"1453\" data-end=\"1494\">\n<p data-start=\"1455\" data-end=\"1494\"><strong data-start=\"1455\" data-end=\"1485\">Di\u00e1metro interno cubeta<\/strong>: 21 cm<\/p>\n<\/li>\n<li data-start=\"1495\" data-end=\"1546\">\n<p data-start=\"1497\" data-end=\"1546\"><strong data-start=\"1497\" data-end=\"1514\">Instalaci\u00f3n<\/strong>: en pared o sobre tubo vertical<\/p>\n<\/li>\n<li data-start=\"1547\" data-end=\"1622\">\n<p data-start=\"1549\" data-end=\"1622\"><strong data-start=\"1549\" data-end=\"1564\">Tratamiento<\/strong>: pintura en cataforesis, resistente a la corrosi\u00f3n<\/p>\n<\/li>\n<li data-start=\"1623\" data-end=\"1681\">\n<p data-start=\"1625\" data-end=\"1681\"><strong data-start=\"1625\" data-end=\"1641\">Mantenimiento<\/strong>: desag\u00fce inferior para limpieza r\u00e1pida<\/p>\n<\/li>\n<\/ul>\n<p>&nbsp;<\/p>\n<p>\ud83d\udc49 Solicita precio para reventa: <a href=\"mailto:info@fdasrl.it\">PULSA AQU\u00cd<\/a><\/p>\n<p>\ud83d\udc49 C\u00f3mpralo en nuestra <a href=\"https:\/\/fda-shop.it\/shop\/articoli-per-allevamento\/abbeveratoi\/abbeveratoio-automatico-a-livello-costante-in-ghisa-45-l#\/299-tipo_di_fissaggio_-a_muro\" target=\"_blank\" rel=\"noopener\">tienda online<\/a><\/p>\n","protected":false},"excerpt":{"rendered":"<p>Bebedero de fundici\u00f3n esmaltada de 4,5L con nivel constante, v\u00e1lvula FAR 16P y protecci\u00f3n inox. Ideal para bovinos y equinos. <\/p>\n","protected":false},"featured_media":884,"comment_status":"open","ping_status":"closed","template":"","meta":{"_et_pb_use_builder":"","_et_pb_old_content":"","_et_gb_content_width":""},"product_brand":[],"product_cat":[516,552,403,607],"product_tag":[950,951],"class_list":{"0":"post-3981","1":"product","2":"type-product","3":"status-publish","4":"has-post-thumbnail","6":"product_cat-bebederos","7":"product_cat-bebederos-2","8":"product_cat-bovinos","9":"product_cat-caballos","10":"product_tag-fa-ag-fundicion","11":"product_tag-faag-fundicion","13":"first","14":"instock","15":"shipping-taxable","16":"product-type-simple"},"yoast_head":"<!-- This site is optimized with the Yoast SEO Premium plugin v27.5 (Yoast SEO v27.6) - https:\/\/yoast.com\/product\/yoast-seo-premium-wordpress\/ -->\n<title>Bebedero de fundici\u00f3n con nivel autom\u00e1tico para bovinos y equinos - FDA srl<\/title>\n<meta name=\"description\" content=\"Elige el Bebedero de fundici\u00f3n con nivel autom\u00e1tico para bovinos y equinos para una gesti\u00f3n del agua sin desperdicios. \u00a1Descubre m\u00e1s ahora!\" \/>\n<meta name=\"robots\" content=\"index, follow, max-snippet:-1, max-image-preview:large, max-video-preview:-1\" \/>\n<link rel=\"canonical\" href=\"https:\/\/fdasrl.it\/es\/prodotto\/bebedero-de-fundicion-con-nivel-automatico-para-bovinos-y-equinos\/\" \/>\n<meta property=\"og:locale\" content=\"es_ES\" \/>\n<meta property=\"og:type\" content=\"article\" \/>\n<meta property=\"og:title\" content=\"Bebedero de fundici\u00f3n con nivel autom\u00e1tico para bovinos y equinos\" \/>\n<meta property=\"og:description\" content=\"Elige el Bebedero de fundici\u00f3n con nivel autom\u00e1tico para bovinos y equinos para una gesti\u00f3n del agua sin desperdicios. \u00a1Descubre m\u00e1s ahora!\" \/>\n<meta property=\"og:url\" content=\"https:\/\/fdasrl.it\/es\/prodotto\/bebedero-de-fundicion-con-nivel-automatico-para-bovinos-y-equinos\/\" \/>\n<meta property=\"og:site_name\" content=\"FDA srl\" \/>\n<meta property=\"article:publisher\" content=\"https:\/\/www.facebook.com\/share\/1MWhFWg1Tp\/?mibextid=LQQJ4d\" \/>\n<meta property=\"og:image\" content=\"https:\/\/fdasrl.it\/wp-content\/uploads\/2025\/01\/vaschetta-abbeveratoio-ghisa-fda-1.webp\" \/>\n\t<meta property=\"og:image:width\" content=\"1684\" \/>\n\t<meta property=\"og:image:height\" content=\"1190\" \/>\n\t<meta property=\"og:image:type\" content=\"image\/webp\" \/>\n<meta name=\"twitter:card\" content=\"summary_large_image\" \/>\n<meta name=\"twitter:label1\" content=\"Precio\" \/>\n\t<meta name=\"twitter:data1\" content=\"\" \/>\n\t<meta name=\"twitter:label2\" content=\"Disponibilidad\" \/>\n\t<meta name=\"twitter:data2\" content=\"Disponible\" \/>\n<meta property=\"product:price:currency\" content=\"EUR\" \/>\n<meta property=\"og:availability\" content=\"instock\" \/>\n<meta property=\"product:availability\" content=\"instock\" \/>\n<meta property=\"product:retailer_item_id\" content=\"FAAG-GHISA\" \/>\n<meta property=\"product:condition\" content=\"new\" \/>\n<!-- \/ Yoast SEO Premium plugin. -->","yoast_head_json":{"title":"Bebedero de fundici\u00f3n con nivel autom\u00e1tico para bovinos y equinos - FDA srl","description":"Elige el Bebedero de fundici\u00f3n con nivel autom\u00e1tico para bovinos y equinos para una gesti\u00f3n del agua sin desperdicios. \u00a1Descubre m\u00e1s ahora!","robots":{"index":"index","follow":"follow","max-snippet":"max-snippet:-1","max-image-preview":"max-image-preview:large","max-video-preview":"max-video-preview:-1"},"canonical":"https:\/\/fdasrl.it\/es\/prodotto\/bebedero-de-fundicion-con-nivel-automatico-para-bovinos-y-equinos\/","og_locale":"es_ES","og_type":"article","og_title":"Bebedero de fundici\u00f3n con nivel autom\u00e1tico para bovinos y equinos","og_description":"Elige el Bebedero de fundici\u00f3n con nivel autom\u00e1tico para bovinos y equinos para una gesti\u00f3n del agua sin desperdicios. \u00a1Descubre m\u00e1s ahora!","og_url":"https:\/\/fdasrl.it\/es\/prodotto\/bebedero-de-fundicion-con-nivel-automatico-para-bovinos-y-equinos\/","og_site_name":"FDA srl","article_publisher":"https:\/\/www.facebook.com\/share\/1MWhFWg1Tp\/?mibextid=LQQJ4d","og_image":[{"width":1684,"height":1190,"url":"https:\/\/fdasrl.it\/wp-content\/uploads\/2025\/01\/vaschetta-abbeveratoio-ghisa-fda-1.webp","type":"image\/webp"}],"twitter_card":"summary_large_image","twitter_misc":{"Precio":"","Disponibilidad":"Disponible"},"schema":{"@context":"https:\/\/schema.org","@graph":[{"@type":"WebPage","@id":"https:\/\/fdasrl.it\/es\/prodotto\/bebedero-de-fundicion-con-nivel-automatico-para-bovinos-y-equinos\/","url":"https:\/\/fdasrl.it\/es\/prodotto\/bebedero-de-fundicion-con-nivel-automatico-para-bovinos-y-equinos\/","name":"Bebedero de fundici\u00f3n con nivel autom\u00e1tico para bovinos y equinos - FDA srl","isPartOf":{"@id":"https:\/\/fdasrl.it\/es\/#website"},"primaryImageOfPage":{"@id":"https:\/\/fdasrl.it\/es\/prodotto\/bebedero-de-fundicion-con-nivel-automatico-para-bovinos-y-equinos\/#primaryimage"},"image":{"@id":"https:\/\/fdasrl.it\/es\/prodotto\/bebedero-de-fundicion-con-nivel-automatico-para-bovinos-y-equinos\/#primaryimage"},"thumbnailUrl":"https:\/\/fdasrl.it\/wp-content\/uploads\/2025\/01\/vaschetta-abbeveratoio-ghisa-fda-1.webp","datePublished":"2025-01-21T08:57:19+00:00","description":"Elige el Bebedero de fundici\u00f3n con nivel autom\u00e1tico para bovinos y equinos para una gesti\u00f3n del agua sin desperdicios. \u00a1Descubre m\u00e1s ahora!","breadcrumb":{"@id":"https:\/\/fdasrl.it\/es\/prodotto\/bebedero-de-fundicion-con-nivel-automatico-para-bovinos-y-equinos\/#breadcrumb"},"inLanguage":"es","potentialAction":[{"@type":"ReadAction","target":["https:\/\/fdasrl.it\/es\/prodotto\/bebedero-de-fundicion-con-nivel-automatico-para-bovinos-y-equinos\/"]}]},{"@type":"ImageObject","inLanguage":"es","@id":"https:\/\/fdasrl.it\/es\/prodotto\/bebedero-de-fundicion-con-nivel-automatico-para-bovinos-y-equinos\/#primaryimage","url":"https:\/\/fdasrl.it\/wp-content\/uploads\/2025\/01\/vaschetta-abbeveratoio-ghisa-fda-1.webp","contentUrl":"https:\/\/fdasrl.it\/wp-content\/uploads\/2025\/01\/vaschetta-abbeveratoio-ghisa-fda-1.webp","width":1684,"height":1190,"caption":"Vaschetta abbeveratoio in ghisa smaltata verde a livello costante - vista 1"},{"@type":"BreadcrumbList","@id":"https:\/\/fdasrl.it\/es\/prodotto\/bebedero-de-fundicion-con-nivel-automatico-para-bovinos-y-equinos\/#breadcrumb","itemListElement":[{"@type":"ListItem","position":1,"name":"Home","item":"https:\/\/fdasrl.it\/es\/inicio\/"},{"@type":"ListItem","position":2,"name":"Tienda","item":"https:\/\/fdasrl.it\/es\/tienda\/"},{"@type":"ListItem","position":3,"name":"Bebedero de fundici\u00f3n con nivel autom\u00e1tico para bovinos y equinos"}]},{"@type":"WebSite","@id":"https:\/\/fdasrl.it\/es\/#website","url":"https:\/\/fdasrl.it\/es\/","name":"FDA srl","description":"Equipment for animal husbandry","publisher":{"@id":"https:\/\/fdasrl.it\/es\/#organization"},"potentialAction":[{"@type":"SearchAction","target":{"@type":"EntryPoint","urlTemplate":"https:\/\/fdasrl.it\/es\/?s={search_term_string}"},"query-input":{"@type":"PropertyValueSpecification","valueRequired":true,"valueName":"search_term_string"}}],"inLanguage":"es"},{"@type":"Organization","@id":"https:\/\/fdasrl.it\/es\/#organization","name":"FDA srl","url":"https:\/\/fdasrl.it\/es\/","logo":{"@type":"ImageObject","inLanguage":"es","@id":"https:\/\/fdasrl.it\/es\/#\/schema\/logo\/image\/","url":"https:\/\/fdasrl.it\/wp-content\/uploads\/2024\/12\/Logo-FDA.png","contentUrl":"https:\/\/fdasrl.it\/wp-content\/uploads\/2024\/12\/Logo-FDA.png","width":316,"height":119,"caption":"FDA srl"},"image":{"@id":"https:\/\/fdasrl.it\/es\/#\/schema\/logo\/image\/"},"sameAs":["https:\/\/www.facebook.com\/share\/1MWhFWg1Tp\/?mibextid=LQQJ4d","https:\/\/www.instagram.com\/fda_srl\/profilecard\/?igsh=YW5lbzJ6MWg0d21u","https:\/\/www.youtube.com\/@FDASRL_ANIMALCARE"],"description":"FDA SRL \u2013 Equipment for animal husbandry nasce con l\u2019obiettivo di offrire soluzioni affidabili e innovative per l\u2019allevamento moderno. Con anni di esperienza nel settore zootecnico, progettiamo e realizziamo attrezzature destinate al benessere animale e alla gestione efficiente delle stalle: vasche, abbeveratoi, mangiatoie e sistemi di riscaldamento pensati per durare nel tempo e semplificare il lavoro quotidiano degli allevatori. Dalla progettazione alla produzione, ogni nostro prodotto \u00e8 studiato nei minimi dettagli, testato con cura e costruito per rispondere alle esigenze reali del settore. La nostra forza \u00e8 unire artigianalit\u00e0, tecnologia e competenza tecnica per trasformare ogni progetto in una soluzione concreta e funzionale. Oggi FDA SRL \u00e8 un punto di riferimento per privati e rivenditori che cercano qualit\u00e0, affidabilit\u00e0 e innovazione nelle attrezzature per l\u2019allevamento.","email":"info@fdasrl.it","telephone":"+390522826820","legalName":"F.D.A. SRL","foundingDate":"2024-10-13","vatID":"03075840359","taxID":"03075840359","numberOfEmployees":{"@type":"QuantitativeValue","minValue":"1","maxValue":"10"}}]},"product_price_currency":"EUR","og_availability":"instock","product_availability":"instock","product_retailer_item_id":"FAAG-GHISA","product_condition":"new"},"_links":{"self":[{"href":"https:\/\/fdasrl.it\/es\/wp-json\/wp\/v2\/product\/3981","targetHints":{"allow":["GET"]}}],"collection":[{"href":"https:\/\/fdasrl.it\/es\/wp-json\/wp\/v2\/product"}],"about":[{"href":"https:\/\/fdasrl.it\/es\/wp-json\/wp\/v2\/types\/product"}],"replies":[{"embeddable":true,"href":"https:\/\/fdasrl.it\/es\/wp-json\/wp\/v2\/comments?post=3981"}],"wp:featuredmedia":[{"embeddable":true,"href":"https:\/\/fdasrl.it\/es\/wp-json\/wp\/v2\/media\/884"}],"wp:attachment":[{"href":"https:\/\/fdasrl.it\/es\/wp-json\/wp\/v2\/media?parent=3981"}],"wp:term":[{"taxonomy":"product_brand","embeddable":true,"href":"https:\/\/fdasrl.it\/es\/wp-json\/wp\/v2\/product_brand?post=3981"},{"taxonomy":"product_cat","embeddable":true,"href":"https:\/\/fdasrl.it\/es\/wp-json\/wp\/v2\/product_cat?post=3981"},{"taxonomy":"product_tag","embeddable":true,"href":"https:\/\/fdasrl.it\/es\/wp-json\/wp\/v2\/product_tag?post=3981"}],"curies":[{"name":"wp","href":"https:\/\/api.w.org\/{rel}","templated":true}]}}