{"id":4096,"date":"2025-01-21T10:43:30","date_gmt":"2025-01-21T09:43:30","guid":{"rendered":"https:\/\/fdasrl.it\/prodotto\/bebedero-de-nivel-constante-en-acero-inoxidable\/"},"modified":"2025-01-21T10:43:30","modified_gmt":"2025-01-21T09:43:30","slug":"bebedero-de-nivel-constante-en-acero-inoxidable","status":"publish","type":"product","link":"https:\/\/fdasrl.it\/es\/prodotto\/bebedero-de-nivel-constante-en-acero-inoxidable\/","title":{"rendered":"Bebedero de Nivel Constante en Acero Inoxidable"},"content":{"rendered":"<div class=\"product-intro\">\n<div class=\"product-intro-padding\">\n<div class=\"xt-container-content-wrapper\">\n<div class=\"xt-introduction-wrapper\">\n<p data-start=\"287\" data-end=\"544\">El <strong data-start=\"290\" data-end=\"334\">bebedero de acero inoxidable de nivel constante<\/strong> es una soluci\u00f3n robusta e higi\u00e9nica para el suministro de agua a los animales. Fabricado en <strong data-start=\"418\" data-end=\"443\">acero inoxidable AISI 304<\/strong>, es ideal para aplicaciones zoot\u00e9cnicas donde se requiere resistencia, durabilidad y facilidad de limpieza. <\/p>\n<h3 data-start=\"546\" data-end=\"582\">\u2705 <strong data-start=\"552\" data-end=\"582\">Caracter\u00edsticas principales<\/strong><\/h3>\n<ul data-start=\"584\" data-end=\"1024\">\n<li data-start=\"584\" data-end=\"634\">\n<p data-start=\"586\" data-end=\"634\"><strong data-start=\"586\" data-end=\"599\">Material<\/strong>: Acero inoxidable 304 (espesor 10\/10)<\/p>\n<\/li>\n<li data-start=\"635\" data-end=\"704\">\n<p data-start=\"637\" data-end=\"704\"><strong data-start=\"637\" data-end=\"667\">Sistema de nivel constante<\/strong> con <strong data-start=\"672\" data-end=\"696\">boya de 1\/2\u201d<\/strong> incluida<\/p>\n<\/li>\n<li data-start=\"705\" data-end=\"776\">\n<p data-start=\"707\" data-end=\"776\"><strong data-start=\"707\" data-end=\"737\">Alojamiento de la boya<\/strong> disponible en el lado izquierdo o derecho<\/p>\n<\/li>\n<li data-start=\"777\" data-end=\"835\">\n<p data-start=\"779\" data-end=\"835\"><strong data-start=\"779\" data-end=\"797\">Sin soportes<\/strong>: apto para apoyo<\/p>\n<\/li>\n<li data-start=\"836\" data-end=\"868\">\n<p data-start=\"838\" data-end=\"868\"><strong data-start=\"838\" data-end=\"858\">Capacidad m\u00e1xima<\/strong>: 45 l<\/p>\n<\/li>\n<li data-start=\"869\" data-end=\"937\">\n<p data-start=\"871\" data-end=\"937\"><strong data-start=\"871\" data-end=\"897\">Desag\u00fce para limpieza<\/strong>: conexi\u00f3n de 3\/4\u201d para un vaciado f\u00e1cil<\/p>\n<\/li>\n<li data-start=\"938\" data-end=\"975\">\n<p data-start=\"940\" data-end=\"975\"><strong data-start=\"940\" data-end=\"958\">Entrada de agua<\/strong>: conexi\u00f3n de 3\/4\u201d<\/p>\n<\/li>\n<li data-start=\"976\" data-end=\"1024\">\n<p data-start=\"978\" data-end=\"1024\"><strong data-start=\"978\" data-end=\"1016\">Presi\u00f3n m\u00e1xima de la boya<\/strong>: 10 bar<\/p>\n<\/li>\n<\/ul>\n<h3 data-start=\"1026\" data-end=\"1059\">\ud83d\udcd0 <strong data-start=\"1033\" data-end=\"1059\">Dimensiones disponibles<\/strong><\/h3>\n<ul data-start=\"1061\" data-end=\"1127\">\n<li data-start=\"1061\" data-end=\"1082\">\n<p data-start=\"1063\" data-end=\"1082\">60 x 30 x h 20 cm<\/p>\n<\/li>\n<li data-start=\"1083\" data-end=\"1104\">\n<p data-start=\"1085\" data-end=\"1104\">80 x 30 x h 20 cm<\/p>\n<\/li>\n<li data-start=\"1105\" data-end=\"1127\">\n<p data-start=\"1107\" data-end=\"1127\">120 x 30 x h 20 cm<\/p>\n<\/li>\n<\/ul>\n<blockquote data-start=\"1129\" data-end=\"1242\">\n<p data-start=\"1131\" data-end=\"1242\">Ideal para explotaciones de vacuno, porcino, ovino, caprino y equino. F\u00e1cil de integrar en establos nuevos o existentes. <\/p>\n<\/blockquote>\n<h3 data-start=\"1244\" data-end=\"1267\">\ud83d\udd27 <strong data-start=\"1251\" data-end=\"1267\">Aplicaciones<\/strong><\/h3>\n<ul data-start=\"1269\" data-end=\"1367\">\n<li data-start=\"1269\" data-end=\"1294\">\n<p data-start=\"1271\" data-end=\"1294\">Bebederos para animales<\/p>\n<\/li>\n<li data-start=\"1295\" data-end=\"1324\">\n<p data-start=\"1297\" data-end=\"1324\">Bebederos para establos y recintos<\/p>\n<\/li>\n<li data-start=\"1325\" data-end=\"1367\">\n<p data-start=\"1327\" data-end=\"1367\">Sistemas h\u00eddricos autom\u00e1ticos en ganader\u00eda<\/p>\n<\/li>\n<\/ul>\n<h3 data-start=\"1369\" data-end=\"1415\">\ud83c\udf10 \u00bfPor qu\u00e9 elegir nuestros bebederos de acero inoxidable?<\/h3>\n<ul data-start=\"1417\" data-end=\"1573\">\n<li data-start=\"1417\" data-end=\"1445\">\n<p data-start=\"1419\" data-end=\"1445\">Alta calidad de los materiales<\/p>\n<\/li>\n<li data-start=\"1446\" data-end=\"1485\">\n<p data-start=\"1448\" data-end=\"1485\">M\u00e1xima higiene y facilidad de lavado<\/p>\n<\/li>\n<li data-start=\"1486\" data-end=\"1528\">\n<p data-start=\"1488\" data-end=\"1528\">Larga duraci\u00f3n incluso en condiciones exigentes<\/p>\n<\/li>\n<li data-start=\"1529\" data-end=\"1573\">\n<p data-start=\"1531\" data-end=\"1573\">Producto dise\u00f1ado y fabricado en Italia<\/p>\n<\/li>\n<\/ul>\n<hr data-start=\"1575\" data-end=\"1578\">\n<h4 data-start=\"1580\" data-end=\"1648\">\ud83d\udcde Cont\u00e1ctanos para personalizaciones o pedidos de grandes cantidades &#8211; <a href=\"https:\/\/fdasrl.it\/es\/contacto\/#et_pb_contact_form_0\">HAZ CLIC AQU\u00cd<\/a><\/h4>\n<\/div>\n<\/div>\n<\/div>\n<\/div>\n","protected":false},"excerpt":{"rendered":"<p>Bebedero de acero inoxidable AISI 304 de nivel constante con boya de 1\/2&#8243;, ideal para establos y granjas. Capacidad 45 l, f\u00e1cil de limpiar. Tres medidas disponibles.  <\/p>\n","protected":false},"featured_media":369,"comment_status":"open","ping_status":"closed","template":"","meta":{"_et_pb_use_builder":"","_et_pb_old_content":"","_et_gb_content_width":""},"product_brand":[],"product_cat":[403,420,551],"product_tag":[974],"class_list":{"0":"post-4096","1":"product","2":"type-product","3":"status-publish","4":"has-post-thumbnail","6":"product_cat-bovinos","7":"product_cat-ovinos-y-caprinos","8":"product_cat-tanques-de-acero-inoxidable-para-establos","9":"product_tag-fa-vs1","11":"first","12":"instock","13":"shipping-taxable","14":"product-type-simple"},"yoast_head":"<!-- This site is optimized with the Yoast SEO Premium plugin v27.5 (Yoast SEO v27.5) - https:\/\/yoast.com\/product\/yoast-seo-premium-wordpress\/ -->\n<title>Bebedero de acero inoxidable para establos y recintos - FDA srl<\/title>\n<meta name=\"description\" content=\"Elige el bebedero de acero inoxidable para una soluci\u00f3n higi\u00e9nica y robusta para tu ganado. \u00a1Descubre m\u00e1s!\" \/>\n<meta name=\"robots\" content=\"index, follow, max-snippet:-1, max-image-preview:large, max-video-preview:-1\" \/>\n<link rel=\"canonical\" href=\"https:\/\/fdasrl.it\/es\/prodotto\/bebedero-de-nivel-constante-en-acero-inoxidable\/\" \/>\n<meta property=\"og:locale\" content=\"es_ES\" \/>\n<meta property=\"og:type\" content=\"article\" \/>\n<meta property=\"og:title\" content=\"Bebedero de Nivel Constante en Acero Inoxidable\" \/>\n<meta property=\"og:description\" content=\"Elige el bebedero de acero inoxidable para una soluci\u00f3n higi\u00e9nica y robusta para tu ganado. \u00a1Descubre m\u00e1s!\" \/>\n<meta property=\"og:url\" content=\"https:\/\/fdasrl.it\/es\/prodotto\/bebedero-de-nivel-constante-en-acero-inoxidable\/\" \/>\n<meta property=\"og:site_name\" content=\"FDA srl\" \/>\n<meta property=\"article:publisher\" content=\"https:\/\/www.facebook.com\/share\/1MWhFWg1Tp\/?mibextid=LQQJ4d\" \/>\n<meta property=\"og:image\" content=\"https:\/\/fdasrl.it\/wp-content\/uploads\/2025\/01\/FA-VS1.jpg\" \/>\n\t<meta property=\"og:image:width\" content=\"730\" \/>\n\t<meta property=\"og:image:height\" content=\"548\" \/>\n\t<meta property=\"og:image:type\" content=\"image\/jpeg\" \/>\n<meta name=\"twitter:card\" content=\"summary_large_image\" \/>\n<meta name=\"twitter:label1\" content=\"Precio\" \/>\n\t<meta name=\"twitter:data1\" content=\"\" \/>\n\t<meta name=\"twitter:label2\" content=\"Disponibilidad\" \/>\n\t<meta name=\"twitter:data2\" content=\"Disponible\" \/>\n<meta property=\"product:price:currency\" content=\"EUR\" \/>\n<meta property=\"og:availability\" content=\"instock\" \/>\n<meta property=\"product:availability\" content=\"instock\" \/>\n<meta property=\"product:retailer_item_id\" content=\"FA-VS1\" \/>\n<meta property=\"product:condition\" content=\"new\" \/>\n<!-- \/ Yoast SEO Premium plugin. -->","yoast_head_json":{"title":"Bebedero de acero inoxidable para establos y recintos - FDA srl","description":"Elige el bebedero de acero inoxidable para una soluci\u00f3n higi\u00e9nica y robusta para tu ganado. \u00a1Descubre m\u00e1s!","robots":{"index":"index","follow":"follow","max-snippet":"max-snippet:-1","max-image-preview":"max-image-preview:large","max-video-preview":"max-video-preview:-1"},"canonical":"https:\/\/fdasrl.it\/es\/prodotto\/bebedero-de-nivel-constante-en-acero-inoxidable\/","og_locale":"es_ES","og_type":"article","og_title":"Bebedero de Nivel Constante en Acero Inoxidable","og_description":"Elige el bebedero de acero inoxidable para una soluci\u00f3n higi\u00e9nica y robusta para tu ganado. \u00a1Descubre m\u00e1s!","og_url":"https:\/\/fdasrl.it\/es\/prodotto\/bebedero-de-nivel-constante-en-acero-inoxidable\/","og_site_name":"FDA srl","article_publisher":"https:\/\/www.facebook.com\/share\/1MWhFWg1Tp\/?mibextid=LQQJ4d","og_image":[{"width":730,"height":548,"url":"https:\/\/fdasrl.it\/wp-content\/uploads\/2025\/01\/FA-VS1.jpg","type":"image\/jpeg"}],"twitter_card":"summary_large_image","twitter_misc":{"Precio":"","Disponibilidad":"Disponible"},"schema":{"@context":"https:\/\/schema.org","@graph":[{"@type":"WebPage","@id":"https:\/\/fdasrl.it\/es\/prodotto\/bebedero-de-nivel-constante-en-acero-inoxidable\/","url":"https:\/\/fdasrl.it\/es\/prodotto\/bebedero-de-nivel-constante-en-acero-inoxidable\/","name":"Bebedero de acero inoxidable para establos y recintos - FDA srl","isPartOf":{"@id":"https:\/\/fdasrl.it\/es\/#website"},"primaryImageOfPage":{"@id":"https:\/\/fdasrl.it\/es\/prodotto\/bebedero-de-nivel-constante-en-acero-inoxidable\/#primaryimage"},"image":{"@id":"https:\/\/fdasrl.it\/es\/prodotto\/bebedero-de-nivel-constante-en-acero-inoxidable\/#primaryimage"},"thumbnailUrl":"https:\/\/fdasrl.it\/wp-content\/uploads\/2025\/01\/FA-VS1.jpg","datePublished":"2025-01-21T09:43:30+00:00","description":"Elige el bebedero de acero inoxidable para una soluci\u00f3n higi\u00e9nica y robusta para tu ganado. \u00a1Descubre m\u00e1s!","breadcrumb":{"@id":"https:\/\/fdasrl.it\/es\/prodotto\/bebedero-de-nivel-constante-en-acero-inoxidable\/#breadcrumb"},"inLanguage":"es","potentialAction":[{"@type":"ReadAction","target":["https:\/\/fdasrl.it\/es\/prodotto\/bebedero-de-nivel-constante-en-acero-inoxidable\/"]}]},{"@type":"ImageObject","inLanguage":"es","@id":"https:\/\/fdasrl.it\/es\/prodotto\/bebedero-de-nivel-constante-en-acero-inoxidable\/#primaryimage","url":"https:\/\/fdasrl.it\/wp-content\/uploads\/2025\/01\/FA-VS1.jpg","contentUrl":"https:\/\/fdasrl.it\/wp-content\/uploads\/2025\/01\/FA-VS1.jpg","width":730,"height":548},{"@type":"BreadcrumbList","@id":"https:\/\/fdasrl.it\/es\/prodotto\/bebedero-de-nivel-constante-en-acero-inoxidable\/#breadcrumb","itemListElement":[{"@type":"ListItem","position":1,"name":"Home","item":"https:\/\/fdasrl.it\/es\/inicio\/"},{"@type":"ListItem","position":2,"name":"Tienda","item":"https:\/\/fdasrl.it\/es\/tienda\/"},{"@type":"ListItem","position":3,"name":"Bebedero de Nivel Constante en Acero Inoxidable"}]},{"@type":"WebSite","@id":"https:\/\/fdasrl.it\/es\/#website","url":"https:\/\/fdasrl.it\/es\/","name":"FDA srl","description":"Equipment for animal husbandry","publisher":{"@id":"https:\/\/fdasrl.it\/es\/#organization"},"potentialAction":[{"@type":"SearchAction","target":{"@type":"EntryPoint","urlTemplate":"https:\/\/fdasrl.it\/es\/?s={search_term_string}"},"query-input":{"@type":"PropertyValueSpecification","valueRequired":true,"valueName":"search_term_string"}}],"inLanguage":"es"},{"@type":"Organization","@id":"https:\/\/fdasrl.it\/es\/#organization","name":"FDA srl","url":"https:\/\/fdasrl.it\/es\/","logo":{"@type":"ImageObject","inLanguage":"es","@id":"https:\/\/fdasrl.it\/es\/#\/schema\/logo\/image\/","url":"https:\/\/fdasrl.it\/wp-content\/uploads\/2024\/12\/Logo-FDA.png","contentUrl":"https:\/\/fdasrl.it\/wp-content\/uploads\/2024\/12\/Logo-FDA.png","width":316,"height":119,"caption":"FDA srl"},"image":{"@id":"https:\/\/fdasrl.it\/es\/#\/schema\/logo\/image\/"},"sameAs":["https:\/\/www.facebook.com\/share\/1MWhFWg1Tp\/?mibextid=LQQJ4d","https:\/\/www.instagram.com\/fda_srl\/profilecard\/?igsh=YW5lbzJ6MWg0d21u","https:\/\/www.youtube.com\/@FDASRL_ANIMALCARE"],"description":"FDA SRL \u2013 Equipment for animal husbandry nasce con l\u2019obiettivo di offrire soluzioni affidabili e innovative per l\u2019allevamento moderno. Con anni di esperienza nel settore zootecnico, progettiamo e realizziamo attrezzature destinate al benessere animale e alla gestione efficiente delle stalle: vasche, abbeveratoi, mangiatoie e sistemi di riscaldamento pensati per durare nel tempo e semplificare il lavoro quotidiano degli allevatori. Dalla progettazione alla produzione, ogni nostro prodotto \u00e8 studiato nei minimi dettagli, testato con cura e costruito per rispondere alle esigenze reali del settore. La nostra forza \u00e8 unire artigianalit\u00e0, tecnologia e competenza tecnica per trasformare ogni progetto in una soluzione concreta e funzionale. Oggi FDA SRL \u00e8 un punto di riferimento per privati e rivenditori che cercano qualit\u00e0, affidabilit\u00e0 e innovazione nelle attrezzature per l\u2019allevamento.","email":"info@fdasrl.it","telephone":"+390522826820","legalName":"F.D.A. SRL","foundingDate":"2024-10-13","vatID":"03075840359","taxID":"03075840359","numberOfEmployees":{"@type":"QuantitativeValue","minValue":"1","maxValue":"10"}}]},"product_price_currency":"EUR","og_availability":"instock","product_availability":"instock","product_retailer_item_id":"FA-VS1","product_condition":"new"},"_links":{"self":[{"href":"https:\/\/fdasrl.it\/es\/wp-json\/wp\/v2\/product\/4096","targetHints":{"allow":["GET"]}}],"collection":[{"href":"https:\/\/fdasrl.it\/es\/wp-json\/wp\/v2\/product"}],"about":[{"href":"https:\/\/fdasrl.it\/es\/wp-json\/wp\/v2\/types\/product"}],"replies":[{"embeddable":true,"href":"https:\/\/fdasrl.it\/es\/wp-json\/wp\/v2\/comments?post=4096"}],"wp:featuredmedia":[{"embeddable":true,"href":"https:\/\/fdasrl.it\/es\/wp-json\/wp\/v2\/media\/369"}],"wp:attachment":[{"href":"https:\/\/fdasrl.it\/es\/wp-json\/wp\/v2\/media?parent=4096"}],"wp:term":[{"taxonomy":"product_brand","embeddable":true,"href":"https:\/\/fdasrl.it\/es\/wp-json\/wp\/v2\/product_brand?post=4096"},{"taxonomy":"product_cat","embeddable":true,"href":"https:\/\/fdasrl.it\/es\/wp-json\/wp\/v2\/product_cat?post=4096"},{"taxonomy":"product_tag","embeddable":true,"href":"https:\/\/fdasrl.it\/es\/wp-json\/wp\/v2\/product_tag?post=4096"}],"curies":[{"name":"wp","href":"https:\/\/api.w.org\/{rel}","templated":true}]}}