{"id":4150,"date":"2025-01-21T10:25:05","date_gmt":"2025-01-21T09:25:05","guid":{"rendered":"https:\/\/fdasrl.it\/prodotto\/bebedero-termico-anticongelante-de-una-bola-fa-at-1\/"},"modified":"2025-01-21T10:25:05","modified_gmt":"2025-01-21T09:25:05","slug":"bebedero-termico-anticongelante-de-una-bola-fa-at-1","status":"publish","type":"product","link":"https:\/\/fdasrl.it\/es\/prodotto\/bebedero-termico-anticongelante-de-una-bola-fa-at-1\/","title":{"rendered":"Bebedero t\u00e9rmico anticongelante de una bola FA-AT 1"},"content":{"rendered":"<h2 data-start=\"170\" data-end=\"250\">\u2744\ufe0f <strong data-start=\"176\" data-end=\"250\">Bebedero t\u00e9rmico anticongelante de una bola FA-AT 1 para bovinos y equinos<\/strong><\/h2>\n<p data-start=\"252\" data-end=\"655\">El <strong data-start=\"254\" data-end=\"295\">bebedero t\u00e9rmico anticongelante FA-AT 1<\/strong> est\u00e1 dise\u00f1ado para ofrecer <strong data-start=\"321\" data-end=\"366\">agua siempre disponible incluso en invierno<\/strong>, sin usar electricidad. Gracias al <strong data-start=\"407\" data-end=\"463\">aislamiento de espuma de poliuretano de alta densidad<\/strong> y a la <strong data-start=\"471\" data-end=\"500\">estructura de doble pared<\/strong>, mantiene una temperatura del agua estable entre <strong data-start=\"550\" data-end=\"573\">3\u00b0 y 5 \u00b0C en invierno<\/strong> y entre <strong data-start=\"580\" data-end=\"604\">10\u00b0 y 12 \u00b0C en verano<\/strong>, garantizando <strong data-start=\"617\" data-end=\"654\">protecci\u00f3n anticongelante hasta -30 \u00b0C<\/strong>. <\/p>\n<hr data-start=\"657\" data-end=\"660\">\n<h3 data-start=\"662\" data-end=\"697\">\ud83d\udc04 <strong data-start=\"669\" data-end=\"697\">Caracter\u00edsticas t\u00e9cnicas<\/strong><\/h3>\n<ul data-start=\"699\" data-end=\"1229\">\n<li data-start=\"699\" data-end=\"723\">\n<p data-start=\"701\" data-end=\"723\"><strong data-start=\"701\" data-end=\"712\">Modelo<\/strong>: FA-AT 1<\/p>\n<\/li>\n<li data-start=\"724\" data-end=\"750\">\n<p data-start=\"726\" data-end=\"750\"><strong data-start=\"726\" data-end=\"738\">Capacidad<\/strong>: 40 litros<\/p>\n<\/li>\n<li data-start=\"751\" data-end=\"784\">\n<p data-start=\"753\" data-end=\"784\"><strong data-start=\"753\" data-end=\"772\">Caudal de la v\u00e1lvula<\/strong>: 35 l\/min<\/p>\n<\/li>\n<li data-start=\"785\" data-end=\"841\">\n<p data-start=\"787\" data-end=\"841\"><strong data-start=\"787\" data-end=\"810\">Suministro de agua<\/strong>: conexi\u00f3n inferior 1\/2&#8243;<\/p>\n<\/li>\n<li data-start=\"842\" data-end=\"895\">\n<p data-start=\"844\" data-end=\"895\"><strong data-start=\"844\" data-end=\"874\">Sistema de nivel constante<\/strong> con bola anticongelante<\/p>\n<\/li>\n<li data-start=\"896\" data-end=\"951\">\n<p data-start=\"898\" data-end=\"951\"><strong data-start=\"898\" data-end=\"911\">Material<\/strong>: doble pared aislada con poliuretano<\/p>\n<\/li>\n<li data-start=\"952\" data-end=\"1008\">\n<p data-start=\"954\" data-end=\"1008\"><strong data-start=\"954\" data-end=\"968\">Adecuado para<\/strong>: hasta 15 animales (bovinos y equinos)<\/p>\n<\/li>\n<li data-start=\"1009\" data-end=\"1046\">\n<p data-start=\"1011\" data-end=\"1046\"><strong data-start=\"1011\" data-end=\"1025\">Dimensiones<\/strong>: 60 x 70 x 52,5 cm<\/p>\n<\/li>\n<li data-start=\"1047\" data-end=\"1085\">\n<p data-start=\"1049\" data-end=\"1085\"><strong data-start=\"1049\" data-end=\"1067\">Vaciado r\u00e1pido<\/strong>: tap\u00f3n \u00d8 100 mm<\/p>\n<\/li>\n<li data-start=\"1086\" data-end=\"1229\">\n<p data-start=\"1088\" data-end=\"1110\"><strong data-start=\"1088\" data-end=\"1109\">Accesorios incluidos<\/strong>:<\/p>\n<ul data-start=\"1113\" data-end=\"1229\">\n<li data-start=\"1113\" data-end=\"1146\">\n<p data-start=\"1115\" data-end=\"1146\">Tirantes para fijaci\u00f3n al suelo<\/p>\n<\/li>\n<li data-start=\"1149\" data-end=\"1176\">\n<p data-start=\"1151\" data-end=\"1176\">Juntas de repuesto<\/p>\n<\/li>\n<li data-start=\"1179\" data-end=\"1229\">\n<p data-start=\"1181\" data-end=\"1229\">V\u00e1lvula de descarga con tubo flexible aislado<\/p>\n<\/li>\n<\/ul>\n<\/li>\n<\/ul>\n<hr data-start=\"1231\" data-end=\"1234\">\n<h3 data-start=\"1236\" data-end=\"1280\">\u2705 <strong data-start=\"1242\" data-end=\"1280\">Ventajas del bebedero FA-AT 1<\/strong><\/h3>\n<ul data-start=\"1282\" data-end=\"1557\">\n<li data-start=\"1282\" data-end=\"1336\">\n<p data-start=\"1284\" data-end=\"1336\"><strong data-start=\"1284\" data-end=\"1309\">Funcionamiento pasivo<\/strong>: sin energ\u00eda el\u00e9ctrica<\/p>\n<\/li>\n<li data-start=\"1337\" data-end=\"1408\">\n<p data-start=\"1339\" data-end=\"1408\"><strong data-start=\"1339\" data-end=\"1357\">M\u00e1xima higiene<\/strong>: reduce la suciedad y la contaminaci\u00f3n del agua<\/p>\n<\/li>\n<li data-start=\"1409\" data-end=\"1451\">\n<p data-start=\"1411\" data-end=\"1451\"><strong data-start=\"1411\" data-end=\"1449\">Protecci\u00f3n eficaz contra las heladas<\/strong><\/p>\n<\/li>\n<li data-start=\"1452\" data-end=\"1491\">\n<p data-start=\"1454\" data-end=\"1491\"><strong data-start=\"1454\" data-end=\"1489\">Instalaci\u00f3n sencilla y segura<\/strong><\/p>\n<\/li>\n<li data-start=\"1492\" data-end=\"1557\">\n<p data-start=\"1494\" data-end=\"1557\"><strong data-start=\"1494\" data-end=\"1557\">Ideal para paddocks, cercados exteriores y establos no calefactados<\/strong><\/p>\n<\/li>\n<\/ul>\n<p>C\u00f3mpralo en nuestra <a href=\"https:\/\/fda-shop.it\/shop\/articoli-per-allevamento\/abbeveratoio-termico-antigelo-fa-at-1\" target=\"_blank\" rel=\"noopener\">tienda online<\/a><\/p>\n","protected":false},"excerpt":{"rendered":"<p>Bebedero t\u00e9rmico anticongelante de una bola FA-AT 1 de 40 litros. Para bovinos y caballos, sin electricidad, eficaz hasta -30 \u00b0C. M\u00e1xima higiene y aislamiento.  <\/p>\n","protected":false},"featured_media":359,"comment_status":"open","ping_status":"closed","template":"","meta":{"_et_pb_use_builder":"","_et_pb_old_content":"","_et_gb_content_width":""},"product_brand":[],"product_cat":[552,919,403,607],"product_tag":[984],"class_list":{"0":"post-4150","1":"product","2":"type-product","3":"status-publish","4":"has-post-thumbnail","6":"product_cat-bebederos-2","7":"product_cat-bebederos-anticongelantes","8":"product_cat-bovinos","9":"product_cat-caballos","10":"product_tag-fa-at-1","12":"first","13":"instock","14":"shipping-taxable","15":"product-type-simple"},"yoast_head":"<!-- This site is optimized with the Yoast SEO Premium plugin v27.5 (Yoast SEO v27.5) - https:\/\/yoast.com\/product\/yoast-seo-premium-wordpress\/ -->\n<title>Bebedero anticongelante para establos y paddocks para invierno riguroso - FDA srl<\/title>\n<meta name=\"description\" content=\"Con el bebedero anticongelante para establos y paddocks, ya no tendr\u00e1s que preocuparte por las heladas. \u00a1Descubre la comodidad de un producto con consumo energ\u00e9tico cero!\" \/>\n<meta name=\"robots\" content=\"index, follow, max-snippet:-1, max-image-preview:large, max-video-preview:-1\" \/>\n<link rel=\"canonical\" href=\"https:\/\/fdasrl.it\/es\/prodotto\/bebedero-termico-anticongelante-de-una-bola-fa-at-1\/\" \/>\n<meta property=\"og:locale\" content=\"es_ES\" \/>\n<meta property=\"og:type\" content=\"article\" \/>\n<meta property=\"og:title\" content=\"Bebedero t\u00e9rmico anticongelante de una bola FA-AT 1\" \/>\n<meta property=\"og:description\" content=\"Con el bebedero anticongelante para establos y paddocks, ya no tendr\u00e1s que preocuparte por las heladas. \u00a1Descubre la comodidad de un producto con consumo energ\u00e9tico cero!\" \/>\n<meta property=\"og:url\" content=\"https:\/\/fdasrl.it\/es\/prodotto\/bebedero-termico-anticongelante-de-una-bola-fa-at-1\/\" \/>\n<meta property=\"og:site_name\" content=\"FDA srl\" \/>\n<meta property=\"article:publisher\" content=\"https:\/\/www.facebook.com\/share\/1MWhFWg1Tp\/?mibextid=LQQJ4d\" \/>\n<meta property=\"og:image\" content=\"https:\/\/fdasrl.it\/wp-content\/uploads\/2025\/01\/FA-AT-1.jpg\" \/>\n\t<meta property=\"og:image:width\" content=\"705\" \/>\n\t<meta property=\"og:image:height\" content=\"640\" \/>\n\t<meta property=\"og:image:type\" content=\"image\/jpeg\" \/>\n<meta name=\"twitter:card\" content=\"summary_large_image\" \/>\n<meta name=\"twitter:label1\" content=\"Precio\" \/>\n\t<meta name=\"twitter:data1\" content=\"\" \/>\n\t<meta name=\"twitter:label2\" content=\"Disponibilidad\" \/>\n\t<meta name=\"twitter:data2\" content=\"Disponible\" \/>\n<meta property=\"product:price:currency\" content=\"EUR\" \/>\n<meta property=\"og:availability\" content=\"instock\" \/>\n<meta property=\"product:availability\" content=\"instock\" \/>\n<meta property=\"product:retailer_item_id\" content=\"FA-AT1\" \/>\n<meta property=\"product:condition\" content=\"new\" \/>\n<!-- \/ Yoast SEO Premium plugin. -->","yoast_head_json":{"title":"Bebedero anticongelante para establos y paddocks para invierno riguroso - FDA srl","description":"Con el bebedero anticongelante para establos y paddocks, ya no tendr\u00e1s que preocuparte por las heladas. \u00a1Descubre la comodidad de un producto con consumo energ\u00e9tico cero!","robots":{"index":"index","follow":"follow","max-snippet":"max-snippet:-1","max-image-preview":"max-image-preview:large","max-video-preview":"max-video-preview:-1"},"canonical":"https:\/\/fdasrl.it\/es\/prodotto\/bebedero-termico-anticongelante-de-una-bola-fa-at-1\/","og_locale":"es_ES","og_type":"article","og_title":"Bebedero t\u00e9rmico anticongelante de una bola FA-AT 1","og_description":"Con el bebedero anticongelante para establos y paddocks, ya no tendr\u00e1s que preocuparte por las heladas. \u00a1Descubre la comodidad de un producto con consumo energ\u00e9tico cero!","og_url":"https:\/\/fdasrl.it\/es\/prodotto\/bebedero-termico-anticongelante-de-una-bola-fa-at-1\/","og_site_name":"FDA srl","article_publisher":"https:\/\/www.facebook.com\/share\/1MWhFWg1Tp\/?mibextid=LQQJ4d","og_image":[{"width":705,"height":640,"url":"https:\/\/fdasrl.it\/wp-content\/uploads\/2025\/01\/FA-AT-1.jpg","type":"image\/jpeg"}],"twitter_card":"summary_large_image","twitter_misc":{"Precio":"","Disponibilidad":"Disponible"},"schema":{"@context":"https:\/\/schema.org","@graph":[{"@type":"WebPage","@id":"https:\/\/fdasrl.it\/es\/prodotto\/bebedero-termico-anticongelante-de-una-bola-fa-at-1\/","url":"https:\/\/fdasrl.it\/es\/prodotto\/bebedero-termico-anticongelante-de-una-bola-fa-at-1\/","name":"Bebedero anticongelante para establos y paddocks para invierno riguroso - FDA srl","isPartOf":{"@id":"https:\/\/fdasrl.it\/es\/#website"},"primaryImageOfPage":{"@id":"https:\/\/fdasrl.it\/es\/prodotto\/bebedero-termico-anticongelante-de-una-bola-fa-at-1\/#primaryimage"},"image":{"@id":"https:\/\/fdasrl.it\/es\/prodotto\/bebedero-termico-anticongelante-de-una-bola-fa-at-1\/#primaryimage"},"thumbnailUrl":"https:\/\/fdasrl.it\/wp-content\/uploads\/2025\/01\/FA-AT-1.jpg","datePublished":"2025-01-21T09:25:05+00:00","description":"Con el bebedero anticongelante para establos y paddocks, ya no tendr\u00e1s que preocuparte por las heladas. \u00a1Descubre la comodidad de un producto con consumo energ\u00e9tico cero!","breadcrumb":{"@id":"https:\/\/fdasrl.it\/es\/prodotto\/bebedero-termico-anticongelante-de-una-bola-fa-at-1\/#breadcrumb"},"inLanguage":"es","potentialAction":[{"@type":"ReadAction","target":["https:\/\/fdasrl.it\/es\/prodotto\/bebedero-termico-anticongelante-de-una-bola-fa-at-1\/"]}]},{"@type":"ImageObject","inLanguage":"es","@id":"https:\/\/fdasrl.it\/es\/prodotto\/bebedero-termico-anticongelante-de-una-bola-fa-at-1\/#primaryimage","url":"https:\/\/fdasrl.it\/wp-content\/uploads\/2025\/01\/FA-AT-1.jpg","contentUrl":"https:\/\/fdasrl.it\/wp-content\/uploads\/2025\/01\/FA-AT-1.jpg","width":705,"height":640,"caption":"Bebedero t\u00e9rmico anticongelante de una bola FA-AT 1 para bovinos y equinos"},{"@type":"BreadcrumbList","@id":"https:\/\/fdasrl.it\/es\/prodotto\/bebedero-termico-anticongelante-de-una-bola-fa-at-1\/#breadcrumb","itemListElement":[{"@type":"ListItem","position":1,"name":"Home","item":"https:\/\/fdasrl.it\/es\/inicio\/"},{"@type":"ListItem","position":2,"name":"Tienda","item":"https:\/\/fdasrl.it\/es\/tienda\/"},{"@type":"ListItem","position":3,"name":"Bebedero t\u00e9rmico anticongelante de una bola FA-AT 1"}]},{"@type":"WebSite","@id":"https:\/\/fdasrl.it\/es\/#website","url":"https:\/\/fdasrl.it\/es\/","name":"FDA srl","description":"Equipment for animal husbandry","publisher":{"@id":"https:\/\/fdasrl.it\/es\/#organization"},"potentialAction":[{"@type":"SearchAction","target":{"@type":"EntryPoint","urlTemplate":"https:\/\/fdasrl.it\/es\/?s={search_term_string}"},"query-input":{"@type":"PropertyValueSpecification","valueRequired":true,"valueName":"search_term_string"}}],"inLanguage":"es"},{"@type":"Organization","@id":"https:\/\/fdasrl.it\/es\/#organization","name":"FDA srl","url":"https:\/\/fdasrl.it\/es\/","logo":{"@type":"ImageObject","inLanguage":"es","@id":"https:\/\/fdasrl.it\/es\/#\/schema\/logo\/image\/","url":"https:\/\/fdasrl.it\/wp-content\/uploads\/2024\/12\/Logo-FDA.png","contentUrl":"https:\/\/fdasrl.it\/wp-content\/uploads\/2024\/12\/Logo-FDA.png","width":316,"height":119,"caption":"FDA srl"},"image":{"@id":"https:\/\/fdasrl.it\/es\/#\/schema\/logo\/image\/"},"sameAs":["https:\/\/www.facebook.com\/share\/1MWhFWg1Tp\/?mibextid=LQQJ4d","https:\/\/www.instagram.com\/fda_srl\/profilecard\/?igsh=YW5lbzJ6MWg0d21u","https:\/\/www.youtube.com\/@FDASRL_ANIMALCARE"],"description":"FDA SRL \u2013 Equipment for animal husbandry nasce con l\u2019obiettivo di offrire soluzioni affidabili e innovative per l\u2019allevamento moderno. Con anni di esperienza nel settore zootecnico, progettiamo e realizziamo attrezzature destinate al benessere animale e alla gestione efficiente delle stalle: vasche, abbeveratoi, mangiatoie e sistemi di riscaldamento pensati per durare nel tempo e semplificare il lavoro quotidiano degli allevatori. Dalla progettazione alla produzione, ogni nostro prodotto \u00e8 studiato nei minimi dettagli, testato con cura e costruito per rispondere alle esigenze reali del settore. La nostra forza \u00e8 unire artigianalit\u00e0, tecnologia e competenza tecnica per trasformare ogni progetto in una soluzione concreta e funzionale. Oggi FDA SRL \u00e8 un punto di riferimento per privati e rivenditori che cercano qualit\u00e0, affidabilit\u00e0 e innovazione nelle attrezzature per l\u2019allevamento.","email":"info@fdasrl.it","telephone":"+390522826820","legalName":"F.D.A. SRL","foundingDate":"2024-10-13","vatID":"03075840359","taxID":"03075840359","numberOfEmployees":{"@type":"QuantitativeValue","minValue":"1","maxValue":"10"}}]},"product_price_currency":"EUR","og_availability":"instock","product_availability":"instock","product_retailer_item_id":"FA-AT1","product_condition":"new"},"_links":{"self":[{"href":"https:\/\/fdasrl.it\/es\/wp-json\/wp\/v2\/product\/4150","targetHints":{"allow":["GET"]}}],"collection":[{"href":"https:\/\/fdasrl.it\/es\/wp-json\/wp\/v2\/product"}],"about":[{"href":"https:\/\/fdasrl.it\/es\/wp-json\/wp\/v2\/types\/product"}],"replies":[{"embeddable":true,"href":"https:\/\/fdasrl.it\/es\/wp-json\/wp\/v2\/comments?post=4150"}],"wp:featuredmedia":[{"embeddable":true,"href":"https:\/\/fdasrl.it\/es\/wp-json\/wp\/v2\/media\/359"}],"wp:attachment":[{"href":"https:\/\/fdasrl.it\/es\/wp-json\/wp\/v2\/media?parent=4150"}],"wp:term":[{"taxonomy":"product_brand","embeddable":true,"href":"https:\/\/fdasrl.it\/es\/wp-json\/wp\/v2\/product_brand?post=4150"},{"taxonomy":"product_cat","embeddable":true,"href":"https:\/\/fdasrl.it\/es\/wp-json\/wp\/v2\/product_cat?post=4150"},{"taxonomy":"product_tag","embeddable":true,"href":"https:\/\/fdasrl.it\/es\/wp-json\/wp\/v2\/product_tag?post=4150"}],"curies":[{"name":"wp","href":"https:\/\/api.w.org\/{rel}","templated":true}]}}