{"id":4191,"date":"2025-01-21T11:23:26","date_gmt":"2025-01-21T10:23:26","guid":{"rendered":"https:\/\/fdasrl.it\/prodotto\/bebedero-automatico-de-cubeta-basculante-con-fijacion-a-pared\/"},"modified":"2025-01-21T11:23:26","modified_gmt":"2025-01-21T10:23:26","slug":"bebedero-automatico-de-cubeta-basculante-con-fijacion-a-pared","status":"publish","type":"product","link":"https:\/\/fdasrl.it\/es\/prodotto\/bebedero-automatico-de-cubeta-basculante-con-fijacion-a-pared\/","title":{"rendered":"BEBEDERO AUTOM\u00c1TICO DE CUBETA BASCULANTE CON FIJACI\u00d3N A PARED"},"content":{"rendered":"<h2 data-start=\"245\" data-end=\"352\">\ud83d\udeb0 <strong data-start=\"251\" data-end=\"352\">Bebedero Autom\u00e1tico de Cubeta Basculante FA VSRT en Acero Inoxidable \u2013 Ideal para Bovinos y Equinos<\/strong><\/h2>\n<p data-start=\"354\" data-end=\"686\">Bebedero autom\u00e1tico de nivel constante, dise\u00f1ado para la ganader\u00eda profesional de <strong data-start=\"444\" data-end=\"464\">bovinos y caballos<\/strong>, con <strong data-start=\"470\" data-end=\"516\">cubeta basculante de acero inoxidable AISI 304<\/strong>.<br data-start=\"517\" data-end=\"520\">El sistema de flotador permite un <strong data-start=\"558\" data-end=\"593\">llenado autom\u00e1tico constante<\/strong>, mientras que la <strong data-start=\"605\" data-end=\"637\">estructura de acero galvanizado<\/strong> garantiza resistencia, estabilidad y larga duraci\u00f3n.<\/p>\n<p data-start=\"688\" data-end=\"884\">Disponible en <strong data-start=\"703\" data-end=\"737\">tres versiones (1 m, 1,5 m, 2 m)<\/strong> para adaptarse a cualquier tipo de ganader\u00eda.<br data-start=\"779\" data-end=\"782\">La cubeta basculante permite una <strong data-start=\"816\" data-end=\"843\">limpieza r\u00e1pida y segura<\/strong>, reduciendo el riesgo de contaminaciones.<\/p>\n<hr data-start=\"886\" data-end=\"889\">\n<h3 data-start=\"891\" data-end=\"953\">\ud83d\udee0\ufe0f <strong data-start=\"899\" data-end=\"953\">Caracter\u00edsticas t\u00e9cnicas comunes a todos los modelos:<\/strong><\/h3>\n<ul data-start=\"954\" data-end=\"1410\">\n<li data-start=\"954\" data-end=\"992\">\n<p data-start=\"956\" data-end=\"992\"><strong data-start=\"956\" data-end=\"990\">Cubeta de acero inoxidable AISI 304<\/strong><\/p>\n<\/li>\n<li data-start=\"993\" data-end=\"1088\">\n<p data-start=\"995\" data-end=\"1088\"><strong data-start=\"995\" data-end=\"1022\">Estructura de protecci\u00f3n<\/strong> en tubular galvanizado en caliente con patas para fijaci\u00f3n al suelo<\/p>\n<\/li>\n<li data-start=\"1089\" data-end=\"1187\">\n<p data-start=\"1091\" data-end=\"1187\"><strong data-start=\"1091\" data-end=\"1114\">Flotador \u00d8 3\/4&#8243;<\/strong> con v\u00e1lvula en ABS, prefiltro, cuerpo esf\u00e9rico en PE y regulaci\u00f3n de altura<\/p>\n<\/li>\n<li data-start=\"1188\" data-end=\"1227\">\n<p data-start=\"1190\" data-end=\"1227\"><strong data-start=\"1190\" data-end=\"1207\">Caudal de agua<\/strong>: 50 L\/min a 6 bar<\/p>\n<\/li>\n<li data-start=\"1228\" data-end=\"1275\">\n<p data-start=\"1230\" data-end=\"1275\"><strong data-start=\"1230\" data-end=\"1256\">Presi\u00f3n de trabajo<\/strong>: de 0,5 a 12 bar<\/p>\n<\/li>\n<li data-start=\"1276\" data-end=\"1359\">\n<p data-start=\"1278\" data-end=\"1359\"><strong data-start=\"1278\" data-end=\"1309\">Sistema de nivel constante<\/strong> con cubeta basculante para facilitar la limpieza<\/p>\n<\/li>\n<\/ul>\n<hr data-start=\"1412\" data-end=\"1415\">\n<h3 data-start=\"1417\" data-end=\"1448\">\ud83d\udccf <strong data-start=\"1424\" data-end=\"1448\">Modelos disponibles:<\/strong><\/h3>\n<h4 data-start=\"1450\" data-end=\"1491\">\ud83d\udd39 <strong data-start=\"1458\" data-end=\"1491\">FA VSRT 1 \u2013 Longitud 1 metro<\/strong><\/h4>\n<ul data-start=\"1492\" data-end=\"1659\">\n<li data-start=\"1492\" data-end=\"1519\">\n<p data-start=\"1494\" data-end=\"1519\">Cubeta: 100 x 32 x 23 cm<\/p>\n<\/li>\n<li data-start=\"1520\" data-end=\"1553\">\n<p data-start=\"1522\" data-end=\"1553\">Espacio de bebida: 88 cm<\/p>\n<\/li>\n<li data-start=\"1554\" data-end=\"1596\">\n<p data-start=\"1556\" data-end=\"1596\">Dimensiones estructura: 140 x 60 x 81 cm<\/p>\n<\/li>\n<li data-start=\"1597\" data-end=\"1659\">\n<p data-start=\"1599\" data-end=\"1659\"><strong data-start=\"1599\" data-end=\"1607\">Peso<\/strong>: 70 kg<br data-start=\"1614\" data-end=\"1617\">\ud83d\udc49 [<a href=\"https:\/\/fda-shop.it\/shop\/articoli-per-allevamento\/abbeveratoi\/abbeveratoio-automatico-un-metro-ribaltabile\"><strong data-start=\"1621\" data-end=\"1658\">C\u00f3mpralo en nuestra tienda online<\/strong><\/a>]<\/p>\n<\/li>\n<\/ul>\n<h4 data-start=\"1661\" data-end=\"1706\">\ud83d\udd39 <strong data-start=\"1669\" data-end=\"1706\">FA VSRT 1.5 \u2013 Longitud 1,5 metros<\/strong><\/h4>\n<ul data-start=\"1707\" data-end=\"1875\">\n<li data-start=\"1707\" data-end=\"1734\">\n<p data-start=\"1709\" data-end=\"1734\">Cubeta: 150 x 32 x 23 cm<\/p>\n<\/li>\n<li data-start=\"1735\" data-end=\"1769\">\n<p data-start=\"1737\" data-end=\"1769\">Espacio de bebida: 138 cm<\/p>\n<\/li>\n<li data-start=\"1770\" data-end=\"1812\">\n<p data-start=\"1772\" data-end=\"1812\">Dimensiones estructura: 190 x 60 x 81 cm<\/p>\n<\/li>\n<li data-start=\"1813\" data-end=\"1875\">\n<p data-start=\"1815\" data-end=\"1875\"><strong data-start=\"1815\" data-end=\"1823\">Peso<\/strong>: 80 kg<br data-start=\"1830\" data-end=\"1833\">\ud83d\udc49 [<a href=\"https:\/\/fda-shop.it\/shop\/articoli-per-allevamento\/abbeveratoio-automatico-ribaltabile-un-metro-mezzo\"><strong data-start=\"1837\" data-end=\"1874\">C\u00f3mpralo en nuestra tienda online<\/strong><\/a>]<\/p>\n<\/li>\n<\/ul>\n<h4 data-start=\"1877\" data-end=\"1918\">\ud83d\udd39 <strong data-start=\"1885\" data-end=\"1918\">FA VSRT 2 \u2013 Longitud 2 metros<\/strong><\/h4>\n<ul data-start=\"1919\" data-end=\"2087\">\n<li data-start=\"1919\" data-end=\"1946\">\n<p data-start=\"1921\" data-end=\"1946\">Cubeta: 200 x 32 x 23 cm<\/p>\n<\/li>\n<li data-start=\"1947\" data-end=\"1981\">\n<p data-start=\"1949\" data-end=\"1981\">Espacio de bebida: 188 cm<\/p>\n<\/li>\n<li data-start=\"1982\" data-end=\"2024\">\n<p data-start=\"1984\" data-end=\"2024\">Dimensiones estructura: 240 x 60 x 81 cm<\/p>\n<\/li>\n<li data-start=\"2025\" data-end=\"2087\">\n<p data-start=\"2027\" data-end=\"2087\"><strong data-start=\"2027\" data-end=\"2035\">Peso<\/strong>: 92 kg<br data-start=\"2042\" data-end=\"2045\">\ud83d\udc49 [<a href=\"https:\/\/fda-shop.it\/shop\/articoli-per-allevamento\/abbeveratoi\/abbeveratoio-automatico-due-metri-ribaltabile\"><strong data-start=\"2049\" data-end=\"2086\">C\u00f3mpralo en nuestra tienda online<\/strong><\/a>]<\/p>\n<\/li>\n<\/ul>\n","protected":false},"excerpt":{"rendered":"<p>Bebedero autom\u00e1tico de nivel constante con cubeta basculante de acero inoxidable AISI 304, ideal para bovinos y equinos.<\/p>\n","protected":false},"featured_media":399,"comment_status":"open","ping_status":"closed","template":"","meta":{"_et_pb_use_builder":"","_et_pb_old_content":"","_et_gb_content_width":""},"product_brand":[],"product_cat":[516,552,403,607,551],"product_tag":[994,995,997,996],"class_list":{"0":"post-4191","1":"product","2":"type-product","3":"status-publish","4":"has-post-thumbnail","6":"product_cat-bebederos","7":"product_cat-bebederos-2","8":"product_cat-bovinos","9":"product_cat-caballos","10":"product_cat-tanques-de-acero-inoxidable-para-establos","11":"product_tag-fa-vsrt1","12":"product_tag-favsrt1","13":"product_tag-favsrt1-5","14":"product_tag-favsrt2","16":"first","17":"instock","18":"shipping-taxable","19":"product-type-simple"},"yoast_head":"<!-- This site is optimized with the Yoast SEO Premium plugin v27.5 (Yoast SEO v27.6) - https:\/\/yoast.com\/product\/yoast-seo-premium-wordpress\/ -->\n<title>Bebedero autom\u00e1tico de nivel constante con cubeta basculante - FDA srl<\/title>\n<meta name=\"description\" content=\"Optimiza tu ganader\u00eda con nuestro Bebedero autom\u00e1tico de nivel constante. \u00a1La cubeta de acero inoxidable est\u00e1 dise\u00f1ada para resistir en el tiempo! \ud83d\udca7\" \/>\n<meta name=\"robots\" content=\"index, follow, max-snippet:-1, max-image-preview:large, max-video-preview:-1\" \/>\n<link rel=\"canonical\" href=\"https:\/\/fdasrl.it\/es\/prodotto\/bebedero-automatico-de-cubeta-basculante-con-fijacion-a-pared\/\" \/>\n<meta property=\"og:locale\" content=\"es_ES\" \/>\n<meta property=\"og:type\" content=\"article\" \/>\n<meta property=\"og:title\" content=\"BEBEDERO AUTOM\u00c1TICO DE CUBETA BASCULANTE CON FIJACI\u00d3N A PARED\" \/>\n<meta property=\"og:description\" content=\"Optimiza tu ganader\u00eda con nuestro Bebedero autom\u00e1tico de nivel constante. \u00a1La cubeta de acero inoxidable est\u00e1 dise\u00f1ada para resistir en el tiempo! \ud83d\udca7\" \/>\n<meta property=\"og:url\" content=\"https:\/\/fdasrl.it\/es\/prodotto\/bebedero-automatico-de-cubeta-basculante-con-fijacion-a-pared\/\" \/>\n<meta property=\"og:site_name\" content=\"FDA srl\" \/>\n<meta property=\"article:publisher\" content=\"https:\/\/www.facebook.com\/share\/1MWhFWg1Tp\/?mibextid=LQQJ4d\" \/>\n<meta property=\"og:image\" content=\"https:\/\/fdasrl.it\/wp-content\/uploads\/2025\/01\/FA-VSRT1_1.jpg\" \/>\n\t<meta property=\"og:image:width\" content=\"621\" \/>\n\t<meta property=\"og:image:height\" content=\"640\" \/>\n\t<meta property=\"og:image:type\" content=\"image\/jpeg\" \/>\n<meta name=\"twitter:card\" content=\"summary_large_image\" \/>\n<meta name=\"twitter:label1\" content=\"Precio\" \/>\n\t<meta name=\"twitter:data1\" content=\"\" \/>\n\t<meta name=\"twitter:label2\" content=\"Disponibilidad\" \/>\n\t<meta name=\"twitter:data2\" content=\"Disponible\" \/>\n<meta property=\"product:price:currency\" content=\"EUR\" \/>\n<meta property=\"og:availability\" content=\"instock\" \/>\n<meta property=\"product:availability\" content=\"instock\" \/>\n<meta property=\"product:retailer_item_id\" content=\"FAVSRT\" \/>\n<meta property=\"product:condition\" content=\"new\" \/>\n<!-- \/ Yoast SEO Premium plugin. -->","yoast_head_json":{"title":"Bebedero autom\u00e1tico de nivel constante con cubeta basculante - FDA srl","description":"Optimiza tu ganader\u00eda con nuestro Bebedero autom\u00e1tico de nivel constante. \u00a1La cubeta de acero inoxidable est\u00e1 dise\u00f1ada para resistir en el tiempo! \ud83d\udca7","robots":{"index":"index","follow":"follow","max-snippet":"max-snippet:-1","max-image-preview":"max-image-preview:large","max-video-preview":"max-video-preview:-1"},"canonical":"https:\/\/fdasrl.it\/es\/prodotto\/bebedero-automatico-de-cubeta-basculante-con-fijacion-a-pared\/","og_locale":"es_ES","og_type":"article","og_title":"BEBEDERO AUTOM\u00c1TICO DE CUBETA BASCULANTE CON FIJACI\u00d3N A PARED","og_description":"Optimiza tu ganader\u00eda con nuestro Bebedero autom\u00e1tico de nivel constante. \u00a1La cubeta de acero inoxidable est\u00e1 dise\u00f1ada para resistir en el tiempo! \ud83d\udca7","og_url":"https:\/\/fdasrl.it\/es\/prodotto\/bebedero-automatico-de-cubeta-basculante-con-fijacion-a-pared\/","og_site_name":"FDA srl","article_publisher":"https:\/\/www.facebook.com\/share\/1MWhFWg1Tp\/?mibextid=LQQJ4d","og_image":[{"width":621,"height":640,"url":"https:\/\/fdasrl.it\/wp-content\/uploads\/2025\/01\/FA-VSRT1_1.jpg","type":"image\/jpeg"}],"twitter_card":"summary_large_image","twitter_misc":{"Precio":"","Disponibilidad":"Disponible"},"schema":{"@context":"https:\/\/schema.org","@graph":[{"@type":"WebPage","@id":"https:\/\/fdasrl.it\/es\/prodotto\/bebedero-automatico-de-cubeta-basculante-con-fijacion-a-pared\/","url":"https:\/\/fdasrl.it\/es\/prodotto\/bebedero-automatico-de-cubeta-basculante-con-fijacion-a-pared\/","name":"Bebedero autom\u00e1tico de nivel constante con cubeta basculante - FDA srl","isPartOf":{"@id":"https:\/\/fdasrl.it\/es\/#website"},"primaryImageOfPage":{"@id":"https:\/\/fdasrl.it\/es\/prodotto\/bebedero-automatico-de-cubeta-basculante-con-fijacion-a-pared\/#primaryimage"},"image":{"@id":"https:\/\/fdasrl.it\/es\/prodotto\/bebedero-automatico-de-cubeta-basculante-con-fijacion-a-pared\/#primaryimage"},"thumbnailUrl":"https:\/\/fdasrl.it\/wp-content\/uploads\/2025\/01\/FA-VSRT1_1.jpg","datePublished":"2025-01-21T10:23:26+00:00","description":"Optimiza tu ganader\u00eda con nuestro Bebedero autom\u00e1tico de nivel constante. \u00a1La cubeta de acero inoxidable est\u00e1 dise\u00f1ada para resistir en el tiempo! \ud83d\udca7","breadcrumb":{"@id":"https:\/\/fdasrl.it\/es\/prodotto\/bebedero-automatico-de-cubeta-basculante-con-fijacion-a-pared\/#breadcrumb"},"inLanguage":"es","potentialAction":[{"@type":"ReadAction","target":["https:\/\/fdasrl.it\/es\/prodotto\/bebedero-automatico-de-cubeta-basculante-con-fijacion-a-pared\/"]}]},{"@type":"ImageObject","inLanguage":"es","@id":"https:\/\/fdasrl.it\/es\/prodotto\/bebedero-automatico-de-cubeta-basculante-con-fijacion-a-pared\/#primaryimage","url":"https:\/\/fdasrl.it\/wp-content\/uploads\/2025\/01\/FA-VSRT1_1.jpg","contentUrl":"https:\/\/fdasrl.it\/wp-content\/uploads\/2025\/01\/FA-VSRT1_1.jpg","width":621,"height":640,"caption":"Abbeveratoio automatico con vasca ribaltabile in acciaio inox per bovini e cavalli FA VSRT"},{"@type":"BreadcrumbList","@id":"https:\/\/fdasrl.it\/es\/prodotto\/bebedero-automatico-de-cubeta-basculante-con-fijacion-a-pared\/#breadcrumb","itemListElement":[{"@type":"ListItem","position":1,"name":"Home","item":"https:\/\/fdasrl.it\/es\/inicio\/"},{"@type":"ListItem","position":2,"name":"Tienda","item":"https:\/\/fdasrl.it\/es\/tienda\/"},{"@type":"ListItem","position":3,"name":"BEBEDERO AUTOM\u00c1TICO DE CUBETA BASCULANTE CON FIJACI\u00d3N A PARED"}]},{"@type":"WebSite","@id":"https:\/\/fdasrl.it\/es\/#website","url":"https:\/\/fdasrl.it\/es\/","name":"FDA srl","description":"Equipment for animal husbandry","publisher":{"@id":"https:\/\/fdasrl.it\/es\/#organization"},"potentialAction":[{"@type":"SearchAction","target":{"@type":"EntryPoint","urlTemplate":"https:\/\/fdasrl.it\/es\/?s={search_term_string}"},"query-input":{"@type":"PropertyValueSpecification","valueRequired":true,"valueName":"search_term_string"}}],"inLanguage":"es"},{"@type":"Organization","@id":"https:\/\/fdasrl.it\/es\/#organization","name":"FDA srl","url":"https:\/\/fdasrl.it\/es\/","logo":{"@type":"ImageObject","inLanguage":"es","@id":"https:\/\/fdasrl.it\/es\/#\/schema\/logo\/image\/","url":"https:\/\/fdasrl.it\/wp-content\/uploads\/2024\/12\/Logo-FDA.png","contentUrl":"https:\/\/fdasrl.it\/wp-content\/uploads\/2024\/12\/Logo-FDA.png","width":316,"height":119,"caption":"FDA srl"},"image":{"@id":"https:\/\/fdasrl.it\/es\/#\/schema\/logo\/image\/"},"sameAs":["https:\/\/www.facebook.com\/share\/1MWhFWg1Tp\/?mibextid=LQQJ4d","https:\/\/www.instagram.com\/fda_srl\/profilecard\/?igsh=YW5lbzJ6MWg0d21u","https:\/\/www.youtube.com\/@FDASRL_ANIMALCARE"],"description":"FDA SRL \u2013 Equipment for animal husbandry nasce con l\u2019obiettivo di offrire soluzioni affidabili e innovative per l\u2019allevamento moderno. Con anni di esperienza nel settore zootecnico, progettiamo e realizziamo attrezzature destinate al benessere animale e alla gestione efficiente delle stalle: vasche, abbeveratoi, mangiatoie e sistemi di riscaldamento pensati per durare nel tempo e semplificare il lavoro quotidiano degli allevatori. Dalla progettazione alla produzione, ogni nostro prodotto \u00e8 studiato nei minimi dettagli, testato con cura e costruito per rispondere alle esigenze reali del settore. La nostra forza \u00e8 unire artigianalit\u00e0, tecnologia e competenza tecnica per trasformare ogni progetto in una soluzione concreta e funzionale. Oggi FDA SRL \u00e8 un punto di riferimento per privati e rivenditori che cercano qualit\u00e0, affidabilit\u00e0 e innovazione nelle attrezzature per l\u2019allevamento.","email":"info@fdasrl.it","telephone":"+390522826820","legalName":"F.D.A. SRL","foundingDate":"2024-10-13","vatID":"03075840359","taxID":"03075840359","numberOfEmployees":{"@type":"QuantitativeValue","minValue":"1","maxValue":"10"}}]},"product_price_currency":"EUR","og_availability":"instock","product_availability":"instock","product_retailer_item_id":"FAVSRT","product_condition":"new"},"_links":{"self":[{"href":"https:\/\/fdasrl.it\/es\/wp-json\/wp\/v2\/product\/4191","targetHints":{"allow":["GET"]}}],"collection":[{"href":"https:\/\/fdasrl.it\/es\/wp-json\/wp\/v2\/product"}],"about":[{"href":"https:\/\/fdasrl.it\/es\/wp-json\/wp\/v2\/types\/product"}],"replies":[{"embeddable":true,"href":"https:\/\/fdasrl.it\/es\/wp-json\/wp\/v2\/comments?post=4191"}],"wp:featuredmedia":[{"embeddable":true,"href":"https:\/\/fdasrl.it\/es\/wp-json\/wp\/v2\/media\/399"}],"wp:attachment":[{"href":"https:\/\/fdasrl.it\/es\/wp-json\/wp\/v2\/media?parent=4191"}],"wp:term":[{"taxonomy":"product_brand","embeddable":true,"href":"https:\/\/fdasrl.it\/es\/wp-json\/wp\/v2\/product_brand?post=4191"},{"taxonomy":"product_cat","embeddable":true,"href":"https:\/\/fdasrl.it\/es\/wp-json\/wp\/v2\/product_cat?post=4191"},{"taxonomy":"product_tag","embeddable":true,"href":"https:\/\/fdasrl.it\/es\/wp-json\/wp\/v2\/product_tag?post=4191"}],"curies":[{"name":"wp","href":"https:\/\/api.w.org\/{rel}","templated":true}]}}