{"id":4275,"date":"2025-01-21T09:53:08","date_gmt":"2025-01-21T08:53:08","guid":{"rendered":"https:\/\/fdasrl.it\/prodotto\/bebedero-polipropileno-de-alta-resistencia\/"},"modified":"2025-01-21T09:53:08","modified_gmt":"2025-01-21T08:53:08","slug":"bebedero-polipropileno-de-alta-resistencia","status":"publish","type":"product","link":"https:\/\/fdasrl.it\/es\/prodotto\/bebedero-polipropileno-de-alta-resistencia\/","title":{"rendered":"BEBEDERO POLIPROPILENO DE ALTA RESISTENCIA"},"content":{"rendered":"<h3><strong>Bebedero de polipropileno de alta resistencia para bovinos, equinos, caprinos, ovinos y perros<\/strong><\/h3>\n<h4 data-start=\"416\" data-end=\"791\">El bebedero FAAG POLIPROP de FDA SRL est\u00e1 dise\u00f1ado para garantizar <strong data-start=\"483\" data-end=\"514\">resistencia, durabilidad e higiene<\/strong> en cualquier entorno ganadero.<\/h4>\n<p data-start=\"416\" data-end=\"791\">Gracias al elevado espesor de la cubeta (1,6 kg solo el cuerpo moldeado) y a la <strong data-start=\"628\" data-end=\"682\">v\u00e1lvula de flotador a nivel constante regulable<\/strong>, asegura un suministro de agua continuo y fiable para bovinos, equinos, ovinos, caprinos e incluso para perros.<\/p>\n<p data-start=\"793\" data-end=\"1052\">La estructura incluye <strong data-start=\"816\" data-end=\"846\">protecci\u00f3n de acero inoxidable<\/strong>, <strong data-start=\"848\" data-end=\"888\">desag\u00fce inferior con tap\u00f3n de goma<\/strong> para una limpieza r\u00e1pida y una entrada de agua lateral (en el fondo derecho) con <strong data-start=\"964\" data-end=\"993\">rosca de lat\u00f3n de 1\/2\u201d<\/strong>. El bebedero puede montarse en la pared o sobre un poste. <\/p>\n<p data-start=\"1054\" data-end=\"1151\">Est\u00e1 disponible en tres modelos, diferenciados por la composici\u00f3n del material pl\u00e1stico utilizado:<\/p>\n<ul data-start=\"1153\" data-end=\"1431\">\n<li data-start=\"1153\" data-end=\"1186\">\n<p data-start=\"1155\" data-end=\"1186\"><strong data-start=\"1155\" data-end=\"1165\">Brillante<\/strong> \u2013 Polipropileno PP<\/p>\n<\/li>\n<li data-start=\"1187\" data-end=\"1282\">\n<p data-start=\"1189\" data-end=\"1282\"><strong data-start=\"1189\" data-end=\"1199\">Strong<\/strong> \u2013 Polipropileno con talco, mayor rigidez y resistencia t\u00e9rmica, aspecto mate<\/p>\n<\/li>\n<li data-start=\"1283\" data-end=\"1431\">\n<p data-start=\"1285\" data-end=\"1431\"><strong data-start=\"1285\" data-end=\"1301\">Super Strong<\/strong> \u2013 Polipropileno con 30% fibra de vidrio, elevad\u00edsima resistencia mec\u00e1nica y t\u00e9rmica, acabado mate con ligeros matices blancos<\/p>\n<\/li>\n<\/ul>\n<p data-start=\"1433\" data-end=\"1564\"><strong>\ud83d\udc49 Todos los materiales est\u00e1n certificados para uso alimentario, aptos para contacto con agua potable para la seguridad de los animales.<\/strong><\/p>\n<hr data-start=\"1566\" data-end=\"1569\">\n<h3 data-start=\"1571\" data-end=\"1607\">\u2699\ufe0f <strong data-start=\"1578\" data-end=\"1607\">Caracter\u00edsticas t\u00e9cnicas:<\/strong><\/h3>\n<ul data-start=\"1609\" data-end=\"2073\">\n<li data-start=\"1609\" data-end=\"1636\">\n<p data-start=\"1611\" data-end=\"1636\"><strong data-start=\"1611\" data-end=\"1623\">Capacidad<\/strong>: 6,5 litros<\/p>\n<\/li>\n<li data-start=\"1637\" data-end=\"1690\">\n<p data-start=\"1639\" data-end=\"1690\"><strong data-start=\"1639\" data-end=\"1647\">Peso<\/strong>: 2,00 kg (modelos Strong y Super Strong)<\/p>\n<\/li>\n<li data-start=\"1691\" data-end=\"1732\">\n<p data-start=\"1693\" data-end=\"1732\"><strong data-start=\"1693\" data-end=\"1723\">Di\u00e1metro interno cubeta<\/strong>: 22 cm<\/p>\n<\/li>\n<li data-start=\"1733\" data-end=\"1784\">\n<p data-start=\"1735\" data-end=\"1784\"><strong data-start=\"1735\" data-end=\"1748\">Material<\/strong>: polipropileno de alta resistencia<\/p>\n<\/li>\n<li data-start=\"1785\" data-end=\"1832\">\n<p data-start=\"1787\" data-end=\"1832\"><strong data-start=\"1787\" data-end=\"1798\">V\u00e1lvula<\/strong>: a nivel constante, regulable<\/p>\n<\/li>\n<li data-start=\"1833\" data-end=\"1890\">\n<p data-start=\"1835\" data-end=\"1890\"><strong data-start=\"1835\" data-end=\"1852\">Conexi\u00f3n de agua<\/strong>: lat\u00f3n 1\/2\u201d, lateral inferior derecho<\/p>\n<\/li>\n<li data-start=\"1891\" data-end=\"1932\">\n<p data-start=\"1893\" data-end=\"1932\"><strong data-start=\"1893\" data-end=\"1904\">Desag\u00fce<\/strong>: tap\u00f3n de goma en el fondo<\/p>\n<\/li>\n<li data-start=\"1933\" data-end=\"1969\">\n<p data-start=\"1935\" data-end=\"1969\"><strong data-start=\"1935\" data-end=\"1949\">Protecci\u00f3n<\/strong>: acero inoxidable 304<\/p>\n<\/li>\n<li data-start=\"1970\" data-end=\"2011\">\n<p data-start=\"1972\" data-end=\"2011\"><strong data-start=\"1972\" data-end=\"1989\">Instalaci\u00f3n<\/strong>: a pared o sobre tubo<\/p>\n<\/li>\n<li data-start=\"2012\" data-end=\"2073\">\n<p data-start=\"2014\" data-end=\"2073\"><strong data-start=\"2014\" data-end=\"2032\">Certificaci\u00f3n<\/strong>: material conforme para uso alimentario<\/p>\n<\/li>\n<\/ul>\n<hr data-start=\"2075\" data-end=\"2078\">\n<h3 data-start=\"2080\" data-end=\"2112\">\ud83d\udd0e <strong data-start=\"2087\" data-end=\"2112\">Variantes disponibles:<\/strong><\/h3>\n<ul data-start=\"2114\" data-end=\"2226\">\n<li data-start=\"2114\" data-end=\"2147\">\n<p data-start=\"2116\" data-end=\"2147\"><strong data-start=\"2116\" data-end=\"2126\">Brillante<\/strong> \u2013 Polipropileno PP<\/p>\n<\/li>\n<li data-start=\"2148\" data-end=\"2177\">\n<p data-start=\"2150\" data-end=\"2177\"><strong data-start=\"2150\" data-end=\"2160\">Strong<\/strong> \u2013 PP con talco<\/p>\n<\/li>\n<li data-start=\"2178\" data-end=\"2226\">\n<p data-start=\"2180\" data-end=\"2226\"><strong data-start=\"2180\" data-end=\"2196\">Super Strong<\/strong> \u2013 PP con 30% fibra de vidrio<\/p>\n<\/li>\n<\/ul>\n<div><\/div>\n<div>\ud83d\udc49 Solicita precio para reventa: <a href=\"mailto:info@fdasrl.it\">PULSA AQU\u00cd<\/a><\/div>\n<div><\/div>\n<div>\ud83d\udc49 C\u00f3mpralo en nuestra tienda online:<\/div>\n<div>&#8211; Modelo Brillante\/Strong &#8211; <a href=\"https:\/\/fda-shop.it\/shop\/articoli-per-allevamento\/abbeveratoi\/abbeveratoio-automatico-per-bovini-ed-equini#\/25-accessori_e_confezioni-singola_unita\/78-colore-blu_navy\">Haz clic aqu\u00ed<\/a><\/div>\n<div>&#8211; Modelo Super Strong &#8211; <a href=\"https:\/\/fda-shop.it\/shop\/articoli-per-allevamento\/abbeveratoi\/abbeveratoio-automatico-per-bovini-ed-equini-ad-alta-resistenza#\/25-accessori_e_confezioni-singola_unita\/78-colore-blu_navy\">Haz clic aqu\u00ed<\/a><\/div>\n","protected":false},"excerpt":{"rendered":"<p>Bebedero FAAG POLIPROP de FDA SRL de polipropileno de alta resistencia, ideal para bovinos, equinos, caprinos, ovinos y perros. Dotado de flotador a nivel constante con protecci\u00f3n de acero inoxidable y tap\u00f3n de desag\u00fce de goma para una f\u00e1cil limpieza. Capacidad 6,5 litros, montaje a pared o sobre montante, conexi\u00f3n agua 1\/2&#8243; de lat\u00f3n.  <\/p>\n","protected":false},"featured_media":713,"comment_status":"open","ping_status":"closed","template":"","meta":{"_et_pb_use_builder":"off","_et_pb_old_content":"<h4>Bebedero de polipropileno de alta resistencia para bovinos, equinos, caprinos, ovinos y perros<\/h4>\n<div>Bebedero de polipropileno de elevada resistencia, elevado espesor (1,6 kg solo la cubeta moldeada por inyecci\u00f3n) y calidad,<\/div>\n<div>con flotador de bola regulable a nivel constante y protecci\u00f3n de acero inoxidable.<\/div>\n<div>Adecuado para bovinos, equinos pero tambi\u00e9n caprinos, ovinos y perros.<\/div>\n<div><\/div>\n<ul>\n \t<li>Tap\u00f3n de desag\u00fce de goma en el fondo para una r\u00e1pida limpieza.<\/li>\n \t<li>Montaje a pared y montante con entrada de agua en el fondo lateral derecho con rosca 1\/2\" de lat\u00f3n.<\/li>\n \t<li>Capacidad de agua 6,5 litros<\/li>\n \t<li>Peso total 2,00 kg<\/li>\n \t<li>Di\u00e1metro interno cubeta 22 cm<\/li>\n<\/ul>\n<div>Solicita presupuesto para cantidad o,<\/div>\n<div>c\u00f3mpralo en nuestra <a href=\"https:\/\/fda-shop.it\/shop\/bovini-vitelli\/bovini-vitelli-abbeveratoi\/beverino-per-bovini-a-livello-costante#\/25-accessori_e_confezioni-singola_unita\" target=\"_blank\" rel=\"noopener\">tienda online<\/a><\/div>","_et_gb_content_width":""},"product_brand":[],"product_cat":[516,552,403,607,420],"product_tag":[1012,1013],"class_list":{"0":"post-4275","1":"product","2":"type-product","3":"status-publish","4":"has-post-thumbnail","6":"product_cat-bebederos","7":"product_cat-bebederos-2","8":"product_cat-bovinos","9":"product_cat-caballos","10":"product_cat-ovinos-y-caprinos","11":"product_tag-fa-ag-poliprop","12":"product_tag-faag-poliprop","14":"first","15":"instock","16":"shipping-taxable","17":"product-type-simple"},"yoast_head":"<!-- This site is optimized with the Yoast SEO Premium plugin v27.5 (Yoast SEO v27.5) - https:\/\/yoast.com\/product\/yoast-seo-premium-wordpress\/ -->\n<title>Bebedero de polipropileno de elevada resistencia - F\u00e1cil Limpieza - FDA srl<\/title>\n<meta name=\"description\" content=\"Descubre el bebedero de polipropileno de elevada resistencia, ideal para bovinos, equinos y perros. \u00a1Garantiza limpieza r\u00e1pida y montaje sencillo!\" \/>\n<meta name=\"robots\" content=\"index, follow, max-snippet:-1, max-image-preview:large, max-video-preview:-1\" \/>\n<link rel=\"canonical\" href=\"https:\/\/fdasrl.it\/es\/prodotto\/bebedero-polipropileno-de-alta-resistencia\/\" \/>\n<meta property=\"og:locale\" content=\"es_ES\" \/>\n<meta property=\"og:type\" content=\"article\" \/>\n<meta property=\"og:title\" content=\"BEBEDERO POLIPROPILENO DE ALTA RESISTENCIA\" \/>\n<meta property=\"og:description\" content=\"Descubre el bebedero de polipropileno de elevada resistencia, ideal para bovinos, equinos y perros. \u00a1Garantiza limpieza r\u00e1pida y montaje sencillo!\" \/>\n<meta property=\"og:url\" content=\"https:\/\/fdasrl.it\/es\/prodotto\/bebedero-polipropileno-de-alta-resistencia\/\" \/>\n<meta property=\"og:site_name\" content=\"FDA srl\" \/>\n<meta property=\"article:publisher\" content=\"https:\/\/www.facebook.com\/share\/1MWhFWg1Tp\/?mibextid=LQQJ4d\" \/>\n<meta property=\"og:image\" content=\"https:\/\/fdasrl.it\/wp-content\/uploads\/2025\/01\/Abbeveratoio-alta-resistenza-fda.1.jpeg\" \/>\n\t<meta property=\"og:image:width\" content=\"1000\" \/>\n\t<meta property=\"og:image:height\" content=\"817\" \/>\n\t<meta property=\"og:image:type\" content=\"image\/jpeg\" \/>\n<meta name=\"twitter:card\" content=\"summary_large_image\" \/>\n<meta name=\"twitter:label1\" content=\"Precio\" \/>\n\t<meta name=\"twitter:data1\" content=\"\" \/>\n\t<meta name=\"twitter:label2\" content=\"Disponibilidad\" \/>\n\t<meta name=\"twitter:data2\" content=\"Disponible\" \/>\n<meta property=\"product:price:currency\" content=\"EUR\" \/>\n<meta property=\"og:availability\" content=\"instock\" \/>\n<meta property=\"product:availability\" content=\"instock\" \/>\n<meta property=\"product:retailer_item_id\" content=\"FAAG-POLIPROP\" \/>\n<meta property=\"product:condition\" content=\"new\" \/>\n<!-- \/ Yoast SEO Premium plugin. -->","yoast_head_json":{"title":"Bebedero de polipropileno de elevada resistencia - F\u00e1cil Limpieza - FDA srl","description":"Descubre el bebedero de polipropileno de elevada resistencia, ideal para bovinos, equinos y perros. \u00a1Garantiza limpieza r\u00e1pida y montaje sencillo!","robots":{"index":"index","follow":"follow","max-snippet":"max-snippet:-1","max-image-preview":"max-image-preview:large","max-video-preview":"max-video-preview:-1"},"canonical":"https:\/\/fdasrl.it\/es\/prodotto\/bebedero-polipropileno-de-alta-resistencia\/","og_locale":"es_ES","og_type":"article","og_title":"BEBEDERO POLIPROPILENO DE ALTA RESISTENCIA","og_description":"Descubre el bebedero de polipropileno de elevada resistencia, ideal para bovinos, equinos y perros. \u00a1Garantiza limpieza r\u00e1pida y montaje sencillo!","og_url":"https:\/\/fdasrl.it\/es\/prodotto\/bebedero-polipropileno-de-alta-resistencia\/","og_site_name":"FDA srl","article_publisher":"https:\/\/www.facebook.com\/share\/1MWhFWg1Tp\/?mibextid=LQQJ4d","og_image":[{"width":1000,"height":817,"url":"https:\/\/fdasrl.it\/wp-content\/uploads\/2025\/01\/Abbeveratoio-alta-resistenza-fda.1.jpeg","type":"image\/jpeg"}],"twitter_card":"summary_large_image","twitter_misc":{"Precio":"","Disponibilidad":"Disponible"},"schema":{"@context":"https:\/\/schema.org","@graph":[{"@type":"WebPage","@id":"https:\/\/fdasrl.it\/es\/prodotto\/bebedero-polipropileno-de-alta-resistencia\/","url":"https:\/\/fdasrl.it\/es\/prodotto\/bebedero-polipropileno-de-alta-resistencia\/","name":"Bebedero de polipropileno de elevada resistencia - F\u00e1cil Limpieza - FDA srl","isPartOf":{"@id":"https:\/\/fdasrl.it\/es\/#website"},"primaryImageOfPage":{"@id":"https:\/\/fdasrl.it\/es\/prodotto\/bebedero-polipropileno-de-alta-resistencia\/#primaryimage"},"image":{"@id":"https:\/\/fdasrl.it\/es\/prodotto\/bebedero-polipropileno-de-alta-resistencia\/#primaryimage"},"thumbnailUrl":"https:\/\/fdasrl.it\/wp-content\/uploads\/2025\/01\/Abbeveratoio-alta-resistenza-fda.1.jpeg","datePublished":"2025-01-21T08:53:08+00:00","description":"Descubre el bebedero de polipropileno de elevada resistencia, ideal para bovinos, equinos y perros. \u00a1Garantiza limpieza r\u00e1pida y montaje sencillo!","breadcrumb":{"@id":"https:\/\/fdasrl.it\/es\/prodotto\/bebedero-polipropileno-de-alta-resistencia\/#breadcrumb"},"inLanguage":"es","potentialAction":[{"@type":"ReadAction","target":["https:\/\/fdasrl.it\/es\/prodotto\/bebedero-polipropileno-de-alta-resistencia\/"]}]},{"@type":"ImageObject","inLanguage":"es","@id":"https:\/\/fdasrl.it\/es\/prodotto\/bebedero-polipropileno-de-alta-resistencia\/#primaryimage","url":"https:\/\/fdasrl.it\/wp-content\/uploads\/2025\/01\/Abbeveratoio-alta-resistenza-fda.1.jpeg","contentUrl":"https:\/\/fdasrl.it\/wp-content\/uploads\/2025\/01\/Abbeveratoio-alta-resistenza-fda.1.jpeg","width":1000,"height":817,"caption":"Bebedero de polipropileno de elevada resistencia para bovinos y equinos"},{"@type":"BreadcrumbList","@id":"https:\/\/fdasrl.it\/es\/prodotto\/bebedero-polipropileno-de-alta-resistencia\/#breadcrumb","itemListElement":[{"@type":"ListItem","position":1,"name":"Home","item":"https:\/\/fdasrl.it\/es\/inicio\/"},{"@type":"ListItem","position":2,"name":"Tienda","item":"https:\/\/fdasrl.it\/es\/tienda\/"},{"@type":"ListItem","position":3,"name":"BEBEDERO POLIPROPILENO DE ALTA RESISTENCIA"}]},{"@type":"WebSite","@id":"https:\/\/fdasrl.it\/es\/#website","url":"https:\/\/fdasrl.it\/es\/","name":"FDA srl","description":"Equipment for animal husbandry","publisher":{"@id":"https:\/\/fdasrl.it\/es\/#organization"},"potentialAction":[{"@type":"SearchAction","target":{"@type":"EntryPoint","urlTemplate":"https:\/\/fdasrl.it\/es\/?s={search_term_string}"},"query-input":{"@type":"PropertyValueSpecification","valueRequired":true,"valueName":"search_term_string"}}],"inLanguage":"es"},{"@type":"Organization","@id":"https:\/\/fdasrl.it\/es\/#organization","name":"FDA srl","url":"https:\/\/fdasrl.it\/es\/","logo":{"@type":"ImageObject","inLanguage":"es","@id":"https:\/\/fdasrl.it\/es\/#\/schema\/logo\/image\/","url":"https:\/\/fdasrl.it\/wp-content\/uploads\/2024\/12\/Logo-FDA.png","contentUrl":"https:\/\/fdasrl.it\/wp-content\/uploads\/2024\/12\/Logo-FDA.png","width":316,"height":119,"caption":"FDA srl"},"image":{"@id":"https:\/\/fdasrl.it\/es\/#\/schema\/logo\/image\/"},"sameAs":["https:\/\/www.facebook.com\/share\/1MWhFWg1Tp\/?mibextid=LQQJ4d","https:\/\/www.instagram.com\/fda_srl\/profilecard\/?igsh=YW5lbzJ6MWg0d21u","https:\/\/www.youtube.com\/@FDASRL_ANIMALCARE"],"description":"FDA SRL \u2013 Equipment for animal husbandry nasce con l\u2019obiettivo di offrire soluzioni affidabili e innovative per l\u2019allevamento moderno. Con anni di esperienza nel settore zootecnico, progettiamo e realizziamo attrezzature destinate al benessere animale e alla gestione efficiente delle stalle: vasche, abbeveratoi, mangiatoie e sistemi di riscaldamento pensati per durare nel tempo e semplificare il lavoro quotidiano degli allevatori. Dalla progettazione alla produzione, ogni nostro prodotto \u00e8 studiato nei minimi dettagli, testato con cura e costruito per rispondere alle esigenze reali del settore. La nostra forza \u00e8 unire artigianalit\u00e0, tecnologia e competenza tecnica per trasformare ogni progetto in una soluzione concreta e funzionale. Oggi FDA SRL \u00e8 un punto di riferimento per privati e rivenditori che cercano qualit\u00e0, affidabilit\u00e0 e innovazione nelle attrezzature per l\u2019allevamento.","email":"info@fdasrl.it","telephone":"+390522826820","legalName":"F.D.A. SRL","foundingDate":"2024-10-13","vatID":"03075840359","taxID":"03075840359","numberOfEmployees":{"@type":"QuantitativeValue","minValue":"1","maxValue":"10"}}]},"product_price_currency":"EUR","og_availability":"instock","product_availability":"instock","product_retailer_item_id":"FAAG-POLIPROP","product_condition":"new"},"_links":{"self":[{"href":"https:\/\/fdasrl.it\/es\/wp-json\/wp\/v2\/product\/4275","targetHints":{"allow":["GET"]}}],"collection":[{"href":"https:\/\/fdasrl.it\/es\/wp-json\/wp\/v2\/product"}],"about":[{"href":"https:\/\/fdasrl.it\/es\/wp-json\/wp\/v2\/types\/product"}],"replies":[{"embeddable":true,"href":"https:\/\/fdasrl.it\/es\/wp-json\/wp\/v2\/comments?post=4275"}],"wp:featuredmedia":[{"embeddable":true,"href":"https:\/\/fdasrl.it\/es\/wp-json\/wp\/v2\/media\/713"}],"wp:attachment":[{"href":"https:\/\/fdasrl.it\/es\/wp-json\/wp\/v2\/media?parent=4275"}],"wp:term":[{"taxonomy":"product_brand","embeddable":true,"href":"https:\/\/fdasrl.it\/es\/wp-json\/wp\/v2\/product_brand?post=4275"},{"taxonomy":"product_cat","embeddable":true,"href":"https:\/\/fdasrl.it\/es\/wp-json\/wp\/v2\/product_cat?post=4275"},{"taxonomy":"product_tag","embeddable":true,"href":"https:\/\/fdasrl.it\/es\/wp-json\/wp\/v2\/product_tag?post=4275"}],"curies":[{"name":"wp","href":"https:\/\/api.w.org\/{rel}","templated":true}]}}