{"id":4332,"date":"2025-01-20T11:35:31","date_gmt":"2025-01-20T10:35:31","guid":{"rendered":"https:\/\/fdasrl.it\/prodotto\/reflector-calefactor-para-animales-o-320-mm\/"},"modified":"2025-01-20T11:35:31","modified_gmt":"2025-01-20T10:35:31","slug":"reflector-calefactor-para-animales-o-320-mm","status":"publish","type":"product","link":"https:\/\/fdasrl.it\/es\/prodotto\/reflector-calefactor-para-animales-o-320-mm\/","title":{"rendered":"Reflector calefactor para animales \u00d8 320 mm"},"content":{"rendered":"<div align=\"left\">\n<p data-start=\"163\" data-end=\"492\">El <strong data-start=\"166\" data-end=\"214\">reflector calefactor de aluminio \u00d8 320 mm<\/strong> est\u00e1 dise\u00f1ado para garantizar calor y confort a los animales de granja y a las cr\u00edas en las primeras fases de crecimiento. Robusto y seguro, es ideal para <strong data-start=\"362\" data-end=\"427\">pollitos, pollos, lechones, conejos y peque\u00f1os animales dom\u00e9sticos<\/strong>, favoreciendo el bienestar y reduciendo los riesgos relacionados con el fr\u00edo. <\/p>\n<p data-start=\"494\" data-end=\"528\">Este reflector incluye:<\/p>\n<ul data-start=\"529\" data-end=\"815\">\n<li data-start=\"529\" data-end=\"579\">\n<p data-start=\"531\" data-end=\"579\"><strong data-start=\"531\" data-end=\"548\">Cable de 2,5 m<\/strong> para una instalaci\u00f3n pr\u00e1ctica<\/p>\n<\/li>\n<li data-start=\"580\" data-end=\"647\">\n<p data-start=\"582\" data-end=\"647\"><strong data-start=\"582\" data-end=\"622\">Enchufe Schuko 16 A, 250 V antiproyecci\u00f3n<\/strong> para mayor seguridad<\/p>\n<\/li>\n<li data-start=\"648\" data-end=\"715\">\n<p data-start=\"650\" data-end=\"715\"><strong data-start=\"650\" data-end=\"693\">Portal\u00e1mparas de porcelana pesada \u00d8 54<\/strong> con virola atornillada<\/p>\n<\/li>\n<li data-start=\"716\" data-end=\"770\">\n<p data-start=\"718\" data-end=\"770\"><strong data-start=\"718\" data-end=\"753\">Cadena de suspensi\u00f3n de 2 m<\/strong> (bajo pedido)<\/p>\n<\/li>\n<li data-start=\"771\" data-end=\"815\">\n<p data-start=\"773\" data-end=\"815\"><strong data-start=\"773\" data-end=\"798\">Rejilla de protecci\u00f3n<\/strong> (bajo pedido)<\/p>\n<\/li>\n<\/ul>\n<p data-start=\"817\" data-end=\"844\">Caracter\u00edsticas t\u00e9cnicas:<\/p>\n<ul data-start=\"845\" data-end=\"989\">\n<li data-start=\"845\" data-end=\"881\">\n<p data-start=\"847\" data-end=\"881\">Alimentaci\u00f3n: <strong data-start=\"862\" data-end=\"879\">230 V \u2013 50 Hz<\/strong><\/p>\n<\/li>\n<li data-start=\"882\" data-end=\"912\">\n<p data-start=\"884\" data-end=\"912\">Potencia m\u00e1xima: <strong data-start=\"901\" data-end=\"910\">250 W<\/strong><\/p>\n<\/li>\n<li data-start=\"913\" data-end=\"989\">\n<p data-start=\"915\" data-end=\"989\">Posibilidad de suministro con <strong data-start=\"944\" data-end=\"970\">enchufe m\u00f3vil CEE IP 44<\/strong> y cable de 2,80 m<\/p>\n<\/li>\n<\/ul>\n<p data-start=\"991\" data-end=\"1219\">Gracias a su estructura resistente y a la facilidad de uso, este reflector es una soluci\u00f3n fiable para la <strong data-start=\"1109\" data-end=\"1156\">calefacci\u00f3n segura y dirigida de los animales<\/strong>, tanto en explotaci\u00f3n profesional como en entornos dom\u00e9sticos.<\/p>\n<\/div>\n<div align=\"left\">\ud83d\udc49 Pide presupuesto para cantidad a <a class=\"decorated-link cursor-pointer\" href=\"mailto:info@fdasrl.it\" rel=\"noopener\" data-start=\"1206\" data-end=\"1220\">info@fdasrl.it<\/a>.<\/div>\n<div align=\"left\">\ud83d\udc49 C\u00f3mpralo en nuestra <a href=\"https:\/\/fda-shop.it\/shop\/articoli-per-allevamento\/soluzioni-per-il-riscaldamento\/riflettore-riscaldante-in-alluminio-o-320-mm-fda000036#\/32-accessori_e_confezioni-spina_schuko_senza_griglia\" target=\"_blank\" rel=\"noopener\">tienda online<\/a><\/div>\n","protected":false},"excerpt":{"rendered":"<p>Reflector de aluminio \u00d8 320 mm para calefacci\u00f3n de animales. Completo con cable, enchufe Schuko y portal\u00e1mparas de porcelana. <\/p>\n","protected":false},"featured_media":312,"comment_status":"open","ping_status":"closed","template":"","meta":{"_et_pb_use_builder":"","_et_pb_old_content":"","_et_gb_content_width":""},"product_brand":[],"product_cat":[650,651,648],"product_tag":[1021],"class_list":{"0":"post-4332","1":"product","2":"type-product","3":"status-publish","4":"has-post-thumbnail","6":"product_cat-aves","7":"product_cat-calefaccion-para-animales","8":"product_cat-cerdos","9":"product_tag-fda-000036","11":"first","12":"instock","13":"shipping-taxable","14":"product-type-simple"},"yoast_head":"<!-- This site is optimized with the Yoast SEO Premium plugin v27.5 (Yoast SEO v27.5) - https:\/\/yoast.com\/product\/yoast-seo-premium-wordpress\/ -->\n<title>Reflector calefactor para animales \u00d8 320 mm: Confort en el Crecimiento - FDA srl<\/title>\n<meta name=\"description\" content=\"Calienta y protege a tus cr\u00edas con el reflector calefactor para animales \u00d8 320 mm. \u00a1Es el equipo ideal para tu explotaci\u00f3n!\" \/>\n<meta name=\"robots\" content=\"index, follow, max-snippet:-1, max-image-preview:large, max-video-preview:-1\" \/>\n<link rel=\"canonical\" href=\"https:\/\/fdasrl.it\/es\/prodotto\/reflector-calefactor-para-animales-o-320-mm\/\" \/>\n<meta property=\"og:locale\" content=\"es_ES\" \/>\n<meta property=\"og:type\" content=\"article\" \/>\n<meta property=\"og:title\" content=\"Reflector calefactor para animales \u00d8 320 mm\" \/>\n<meta property=\"og:description\" content=\"Calienta y protege a tus cr\u00edas con el reflector calefactor para animales \u00d8 320 mm. \u00a1Es el equipo ideal para tu explotaci\u00f3n!\" \/>\n<meta property=\"og:url\" content=\"https:\/\/fdasrl.it\/es\/prodotto\/reflector-calefactor-para-animales-o-320-mm\/\" \/>\n<meta property=\"og:site_name\" content=\"FDA srl\" \/>\n<meta property=\"article:publisher\" content=\"https:\/\/www.facebook.com\/share\/1MWhFWg1Tp\/?mibextid=LQQJ4d\" \/>\n<meta property=\"og:image\" content=\"https:\/\/fdasrl.it\/wp-content\/uploads\/2025\/01\/FDA-000036-SCHUKO.jpg\" \/>\n\t<meta property=\"og:image:width\" content=\"800\" \/>\n\t<meta property=\"og:image:height\" content=\"600\" \/>\n\t<meta property=\"og:image:type\" content=\"image\/jpeg\" \/>\n<meta name=\"twitter:card\" content=\"summary_large_image\" \/>\n<meta name=\"twitter:label1\" content=\"Precio\" \/>\n\t<meta name=\"twitter:data1\" content=\"\" \/>\n\t<meta name=\"twitter:label2\" content=\"Disponibilidad\" \/>\n\t<meta name=\"twitter:data2\" content=\"Disponible\" \/>\n<meta property=\"product:price:currency\" content=\"EUR\" \/>\n<meta property=\"og:availability\" content=\"instock\" \/>\n<meta property=\"product:availability\" content=\"instock\" \/>\n<meta property=\"product:retailer_item_id\" content=\"FDA-000036\" \/>\n<meta property=\"product:condition\" content=\"new\" \/>\n<!-- \/ Yoast SEO Premium plugin. -->","yoast_head_json":{"title":"Reflector calefactor para animales \u00d8 320 mm: Confort en el Crecimiento - FDA srl","description":"Calienta y protege a tus cr\u00edas con el reflector calefactor para animales \u00d8 320 mm. \u00a1Es el equipo ideal para tu explotaci\u00f3n!","robots":{"index":"index","follow":"follow","max-snippet":"max-snippet:-1","max-image-preview":"max-image-preview:large","max-video-preview":"max-video-preview:-1"},"canonical":"https:\/\/fdasrl.it\/es\/prodotto\/reflector-calefactor-para-animales-o-320-mm\/","og_locale":"es_ES","og_type":"article","og_title":"Reflector calefactor para animales \u00d8 320 mm","og_description":"Calienta y protege a tus cr\u00edas con el reflector calefactor para animales \u00d8 320 mm. \u00a1Es el equipo ideal para tu explotaci\u00f3n!","og_url":"https:\/\/fdasrl.it\/es\/prodotto\/reflector-calefactor-para-animales-o-320-mm\/","og_site_name":"FDA srl","article_publisher":"https:\/\/www.facebook.com\/share\/1MWhFWg1Tp\/?mibextid=LQQJ4d","og_image":[{"width":800,"height":600,"url":"https:\/\/fdasrl.it\/wp-content\/uploads\/2025\/01\/FDA-000036-SCHUKO.jpg","type":"image\/jpeg"}],"twitter_card":"summary_large_image","twitter_misc":{"Precio":"","Disponibilidad":"Disponible"},"schema":{"@context":"https:\/\/schema.org","@graph":[{"@type":"WebPage","@id":"https:\/\/fdasrl.it\/es\/prodotto\/reflector-calefactor-para-animales-o-320-mm\/","url":"https:\/\/fdasrl.it\/es\/prodotto\/reflector-calefactor-para-animales-o-320-mm\/","name":"Reflector calefactor para animales \u00d8 320 mm: Confort en el Crecimiento - FDA srl","isPartOf":{"@id":"https:\/\/fdasrl.it\/es\/#website"},"primaryImageOfPage":{"@id":"https:\/\/fdasrl.it\/es\/prodotto\/reflector-calefactor-para-animales-o-320-mm\/#primaryimage"},"image":{"@id":"https:\/\/fdasrl.it\/es\/prodotto\/reflector-calefactor-para-animales-o-320-mm\/#primaryimage"},"thumbnailUrl":"https:\/\/fdasrl.it\/wp-content\/uploads\/2025\/01\/FDA-000036-SCHUKO.jpg","datePublished":"2025-01-20T10:35:31+00:00","description":"Calienta y protege a tus cr\u00edas con el reflector calefactor para animales \u00d8 320 mm. \u00a1Es el equipo ideal para tu explotaci\u00f3n!","breadcrumb":{"@id":"https:\/\/fdasrl.it\/es\/prodotto\/reflector-calefactor-para-animales-o-320-mm\/#breadcrumb"},"inLanguage":"es","potentialAction":[{"@type":"ReadAction","target":["https:\/\/fdasrl.it\/es\/prodotto\/reflector-calefactor-para-animales-o-320-mm\/"]}]},{"@type":"ImageObject","inLanguage":"es","@id":"https:\/\/fdasrl.it\/es\/prodotto\/reflector-calefactor-para-animales-o-320-mm\/#primaryimage","url":"https:\/\/fdasrl.it\/wp-content\/uploads\/2025\/01\/FDA-000036-SCHUKO.jpg","contentUrl":"https:\/\/fdasrl.it\/wp-content\/uploads\/2025\/01\/FDA-000036-SCHUKO.jpg","width":800,"height":600,"caption":"Reflector de aluminio \u00d8 320 mm para calefacci\u00f3n de animales, completo con cable y portal\u00e1mparas de porcelana."},{"@type":"BreadcrumbList","@id":"https:\/\/fdasrl.it\/es\/prodotto\/reflector-calefactor-para-animales-o-320-mm\/#breadcrumb","itemListElement":[{"@type":"ListItem","position":1,"name":"Home","item":"https:\/\/fdasrl.it\/es\/inicio\/"},{"@type":"ListItem","position":2,"name":"Tienda","item":"https:\/\/fdasrl.it\/es\/tienda\/"},{"@type":"ListItem","position":3,"name":"Reflector calefactor para animales \u00d8 320 mm"}]},{"@type":"WebSite","@id":"https:\/\/fdasrl.it\/es\/#website","url":"https:\/\/fdasrl.it\/es\/","name":"FDA srl","description":"Equipment for animal husbandry","publisher":{"@id":"https:\/\/fdasrl.it\/es\/#organization"},"potentialAction":[{"@type":"SearchAction","target":{"@type":"EntryPoint","urlTemplate":"https:\/\/fdasrl.it\/es\/?s={search_term_string}"},"query-input":{"@type":"PropertyValueSpecification","valueRequired":true,"valueName":"search_term_string"}}],"inLanguage":"es"},{"@type":"Organization","@id":"https:\/\/fdasrl.it\/es\/#organization","name":"FDA srl","url":"https:\/\/fdasrl.it\/es\/","logo":{"@type":"ImageObject","inLanguage":"es","@id":"https:\/\/fdasrl.it\/es\/#\/schema\/logo\/image\/","url":"https:\/\/fdasrl.it\/wp-content\/uploads\/2024\/12\/Logo-FDA.png","contentUrl":"https:\/\/fdasrl.it\/wp-content\/uploads\/2024\/12\/Logo-FDA.png","width":316,"height":119,"caption":"FDA srl"},"image":{"@id":"https:\/\/fdasrl.it\/es\/#\/schema\/logo\/image\/"},"sameAs":["https:\/\/www.facebook.com\/share\/1MWhFWg1Tp\/?mibextid=LQQJ4d","https:\/\/www.instagram.com\/fda_srl\/profilecard\/?igsh=YW5lbzJ6MWg0d21u","https:\/\/www.youtube.com\/@FDASRL_ANIMALCARE"],"description":"FDA SRL \u2013 Equipment for animal husbandry nasce con l\u2019obiettivo di offrire soluzioni affidabili e innovative per l\u2019allevamento moderno. Con anni di esperienza nel settore zootecnico, progettiamo e realizziamo attrezzature destinate al benessere animale e alla gestione efficiente delle stalle: vasche, abbeveratoi, mangiatoie e sistemi di riscaldamento pensati per durare nel tempo e semplificare il lavoro quotidiano degli allevatori. Dalla progettazione alla produzione, ogni nostro prodotto \u00e8 studiato nei minimi dettagli, testato con cura e costruito per rispondere alle esigenze reali del settore. La nostra forza \u00e8 unire artigianalit\u00e0, tecnologia e competenza tecnica per trasformare ogni progetto in una soluzione concreta e funzionale. Oggi FDA SRL \u00e8 un punto di riferimento per privati e rivenditori che cercano qualit\u00e0, affidabilit\u00e0 e innovazione nelle attrezzature per l\u2019allevamento.","email":"info@fdasrl.it","telephone":"+390522826820","legalName":"F.D.A. SRL","foundingDate":"2024-10-13","vatID":"03075840359","taxID":"03075840359","numberOfEmployees":{"@type":"QuantitativeValue","minValue":"1","maxValue":"10"}}]},"product_price_currency":"EUR","og_availability":"instock","product_availability":"instock","product_retailer_item_id":"FDA-000036","product_condition":"new"},"_links":{"self":[{"href":"https:\/\/fdasrl.it\/es\/wp-json\/wp\/v2\/product\/4332","targetHints":{"allow":["GET"]}}],"collection":[{"href":"https:\/\/fdasrl.it\/es\/wp-json\/wp\/v2\/product"}],"about":[{"href":"https:\/\/fdasrl.it\/es\/wp-json\/wp\/v2\/types\/product"}],"replies":[{"embeddable":true,"href":"https:\/\/fdasrl.it\/es\/wp-json\/wp\/v2\/comments?post=4332"}],"wp:featuredmedia":[{"embeddable":true,"href":"https:\/\/fdasrl.it\/es\/wp-json\/wp\/v2\/media\/312"}],"wp:attachment":[{"href":"https:\/\/fdasrl.it\/es\/wp-json\/wp\/v2\/media?parent=4332"}],"wp:term":[{"taxonomy":"product_brand","embeddable":true,"href":"https:\/\/fdasrl.it\/es\/wp-json\/wp\/v2\/product_brand?post=4332"},{"taxonomy":"product_cat","embeddable":true,"href":"https:\/\/fdasrl.it\/es\/wp-json\/wp\/v2\/product_cat?post=4332"},{"taxonomy":"product_tag","embeddable":true,"href":"https:\/\/fdasrl.it\/es\/wp-json\/wp\/v2\/product_tag?post=4332"}],"curies":[{"name":"wp","href":"https:\/\/api.w.org\/{rel}","templated":true}]}}