{"id":4383,"date":"2025-01-20T11:26:01","date_gmt":"2025-01-20T10:26:01","guid":{"rendered":"https:\/\/fdasrl.it\/prodotto\/reflector-calefactor-de-policarbonato-o-270-mm-fda\/"},"modified":"2025-01-20T11:26:01","modified_gmt":"2025-01-20T10:26:01","slug":"reflector-calefactor-de-policarbonato-o-270-mm-fda","status":"publish","type":"product","link":"https:\/\/fdasrl.it\/es\/prodotto\/reflector-calefactor-de-policarbonato-o-270-mm-fda\/","title":{"rendered":"Reflector calefactor de policarbonato \u00d8 270 mm FDA"},"content":{"rendered":"<div align=\"left\">\n<p data-start=\"917\" data-end=\"1238\">El <strong data-start=\"920\" data-end=\"972\">reflector calefactor de policarbonato \u00d8 270 mm<\/strong> de FDA es una soluci\u00f3n robusta, segura e irrompible para garantizar calor y protecci\u00f3n a los animales en las primeras fases de vida. Gracias al material <strong data-start=\"1113\" data-end=\"1137\">resistente al calor<\/strong> y a la estructura transparente, es ideal para explotaciones y ambientes donde la seguridad es prioritaria. <\/p>\n<h3 data-start=\"1240\" data-end=\"1274\">Este reflector incluye:<\/h3>\n<ul data-start=\"1275\" data-end=\"1548\">\n<li data-start=\"1275\" data-end=\"1335\">\n<p data-start=\"1277\" data-end=\"1335\"><strong data-start=\"1277\" data-end=\"1294\">Cable de 2,5 m<\/strong> para una instalaci\u00f3n sencilla y segura<\/p>\n<\/li>\n<li data-start=\"1336\" data-end=\"1380\">\n<p data-start=\"1338\" data-end=\"1380\"><strong data-start=\"1338\" data-end=\"1378\">Enchufe Schuko 16 A, 250 V antiproyecci\u00f3n<\/strong><\/p>\n<\/li>\n<li data-start=\"1381\" data-end=\"1448\">\n<p data-start=\"1383\" data-end=\"1448\"><strong data-start=\"1383\" data-end=\"1426\">Portal\u00e1mparas de porcelana pesada \u00d8 54<\/strong> con virola roscada<\/p>\n<\/li>\n<li data-start=\"1449\" data-end=\"1503\">\n<p data-start=\"1451\" data-end=\"1503\"><strong data-start=\"1451\" data-end=\"1486\">Cadena de suspensi\u00f3n de 2 m<\/strong> (bajo pedido)<\/p>\n<\/li>\n<li data-start=\"1504\" data-end=\"1548\">\n<p data-start=\"1506\" data-end=\"1548\"><strong data-start=\"1506\" data-end=\"1531\">Rejilla de protecci\u00f3n<\/strong> (bajo pedido)<\/p>\n<\/li>\n<\/ul>\n<h3 data-start=\"1550\" data-end=\"1581\">Caracter\u00edsticas t\u00e9cnicas:<\/h3>\n<ul data-start=\"1582\" data-end=\"1777\">\n<li data-start=\"1582\" data-end=\"1639\">\n<p data-start=\"1584\" data-end=\"1639\">Material: <strong data-start=\"1595\" data-end=\"1637\">policarbonato transparente irrompible<\/strong><\/p>\n<\/li>\n<li data-start=\"1640\" data-end=\"1676\">\n<p data-start=\"1642\" data-end=\"1676\">Alimentaci\u00f3n: <strong data-start=\"1657\" data-end=\"1674\">230 V \u2013 50 Hz<\/strong><\/p>\n<\/li>\n<li data-start=\"1677\" data-end=\"1707\">\n<p data-start=\"1679\" data-end=\"1707\">Potencia m\u00e1xima: <strong data-start=\"1696\" data-end=\"1705\">250 W<\/strong><\/p>\n<\/li>\n<li data-start=\"1708\" data-end=\"1777\">\n<p data-start=\"1710\" data-end=\"1777\">Disponible tambi\u00e9n con <strong data-start=\"1732\" data-end=\"1758\">enchufe m\u00f3vil CEE IP 44<\/strong> y cable de 2,80 m<\/p>\n<\/li>\n<\/ul>\n<p data-start=\"1779\" data-end=\"1990\">Gracias a su resistencia y seguridad, este reflector es perfecto para la <strong data-start=\"1855\" data-end=\"1927\">calefacci\u00f3n de pollitos, pollos, lechones, conejos y peque\u00f1os animales<\/strong>, tanto en explotaciones profesionales como en entornos dom\u00e9sticos.<\/p>\n<p data-start=\"1992\" data-end=\"2128\">\ud83d\udc49 <strong data-start=\"1995\" data-end=\"2068\">Solicita presupuesto para cantidades en <a href=\"mailto:info@fdasrl.it\">info@fdasrl.it<\/a><\/strong><br data-start=\"2068\" data-end=\"2071\">\ud83d\udc49 C\u00f3mpralo en nuestra <a href=\"https:\/\/fda-shop.it\/shop\/articoli-per-allevamento\/riflettori-e-infrarossi\/riflettore-in-policarbonato-fda-00034-dm-cm-27#\/32-accessori_e_confezioni-spina_schuko_senza_griglia\" target=\"_blank\" rel=\"noopener\">tienda online<\/a><\/p>\n<\/div>\n","protected":false},"excerpt":{"rendered":"<p>Reflector calefactor \u00d8 270 mm de FDA en policarbonato irrompible, resistente al calor. Completo con cable y enchufe Schuko. <\/p>\n","protected":false},"featured_media":914,"comment_status":"open","ping_status":"closed","template":"","meta":{"_et_pb_use_builder":"","_et_pb_old_content":"","_et_gb_content_width":""},"product_brand":[],"product_cat":[650,651,1035,648],"product_tag":[1036],"class_list":{"0":"post-4383","1":"product","2":"type-product","3":"status-publish","4":"has-post-thumbnail","6":"product_cat-aves","7":"product_cat-calefaccion-para-animales","8":"product_cat-calefaccion-para-porcino","9":"product_cat-cerdos","10":"product_tag-fda-000034","12":"first","13":"instock","14":"shipping-taxable","15":"product-type-simple"},"yoast_head":"<!-- This site is optimized with the Yoast SEO Premium plugin v27.5 (Yoast SEO v27.5) - https:\/\/yoast.com\/product\/yoast-seo-premium-wordpress\/ -->\n<title>Reflector Calefactor de Policarbonato \u00d8 270 mm Robustez - FDA srl<\/title>\n<meta name=\"description\" content=\"Descubre el reflector calefactor de policarbonato \u00d8 270 mm, una soluci\u00f3n segura e irrompible para el bienestar de los animales. \u00a1Descubre m\u00e1s!\" \/>\n<meta name=\"robots\" content=\"index, follow, max-snippet:-1, max-image-preview:large, max-video-preview:-1\" \/>\n<link rel=\"canonical\" href=\"https:\/\/fdasrl.it\/es\/prodotto\/reflector-calefactor-de-policarbonato-o-270-mm-fda\/\" \/>\n<meta property=\"og:locale\" content=\"es_ES\" \/>\n<meta property=\"og:type\" content=\"article\" \/>\n<meta property=\"og:title\" content=\"Reflector calefactor de policarbonato \u00d8 270 mm FDA\" \/>\n<meta property=\"og:description\" content=\"Descubre el reflector calefactor de policarbonato \u00d8 270 mm, una soluci\u00f3n segura e irrompible para el bienestar de los animales. \u00a1Descubre m\u00e1s!\" \/>\n<meta property=\"og:url\" content=\"https:\/\/fdasrl.it\/es\/prodotto\/reflector-calefactor-de-policarbonato-o-270-mm-fda\/\" \/>\n<meta property=\"og:site_name\" content=\"FDA srl\" \/>\n<meta property=\"article:publisher\" content=\"https:\/\/www.facebook.com\/share\/1MWhFWg1Tp\/?mibextid=LQQJ4d\" \/>\n<meta property=\"og:image\" content=\"https:\/\/fdasrl.it\/wp-content\/uploads\/2025\/01\/riflettore-riscaldante-policarbonato-270mm-fda.webp\" \/>\n\t<meta property=\"og:image:width\" content=\"1200\" \/>\n\t<meta property=\"og:image:height\" content=\"904\" \/>\n\t<meta property=\"og:image:type\" content=\"image\/webp\" \/>\n<meta name=\"twitter:card\" content=\"summary_large_image\" \/>\n<meta name=\"twitter:label1\" content=\"Precio\" \/>\n\t<meta name=\"twitter:data1\" content=\"\" \/>\n\t<meta name=\"twitter:label2\" content=\"Disponibilidad\" \/>\n\t<meta name=\"twitter:data2\" content=\"Disponible\" \/>\n<meta property=\"product:price:currency\" content=\"EUR\" \/>\n<meta property=\"og:availability\" content=\"instock\" \/>\n<meta property=\"product:availability\" content=\"instock\" \/>\n<meta property=\"product:retailer_item_id\" content=\"FDA-000034\" \/>\n<meta property=\"product:condition\" content=\"new\" \/>\n<!-- \/ Yoast SEO Premium plugin. -->","yoast_head_json":{"title":"Reflector Calefactor de Policarbonato \u00d8 270 mm Robustez - FDA srl","description":"Descubre el reflector calefactor de policarbonato \u00d8 270 mm, una soluci\u00f3n segura e irrompible para el bienestar de los animales. \u00a1Descubre m\u00e1s!","robots":{"index":"index","follow":"follow","max-snippet":"max-snippet:-1","max-image-preview":"max-image-preview:large","max-video-preview":"max-video-preview:-1"},"canonical":"https:\/\/fdasrl.it\/es\/prodotto\/reflector-calefactor-de-policarbonato-o-270-mm-fda\/","og_locale":"es_ES","og_type":"article","og_title":"Reflector calefactor de policarbonato \u00d8 270 mm FDA","og_description":"Descubre el reflector calefactor de policarbonato \u00d8 270 mm, una soluci\u00f3n segura e irrompible para el bienestar de los animales. \u00a1Descubre m\u00e1s!","og_url":"https:\/\/fdasrl.it\/es\/prodotto\/reflector-calefactor-de-policarbonato-o-270-mm-fda\/","og_site_name":"FDA srl","article_publisher":"https:\/\/www.facebook.com\/share\/1MWhFWg1Tp\/?mibextid=LQQJ4d","og_image":[{"width":1200,"height":904,"url":"https:\/\/fdasrl.it\/wp-content\/uploads\/2025\/01\/riflettore-riscaldante-policarbonato-270mm-fda.webp","type":"image\/webp"}],"twitter_card":"summary_large_image","twitter_misc":{"Precio":"","Disponibilidad":"Disponible"},"schema":{"@context":"https:\/\/schema.org","@graph":[{"@type":"WebPage","@id":"https:\/\/fdasrl.it\/es\/prodotto\/reflector-calefactor-de-policarbonato-o-270-mm-fda\/","url":"https:\/\/fdasrl.it\/es\/prodotto\/reflector-calefactor-de-policarbonato-o-270-mm-fda\/","name":"Reflector Calefactor de Policarbonato \u00d8 270 mm Robustez - FDA srl","isPartOf":{"@id":"https:\/\/fdasrl.it\/es\/#website"},"primaryImageOfPage":{"@id":"https:\/\/fdasrl.it\/es\/prodotto\/reflector-calefactor-de-policarbonato-o-270-mm-fda\/#primaryimage"},"image":{"@id":"https:\/\/fdasrl.it\/es\/prodotto\/reflector-calefactor-de-policarbonato-o-270-mm-fda\/#primaryimage"},"thumbnailUrl":"https:\/\/fdasrl.it\/wp-content\/uploads\/2025\/01\/riflettore-riscaldante-policarbonato-270mm-fda.webp","datePublished":"2025-01-20T10:26:01+00:00","description":"Descubre el reflector calefactor de policarbonato \u00d8 270 mm, una soluci\u00f3n segura e irrompible para el bienestar de los animales. \u00a1Descubre m\u00e1s!","breadcrumb":{"@id":"https:\/\/fdasrl.it\/es\/prodotto\/reflector-calefactor-de-policarbonato-o-270-mm-fda\/#breadcrumb"},"inLanguage":"es","potentialAction":[{"@type":"ReadAction","target":["https:\/\/fdasrl.it\/es\/prodotto\/reflector-calefactor-de-policarbonato-o-270-mm-fda\/"]}]},{"@type":"ImageObject","inLanguage":"es","@id":"https:\/\/fdasrl.it\/es\/prodotto\/reflector-calefactor-de-policarbonato-o-270-mm-fda\/#primaryimage","url":"https:\/\/fdasrl.it\/wp-content\/uploads\/2025\/01\/riflettore-riscaldante-policarbonato-270mm-fda.webp","contentUrl":"https:\/\/fdasrl.it\/wp-content\/uploads\/2025\/01\/riflettore-riscaldante-policarbonato-270mm-fda.webp","width":1200,"height":904,"caption":"Reflector \u00d8 270 mm de policarbonato transparente irrompible, resistente al calor y completo con cable y enchufe Schuko."},{"@type":"BreadcrumbList","@id":"https:\/\/fdasrl.it\/es\/prodotto\/reflector-calefactor-de-policarbonato-o-270-mm-fda\/#breadcrumb","itemListElement":[{"@type":"ListItem","position":1,"name":"Home","item":"https:\/\/fdasrl.it\/es\/inicio\/"},{"@type":"ListItem","position":2,"name":"Tienda","item":"https:\/\/fdasrl.it\/es\/tienda\/"},{"@type":"ListItem","position":3,"name":"Reflector calefactor de policarbonato \u00d8 270 mm FDA"}]},{"@type":"WebSite","@id":"https:\/\/fdasrl.it\/es\/#website","url":"https:\/\/fdasrl.it\/es\/","name":"FDA srl","description":"Equipment for animal husbandry","publisher":{"@id":"https:\/\/fdasrl.it\/es\/#organization"},"potentialAction":[{"@type":"SearchAction","target":{"@type":"EntryPoint","urlTemplate":"https:\/\/fdasrl.it\/es\/?s={search_term_string}"},"query-input":{"@type":"PropertyValueSpecification","valueRequired":true,"valueName":"search_term_string"}}],"inLanguage":"es"},{"@type":"Organization","@id":"https:\/\/fdasrl.it\/es\/#organization","name":"FDA srl","url":"https:\/\/fdasrl.it\/es\/","logo":{"@type":"ImageObject","inLanguage":"es","@id":"https:\/\/fdasrl.it\/es\/#\/schema\/logo\/image\/","url":"https:\/\/fdasrl.it\/wp-content\/uploads\/2024\/12\/Logo-FDA.png","contentUrl":"https:\/\/fdasrl.it\/wp-content\/uploads\/2024\/12\/Logo-FDA.png","width":316,"height":119,"caption":"FDA srl"},"image":{"@id":"https:\/\/fdasrl.it\/es\/#\/schema\/logo\/image\/"},"sameAs":["https:\/\/www.facebook.com\/share\/1MWhFWg1Tp\/?mibextid=LQQJ4d","https:\/\/www.instagram.com\/fda_srl\/profilecard\/?igsh=YW5lbzJ6MWg0d21u","https:\/\/www.youtube.com\/@FDASRL_ANIMALCARE"],"description":"FDA SRL \u2013 Equipment for animal husbandry nasce con l\u2019obiettivo di offrire soluzioni affidabili e innovative per l\u2019allevamento moderno. Con anni di esperienza nel settore zootecnico, progettiamo e realizziamo attrezzature destinate al benessere animale e alla gestione efficiente delle stalle: vasche, abbeveratoi, mangiatoie e sistemi di riscaldamento pensati per durare nel tempo e semplificare il lavoro quotidiano degli allevatori. Dalla progettazione alla produzione, ogni nostro prodotto \u00e8 studiato nei minimi dettagli, testato con cura e costruito per rispondere alle esigenze reali del settore. La nostra forza \u00e8 unire artigianalit\u00e0, tecnologia e competenza tecnica per trasformare ogni progetto in una soluzione concreta e funzionale. Oggi FDA SRL \u00e8 un punto di riferimento per privati e rivenditori che cercano qualit\u00e0, affidabilit\u00e0 e innovazione nelle attrezzature per l\u2019allevamento.","email":"info@fdasrl.it","telephone":"+390522826820","legalName":"F.D.A. SRL","foundingDate":"2024-10-13","vatID":"03075840359","taxID":"03075840359","numberOfEmployees":{"@type":"QuantitativeValue","minValue":"1","maxValue":"10"}}]},"product_price_currency":"EUR","og_availability":"instock","product_availability":"instock","product_retailer_item_id":"FDA-000034","product_condition":"new"},"_links":{"self":[{"href":"https:\/\/fdasrl.it\/es\/wp-json\/wp\/v2\/product\/4383","targetHints":{"allow":["GET"]}}],"collection":[{"href":"https:\/\/fdasrl.it\/es\/wp-json\/wp\/v2\/product"}],"about":[{"href":"https:\/\/fdasrl.it\/es\/wp-json\/wp\/v2\/types\/product"}],"replies":[{"embeddable":true,"href":"https:\/\/fdasrl.it\/es\/wp-json\/wp\/v2\/comments?post=4383"}],"wp:featuredmedia":[{"embeddable":true,"href":"https:\/\/fdasrl.it\/es\/wp-json\/wp\/v2\/media\/914"}],"wp:attachment":[{"href":"https:\/\/fdasrl.it\/es\/wp-json\/wp\/v2\/media?parent=4383"}],"wp:term":[{"taxonomy":"product_brand","embeddable":true,"href":"https:\/\/fdasrl.it\/es\/wp-json\/wp\/v2\/product_brand?post=4383"},{"taxonomy":"product_cat","embeddable":true,"href":"https:\/\/fdasrl.it\/es\/wp-json\/wp\/v2\/product_cat?post=4383"},{"taxonomy":"product_tag","embeddable":true,"href":"https:\/\/fdasrl.it\/es\/wp-json\/wp\/v2\/product_tag?post=4383"}],"curies":[{"name":"wp","href":"https:\/\/api.w.org\/{rel}","templated":true}]}}