{"id":4452,"date":"2025-01-20T11:48:52","date_gmt":"2025-01-20T10:48:52","guid":{"rendered":"https:\/\/fdasrl.it\/prodotto\/reflector-de-calefaccion-de-aluminio-fda-000030sw\/"},"modified":"2025-01-20T11:48:52","modified_gmt":"2025-01-20T10:48:52","slug":"reflector-de-calefaccion-de-aluminio-fda-000030sw","status":"publish","type":"product","link":"https:\/\/fdasrl.it\/es\/prodotto\/reflector-de-calefaccion-de-aluminio-fda-000030sw\/","title":{"rendered":"Reflector de calefacci\u00f3n de aluminio FDA-000030SW"},"content":{"rendered":"<h3 align=\"left\">Reflector de calefacci\u00f3n zoot\u00e9cnica de bajo consumo FDA-000030SW<\/h3>\n<div align=\"left\">Reflector de calefacci\u00f3n de aluminio di\u00e1m. 210 mm para entornos zoot\u00e9cnicos.<\/div>\n<div align=\"left\">Este reflector de bajo consumo est\u00e1 equipado con un interruptor de tres posiciones:<\/div>\n<div align=\"left\">\n<ul>\n<li>1 encendido<\/li>\n<li>0 apagado<\/li>\n<li>2 reducido hasta la mitad de potencia (ejemplo: una l\u00e1mpara de 150 W = 75 W en la posici\u00f3n 2)<\/li>\n<\/ul>\n<p>Otras caracter\u00edsticas t\u00e9cnicas<\/p>\n<\/div>\n<ul>\n<li>  Cable el\u00e9ctrico L = 2,5 m<\/li>\n<li>  Enchufe Schuko 16 A, 250 V a prueba de salpicaduras<\/li>\n<li>  Cadena de suspensi\u00f3n L = 2 m<\/li>\n<li>  Rejilla de protecci\u00f3n<\/li>\n<li>  Portal\u00e1mparas de porcelana pesada \u00d8 54 con virola atornillada<\/li>\n<li>  Alimentaci\u00f3n el\u00e9ctrica: 230 V \u2013 50 Hz<\/li>\n<li>  Potencia m\u00e1xima: 250 W<\/li>\n<\/ul>\n<p>\ud83d\udc49 Solicita precio para reventa: <a href=\"mailto:info@fdasrl.it\">PULSA AQU\u00cd<\/a><\/p>\n<p>C\u00f3mpralo en nuestra <a href=\"https:\/\/fda-shop.it\/shop\/articoli-per-allevamento\/riflettore-fda000030sw-in-allumino-a-risparmio-energetico#\/34-accessori_e_confezioni-spina_schuko_con_griglia\" target=\"_blank\" rel=\"noopener\">tienda online<\/a><\/p>\n<p>Los reflectores de calefacci\u00f3n FDA est\u00e1n dise\u00f1ados para garantizar un calor \u00f3ptimo y uniforme, reduciendo el desperdicio de energ\u00eda. Fabricados con materiales de alta calidad y resistentes incluso a las peores condiciones.<br \/>\nIdeales para establos, granjas y cualquier otro tipo de entorno donde se desee aplicar una soluci\u00f3n eficiente y duradera para el bienestar animal. El dise\u00f1o inteligente asegura una instalaci\u00f3n f\u00e1cil y un uso seguro en cualquier entorno ganadero.  <\/p>\n","protected":false},"excerpt":{"rendered":"<p>Los reflectores de calefacci\u00f3n FDA est\u00e1n dise\u00f1ados para garantizar un calor \u00f3ptimo y uniforme, reduciendo el desperdicio de energ\u00eda. Fabricados con materiales de alta calidad y resistentes incluso a las peores condiciones.<br \/>\nIdeales para establos, granjas y cualquier otro entorno donde se busque una soluci\u00f3n eficiente y duradera para el bienestar animal. <\/p>\n","protected":false},"featured_media":320,"comment_status":"open","ping_status":"closed","template":"","meta":{"_et_pb_use_builder":"","_et_pb_old_content":"","_et_gb_content_width":""},"product_brand":[],"product_cat":[650,651,648],"product_tag":[1051],"class_list":{"0":"post-4452","1":"product","2":"type-product","3":"status-publish","4":"has-post-thumbnail","6":"product_cat-aves","7":"product_cat-calefaccion-para-animales","8":"product_cat-cerdos","9":"product_tag-fda-000030sw","11":"first","12":"instock","13":"shipping-taxable","14":"product-type-simple"},"yoast_head":"<!-- This site is optimized with the Yoast SEO Premium plugin v27.5 (Yoast SEO v27.5) - https:\/\/yoast.com\/product\/yoast-seo-premium-wordpress\/ -->\n<title>Reflector de calefacci\u00f3n zoot\u00e9cnica de bajo consumo FDA<\/title>\n<meta name=\"description\" content=\"\u00a1Descubre nuestro reflector de calefacci\u00f3n zoot\u00e9cnica de bajo consumo! Con tres posiciones y materiales resistentes, \u00a1es la soluci\u00f3n ideal!\" \/>\n<meta name=\"robots\" content=\"index, follow, max-snippet:-1, max-image-preview:large, max-video-preview:-1\" \/>\n<link rel=\"canonical\" href=\"https:\/\/fdasrl.it\/es\/prodotto\/reflector-de-calefaccion-de-aluminio-fda-000030sw\/\" \/>\n<meta property=\"og:locale\" content=\"es_ES\" \/>\n<meta property=\"og:type\" content=\"article\" \/>\n<meta property=\"og:title\" content=\"Reflector de calefacci\u00f3n de aluminio FDA-000030SW\" \/>\n<meta property=\"og:description\" content=\"\u00a1Descubre nuestro reflector de calefacci\u00f3n zoot\u00e9cnica de bajo consumo! Con tres posiciones y materiales resistentes, \u00a1es la soluci\u00f3n ideal!\" \/>\n<meta property=\"og:url\" content=\"https:\/\/fdasrl.it\/es\/prodotto\/reflector-de-calefaccion-de-aluminio-fda-000030sw\/\" \/>\n<meta property=\"og:site_name\" content=\"FDA srl\" \/>\n<meta property=\"article:publisher\" content=\"https:\/\/www.facebook.com\/share\/1MWhFWg1Tp\/?mibextid=LQQJ4d\" \/>\n<meta property=\"og:image\" content=\"https:\/\/fdasrl.it\/wp-content\/uploads\/2025\/01\/FDA-000030SW_1.jpg\" \/>\n\t<meta property=\"og:image:width\" content=\"500\" \/>\n\t<meta property=\"og:image:height\" content=\"562\" \/>\n\t<meta property=\"og:image:type\" content=\"image\/jpeg\" \/>\n<meta name=\"twitter:card\" content=\"summary_large_image\" \/>\n<meta name=\"twitter:label1\" content=\"Precio\" \/>\n\t<meta name=\"twitter:data1\" content=\"\" \/>\n\t<meta name=\"twitter:label2\" content=\"Disponibilidad\" \/>\n\t<meta name=\"twitter:data2\" content=\"Disponible\" \/>\n<meta property=\"product:price:currency\" content=\"EUR\" \/>\n<meta property=\"og:availability\" content=\"instock\" \/>\n<meta property=\"product:availability\" content=\"instock\" \/>\n<meta property=\"product:retailer_item_id\" content=\"FDA-000030SW\" \/>\n<meta property=\"product:condition\" content=\"new\" \/>\n<!-- \/ Yoast SEO Premium plugin. -->","yoast_head_json":{"title":"Reflector de calefacci\u00f3n zoot\u00e9cnica de bajo consumo FDA","description":"\u00a1Descubre nuestro reflector de calefacci\u00f3n zoot\u00e9cnica de bajo consumo! Con tres posiciones y materiales resistentes, \u00a1es la soluci\u00f3n ideal!","robots":{"index":"index","follow":"follow","max-snippet":"max-snippet:-1","max-image-preview":"max-image-preview:large","max-video-preview":"max-video-preview:-1"},"canonical":"https:\/\/fdasrl.it\/es\/prodotto\/reflector-de-calefaccion-de-aluminio-fda-000030sw\/","og_locale":"es_ES","og_type":"article","og_title":"Reflector de calefacci\u00f3n de aluminio FDA-000030SW","og_description":"\u00a1Descubre nuestro reflector de calefacci\u00f3n zoot\u00e9cnica de bajo consumo! Con tres posiciones y materiales resistentes, \u00a1es la soluci\u00f3n ideal!","og_url":"https:\/\/fdasrl.it\/es\/prodotto\/reflector-de-calefaccion-de-aluminio-fda-000030sw\/","og_site_name":"FDA srl","article_publisher":"https:\/\/www.facebook.com\/share\/1MWhFWg1Tp\/?mibextid=LQQJ4d","og_image":[{"width":500,"height":562,"url":"https:\/\/fdasrl.it\/wp-content\/uploads\/2025\/01\/FDA-000030SW_1.jpg","type":"image\/jpeg"}],"twitter_card":"summary_large_image","twitter_misc":{"Precio":"","Disponibilidad":"Disponible"},"schema":{"@context":"https:\/\/schema.org","@graph":[{"@type":"WebPage","@id":"https:\/\/fdasrl.it\/es\/prodotto\/reflector-de-calefaccion-de-aluminio-fda-000030sw\/","url":"https:\/\/fdasrl.it\/es\/prodotto\/reflector-de-calefaccion-de-aluminio-fda-000030sw\/","name":"Reflector de calefacci\u00f3n zoot\u00e9cnica de bajo consumo FDA","isPartOf":{"@id":"https:\/\/fdasrl.it\/es\/#website"},"primaryImageOfPage":{"@id":"https:\/\/fdasrl.it\/es\/prodotto\/reflector-de-calefaccion-de-aluminio-fda-000030sw\/#primaryimage"},"image":{"@id":"https:\/\/fdasrl.it\/es\/prodotto\/reflector-de-calefaccion-de-aluminio-fda-000030sw\/#primaryimage"},"thumbnailUrl":"https:\/\/fdasrl.it\/wp-content\/uploads\/2025\/01\/FDA-000030SW_1.jpg","datePublished":"2025-01-20T10:48:52+00:00","description":"\u00a1Descubre nuestro reflector de calefacci\u00f3n zoot\u00e9cnica de bajo consumo! Con tres posiciones y materiales resistentes, \u00a1es la soluci\u00f3n ideal!","breadcrumb":{"@id":"https:\/\/fdasrl.it\/es\/prodotto\/reflector-de-calefaccion-de-aluminio-fda-000030sw\/#breadcrumb"},"inLanguage":"es","potentialAction":[{"@type":"ReadAction","target":["https:\/\/fdasrl.it\/es\/prodotto\/reflector-de-calefaccion-de-aluminio-fda-000030sw\/"]}]},{"@type":"ImageObject","inLanguage":"es","@id":"https:\/\/fdasrl.it\/es\/prodotto\/reflector-de-calefaccion-de-aluminio-fda-000030sw\/#primaryimage","url":"https:\/\/fdasrl.it\/wp-content\/uploads\/2025\/01\/FDA-000030SW_1.jpg","contentUrl":"https:\/\/fdasrl.it\/wp-content\/uploads\/2025\/01\/FDA-000030SW_1.jpg","width":500,"height":562},{"@type":"BreadcrumbList","@id":"https:\/\/fdasrl.it\/es\/prodotto\/reflector-de-calefaccion-de-aluminio-fda-000030sw\/#breadcrumb","itemListElement":[{"@type":"ListItem","position":1,"name":"Home","item":"https:\/\/fdasrl.it\/es\/inicio\/"},{"@type":"ListItem","position":2,"name":"Tienda","item":"https:\/\/fdasrl.it\/es\/tienda\/"},{"@type":"ListItem","position":3,"name":"Reflector de calefacci\u00f3n de aluminio FDA-000030SW"}]},{"@type":"WebSite","@id":"https:\/\/fdasrl.it\/es\/#website","url":"https:\/\/fdasrl.it\/es\/","name":"FDA srl","description":"Equipment for animal husbandry","publisher":{"@id":"https:\/\/fdasrl.it\/es\/#organization"},"potentialAction":[{"@type":"SearchAction","target":{"@type":"EntryPoint","urlTemplate":"https:\/\/fdasrl.it\/es\/?s={search_term_string}"},"query-input":{"@type":"PropertyValueSpecification","valueRequired":true,"valueName":"search_term_string"}}],"inLanguage":"es"},{"@type":"Organization","@id":"https:\/\/fdasrl.it\/es\/#organization","name":"FDA srl","url":"https:\/\/fdasrl.it\/es\/","logo":{"@type":"ImageObject","inLanguage":"es","@id":"https:\/\/fdasrl.it\/es\/#\/schema\/logo\/image\/","url":"https:\/\/fdasrl.it\/wp-content\/uploads\/2024\/12\/Logo-FDA.png","contentUrl":"https:\/\/fdasrl.it\/wp-content\/uploads\/2024\/12\/Logo-FDA.png","width":316,"height":119,"caption":"FDA srl"},"image":{"@id":"https:\/\/fdasrl.it\/es\/#\/schema\/logo\/image\/"},"sameAs":["https:\/\/www.facebook.com\/share\/1MWhFWg1Tp\/?mibextid=LQQJ4d","https:\/\/www.instagram.com\/fda_srl\/profilecard\/?igsh=YW5lbzJ6MWg0d21u","https:\/\/www.youtube.com\/@FDASRL_ANIMALCARE"],"description":"FDA SRL \u2013 Equipment for animal husbandry nasce con l\u2019obiettivo di offrire soluzioni affidabili e innovative per l\u2019allevamento moderno. Con anni di esperienza nel settore zootecnico, progettiamo e realizziamo attrezzature destinate al benessere animale e alla gestione efficiente delle stalle: vasche, abbeveratoi, mangiatoie e sistemi di riscaldamento pensati per durare nel tempo e semplificare il lavoro quotidiano degli allevatori. Dalla progettazione alla produzione, ogni nostro prodotto \u00e8 studiato nei minimi dettagli, testato con cura e costruito per rispondere alle esigenze reali del settore. La nostra forza \u00e8 unire artigianalit\u00e0, tecnologia e competenza tecnica per trasformare ogni progetto in una soluzione concreta e funzionale. Oggi FDA SRL \u00e8 un punto di riferimento per privati e rivenditori che cercano qualit\u00e0, affidabilit\u00e0 e innovazione nelle attrezzature per l\u2019allevamento.","email":"info@fdasrl.it","telephone":"+390522826820","legalName":"F.D.A. SRL","foundingDate":"2024-10-13","vatID":"03075840359","taxID":"03075840359","numberOfEmployees":{"@type":"QuantitativeValue","minValue":"1","maxValue":"10"}}]},"product_price_currency":"EUR","og_availability":"instock","product_availability":"instock","product_retailer_item_id":"FDA-000030SW","product_condition":"new"},"_links":{"self":[{"href":"https:\/\/fdasrl.it\/es\/wp-json\/wp\/v2\/product\/4452","targetHints":{"allow":["GET"]}}],"collection":[{"href":"https:\/\/fdasrl.it\/es\/wp-json\/wp\/v2\/product"}],"about":[{"href":"https:\/\/fdasrl.it\/es\/wp-json\/wp\/v2\/types\/product"}],"replies":[{"embeddable":true,"href":"https:\/\/fdasrl.it\/es\/wp-json\/wp\/v2\/comments?post=4452"}],"wp:featuredmedia":[{"embeddable":true,"href":"https:\/\/fdasrl.it\/es\/wp-json\/wp\/v2\/media\/320"}],"wp:attachment":[{"href":"https:\/\/fdasrl.it\/es\/wp-json\/wp\/v2\/media?parent=4452"}],"wp:term":[{"taxonomy":"product_brand","embeddable":true,"href":"https:\/\/fdasrl.it\/es\/wp-json\/wp\/v2\/product_brand?post=4452"},{"taxonomy":"product_cat","embeddable":true,"href":"https:\/\/fdasrl.it\/es\/wp-json\/wp\/v2\/product_cat?post=4452"},{"taxonomy":"product_tag","embeddable":true,"href":"https:\/\/fdasrl.it\/es\/wp-json\/wp\/v2\/product_tag?post=4452"}],"curies":[{"name":"wp","href":"https:\/\/api.w.org\/{rel}","templated":true}]}}