{"id":4461,"date":"2025-01-20T11:44:10","date_gmt":"2025-01-20T10:44:10","guid":{"rendered":"https:\/\/fdasrl.it\/prodotto\/reflector-de-calefaccion-de-aluminio-o-210\/"},"modified":"2025-01-20T11:44:10","modified_gmt":"2025-01-20T10:44:10","slug":"reflector-de-calefaccion-de-aluminio-o-210","status":"publish","type":"product","link":"https:\/\/fdasrl.it\/es\/prodotto\/reflector-de-calefaccion-de-aluminio-o-210\/","title":{"rendered":"Reflector de calefacci\u00f3n de aluminio \u00d8 210"},"content":{"rendered":"<div align=\"left\">\n<h3 data-start=\"61\" data-end=\"117\"><strong data-start=\"61\" data-end=\"117\">Reflector para l\u00e1mpara calefactora de aluminio para animales &#8211; \u00d8 210 mm &#8211; FDA 000030<\/strong><\/h3>\n<p data-start=\"119\" data-end=\"469\">Reflector profesional de calefacci\u00f3n, fabricado en aluminio de alta calidad con un di\u00e1metro de 210 mm. Dise\u00f1ado para garantizar una difusi\u00f3n eficiente y uniforme del calor.<\/p>\n<p data-start=\"119\" data-end=\"469\">Es ideal para aplicaciones en entornos industriales, agr\u00edcolas, ganaderos o en espacios donde sea necesario proporcionar una fuente de calor localizada de forma segura y eficaz.<\/p>\n<h4 data-start=\"471\" data-end=\"512\"><strong data-start=\"471\" data-end=\"512\">Caracter\u00edsticas t\u00e9cnicas y equipamiento:<\/strong><\/h4>\n<ul data-start=\"514\" data-end=\"1910\">\n<li data-start=\"514\" data-end=\"684\">\n<p data-start=\"516\" data-end=\"684\"><strong data-start=\"516\" data-end=\"541\">Cable de alimentaci\u00f3n<\/strong>: incluye un cable de 2,5 m de longitud que permite una conexi\u00f3n c\u00f3moda a la red el\u00e9ctrica incluso lejos de la toma.<\/p>\n<\/li>\n<li data-start=\"688\" data-end=\"849\">\n<p data-start=\"690\" data-end=\"849\"><strong data-start=\"690\" data-end=\"706\">Enchufe Schuko<\/strong>: equipado con enchufe Schuko de 16 A, 250 V con protecci\u00f3n contra salpicaduras, para un uso seguro incluso en entornos con humedad o polvo.<\/p>\n<\/li>\n<li data-start=\"851\" data-end=\"1076\">\n<p data-start=\"853\" data-end=\"1076\"><strong data-start=\"853\" data-end=\"879\">Sistema de suspensi\u00f3n<\/strong>: el reflector se suministra con una resistente cadena met\u00e1lica de 2 m de longitud para su instalaci\u00f3n suspendida. Esto permite colocarlo f\u00e1cilmente sobre el \u00e1rea a calentar. <\/p>\n<\/li>\n<li data-start=\"1078\" data-end=\"1261\">\n<p data-start=\"1080\" data-end=\"1261\"><strong data-start=\"1080\" data-end=\"1105\">Rejilla de protecci\u00f3n<\/strong>: la parte frontal est\u00e1 protegida por una rejilla met\u00e1lica que garantiza la m\u00e1xima seguridad contra el contacto directo con la fuente de calor o la l\u00e1mpara.<\/p>\n<\/li>\n<li data-start=\"1263\" data-end=\"1472\">\n<p data-start=\"1265\" data-end=\"1472\"><strong data-start=\"1265\" data-end=\"1295\">Portal\u00e1mparas de porcelana<\/strong>: incluye un robusto portal\u00e1mparas de porcelana pesada, con un di\u00e1metro de 54 mm y virola roscada. Dise\u00f1ado para resistir altas temperaturas y garantizar una larga vida \u00fatil. <\/p>\n<\/li>\n<li data-start=\"1474\" data-end=\"1572\">\n<p data-start=\"1476\" data-end=\"1572\"><strong data-start=\"1476\" data-end=\"1493\">Alimentaci\u00f3n<\/strong>: el dispositivo funciona con alimentaci\u00f3n el\u00e9ctrica est\u00e1ndar de 230 V y 50 Hz.<\/p>\n<\/li>\n<li data-start=\"1574\" data-end=\"1679\">\n<p data-start=\"1576\" data-end=\"1679\"><strong data-start=\"1576\" data-end=\"1606\">Potencia m\u00e1xima soportada<\/strong>: hasta 250 W, compatible con diversos tipos de l\u00e1mparas calefactoras.<\/p>\n<\/li>\n<li data-start=\"1681\" data-end=\"1910\">\n<p data-start=\"1683\" data-end=\"1910\"><strong data-start=\"1683\" data-end=\"1719\">Opci\u00f3n de suministro alternativa<\/strong>: bajo pedido, el reflector puede suministrarse con un enchufe m\u00f3vil CEE IP 44 y un cable de 2,80 m de longitud. Ideal para entornos que requieren mayor protecci\u00f3n contra agentes externos. <\/p>\n<\/li>\n<\/ul>\n<\/div>\n<div align=\"left\"><\/div>\n<div align=\"left\">\ud83d\udc49 Solicita precio para reventa: <a href=\"mailto:info@fdasrl.it\">PULSA AQU\u00cd<\/a><\/div>\n<div align=\"left\">\ud83d\udc49 C\u00f3mpralo en nuestra <a href=\"https:\/\/fda-shop.it\/shop\/articoli-per-allevamento\/riflettori-e-infrarossi\/riflettore-in-alluminio-fda000030-dm-cm-21-completo#\/34-accessori_e_confezioni-spina_schuko_con_griglia\" target=\"_blank\" rel=\"noopener\">tienda online<\/a><\/div>\n","protected":false},"excerpt":{"rendered":"<p>Reflector profesional de calefacci\u00f3n, fabricado en aluminio de alta calidad con un di\u00e1metro de 210 mm, dise\u00f1ado para garantizar una difusi\u00f3n eficiente y uniforme del calor.<\/p>\n","protected":false},"featured_media":319,"comment_status":"open","ping_status":"closed","template":"","meta":{"_et_pb_use_builder":"","_et_pb_old_content":"","_et_gb_content_width":""},"product_brand":[],"product_cat":[650,403,607,651],"product_tag":[1054,1055],"class_list":{"0":"post-4461","1":"product","2":"type-product","3":"status-publish","4":"has-post-thumbnail","6":"product_cat-aves","7":"product_cat-bovinos","8":"product_cat-caballos","9":"product_cat-calefaccion-para-animales","10":"product_tag-fda-000030","11":"product_tag-fda000030","13":"first","14":"instock","15":"shipping-taxable","16":"product-type-simple"},"yoast_head":"<!-- This site is optimized with the Yoast SEO Premium plugin v27.5 (Yoast SEO v27.6) - https:\/\/yoast.com\/product\/yoast-seo-premium-wordpress\/ -->\n<title>L\u00e1mpara calefactora para animales de aluminio: confort y seguridad FDA srl<\/title>\n<meta name=\"description\" content=\"Descubre nuestra l\u00e1mpara calefactora para animales, fabricada en aluminio de alta calidad para una difusi\u00f3n uniforme del calor. \u00a1Desc\u00fabrela ahora! \ud83c\udf1f\" \/>\n<meta name=\"robots\" content=\"index, follow, max-snippet:-1, max-image-preview:large, max-video-preview:-1\" \/>\n<link rel=\"canonical\" href=\"https:\/\/fdasrl.it\/es\/prodotto\/reflector-de-calefaccion-de-aluminio-o-210\/\" \/>\n<meta property=\"og:locale\" content=\"es_ES\" \/>\n<meta property=\"og:type\" content=\"article\" \/>\n<meta property=\"og:title\" content=\"Reflector de calefacci\u00f3n de aluminio \u00d8 210\" \/>\n<meta property=\"og:description\" content=\"Descubre nuestra l\u00e1mpara calefactora para animales, fabricada en aluminio de alta calidad para una difusi\u00f3n uniforme del calor. \u00a1Desc\u00fabrela ahora! \ud83c\udf1f\" \/>\n<meta property=\"og:url\" content=\"https:\/\/fdasrl.it\/es\/prodotto\/reflector-de-calefaccion-de-aluminio-o-210\/\" \/>\n<meta property=\"og:site_name\" content=\"FDA srl\" \/>\n<meta property=\"article:publisher\" content=\"https:\/\/www.facebook.com\/share\/1MWhFWg1Tp\/?mibextid=LQQJ4d\" \/>\n<meta property=\"og:image\" content=\"https:\/\/fdasrl.it\/wp-content\/uploads\/2025\/01\/FDA-000030.jpg\" \/>\n\t<meta property=\"og:image:width\" content=\"800\" \/>\n\t<meta property=\"og:image:height\" content=\"607\" \/>\n\t<meta property=\"og:image:type\" content=\"image\/jpeg\" \/>\n<meta name=\"twitter:card\" content=\"summary_large_image\" \/>\n<meta name=\"twitter:label1\" content=\"Precio\" \/>\n\t<meta name=\"twitter:data1\" content=\"\" \/>\n\t<meta name=\"twitter:label2\" content=\"Disponibilidad\" \/>\n\t<meta name=\"twitter:data2\" content=\"Disponible\" \/>\n<meta property=\"product:price:currency\" content=\"EUR\" \/>\n<meta property=\"og:availability\" content=\"instock\" \/>\n<meta property=\"product:availability\" content=\"instock\" \/>\n<meta property=\"product:retailer_item_id\" content=\"FDA-000030\" \/>\n<meta property=\"product:condition\" content=\"new\" \/>\n<!-- \/ Yoast SEO Premium plugin. -->","yoast_head_json":{"title":"L\u00e1mpara calefactora para animales de aluminio: confort y seguridad FDA srl","description":"Descubre nuestra l\u00e1mpara calefactora para animales, fabricada en aluminio de alta calidad para una difusi\u00f3n uniforme del calor. \u00a1Desc\u00fabrela ahora! \ud83c\udf1f","robots":{"index":"index","follow":"follow","max-snippet":"max-snippet:-1","max-image-preview":"max-image-preview:large","max-video-preview":"max-video-preview:-1"},"canonical":"https:\/\/fdasrl.it\/es\/prodotto\/reflector-de-calefaccion-de-aluminio-o-210\/","og_locale":"es_ES","og_type":"article","og_title":"Reflector de calefacci\u00f3n de aluminio \u00d8 210","og_description":"Descubre nuestra l\u00e1mpara calefactora para animales, fabricada en aluminio de alta calidad para una difusi\u00f3n uniforme del calor. \u00a1Desc\u00fabrela ahora! \ud83c\udf1f","og_url":"https:\/\/fdasrl.it\/es\/prodotto\/reflector-de-calefaccion-de-aluminio-o-210\/","og_site_name":"FDA srl","article_publisher":"https:\/\/www.facebook.com\/share\/1MWhFWg1Tp\/?mibextid=LQQJ4d","og_image":[{"width":800,"height":607,"url":"https:\/\/fdasrl.it\/wp-content\/uploads\/2025\/01\/FDA-000030.jpg","type":"image\/jpeg"}],"twitter_card":"summary_large_image","twitter_misc":{"Precio":"","Disponibilidad":"Disponible"},"schema":{"@context":"https:\/\/schema.org","@graph":[{"@type":"WebPage","@id":"https:\/\/fdasrl.it\/es\/prodotto\/reflector-de-calefaccion-de-aluminio-o-210\/","url":"https:\/\/fdasrl.it\/es\/prodotto\/reflector-de-calefaccion-de-aluminio-o-210\/","name":"L\u00e1mpara calefactora para animales de aluminio: confort y seguridad FDA srl","isPartOf":{"@id":"https:\/\/fdasrl.it\/es\/#website"},"primaryImageOfPage":{"@id":"https:\/\/fdasrl.it\/es\/prodotto\/reflector-de-calefaccion-de-aluminio-o-210\/#primaryimage"},"image":{"@id":"https:\/\/fdasrl.it\/es\/prodotto\/reflector-de-calefaccion-de-aluminio-o-210\/#primaryimage"},"thumbnailUrl":"https:\/\/fdasrl.it\/wp-content\/uploads\/2025\/01\/FDA-000030.jpg","datePublished":"2025-01-20T10:44:10+00:00","description":"Descubre nuestra l\u00e1mpara calefactora para animales, fabricada en aluminio de alta calidad para una difusi\u00f3n uniforme del calor. \u00a1Desc\u00fabrela ahora! \ud83c\udf1f","breadcrumb":{"@id":"https:\/\/fdasrl.it\/es\/prodotto\/reflector-de-calefaccion-de-aluminio-o-210\/#breadcrumb"},"inLanguage":"es","potentialAction":[{"@type":"ReadAction","target":["https:\/\/fdasrl.it\/es\/prodotto\/reflector-de-calefaccion-de-aluminio-o-210\/"]}]},{"@type":"ImageObject","inLanguage":"es","@id":"https:\/\/fdasrl.it\/es\/prodotto\/reflector-de-calefaccion-de-aluminio-o-210\/#primaryimage","url":"https:\/\/fdasrl.it\/wp-content\/uploads\/2025\/01\/FDA-000030.jpg","contentUrl":"https:\/\/fdasrl.it\/wp-content\/uploads\/2025\/01\/FDA-000030.jpg","width":800,"height":607,"caption":"Lampada riscaldante pr animali in alluminio"},{"@type":"BreadcrumbList","@id":"https:\/\/fdasrl.it\/es\/prodotto\/reflector-de-calefaccion-de-aluminio-o-210\/#breadcrumb","itemListElement":[{"@type":"ListItem","position":1,"name":"Home","item":"https:\/\/fdasrl.it\/es\/inicio\/"},{"@type":"ListItem","position":2,"name":"Tienda","item":"https:\/\/fdasrl.it\/es\/tienda\/"},{"@type":"ListItem","position":3,"name":"Reflector de calefacci\u00f3n de aluminio \u00d8 210"}]},{"@type":"WebSite","@id":"https:\/\/fdasrl.it\/es\/#website","url":"https:\/\/fdasrl.it\/es\/","name":"FDA srl","description":"Equipment for animal husbandry","publisher":{"@id":"https:\/\/fdasrl.it\/es\/#organization"},"potentialAction":[{"@type":"SearchAction","target":{"@type":"EntryPoint","urlTemplate":"https:\/\/fdasrl.it\/es\/?s={search_term_string}"},"query-input":{"@type":"PropertyValueSpecification","valueRequired":true,"valueName":"search_term_string"}}],"inLanguage":"es"},{"@type":"Organization","@id":"https:\/\/fdasrl.it\/es\/#organization","name":"FDA srl","url":"https:\/\/fdasrl.it\/es\/","logo":{"@type":"ImageObject","inLanguage":"es","@id":"https:\/\/fdasrl.it\/es\/#\/schema\/logo\/image\/","url":"https:\/\/fdasrl.it\/wp-content\/uploads\/2024\/12\/Logo-FDA.png","contentUrl":"https:\/\/fdasrl.it\/wp-content\/uploads\/2024\/12\/Logo-FDA.png","width":316,"height":119,"caption":"FDA srl"},"image":{"@id":"https:\/\/fdasrl.it\/es\/#\/schema\/logo\/image\/"},"sameAs":["https:\/\/www.facebook.com\/share\/1MWhFWg1Tp\/?mibextid=LQQJ4d","https:\/\/www.instagram.com\/fda_srl\/profilecard\/?igsh=YW5lbzJ6MWg0d21u","https:\/\/www.youtube.com\/@FDASRL_ANIMALCARE"],"description":"FDA SRL \u2013 Equipment for animal husbandry nasce con l\u2019obiettivo di offrire soluzioni affidabili e innovative per l\u2019allevamento moderno. Con anni di esperienza nel settore zootecnico, progettiamo e realizziamo attrezzature destinate al benessere animale e alla gestione efficiente delle stalle: vasche, abbeveratoi, mangiatoie e sistemi di riscaldamento pensati per durare nel tempo e semplificare il lavoro quotidiano degli allevatori. Dalla progettazione alla produzione, ogni nostro prodotto \u00e8 studiato nei minimi dettagli, testato con cura e costruito per rispondere alle esigenze reali del settore. La nostra forza \u00e8 unire artigianalit\u00e0, tecnologia e competenza tecnica per trasformare ogni progetto in una soluzione concreta e funzionale. Oggi FDA SRL \u00e8 un punto di riferimento per privati e rivenditori che cercano qualit\u00e0, affidabilit\u00e0 e innovazione nelle attrezzature per l\u2019allevamento.","email":"info@fdasrl.it","telephone":"+390522826820","legalName":"F.D.A. SRL","foundingDate":"2024-10-13","vatID":"03075840359","taxID":"03075840359","numberOfEmployees":{"@type":"QuantitativeValue","minValue":"1","maxValue":"10"}}]},"product_price_currency":"EUR","og_availability":"instock","product_availability":"instock","product_retailer_item_id":"FDA-000030","product_condition":"new"},"_links":{"self":[{"href":"https:\/\/fdasrl.it\/es\/wp-json\/wp\/v2\/product\/4461","targetHints":{"allow":["GET"]}}],"collection":[{"href":"https:\/\/fdasrl.it\/es\/wp-json\/wp\/v2\/product"}],"about":[{"href":"https:\/\/fdasrl.it\/es\/wp-json\/wp\/v2\/types\/product"}],"replies":[{"embeddable":true,"href":"https:\/\/fdasrl.it\/es\/wp-json\/wp\/v2\/comments?post=4461"}],"wp:featuredmedia":[{"embeddable":true,"href":"https:\/\/fdasrl.it\/es\/wp-json\/wp\/v2\/media\/319"}],"wp:attachment":[{"href":"https:\/\/fdasrl.it\/es\/wp-json\/wp\/v2\/media?parent=4461"}],"wp:term":[{"taxonomy":"product_brand","embeddable":true,"href":"https:\/\/fdasrl.it\/es\/wp-json\/wp\/v2\/product_brand?post=4461"},{"taxonomy":"product_cat","embeddable":true,"href":"https:\/\/fdasrl.it\/es\/wp-json\/wp\/v2\/product_cat?post=4461"},{"taxonomy":"product_tag","embeddable":true,"href":"https:\/\/fdasrl.it\/es\/wp-json\/wp\/v2\/product_tag?post=4461"}],"curies":[{"name":"wp","href":"https:\/\/api.w.org\/{rel}","templated":true}]}}