{"id":4567,"date":"2025-01-20T11:18:23","date_gmt":"2025-01-20T10:18:23","guid":{"rendered":"https:\/\/fdasrl.it\/prodotto\/soporte-inox-reforzado-para-bebederos-de-chupete\/"},"modified":"2025-01-20T11:18:23","modified_gmt":"2025-01-20T10:18:23","slug":"soporte-inox-reforzado-para-bebederos-de-chupete","status":"publish","type":"product","link":"https:\/\/fdasrl.it\/es\/prodotto\/soporte-inox-reforzado-para-bebederos-de-chupete\/","title":{"rendered":"Soporte inox reforzado para bebederos de chupete"},"content":{"rendered":"<h1 data-start=\"263\" data-end=\"620\">Soporte inox reforzado, tipo pesado para bebederos de chupete<\/h1>\n<p data-start=\"263\" data-end=\"620\">El <strong data-start=\"266\" data-end=\"337\">soporte reforzado fijo con placa de pared para bebedero autom\u00e1tico porcino<\/strong> es una soluci\u00f3n pr\u00e1ctica y resistente. Est\u00e1 dise\u00f1ado para garantizar estabilidad y larga duraci\u00f3n en las instalaciones de abrevadero. Fabricado \u00edntegramente en <strong data-start=\"482\" data-end=\"514\">acero inoxidable de alta calidad<\/strong>, ofrece una elevada resistencia a la corrosi\u00f3n y a las solicitaciones t\u00edpicas de las explotaciones intensivas.  <\/p>\n<p data-start=\"622\" data-end=\"1034\">Gracias a la <strong data-start=\"634\" data-end=\"663\">placa de pared reforzada<\/strong>, el soporte asegura una fijaci\u00f3n s\u00f3lida y segura. Adem\u00e1s, reduce el riesgo de movimientos o da\u00f1os incluso con un uso frecuente por parte de los animales. La <strong data-start=\"825\" data-end=\"850\">conexi\u00f3n de agua de 1\/2&#8243;<\/strong> est\u00e1 inclinada a <strong data-start=\"865\" data-end=\"872\">25\u00b0<\/strong>. Esta caracter\u00edstica favorece un correcto flujo del agua y mejora la ergonom\u00eda para los cerdos, garantizando un acceso f\u00e1cil y natural al bebedero.   <\/p>\n<p data-start=\"1036\" data-end=\"1385\">Este soporte es compatible con los principales modelos de <strong data-start=\"1094\" data-end=\"1130\">bebederos autom\u00e1ticos para porcino<\/strong>. Esto lo convierte en una opci\u00f3n vers\u00e1til tanto para nuevas instalaciones como para sustituciones o modernizaciones de las instalaciones existentes. La estructura en acero inoxidable facilita adem\u00e1s la limpieza y el mantenimiento, asegurando un nivel higi\u00e9nico siempre \u00f3ptimo.  <\/p>\n<h3 data-start=\"1387\" data-end=\"1415\">\u2705 Ventajas principales:<\/h3>\n<ul data-start=\"1416\" data-end=\"1697\">\n<li data-start=\"1416\" data-end=\"1459\">\n<p data-start=\"1418\" data-end=\"1459\">Construcci\u00f3n robusta en <strong data-start=\"1441\" data-end=\"1457\">acero inoxidable<\/strong><\/p>\n<\/li>\n<li data-start=\"1460\" data-end=\"1516\">\n<p data-start=\"1462\" data-end=\"1516\"><strong data-start=\"1462\" data-end=\"1480\">Placa de pared<\/strong> para una fijaci\u00f3n estable y segura<\/p>\n<\/li>\n<li data-start=\"1517\" data-end=\"1591\">\n<p data-start=\"1519\" data-end=\"1591\"><strong data-start=\"1519\" data-end=\"1557\">Conexi\u00f3n de agua 1\/2&#8243; inclinada a 25\u00b0<\/strong> para una instalaci\u00f3n ergon\u00f3mica<\/p>\n<\/li>\n<li data-start=\"1592\" data-end=\"1655\">\n<p data-start=\"1594\" data-end=\"1655\">Compatibilidad con diversos modelos de bebederos autom\u00e1ticos<\/p>\n<\/li>\n<li data-start=\"1656\" data-end=\"1697\">\n<p data-start=\"1658\" data-end=\"1697\">F\u00e1cil de montar, limpiar y mantener<\/p>\n<\/li>\n<\/ul>\n<p data-start=\"1699\" data-end=\"1872\">El soporte fijo con placa de pared representa una elecci\u00f3n fiable para quien busca un accesorio duradero y funcional para su <strong data-start=\"1835\" data-end=\"1869\">instalaci\u00f3n de abrevadero porcino<\/strong>.<\/p>\n","protected":false},"excerpt":{"rendered":"<p>Soporte fijo con <strong data-start=\"919\" data-end=\"953\">placa de pared en acero inoxidable reforzado, modelo \u00abpesado\u00bb<\/strong> est\u00e1 dise\u00f1ado para la instalaci\u00f3n de <strong data-start=\"989\" data-end=\"1025\">bebederos autom\u00e1ticos para porcino<\/strong>. Dotado de <strong data-start=\"1037\" data-end=\"1062\">conexi\u00f3n de agua de 1\/2&#8243;<\/strong> con <strong data-start=\"1067\" data-end=\"1084\">\u00e1ngulo de 25\u00b0<\/strong>, garantiza solidez, resistencia a la corrosi\u00f3n y practicidad de montaje. Ideal para explotaciones porcinas que requieren soluciones fiables y duraderas.  <\/p>\n","protected":false},"featured_media":299,"comment_status":"open","ping_status":"closed","template":"","meta":{"_et_pb_use_builder":"","_et_pb_old_content":"","_et_gb_content_width":""},"product_brand":[],"product_cat":[772,648,1088],"product_tag":[1089],"class_list":{"0":"post-4567","1":"product","2":"type-product","3":"status-publish","4":"has-post-thumbnail","6":"product_cat-bebederos-3","7":"product_cat-cerdos","8":"product_cat-soportes-para-bebederos","9":"product_tag-fda-000008","11":"first","12":"instock","13":"shipping-taxable","14":"product-type-simple"},"yoast_head":"<!-- This site is optimized with the Yoast SEO Premium plugin v27.5 (Yoast SEO v27.5) - https:\/\/yoast.com\/product\/yoast-seo-premium-wordpress\/ -->\n<title>Soporte reforzado para bebedero autom\u00e1tico porcino \u2013 Alta Calidad<\/title>\n<meta name=\"description\" content=\"Descubre nuestro soporte reforzado para bebedero autom\u00e1tico porcino, fabricado en acero inoxidable de alta calidad. \u00a1Garantiza estabilidad y durabilidad!\" \/>\n<meta name=\"robots\" content=\"index, follow, max-snippet:-1, max-image-preview:large, max-video-preview:-1\" \/>\n<link rel=\"canonical\" href=\"https:\/\/fdasrl.it\/es\/prodotto\/soporte-inox-reforzado-para-bebederos-de-chupete\/\" \/>\n<meta property=\"og:locale\" content=\"es_ES\" \/>\n<meta property=\"og:type\" content=\"article\" \/>\n<meta property=\"og:title\" content=\"Soporte inox reforzado para bebederos de chupete\" \/>\n<meta property=\"og:description\" content=\"Descubre nuestro soporte reforzado para bebedero autom\u00e1tico porcino, fabricado en acero inoxidable de alta calidad. \u00a1Garantiza estabilidad y durabilidad!\" \/>\n<meta property=\"og:url\" content=\"https:\/\/fdasrl.it\/es\/prodotto\/soporte-inox-reforzado-para-bebederos-de-chupete\/\" \/>\n<meta property=\"og:site_name\" content=\"FDA srl\" \/>\n<meta property=\"article:publisher\" content=\"https:\/\/www.facebook.com\/share\/1MWhFWg1Tp\/?mibextid=LQQJ4d\" \/>\n<meta property=\"og:image\" content=\"https:\/\/fdasrl.it\/wp-content\/uploads\/2025\/01\/FDA-00008-25_1.jpg\" \/>\n\t<meta property=\"og:image:width\" content=\"800\" \/>\n\t<meta property=\"og:image:height\" content=\"640\" \/>\n\t<meta property=\"og:image:type\" content=\"image\/jpeg\" \/>\n<meta name=\"twitter:card\" content=\"summary_large_image\" \/>\n<meta name=\"twitter:label1\" content=\"Precio\" \/>\n\t<meta name=\"twitter:data1\" content=\"\" \/>\n\t<meta name=\"twitter:label2\" content=\"Disponibilidad\" \/>\n\t<meta name=\"twitter:data2\" content=\"Disponible\" \/>\n<meta property=\"product:price:currency\" content=\"EUR\" \/>\n<meta property=\"og:availability\" content=\"instock\" \/>\n<meta property=\"product:availability\" content=\"instock\" \/>\n<meta property=\"product:retailer_item_id\" content=\"FDA-000008\" \/>\n<meta property=\"product:condition\" content=\"new\" \/>\n<!-- \/ Yoast SEO Premium plugin. -->","yoast_head_json":{"title":"Soporte reforzado para bebedero autom\u00e1tico porcino \u2013 Alta Calidad","description":"Descubre nuestro soporte reforzado para bebedero autom\u00e1tico porcino, fabricado en acero inoxidable de alta calidad. \u00a1Garantiza estabilidad y durabilidad!","robots":{"index":"index","follow":"follow","max-snippet":"max-snippet:-1","max-image-preview":"max-image-preview:large","max-video-preview":"max-video-preview:-1"},"canonical":"https:\/\/fdasrl.it\/es\/prodotto\/soporte-inox-reforzado-para-bebederos-de-chupete\/","og_locale":"es_ES","og_type":"article","og_title":"Soporte inox reforzado para bebederos de chupete","og_description":"Descubre nuestro soporte reforzado para bebedero autom\u00e1tico porcino, fabricado en acero inoxidable de alta calidad. \u00a1Garantiza estabilidad y durabilidad!","og_url":"https:\/\/fdasrl.it\/es\/prodotto\/soporte-inox-reforzado-para-bebederos-de-chupete\/","og_site_name":"FDA srl","article_publisher":"https:\/\/www.facebook.com\/share\/1MWhFWg1Tp\/?mibextid=LQQJ4d","og_image":[{"width":800,"height":640,"url":"https:\/\/fdasrl.it\/wp-content\/uploads\/2025\/01\/FDA-00008-25_1.jpg","type":"image\/jpeg"}],"twitter_card":"summary_large_image","twitter_misc":{"Precio":"","Disponibilidad":"Disponible"},"schema":{"@context":"https:\/\/schema.org","@graph":[{"@type":"WebPage","@id":"https:\/\/fdasrl.it\/es\/prodotto\/soporte-inox-reforzado-para-bebederos-de-chupete\/","url":"https:\/\/fdasrl.it\/es\/prodotto\/soporte-inox-reforzado-para-bebederos-de-chupete\/","name":"Soporte reforzado para bebedero autom\u00e1tico porcino \u2013 Alta Calidad","isPartOf":{"@id":"https:\/\/fdasrl.it\/es\/#website"},"primaryImageOfPage":{"@id":"https:\/\/fdasrl.it\/es\/prodotto\/soporte-inox-reforzado-para-bebederos-de-chupete\/#primaryimage"},"image":{"@id":"https:\/\/fdasrl.it\/es\/prodotto\/soporte-inox-reforzado-para-bebederos-de-chupete\/#primaryimage"},"thumbnailUrl":"https:\/\/fdasrl.it\/wp-content\/uploads\/2025\/01\/FDA-00008-25_1.jpg","datePublished":"2025-01-20T10:18:23+00:00","description":"Descubre nuestro soporte reforzado para bebedero autom\u00e1tico porcino, fabricado en acero inoxidable de alta calidad. \u00a1Garantiza estabilidad y durabilidad!","breadcrumb":{"@id":"https:\/\/fdasrl.it\/es\/prodotto\/soporte-inox-reforzado-para-bebederos-de-chupete\/#breadcrumb"},"inLanguage":"es","potentialAction":[{"@type":"ReadAction","target":["https:\/\/fdasrl.it\/es\/prodotto\/soporte-inox-reforzado-para-bebederos-de-chupete\/"]}]},{"@type":"ImageObject","inLanguage":"es","@id":"https:\/\/fdasrl.it\/es\/prodotto\/soporte-inox-reforzado-para-bebederos-de-chupete\/#primaryimage","url":"https:\/\/fdasrl.it\/wp-content\/uploads\/2025\/01\/FDA-00008-25_1.jpg","contentUrl":"https:\/\/fdasrl.it\/wp-content\/uploads\/2025\/01\/FDA-00008-25_1.jpg","width":800,"height":640,"caption":"Soporte inox para bebedero porcino"},{"@type":"BreadcrumbList","@id":"https:\/\/fdasrl.it\/es\/prodotto\/soporte-inox-reforzado-para-bebederos-de-chupete\/#breadcrumb","itemListElement":[{"@type":"ListItem","position":1,"name":"Home","item":"https:\/\/fdasrl.it\/es\/inicio\/"},{"@type":"ListItem","position":2,"name":"Tienda","item":"https:\/\/fdasrl.it\/es\/tienda\/"},{"@type":"ListItem","position":3,"name":"Soporte inox reforzado para bebederos de chupete"}]},{"@type":"WebSite","@id":"https:\/\/fdasrl.it\/es\/#website","url":"https:\/\/fdasrl.it\/es\/","name":"FDA srl","description":"Equipment for animal husbandry","publisher":{"@id":"https:\/\/fdasrl.it\/es\/#organization"},"potentialAction":[{"@type":"SearchAction","target":{"@type":"EntryPoint","urlTemplate":"https:\/\/fdasrl.it\/es\/?s={search_term_string}"},"query-input":{"@type":"PropertyValueSpecification","valueRequired":true,"valueName":"search_term_string"}}],"inLanguage":"es"},{"@type":"Organization","@id":"https:\/\/fdasrl.it\/es\/#organization","name":"FDA srl","url":"https:\/\/fdasrl.it\/es\/","logo":{"@type":"ImageObject","inLanguage":"es","@id":"https:\/\/fdasrl.it\/es\/#\/schema\/logo\/image\/","url":"https:\/\/fdasrl.it\/wp-content\/uploads\/2024\/12\/Logo-FDA.png","contentUrl":"https:\/\/fdasrl.it\/wp-content\/uploads\/2024\/12\/Logo-FDA.png","width":316,"height":119,"caption":"FDA srl"},"image":{"@id":"https:\/\/fdasrl.it\/es\/#\/schema\/logo\/image\/"},"sameAs":["https:\/\/www.facebook.com\/share\/1MWhFWg1Tp\/?mibextid=LQQJ4d","https:\/\/www.instagram.com\/fda_srl\/profilecard\/?igsh=YW5lbzJ6MWg0d21u","https:\/\/www.youtube.com\/@FDASRL_ANIMALCARE"],"description":"FDA SRL \u2013 Equipment for animal husbandry nasce con l\u2019obiettivo di offrire soluzioni affidabili e innovative per l\u2019allevamento moderno. Con anni di esperienza nel settore zootecnico, progettiamo e realizziamo attrezzature destinate al benessere animale e alla gestione efficiente delle stalle: vasche, abbeveratoi, mangiatoie e sistemi di riscaldamento pensati per durare nel tempo e semplificare il lavoro quotidiano degli allevatori. Dalla progettazione alla produzione, ogni nostro prodotto \u00e8 studiato nei minimi dettagli, testato con cura e costruito per rispondere alle esigenze reali del settore. La nostra forza \u00e8 unire artigianalit\u00e0, tecnologia e competenza tecnica per trasformare ogni progetto in una soluzione concreta e funzionale. Oggi FDA SRL \u00e8 un punto di riferimento per privati e rivenditori che cercano qualit\u00e0, affidabilit\u00e0 e innovazione nelle attrezzature per l\u2019allevamento.","email":"info@fdasrl.it","telephone":"+390522826820","legalName":"F.D.A. SRL","foundingDate":"2024-10-13","vatID":"03075840359","taxID":"03075840359","numberOfEmployees":{"@type":"QuantitativeValue","minValue":"1","maxValue":"10"}}]},"product_price_currency":"EUR","og_availability":"instock","product_availability":"instock","product_retailer_item_id":"FDA-000008","product_condition":"new"},"_links":{"self":[{"href":"https:\/\/fdasrl.it\/es\/wp-json\/wp\/v2\/product\/4567","targetHints":{"allow":["GET"]}}],"collection":[{"href":"https:\/\/fdasrl.it\/es\/wp-json\/wp\/v2\/product"}],"about":[{"href":"https:\/\/fdasrl.it\/es\/wp-json\/wp\/v2\/types\/product"}],"replies":[{"embeddable":true,"href":"https:\/\/fdasrl.it\/es\/wp-json\/wp\/v2\/comments?post=4567"}],"wp:featuredmedia":[{"embeddable":true,"href":"https:\/\/fdasrl.it\/es\/wp-json\/wp\/v2\/media\/299"}],"wp:attachment":[{"href":"https:\/\/fdasrl.it\/es\/wp-json\/wp\/v2\/media?parent=4567"}],"wp:term":[{"taxonomy":"product_brand","embeddable":true,"href":"https:\/\/fdasrl.it\/es\/wp-json\/wp\/v2\/product_brand?post=4567"},{"taxonomy":"product_cat","embeddable":true,"href":"https:\/\/fdasrl.it\/es\/wp-json\/wp\/v2\/product_cat?post=4567"},{"taxonomy":"product_tag","embeddable":true,"href":"https:\/\/fdasrl.it\/es\/wp-json\/wp\/v2\/product_tag?post=4567"}],"curies":[{"name":"wp","href":"https:\/\/api.w.org\/{rel}","templated":true}]}}