{"id":4623,"date":"2025-01-20T16:21:20","date_gmt":"2025-01-20T15:21:20","guid":{"rendered":"https:\/\/fdasrl.it\/prodotto\/bebedero-automatico-de-acero-inoxidable-con-bola-regulable\/"},"modified":"2025-01-20T16:21:20","modified_gmt":"2025-01-20T15:21:20","slug":"bebedero-automatico-de-acero-inoxidable-con-bola-regulable","status":"publish","type":"product","link":"https:\/\/fdasrl.it\/es\/prodotto\/bebedero-automatico-de-acero-inoxidable-con-bola-regulable\/","title":{"rendered":"Bebedero autom\u00e1tico de acero inoxidable con bola regulable"},"content":{"rendered":"<h3>Bebedero autom\u00e1tico de acero inoxidable con bola regulable<\/h3>\n<h4 data-start=\"564\" data-end=\"918\">El bebedero autom\u00e1tico de <strong data-start=\"593\" data-end=\"618\">acero inoxidable AISI 304<\/strong> est\u00e1 dise\u00f1ado para garantizar <strong data-start=\"646\" data-end=\"679\">higiene, durabilidad y funcionalidad<\/strong> en entornos ganaderos y dom\u00e9sticos.<\/h4>\n<p data-start=\"564\" data-end=\"918\">Ideal para <strong data-start=\"727\" data-end=\"769\">perros, terneros, caballos, cabras y ovejas<\/strong>, est\u00e1 equipado con un sistema de <strong data-start=\"796\" data-end=\"816\">nivel constante<\/strong> con <strong data-start=\"821\" data-end=\"863\">v\u00e1lvula de flotador regulable FAR15 en ABS<\/strong>, que asegura un flujo de agua fiable y continuo.<\/p>\n<p data-start=\"920\" data-end=\"1105\">La <strong data-start=\"923\" data-end=\"948\">tapa abatible<\/strong> permite un acceso c\u00f3modo para el mantenimiento interno, mientras que el <strong data-start=\"1015\" data-end=\"1051\">tap\u00f3n de desag\u00fce roscado M12x1<\/strong> en el fondo permite una <strong data-start=\"1075\" data-end=\"1104\">limpieza r\u00e1pida y completa<\/strong>.<\/p>\n<p data-start=\"1107\" data-end=\"1371\">La entrada de agua con <strong data-start=\"1128\" data-end=\"1147\">conexi\u00f3n de 1\/2&#8243;<\/strong> es montable desde ambos lados para m\u00e1xima flexibilidad de instalaci\u00f3n. La <strong data-start=\"1228\" data-end=\"1259\">bola regulable en altura<\/strong> y el <strong data-start=\"1265\" data-end=\"1288\">prefiltro integrado<\/strong> garantizan un funcionamiento eficiente incluso en presencia de impurezas en el agua. <\/p>\n<hr data-start=\"1373\" data-end=\"1376\">\n<h3 data-start=\"1378\" data-end=\"1414\">\u2699\ufe0f <strong data-start=\"1385\" data-end=\"1414\">Caracter\u00edsticas t\u00e9cnicas:<\/strong><\/h3>\n<ul data-start=\"1416\" data-end=\"1853\">\n<li data-start=\"1416\" data-end=\"1474\">\n<p data-start=\"1418\" data-end=\"1474\"><strong data-start=\"1418\" data-end=\"1431\">Material<\/strong>: acero inoxidable AISI 304 (espesor 1,2 mm)<\/p>\n<\/li>\n<li data-start=\"1475\" data-end=\"1537\">\n<p data-start=\"1477\" data-end=\"1537\"><strong data-start=\"1477\" data-end=\"1501\">V\u00e1lvula de flotador<\/strong>: regulable, en ABS con prefiltro FAR15 <a href=\"https:\/\/fdasrl.it\/es\/prodotto\/flotador-para-bebedero-con-prefiltro-1-2-far15\/\">(para recambio haz clic aqu\u00ed)<\/a><\/p>\n<\/li>\n<li data-start=\"1538\" data-end=\"1596\">\n<p data-start=\"1540\" data-end=\"1596\"><strong data-start=\"1540\" data-end=\"1555\">Cuerpo de bola<\/strong>: en pl\u00e1stico PE, regulable en altura<\/p>\n<\/li>\n<li data-start=\"1597\" data-end=\"1639\">\n<p data-start=\"1599\" data-end=\"1639\"><strong data-start=\"1599\" data-end=\"1616\">Caudal de agua<\/strong>: 6,5 L\/min a 2\u20133 bar<\/p>\n<\/li>\n<li data-start=\"1640\" data-end=\"1677\">\n<p data-start=\"1642\" data-end=\"1677\"><strong data-start=\"1642\" data-end=\"1664\">Capacidad de la cazoleta<\/strong>: 2,5 litros<\/p>\n<\/li>\n<li data-start=\"1678\" data-end=\"1738\">\n<p data-start=\"1680\" data-end=\"1738\"><strong data-start=\"1680\" data-end=\"1697\">Conexi\u00f3n de agua<\/strong>: \u00d8 1\/2&#8243; (montable en ambos lados)<\/p>\n<\/li>\n<li data-start=\"1739\" data-end=\"1777\">\n<p data-start=\"1741\" data-end=\"1777\"><strong data-start=\"1741\" data-end=\"1752\">Desag\u00fce<\/strong>: tap\u00f3n roscado M12x1<\/p>\n<\/li>\n<li data-start=\"1778\" data-end=\"1805\">\n<p data-start=\"1780\" data-end=\"1805\"><strong data-start=\"1780\" data-end=\"1793\">Fijaci\u00f3n<\/strong>: a pared<\/p>\n<\/li>\n<li data-start=\"1806\" data-end=\"1853\">\n<p data-start=\"1808\" data-end=\"1853\"><strong data-start=\"1808\" data-end=\"1822\">Dimensiones<\/strong>: 27 \u00d7 25,5 \u00d7 12 cm (L \u00d7 P \u00d7 H)<\/p>\n<\/li>\n<li data-start=\"1806\" data-end=\"1853\">SOPORTES COMPATIBLES <a href=\"https:\/\/fdasrl.it\/es\/prodotto\/soporte-angular-universal-para-bebederos-far22\/\">FAR22 (VER AQU\u00cd)<\/a> Y <a href=\"https:\/\/fdasrl.it\/es\/prodotto\/soporte-de-suelo-universal-far-23-para-bebederos\/\">FAR 23 (VER AQU\u00cd)<\/a><\/li>\n<\/ul>\n<hr data-start=\"1855\" data-end=\"1858\">\n<p data-start=\"1860\" data-end=\"2015\">\u2705 Adecuado para uso ganadero, granjas, perreras, paddocks y cercados.<br data-start=\"1928\" data-end=\"1931\">\ud83d\udee0\ufe0f Fabricado con materiales resistentes e higi\u00e9nicos, para un uso intensivo y duradero.<\/p>\n<p data-start=\"1860\" data-end=\"2015\">\ud83d\udc49 Solicita precio para reventa: <a href=\"mailto:info@fdasrl.it\">PULSA AQU\u00cd<\/a><\/p>\n<p>Solicita informaci\u00f3n en nuestra p\u00e1gina de contacto (<a href=\"https:\/\/fdasrl.it\/es\/contacto\/\">PULSA AQU\u00cd<\/a>) o c\u00f3mpralo en nuestro  <a href=\"https:\/\/fda-shop.it\/shop\/articoli-per-allevamento\/abbeveratoi\/abbeveratoio-automatico-inox-vitelli-cavalli-capre-pecore\" target=\"_blank\" rel=\"noopener\">tienda online<\/a><\/p>\n","protected":false},"excerpt":{"rendered":"<p>Bebedero de acero inoxidable de 2,5 L con v\u00e1lvula de flotador regulable, bola PE y desag\u00fce r\u00e1pido. Para perros, terneros, caballos, cabras y ovejas. <\/p>\n","protected":false},"featured_media":339,"comment_status":"open","ping_status":"closed","template":"","meta":{"_et_pb_use_builder":"","_et_pb_old_content":"","_et_gb_content_width":""},"product_brand":[],"product_cat":[516,552,403,607,420],"product_tag":[1101,1102],"class_list":{"0":"post-4623","1":"product","2":"type-product","3":"status-publish","4":"has-post-thumbnail","6":"product_cat-bebederos","7":"product_cat-bebederos-2","8":"product_cat-bovinos","9":"product_cat-caballos","10":"product_cat-ovinos-y-caprinos","11":"product_tag-fa-ag-inox","12":"product_tag-faag-inox","14":"first","15":"instock","16":"shipping-taxable","17":"product-type-simple"},"yoast_head":"<!-- This site is optimized with the Yoast SEO Premium plugin v27.5 (Yoast SEO v27.6) - https:\/\/yoast.com\/product\/yoast-seo-premium-wordpress\/ -->\n<title>Bebedero autom\u00e1tico de acero inoxidable con bola regulable - FDA srl<\/title>\n<meta name=\"description\" content=\"Bebedero de acero inoxidable de 2,5 L con v\u00e1lvula de flotador regulable, bola PE y desag\u00fce r\u00e1pido. Para perros, terneros, caballos, cabras y ovejas.\" \/>\n<meta name=\"robots\" content=\"index, follow, max-snippet:-1, max-image-preview:large, max-video-preview:-1\" \/>\n<link rel=\"canonical\" href=\"https:\/\/fdasrl.it\/es\/prodotto\/bebedero-automatico-de-acero-inoxidable-con-bola-regulable\/\" \/>\n<meta property=\"og:locale\" content=\"es_ES\" \/>\n<meta property=\"og:type\" content=\"article\" \/>\n<meta property=\"og:title\" content=\"Bebedero autom\u00e1tico de acero inoxidable con bola regulable\" \/>\n<meta property=\"og:description\" content=\"Bebedero de acero inoxidable de 2,5 L con v\u00e1lvula de flotador regulable, bola PE y desag\u00fce r\u00e1pido. Para perros, terneros, caballos, cabras y ovejas.\" \/>\n<meta property=\"og:url\" content=\"https:\/\/fdasrl.it\/es\/prodotto\/bebedero-automatico-de-acero-inoxidable-con-bola-regulable\/\" \/>\n<meta property=\"og:site_name\" content=\"FDA srl\" \/>\n<meta property=\"article:publisher\" content=\"https:\/\/www.facebook.com\/share\/1MWhFWg1Tp\/?mibextid=LQQJ4d\" \/>\n<meta property=\"og:image\" content=\"https:\/\/fdasrl.it\/wp-content\/uploads\/2025\/01\/FA-AG-INOX_1.jpg\" \/>\n\t<meta property=\"og:image:width\" content=\"668\" \/>\n\t<meta property=\"og:image:height\" content=\"501\" \/>\n\t<meta property=\"og:image:type\" content=\"image\/jpeg\" \/>\n<meta name=\"twitter:card\" content=\"summary_large_image\" \/>\n<meta name=\"twitter:label1\" content=\"Precio\" \/>\n\t<meta name=\"twitter:data1\" content=\"\" \/>\n\t<meta name=\"twitter:label2\" content=\"Disponibilidad\" \/>\n\t<meta name=\"twitter:data2\" content=\"Disponible\" \/>\n<meta property=\"product:price:currency\" content=\"EUR\" \/>\n<meta property=\"og:availability\" content=\"instock\" \/>\n<meta property=\"product:availability\" content=\"instock\" \/>\n<meta property=\"product:retailer_item_id\" content=\"FAAG-INOX\" \/>\n<meta property=\"product:condition\" content=\"new\" \/>\n<!-- \/ Yoast SEO Premium plugin. -->","yoast_head_json":{"title":"Bebedero autom\u00e1tico de acero inoxidable con bola regulable - FDA srl","description":"Bebedero de acero inoxidable de 2,5 L con v\u00e1lvula de flotador regulable, bola PE y desag\u00fce r\u00e1pido. Para perros, terneros, caballos, cabras y ovejas.","robots":{"index":"index","follow":"follow","max-snippet":"max-snippet:-1","max-image-preview":"max-image-preview:large","max-video-preview":"max-video-preview:-1"},"canonical":"https:\/\/fdasrl.it\/es\/prodotto\/bebedero-automatico-de-acero-inoxidable-con-bola-regulable\/","og_locale":"es_ES","og_type":"article","og_title":"Bebedero autom\u00e1tico de acero inoxidable con bola regulable","og_description":"Bebedero de acero inoxidable de 2,5 L con v\u00e1lvula de flotador regulable, bola PE y desag\u00fce r\u00e1pido. Para perros, terneros, caballos, cabras y ovejas.","og_url":"https:\/\/fdasrl.it\/es\/prodotto\/bebedero-automatico-de-acero-inoxidable-con-bola-regulable\/","og_site_name":"FDA srl","article_publisher":"https:\/\/www.facebook.com\/share\/1MWhFWg1Tp\/?mibextid=LQQJ4d","og_image":[{"width":668,"height":501,"url":"https:\/\/fdasrl.it\/wp-content\/uploads\/2025\/01\/FA-AG-INOX_1.jpg","type":"image\/jpeg"}],"twitter_card":"summary_large_image","twitter_misc":{"Precio":"","Disponibilidad":"Disponible"},"schema":{"@context":"https:\/\/schema.org","@graph":[{"@type":"WebPage","@id":"https:\/\/fdasrl.it\/es\/prodotto\/bebedero-automatico-de-acero-inoxidable-con-bola-regulable\/","url":"https:\/\/fdasrl.it\/es\/prodotto\/bebedero-automatico-de-acero-inoxidable-con-bola-regulable\/","name":"Bebedero autom\u00e1tico de acero inoxidable con bola regulable - FDA srl","isPartOf":{"@id":"https:\/\/fdasrl.it\/es\/#website"},"primaryImageOfPage":{"@id":"https:\/\/fdasrl.it\/es\/prodotto\/bebedero-automatico-de-acero-inoxidable-con-bola-regulable\/#primaryimage"},"image":{"@id":"https:\/\/fdasrl.it\/es\/prodotto\/bebedero-automatico-de-acero-inoxidable-con-bola-regulable\/#primaryimage"},"thumbnailUrl":"https:\/\/fdasrl.it\/wp-content\/uploads\/2025\/01\/FA-AG-INOX_1.jpg","datePublished":"2025-01-20T15:21:20+00:00","description":"Bebedero de acero inoxidable de 2,5 L con v\u00e1lvula de flotador regulable, bola PE y desag\u00fce r\u00e1pido. Para perros, terneros, caballos, cabras y ovejas.","breadcrumb":{"@id":"https:\/\/fdasrl.it\/es\/prodotto\/bebedero-automatico-de-acero-inoxidable-con-bola-regulable\/#breadcrumb"},"inLanguage":"es","potentialAction":[{"@type":"ReadAction","target":["https:\/\/fdasrl.it\/es\/prodotto\/bebedero-automatico-de-acero-inoxidable-con-bola-regulable\/"]}]},{"@type":"ImageObject","inLanguage":"es","@id":"https:\/\/fdasrl.it\/es\/prodotto\/bebedero-automatico-de-acero-inoxidable-con-bola-regulable\/#primaryimage","url":"https:\/\/fdasrl.it\/wp-content\/uploads\/2025\/01\/FA-AG-INOX_1.jpg","contentUrl":"https:\/\/fdasrl.it\/wp-content\/uploads\/2025\/01\/FA-AG-INOX_1.jpg","width":668,"height":501,"caption":"Bebedero autom\u00e1tico de acero inoxidable con bola regulable FA-AG INOX"},{"@type":"BreadcrumbList","@id":"https:\/\/fdasrl.it\/es\/prodotto\/bebedero-automatico-de-acero-inoxidable-con-bola-regulable\/#breadcrumb","itemListElement":[{"@type":"ListItem","position":1,"name":"Home","item":"https:\/\/fdasrl.it\/es\/inicio\/"},{"@type":"ListItem","position":2,"name":"Tienda","item":"https:\/\/fdasrl.it\/es\/tienda\/"},{"@type":"ListItem","position":3,"name":"Bebedero autom\u00e1tico de acero inoxidable con bola regulable"}]},{"@type":"WebSite","@id":"https:\/\/fdasrl.it\/es\/#website","url":"https:\/\/fdasrl.it\/es\/","name":"FDA srl","description":"Equipment for animal husbandry","publisher":{"@id":"https:\/\/fdasrl.it\/es\/#organization"},"potentialAction":[{"@type":"SearchAction","target":{"@type":"EntryPoint","urlTemplate":"https:\/\/fdasrl.it\/es\/?s={search_term_string}"},"query-input":{"@type":"PropertyValueSpecification","valueRequired":true,"valueName":"search_term_string"}}],"inLanguage":"es"},{"@type":"Organization","@id":"https:\/\/fdasrl.it\/es\/#organization","name":"FDA srl","url":"https:\/\/fdasrl.it\/es\/","logo":{"@type":"ImageObject","inLanguage":"es","@id":"https:\/\/fdasrl.it\/es\/#\/schema\/logo\/image\/","url":"https:\/\/fdasrl.it\/wp-content\/uploads\/2024\/12\/Logo-FDA.png","contentUrl":"https:\/\/fdasrl.it\/wp-content\/uploads\/2024\/12\/Logo-FDA.png","width":316,"height":119,"caption":"FDA srl"},"image":{"@id":"https:\/\/fdasrl.it\/es\/#\/schema\/logo\/image\/"},"sameAs":["https:\/\/www.facebook.com\/share\/1MWhFWg1Tp\/?mibextid=LQQJ4d","https:\/\/www.instagram.com\/fda_srl\/profilecard\/?igsh=YW5lbzJ6MWg0d21u","https:\/\/www.youtube.com\/@FDASRL_ANIMALCARE"],"description":"FDA SRL \u2013 Equipment for animal husbandry nasce con l\u2019obiettivo di offrire soluzioni affidabili e innovative per l\u2019allevamento moderno. Con anni di esperienza nel settore zootecnico, progettiamo e realizziamo attrezzature destinate al benessere animale e alla gestione efficiente delle stalle: vasche, abbeveratoi, mangiatoie e sistemi di riscaldamento pensati per durare nel tempo e semplificare il lavoro quotidiano degli allevatori. Dalla progettazione alla produzione, ogni nostro prodotto \u00e8 studiato nei minimi dettagli, testato con cura e costruito per rispondere alle esigenze reali del settore. La nostra forza \u00e8 unire artigianalit\u00e0, tecnologia e competenza tecnica per trasformare ogni progetto in una soluzione concreta e funzionale. Oggi FDA SRL \u00e8 un punto di riferimento per privati e rivenditori che cercano qualit\u00e0, affidabilit\u00e0 e innovazione nelle attrezzature per l\u2019allevamento.","email":"info@fdasrl.it","telephone":"+390522826820","legalName":"F.D.A. SRL","foundingDate":"2024-10-13","vatID":"03075840359","taxID":"03075840359","numberOfEmployees":{"@type":"QuantitativeValue","minValue":"1","maxValue":"10"}}]},"product_price_currency":"EUR","og_availability":"instock","product_availability":"instock","product_retailer_item_id":"FAAG-INOX","product_condition":"new"},"_links":{"self":[{"href":"https:\/\/fdasrl.it\/es\/wp-json\/wp\/v2\/product\/4623","targetHints":{"allow":["GET"]}}],"collection":[{"href":"https:\/\/fdasrl.it\/es\/wp-json\/wp\/v2\/product"}],"about":[{"href":"https:\/\/fdasrl.it\/es\/wp-json\/wp\/v2\/types\/product"}],"replies":[{"embeddable":true,"href":"https:\/\/fdasrl.it\/es\/wp-json\/wp\/v2\/comments?post=4623"}],"wp:featuredmedia":[{"embeddable":true,"href":"https:\/\/fdasrl.it\/es\/wp-json\/wp\/v2\/media\/339"}],"wp:attachment":[{"href":"https:\/\/fdasrl.it\/es\/wp-json\/wp\/v2\/media?parent=4623"}],"wp:term":[{"taxonomy":"product_brand","embeddable":true,"href":"https:\/\/fdasrl.it\/es\/wp-json\/wp\/v2\/product_brand?post=4623"},{"taxonomy":"product_cat","embeddable":true,"href":"https:\/\/fdasrl.it\/es\/wp-json\/wp\/v2\/product_cat?post=4623"},{"taxonomy":"product_tag","embeddable":true,"href":"https:\/\/fdasrl.it\/es\/wp-json\/wp\/v2\/product_tag?post=4623"}],"curies":[{"name":"wp","href":"https:\/\/api.w.org\/{rel}","templated":true}]}}