{"id":4715,"date":"2025-01-20T13:04:05","date_gmt":"2025-01-20T12:04:05","guid":{"rendered":"https:\/\/fdasrl.it\/prodotto\/bebedero-de-hierro-fundido-con-lengueta-fa-2-para-bovinos-y-equinos\/"},"modified":"2025-01-20T13:04:05","modified_gmt":"2025-01-20T12:04:05","slug":"bebedero-de-hierro-fundido-con-lengueta-fa-2-para-bovinos-y-equinos","status":"publish","type":"product","link":"https:\/\/fdasrl.it\/es\/prodotto\/bebedero-de-hierro-fundido-con-lengueta-fa-2-para-bovinos-y-equinos\/","title":{"rendered":"Bebedero de hierro fundido con leng\u00fceta FA-2 para bovinos y equinos"},"content":{"rendered":"<p>Bebedero FA-2 de hierro fundido esmaltado de excelente calidad, con leng\u00fceta para bovinos y equinos en estabulaci\u00f3n fija, de f\u00e1cil mantenimiento.<br \/>\nFuncionamiento por presi\u00f3n de la leng\u00fceta.<br \/>\nPresi\u00f3n de trabajo de 0 a 5 atm.<br \/>\nMontaje en pared con entrada de agua inferior de 1\/2\u201d o mediante tuber\u00eda horizontal.<\/p>\n<p><strong>Caracter\u00edsticas t\u00e9cnicas:<\/strong><\/p>\n<p>&#8211; Cazoleta con capacidad de 2 l.<br \/>\n&#8211; Peso: 4,9 kg.<br \/>\n&#8211; Di\u00e1metro interno de la cazoleta: 19 cm.<\/p>\n<p><strong>Mediante las abrazaderas opcionales correspondientes es posible con:<\/strong><\/p>\n<ul>\n<li>FAR1 Montaje sobre tuber\u00eda, aplicaci\u00f3n a poste.<\/li>\n<li>FAR3+FAR7 Toma de agua horizontal, toma r\u00e1pida horizontal<\/li>\n<\/ul>\n<p><b>Accesorios y recambios:<\/b><\/p>\n<ul>\n<li>Kit de v\u00e1lvula para bebedero de bovinos en hierro fundido (FA2), cuerpo de v\u00e1lvula, muelle y regulador;<\/li>\n<li>Abrazadera galvanizada para fijaci\u00f3n a poste di\u00e1m. 1&#8243;1\/4 y 1&#8243;1\/2;<\/li>\n<li>Cuerpo de v\u00e1lvula de pl\u00e1stico y casquillo de lat\u00f3n con junta;<\/li>\n<li>Muelle de acero para v\u00e1lvula de pl\u00e1stico;<\/li>\n<li>Regulador con tuerca de lat\u00f3n.<\/li>\n<li>Soporte para fijaci\u00f3n angular FAR22<\/li>\n<\/ul>\n<p>\ud83d\udc49 Solicita precio para reventa: <a href=\"mailto:info@fdasrl.it\">PULSA AQU\u00cd<\/a><\/p>\n<p>C\u00f3mpralo en nuestra <a href=\"https:\/\/fda-shop.it\/shop\/articoli-per-allevamento\/abbeveratoi\/abbeveratoio-in-ghisa-smaltata-a-paletta-per-bovini-e-cavalli\" target=\"_blank\" rel=\"noopener\">tienda online<\/a><\/p>\n","protected":false},"excerpt":{"rendered":"<p>Bebedero de hierro fundido esmaltado de excelente calidad, con leng\u00fceta para bovinos y equinos en estabulaci\u00f3n fija, de f\u00e1cil mantenimiento.<br \/>\nFuncionamiento por presi\u00f3n de la leng\u00fceta.<\/p>\n","protected":false},"featured_media":740,"comment_status":"open","ping_status":"closed","template":"","meta":{"_et_pb_use_builder":"off","_et_pb_old_content":"Bebedero de hierro fundido esmaltado de excelente calidad, con leng\u00fceta para bovinos y equinos en estabulaci\u00f3n fija, de f\u00e1cil mantenimiento.\nFuncionamiento por presi\u00f3n de la leng\u00fceta.\nPresi\u00f3n de trabajo de 0 a 5 atm.\nMontaje en pared con entrada de agua inferior de 1\/2\u201d o mediante tuber\u00eda horizontal.\n\nCaracter\u00edsticas t\u00e9cnicas:\n\n- Cazoleta con capacidad de 2 l.\n- Peso: 4,9 kg.\n- Di\u00e1metro interno de la cazoleta: 19 cm.\n\nMediante las abrazaderas opcionales correspondientes es posible con:\n<ul>\n \t<li>FAR1 Montaje sobre tuber\u00eda, aplicaci\u00f3n a poste.<\/li>\n \t<li>FAR3+FAR7 Toma de agua horizontal, toma r\u00e1pida horizontal<\/li>\n<\/ul>\n<b>Accesorios y recambios:<\/b>\n<ul>\n \t<li>Kit de v\u00e1lvula para bebedero de bovinos en hierro fundido (FA2), cuerpo de v\u00e1lvula, muelle y regulador;<\/li>\n \t<li>Abrazadera galvanizada para fijaci\u00f3n a poste di\u00e1m. 1\"1\/4 y 1\"1\/2;<\/li>\n \t<li>Cuerpo de v\u00e1lvula de pl\u00e1stico y casquillo de lat\u00f3n con junta;<\/li>\n \t<li>Muelle de acero para v\u00e1lvula de pl\u00e1stico;<\/li>\n \t<li>Regulador con tuerca de lat\u00f3n.<\/li>\n<\/ul>\nC\u00f3mpralo en nuestra <a href=\"https:\/\/fda-shop.it\/shop\/articoli-per-allevamento\/abbeveratoi\/abbeveratoio-in-ghisa-smaltata-a-paletta-per-bovini-e-cavalli\" target=\"_blank\" rel=\"noopener\">tienda online<\/a>","_et_gb_content_width":""},"product_brand":[],"product_cat":[516,552,403,607],"product_tag":[1120,1119,1121],"class_list":{"0":"post-4715","1":"product","2":"type-product","3":"status-publish","4":"has-post-thumbnail","6":"product_cat-bebederos","7":"product_cat-bebederos-2","8":"product_cat-bovinos","9":"product_cat-caballos","10":"product_tag-fa-2n","11":"product_tag-fa2","12":"product_tag-fa2n","14":"first","15":"instock","16":"shipping-taxable","17":"product-type-simple"},"yoast_head":"<!-- This site is optimized with the Yoast SEO Premium plugin v27.5 (Yoast SEO v27.5) - https:\/\/yoast.com\/product\/yoast-seo-premium-wordpress\/ -->\n<title>Bebedero FA-2 de hierro fundido para bovinos y equinos a presi\u00f3n FDA srl<\/title>\n<meta name=\"description\" content=\"\u00a1Haz que la hidrataci\u00f3n de tus animales sea sencilla y pr\u00e1ctica! Elige el bebedero FA-2 de hierro fundido para bovinos y equinos, perfecto para estabulaci\u00f3n fija. \ud83d\udca7\" \/>\n<meta name=\"robots\" content=\"index, follow, max-snippet:-1, max-image-preview:large, max-video-preview:-1\" \/>\n<link rel=\"canonical\" href=\"https:\/\/fdasrl.it\/es\/prodotto\/bebedero-de-hierro-fundido-con-lengueta-fa-2-para-bovinos-y-equinos\/\" \/>\n<meta property=\"og:locale\" content=\"es_ES\" \/>\n<meta property=\"og:type\" content=\"article\" \/>\n<meta property=\"og:title\" content=\"Bebedero de hierro fundido con leng\u00fceta FA-2 para bovinos y equinos\" \/>\n<meta property=\"og:description\" content=\"\u00a1Haz que la hidrataci\u00f3n de tus animales sea sencilla y pr\u00e1ctica! Elige el bebedero FA-2 de hierro fundido para bovinos y equinos, perfecto para estabulaci\u00f3n fija. \ud83d\udca7\" \/>\n<meta property=\"og:url\" content=\"https:\/\/fdasrl.it\/es\/prodotto\/bebedero-de-hierro-fundido-con-lengueta-fa-2-para-bovinos-y-equinos\/\" \/>\n<meta property=\"og:site_name\" content=\"FDA srl\" \/>\n<meta property=\"article:publisher\" content=\"https:\/\/www.facebook.com\/share\/1MWhFWg1Tp\/?mibextid=LQQJ4d\" \/>\n<meta property=\"og:image\" content=\"https:\/\/fdasrl.it\/wp-content\/uploads\/2025\/04\/Abbeveratoio-FDA-FA2-ghisa-smaltata.png\" \/>\n\t<meta property=\"og:image:width\" content=\"1684\" \/>\n\t<meta property=\"og:image:height\" content=\"1190\" \/>\n\t<meta property=\"og:image:type\" content=\"image\/png\" \/>\n<meta name=\"twitter:card\" content=\"summary_large_image\" \/>\n<meta name=\"twitter:label1\" content=\"Precio\" \/>\n\t<meta name=\"twitter:data1\" content=\"\" \/>\n\t<meta name=\"twitter:label2\" content=\"Disponibilidad\" \/>\n\t<meta name=\"twitter:data2\" content=\"Disponible\" \/>\n<meta property=\"product:price:currency\" content=\"EUR\" \/>\n<meta property=\"og:availability\" content=\"instock\" \/>\n<meta property=\"product:availability\" content=\"instock\" \/>\n<meta property=\"product:retailer_item_id\" content=\"FA2N\" \/>\n<meta property=\"product:condition\" content=\"new\" \/>\n<!-- \/ Yoast SEO Premium plugin. -->","yoast_head_json":{"title":"Bebedero FA-2 de hierro fundido para bovinos y equinos a presi\u00f3n FDA srl","description":"\u00a1Haz que la hidrataci\u00f3n de tus animales sea sencilla y pr\u00e1ctica! Elige el bebedero FA-2 de hierro fundido para bovinos y equinos, perfecto para estabulaci\u00f3n fija. \ud83d\udca7","robots":{"index":"index","follow":"follow","max-snippet":"max-snippet:-1","max-image-preview":"max-image-preview:large","max-video-preview":"max-video-preview:-1"},"canonical":"https:\/\/fdasrl.it\/es\/prodotto\/bebedero-de-hierro-fundido-con-lengueta-fa-2-para-bovinos-y-equinos\/","og_locale":"es_ES","og_type":"article","og_title":"Bebedero de hierro fundido con leng\u00fceta FA-2 para bovinos y equinos","og_description":"\u00a1Haz que la hidrataci\u00f3n de tus animales sea sencilla y pr\u00e1ctica! Elige el bebedero FA-2 de hierro fundido para bovinos y equinos, perfecto para estabulaci\u00f3n fija. \ud83d\udca7","og_url":"https:\/\/fdasrl.it\/es\/prodotto\/bebedero-de-hierro-fundido-con-lengueta-fa-2-para-bovinos-y-equinos\/","og_site_name":"FDA srl","article_publisher":"https:\/\/www.facebook.com\/share\/1MWhFWg1Tp\/?mibextid=LQQJ4d","og_image":[{"width":1684,"height":1190,"url":"https:\/\/fdasrl.it\/wp-content\/uploads\/2025\/04\/Abbeveratoio-FDA-FA2-ghisa-smaltata.png","type":"image\/png"}],"twitter_card":"summary_large_image","twitter_misc":{"Precio":"","Disponibilidad":"Disponible"},"schema":{"@context":"https:\/\/schema.org","@graph":[{"@type":"WebPage","@id":"https:\/\/fdasrl.it\/es\/prodotto\/bebedero-de-hierro-fundido-con-lengueta-fa-2-para-bovinos-y-equinos\/","url":"https:\/\/fdasrl.it\/es\/prodotto\/bebedero-de-hierro-fundido-con-lengueta-fa-2-para-bovinos-y-equinos\/","name":"Bebedero FA-2 de hierro fundido para bovinos y equinos a presi\u00f3n FDA srl","isPartOf":{"@id":"https:\/\/fdasrl.it\/es\/#website"},"primaryImageOfPage":{"@id":"https:\/\/fdasrl.it\/es\/prodotto\/bebedero-de-hierro-fundido-con-lengueta-fa-2-para-bovinos-y-equinos\/#primaryimage"},"image":{"@id":"https:\/\/fdasrl.it\/es\/prodotto\/bebedero-de-hierro-fundido-con-lengueta-fa-2-para-bovinos-y-equinos\/#primaryimage"},"thumbnailUrl":"https:\/\/fdasrl.it\/wp-content\/uploads\/2025\/04\/Abbeveratoio-FDA-FA2-ghisa-smaltata.png","datePublished":"2025-01-20T12:04:05+00:00","description":"\u00a1Haz que la hidrataci\u00f3n de tus animales sea sencilla y pr\u00e1ctica! Elige el bebedero FA-2 de hierro fundido para bovinos y equinos, perfecto para estabulaci\u00f3n fija. \ud83d\udca7","breadcrumb":{"@id":"https:\/\/fdasrl.it\/es\/prodotto\/bebedero-de-hierro-fundido-con-lengueta-fa-2-para-bovinos-y-equinos\/#breadcrumb"},"inLanguage":"es","potentialAction":[{"@type":"ReadAction","target":["https:\/\/fdasrl.it\/es\/prodotto\/bebedero-de-hierro-fundido-con-lengueta-fa-2-para-bovinos-y-equinos\/"]}]},{"@type":"ImageObject","inLanguage":"es","@id":"https:\/\/fdasrl.it\/es\/prodotto\/bebedero-de-hierro-fundido-con-lengueta-fa-2-para-bovinos-y-equinos\/#primaryimage","url":"https:\/\/fdasrl.it\/wp-content\/uploads\/2025\/04\/Abbeveratoio-FDA-FA2-ghisa-smaltata.png","contentUrl":"https:\/\/fdasrl.it\/wp-content\/uploads\/2025\/04\/Abbeveratoio-FDA-FA2-ghisa-smaltata.png","width":1684,"height":1190,"caption":"Bebedero FA2 de hierro fundido esmaltado con leng\u00fceta"},{"@type":"BreadcrumbList","@id":"https:\/\/fdasrl.it\/es\/prodotto\/bebedero-de-hierro-fundido-con-lengueta-fa-2-para-bovinos-y-equinos\/#breadcrumb","itemListElement":[{"@type":"ListItem","position":1,"name":"Home","item":"https:\/\/fdasrl.it\/es\/inicio\/"},{"@type":"ListItem","position":2,"name":"Tienda","item":"https:\/\/fdasrl.it\/es\/tienda\/"},{"@type":"ListItem","position":3,"name":"Bebedero de hierro fundido con leng\u00fceta FA-2 para bovinos y equinos"}]},{"@type":"WebSite","@id":"https:\/\/fdasrl.it\/es\/#website","url":"https:\/\/fdasrl.it\/es\/","name":"FDA srl","description":"Equipment for animal husbandry","publisher":{"@id":"https:\/\/fdasrl.it\/es\/#organization"},"potentialAction":[{"@type":"SearchAction","target":{"@type":"EntryPoint","urlTemplate":"https:\/\/fdasrl.it\/es\/?s={search_term_string}"},"query-input":{"@type":"PropertyValueSpecification","valueRequired":true,"valueName":"search_term_string"}}],"inLanguage":"es"},{"@type":"Organization","@id":"https:\/\/fdasrl.it\/es\/#organization","name":"FDA srl","url":"https:\/\/fdasrl.it\/es\/","logo":{"@type":"ImageObject","inLanguage":"es","@id":"https:\/\/fdasrl.it\/es\/#\/schema\/logo\/image\/","url":"https:\/\/fdasrl.it\/wp-content\/uploads\/2024\/12\/Logo-FDA.png","contentUrl":"https:\/\/fdasrl.it\/wp-content\/uploads\/2024\/12\/Logo-FDA.png","width":316,"height":119,"caption":"FDA srl"},"image":{"@id":"https:\/\/fdasrl.it\/es\/#\/schema\/logo\/image\/"},"sameAs":["https:\/\/www.facebook.com\/share\/1MWhFWg1Tp\/?mibextid=LQQJ4d","https:\/\/www.instagram.com\/fda_srl\/profilecard\/?igsh=YW5lbzJ6MWg0d21u","https:\/\/www.youtube.com\/@FDASRL_ANIMALCARE"],"description":"FDA SRL \u2013 Equipment for animal husbandry nasce con l\u2019obiettivo di offrire soluzioni affidabili e innovative per l\u2019allevamento moderno. Con anni di esperienza nel settore zootecnico, progettiamo e realizziamo attrezzature destinate al benessere animale e alla gestione efficiente delle stalle: vasche, abbeveratoi, mangiatoie e sistemi di riscaldamento pensati per durare nel tempo e semplificare il lavoro quotidiano degli allevatori. Dalla progettazione alla produzione, ogni nostro prodotto \u00e8 studiato nei minimi dettagli, testato con cura e costruito per rispondere alle esigenze reali del settore. La nostra forza \u00e8 unire artigianalit\u00e0, tecnologia e competenza tecnica per trasformare ogni progetto in una soluzione concreta e funzionale. Oggi FDA SRL \u00e8 un punto di riferimento per privati e rivenditori che cercano qualit\u00e0, affidabilit\u00e0 e innovazione nelle attrezzature per l\u2019allevamento.","email":"info@fdasrl.it","telephone":"+390522826820","legalName":"F.D.A. SRL","foundingDate":"2024-10-13","vatID":"03075840359","taxID":"03075840359","numberOfEmployees":{"@type":"QuantitativeValue","minValue":"1","maxValue":"10"}}]},"product_price_currency":"EUR","og_availability":"instock","product_availability":"instock","product_retailer_item_id":"FA2N","product_condition":"new"},"_links":{"self":[{"href":"https:\/\/fdasrl.it\/es\/wp-json\/wp\/v2\/product\/4715","targetHints":{"allow":["GET"]}}],"collection":[{"href":"https:\/\/fdasrl.it\/es\/wp-json\/wp\/v2\/product"}],"about":[{"href":"https:\/\/fdasrl.it\/es\/wp-json\/wp\/v2\/types\/product"}],"replies":[{"embeddable":true,"href":"https:\/\/fdasrl.it\/es\/wp-json\/wp\/v2\/comments?post=4715"}],"wp:featuredmedia":[{"embeddable":true,"href":"https:\/\/fdasrl.it\/es\/wp-json\/wp\/v2\/media\/740"}],"wp:attachment":[{"href":"https:\/\/fdasrl.it\/es\/wp-json\/wp\/v2\/media?parent=4715"}],"wp:term":[{"taxonomy":"product_brand","embeddable":true,"href":"https:\/\/fdasrl.it\/es\/wp-json\/wp\/v2\/product_brand?post=4715"},{"taxonomy":"product_cat","embeddable":true,"href":"https:\/\/fdasrl.it\/es\/wp-json\/wp\/v2\/product_cat?post=4715"},{"taxonomy":"product_tag","embeddable":true,"href":"https:\/\/fdasrl.it\/es\/wp-json\/wp\/v2\/product_tag?post=4715"}],"curies":[{"name":"wp","href":"https:\/\/api.w.org\/{rel}","templated":true}]}}