{"id":4767,"date":"2025-01-20T12:08:11","date_gmt":"2025-01-20T11:08:11","guid":{"rendered":"https:\/\/fdasrl.it\/prodotto\/lampara-de-infrarrojos-philips-modelo-ligera-150w-250w\/"},"modified":"2025-01-20T12:08:11","modified_gmt":"2025-01-20T11:08:11","slug":"lampara-de-infrarrojos-philips-modelo-ligera-150w-250w","status":"publish","type":"product","link":"https:\/\/fdasrl.it\/es\/prodotto\/lampara-de-infrarrojos-philips-modelo-ligera-150w-250w\/","title":{"rendered":"L\u00e1mpara de infrarrojos Philips modelo Ligera 150W 250W"},"content":{"rendered":"<h1 data-start=\"381\" data-end=\"445\">L\u00e1mpara Philips de infrarrojos roja para calefacci\u00f3n animal<\/h1>\n<p data-start=\"446\" data-end=\"503\"><strong data-start=\"446\" data-end=\"503\">Modelo: PHILIPS BR125 IR 150\/250W E27 230-250V ROJA<\/strong><\/p>\n<p data-start=\"505\" data-end=\"771\">La <strong data-start=\"508\" data-end=\"546\">l\u00e1mpara Philips de infrarrojos roja<\/strong> es la soluci\u00f3n ideal para la <strong data-start=\"576\" data-end=\"619\">calefacci\u00f3n de animales de granja<\/strong> y para usos veterinarios.<br data-start=\"641\" data-end=\"644\">Fabricada en <strong data-start=\"658\" data-end=\"684\">vidrio prensado ligero<\/strong>, garantiza un <strong data-start=\"697\" data-end=\"733\">ahorro energ\u00e9tico de hasta el 30 %<\/strong> y una vida \u00fatil media de <strong data-start=\"756\" data-end=\"768\">5000 h<\/strong>.<\/p>\n<p data-start=\"773\" data-end=\"802\">Disponible en las versiones:<\/p>\n<ul data-start=\"803\" data-end=\"978\">\n<li data-start=\"803\" data-end=\"890\">\n<p data-start=\"805\" data-end=\"890\"><strong data-start=\"805\" data-end=\"833\">150 vatios (c\u00f3digo 000062)<\/strong> \u2013 Ligera<\/p>\n<\/li>\n<li data-start=\"891\" data-end=\"978\">\n<p data-start=\"893\" data-end=\"978\"><strong data-start=\"893\" data-end=\"921\">250 vatios (c\u00f3digo 000063)<\/strong> \u2013 Ligera<\/p>\n<\/li>\n<\/ul>\n<h3 data-start=\"980\" data-end=\"1008\">Caracter\u00edsticas t\u00e9cnicas<\/h3>\n<ul data-start=\"1009\" data-end=\"1333\">\n<li data-start=\"1009\" data-end=\"1066\">\n<p data-start=\"1011\" data-end=\"1066\">Potencia: 150 W o 250 W (otras potencias disponibles)<\/p>\n<\/li>\n<li data-start=\"1067\" data-end=\"1087\">\n<p data-start=\"1069\" data-end=\"1087\">Casquillo: <strong data-start=\"1078\" data-end=\"1085\">E27<\/strong><\/p>\n<\/li>\n<li data-start=\"1088\" data-end=\"1110\">\n<p data-start=\"1090\" data-end=\"1110\">Tensi\u00f3n: 230\u2013250 V<\/p>\n<\/li>\n<li data-start=\"1111\" data-end=\"1128\">\n<p data-start=\"1113\" data-end=\"1128\">Color: Rojo<\/p>\n<\/li>\n<li data-start=\"1129\" data-end=\"1165\">\n<p data-start=\"1131\" data-end=\"1165\">Ahorro energ\u00e9tico de hasta el 30 %<\/p>\n<\/li>\n<li data-start=\"1166\" data-end=\"1205\">\n<p data-start=\"1168\" data-end=\"1205\"><strong data-start=\"1168\" data-end=\"1203\">Resistente a las salpicaduras de agua<\/strong><\/p>\n<\/li>\n<li data-start=\"1206\" data-end=\"1267\">\n<p data-start=\"1208\" data-end=\"1267\">Calentamiento inmediato y focalizado en la piel del animal<\/p>\n<\/li>\n<li data-start=\"1268\" data-end=\"1333\">\n<p data-start=\"1270\" data-end=\"1333\">Favorece la circulaci\u00f3n sangu\u00ednea en tejidos y m\u00fasculos<\/p>\n<\/li>\n<\/ul>\n<h3 data-start=\"1335\" data-end=\"1358\">Ventajas principales<\/h3>\n<ul data-start=\"1359\" data-end=\"1579\">\n<li data-start=\"1359\" data-end=\"1436\">\n<p data-start=\"1361\" data-end=\"1436\"><strong data-start=\"1361\" data-end=\"1376\">Econom\u00eda<\/strong>: larga duraci\u00f3n (5000 h) y excelente transmisi\u00f3n del calor<\/p>\n<\/li>\n<li data-start=\"1437\" data-end=\"1496\">\n<p data-start=\"1439\" data-end=\"1496\"><strong data-start=\"1439\" data-end=\"1453\">Eficiencia<\/strong>: calor directo y uniforme sobre los animales<\/p>\n<\/li>\n<li data-start=\"1497\" data-end=\"1579\">\n<p data-start=\"1499\" data-end=\"1579\"><strong data-start=\"1499\" data-end=\"1514\">Versatilidad<\/strong>: compatible con todos los portal\u00e1mparas de nuestra web<\/p>\n<\/li>\n<\/ul>\n<h3 data-start=\"1581\" data-end=\"1605\">Usos recomendados<\/h3>\n<ul data-start=\"1606\" data-end=\"1730\">\n<li data-start=\"1606\" data-end=\"1641\">\n<p data-start=\"1608\" data-end=\"1641\"><strong data-start=\"1608\" data-end=\"1639\">Cr\u00eda de pollos y polluelos<\/strong><\/p>\n<\/li>\n<li data-start=\"1642\" data-end=\"1667\">\n<p data-start=\"1644\" data-end=\"1667\"><strong data-start=\"1644\" data-end=\"1665\">Cr\u00eda de cerdos<\/strong><\/p>\n<\/li>\n<li data-start=\"1668\" data-end=\"1695\">\n<p data-start=\"1670\" data-end=\"1695\"><strong data-start=\"1670\" data-end=\"1693\">Terapias veterinarias<\/strong><\/p>\n<\/li>\n<li data-start=\"1696\" data-end=\"1730\">\n<p data-start=\"1698\" data-end=\"1730\"><strong data-start=\"1698\" data-end=\"1728\">Secado de piensos y alimentos<\/strong><\/p>\n<\/li>\n<\/ul>\n<p data-start=\"1732\" data-end=\"1837\">\ud83d\udce9 <strong data-start=\"1735\" data-end=\"1835\">Para ofertas espec\u00edficas y presupuestos personalizados, escribe a: <a class=\"decorated-link cursor-pointer\" href=\"mailto:info@fdasrl.it\" rel=\"noopener\" data-start=\"1794\" data-end=\"1833\">info@fdasrl.it<\/a><\/strong><\/p>\n<p><strong>000062<\/strong> &#8211; L\u00e1mpara de infrarrojos 150 vatios &#8211; ligera<\/p>\n<p>C\u00f3mprala en nuestra <a href=\"https:\/\/fda-shop.it\/shop\/articoli-per-allevamento\/soluzioni-per-il-riscaldamento\/lampada-philips-150-w-a-raggi-infrarossi-scalda-animali#\/25-accessori_e_confezioni-singola_unita\" target=\"_blank\" rel=\"noopener\">tienda online<\/a><\/p>\n<p><strong>000063<\/strong> &#8211; L\u00e1mpara de infrarrojos 250 vatios &#8211; ligera<\/p>\n<p>C\u00f3mprala en nuestra <a href=\"https:\/\/fda-shop.it\/shop\/articoli-per-allevamento\/soluzioni-per-il-riscaldamento\/lampada-philips-250-w-a-raggi-infrarossi#\/25-accessori_e_confezioni-singola_unita\" target=\"_blank\" rel=\"noopener\">tienda online<\/a><\/p>\n","protected":false},"excerpt":{"rendered":"<p>L\u00e1mpara Philips de infrarrojos roja para calefacci\u00f3n de animales, disponible en 150 W y 250 W. Fabricada en vidrio ligero, resistente a salpicaduras, garantiza un ahorro energ\u00e9tico de hasta el 30 % y una larga duraci\u00f3n (5000 h). Ideal para cr\u00eda de pollos, cerdos y terapias veterinarias.  <\/p>\n","protected":false},"featured_media":333,"comment_status":"open","ping_status":"closed","template":"","meta":{"_et_pb_use_builder":"","_et_pb_old_content":"","_et_gb_content_width":""},"product_brand":[],"product_cat":[650,651,649],"product_tag":[1129,1130],"class_list":{"0":"post-4767","1":"product","2":"type-product","3":"status-publish","4":"has-post-thumbnail","6":"product_cat-aves","7":"product_cat-calefaccion-para-animales","8":"product_cat-lamparas-de-infrarrojos","9":"product_tag-1129","10":"product_tag-1130","12":"first","13":"instock","14":"shipping-taxable","15":"product-type-simple"},"yoast_head":"<!-- This site is optimized with the Yoast SEO Premium plugin v27.5 (Yoast SEO v27.6) - https:\/\/yoast.com\/product\/yoast-seo-premium-wordpress\/ -->\n<title>L\u00e1mpara de calor Philips para animales: 150W-250W - FDA srl<\/title>\n<meta name=\"description\" content=\"La l\u00e1mpara de calor Philips para animales es la elecci\u00f3n ideal para veterinaria y ganader\u00eda. \u00a1Ahorra energ\u00eda y garantiza el confort de tus animales!\ud83c\udf21\ufe0f\" \/>\n<meta name=\"robots\" content=\"index, follow, max-snippet:-1, max-image-preview:large, max-video-preview:-1\" \/>\n<link rel=\"canonical\" href=\"https:\/\/fdasrl.it\/es\/prodotto\/lampara-de-infrarrojos-philips-modelo-ligera-150w-250w\/\" \/>\n<meta property=\"og:locale\" content=\"es_ES\" \/>\n<meta property=\"og:type\" content=\"article\" \/>\n<meta property=\"og:title\" content=\"L\u00e1mpara de infrarrojos Philips modelo Ligera 150W 250W\" \/>\n<meta property=\"og:description\" content=\"La l\u00e1mpara de calor Philips para animales es la elecci\u00f3n ideal para veterinaria y ganader\u00eda. \u00a1Ahorra energ\u00eda y garantiza el confort de tus animales!\ud83c\udf21\ufe0f\" \/>\n<meta property=\"og:url\" content=\"https:\/\/fdasrl.it\/es\/prodotto\/lampara-de-infrarrojos-philips-modelo-ligera-150w-250w\/\" \/>\n<meta property=\"og:site_name\" content=\"FDA srl\" \/>\n<meta property=\"article:publisher\" content=\"https:\/\/www.facebook.com\/share\/1MWhFWg1Tp\/?mibextid=LQQJ4d\" \/>\n<meta property=\"og:image\" content=\"https:\/\/fdasrl.it\/wp-content\/uploads\/2025\/01\/PHILIPS150_1.jpg\" \/>\n\t<meta property=\"og:image:width\" content=\"480\" \/>\n\t<meta property=\"og:image:height\" content=\"312\" \/>\n\t<meta property=\"og:image:type\" content=\"image\/jpeg\" \/>\n<meta name=\"twitter:card\" content=\"summary_large_image\" \/>\n<meta name=\"twitter:label1\" content=\"Precio\" \/>\n\t<meta name=\"twitter:data1\" content=\"\" \/>\n\t<meta name=\"twitter:label2\" content=\"Disponibilidad\" \/>\n\t<meta name=\"twitter:data2\" content=\"Disponible\" \/>\n<meta property=\"product:price:currency\" content=\"EUR\" \/>\n<meta property=\"og:availability\" content=\"instock\" \/>\n<meta property=\"product:availability\" content=\"instock\" \/>\n<meta property=\"product:retailer_item_id\" content=\"FDA-000062\" \/>\n<meta property=\"product:condition\" content=\"new\" \/>\n<!-- \/ Yoast SEO Premium plugin. -->","yoast_head_json":{"title":"L\u00e1mpara de calor Philips para animales: 150W-250W - FDA srl","description":"La l\u00e1mpara de calor Philips para animales es la elecci\u00f3n ideal para veterinaria y ganader\u00eda. \u00a1Ahorra energ\u00eda y garantiza el confort de tus animales!\ud83c\udf21\ufe0f","robots":{"index":"index","follow":"follow","max-snippet":"max-snippet:-1","max-image-preview":"max-image-preview:large","max-video-preview":"max-video-preview:-1"},"canonical":"https:\/\/fdasrl.it\/es\/prodotto\/lampara-de-infrarrojos-philips-modelo-ligera-150w-250w\/","og_locale":"es_ES","og_type":"article","og_title":"L\u00e1mpara de infrarrojos Philips modelo Ligera 150W 250W","og_description":"La l\u00e1mpara de calor Philips para animales es la elecci\u00f3n ideal para veterinaria y ganader\u00eda. \u00a1Ahorra energ\u00eda y garantiza el confort de tus animales!\ud83c\udf21\ufe0f","og_url":"https:\/\/fdasrl.it\/es\/prodotto\/lampara-de-infrarrojos-philips-modelo-ligera-150w-250w\/","og_site_name":"FDA srl","article_publisher":"https:\/\/www.facebook.com\/share\/1MWhFWg1Tp\/?mibextid=LQQJ4d","og_image":[{"width":480,"height":312,"url":"https:\/\/fdasrl.it\/wp-content\/uploads\/2025\/01\/PHILIPS150_1.jpg","type":"image\/jpeg"}],"twitter_card":"summary_large_image","twitter_misc":{"Precio":"","Disponibilidad":"Disponible"},"schema":{"@context":"https:\/\/schema.org","@graph":[{"@type":"WebPage","@id":"https:\/\/fdasrl.it\/es\/prodotto\/lampara-de-infrarrojos-philips-modelo-ligera-150w-250w\/","url":"https:\/\/fdasrl.it\/es\/prodotto\/lampara-de-infrarrojos-philips-modelo-ligera-150w-250w\/","name":"L\u00e1mpara de calor Philips para animales: 150W-250W - FDA srl","isPartOf":{"@id":"https:\/\/fdasrl.it\/es\/#website"},"primaryImageOfPage":{"@id":"https:\/\/fdasrl.it\/es\/prodotto\/lampara-de-infrarrojos-philips-modelo-ligera-150w-250w\/#primaryimage"},"image":{"@id":"https:\/\/fdasrl.it\/es\/prodotto\/lampara-de-infrarrojos-philips-modelo-ligera-150w-250w\/#primaryimage"},"thumbnailUrl":"https:\/\/fdasrl.it\/wp-content\/uploads\/2025\/01\/PHILIPS150_1.jpg","datePublished":"2025-01-20T11:08:11+00:00","description":"La l\u00e1mpara de calor Philips para animales es la elecci\u00f3n ideal para veterinaria y ganader\u00eda. \u00a1Ahorra energ\u00eda y garantiza el confort de tus animales!\ud83c\udf21\ufe0f","breadcrumb":{"@id":"https:\/\/fdasrl.it\/es\/prodotto\/lampara-de-infrarrojos-philips-modelo-ligera-150w-250w\/#breadcrumb"},"inLanguage":"es","potentialAction":[{"@type":"ReadAction","target":["https:\/\/fdasrl.it\/es\/prodotto\/lampara-de-infrarrojos-philips-modelo-ligera-150w-250w\/"]}]},{"@type":"ImageObject","inLanguage":"es","@id":"https:\/\/fdasrl.it\/es\/prodotto\/lampara-de-infrarrojos-philips-modelo-ligera-150w-250w\/#primaryimage","url":"https:\/\/fdasrl.it\/wp-content\/uploads\/2025\/01\/PHILIPS150_1.jpg","contentUrl":"https:\/\/fdasrl.it\/wp-content\/uploads\/2025\/01\/PHILIPS150_1.jpg","width":480,"height":312,"caption":"L\u00e1mpara de infrarrojos Philips, ideal para la calefacci\u00f3n de animales de granja y uso veterinario."},{"@type":"BreadcrumbList","@id":"https:\/\/fdasrl.it\/es\/prodotto\/lampara-de-infrarrojos-philips-modelo-ligera-150w-250w\/#breadcrumb","itemListElement":[{"@type":"ListItem","position":1,"name":"Home","item":"https:\/\/fdasrl.it\/es\/inicio\/"},{"@type":"ListItem","position":2,"name":"Tienda","item":"https:\/\/fdasrl.it\/es\/tienda\/"},{"@type":"ListItem","position":3,"name":"L\u00e1mpara de infrarrojos Philips modelo Ligera 150W 250W"}]},{"@type":"WebSite","@id":"https:\/\/fdasrl.it\/es\/#website","url":"https:\/\/fdasrl.it\/es\/","name":"FDA srl","description":"Equipment for animal husbandry","publisher":{"@id":"https:\/\/fdasrl.it\/es\/#organization"},"potentialAction":[{"@type":"SearchAction","target":{"@type":"EntryPoint","urlTemplate":"https:\/\/fdasrl.it\/es\/?s={search_term_string}"},"query-input":{"@type":"PropertyValueSpecification","valueRequired":true,"valueName":"search_term_string"}}],"inLanguage":"es"},{"@type":"Organization","@id":"https:\/\/fdasrl.it\/es\/#organization","name":"FDA srl","url":"https:\/\/fdasrl.it\/es\/","logo":{"@type":"ImageObject","inLanguage":"es","@id":"https:\/\/fdasrl.it\/es\/#\/schema\/logo\/image\/","url":"https:\/\/fdasrl.it\/wp-content\/uploads\/2024\/12\/Logo-FDA.png","contentUrl":"https:\/\/fdasrl.it\/wp-content\/uploads\/2024\/12\/Logo-FDA.png","width":316,"height":119,"caption":"FDA srl"},"image":{"@id":"https:\/\/fdasrl.it\/es\/#\/schema\/logo\/image\/"},"sameAs":["https:\/\/www.facebook.com\/share\/1MWhFWg1Tp\/?mibextid=LQQJ4d","https:\/\/www.instagram.com\/fda_srl\/profilecard\/?igsh=YW5lbzJ6MWg0d21u","https:\/\/www.youtube.com\/@FDASRL_ANIMALCARE"],"description":"FDA SRL \u2013 Equipment for animal husbandry nasce con l\u2019obiettivo di offrire soluzioni affidabili e innovative per l\u2019allevamento moderno. Con anni di esperienza nel settore zootecnico, progettiamo e realizziamo attrezzature destinate al benessere animale e alla gestione efficiente delle stalle: vasche, abbeveratoi, mangiatoie e sistemi di riscaldamento pensati per durare nel tempo e semplificare il lavoro quotidiano degli allevatori. Dalla progettazione alla produzione, ogni nostro prodotto \u00e8 studiato nei minimi dettagli, testato con cura e costruito per rispondere alle esigenze reali del settore. La nostra forza \u00e8 unire artigianalit\u00e0, tecnologia e competenza tecnica per trasformare ogni progetto in una soluzione concreta e funzionale. Oggi FDA SRL \u00e8 un punto di riferimento per privati e rivenditori che cercano qualit\u00e0, affidabilit\u00e0 e innovazione nelle attrezzature per l\u2019allevamento.","email":"info@fdasrl.it","telephone":"+390522826820","legalName":"F.D.A. SRL","foundingDate":"2024-10-13","vatID":"03075840359","taxID":"03075840359","numberOfEmployees":{"@type":"QuantitativeValue","minValue":"1","maxValue":"10"}}]},"product_price_currency":"EUR","og_availability":"instock","product_availability":"instock","product_retailer_item_id":"FDA-000062","product_condition":"new"},"_links":{"self":[{"href":"https:\/\/fdasrl.it\/es\/wp-json\/wp\/v2\/product\/4767","targetHints":{"allow":["GET"]}}],"collection":[{"href":"https:\/\/fdasrl.it\/es\/wp-json\/wp\/v2\/product"}],"about":[{"href":"https:\/\/fdasrl.it\/es\/wp-json\/wp\/v2\/types\/product"}],"replies":[{"embeddable":true,"href":"https:\/\/fdasrl.it\/es\/wp-json\/wp\/v2\/comments?post=4767"}],"wp:featuredmedia":[{"embeddable":true,"href":"https:\/\/fdasrl.it\/es\/wp-json\/wp\/v2\/media\/333"}],"wp:attachment":[{"href":"https:\/\/fdasrl.it\/es\/wp-json\/wp\/v2\/media?parent=4767"}],"wp:term":[{"taxonomy":"product_brand","embeddable":true,"href":"https:\/\/fdasrl.it\/es\/wp-json\/wp\/v2\/product_brand?post=4767"},{"taxonomy":"product_cat","embeddable":true,"href":"https:\/\/fdasrl.it\/es\/wp-json\/wp\/v2\/product_cat?post=4767"},{"taxonomy":"product_tag","embeddable":true,"href":"https:\/\/fdasrl.it\/es\/wp-json\/wp\/v2\/product_tag?post=4767"}],"curies":[{"name":"wp","href":"https:\/\/api.w.org\/{rel}","templated":true}]}}