{"id":4855,"date":"2025-01-18T19:32:09","date_gmt":"2025-01-18T18:32:09","guid":{"rendered":"https:\/\/fdasrl.it\/prodotto\/art-fda-t00120-bebedero-de-cazoleta-tipo-medio\/"},"modified":"2025-01-18T19:32:09","modified_gmt":"2025-01-18T18:32:09","slug":"art-fda-t00120-bebedero-de-cazoleta-tipo-medio","status":"publish","type":"product","link":"https:\/\/fdasrl.it\/es\/prodotto\/art-fda-t00120-bebedero-de-cazoleta-tipo-medio\/","title":{"rendered":"Art. FDA-T00120 &#8211; Bebedero de cazoleta tipo Medio"},"content":{"rendered":"<div><span style=\"color: #333333; font-size: 22px;\">Cazoleta antidespilfarro Medio con bebedero para porcino de 25 a 100 kg<\/span><\/div>\n<div>\n<div>\n<p data-start=\"163\" data-end=\"336\">La cazoleta antidespilfarro para porcino est\u00e1 fabricada \u00edntegramente en <strong data-start=\"225\" data-end=\"250\">acero inoxidable AISI 304<\/strong> con espesor <strong data-start=\"264\" data-end=\"276\">10\/10 mm<\/strong>, garant\u00eda de higiene, resistencia y larga duraci\u00f3n.<\/p>\n<p data-start=\"338\" data-end=\"535\">Equipada con <strong data-start=\"348\" data-end=\"374\">bebedero integrado<\/strong>, est\u00e1 dise\u00f1ada para reducir al m\u00ednimo el desperdicio de agua y asegurar un f\u00e1cil acceso a los animales, mejorando el bienestar y la eficiencia de la explotaci\u00f3n.<\/p>\n<p data-start=\"537\" data-end=\"572\">\u2705 <strong data-start=\"539\" data-end=\"570\">Caracter\u00edsticas principales:<\/strong><\/p>\n<ul data-start=\"573\" data-end=\"746\">\n<li data-start=\"573\" data-end=\"616\">\n<p data-start=\"575\" data-end=\"616\">Adecuada para <strong data-start=\"586\" data-end=\"614\">porcino de 25 kg a 100 kg<\/strong><\/p>\n<\/li>\n<li data-start=\"617\" data-end=\"673\">\n<p data-start=\"619\" data-end=\"673\">Fabricada en <strong data-start=\"633\" data-end=\"671\">acero inoxidable AISI 304 esp. 10\/10 mm<\/strong><\/p>\n<\/li>\n<li data-start=\"674\" data-end=\"704\">\n<p data-start=\"676\" data-end=\"704\"><strong data-start=\"676\" data-end=\"702\">Bebedero integrado c\u00f3d. <a href=\"https:\/\/fdasrl.it\/prodotto\/art-fda-000006-abbeveratoio-1-2-per-vaschetta-inox\/\">FDA-000006 (Ir al art\u00edculo)<\/a><\/strong><\/p>\n<\/li>\n<li data-start=\"705\" data-end=\"746\">\n<p data-start=\"707\" data-end=\"746\"><strong data-start=\"707\" data-end=\"722\">Dimensiones:<\/strong> L 19 \u00d7 H 27 \u00d7 P 11 cm<\/p>\n<\/li>\n<li><strong data-start=\"1420\" data-end=\"1438\">Conexi\u00f3n de agua:<\/strong> 1\/2&#8243;<\/li>\n<\/ul>\n<p data-start=\"748\" data-end=\"825\">Resistente, higi\u00e9nico y f\u00e1cil de instalar.<\/p>\n<p data-start=\"827\" data-end=\"988\"><br data-start=\"879\" data-end=\"882\"><strong data-start=\"882\" data-end=\"898\">\ud83d\udc49 Distribuidores:<\/strong> para condiciones de reventa haz tu solicitud por email:<a href=\"mailto:info@fdasrl.it\"> haz clic aqu\u00ed.<\/a><\/p>\n<\/div>\n<div>\ud83d\udc49 C\u00f3mpralo en nuestra <a href=\"https:\/\/fda-shop.it\/shop\/articoli-per-allevamento\/abbeveratoi\/abbeveratoio-suini-medio-anti-spreco#\/25-accessori_e_confezioni-singola_unita\" target=\"_blank\" rel=\"noopener\">tienda online<\/a><\/div>\n<\/div>\n","protected":false},"excerpt":{"rendered":"<p>Cazoleta antidespilfarro en <strong data-start=\"1043\" data-end=\"1081\">acero inoxidable AISI 304 esp. 10\/10 mm<\/strong> con <strong data-start=\"1086\" data-end=\"1112\">bebedero integrado<\/strong>, adecuada para <strong data-start=\"1125\" data-end=\"1150\">porcino de 25 a 100 kg<\/strong>. Dimensiones: <strong data-start=\"1164\" data-end=\"1183\">19 \u00d7 27 \u00d7 11 cm<\/strong>. <\/p>\n","protected":false},"featured_media":286,"comment_status":"open","ping_status":"closed","template":"","meta":{"_et_pb_use_builder":"","_et_pb_old_content":"","_et_gb_content_width":""},"product_brand":[],"product_cat":[773,772,648],"product_tag":[1147],"class_list":{"0":"post-4855","1":"product","2":"type-product","3":"status-publish","4":"has-post-thumbnail","6":"product_cat-bebedero-de-cazoleta","7":"product_cat-bebederos-3","8":"product_cat-cerdos","9":"product_tag-fda-t00120","11":"first","12":"instock","13":"shipping-taxable","14":"product-type-simple"},"yoast_head":"<!-- This site is optimized with the Yoast SEO Premium plugin v27.5 (Yoast SEO v27.5) - https:\/\/yoast.com\/product\/yoast-seo-premium-wordpress\/ -->\n<title>Cazoleta antidespilfarro Medio con bebedero para porcino - FDA srl<\/title>\n<meta name=\"description\" content=\"Invierte en la cazoleta antidespilfarro Medio con bebedero para porcino, dise\u00f1ada para reducir el desperdicio de agua. \u00a1Optimiza tu explotaci\u00f3n!\" \/>\n<meta name=\"robots\" content=\"index, follow, max-snippet:-1, max-image-preview:large, max-video-preview:-1\" \/>\n<link rel=\"canonical\" href=\"https:\/\/fdasrl.it\/es\/prodotto\/art-fda-t00120-bebedero-de-cazoleta-tipo-medio\/\" \/>\n<meta property=\"og:locale\" content=\"es_ES\" \/>\n<meta property=\"og:type\" content=\"article\" \/>\n<meta property=\"og:title\" content=\"Art. FDA-T00120 - Bebedero de cazoleta tipo Medio\" \/>\n<meta property=\"og:description\" content=\"Invierte en la cazoleta antidespilfarro Medio con bebedero para porcino, dise\u00f1ada para reducir el desperdicio de agua. \u00a1Optimiza tu explotaci\u00f3n!\" \/>\n<meta property=\"og:url\" content=\"https:\/\/fdasrl.it\/es\/prodotto\/art-fda-t00120-bebedero-de-cazoleta-tipo-medio\/\" \/>\n<meta property=\"og:site_name\" content=\"FDA srl\" \/>\n<meta property=\"article:publisher\" content=\"https:\/\/www.facebook.com\/share\/1MWhFWg1Tp\/?mibextid=LQQJ4d\" \/>\n<meta property=\"og:image\" content=\"https:\/\/fdasrl.it\/wp-content\/uploads\/2025\/01\/FDA-T00120.jpg\" \/>\n\t<meta property=\"og:image:width\" content=\"622\" \/>\n\t<meta property=\"og:image:height\" content=\"800\" \/>\n\t<meta property=\"og:image:type\" content=\"image\/jpeg\" \/>\n<meta name=\"twitter:card\" content=\"summary_large_image\" \/>\n<meta name=\"twitter:label1\" content=\"Precio\" \/>\n\t<meta name=\"twitter:data1\" content=\"\" \/>\n\t<meta name=\"twitter:label2\" content=\"Disponibilidad\" \/>\n\t<meta name=\"twitter:data2\" content=\"Disponible\" \/>\n<meta property=\"product:price:currency\" content=\"EUR\" \/>\n<meta property=\"og:availability\" content=\"instock\" \/>\n<meta property=\"product:availability\" content=\"instock\" \/>\n<meta property=\"product:retailer_item_id\" content=\"FDA-T00120\" \/>\n<meta property=\"product:condition\" content=\"new\" \/>\n<!-- \/ Yoast SEO Premium plugin. -->","yoast_head_json":{"title":"Cazoleta antidespilfarro Medio con bebedero para porcino - FDA srl","description":"Invierte en la cazoleta antidespilfarro Medio con bebedero para porcino, dise\u00f1ada para reducir el desperdicio de agua. \u00a1Optimiza tu explotaci\u00f3n!","robots":{"index":"index","follow":"follow","max-snippet":"max-snippet:-1","max-image-preview":"max-image-preview:large","max-video-preview":"max-video-preview:-1"},"canonical":"https:\/\/fdasrl.it\/es\/prodotto\/art-fda-t00120-bebedero-de-cazoleta-tipo-medio\/","og_locale":"es_ES","og_type":"article","og_title":"Art. FDA-T00120 - Bebedero de cazoleta tipo Medio","og_description":"Invierte en la cazoleta antidespilfarro Medio con bebedero para porcino, dise\u00f1ada para reducir el desperdicio de agua. \u00a1Optimiza tu explotaci\u00f3n!","og_url":"https:\/\/fdasrl.it\/es\/prodotto\/art-fda-t00120-bebedero-de-cazoleta-tipo-medio\/","og_site_name":"FDA srl","article_publisher":"https:\/\/www.facebook.com\/share\/1MWhFWg1Tp\/?mibextid=LQQJ4d","og_image":[{"width":622,"height":800,"url":"https:\/\/fdasrl.it\/wp-content\/uploads\/2025\/01\/FDA-T00120.jpg","type":"image\/jpeg"}],"twitter_card":"summary_large_image","twitter_misc":{"Precio":"","Disponibilidad":"Disponible"},"schema":{"@context":"https:\/\/schema.org","@graph":[{"@type":"WebPage","@id":"https:\/\/fdasrl.it\/es\/prodotto\/art-fda-t00120-bebedero-de-cazoleta-tipo-medio\/","url":"https:\/\/fdasrl.it\/es\/prodotto\/art-fda-t00120-bebedero-de-cazoleta-tipo-medio\/","name":"Cazoleta antidespilfarro Medio con bebedero para porcino - FDA srl","isPartOf":{"@id":"https:\/\/fdasrl.it\/es\/#website"},"primaryImageOfPage":{"@id":"https:\/\/fdasrl.it\/es\/prodotto\/art-fda-t00120-bebedero-de-cazoleta-tipo-medio\/#primaryimage"},"image":{"@id":"https:\/\/fdasrl.it\/es\/prodotto\/art-fda-t00120-bebedero-de-cazoleta-tipo-medio\/#primaryimage"},"thumbnailUrl":"https:\/\/fdasrl.it\/wp-content\/uploads\/2025\/01\/FDA-T00120.jpg","datePublished":"2025-01-18T18:32:09+00:00","description":"Invierte en la cazoleta antidespilfarro Medio con bebedero para porcino, dise\u00f1ada para reducir el desperdicio de agua. \u00a1Optimiza tu explotaci\u00f3n!","breadcrumb":{"@id":"https:\/\/fdasrl.it\/es\/prodotto\/art-fda-t00120-bebedero-de-cazoleta-tipo-medio\/#breadcrumb"},"inLanguage":"es","potentialAction":[{"@type":"ReadAction","target":["https:\/\/fdasrl.it\/es\/prodotto\/art-fda-t00120-bebedero-de-cazoleta-tipo-medio\/"]}]},{"@type":"ImageObject","inLanguage":"es","@id":"https:\/\/fdasrl.it\/es\/prodotto\/art-fda-t00120-bebedero-de-cazoleta-tipo-medio\/#primaryimage","url":"https:\/\/fdasrl.it\/wp-content\/uploads\/2025\/01\/FDA-T00120.jpg","contentUrl":"https:\/\/fdasrl.it\/wp-content\/uploads\/2025\/01\/FDA-T00120.jpg","width":622,"height":800},{"@type":"BreadcrumbList","@id":"https:\/\/fdasrl.it\/es\/prodotto\/art-fda-t00120-bebedero-de-cazoleta-tipo-medio\/#breadcrumb","itemListElement":[{"@type":"ListItem","position":1,"name":"Home","item":"https:\/\/fdasrl.it\/es\/inicio\/"},{"@type":"ListItem","position":2,"name":"Tienda","item":"https:\/\/fdasrl.it\/es\/tienda\/"},{"@type":"ListItem","position":3,"name":"Art. FDA-T00120 &#8211; Bebedero de cazoleta tipo Medio"}]},{"@type":"WebSite","@id":"https:\/\/fdasrl.it\/es\/#website","url":"https:\/\/fdasrl.it\/es\/","name":"FDA srl","description":"Equipment for animal husbandry","publisher":{"@id":"https:\/\/fdasrl.it\/es\/#organization"},"potentialAction":[{"@type":"SearchAction","target":{"@type":"EntryPoint","urlTemplate":"https:\/\/fdasrl.it\/es\/?s={search_term_string}"},"query-input":{"@type":"PropertyValueSpecification","valueRequired":true,"valueName":"search_term_string"}}],"inLanguage":"es"},{"@type":"Organization","@id":"https:\/\/fdasrl.it\/es\/#organization","name":"FDA srl","url":"https:\/\/fdasrl.it\/es\/","logo":{"@type":"ImageObject","inLanguage":"es","@id":"https:\/\/fdasrl.it\/es\/#\/schema\/logo\/image\/","url":"https:\/\/fdasrl.it\/wp-content\/uploads\/2024\/12\/Logo-FDA.png","contentUrl":"https:\/\/fdasrl.it\/wp-content\/uploads\/2024\/12\/Logo-FDA.png","width":316,"height":119,"caption":"FDA srl"},"image":{"@id":"https:\/\/fdasrl.it\/es\/#\/schema\/logo\/image\/"},"sameAs":["https:\/\/www.facebook.com\/share\/1MWhFWg1Tp\/?mibextid=LQQJ4d","https:\/\/www.instagram.com\/fda_srl\/profilecard\/?igsh=YW5lbzJ6MWg0d21u","https:\/\/www.youtube.com\/@FDASRL_ANIMALCARE"],"description":"FDA SRL \u2013 Equipment for animal husbandry nasce con l\u2019obiettivo di offrire soluzioni affidabili e innovative per l\u2019allevamento moderno. Con anni di esperienza nel settore zootecnico, progettiamo e realizziamo attrezzature destinate al benessere animale e alla gestione efficiente delle stalle: vasche, abbeveratoi, mangiatoie e sistemi di riscaldamento pensati per durare nel tempo e semplificare il lavoro quotidiano degli allevatori. Dalla progettazione alla produzione, ogni nostro prodotto \u00e8 studiato nei minimi dettagli, testato con cura e costruito per rispondere alle esigenze reali del settore. La nostra forza \u00e8 unire artigianalit\u00e0, tecnologia e competenza tecnica per trasformare ogni progetto in una soluzione concreta e funzionale. Oggi FDA SRL \u00e8 un punto di riferimento per privati e rivenditori che cercano qualit\u00e0, affidabilit\u00e0 e innovazione nelle attrezzature per l\u2019allevamento.","email":"info@fdasrl.it","telephone":"+390522826820","legalName":"F.D.A. SRL","foundingDate":"2024-10-13","vatID":"03075840359","taxID":"03075840359","numberOfEmployees":{"@type":"QuantitativeValue","minValue":"1","maxValue":"10"}}]},"product_price_currency":"EUR","og_availability":"instock","product_availability":"instock","product_retailer_item_id":"FDA-T00120","product_condition":"new"},"_links":{"self":[{"href":"https:\/\/fdasrl.it\/es\/wp-json\/wp\/v2\/product\/4855","targetHints":{"allow":["GET"]}}],"collection":[{"href":"https:\/\/fdasrl.it\/es\/wp-json\/wp\/v2\/product"}],"about":[{"href":"https:\/\/fdasrl.it\/es\/wp-json\/wp\/v2\/types\/product"}],"replies":[{"embeddable":true,"href":"https:\/\/fdasrl.it\/es\/wp-json\/wp\/v2\/comments?post=4855"}],"wp:featuredmedia":[{"embeddable":true,"href":"https:\/\/fdasrl.it\/es\/wp-json\/wp\/v2\/media\/286"}],"wp:attachment":[{"href":"https:\/\/fdasrl.it\/es\/wp-json\/wp\/v2\/media?parent=4855"}],"wp:term":[{"taxonomy":"product_brand","embeddable":true,"href":"https:\/\/fdasrl.it\/es\/wp-json\/wp\/v2\/product_brand?post=4855"},{"taxonomy":"product_cat","embeddable":true,"href":"https:\/\/fdasrl.it\/es\/wp-json\/wp\/v2\/product_cat?post=4855"},{"taxonomy":"product_tag","embeddable":true,"href":"https:\/\/fdasrl.it\/es\/wp-json\/wp\/v2\/product_tag?post=4855"}],"curies":[{"name":"wp","href":"https:\/\/api.w.org\/{rel}","templated":true}]}}