{"id":4990,"date":"2025-01-20T11:07:29","date_gmt":"2025-01-20T10:07:29","guid":{"rendered":"https:\/\/fdasrl.it\/prodotto\/fda-tc0250-comedero-de-acero-inoxidable-o-25-cm-para-cerdos-2-l-para-suero-y-derivados\/"},"modified":"2025-01-20T11:07:29","modified_gmt":"2025-01-20T10:07:29","slug":"fda-tc0250-comedero-de-acero-inoxidable-o-25-cm-para-cerdos-2-l-para-suero-y-derivados","status":"publish","type":"product","link":"https:\/\/fdasrl.it\/es\/prodotto\/fda-tc0250-comedero-de-acero-inoxidable-o-25-cm-para-cerdos-2-l-para-suero-y-derivados\/","title":{"rendered":"FDA-TC0250 \u2013 Comedero de acero inoxidable \u00d8 25 cm para cerdos \u2013 2 L \u2013 Para suero y derivados"},"content":{"rendered":"<p data-start=\"151\" data-end=\"231\"><strong data-start=\"151\" data-end=\"231\">FDA-TC0250 \u2013 Comedero de acero inoxidable \u00d8 25 cm para cerdos \u2013 2 L \u2013 Para suero y derivados<\/strong><\/p>\n<p data-start=\"233\" data-end=\"785\">El comedero <strong data-start=\"247\" data-end=\"261\">FDA-TC0250<\/strong> es una soluci\u00f3n profesional dise\u00f1ada para la alimentaci\u00f3n de los <strong data-start=\"327\" data-end=\"337\">cerdos<\/strong> en las explotaciones modernas. Fabricado en <strong data-start=\"379\" data-end=\"404\">acero inoxidable AISI 304<\/strong>, garantiza <strong data-start=\"417\" data-end=\"485\">resistencia a la corrosi\u00f3n, facilidad de limpieza y m\u00e1xima higiene<\/strong>, caracter\u00edsticas fundamentales para el bienestar animal y para el mantenimiento de un entorno de cr\u00eda sano. <\/p>\n<p data-start=\"233\" data-end=\"785\">Con un <strong data-start=\"606\" data-end=\"627\">di\u00e1metro de 25 cm<\/strong> y una <strong data-start=\"634\" data-end=\"657\">capacidad de 2 litros<\/strong>, es ideal para el suministro de <strong data-start=\"695\" data-end=\"715\">suero y derivados<\/strong>, ofreciendo a los animales un acceso c\u00f3modo y seguro al alimento l\u00edquido.<\/p>\n<p data-start=\"787\" data-end=\"1242\">El comedero est\u00e1 equipado con un <strong data-start=\"813\" data-end=\"847\">enganche de muelle para rejilla<\/strong>, que permite una instalaci\u00f3n sencilla y r\u00e1pida sin necesidad de herramientas. Este sistema de fijaci\u00f3n asegura adem\u00e1s una estabilidad \u00f3ptima y permite mover f\u00e1cilmente el comedero para las operaciones de limpieza o mantenimiento. La robustez del acero inoxidable garantiza su uso incluso en entornos intensivos, donde se requiere una elevada resistencia al desgaste y a los agentes externos.  <\/p>\n<p data-start=\"1244\" data-end=\"1572\">Gracias a su calidad constructiva, el comedero de acero inoxidable \u00d8 25 cm representa una <strong data-start=\"1324\" data-end=\"1359\">soluci\u00f3n fiable y duradera<\/strong> para criadores y empresas agr\u00edcolas que buscan <strong data-start=\"1406\" data-end=\"1455\">equipamiento zoot\u00e9cnico eficiente para porcinos<\/strong>. Es la elecci\u00f3n ideal para mejorar la alimentaci\u00f3n de los cerdos y optimizar la gesti\u00f3n diaria de la explotaci\u00f3n. <\/p>\n<hr data-start=\"1574\" data-end=\"1577\">\n<p data-start=\"1579\" data-end=\"1614\">\u2705 <strong data-start=\"1581\" data-end=\"1612\">Caracter\u00edsticas principales:<\/strong><\/p>\n<ul data-start=\"1615\" data-end=\"1740\">\n<li data-start=\"1615\" data-end=\"1655\">\n<p data-start=\"1617\" data-end=\"1655\">Material: <strong data-start=\"1628\" data-end=\"1653\">Acero inoxidable AISI 304<\/strong><\/p>\n<\/li>\n<li data-start=\"1656\" data-end=\"1679\">\n<p data-start=\"1658\" data-end=\"1679\">Di\u00e1metro: <strong data-start=\"1668\" data-end=\"1677\">25 cm<\/strong><\/p>\n<\/li>\n<li data-start=\"1680\" data-end=\"1705\">\n<p data-start=\"1682\" data-end=\"1705\">Capacidad: <strong data-start=\"1692\" data-end=\"1703\">2 litros<\/strong><\/p>\n<\/li>\n<li data-start=\"1706\" data-end=\"1740\">\n<p data-start=\"1708\" data-end=\"1740\">Enganche de muelle para rejilla<\/p>\n<\/li>\n<\/ul>\n","protected":false},"excerpt":{"rendered":"<p>Comedero de <strong data-start=\"1828\" data-end=\"1863\">acero inoxidable \u00d8 25 cm para cerdos<\/strong>, ideal para <strong data-start=\"1876\" data-end=\"1896\">suero y derivados<\/strong>. <strong data-start=\"1898\" data-end=\"1918\">Capacidad 2 litros<\/strong> y <strong data-start=\"1921\" data-end=\"1955\">enganche de muelle para rejilla<\/strong> para una instalaci\u00f3n r\u00e1pida y segura.<\/p>\n","protected":false},"featured_media":290,"comment_status":"open","ping_status":"closed","template":"","meta":{"_et_pb_use_builder":"","_et_pb_old_content":"","_et_gb_content_width":""},"product_brand":[],"product_cat":[773,772],"product_tag":[1169],"class_list":{"0":"post-4990","1":"product","2":"type-product","3":"status-publish","4":"has-post-thumbnail","6":"product_cat-bebedero-de-cazoleta","7":"product_cat-bebederos-3","8":"product_tag-fda-tc0250","10":"first","11":"instock","12":"shipping-taxable","13":"product-type-simple"},"yoast_head":"<!-- This site is optimized with the Yoast SEO Premium plugin v27.5 (Yoast SEO v27.5) - https:\/\/yoast.com\/product\/yoast-seo-premium-wordpress\/ -->\n<title>Comedero de acero inoxidable \u00d8 25 cm para cerdos: higiene garantizada - FDA srl<\/title>\n<meta name=\"description\" content=\"Asegura el bienestar de tus cerdos con nuestro comedero de acero inoxidable \u00d8 25 cm. \u00a1Alta capacidad y calidad duradera, perfecto para cualquier criador! \ud83c\udf1f\" \/>\n<meta name=\"robots\" content=\"index, follow, max-snippet:-1, max-image-preview:large, max-video-preview:-1\" \/>\n<link rel=\"canonical\" href=\"https:\/\/fdasrl.it\/es\/prodotto\/fda-tc0250-comedero-de-acero-inoxidable-o-25-cm-para-cerdos-2-l-para-suero-y-derivados\/\" \/>\n<meta property=\"og:locale\" content=\"es_ES\" \/>\n<meta property=\"og:type\" content=\"article\" \/>\n<meta property=\"og:title\" content=\"FDA-TC0250 \u2013 Comedero de acero inoxidable \u00d8 25 cm para cerdos \u2013 2 L \u2013 Para suero y derivados\" \/>\n<meta property=\"og:description\" content=\"Asegura el bienestar de tus cerdos con nuestro comedero de acero inoxidable \u00d8 25 cm. \u00a1Alta capacidad y calidad duradera, perfecto para cualquier criador! \ud83c\udf1f\" \/>\n<meta property=\"og:url\" content=\"https:\/\/fdasrl.it\/es\/prodotto\/fda-tc0250-comedero-de-acero-inoxidable-o-25-cm-para-cerdos-2-l-para-suero-y-derivados\/\" \/>\n<meta property=\"og:site_name\" content=\"FDA srl\" \/>\n<meta property=\"article:publisher\" content=\"https:\/\/www.facebook.com\/share\/1MWhFWg1Tp\/?mibextid=LQQJ4d\" \/>\n<meta property=\"og:image\" content=\"https:\/\/fdasrl.it\/wp-content\/uploads\/2025\/01\/FDA-TC0250.jpg\" \/>\n\t<meta property=\"og:image:width\" content=\"1067\" \/>\n\t<meta property=\"og:image:height\" content=\"800\" \/>\n\t<meta property=\"og:image:type\" content=\"image\/jpeg\" \/>\n<meta name=\"twitter:card\" content=\"summary_large_image\" \/>\n<meta name=\"twitter:label1\" content=\"Precio\" \/>\n\t<meta name=\"twitter:data1\" content=\"\" \/>\n\t<meta name=\"twitter:label2\" content=\"Disponibilidad\" \/>\n\t<meta name=\"twitter:data2\" content=\"Disponible\" \/>\n<meta property=\"product:price:currency\" content=\"EUR\" \/>\n<meta property=\"og:availability\" content=\"instock\" \/>\n<meta property=\"product:availability\" content=\"instock\" \/>\n<meta property=\"product:retailer_item_id\" content=\"FDA-TC0250\" \/>\n<meta property=\"product:condition\" content=\"new\" \/>\n<!-- \/ Yoast SEO Premium plugin. -->","yoast_head_json":{"title":"Comedero de acero inoxidable \u00d8 25 cm para cerdos: higiene garantizada - FDA srl","description":"Asegura el bienestar de tus cerdos con nuestro comedero de acero inoxidable \u00d8 25 cm. \u00a1Alta capacidad y calidad duradera, perfecto para cualquier criador! \ud83c\udf1f","robots":{"index":"index","follow":"follow","max-snippet":"max-snippet:-1","max-image-preview":"max-image-preview:large","max-video-preview":"max-video-preview:-1"},"canonical":"https:\/\/fdasrl.it\/es\/prodotto\/fda-tc0250-comedero-de-acero-inoxidable-o-25-cm-para-cerdos-2-l-para-suero-y-derivados\/","og_locale":"es_ES","og_type":"article","og_title":"FDA-TC0250 \u2013 Comedero de acero inoxidable \u00d8 25 cm para cerdos \u2013 2 L \u2013 Para suero y derivados","og_description":"Asegura el bienestar de tus cerdos con nuestro comedero de acero inoxidable \u00d8 25 cm. \u00a1Alta capacidad y calidad duradera, perfecto para cualquier criador! \ud83c\udf1f","og_url":"https:\/\/fdasrl.it\/es\/prodotto\/fda-tc0250-comedero-de-acero-inoxidable-o-25-cm-para-cerdos-2-l-para-suero-y-derivados\/","og_site_name":"FDA srl","article_publisher":"https:\/\/www.facebook.com\/share\/1MWhFWg1Tp\/?mibextid=LQQJ4d","og_image":[{"width":1067,"height":800,"url":"https:\/\/fdasrl.it\/wp-content\/uploads\/2025\/01\/FDA-TC0250.jpg","type":"image\/jpeg"}],"twitter_card":"summary_large_image","twitter_misc":{"Precio":"","Disponibilidad":"Disponible"},"schema":{"@context":"https:\/\/schema.org","@graph":[{"@type":"WebPage","@id":"https:\/\/fdasrl.it\/es\/prodotto\/fda-tc0250-comedero-de-acero-inoxidable-o-25-cm-para-cerdos-2-l-para-suero-y-derivados\/","url":"https:\/\/fdasrl.it\/es\/prodotto\/fda-tc0250-comedero-de-acero-inoxidable-o-25-cm-para-cerdos-2-l-para-suero-y-derivados\/","name":"Comedero de acero inoxidable \u00d8 25 cm para cerdos: higiene garantizada - FDA srl","isPartOf":{"@id":"https:\/\/fdasrl.it\/es\/#website"},"primaryImageOfPage":{"@id":"https:\/\/fdasrl.it\/es\/prodotto\/fda-tc0250-comedero-de-acero-inoxidable-o-25-cm-para-cerdos-2-l-para-suero-y-derivados\/#primaryimage"},"image":{"@id":"https:\/\/fdasrl.it\/es\/prodotto\/fda-tc0250-comedero-de-acero-inoxidable-o-25-cm-para-cerdos-2-l-para-suero-y-derivados\/#primaryimage"},"thumbnailUrl":"https:\/\/fdasrl.it\/wp-content\/uploads\/2025\/01\/FDA-TC0250.jpg","datePublished":"2025-01-20T10:07:29+00:00","description":"Asegura el bienestar de tus cerdos con nuestro comedero de acero inoxidable \u00d8 25 cm. \u00a1Alta capacidad y calidad duradera, perfecto para cualquier criador! \ud83c\udf1f","breadcrumb":{"@id":"https:\/\/fdasrl.it\/es\/prodotto\/fda-tc0250-comedero-de-acero-inoxidable-o-25-cm-para-cerdos-2-l-para-suero-y-derivados\/#breadcrumb"},"inLanguage":"es","potentialAction":[{"@type":"ReadAction","target":["https:\/\/fdasrl.it\/es\/prodotto\/fda-tc0250-comedero-de-acero-inoxidable-o-25-cm-para-cerdos-2-l-para-suero-y-derivados\/"]}]},{"@type":"ImageObject","inLanguage":"es","@id":"https:\/\/fdasrl.it\/es\/prodotto\/fda-tc0250-comedero-de-acero-inoxidable-o-25-cm-para-cerdos-2-l-para-suero-y-derivados\/#primaryimage","url":"https:\/\/fdasrl.it\/wp-content\/uploads\/2025\/01\/FDA-TC0250.jpg","contentUrl":"https:\/\/fdasrl.it\/wp-content\/uploads\/2025\/01\/FDA-TC0250.jpg","width":1067,"height":800,"caption":"Mangiatoia inox \u00d8 25 cm per maiali FDA-TC0250 con aggancio a molla per grigliato"},{"@type":"BreadcrumbList","@id":"https:\/\/fdasrl.it\/es\/prodotto\/fda-tc0250-comedero-de-acero-inoxidable-o-25-cm-para-cerdos-2-l-para-suero-y-derivados\/#breadcrumb","itemListElement":[{"@type":"ListItem","position":1,"name":"Home","item":"https:\/\/fdasrl.it\/es\/inicio\/"},{"@type":"ListItem","position":2,"name":"Tienda","item":"https:\/\/fdasrl.it\/es\/tienda\/"},{"@type":"ListItem","position":3,"name":"FDA-TC0250 \u2013 Comedero de acero inoxidable \u00d8 25 cm para cerdos \u2013 2 L \u2013 Para suero y derivados"}]},{"@type":"WebSite","@id":"https:\/\/fdasrl.it\/es\/#website","url":"https:\/\/fdasrl.it\/es\/","name":"FDA srl","description":"Equipment for animal husbandry","publisher":{"@id":"https:\/\/fdasrl.it\/es\/#organization"},"potentialAction":[{"@type":"SearchAction","target":{"@type":"EntryPoint","urlTemplate":"https:\/\/fdasrl.it\/es\/?s={search_term_string}"},"query-input":{"@type":"PropertyValueSpecification","valueRequired":true,"valueName":"search_term_string"}}],"inLanguage":"es"},{"@type":"Organization","@id":"https:\/\/fdasrl.it\/es\/#organization","name":"FDA srl","url":"https:\/\/fdasrl.it\/es\/","logo":{"@type":"ImageObject","inLanguage":"es","@id":"https:\/\/fdasrl.it\/es\/#\/schema\/logo\/image\/","url":"https:\/\/fdasrl.it\/wp-content\/uploads\/2024\/12\/Logo-FDA.png","contentUrl":"https:\/\/fdasrl.it\/wp-content\/uploads\/2024\/12\/Logo-FDA.png","width":316,"height":119,"caption":"FDA srl"},"image":{"@id":"https:\/\/fdasrl.it\/es\/#\/schema\/logo\/image\/"},"sameAs":["https:\/\/www.facebook.com\/share\/1MWhFWg1Tp\/?mibextid=LQQJ4d","https:\/\/www.instagram.com\/fda_srl\/profilecard\/?igsh=YW5lbzJ6MWg0d21u","https:\/\/www.youtube.com\/@FDASRL_ANIMALCARE"],"description":"FDA SRL \u2013 Equipment for animal husbandry nasce con l\u2019obiettivo di offrire soluzioni affidabili e innovative per l\u2019allevamento moderno. Con anni di esperienza nel settore zootecnico, progettiamo e realizziamo attrezzature destinate al benessere animale e alla gestione efficiente delle stalle: vasche, abbeveratoi, mangiatoie e sistemi di riscaldamento pensati per durare nel tempo e semplificare il lavoro quotidiano degli allevatori. Dalla progettazione alla produzione, ogni nostro prodotto \u00e8 studiato nei minimi dettagli, testato con cura e costruito per rispondere alle esigenze reali del settore. La nostra forza \u00e8 unire artigianalit\u00e0, tecnologia e competenza tecnica per trasformare ogni progetto in una soluzione concreta e funzionale. Oggi FDA SRL \u00e8 un punto di riferimento per privati e rivenditori che cercano qualit\u00e0, affidabilit\u00e0 e innovazione nelle attrezzature per l\u2019allevamento.","email":"info@fdasrl.it","telephone":"+390522826820","legalName":"F.D.A. SRL","foundingDate":"2024-10-13","vatID":"03075840359","taxID":"03075840359","numberOfEmployees":{"@type":"QuantitativeValue","minValue":"1","maxValue":"10"}}]},"product_price_currency":"EUR","og_availability":"instock","product_availability":"instock","product_retailer_item_id":"FDA-TC0250","product_condition":"new"},"_links":{"self":[{"href":"https:\/\/fdasrl.it\/es\/wp-json\/wp\/v2\/product\/4990","targetHints":{"allow":["GET"]}}],"collection":[{"href":"https:\/\/fdasrl.it\/es\/wp-json\/wp\/v2\/product"}],"about":[{"href":"https:\/\/fdasrl.it\/es\/wp-json\/wp\/v2\/types\/product"}],"replies":[{"embeddable":true,"href":"https:\/\/fdasrl.it\/es\/wp-json\/wp\/v2\/comments?post=4990"}],"wp:featuredmedia":[{"embeddable":true,"href":"https:\/\/fdasrl.it\/es\/wp-json\/wp\/v2\/media\/290"}],"wp:attachment":[{"href":"https:\/\/fdasrl.it\/es\/wp-json\/wp\/v2\/media?parent=4990"}],"wp:term":[{"taxonomy":"product_brand","embeddable":true,"href":"https:\/\/fdasrl.it\/es\/wp-json\/wp\/v2\/product_brand?post=4990"},{"taxonomy":"product_cat","embeddable":true,"href":"https:\/\/fdasrl.it\/es\/wp-json\/wp\/v2\/product_cat?post=4990"},{"taxonomy":"product_tag","embeddable":true,"href":"https:\/\/fdasrl.it\/es\/wp-json\/wp\/v2\/product_tag?post=4990"}],"curies":[{"name":"wp","href":"https:\/\/api.w.org\/{rel}","templated":true}]}}