{"id":4994,"date":"2025-01-20T11:13:54","date_gmt":"2025-01-20T10:13:54","guid":{"rendered":"https:\/\/fdasrl.it\/prodotto\/soporte-inox-para-bebederos-de-chupete\/"},"modified":"2025-01-20T11:13:54","modified_gmt":"2025-01-20T10:13:54","slug":"soporte-inox-para-bebederos-de-chupete","status":"publish","type":"product","link":"https:\/\/fdasrl.it\/es\/prodotto\/soporte-inox-para-bebederos-de-chupete\/","title":{"rendered":"Soporte inox para bebederos de chupete"},"content":{"rendered":"<div>\n<p data-start=\"799\" data-end=\"1112\">El <strong data-start=\"802\" data-end=\"855\">soporte fijo de acero inoxidable FDA con placa de pared<\/strong> est\u00e1 dise\u00f1ado para la instalaci\u00f3n de <strong data-start=\"892\" data-end=\"928\">bebederos autom\u00e1ticos para cerdos<\/strong>.<br data-start=\"929\" data-end=\"932\">Fabricado \u00edntegramente en <strong data-start=\"958\" data-end=\"990\">acero inoxidable de alta calidad<\/strong>, garantiza la m\u00e1xima resistencia a la corrosi\u00f3n, higiene y durabilidad incluso en condiciones de ganader\u00eda intensiva.<\/p>\n<p data-start=\"1114\" data-end=\"1414\">La toma de agua es de <strong data-start=\"1135\" data-end=\"1143\">1\/2&#8243;<\/strong> y el soporte est\u00e1 disponible en <strong data-start=\"1175\" data-end=\"1215\">varias inclinaciones (45\u00b0, 60\u00b0, 90\u00b0)<\/strong> para adaptarse a las necesidades de la instalaci\u00f3n.<br data-start=\"1258\" data-end=\"1261\">La placa de pared asegura una <strong data-start=\"1292\" data-end=\"1326\">instalaci\u00f3n estable y segura<\/strong>, convirtiendo este accesorio en indispensable para un sistema de bebederos eficiente.<\/p>\n<p data-start=\"1416\" data-end=\"1449\"><strong data-start=\"1416\" data-end=\"1447\">Caracter\u00edsticas principales:<\/strong><\/p>\n<ul data-start=\"1450\" data-end=\"1690\">\n<li data-start=\"1450\" data-end=\"1508\">\n<p data-start=\"1452\" data-end=\"1508\">Material: <strong data-start=\"1463\" data-end=\"1484\">acero inoxidable AISI<\/strong> resistente e higi\u00e9nico<\/p>\n<\/li>\n<li data-start=\"1509\" data-end=\"1536\">\n<p data-start=\"1511\" data-end=\"1536\">Toma de agua: <strong data-start=\"1526\" data-end=\"1534\">1\/2&#8243;<\/strong><\/p>\n<\/li>\n<li data-start=\"1537\" data-end=\"1570\">\n<p data-start=\"1539\" data-end=\"1570\">Montaje: <strong data-start=\"1550\" data-end=\"1568\">placa de pared<\/strong><\/p>\n<\/li>\n<li data-start=\"1571\" data-end=\"1620\">\n<p data-start=\"1573\" data-end=\"1620\">Inclinaciones disponibles: <strong data-start=\"1599\" data-end=\"1618\">45\u00b0 \u2013 60\u00b0 \u2013 90\u00b0<\/strong><\/p>\n<\/li>\n<li data-start=\"1621\" data-end=\"1652\">\n<p data-start=\"1623\" data-end=\"1652\">Art\u00edculo: <strong data-start=\"1633\" data-end=\"1650\">FDA 000008\/SS<\/strong><\/p>\n<\/li>\n<li data-start=\"1653\" data-end=\"1690\">\n<p data-start=\"1655\" data-end=\"1690\">Ideal para: <strong data-start=\"1667\" data-end=\"1688\">explotaciones de cerdos y terneros<\/strong><\/p>\n<\/li>\n<\/ul>\n<\/div>\n<p>Para m\u00e1s informaci\u00f3n y presupuestos, cont\u00e1ctanos: <a href=\"https:\/\/fdasrl.it\/es\/contacto\/\">haz clic aqu\u00ed<\/a><\/p>\n","protected":false},"excerpt":{"rendered":"<p>Soporte fijo de acero inoxidable con placa de pared para bebedero autom\u00e1tico de cerdos y terneros. Toma de agua 1\/2&#8243;, disponible con inclinaci\u00f3n de 45\u00b0 \u2013 60\u00b0 \u2013 90\u00b0. <\/p>\n","protected":false},"featured_media":294,"comment_status":"open","ping_status":"closed","template":"","meta":{"_et_pb_use_builder":"off","_et_pb_old_content":"<div>Soporte fijo con placa de pared para bebedero autom\u00e1tico de cerdos, toma de agua 1\/2\" acero inoxidable<\/div>\n<div><\/div>\n<div>Art. FDA 000008\/SS 45\u00b0\/60\u00b0\/90\u00b0<\/div>","_et_gb_content_width":""},"product_brand":[],"product_cat":[772,1088],"product_tag":[1171,1089],"class_list":{"0":"post-4994","1":"product","2":"type-product","3":"status-publish","4":"has-post-thumbnail","6":"product_cat-bebederos-3","7":"product_cat-soportes-para-bebederos","8":"product_tag-fda-000008-ss","9":"product_tag-fda-000008","11":"first","12":"instock","13":"shipping-taxable","14":"product-type-simple"},"yoast_head":"<!-- This site is optimized with the Yoast SEO Premium plugin v27.5 (Yoast SEO v27.5) - https:\/\/yoast.com\/product\/yoast-seo-premium-wordpress\/ -->\n<title>Soporte inox para bebederos de chupete: Alta calidad - FDA srl<\/title>\n<meta name=\"description\" content=\"M\u00e1xima resistencia e higiene con el soporte inox para bebederos de chupete. \u00a1Disponible en varias inclinaciones, es ideal para cualquier instalaci\u00f3n! \ud83d\udc16\" \/>\n<meta name=\"robots\" content=\"index, follow, max-snippet:-1, max-image-preview:large, max-video-preview:-1\" \/>\n<link rel=\"canonical\" href=\"https:\/\/fdasrl.it\/es\/prodotto\/soporte-inox-para-bebederos-de-chupete\/\" \/>\n<meta property=\"og:locale\" content=\"es_ES\" \/>\n<meta property=\"og:type\" content=\"article\" \/>\n<meta property=\"og:title\" content=\"Soporte inox para bebederos de chupete\" \/>\n<meta property=\"og:description\" content=\"M\u00e1xima resistencia e higiene con el soporte inox para bebederos de chupete. \u00a1Disponible en varias inclinaciones, es ideal para cualquier instalaci\u00f3n! \ud83d\udc16\" \/>\n<meta property=\"og:url\" content=\"https:\/\/fdasrl.it\/es\/prodotto\/soporte-inox-para-bebederos-de-chupete\/\" \/>\n<meta property=\"og:site_name\" content=\"FDA srl\" \/>\n<meta property=\"article:publisher\" content=\"https:\/\/www.facebook.com\/share\/1MWhFWg1Tp\/?mibextid=LQQJ4d\" \/>\n<meta property=\"og:image\" content=\"https:\/\/fdasrl.it\/wp-content\/uploads\/2025\/01\/FDA-00008-SS45.jpg\" \/>\n\t<meta property=\"og:image:width\" content=\"800\" \/>\n\t<meta property=\"og:image:height\" content=\"640\" \/>\n\t<meta property=\"og:image:type\" content=\"image\/jpeg\" \/>\n<meta name=\"twitter:card\" content=\"summary_large_image\" \/>\n<meta name=\"twitter:label1\" content=\"Precio\" \/>\n\t<meta name=\"twitter:data1\" content=\"\" \/>\n\t<meta name=\"twitter:label2\" content=\"Disponibilidad\" \/>\n\t<meta name=\"twitter:data2\" content=\"Disponible\" \/>\n<meta property=\"product:price:currency\" content=\"EUR\" \/>\n<meta property=\"og:availability\" content=\"instock\" \/>\n<meta property=\"product:availability\" content=\"instock\" \/>\n<meta property=\"product:retailer_item_id\" content=\"FDA-000008\/SS\" \/>\n<meta property=\"product:condition\" content=\"new\" \/>\n<!-- \/ Yoast SEO Premium plugin. -->","yoast_head_json":{"title":"Soporte inox para bebederos de chupete: Alta calidad - FDA srl","description":"M\u00e1xima resistencia e higiene con el soporte inox para bebederos de chupete. \u00a1Disponible en varias inclinaciones, es ideal para cualquier instalaci\u00f3n! \ud83d\udc16","robots":{"index":"index","follow":"follow","max-snippet":"max-snippet:-1","max-image-preview":"max-image-preview:large","max-video-preview":"max-video-preview:-1"},"canonical":"https:\/\/fdasrl.it\/es\/prodotto\/soporte-inox-para-bebederos-de-chupete\/","og_locale":"es_ES","og_type":"article","og_title":"Soporte inox para bebederos de chupete","og_description":"M\u00e1xima resistencia e higiene con el soporte inox para bebederos de chupete. \u00a1Disponible en varias inclinaciones, es ideal para cualquier instalaci\u00f3n! \ud83d\udc16","og_url":"https:\/\/fdasrl.it\/es\/prodotto\/soporte-inox-para-bebederos-de-chupete\/","og_site_name":"FDA srl","article_publisher":"https:\/\/www.facebook.com\/share\/1MWhFWg1Tp\/?mibextid=LQQJ4d","og_image":[{"width":800,"height":640,"url":"https:\/\/fdasrl.it\/wp-content\/uploads\/2025\/01\/FDA-00008-SS45.jpg","type":"image\/jpeg"}],"twitter_card":"summary_large_image","twitter_misc":{"Precio":"","Disponibilidad":"Disponible"},"schema":{"@context":"https:\/\/schema.org","@graph":[{"@type":"WebPage","@id":"https:\/\/fdasrl.it\/es\/prodotto\/soporte-inox-para-bebederos-de-chupete\/","url":"https:\/\/fdasrl.it\/es\/prodotto\/soporte-inox-para-bebederos-de-chupete\/","name":"Soporte inox para bebederos de chupete: Alta calidad - FDA srl","isPartOf":{"@id":"https:\/\/fdasrl.it\/es\/#website"},"primaryImageOfPage":{"@id":"https:\/\/fdasrl.it\/es\/prodotto\/soporte-inox-para-bebederos-de-chupete\/#primaryimage"},"image":{"@id":"https:\/\/fdasrl.it\/es\/prodotto\/soporte-inox-para-bebederos-de-chupete\/#primaryimage"},"thumbnailUrl":"https:\/\/fdasrl.it\/wp-content\/uploads\/2025\/01\/FDA-00008-SS45.jpg","datePublished":"2025-01-20T10:13:54+00:00","description":"M\u00e1xima resistencia e higiene con el soporte inox para bebederos de chupete. \u00a1Disponible en varias inclinaciones, es ideal para cualquier instalaci\u00f3n! \ud83d\udc16","breadcrumb":{"@id":"https:\/\/fdasrl.it\/es\/prodotto\/soporte-inox-para-bebederos-de-chupete\/#breadcrumb"},"inLanguage":"es","potentialAction":[{"@type":"ReadAction","target":["https:\/\/fdasrl.it\/es\/prodotto\/soporte-inox-para-bebederos-de-chupete\/"]}]},{"@type":"ImageObject","inLanguage":"es","@id":"https:\/\/fdasrl.it\/es\/prodotto\/soporte-inox-para-bebederos-de-chupete\/#primaryimage","url":"https:\/\/fdasrl.it\/wp-content\/uploads\/2025\/01\/FDA-00008-SS45.jpg","contentUrl":"https:\/\/fdasrl.it\/wp-content\/uploads\/2025\/01\/FDA-00008-SS45.jpg","width":800,"height":640,"caption":"Supporto fisso in acciaio inox con piastra a muro per abbeveratoio automatico suini, attacco acqua 1\/2 pollice"},{"@type":"BreadcrumbList","@id":"https:\/\/fdasrl.it\/es\/prodotto\/soporte-inox-para-bebederos-de-chupete\/#breadcrumb","itemListElement":[{"@type":"ListItem","position":1,"name":"Home","item":"https:\/\/fdasrl.it\/es\/inicio\/"},{"@type":"ListItem","position":2,"name":"Tienda","item":"https:\/\/fdasrl.it\/es\/tienda\/"},{"@type":"ListItem","position":3,"name":"Soporte inox para bebederos de chupete"}]},{"@type":"WebSite","@id":"https:\/\/fdasrl.it\/es\/#website","url":"https:\/\/fdasrl.it\/es\/","name":"FDA srl","description":"Equipment for animal husbandry","publisher":{"@id":"https:\/\/fdasrl.it\/es\/#organization"},"potentialAction":[{"@type":"SearchAction","target":{"@type":"EntryPoint","urlTemplate":"https:\/\/fdasrl.it\/es\/?s={search_term_string}"},"query-input":{"@type":"PropertyValueSpecification","valueRequired":true,"valueName":"search_term_string"}}],"inLanguage":"es"},{"@type":"Organization","@id":"https:\/\/fdasrl.it\/es\/#organization","name":"FDA srl","url":"https:\/\/fdasrl.it\/es\/","logo":{"@type":"ImageObject","inLanguage":"es","@id":"https:\/\/fdasrl.it\/es\/#\/schema\/logo\/image\/","url":"https:\/\/fdasrl.it\/wp-content\/uploads\/2024\/12\/Logo-FDA.png","contentUrl":"https:\/\/fdasrl.it\/wp-content\/uploads\/2024\/12\/Logo-FDA.png","width":316,"height":119,"caption":"FDA srl"},"image":{"@id":"https:\/\/fdasrl.it\/es\/#\/schema\/logo\/image\/"},"sameAs":["https:\/\/www.facebook.com\/share\/1MWhFWg1Tp\/?mibextid=LQQJ4d","https:\/\/www.instagram.com\/fda_srl\/profilecard\/?igsh=YW5lbzJ6MWg0d21u","https:\/\/www.youtube.com\/@FDASRL_ANIMALCARE"],"description":"FDA SRL \u2013 Equipment for animal husbandry nasce con l\u2019obiettivo di offrire soluzioni affidabili e innovative per l\u2019allevamento moderno. Con anni di esperienza nel settore zootecnico, progettiamo e realizziamo attrezzature destinate al benessere animale e alla gestione efficiente delle stalle: vasche, abbeveratoi, mangiatoie e sistemi di riscaldamento pensati per durare nel tempo e semplificare il lavoro quotidiano degli allevatori. Dalla progettazione alla produzione, ogni nostro prodotto \u00e8 studiato nei minimi dettagli, testato con cura e costruito per rispondere alle esigenze reali del settore. La nostra forza \u00e8 unire artigianalit\u00e0, tecnologia e competenza tecnica per trasformare ogni progetto in una soluzione concreta e funzionale. Oggi FDA SRL \u00e8 un punto di riferimento per privati e rivenditori che cercano qualit\u00e0, affidabilit\u00e0 e innovazione nelle attrezzature per l\u2019allevamento.","email":"info@fdasrl.it","telephone":"+390522826820","legalName":"F.D.A. SRL","foundingDate":"2024-10-13","vatID":"03075840359","taxID":"03075840359","numberOfEmployees":{"@type":"QuantitativeValue","minValue":"1","maxValue":"10"}}]},"product_price_currency":"EUR","og_availability":"instock","product_availability":"instock","product_retailer_item_id":"FDA-000008\/SS","product_condition":"new"},"_links":{"self":[{"href":"https:\/\/fdasrl.it\/es\/wp-json\/wp\/v2\/product\/4994","targetHints":{"allow":["GET"]}}],"collection":[{"href":"https:\/\/fdasrl.it\/es\/wp-json\/wp\/v2\/product"}],"about":[{"href":"https:\/\/fdasrl.it\/es\/wp-json\/wp\/v2\/types\/product"}],"replies":[{"embeddable":true,"href":"https:\/\/fdasrl.it\/es\/wp-json\/wp\/v2\/comments?post=4994"}],"wp:featuredmedia":[{"embeddable":true,"href":"https:\/\/fdasrl.it\/es\/wp-json\/wp\/v2\/media\/294"}],"wp:attachment":[{"href":"https:\/\/fdasrl.it\/es\/wp-json\/wp\/v2\/media?parent=4994"}],"wp:term":[{"taxonomy":"product_brand","embeddable":true,"href":"https:\/\/fdasrl.it\/es\/wp-json\/wp\/v2\/product_brand?post=4994"},{"taxonomy":"product_cat","embeddable":true,"href":"https:\/\/fdasrl.it\/es\/wp-json\/wp\/v2\/product_cat?post=4994"},{"taxonomy":"product_tag","embeddable":true,"href":"https:\/\/fdasrl.it\/es\/wp-json\/wp\/v2\/product_tag?post=4994"}],"curies":[{"name":"wp","href":"https:\/\/api.w.org\/{rel}","templated":true}]}}