{"id":5210,"date":"2026-03-13T16:40:08","date_gmt":"2026-03-13T15:40:08","guid":{"rendered":"https:\/\/fdasrl.it\/prodotto\/art-fda-000005tp-bebedero-de-chupete-1-2-para-comederos-antidesperdicios-come-bebe\/"},"modified":"2026-03-13T16:40:08","modified_gmt":"2026-03-13T15:40:08","slug":"art-fda-000005tp-bebedero-de-chupete-1-2-para-comederos-antidesperdicios-come-bebe","status":"publish","type":"product","link":"https:\/\/fdasrl.it\/es\/prodotto\/art-fda-000005tp-bebedero-de-chupete-1-2-para-comederos-antidesperdicios-come-bebe\/","title":{"rendered":"Art. FDA-000005TP &#8211; Bebedero de chupete 1\/2&#8243; para comederos antidesperdicios come\/bebe"},"content":{"rendered":"<h1 data-section-id=\"m5jqlp\" data-start=\"258\" data-end=\"361\">Bebedero autom\u00e1tico de chupete 1\/2&#8243; para comederos antidesperdicios come\/bebe \u2013 Modelo FDA-000005TP<\/h1>\n<h2 data-section-id=\"7u0kos\" data-start=\"363\" data-end=\"390\">Descripci\u00f3n del producto<\/h2>\n<p data-start=\"341\" data-end=\"542\">El <strong data-start=\"343\" data-end=\"411\">Bebedero de chupete para comederos come\/bebe FDA-000005TP<\/strong> est\u00e1 dise\u00f1ado para sistemas de alimentaci\u00f3n combinada en porcino, donde agua y pienso se ingieren directamente en el comedero.<\/p>\n<p data-start=\"544\" data-end=\"811\">Este <strong data-start=\"551\" data-end=\"619\">bebedero de chupete para comederos come\/bebe FDA-000005TP<\/strong> con rosca <strong data-start=\"642\" data-end=\"650\">1\/2&#8243;<\/strong> permite una dosificaci\u00f3n controlada del agua que humedece el pienso, mejorando su palatabilidad y favoreciendo la ingesta del alimento por parte de los animales.<\/p>\n<p data-start=\"813\" data-end=\"1037\">El <strong data-start=\"816\" data-end=\"848\">cuerpo y la rosca de lat\u00f3n<\/strong> garantizan elevada resistencia a la corrosi\u00f3n, fiabilidad en el tiempo y un correcto sellado hidr\u00e1ulico.<br data-start=\"953\" data-end=\"956\"\/>El <strong data-start=\"958\" data-end=\"978\">hex\u00e1gono de 25 mm<\/strong> permite un atornillado estable y seguro en el comedero.<\/p>\n<p data-start=\"1039\" data-end=\"1412\">El <strong data-start=\"1042\" data-end=\"1091\">pomo de activaci\u00f3n \u00d8 24 mm en acero inoxidable<\/strong> del <strong data-start=\"1097\" data-end=\"1165\">bebedero de chupete para comederos come\/bebe FDA-000005TP<\/strong> est\u00e1 dise\u00f1ado para ser accionado por el cerdo durante el paso natural de la cabeza en el comedero. El movimiento del pomo provoca una <strong data-start=\"1303\" data-end=\"1347\">ligera y controlada dosificaci\u00f3n de agua<\/strong>, que humedece el pienso y contribuye a reducir los desperdicios. <\/p>\n<p data-start=\"1414\" data-end=\"1691\">Esta versi\u00f3n del <strong data-start=\"1435\" data-end=\"1503\">bebedero de chupete para comederos come\/bebe FDA-000005TP<\/strong> est\u00e1 dotada de <strong data-start=\"1516\" data-end=\"1549\">filtro regulable de pl\u00e1stico<\/strong>, que permite regular el caudal del agua en funci\u00f3n de la presi\u00f3n presente en la l\u00ednea h\u00eddrica, mejorando el control del flujo.<\/p>\n<hr data-start=\"1701\" data-end=\"1704\">\n<h2 data-section-id=\"nuql2p\" data-start=\"1706\" data-end=\"1733\">Caracter\u00edsticas t\u00e9cnicas<\/h2>\n<ul data-start=\"1735\" data-end=\"1965\">\n<li data-section-id=\"1o9ytxp\" data-start=\"1735\" data-end=\"1760\">\n<p data-start=\"1737\" data-end=\"1760\"><strong data-start=\"1737\" data-end=\"1758\">Rosca de lat\u00f3n<\/strong><\/p>\n<\/li>\n<li data-section-id=\"169p6ni\" data-start=\"1761\" data-end=\"1791\">\n<p data-start=\"1763\" data-end=\"1791\"><strong data-start=\"1763\" data-end=\"1789\">Pomo de acero inoxidable<\/strong><\/p>\n<\/li>\n<li data-section-id=\"d3pims\" data-start=\"1792\" data-end=\"1819\">\n<p data-start=\"1794\" data-end=\"1819\"><strong data-start=\"1794\" data-end=\"1812\">Conexi\u00f3n de agua:<\/strong> 1\/2&#8243;<\/p>\n<\/li>\n<li data-section-id=\"1oxkjxt\" data-start=\"1820\" data-end=\"1853\">\n<p data-start=\"1822\" data-end=\"1853\"><strong data-start=\"1822\" data-end=\"1843\">Longitud total:<\/strong> 57,6 mm<\/p>\n<\/li>\n<li data-section-id=\"uqig1r\" data-start=\"1854\" data-end=\"1886\">\n<p data-start=\"1856\" data-end=\"1886\"><strong data-start=\"1856\" data-end=\"1876\">Di\u00e1metro pomo:<\/strong> \u00d8 24 mm<\/p>\n<\/li>\n<li data-section-id=\"wzfciy\" data-start=\"1887\" data-end=\"1906\">\n<p data-start=\"1889\" data-end=\"1906\"><strong data-start=\"1889\" data-end=\"1898\">Peso:<\/strong> 161 g<\/p>\n<\/li>\n<li data-section-id=\"1nozte3\" data-start=\"1907\" data-end=\"1929\">\n<p data-start=\"1909\" data-end=\"1929\"><strong data-start=\"1909\" data-end=\"1921\">Hex\u00e1gono:<\/strong> 25 mm<\/p>\n<\/li>\n<li data-section-id=\"51mczo\" data-start=\"1930\" data-end=\"1965\">\n<p data-start=\"1932\" data-end=\"1965\"><strong data-start=\"1932\" data-end=\"1965\">Filtro regulable de pl\u00e1stico<\/strong><\/p>\n<\/li>\n<\/ul>\n<h3 data-section-id=\"a0rm9p\" data-start=\"1967\" data-end=\"1991\">Versiones disponibles<\/h3>\n<ul data-start=\"1993\" data-end=\"2092\">\n<li data-section-id=\"1081g3p\" data-start=\"1993\" data-end=\"2049\">\n<p data-start=\"1995\" data-end=\"2049\">con <strong data-start=\"1999\" data-end=\"2022\">filtro de malla inox<\/strong> \u2013 modelo <strong data-start=\"2033\" data-end=\"2047\">FDA-000005<\/strong><\/p>\n<\/li>\n<li data-section-id=\"13te3xk\" data-start=\"2050\" data-end=\"2092\">\n<p data-start=\"2052\" data-end=\"2092\"><strong data-start=\"2052\" data-end=\"2066\">todo inox<\/strong> \u2013 modelo <strong data-start=\"2077\" data-end=\"2092\">FDA-000015E<\/strong><\/p>\n<\/li>\n<\/ul>\n<hr data-start=\"2094\" data-end=\"2097\">\n<h2 data-section-id=\"xgq6w7\" data-start=\"2099\" data-end=\"2135\">Alturas y \u00e1ngulo de instalaci\u00f3n<\/h2>\n<p data-start=\"2137\" data-end=\"2197\">\ud83d\udc49 <strong data-start=\"2140\" data-end=\"2156\">(PINCHA AQU\u00cd)<\/strong> para la tabla completa de instalaci\u00f3n<\/p>\n<p data-start=\"2199\" data-end=\"2482\">Las alturas indicadas son directrices generales.<br data-start=\"2245\" data-end=\"2248\"\/>Se recomienda el uso de <strong data-start=\"2275\" data-end=\"2307\">tres alturas de instalaci\u00f3n<\/strong> o de <strong data-start=\"2318\" data-end=\"2343\">reguladores de altura<\/strong>, para adaptar la posici\u00f3n del <strong data-start=\"2380\" data-end=\"2438\">bebedero de chupete para comedero come y bebe<\/strong> a las diferentes fases de crecimiento del animal.<\/p>\n<p data-start=\"2484\" data-end=\"2585\">El bebedero <strong data-start=\"2499\" data-end=\"2515\">FDA-000005TP<\/strong> puede instalarse con una inclinaci\u00f3n entre <strong data-start=\"2571\" data-end=\"2584\">15\u00b0 y 45\u00b0<\/strong>:<\/p>\n<ul data-start=\"2587\" data-end=\"2673\">\n<li data-section-id=\"axr87z\" data-start=\"2587\" data-end=\"2631\">\n<p data-start=\"2589\" data-end=\"2631\"><strong data-start=\"2589\" data-end=\"2629\">15\u00b0 \u2192 utilizar la altura m\u00e1s baja<\/strong><\/p>\n<\/li>\n<li data-section-id=\"4csin4\" data-start=\"2632\" data-end=\"2673\">\n<p data-start=\"2634\" data-end=\"2673\"><strong data-start=\"2634\" data-end=\"2673\">45\u00b0 \u2192 utilizar la altura m\u00e1s alta<\/strong><\/p>\n<\/li>\n<\/ul>\n<p data-start=\"2675\" data-end=\"2791\">Esta regulaci\u00f3n garantiza <strong data-start=\"2705\" data-end=\"2743\">una postura correcta de los animales<\/strong> y contribuye a <strong data-start=\"2761\" data-end=\"2790\">reducir el desperdicio de agua<\/strong>.<\/p>\n<hr data-start=\"2793\" data-end=\"2796\">\n<h2 data-section-id=\"is0d26\" data-start=\"2798\" data-end=\"2833\">Presi\u00f3n del agua recomendada<\/h2>\n<p data-start=\"2835\" data-end=\"2959\">La presi\u00f3n m\u00e1xima del agua no debe superar <strong data-start=\"2885\" data-end=\"2903\">4 bar (55 psi)<\/strong> para asegurar el correcto funcionamiento de la instalaci\u00f3n.<\/p>\n<p data-start=\"2961\" data-end=\"3053\">Para <strong data-start=\"2965\" data-end=\"2997\">lechones y lechones destetados<\/strong>, la presi\u00f3n no deber\u00eda superar <strong data-start=\"3034\" data-end=\"3052\">2 bar (28 psi)<\/strong>.<\/p>\n<p data-start=\"3055\" data-end=\"3087\">Presiones m\u00e1s bajas favorecen:<\/p>\n<ul data-start=\"3089\" data-end=\"3225\">\n<li data-section-id=\"11e5cqa\" data-start=\"3089\" data-end=\"3109\">\n<p data-start=\"3091\" data-end=\"3109\">ahorro h\u00eddrico<\/p>\n<\/li>\n<li data-section-id=\"1yzlpkk\" data-start=\"3110\" data-end=\"3152\">\n<p data-start=\"3112\" data-end=\"3152\">mayor duraci\u00f3n de juntas y muelle<\/p>\n<\/li>\n<li data-section-id=\"1qi1tl4\" data-start=\"3153\" data-end=\"3178\">\n<p data-start=\"3155\" data-end=\"3178\">regularidad del flujo<\/p>\n<\/li>\n<li data-section-id=\"agvkv4\" data-start=\"3179\" data-end=\"3197\">\n<p data-start=\"3181\" data-end=\"3197\">facilidad de uso<\/p>\n<\/li>\n<li data-section-id=\"1hn09s\" data-start=\"3198\" data-end=\"3225\">\n<p data-start=\"3200\" data-end=\"3225\">reducci\u00f3n de desperdicios<\/p>\n<\/li>\n<\/ul>\n<p data-start=\"3227\" data-end=\"3342\">\ud83d\udc49 Se recomienda el uso de un <strong data-start=\"3260\" data-end=\"3286\">reductor de presi\u00f3n<\/strong> si la l\u00ednea h\u00eddrica presenta valores elevados o inestables.<\/p>\n<hr data-start=\"3344\" data-end=\"3347\">\n<h2 data-section-id=\"ca3mia\" data-start=\"3349\" data-end=\"3367\">Caudal de agua<\/h2>\n<p data-start=\"3369\" data-end=\"3417\">\ud83d\udc49 <strong data-start=\"3372\" data-end=\"3388\">(PINCHA AQU\u00cd)<\/strong> para la tabla de caudales<\/p>\n<p data-start=\"3419\" data-end=\"3548\">El caudal del <strong data-start=\"3435\" data-end=\"3490\">bebedero autom\u00e1tico de chupete 1\/2&#8243; para porcino<\/strong> var\u00eda en funci\u00f3n de la presi\u00f3n presente en la l\u00ednea h\u00eddrica.<\/p>\n<p data-start=\"3550\" data-end=\"3784\">Para un funcionamiento \u00f3ptimo del sistema se recomienda un <strong data-start=\"3609\" data-end=\"3647\">caudal entre 0,6 y 1 L\/min<\/strong>, para obtener una correcta humectaci\u00f3n del pienso, reduciendo el desperdicio de agua y manteniendo m\u00e1s limpia el \u00e1rea de alimentaci\u00f3n.<\/p>\n<p data-start=\"3786\" data-end=\"3999\">En la versi\u00f3n con <strong data-start=\"3805\" data-end=\"3849\">filtro regulable (modelo FDA-000005TP)<\/strong> el caudal puede regularse mediante el <strong data-start=\"3892\" data-end=\"3921\">capuch\u00f3n de la v\u00e1lvula<\/strong>, que permite adaptar el flujo a la presi\u00f3n disponible en la instalaci\u00f3n.<\/p>\n<p data-start=\"4001\" data-end=\"4075\">En el gr\u00e1fico se destacan <strong data-start=\"4030\" data-end=\"4074\">tres niveles de regulaci\u00f3n de la v\u00e1lvula<\/strong>:<\/p>\n<ul data-start=\"4077\" data-end=\"4354\">\n<li data-section-id=\"jsf9ok\" data-start=\"4077\" data-end=\"4175\">\n<p data-start=\"4079\" data-end=\"4175\"><strong data-start=\"4079\" data-end=\"4115\">Nivel 1 (4\u20139 bar) \u2013 zona verde<\/strong><br data-start=\"4115\" data-end=\"4118\"\/>utilizado cuando la presi\u00f3n de la instalaci\u00f3n es elevada.<\/p>\n<\/li>\n<li data-section-id=\"1b7zwdm\" data-start=\"4177\" data-end=\"4255\">\n<p data-start=\"4179\" data-end=\"4255\"><strong data-start=\"4179\" data-end=\"4213\">Nivel 2 (2\u20134 bar) \u2013 zona azul<\/strong><br data-start=\"4213\" data-end=\"4216\"\/>adecuado para sistemas con presi\u00f3n media.<\/p>\n<\/li>\n<li data-section-id=\"11ztnx0\" data-start=\"4257\" data-end=\"4354\">\n<p data-start=\"4259\" data-end=\"4354\"><strong data-start=\"4259\" data-end=\"4296\">Nivel 3 (0\u20132 bar) \u2013 zona gris<\/strong><br data-start=\"4296\" data-end=\"4299\"\/>ideal para l\u00edneas de abrevadero con baja presi\u00f3n.<\/p>\n<\/li>\n<\/ul>\n<p data-start=\"4356\" data-end=\"4608\">El gr\u00e1fico permite identificar r\u00e1pidamente qu\u00e9 nivel configurar en el capuch\u00f3n de la v\u00e1lvula para obtener un <strong data-start=\"4474\" data-end=\"4553\">caudal estable del bebedero de chupete para comederos come y bebe<\/strong> en funci\u00f3n de la presi\u00f3n disponible en la instalaci\u00f3n.<\/p>\n<p data-start=\"4610\" data-end=\"4724\">Con la correcta regulaci\u00f3n el caudal se mantiene <strong data-start=\"4656\" data-end=\"4679\">en torno a 1,0 L\/min<\/strong>, garantizando un flujo constante y fiable.<\/p>\n<hr data-start=\"4726\" data-end=\"4729\">\n<h2 data-section-id=\"1lqngb5\" data-start=\"4731\" data-end=\"4759\">Contaminaci\u00f3n del agua<\/h2>\n<p data-start=\"4761\" data-end=\"4927\">La contaminaci\u00f3n del agua o de las tuber\u00edas puede representar una de las principales causas de mal funcionamiento de los <strong data-start=\"4878\" data-end=\"4916\">bebederos de chupete para porcino<\/strong> con el tiempo.<\/p>\n<p data-start=\"4929\" data-end=\"5132\">Para prevenir este problema se recomienda la instalaci\u00f3n de <strong data-start=\"4991\" data-end=\"5037\">un filtro en la entrada de la l\u00ednea h\u00eddrica<\/strong>, para retener posibles impurezas y garantizar un funcionamiento regular de la instalaci\u00f3n.<\/p>\n","protected":false},"excerpt":{"rendered":"<p>Rosca 1\/2&#8243; para comederos come y bebe para porcino, con cuerpo de lat\u00f3n y pomo de acero inoxidable.  <strong data-start=\"1609\" data-end=\"1642\">Filtro regulable de pl\u00e1stico.  <\/strong>Activaci\u00f3n autom\u00e1tica al paso de la cabeza del cerdo para humectaci\u00f3n controlada del pienso. Disponible tambi\u00e9n versi\u00f3n todo inox. <\/p>\n<p><a href=\"https:\/\/fdasrl.it\/wp-content\/uploads\/2025\/01\/Installation-of-1-2-nipple-drinker-for-anti-waste-eatdrink-trays.pdf\" target=\"_blank\" rel=\"noopener\">\ud83d\udc49 <strong data-start=\"1158\" data-end=\"1174\">(PINCHA AQU\u00cd)<\/strong> para la tabla completa instalaci\u00f3n<\/a><\/p>\n<p><a href=\"https:\/\/fdasrl.it\/wp-content\/uploads\/2026\/03\/grafico-fda-succhiotto-mangia-bevi-000005tp.jpg\">\ud83d\udc49 <strong data-start=\"1158\" data-end=\"1174\">(PINCHA AQU\u00cd)<\/strong> para la tabla de caudales<\/a><\/p>\n<p><a href=\"https:\/\/fdasrl.it\/wp-content\/uploads\/2026\/03\/FDA0005TP.pdf\">\ud83d\udc49 <strong data-start=\"1158\" data-end=\"1174\">(PINCHA AQU\u00cd)<\/strong> para el plano t\u00e9cnico<\/a><\/p>\n","protected":false},"featured_media":1248,"comment_status":"open","ping_status":"closed","template":"","meta":{"_et_pb_use_builder":"","_et_pb_old_content":"","_et_gb_content_width":""},"product_brand":[],"product_cat":[772,1209,648,1208],"product_tag":[1220],"class_list":{"0":"post-5210","1":"product","2":"type-product","3":"status-publish","4":"has-post-thumbnail","6":"product_cat-bebederos-3","7":"product_cat-bebederos-de-chupete","8":"product_cat-cerdos","9":"product_cat-laton-acero-inoxidable","10":"product_tag-fda-000005tp","12":"first","13":"instock","14":"shipping-taxable","15":"product-type-simple"},"yoast_head":"<!-- This site is optimized with the Yoast SEO Premium plugin v27.5 (Yoast SEO v27.5) - https:\/\/yoast.com\/product\/yoast-seo-premium-wordpress\/ -->\n<title>Bebedero de chupete para comederos come\/bebe FDA-0005TP<\/title>\n<meta name=\"description\" content=\"Optimiza la dieta de tus cerdos con el Bebedero de chupete para comederos come\/bebe FDA-0005TP. \u00a1Garantiza una mejor ingesta del pienso! \ud83d\udc16\" \/>\n<meta name=\"robots\" content=\"index, follow, max-snippet:-1, max-image-preview:large, max-video-preview:-1\" \/>\n<link rel=\"canonical\" href=\"https:\/\/fdasrl.it\/es\/prodotto\/art-fda-000005tp-bebedero-de-chupete-1-2-para-comederos-antidesperdicios-come-bebe\/\" \/>\n<meta property=\"og:locale\" content=\"es_ES\" \/>\n<meta property=\"og:type\" content=\"article\" \/>\n<meta property=\"og:title\" content=\"Art. FDA-000005TP - Bebedero de chupete 1\/2&quot; para comederos antidesperdicios come\/bebe\" \/>\n<meta property=\"og:description\" content=\"Optimiza la dieta de tus cerdos con el Bebedero de chupete para comederos come\/bebe FDA-0005TP. \u00a1Garantiza una mejor ingesta del pienso! \ud83d\udc16\" \/>\n<meta property=\"og:url\" content=\"https:\/\/fdasrl.it\/es\/prodotto\/art-fda-000005tp-bebedero-de-chupete-1-2-para-comederos-antidesperdicios-come-bebe\/\" \/>\n<meta property=\"og:site_name\" content=\"FDA srl\" \/>\n<meta property=\"article:publisher\" content=\"https:\/\/www.facebook.com\/share\/1MWhFWg1Tp\/?mibextid=LQQJ4d\" \/>\n<meta property=\"og:image\" content=\"https:\/\/fdasrl.it\/wp-content\/uploads\/2026\/03\/abbeveratoio-succhiotto-1-2-vaschetta-antispreco-mangia-bevi-con-regolazione.jpg\" \/>\n\t<meta property=\"og:image:width\" content=\"1915\" \/>\n\t<meta property=\"og:image:height\" content=\"1922\" \/>\n\t<meta property=\"og:image:type\" content=\"image\/jpeg\" \/>\n<meta name=\"twitter:card\" content=\"summary_large_image\" \/>\n<meta name=\"twitter:label1\" content=\"Precio\" \/>\n\t<meta name=\"twitter:data1\" content=\"\" \/>\n\t<meta name=\"twitter:label2\" content=\"Disponibilidad\" \/>\n\t<meta name=\"twitter:data2\" content=\"Disponible\" \/>\n<meta property=\"product:price:currency\" content=\"EUR\" \/>\n<meta property=\"og:availability\" content=\"instock\" \/>\n<meta property=\"product:availability\" content=\"instock\" \/>\n<meta property=\"product:retailer_item_id\" content=\"FDA-000005TP\" \/>\n<meta property=\"product:condition\" content=\"new\" \/>\n<!-- \/ Yoast SEO Premium plugin. -->","yoast_head_json":{"title":"Bebedero de chupete para comederos come\/bebe FDA-0005TP","description":"Optimiza la dieta de tus cerdos con el Bebedero de chupete para comederos come\/bebe FDA-0005TP. \u00a1Garantiza una mejor ingesta del pienso! \ud83d\udc16","robots":{"index":"index","follow":"follow","max-snippet":"max-snippet:-1","max-image-preview":"max-image-preview:large","max-video-preview":"max-video-preview:-1"},"canonical":"https:\/\/fdasrl.it\/es\/prodotto\/art-fda-000005tp-bebedero-de-chupete-1-2-para-comederos-antidesperdicios-come-bebe\/","og_locale":"es_ES","og_type":"article","og_title":"Art. FDA-000005TP - Bebedero de chupete 1\/2\" para comederos antidesperdicios come\/bebe","og_description":"Optimiza la dieta de tus cerdos con el Bebedero de chupete para comederos come\/bebe FDA-0005TP. \u00a1Garantiza una mejor ingesta del pienso! \ud83d\udc16","og_url":"https:\/\/fdasrl.it\/es\/prodotto\/art-fda-000005tp-bebedero-de-chupete-1-2-para-comederos-antidesperdicios-come-bebe\/","og_site_name":"FDA srl","article_publisher":"https:\/\/www.facebook.com\/share\/1MWhFWg1Tp\/?mibextid=LQQJ4d","og_image":[{"width":1915,"height":1922,"url":"https:\/\/fdasrl.it\/wp-content\/uploads\/2026\/03\/abbeveratoio-succhiotto-1-2-vaschetta-antispreco-mangia-bevi-con-regolazione.jpg","type":"image\/jpeg"}],"twitter_card":"summary_large_image","twitter_misc":{"Precio":"","Disponibilidad":"Disponible"},"schema":{"@context":"https:\/\/schema.org","@graph":[{"@type":"WebPage","@id":"https:\/\/fdasrl.it\/es\/prodotto\/art-fda-000005tp-bebedero-de-chupete-1-2-para-comederos-antidesperdicios-come-bebe\/","url":"https:\/\/fdasrl.it\/es\/prodotto\/art-fda-000005tp-bebedero-de-chupete-1-2-para-comederos-antidesperdicios-come-bebe\/","name":"Bebedero de chupete para comederos come\/bebe FDA-0005TP","isPartOf":{"@id":"https:\/\/fdasrl.it\/es\/#website"},"primaryImageOfPage":{"@id":"https:\/\/fdasrl.it\/es\/prodotto\/art-fda-000005tp-bebedero-de-chupete-1-2-para-comederos-antidesperdicios-come-bebe\/#primaryimage"},"image":{"@id":"https:\/\/fdasrl.it\/es\/prodotto\/art-fda-000005tp-bebedero-de-chupete-1-2-para-comederos-antidesperdicios-come-bebe\/#primaryimage"},"thumbnailUrl":"https:\/\/fdasrl.it\/wp-content\/uploads\/2026\/03\/abbeveratoio-succhiotto-1-2-vaschetta-antispreco-mangia-bevi-con-regolazione.jpg","datePublished":"2026-03-13T15:40:08+00:00","description":"Optimiza la dieta de tus cerdos con el Bebedero de chupete para comederos come\/bebe FDA-0005TP. \u00a1Garantiza una mejor ingesta del pienso! \ud83d\udc16","breadcrumb":{"@id":"https:\/\/fdasrl.it\/es\/prodotto\/art-fda-000005tp-bebedero-de-chupete-1-2-para-comederos-antidesperdicios-come-bebe\/#breadcrumb"},"inLanguage":"es","potentialAction":[{"@type":"ReadAction","target":["https:\/\/fdasrl.it\/es\/prodotto\/art-fda-000005tp-bebedero-de-chupete-1-2-para-comederos-antidesperdicios-come-bebe\/"]}]},{"@type":"ImageObject","inLanguage":"es","@id":"https:\/\/fdasrl.it\/es\/prodotto\/art-fda-000005tp-bebedero-de-chupete-1-2-para-comederos-antidesperdicios-come-bebe\/#primaryimage","url":"https:\/\/fdasrl.it\/wp-content\/uploads\/2026\/03\/abbeveratoio-succhiotto-1-2-vaschetta-antispreco-mangia-bevi-con-regolazione.jpg","contentUrl":"https:\/\/fdasrl.it\/wp-content\/uploads\/2026\/03\/abbeveratoio-succhiotto-1-2-vaschetta-antispreco-mangia-bevi-con-regolazione.jpg","width":1915,"height":1922,"caption":"Chupete para bebederos con rosca de 1\/2\" y regulaci\u00f3n del caudal del agua."},{"@type":"BreadcrumbList","@id":"https:\/\/fdasrl.it\/es\/prodotto\/art-fda-000005tp-bebedero-de-chupete-1-2-para-comederos-antidesperdicios-come-bebe\/#breadcrumb","itemListElement":[{"@type":"ListItem","position":1,"name":"Home","item":"https:\/\/fdasrl.it\/es\/inicio\/"},{"@type":"ListItem","position":2,"name":"Tienda","item":"https:\/\/fdasrl.it\/es\/tienda\/"},{"@type":"ListItem","position":3,"name":"Art. FDA-000005TP &#8211; Bebedero de chupete 1\/2&#8243; para comederos antidesperdicios come\/bebe"}]},{"@type":"WebSite","@id":"https:\/\/fdasrl.it\/es\/#website","url":"https:\/\/fdasrl.it\/es\/","name":"FDA srl","description":"Equipment for animal husbandry","publisher":{"@id":"https:\/\/fdasrl.it\/es\/#organization"},"potentialAction":[{"@type":"SearchAction","target":{"@type":"EntryPoint","urlTemplate":"https:\/\/fdasrl.it\/es\/?s={search_term_string}"},"query-input":{"@type":"PropertyValueSpecification","valueRequired":true,"valueName":"search_term_string"}}],"inLanguage":"es"},{"@type":"Organization","@id":"https:\/\/fdasrl.it\/es\/#organization","name":"FDA srl","url":"https:\/\/fdasrl.it\/es\/","logo":{"@type":"ImageObject","inLanguage":"es","@id":"https:\/\/fdasrl.it\/es\/#\/schema\/logo\/image\/","url":"https:\/\/fdasrl.it\/wp-content\/uploads\/2024\/12\/Logo-FDA.png","contentUrl":"https:\/\/fdasrl.it\/wp-content\/uploads\/2024\/12\/Logo-FDA.png","width":316,"height":119,"caption":"FDA srl"},"image":{"@id":"https:\/\/fdasrl.it\/es\/#\/schema\/logo\/image\/"},"sameAs":["https:\/\/www.facebook.com\/share\/1MWhFWg1Tp\/?mibextid=LQQJ4d","https:\/\/www.instagram.com\/fda_srl\/profilecard\/?igsh=YW5lbzJ6MWg0d21u","https:\/\/www.youtube.com\/@FDASRL_ANIMALCARE"],"description":"FDA SRL \u2013 Equipment for animal husbandry nasce con l\u2019obiettivo di offrire soluzioni affidabili e innovative per l\u2019allevamento moderno. Con anni di esperienza nel settore zootecnico, progettiamo e realizziamo attrezzature destinate al benessere animale e alla gestione efficiente delle stalle: vasche, abbeveratoi, mangiatoie e sistemi di riscaldamento pensati per durare nel tempo e semplificare il lavoro quotidiano degli allevatori. Dalla progettazione alla produzione, ogni nostro prodotto \u00e8 studiato nei minimi dettagli, testato con cura e costruito per rispondere alle esigenze reali del settore. La nostra forza \u00e8 unire artigianalit\u00e0, tecnologia e competenza tecnica per trasformare ogni progetto in una soluzione concreta e funzionale. Oggi FDA SRL \u00e8 un punto di riferimento per privati e rivenditori che cercano qualit\u00e0, affidabilit\u00e0 e innovazione nelle attrezzature per l\u2019allevamento.","email":"info@fdasrl.it","telephone":"+390522826820","legalName":"F.D.A. SRL","foundingDate":"2024-10-13","vatID":"03075840359","taxID":"03075840359","numberOfEmployees":{"@type":"QuantitativeValue","minValue":"1","maxValue":"10"}}]},"product_price_currency":"EUR","og_availability":"instock","product_availability":"instock","product_retailer_item_id":"FDA-000005TP","product_condition":"new"},"_links":{"self":[{"href":"https:\/\/fdasrl.it\/es\/wp-json\/wp\/v2\/product\/5210","targetHints":{"allow":["GET"]}}],"collection":[{"href":"https:\/\/fdasrl.it\/es\/wp-json\/wp\/v2\/product"}],"about":[{"href":"https:\/\/fdasrl.it\/es\/wp-json\/wp\/v2\/types\/product"}],"replies":[{"embeddable":true,"href":"https:\/\/fdasrl.it\/es\/wp-json\/wp\/v2\/comments?post=5210"}],"wp:featuredmedia":[{"embeddable":true,"href":"https:\/\/fdasrl.it\/es\/wp-json\/wp\/v2\/media\/1248"}],"wp:attachment":[{"href":"https:\/\/fdasrl.it\/es\/wp-json\/wp\/v2\/media?parent=5210"}],"wp:term":[{"taxonomy":"product_brand","embeddable":true,"href":"https:\/\/fdasrl.it\/es\/wp-json\/wp\/v2\/product_brand?post=5210"},{"taxonomy":"product_cat","embeddable":true,"href":"https:\/\/fdasrl.it\/es\/wp-json\/wp\/v2\/product_cat?post=5210"},{"taxonomy":"product_tag","embeddable":true,"href":"https:\/\/fdasrl.it\/es\/wp-json\/wp\/v2\/product_tag?post=5210"}],"curies":[{"name":"wp","href":"https:\/\/api.w.org\/{rel}","templated":true}]}}