{"id":5288,"date":"2025-12-22T11:18:29","date_gmt":"2025-12-22T10:18:29","guid":{"rendered":"https:\/\/fdasrl.it\/prodotto\/art-fda-000003tp-bebedero-de-chupete-1-2-grande-para-cerdas-y-engorde\/"},"modified":"2025-12-22T11:18:29","modified_gmt":"2025-12-22T10:18:29","slug":"art-fda-000003tp-bebedero-de-chupete-1-2-grande-para-cerdas-y-engorde","status":"publish","type":"product","link":"https:\/\/fdasrl.it\/es\/prodotto\/art-fda-000003tp-bebedero-de-chupete-1-2-grande-para-cerdas-y-engorde\/","title":{"rendered":"Art. FDA-000003TP \u2013 Bebedero de chupete 1\/2\u201d grande para cerdas y engorde"},"content":{"rendered":"<h2>Bebedero autom\u00e1tico de chupete 1\/2&#8243; regulable para cerdas y cerdos de engorde \u2013 Modelo FDA-000003TP<\/h2>\n<h3>Descripci\u00f3n del producto<\/h3>\n<p>El bebedero autom\u00e1tico de chupete regulable <strong>FDA-000003TP<\/strong> est\u00e1 dise\u00f1ado para garantizar fiabilidad, durabilidad y un suministro de agua constante en las l\u00edneas dedicadas a <strong data-start=\"435\" data-end=\"445\">cerdas<\/strong> y <strong data-start=\"448\" data-end=\"469\">cerdos de engorde<\/strong>.<br \/>\nFabricado con materiales robustos y pensado para una instalaci\u00f3n r\u00e1pida, representa una soluci\u00f3n ideal para las explotaciones porcinas que requieren <strong>eficiencia, higiene y resistencia<\/strong> incluso en las condiciones m\u00e1s intensivas.<\/p>\n<hr>\n<h3>Caracter\u00edsticas t\u00e9cnicas<\/h3>\n<ul>\n<li>Rosca de lat\u00f3n<\/li>\n<li>Tubo y perno de acero inoxidable<\/li>\n<li>Conexi\u00f3n de agua 1\/2&#8243;<\/li>\n<li>Longitud total: 81,8 mm<\/li>\n<li>Tubo del bebedero \u00d8 25 mm<\/li>\n<li>Perno \u00d8 8 mm<\/li>\n<li>Peso: 124 g.<\/li>\n<li>Hex\u00e1gono 25 mm<\/li>\n<li>Filtro regulable de pl\u00e1stico<\/li>\n<\/ul>\n<hr>\n<h3>Alturas y \u00e1ngulo de instalaci\u00f3n<\/h3>\n<p><a href=\"https:\/\/fdasrl.it\/wp-content\/uploads\/2025\/12\/Installation-Fda-Nipple-drinkers-1-2_compressed.pdf\">\ud83d\udc49 <\/a><em>(<a href=\"https:\/\/fdasrl.it\/wp-content\/uploads\/2025\/12\/Installation-Fda-Nipple-drinkers-1-2-sows-fattening-pigs_compressed.pdf\">HAZ CLIC AQU\u00cd) para ver la tabla completa de instalaci\u00f3n<\/a><\/em><\/p>\n<p>Las alturas indicadas son pautas generales.<br \/>\nPara la cr\u00eda de cerdos de recr\u00eda se recomienda el uso de <strong>dos alturas de instalaci\u00f3n<\/strong> o de <strong>reguladores de altura<\/strong>, para adaptar la posici\u00f3n del bebedero al crecimiento de los animales.<\/p>\n<p>El bebedero FDA-000003TP puede instalarse con una inclinaci\u00f3n de entre <strong>15\u00b0 y 45\u00b0<\/strong>:<\/p>\n<ul>\n<li><strong>15\u00b0 \u2192<\/strong> utiliza la altura m\u00e1s baja<\/li>\n<li><strong>45\u00b0 \u2192<\/strong> utiliza la altura m\u00e1s alta<\/li>\n<\/ul>\n<p>Esta regulaci\u00f3n garantiza una postura correcta de los animales y reduce el desperdicio de agua.<\/p>\n<hr>\n<h3>Presi\u00f3n de agua recomendada<\/h3>\n<p>La presi\u00f3n m\u00e1xima del agua no debe superar los <strong>4 bar (55 psi)<\/strong> para asegurar el correcto funcionamiento del sistema.<\/p>\n<p>Para lechones y lechones destetados, la presi\u00f3n no deber\u00eda superar los <strong>2 bar (28 psi)<\/strong>.<\/p>\n<p>Presiones m\u00e1s bajas favorecen:<\/p>\n<ul>\n<li>ahorro h\u00eddrico<\/li>\n<li>mayor duraci\u00f3n de juntas y muelle<\/li>\n<li>regularidad del flujo<\/li>\n<li>facilidad de uso<\/li>\n<li>reducci\u00f3n de desperdicios<\/li>\n<\/ul>\n<p>\ud83d\udc49 <em>Se recomienda el uso de un reductor de presi\u00f3n si la l\u00ednea de agua presenta valores elevados o inestables.<\/em><\/p>\n<hr>\n<h3>Caudal de agua<\/h3>\n<p><a href=\"https:\/\/fdasrl.it\/wp-content\/uploads\/2025\/12\/fda-valvola-grafico-portata-costante-livelli-pressione-0-3-6-9-bar.webp\">\ud83d\udc49 <em>(HAZ CLIC AQU\u00cd) para ver la tabla de caudales<\/em><\/a><\/p>\n<p data-start=\"2299\" data-end=\"2464\">El caudal var\u00eda seg\u00fan la presi\u00f3n de la l\u00ednea de agua.<br data-start=\"2367\" data-end=\"2370\"\/>Para <strong data-start=\"2374\" data-end=\"2384\">cerdas<\/strong> y <strong data-start=\"2387\" data-end=\"2408\">cerdos de engorde<\/strong>, se recomienda un caudal comprendido indicativamente entre:<\/p>\n<ul data-start=\"2466\" data-end=\"2533\">\n<li data-start=\"2466\" data-end=\"2533\">\n<p data-start=\"2468\" data-end=\"2533\"><strong data-start=\"2468\" data-end=\"2487\">1,0 y 2,0 l\/min<\/strong>, en funci\u00f3n de las necesidades de la explotaci\u00f3n.<\/p>\n<\/li>\n<\/ul>\n<p data-start=\"239\" data-end=\"478\">Esta imagen muestra el gr\u00e1fico del <strong data-start=\"279\" data-end=\"329\">caudal constante de una v\u00e1lvula regulable FDA<\/strong>, que suministra <strong data-start=\"341\" data-end=\"364\">1,4 litros por minuto <\/strong>independientemente de la presi\u00f3n.<br data-start=\"399\" data-end=\"402\"\/>En el gr\u00e1fico se destacan los <strong data-start=\"433\" data-end=\"477\">tres niveles de regulaci\u00f3n de la v\u00e1lvula<\/strong>:<\/p>\n<ul data-start=\"480\" data-end=\"747\">\n<li data-start=\"480\" data-end=\"576\">\n<p data-start=\"482\" data-end=\"576\"><strong data-start=\"482\" data-end=\"506\">Nivel 1 (7\u20139 bar):<\/strong> zona verde, utilizada cuando la presi\u00f3n del sistema es elevada.<\/p>\n<\/li>\n<li data-start=\"577\" data-end=\"653\">\n<p data-start=\"579\" data-end=\"653\"><strong data-start=\"579\" data-end=\"603\">Nivel 2 (3\u20136 bar):<\/strong> zona azul, apto para sistemas con presi\u00f3n media.<\/p>\n<\/li>\n<li data-start=\"654\" data-end=\"747\">\n<p data-start=\"656\" data-end=\"747\"><strong data-start=\"656\" data-end=\"680\">Nivel 3 (0\u20133 bar):<\/strong> zona gris, ideal para l\u00edneas de bebida con baja presi\u00f3n.<\/p>\n<\/li>\n<\/ul>\n<p data-start=\"749\" data-end=\"1025\">El gr\u00e1fico ayuda a entender r\u00e1pidamente <strong data-start=\"787\" data-end=\"844\">qu\u00e9 nivel configurar en el tap\u00f3n de la v\u00e1lvula<\/strong> para obtener un caudal estable y correcto seg\u00fan la presi\u00f3n disponible en el sistema. El caudal se mantiene estable en <strong data-start=\"967\" data-end=\"980\">1,4 l\/min<\/strong>, garantizando un flujo constante y fiable. <\/p>\n<p>El uso de  <strong>reductores de presi\u00f3n<\/strong>  permite una gesti\u00f3n centralizada del sistema, especialmente \u00fatil en los meses de verano cuando puede ser necesario aumentar el caudal.<\/p>\n","protected":false},"excerpt":{"rendered":"<p>Bebedero autom\u00e1tico de chupete FDA-000003TP en lat\u00f3n e inox, con conexi\u00f3n 1\/2&#8243; y v\u00e1lvula regulable. Fiable, resistente e ideal para garantizar un suministro de agua controlado para cerdas y cerdos de engorde.<\/p>\n<p><a href=\"https:\/\/fdasrl.it\/wp-content\/uploads\/2025\/12\/Installation-Fda-Nipple-drinkers-1-2-sows-fattening-pigs_compressed.pdf\">\ud83d\udc49 <b>(HAZ CLIC AQU\u00cd)<\/b> para ver la tabla completa de instalaci\u00f3n<\/a><\/p>\n<p><a href=\"https:\/\/fdasrl.it\/wp-content\/uploads\/2025\/12\/fda-valvola-grafico-portata-costante-livelli-pressione-0-3-6-9-bar.webp\">\ud83d\udc49 <b>(HAZ CLIC AQU\u00cd)<\/b> para ver la tabla de caudales<\/a><\/p>\n<p>\ud83d\udc49 <a href=\"https:\/\/fdasrl.it\/wp-content\/uploads\/2025\/12\/FDA00003TP_compressed.pdf\"><b>(HAZ CLIC AQU\u00cd)<\/b> para el dise\u00f1o t\u00e9cnico<\/a><\/p>\n","protected":false},"featured_media":1043,"comment_status":"open","ping_status":"closed","template":"","meta":{"_et_pb_use_builder":"","_et_pb_old_content":"","_et_gb_content_width":""},"product_brand":[],"product_cat":[772,1209,648,1208],"product_tag":[1236],"class_list":{"0":"post-5288","1":"product","2":"type-product","3":"status-publish","4":"has-post-thumbnail","6":"product_cat-bebederos-3","7":"product_cat-bebederos-de-chupete","8":"product_cat-cerdos","9":"product_cat-laton-acero-inoxidable","10":"product_tag-fda-000003tp","12":"first","13":"instock","14":"shipping-taxable","15":"product-type-simple"},"yoast_head":"<!-- This site is optimized with the Yoast SEO Premium plugin v27.5 (Yoast SEO v27.5) - https:\/\/yoast.com\/product\/yoast-seo-premium-wordpress\/ -->\n<title>Bebedero autom\u00e1tico regulable para cerdas y cerdos de engorde<\/title>\n<meta name=\"description\" content=\"Descubre el bebedero autom\u00e1tico regulable FDA-000003TP para cerdas y cerdos de engorde. \u00a1Garantiza agua constante y duradera para tu explotaci\u00f3n!\" \/>\n<meta name=\"robots\" content=\"index, follow, max-snippet:-1, max-image-preview:large, max-video-preview:-1\" \/>\n<link rel=\"canonical\" href=\"https:\/\/fdasrl.it\/es\/prodotto\/art-fda-000003tp-bebedero-de-chupete-1-2-grande-para-cerdas-y-engorde\/\" \/>\n<meta property=\"og:locale\" content=\"es_ES\" \/>\n<meta property=\"og:type\" content=\"article\" \/>\n<meta property=\"og:title\" content=\"Art. FDA-000003TP \u2013 Bebedero de chupete 1\/2\u201d grande para cerdas y engorde\" \/>\n<meta property=\"og:description\" content=\"Descubre el bebedero autom\u00e1tico regulable FDA-000003TP para cerdas y cerdos de engorde. \u00a1Garantiza agua constante y duradera para tu explotaci\u00f3n!\" \/>\n<meta property=\"og:url\" content=\"https:\/\/fdasrl.it\/es\/prodotto\/art-fda-000003tp-bebedero-de-chupete-1-2-grande-para-cerdas-y-engorde\/\" \/>\n<meta property=\"og:site_name\" content=\"FDA srl\" \/>\n<meta property=\"article:publisher\" content=\"https:\/\/www.facebook.com\/share\/1MWhFWg1Tp\/?mibextid=LQQJ4d\" \/>\n<meta property=\"og:image\" content=\"https:\/\/fdasrl.it\/wp-content\/uploads\/2025\/12\/abbeveratoio-succhiotto-scrofe-suini-ingrasso-ottone-acciaio.webp\" \/>\n\t<meta property=\"og:image:width\" content=\"1866\" \/>\n\t<meta property=\"og:image:height\" content=\"1476\" \/>\n\t<meta property=\"og:image:type\" content=\"image\/webp\" \/>\n<meta name=\"twitter:card\" content=\"summary_large_image\" \/>\n<meta name=\"twitter:label1\" content=\"Precio\" \/>\n\t<meta name=\"twitter:data1\" content=\"\" \/>\n\t<meta name=\"twitter:label2\" content=\"Disponibilidad\" \/>\n\t<meta name=\"twitter:data2\" content=\"Disponible\" \/>\n<meta property=\"product:price:currency\" content=\"EUR\" \/>\n<meta property=\"og:availability\" content=\"instock\" \/>\n<meta property=\"product:availability\" content=\"instock\" \/>\n<meta property=\"product:retailer_item_id\" content=\"FDA-000003TP\" \/>\n<meta property=\"product:condition\" content=\"new\" \/>\n<!-- \/ Yoast SEO Premium plugin. -->","yoast_head_json":{"title":"Bebedero autom\u00e1tico regulable para cerdas y cerdos de engorde","description":"Descubre el bebedero autom\u00e1tico regulable FDA-000003TP para cerdas y cerdos de engorde. \u00a1Garantiza agua constante y duradera para tu explotaci\u00f3n!","robots":{"index":"index","follow":"follow","max-snippet":"max-snippet:-1","max-image-preview":"max-image-preview:large","max-video-preview":"max-video-preview:-1"},"canonical":"https:\/\/fdasrl.it\/es\/prodotto\/art-fda-000003tp-bebedero-de-chupete-1-2-grande-para-cerdas-y-engorde\/","og_locale":"es_ES","og_type":"article","og_title":"Art. FDA-000003TP \u2013 Bebedero de chupete 1\/2\u201d grande para cerdas y engorde","og_description":"Descubre el bebedero autom\u00e1tico regulable FDA-000003TP para cerdas y cerdos de engorde. \u00a1Garantiza agua constante y duradera para tu explotaci\u00f3n!","og_url":"https:\/\/fdasrl.it\/es\/prodotto\/art-fda-000003tp-bebedero-de-chupete-1-2-grande-para-cerdas-y-engorde\/","og_site_name":"FDA srl","article_publisher":"https:\/\/www.facebook.com\/share\/1MWhFWg1Tp\/?mibextid=LQQJ4d","og_image":[{"width":1866,"height":1476,"url":"https:\/\/fdasrl.it\/wp-content\/uploads\/2025\/12\/abbeveratoio-succhiotto-scrofe-suini-ingrasso-ottone-acciaio.webp","type":"image\/webp"}],"twitter_card":"summary_large_image","twitter_misc":{"Precio":"","Disponibilidad":"Disponible"},"schema":{"@context":"https:\/\/schema.org","@graph":[{"@type":"WebPage","@id":"https:\/\/fdasrl.it\/es\/prodotto\/art-fda-000003tp-bebedero-de-chupete-1-2-grande-para-cerdas-y-engorde\/","url":"https:\/\/fdasrl.it\/es\/prodotto\/art-fda-000003tp-bebedero-de-chupete-1-2-grande-para-cerdas-y-engorde\/","name":"Bebedero autom\u00e1tico regulable para cerdas y cerdos de engorde","isPartOf":{"@id":"https:\/\/fdasrl.it\/es\/#website"},"primaryImageOfPage":{"@id":"https:\/\/fdasrl.it\/es\/prodotto\/art-fda-000003tp-bebedero-de-chupete-1-2-grande-para-cerdas-y-engorde\/#primaryimage"},"image":{"@id":"https:\/\/fdasrl.it\/es\/prodotto\/art-fda-000003tp-bebedero-de-chupete-1-2-grande-para-cerdas-y-engorde\/#primaryimage"},"thumbnailUrl":"https:\/\/fdasrl.it\/wp-content\/uploads\/2025\/12\/abbeveratoio-succhiotto-scrofe-suini-ingrasso-ottone-acciaio.webp","datePublished":"2025-12-22T10:18:29+00:00","description":"Descubre el bebedero autom\u00e1tico regulable FDA-000003TP para cerdas y cerdos de engorde. \u00a1Garantiza agua constante y duradera para tu explotaci\u00f3n!","breadcrumb":{"@id":"https:\/\/fdasrl.it\/es\/prodotto\/art-fda-000003tp-bebedero-de-chupete-1-2-grande-para-cerdas-y-engorde\/#breadcrumb"},"inLanguage":"es","potentialAction":[{"@type":"ReadAction","target":["https:\/\/fdasrl.it\/es\/prodotto\/art-fda-000003tp-bebedero-de-chupete-1-2-grande-para-cerdas-y-engorde\/"]}]},{"@type":"ImageObject","inLanguage":"es","@id":"https:\/\/fdasrl.it\/es\/prodotto\/art-fda-000003tp-bebedero-de-chupete-1-2-grande-para-cerdas-y-engorde\/#primaryimage","url":"https:\/\/fdasrl.it\/wp-content\/uploads\/2025\/12\/abbeveratoio-succhiotto-scrofe-suini-ingrasso-ottone-acciaio.webp","contentUrl":"https:\/\/fdasrl.it\/wp-content\/uploads\/2025\/12\/abbeveratoio-succhiotto-scrofe-suini-ingrasso-ottone-acciaio.webp","width":1866,"height":1476,"caption":"Pig nipple drinker for sows and fattening pigs with brass thread and steel body, product photo"},{"@type":"BreadcrumbList","@id":"https:\/\/fdasrl.it\/es\/prodotto\/art-fda-000003tp-bebedero-de-chupete-1-2-grande-para-cerdas-y-engorde\/#breadcrumb","itemListElement":[{"@type":"ListItem","position":1,"name":"Home","item":"https:\/\/fdasrl.it\/es\/inicio\/"},{"@type":"ListItem","position":2,"name":"Tienda","item":"https:\/\/fdasrl.it\/es\/tienda\/"},{"@type":"ListItem","position":3,"name":"Art. FDA-000003TP \u2013 Bebedero de chupete 1\/2\u201d grande para cerdas y engorde"}]},{"@type":"WebSite","@id":"https:\/\/fdasrl.it\/es\/#website","url":"https:\/\/fdasrl.it\/es\/","name":"FDA srl","description":"Equipment for animal husbandry","publisher":{"@id":"https:\/\/fdasrl.it\/es\/#organization"},"potentialAction":[{"@type":"SearchAction","target":{"@type":"EntryPoint","urlTemplate":"https:\/\/fdasrl.it\/es\/?s={search_term_string}"},"query-input":{"@type":"PropertyValueSpecification","valueRequired":true,"valueName":"search_term_string"}}],"inLanguage":"es"},{"@type":"Organization","@id":"https:\/\/fdasrl.it\/es\/#organization","name":"FDA srl","url":"https:\/\/fdasrl.it\/es\/","logo":{"@type":"ImageObject","inLanguage":"es","@id":"https:\/\/fdasrl.it\/es\/#\/schema\/logo\/image\/","url":"https:\/\/fdasrl.it\/wp-content\/uploads\/2024\/12\/Logo-FDA.png","contentUrl":"https:\/\/fdasrl.it\/wp-content\/uploads\/2024\/12\/Logo-FDA.png","width":316,"height":119,"caption":"FDA srl"},"image":{"@id":"https:\/\/fdasrl.it\/es\/#\/schema\/logo\/image\/"},"sameAs":["https:\/\/www.facebook.com\/share\/1MWhFWg1Tp\/?mibextid=LQQJ4d","https:\/\/www.instagram.com\/fda_srl\/profilecard\/?igsh=YW5lbzJ6MWg0d21u","https:\/\/www.youtube.com\/@FDASRL_ANIMALCARE"],"description":"FDA SRL \u2013 Equipment for animal husbandry nasce con l\u2019obiettivo di offrire soluzioni affidabili e innovative per l\u2019allevamento moderno. Con anni di esperienza nel settore zootecnico, progettiamo e realizziamo attrezzature destinate al benessere animale e alla gestione efficiente delle stalle: vasche, abbeveratoi, mangiatoie e sistemi di riscaldamento pensati per durare nel tempo e semplificare il lavoro quotidiano degli allevatori. Dalla progettazione alla produzione, ogni nostro prodotto \u00e8 studiato nei minimi dettagli, testato con cura e costruito per rispondere alle esigenze reali del settore. La nostra forza \u00e8 unire artigianalit\u00e0, tecnologia e competenza tecnica per trasformare ogni progetto in una soluzione concreta e funzionale. Oggi FDA SRL \u00e8 un punto di riferimento per privati e rivenditori che cercano qualit\u00e0, affidabilit\u00e0 e innovazione nelle attrezzature per l\u2019allevamento.","email":"info@fdasrl.it","telephone":"+390522826820","legalName":"F.D.A. SRL","foundingDate":"2024-10-13","vatID":"03075840359","taxID":"03075840359","numberOfEmployees":{"@type":"QuantitativeValue","minValue":"1","maxValue":"10"}}]},"product_price_currency":"EUR","og_availability":"instock","product_availability":"instock","product_retailer_item_id":"FDA-000003TP","product_condition":"new"},"_links":{"self":[{"href":"https:\/\/fdasrl.it\/es\/wp-json\/wp\/v2\/product\/5288","targetHints":{"allow":["GET"]}}],"collection":[{"href":"https:\/\/fdasrl.it\/es\/wp-json\/wp\/v2\/product"}],"about":[{"href":"https:\/\/fdasrl.it\/es\/wp-json\/wp\/v2\/types\/product"}],"replies":[{"embeddable":true,"href":"https:\/\/fdasrl.it\/es\/wp-json\/wp\/v2\/comments?post=5288"}],"wp:featuredmedia":[{"embeddable":true,"href":"https:\/\/fdasrl.it\/es\/wp-json\/wp\/v2\/media\/1043"}],"wp:attachment":[{"href":"https:\/\/fdasrl.it\/es\/wp-json\/wp\/v2\/media?parent=5288"}],"wp:term":[{"taxonomy":"product_brand","embeddable":true,"href":"https:\/\/fdasrl.it\/es\/wp-json\/wp\/v2\/product_brand?post=5288"},{"taxonomy":"product_cat","embeddable":true,"href":"https:\/\/fdasrl.it\/es\/wp-json\/wp\/v2\/product_cat?post=5288"},{"taxonomy":"product_tag","embeddable":true,"href":"https:\/\/fdasrl.it\/es\/wp-json\/wp\/v2\/product_tag?post=5288"}],"curies":[{"name":"wp","href":"https:\/\/api.w.org\/{rel}","templated":true}]}}