{"id":5431,"date":"2026-03-17T12:12:41","date_gmt":"2026-03-17T11:12:41","guid":{"rendered":"https:\/\/fdasrl.it\/prodotto\/bebedero-automatico-de-chupete-1-2-para-lechones-con-valvula-ajustable-modelo-fda-000022tp\/"},"modified":"2026-03-17T12:12:41","modified_gmt":"2026-03-17T11:12:41","slug":"bebedero-automatico-de-chupete-1-2-para-lechones-con-valvula-ajustable-modelo-fda-000022tp","status":"publish","type":"product","link":"https:\/\/fdasrl.it\/es\/prodotto\/bebedero-automatico-de-chupete-1-2-para-lechones-con-valvula-ajustable-modelo-fda-000022tp\/","title":{"rendered":"Bebedero autom\u00e1tico de chupete 1\/2&#8243; para lechones con v\u00e1lvula ajustable \u2013 Modelo FDA-000022TP"},"content":{"rendered":"<h2 data-section-id=\"1x88uas\" data-start=\"122\" data-end=\"229\"><strong data-start=\"125\" data-end=\"229\">Bebedero autom\u00e1tico de chupete 1\/2&#8243; para lechones con v\u00e1lvula ajustable \u2013 Modelo FDA-000022TP<\/strong><\/h2>\n<h3 data-section-id=\"jbtoyn\" data-start=\"231\" data-end=\"265\"><strong data-start=\"235\" data-end=\"263\">Descripci\u00f3n del producto<\/strong><\/h3>\n<p data-start=\"266\" data-end=\"436\">El bebedero autom\u00e1tico para lechones <strong data-start=\"305\" data-end=\"321\">FDA-000022TP<\/strong> est\u00e1 dise\u00f1ado para garantizar un suministro de agua constante y f\u00e1cilmente accesible en las primeras etapas de crecimiento.<\/p>\n<p data-start=\"438\" data-end=\"639\">Equipado con <strong data-start=\"448\" data-end=\"470\">v\u00e1lvula ajustable<\/strong>, permite adaptar con precisi\u00f3n el caudal seg\u00fan las necesidades de los animales y las condiciones de la instalaci\u00f3n, mejorando la eficiencia y reduciendo el desperdicio.<\/p>\n<p data-start=\"641\" data-end=\"813\">Fabricado con materiales resistentes y pensado para una instalaci\u00f3n r\u00e1pida, representa una soluci\u00f3n ideal para granjas que requieren control, higiene y fiabilidad.<\/p>\n<hr data-start=\"815\" data-end=\"818\">\n<h3 data-section-id=\"w1my6q\" data-start=\"820\" data-end=\"852\"><strong data-start=\"824\" data-end=\"852\">Caracter\u00edsticas t\u00e9cnicas<\/strong><\/h3>\n<ul data-start=\"853\" data-end=\"1107\">\n<li data-section-id=\"1j1tkb1\" data-start=\"853\" data-end=\"874\">\n<p data-start=\"855\" data-end=\"874\">Rosca de lat\u00f3n<\/p>\n<\/li>\n<li data-section-id=\"dg8e7\" data-start=\"875\" data-end=\"907\">\n<p data-start=\"877\" data-end=\"907\">Tubo y perno de acero inox<\/p>\n<\/li>\n<li data-section-id=\"fivce\" data-start=\"908\" data-end=\"930\">\n<p data-start=\"910\" data-end=\"930\">Conexi\u00f3n de agua 1\/2&#8243;<\/p>\n<\/li>\n<li data-section-id=\"2l09rp\" data-start=\"931\" data-end=\"960\">\n<p data-start=\"933\" data-end=\"960\">Longitud total: 55,0 mm<\/p>\n<\/li>\n<li data-section-id=\"b1l74y\" data-start=\"961\" data-end=\"990\">\n<p data-start=\"963\" data-end=\"990\">Tubo bebedero \u00d8 16 mm<\/p>\n<\/li>\n<li data-section-id=\"1t891y8\" data-start=\"991\" data-end=\"1007\">\n<p data-start=\"993\" data-end=\"1007\">Perno \u00d8 6 mm<\/p>\n<\/li>\n<li data-section-id=\"104rgaa\" data-start=\"1008\" data-end=\"1022\">\n<p data-start=\"1010\" data-end=\"1022\">Peso: 68 g<\/p>\n<\/li>\n<li data-section-id=\"1g74jjp\" data-start=\"1023\" data-end=\"1040\">\n<p data-start=\"1025\" data-end=\"1040\">Hex\u00e1gono 21 mm<\/p>\n<\/li>\n<li data-section-id=\"10hztla\" data-start=\"1041\" data-end=\"1107\">\n<p data-start=\"1043\" data-end=\"1107\"><strong data-start=\"1043\" data-end=\"1107\">V\u00e1lvula ajustable de pl\u00e1stico para la gesti\u00f3n del caudal<\/strong><\/p>\n<\/li>\n<\/ul>\n<hr data-start=\"1109\" data-end=\"1112\">\n<h3 data-section-id=\"m3h7tw\" data-start=\"1114\" data-end=\"1157\"><strong data-start=\"1118\" data-end=\"1155\">Alturas y \u00e1ngulo de instalaci\u00f3n<\/strong><\/h3>\n<p data-start=\"1158\" data-end=\"1216\"><a href=\"https:\/\/fdasrl.it\/wp-content\/uploads\/2025\/11\/Installation-Fda-Nipple-drinkers-3-8_compressed.pdf\">\ud83d\udc49 (HAZ CLIC AQU\u00cd) para ver la tabla completa de instalaci\u00f3n<\/a><\/p>\n<p data-start=\"1218\" data-end=\"1266\">Las alturas indicadas son pautas generales.<\/p>\n<p data-start=\"1268\" data-end=\"1399\">Para los lechones es fundamental colocar correctamente el bebedero para facilitar su uso desde las primeras etapas de crecimiento.<\/p>\n<p data-start=\"1401\" data-end=\"1502\">El bebedero <strong data-start=\"1416\" data-end=\"1432\">FDA-000022TP<\/strong> puede instalarse con una inclinaci\u00f3n de entre <strong data-start=\"1488\" data-end=\"1501\">15\u00b0 y 45\u00b0<\/strong>:<\/p>\n<ul data-start=\"1504\" data-end=\"1586\">\n<li data-section-id=\"zue5w4\" data-start=\"1504\" data-end=\"1555\">\n<p data-start=\"1506\" data-end=\"1555\"><strong data-start=\"1506\" data-end=\"1553\">15\u00b0 \u2192 posici\u00f3n m\u00e1s baja y accesible<\/strong><\/p>\n<\/li>\n<li data-section-id=\"qkmnq9\" data-start=\"1556\" data-end=\"1586\">\n<p data-start=\"1558\" data-end=\"1586\"><strong data-start=\"1558\" data-end=\"1586\">45\u00b0 \u2192 posici\u00f3n m\u00e1s alta<\/strong><\/p>\n<\/li>\n<\/ul>\n<p data-start=\"1588\" data-end=\"1668\">Un ajuste correcto favorece el aprendizaje y reduce el desperdicio de agua.<\/p>\n<hr data-start=\"1670\" data-end=\"1673\">\n<h3 data-section-id=\"1m3l471\" data-start=\"1675\" data-end=\"1717\"><strong data-start=\"1679\" data-end=\"1715\">Presi\u00f3n de agua recomendada<\/strong><\/h3>\n<p data-start=\"1718\" data-end=\"1837\">Para los lechones se recomienda una presi\u00f3n <strong data-start=\"1761\" data-end=\"1795\">no superior a 2 bar (28 psi)<\/strong>, para garantizar la facilidad de activaci\u00f3n.<\/p>\n<p data-start=\"1839\" data-end=\"1920\">La presi\u00f3n m\u00e1xima de la instalaci\u00f3n no debe superar en ning\u00fan caso los <strong data-start=\"1901\" data-end=\"1919\">4 bar (55 psi)<\/strong>.<\/p>\n<p data-start=\"1922\" data-end=\"1954\">Las presiones m\u00e1s bajas favorecen:<\/p>\n<ul data-start=\"1955\" data-end=\"2106\">\n<li data-section-id=\"kn5i9v\" data-start=\"1955\" data-end=\"1988\">\n<p data-start=\"1957\" data-end=\"1988\">facilidad de uso para los lechones<\/p>\n<\/li>\n<li data-section-id=\"11e5cqa\" data-start=\"1989\" data-end=\"2009\">\n<p data-start=\"1991\" data-end=\"2009\">ahorro h\u00eddrico<\/p>\n<\/li>\n<li data-section-id=\"1yzlpkk\" data-start=\"2010\" data-end=\"2052\">\n<p data-start=\"2012\" data-end=\"2052\">mayor duraci\u00f3n de juntas y muelle<\/p>\n<\/li>\n<li data-section-id=\"1qi1tl4\" data-start=\"2053\" data-end=\"2078\">\n<p data-start=\"2055\" data-end=\"2078\">regularidad del flujo<\/p>\n<\/li>\n<li data-section-id=\"1hn09s\" data-start=\"2079\" data-end=\"2106\">\n<p data-start=\"2081\" data-end=\"2106\">reducci\u00f3n de desperdicios<\/p>\n<\/li>\n<\/ul>\n<p data-start=\"2108\" data-end=\"2189\">\ud83d\udc49 Se recomienda el uso de un reductor de presi\u00f3n para mantener valores constantes.<\/p>\n<hr data-start=\"2191\" data-end=\"2194\">\n<h3 data-section-id=\"1rk201d\" data-start=\"169\" data-end=\"194\"><strong data-start=\"173\" data-end=\"192\">Caudal de agua<\/strong><\/h3>\n<p data-start=\"195\" data-end=\"241\">\ud83d\udc49 <a href=\"https:\/\/fdasrl.it\/wp-content\/uploads\/2026\/03\/grafico-fda-succhiotto-mangia-bevi-000005tp.jpg\">(HAZ CLIC AQU\u00cd) para ver la tabla de caudales<\/a><\/p>\n<p data-start=\"243\" data-end=\"360\">El caudal del bebedero autom\u00e1tico de chupete 1\/2&#8243; var\u00eda seg\u00fan la presi\u00f3n presente en la l\u00ednea de agua.<\/p>\n<p data-start=\"362\" data-end=\"595\">Para un funcionamiento \u00f3ptimo del sistema se recomienda un caudal de entre <strong data-start=\"442\" data-end=\"461\">0,6 y 1,0 L\/min<\/strong>, para garantizar una correcta hidrataci\u00f3n de los lechones reduciendo el desperdicio de agua y manteniendo m\u00e1s limpia el \u00e1rea de cr\u00eda.<\/p>\n<p data-start=\"597\" data-end=\"807\">En la versi\u00f3n con <strong data-start=\"616\" data-end=\"661\">v\u00e1lvula ajustable (modelo FDA-000022TP)<\/strong> el caudal puede configurarse mediante el tap\u00f3n de la v\u00e1lvula, permitiendo adaptar el flujo a la presi\u00f3n disponible en la instalaci\u00f3n.<\/p>\n<p data-start=\"809\" data-end=\"865\">En el gr\u00e1fico se destacan tres niveles de ajuste:<\/p>\n<ul data-start=\"867\" data-end=\"1090\">\n<li data-section-id=\"80vfqb\" data-start=\"867\" data-end=\"946\">\n<p data-start=\"869\" data-end=\"946\"><strong data-start=\"869\" data-end=\"905\">Nivel 1 (4\u20139 bar) \u2013 zona verde<\/strong><br data-start=\"905\" data-end=\"908\"\/>para instalaciones con presi\u00f3n elevada<\/p>\n<\/li>\n<li data-section-id=\"1gr8l3v\" data-start=\"948\" data-end=\"1015\">\n<p data-start=\"950\" data-end=\"1015\"><strong data-start=\"950\" data-end=\"984\">Nivel 2 (2\u20134 bar) \u2013 zona azul<\/strong><br data-start=\"984\" data-end=\"987\"\/>para presiones intermedias<\/p>\n<\/li>\n<li data-section-id=\"sd5jiu\" data-start=\"1017\" data-end=\"1090\">\n<p data-start=\"1019\" data-end=\"1090\"><strong data-start=\"1019\" data-end=\"1056\">Nivel 3 (0\u20132 bar) \u2013 zona gris<\/strong><br data-start=\"1056\" data-end=\"1059\"\/>para l\u00edneas de baja presi\u00f3n<\/p>\n<\/li>\n<\/ul>\n<p data-start=\"1092\" data-end=\"1263\">El gr\u00e1fico permite identificar r\u00e1pidamente el nivel correcto a configurar en el tap\u00f3n para obtener un caudal estable en funci\u00f3n de la presi\u00f3n disponible.<\/p>\n<p data-start=\"1265\" data-end=\"1433\">Con un ajuste correcto, el caudal se mantiene en torno a <strong data-start=\"1328\" data-end=\"1341\">1,0 L\/min<\/strong>, garantizando un flujo constante, fiable y adecuado a las diferentes condiciones de cr\u00eda.<\/p>\n<hr data-start=\"2707\" data-end=\"2710\">\n<h3 data-section-id=\"cx62aa\" data-start=\"2712\" data-end=\"2747\"><strong data-start=\"2716\" data-end=\"2745\">Contaminaci\u00f3n del agua<\/strong><\/h3>\n<p data-start=\"2748\" data-end=\"2874\">La contaminaci\u00f3n del agua o de las tuber\u00edas representa una de las principales causas de malfuncionamiento de los bebederos.<\/p>\n<p data-start=\"2876\" data-end=\"2984\">Las impurezas y sedimentos pueden comprometer el funcionamiento correcto de la v\u00e1lvula y de los componentes internos.<\/p>\n<p data-start=\"2986\" data-end=\"3110\">\ud83d\udc49 Se recomienda la instalaci\u00f3n de un filtro en el sistema h\u00eddrico para garantizar fiabilidad, duraci\u00f3n y rendimiento constante.<\/p>\n","protected":false},"excerpt":{"rendered":"<p data-start=\"104\" data-end=\"465\"><strong data-start=\"104\" data-end=\"465\">Bebedero autom\u00e1tico de chupete 1\/2&#8243; para lechones con v\u00e1lvula ajustable, dise\u00f1ado para adaptar el caudal seg\u00fan la presi\u00f3n de la instalaci\u00f3n y el crecimiento de los animales. Fabricado con componentes de acero inox y rosca de lat\u00f3n, garantiza resistencia, higiene y larga duraci\u00f3n, reduciendo los desperdicios y mejorando la eficiencia de la granja. <\/strong><\/p>\n<p><a href=\"https:\/\/fdasrl.it\/wp-content\/uploads\/2025\/11\/Installation-Fda-Nipple-drinkers-3-8_compressed.pdf\">\ud83d\udc49 <b>(HAZ CLIC AQU\u00cd)<\/b> para ver la tabla completa de instalaci\u00f3n<\/a><\/p>\n<p><a href=\"https:\/\/fdasrl.it\/wp-content\/uploads\/2026\/03\/grafico-fda-succhiotto-mangia-bevi-000005tp.jpg\">\ud83d\udc49 <b>(HAZ CLIC AQU\u00cd)<\/b> para ver la tabla de caudales<\/a><\/p>\n<p>\ud83d\udc49 <a href=\"https:\/\/fdasrl.it\/wp-content\/uploads\/2026\/03\/FDA000022TP.pdf\"><b>(HAZ CLIC AQU\u00cd)<\/b> para ver el dibujo t\u00e9cnico<\/a><\/p>\n","protected":false},"featured_media":1261,"comment_status":"open","ping_status":"closed","template":"","meta":{"_et_pb_use_builder":"off","_et_pb_old_content":"Conexi\u00f3n rosca 1\/2\u201d peque\u00f1a para lechones\nej. 21 - Tubo \u00d8 16 - perno \u00d8 5\n\nBebedero de chupete con cuerpo de lat\u00f3n y tubo de acero inoxidable","_et_gb_content_width":""},"product_brand":[],"product_cat":[772,1209,648,1208],"product_tag":[1260],"class_list":{"0":"post-5431","1":"product","2":"type-product","3":"status-publish","4":"has-post-thumbnail","6":"product_cat-bebederos-3","7":"product_cat-bebederos-de-chupete","8":"product_cat-cerdos","9":"product_cat-laton-acero-inoxidable","10":"product_tag-fda-000022tp","12":"first","13":"instock","14":"shipping-taxable","15":"product-type-simple"},"yoast_head":"<!-- This site is optimized with the Yoast SEO Premium plugin v27.5 (Yoast SEO v27.5) - https:\/\/yoast.com\/product\/yoast-seo-premium-wordpress\/ -->\n<title>Bebedero autom\u00e1tico lechones chupete 1\/2 ajustable<\/title>\n<meta name=\"description\" content=\"\u00a1Descubre el bebedero autom\u00e1tico para lechones con chupete de 1\/2 ajustable, dise\u00f1ado para un suministro de agua constante. Ideal para garantizar higiene y control!\" \/>\n<meta name=\"robots\" content=\"index, follow, max-snippet:-1, max-image-preview:large, max-video-preview:-1\" \/>\n<link rel=\"canonical\" href=\"https:\/\/fdasrl.it\/es\/prodotto\/bebedero-automatico-de-chupete-1-2-para-lechones-con-valvula-ajustable-modelo-fda-000022tp\/\" \/>\n<meta property=\"og:locale\" content=\"es_ES\" \/>\n<meta property=\"og:type\" content=\"article\" \/>\n<meta property=\"og:title\" content=\"Bebedero autom\u00e1tico de chupete 1\/2&quot; para lechones con v\u00e1lvula ajustable \u2013 Modelo FDA-000022TP\" \/>\n<meta property=\"og:description\" content=\"\u00a1Descubre el bebedero autom\u00e1tico para lechones con chupete de 1\/2 ajustable, dise\u00f1ado para un suministro de agua constante. Ideal para garantizar higiene y control!\" \/>\n<meta property=\"og:url\" content=\"https:\/\/fdasrl.it\/es\/prodotto\/bebedero-automatico-de-chupete-1-2-para-lechones-con-valvula-ajustable-modelo-fda-000022tp\/\" \/>\n<meta property=\"og:site_name\" content=\"FDA srl\" \/>\n<meta property=\"article:publisher\" content=\"https:\/\/www.facebook.com\/share\/1MWhFWg1Tp\/?mibextid=LQQJ4d\" \/>\n<meta property=\"og:image\" content=\"https:\/\/fdasrl.it\/wp-content\/uploads\/2026\/03\/succhiotto-suinetti-inox-ottone-1-2-fda-000022tp.jpg\" \/>\n\t<meta property=\"og:image:width\" content=\"1523\" \/>\n\t<meta property=\"og:image:height\" content=\"1216\" \/>\n\t<meta property=\"og:image:type\" content=\"image\/jpeg\" \/>\n<meta name=\"twitter:card\" content=\"summary_large_image\" \/>\n<meta name=\"twitter:label1\" content=\"Precio\" \/>\n\t<meta name=\"twitter:data1\" content=\"\" \/>\n\t<meta name=\"twitter:label2\" content=\"Disponibilidad\" \/>\n\t<meta name=\"twitter:data2\" content=\"Disponible\" \/>\n<meta property=\"product:price:currency\" content=\"EUR\" \/>\n<meta property=\"og:availability\" content=\"instock\" \/>\n<meta property=\"product:availability\" content=\"instock\" \/>\n<meta property=\"product:retailer_item_id\" content=\"FDA-000022TP\" \/>\n<meta property=\"product:condition\" content=\"new\" \/>\n<!-- \/ Yoast SEO Premium plugin. -->","yoast_head_json":{"title":"Bebedero autom\u00e1tico lechones chupete 1\/2 ajustable","description":"\u00a1Descubre el bebedero autom\u00e1tico para lechones con chupete de 1\/2 ajustable, dise\u00f1ado para un suministro de agua constante. Ideal para garantizar higiene y control!","robots":{"index":"index","follow":"follow","max-snippet":"max-snippet:-1","max-image-preview":"max-image-preview:large","max-video-preview":"max-video-preview:-1"},"canonical":"https:\/\/fdasrl.it\/es\/prodotto\/bebedero-automatico-de-chupete-1-2-para-lechones-con-valvula-ajustable-modelo-fda-000022tp\/","og_locale":"es_ES","og_type":"article","og_title":"Bebedero autom\u00e1tico de chupete 1\/2\" para lechones con v\u00e1lvula ajustable \u2013 Modelo FDA-000022TP","og_description":"\u00a1Descubre el bebedero autom\u00e1tico para lechones con chupete de 1\/2 ajustable, dise\u00f1ado para un suministro de agua constante. Ideal para garantizar higiene y control!","og_url":"https:\/\/fdasrl.it\/es\/prodotto\/bebedero-automatico-de-chupete-1-2-para-lechones-con-valvula-ajustable-modelo-fda-000022tp\/","og_site_name":"FDA srl","article_publisher":"https:\/\/www.facebook.com\/share\/1MWhFWg1Tp\/?mibextid=LQQJ4d","og_image":[{"width":1523,"height":1216,"url":"https:\/\/fdasrl.it\/wp-content\/uploads\/2026\/03\/succhiotto-suinetti-inox-ottone-1-2-fda-000022tp.jpg","type":"image\/jpeg"}],"twitter_card":"summary_large_image","twitter_misc":{"Precio":"","Disponibilidad":"Disponible"},"schema":{"@context":"https:\/\/schema.org","@graph":[{"@type":"WebPage","@id":"https:\/\/fdasrl.it\/es\/prodotto\/bebedero-automatico-de-chupete-1-2-para-lechones-con-valvula-ajustable-modelo-fda-000022tp\/","url":"https:\/\/fdasrl.it\/es\/prodotto\/bebedero-automatico-de-chupete-1-2-para-lechones-con-valvula-ajustable-modelo-fda-000022tp\/","name":"Bebedero autom\u00e1tico lechones chupete 1\/2 ajustable","isPartOf":{"@id":"https:\/\/fdasrl.it\/es\/#website"},"primaryImageOfPage":{"@id":"https:\/\/fdasrl.it\/es\/prodotto\/bebedero-automatico-de-chupete-1-2-para-lechones-con-valvula-ajustable-modelo-fda-000022tp\/#primaryimage"},"image":{"@id":"https:\/\/fdasrl.it\/es\/prodotto\/bebedero-automatico-de-chupete-1-2-para-lechones-con-valvula-ajustable-modelo-fda-000022tp\/#primaryimage"},"thumbnailUrl":"https:\/\/fdasrl.it\/wp-content\/uploads\/2026\/03\/succhiotto-suinetti-inox-ottone-1-2-fda-000022tp.jpg","datePublished":"2026-03-17T11:12:41+00:00","description":"\u00a1Descubre el bebedero autom\u00e1tico para lechones con chupete de 1\/2 ajustable, dise\u00f1ado para un suministro de agua constante. Ideal para garantizar higiene y control!","breadcrumb":{"@id":"https:\/\/fdasrl.it\/es\/prodotto\/bebedero-automatico-de-chupete-1-2-para-lechones-con-valvula-ajustable-modelo-fda-000022tp\/#breadcrumb"},"inLanguage":"es","potentialAction":[{"@type":"ReadAction","target":["https:\/\/fdasrl.it\/es\/prodotto\/bebedero-automatico-de-chupete-1-2-para-lechones-con-valvula-ajustable-modelo-fda-000022tp\/"]}]},{"@type":"ImageObject","inLanguage":"es","@id":"https:\/\/fdasrl.it\/es\/prodotto\/bebedero-automatico-de-chupete-1-2-para-lechones-con-valvula-ajustable-modelo-fda-000022tp\/#primaryimage","url":"https:\/\/fdasrl.it\/wp-content\/uploads\/2026\/03\/succhiotto-suinetti-inox-ottone-1-2-fda-000022tp.jpg","contentUrl":"https:\/\/fdasrl.it\/wp-content\/uploads\/2026\/03\/succhiotto-suinetti-inox-ottone-1-2-fda-000022tp.jpg","width":1523,"height":1216,"caption":"Chupete bebedero para lechones en acero inox y lat\u00f3n con conexi\u00f3n 1\/2\", elevado caudal y larga duraci\u00f3n. C\u00f3digo FDA-000022TP."},{"@type":"BreadcrumbList","@id":"https:\/\/fdasrl.it\/es\/prodotto\/bebedero-automatico-de-chupete-1-2-para-lechones-con-valvula-ajustable-modelo-fda-000022tp\/#breadcrumb","itemListElement":[{"@type":"ListItem","position":1,"name":"Home","item":"https:\/\/fdasrl.it\/es\/inicio\/"},{"@type":"ListItem","position":2,"name":"Tienda","item":"https:\/\/fdasrl.it\/es\/tienda\/"},{"@type":"ListItem","position":3,"name":"Bebedero autom\u00e1tico de chupete 1\/2&#8243; para lechones con v\u00e1lvula ajustable \u2013 Modelo FDA-000022TP"}]},{"@type":"WebSite","@id":"https:\/\/fdasrl.it\/es\/#website","url":"https:\/\/fdasrl.it\/es\/","name":"FDA srl","description":"Equipment for animal husbandry","publisher":{"@id":"https:\/\/fdasrl.it\/es\/#organization"},"potentialAction":[{"@type":"SearchAction","target":{"@type":"EntryPoint","urlTemplate":"https:\/\/fdasrl.it\/es\/?s={search_term_string}"},"query-input":{"@type":"PropertyValueSpecification","valueRequired":true,"valueName":"search_term_string"}}],"inLanguage":"es"},{"@type":"Organization","@id":"https:\/\/fdasrl.it\/es\/#organization","name":"FDA srl","url":"https:\/\/fdasrl.it\/es\/","logo":{"@type":"ImageObject","inLanguage":"es","@id":"https:\/\/fdasrl.it\/es\/#\/schema\/logo\/image\/","url":"https:\/\/fdasrl.it\/wp-content\/uploads\/2024\/12\/Logo-FDA.png","contentUrl":"https:\/\/fdasrl.it\/wp-content\/uploads\/2024\/12\/Logo-FDA.png","width":316,"height":119,"caption":"FDA srl"},"image":{"@id":"https:\/\/fdasrl.it\/es\/#\/schema\/logo\/image\/"},"sameAs":["https:\/\/www.facebook.com\/share\/1MWhFWg1Tp\/?mibextid=LQQJ4d","https:\/\/www.instagram.com\/fda_srl\/profilecard\/?igsh=YW5lbzJ6MWg0d21u","https:\/\/www.youtube.com\/@FDASRL_ANIMALCARE"],"description":"FDA SRL \u2013 Equipment for animal husbandry nasce con l\u2019obiettivo di offrire soluzioni affidabili e innovative per l\u2019allevamento moderno. Con anni di esperienza nel settore zootecnico, progettiamo e realizziamo attrezzature destinate al benessere animale e alla gestione efficiente delle stalle: vasche, abbeveratoi, mangiatoie e sistemi di riscaldamento pensati per durare nel tempo e semplificare il lavoro quotidiano degli allevatori. Dalla progettazione alla produzione, ogni nostro prodotto \u00e8 studiato nei minimi dettagli, testato con cura e costruito per rispondere alle esigenze reali del settore. La nostra forza \u00e8 unire artigianalit\u00e0, tecnologia e competenza tecnica per trasformare ogni progetto in una soluzione concreta e funzionale. Oggi FDA SRL \u00e8 un punto di riferimento per privati e rivenditori che cercano qualit\u00e0, affidabilit\u00e0 e innovazione nelle attrezzature per l\u2019allevamento.","email":"info@fdasrl.it","telephone":"+390522826820","legalName":"F.D.A. SRL","foundingDate":"2024-10-13","vatID":"03075840359","taxID":"03075840359","numberOfEmployees":{"@type":"QuantitativeValue","minValue":"1","maxValue":"10"}}]},"product_price_currency":"EUR","og_availability":"instock","product_availability":"instock","product_retailer_item_id":"FDA-000022TP","product_condition":"new"},"_links":{"self":[{"href":"https:\/\/fdasrl.it\/es\/wp-json\/wp\/v2\/product\/5431","targetHints":{"allow":["GET"]}}],"collection":[{"href":"https:\/\/fdasrl.it\/es\/wp-json\/wp\/v2\/product"}],"about":[{"href":"https:\/\/fdasrl.it\/es\/wp-json\/wp\/v2\/types\/product"}],"replies":[{"embeddable":true,"href":"https:\/\/fdasrl.it\/es\/wp-json\/wp\/v2\/comments?post=5431"}],"wp:featuredmedia":[{"embeddable":true,"href":"https:\/\/fdasrl.it\/es\/wp-json\/wp\/v2\/media\/1261"}],"wp:attachment":[{"href":"https:\/\/fdasrl.it\/es\/wp-json\/wp\/v2\/media?parent=5431"}],"wp:term":[{"taxonomy":"product_brand","embeddable":true,"href":"https:\/\/fdasrl.it\/es\/wp-json\/wp\/v2\/product_brand?post=5431"},{"taxonomy":"product_cat","embeddable":true,"href":"https:\/\/fdasrl.it\/es\/wp-json\/wp\/v2\/product_cat?post=5431"},{"taxonomy":"product_tag","embeddable":true,"href":"https:\/\/fdasrl.it\/es\/wp-json\/wp\/v2\/product_tag?post=5431"}],"curies":[{"name":"wp","href":"https:\/\/api.w.org\/{rel}","templated":true}]}}