{"id":5631,"date":"2025-01-15T11:47:26","date_gmt":"2025-01-15T10:47:26","guid":{"rendered":"https:\/\/fdasrl.it\/prodotto\/art-fda-000024-bebedero-automatico-de-chupete-1-2-para-comederos-de-cerdos-come-bebe\/"},"modified":"2025-01-15T11:47:26","modified_gmt":"2025-01-15T10:47:26","slug":"art-fda-000024-bebedero-automatico-de-chupete-1-2-para-comederos-de-cerdos-come-bebe","status":"publish","type":"product","link":"https:\/\/fdasrl.it\/es\/prodotto\/art-fda-000024-bebedero-automatico-de-chupete-1-2-para-comederos-de-cerdos-come-bebe\/","title":{"rendered":"Art. FDA-000024 &#8211; Bebedero autom\u00e1tico de chupete 1\/2&#8243; para comederos de cerdos (come\/bebe)"},"content":{"rendered":"<h2 data-section-id=\"6chav3\" data-start=\"221\" data-end=\"325\"><strong data-start=\"224\" data-end=\"325\">Art. FDA-000024 &#8211; <\/strong><strong data-start=\"224\" data-end=\"325\">Bebedero autom\u00e1tico de chupete 1\/2&#8243; para comederos de cerdos (come\/bebe)<\/strong><\/h2>\n<h3 data-section-id=\"jbtoyn\" data-start=\"327\" data-end=\"361\"><strong data-start=\"331\" data-end=\"359\">Descripci\u00f3n del producto<\/strong><\/h3>\n<p data-start=\"362\" data-end=\"588\">El bebedero autom\u00e1tico de chupete <strong data-start=\"401\" data-end=\"415\">FDA-000024<\/strong> est\u00e1 dise\u00f1ado para su uso en el interior de los comederos (sistemas come y bebe), garantizando un suministro de agua constante directamente durante la ingesta de pienso.<\/p>\n<p data-start=\"590\" data-end=\"761\">Esta soluci\u00f3n permite mejorar la ingesta de alimento, favorecer la hidrataci\u00f3n de los animales y reducir el desperdicio, manteniendo m\u00e1s limpia el \u00e1rea de cr\u00eda.<\/p>\n<p data-start=\"763\" data-end=\"914\">Fabricado con materiales robustos y resistentes al desgaste, es ideal para granjas porcinas que requieren fiabilidad, durabilidad y facilidad de gesti\u00f3n.<\/p>\n<hr data-start=\"916\" data-end=\"919\">\n<h3 data-section-id=\"w1my6q\" data-start=\"921\" data-end=\"953\"><strong data-start=\"925\" data-end=\"953\">Caracter\u00edsticas t\u00e9cnicas<\/strong><\/h3>\n<ul data-start=\"954\" data-end=\"1262\">\n<li data-section-id=\"1j1tkb1\" data-start=\"954\" data-end=\"975\">\n<p data-start=\"956\" data-end=\"975\">Rosca de lat\u00f3n<\/p>\n<\/li>\n<li data-section-id=\"dg8e7\" data-start=\"976\" data-end=\"1008\">\n<p data-start=\"978\" data-end=\"1008\">Tubo y perno de acero inoxidable<\/p>\n<\/li>\n<li data-section-id=\"fivce\" data-start=\"1009\" data-end=\"1031\">\n<p data-start=\"1011\" data-end=\"1031\">Conexi\u00f3n de agua 1\/2&#8243;<\/p>\n<\/li>\n<li data-section-id=\"1bpnsil\" data-start=\"1032\" data-end=\"1061\">\n<p data-start=\"1034\" data-end=\"1061\">Longitud total: 86,6 mm<\/p>\n<\/li>\n<li data-section-id=\"zmqwqu\" data-start=\"1062\" data-end=\"1091\">\n<p data-start=\"1064\" data-end=\"1091\">Tubo del bebedero \u00d8 21 mm<\/p>\n<\/li>\n<li data-section-id=\"38xd2m\" data-start=\"1092\" data-end=\"1108\">\n<p data-start=\"1094\" data-end=\"1108\">Perno \u00d8 8 mm<\/p>\n<\/li>\n<li data-section-id=\"ttht2s\" data-start=\"1109\" data-end=\"1123\">\n<p data-start=\"1111\" data-end=\"1123\">Peso: 84,3 g<\/p>\n<\/li>\n<li data-section-id=\"1g74jjp\" data-start=\"1124\" data-end=\"1141\">\n<p data-start=\"1126\" data-end=\"1141\">Hex\u00e1gono 21 mm<\/p>\n<\/li>\n<li data-section-id=\"r2uce6\" data-start=\"1142\" data-end=\"1262\">\n<p data-start=\"1144\" data-end=\"1262\">Filtro interno de malla de acero inoxidable con anillo de sujeci\u00f3n<br data-start=\"1193\" data-end=\"1196\"\/>o filtro ajustable de pl\u00e1stico (ver modelo FDA-000024TP)<\/p>\n<\/li>\n<\/ul>\n<hr data-start=\"1264\" data-end=\"1267\">\n<h3 data-section-id=\"m3h7tw\" data-start=\"1269\" data-end=\"1312\"><strong data-start=\"1273\" data-end=\"1310\">Alturas y \u00e1ngulo de instalaci\u00f3n<\/strong><\/h3>\n<p data-start=\"1313\" data-end=\"1371\"><a href=\"https:\/\/fdasrl.it\/wp-content\/uploads\/2025\/01\/Installation-Fda-Nipple-drinkers-1-2-for-feeders_compressed.pdf\">\ud83d\udc49 (HAZ CLIC AQU\u00cd) para ver la tabla completa de instalaci\u00f3n<\/a><\/p>\n<p data-start=\"1373\" data-end=\"1421\">Las alturas indicadas son pautas generales.<\/p>\n<p data-start=\"1423\" data-end=\"1575\">El bebedero <strong data-start=\"1438\" data-end=\"1452\">FDA-000024<\/strong> est\u00e1 dise\u00f1ado para instalarse <strong data-start=\"1488\" data-end=\"1520\">dentro de los comederos<\/strong>, de modo que el cerdo pueda activarlo mientras come.<\/p>\n<p data-start=\"1577\" data-end=\"1755\">Para la cr\u00eda de lechones se recomienda el uso de dos alturas de instalaci\u00f3n o de reguladores de altura, para adaptar la posici\u00f3n al crecimiento de los animales.<\/p>\n<p data-start=\"1757\" data-end=\"1810\">La inclinaci\u00f3n puede regularse entre 30<strong data-start=\"1796\" data-end=\"1809\">\u00b0 y 45\u00b0<\/strong>:<\/p>\n<ul data-start=\"1812\" data-end=\"1898\">\n<li data-section-id=\"axr87z\" data-start=\"1812\" data-end=\"1856\">\n<p data-start=\"158\" data-end=\"182\"><strong data-start=\"158\" data-end=\"180\">Lechones (7\u201320 kg)<\/strong><\/p>\n<ul data-start=\"183\" data-end=\"308\">\n<li data-section-id=\"1c90bus\" data-start=\"183\" data-end=\"228\">Altura: 8 \u2013 12 cm sobre el fondo del comedero<\/li>\n<li data-section-id=\"1ka8lgn\" data-start=\"229\" data-end=\"250\">\u00c1ngulo: 30\u00b0 \u2013 45\u00b0<\/li>\n<li data-section-id=\"8r4lzv\" data-start=\"251\" data-end=\"279\">Presi\u00f3n: 0,5 \u2013 1,5 bar<\/li>\n<li data-section-id=\"1mu4dmw\" data-start=\"280\" data-end=\"308\">Caudal: 0,5 \u2013 0,8 L\/min<\/li>\n<\/ul>\n<hr data-start=\"310\" data-end=\"313\">\n<p data-start=\"315\" data-end=\"354\"><strong data-start=\"315\" data-end=\"352\">Destetados \/ Recr\u00eda (20\u201340 kg)<\/strong><\/p>\n<ul data-start=\"355\" data-end=\"454\">\n<li data-section-id=\"1qrpe7s\" data-start=\"355\" data-end=\"378\">Altura: 12 \u2013 18 cm<\/li>\n<li data-section-id=\"kc6vya\" data-start=\"379\" data-end=\"400\">\u00c1ngulo: 35\u00b0 \u2013 45\u00b0<\/li>\n<li data-section-id=\"1nv6ul5\" data-start=\"401\" data-end=\"425\">Presi\u00f3n: 1 \u2013 2 bar<\/li>\n<li data-section-id=\"1djnj7n\" data-start=\"426\" data-end=\"454\">Caudal: 0,7 \u2013 1,0 L\/min<\/li>\n<\/ul>\n<hr data-start=\"456\" data-end=\"459\">\n<p data-start=\"461\" data-end=\"485\"><strong data-start=\"461\" data-end=\"483\">Cerdos en crecimiento (40\u201380 kg)<\/strong><\/p>\n<ul data-start=\"486\" data-end=\"587\">\n<li data-section-id=\"dkchy4\" data-start=\"486\" data-end=\"509\">Altura: 18 \u2013 25 cm<\/li>\n<li data-section-id=\"11qh10g\" data-start=\"510\" data-end=\"531\">\u00c1ngulo: 40\u00b0 \u2013 45\u00b0<\/li>\n<li data-section-id=\"ewpqio\" data-start=\"532\" data-end=\"558\">Presi\u00f3n: 1 \u2013 2,5 bar<\/li>\n<li data-section-id=\"1tgj8um\" data-start=\"559\" data-end=\"587\">Caudal: 0,8 \u2013 1,2 L\/min<\/li>\n<\/ul>\n<hr data-start=\"589\" data-end=\"592\">\n<p data-start=\"594\" data-end=\"621\"><strong data-start=\"594\" data-end=\"619\">Engorde (80\u2013120+ kg)<\/strong><\/p>\n<ul data-start=\"622\" data-end=\"717\">\n<li data-section-id=\"1u4ywqb\" data-start=\"622\" data-end=\"645\">Altura: 25 \u2013 35 cm<\/li>\n<li data-section-id=\"o3souf\" data-start=\"646\" data-end=\"661\">\u00c1ngulo: 45\u00b0<\/li>\n<li data-section-id=\"10hiqf5\" data-start=\"662\" data-end=\"688\">Presi\u00f3n: 1,5 \u2013 3 bar<\/li>\n<li data-section-id=\"1667clc\" data-start=\"689\" data-end=\"717\">Caudal: 1,0 \u2013 1,5 L\/min<\/li>\n<\/ul>\n<\/li>\n<\/ul>\n<p data-start=\"1900\" data-end=\"2055\">Una instalaci\u00f3n correcta permite dirigir el flujo de agua directamente al pienso, reduciendo el desperdicio y mejorando la eficiencia alimentaria.<\/p>\n<hr data-start=\"2057\" data-end=\"2060\">\n<h3 data-section-id=\"1m3l471\" data-start=\"2062\" data-end=\"2104\"><strong data-start=\"2066\" data-end=\"2102\">Presi\u00f3n de agua recomendada<\/strong><\/h3>\n<p data-start=\"2105\" data-end=\"2219\">Todos los bebederos funcionan tanto a baja como a alta presi\u00f3n, con un valor m\u00e1ximo de <strong data-start=\"2198\" data-end=\"2216\">4 bar (55 psi)<\/strong>.<\/p>\n<p data-start=\"2221\" data-end=\"2320\">Para la cr\u00eda de lechones, la presi\u00f3n del agua no debe superar los <strong data-start=\"2299\" data-end=\"2317\">2 bar (28 psi)<\/strong>.<\/p>\n<p data-start=\"2322\" data-end=\"2367\">En general, las presiones m\u00e1s bajas favorecen:<\/p>\n<ul data-start=\"2368\" data-end=\"2522\">\n<li data-section-id=\"11e5cqa\" data-start=\"2368\" data-end=\"2388\">\n<p data-start=\"2370\" data-end=\"2388\">el ahorro h\u00eddrico<\/p>\n<\/li>\n<li data-section-id=\"140hy6k\" data-start=\"2389\" data-end=\"2428\">\n<p data-start=\"2391\" data-end=\"2428\">un menor desgaste de juntas y muelles<\/p>\n<\/li>\n<li data-section-id=\"fqvo0v\" data-start=\"2429\" data-end=\"2460\">\n<p data-start=\"2431\" data-end=\"2460\">un flujo de agua m\u00e1s suave<\/p>\n<\/li>\n<li data-section-id=\"1k8yo6e\" data-start=\"2461\" data-end=\"2494\">\n<p data-start=\"2463\" data-end=\"2494\">una mayor facilidad de uso<\/p>\n<\/li>\n<li data-section-id=\"1hn09s\" data-start=\"2495\" data-end=\"2522\">\n<p data-start=\"2497\" data-end=\"2522\">la reducci\u00f3n de desperdicios<\/p>\n<\/li>\n<\/ul>\n<p data-start=\"2524\" data-end=\"2622\">\ud83d\udc49 Se recomienda el uso de un reductor de presi\u00f3n en presencia de valores elevados o variables.<\/p>\n<hr data-start=\"2624\" data-end=\"2627\">\n<h3 data-section-id=\"1rk201d\" data-start=\"2629\" data-end=\"2654\"><strong data-start=\"2633\" data-end=\"2652\">Caudal de agua<\/strong><\/h3>\n<p data-start=\"2655\" data-end=\"2701\">\ud83d\udc49 <a href=\"https:\/\/fdasrl.it\/wp-content\/uploads\/2025\/01\/grafico-fda-succhiotto-mangia-bevi-000005.webp\">(HAZ CLIC AQU\u00cd) para ver la tabla de caudales<\/a><\/p>\n<p data-start=\"2703\" data-end=\"2787\">El caudal de agua var\u00eda seg\u00fan la presi\u00f3n disponible en la l\u00ednea de agua.<\/p>\n<p data-start=\"2789\" data-end=\"2957\">Para lechones y cerdos en crecimiento se recomienda un caudal de entre <strong data-start=\"2866\" data-end=\"2885\">0,6 y 1,0 L\/min<\/strong>, para lograr una correcta humidificaci\u00f3n del pienso sin excesos.<\/p>\n<p data-start=\"2959\" data-end=\"3058\">Las boquillas ajustables permiten adaptar el caudal a la presi\u00f3n disponible en la instalaci\u00f3n.<\/p>\n<p data-start=\"3060\" data-end=\"3136\">Si se requiere un mayor caudal, hay disponibles v\u00e1lvulas con di\u00e1metros:<\/p>\n<ul data-start=\"3137\" data-end=\"3171\">\n<li data-section-id=\"dkblkz\" data-start=\"3137\" data-end=\"3147\">\n<p data-start=\"3139\" data-end=\"3147\">\u00d8 3 mm<\/p>\n<\/li>\n<li data-section-id=\"ce2p6i\" data-start=\"3148\" data-end=\"3160\">\n<p data-start=\"3150\" data-end=\"3160\">\u00d8 3,5 mm<\/p>\n<\/li>\n<li data-section-id=\"cycn50\" data-start=\"3161\" data-end=\"3171\">\n<p data-start=\"3163\" data-end=\"3171\">\u00d8 4 mm<\/p>\n<\/li>\n<\/ul>\n<p data-start=\"3173\" data-end=\"3300\">El uso de reductores de presi\u00f3n permite una gesti\u00f3n centralizada del caudal, especialmente \u00fatil en periodos calurosos.<\/p>\n<hr data-start=\"3302\" data-end=\"3305\">\n<h3 data-section-id=\"cx62aa\" data-start=\"3307\" data-end=\"3342\"><strong data-start=\"3311\" data-end=\"3340\">Contaminaci\u00f3n del agua<\/strong><\/h3>\n<p data-start=\"3343\" data-end=\"3469\">La contaminaci\u00f3n del agua o de las tuber\u00edas representa una de las principales causas de malfuncionamiento de los bebederos.<\/p>\n<p data-start=\"3471\" data-end=\"3593\">La presencia de impurezas o sedimentos puede comprometer el funcionamiento correcto del sistema y reducir su vida \u00fatil.<\/p>\n<p data-start=\"3595\" data-end=\"3729\">\ud83d\udc49 Se recomienda la instalaci\u00f3n de un filtro en el sistema h\u00eddrico para prevenir estos inconvenientes y garantizar un rendimiento constante.<\/p>\n","protected":false},"excerpt":{"rendered":"<p>Bebedero autom\u00e1tico de chupete 1\/2&#8243; para comederos de cerdos (come y bebe), dise\u00f1ado para suministrar agua directamente durante la ingesta de pienso. Fabricado en acero inoxidable con rosca de lat\u00f3n, garantiza resistencia, higiene y larga duraci\u00f3n, mejorando la eficiencia alimentaria y reduciendo el desperdicio de agua. <\/p>\n<p><a href=\"https:\/\/fdasrl.it\/wp-content\/uploads\/2025\/01\/Installation-Fda-Nipple-drinkers-1-2-for-feeders_compressed.pdf\">\ud83d\udc49 <b>(HAZ CLIC AQU\u00cd)<\/b> para ver la tabla de instalaci\u00f3n completa<\/a><\/p>\n<p><a href=\"https:\/\/fdasrl.it\/wp-content\/uploads\/2025\/01\/grafico-fda-succhiotto-mangia-bevi-000005.webp\">\ud83d\udc49 <b>(PINCHA AQU\u00cd)<\/b> para la tabla de caudales<\/a><\/p>\n<p>\ud83d\udc49 <a href=\"https:\/\/fdasrl.it\/wp-content\/uploads\/2025\/01\/FDA000024.pdf\"><b>(HAZ CLIC AQU\u00cd)<\/b> para ver el dise\u00f1o t\u00e9cnico<\/a><\/p>\n","protected":false},"featured_media":1267,"comment_status":"open","ping_status":"closed","template":"","meta":{"_et_pb_use_builder":"","_et_pb_old_content":"","_et_gb_content_width":""},"product_brand":[],"product_cat":[772,1209,648,1208],"product_tag":[1294],"class_list":{"0":"post-5631","1":"product","2":"type-product","3":"status-publish","4":"has-post-thumbnail","6":"product_cat-bebederos-3","7":"product_cat-bebederos-de-chupete","8":"product_cat-cerdos","9":"product_cat-laton-acero-inoxidable","10":"product_tag-fda-000024","12":"first","13":"instock","14":"shipping-taxable","15":"product-type-simple"},"yoast_head":"<!-- This site is optimized with the Yoast SEO Premium plugin v27.5 (Yoast SEO v27.5) - https:\/\/yoast.com\/product\/yoast-seo-premium-wordpress\/ -->\n<title>Bebedero de chupete come y bebe para cerdos FDA-000024<\/title>\n<meta name=\"description\" content=\"Mejora la eficiencia de tu explotaci\u00f3n con el bebedero de chupete come-bebe para cerdos FDA-000024. \u00a1Fabricado con materiales resistentes y duraderos! \ud83c\udf39\" \/>\n<meta name=\"robots\" content=\"index, follow, max-snippet:-1, max-image-preview:large, max-video-preview:-1\" \/>\n<link rel=\"canonical\" href=\"https:\/\/fdasrl.it\/es\/prodotto\/art-fda-000024-bebedero-automatico-de-chupete-1-2-para-comederos-de-cerdos-come-bebe\/\" \/>\n<meta property=\"og:locale\" content=\"es_ES\" \/>\n<meta property=\"og:type\" content=\"article\" \/>\n<meta property=\"og:title\" content=\"Art. FDA-000024 - Bebedero autom\u00e1tico de chupete 1\/2&quot; para comederos de cerdos (come\/bebe)\" \/>\n<meta property=\"og:description\" content=\"Mejora la eficiencia de tu explotaci\u00f3n con el bebedero de chupete come-bebe para cerdos FDA-000024. \u00a1Fabricado con materiales resistentes y duraderos! \ud83c\udf39\" \/>\n<meta property=\"og:url\" content=\"https:\/\/fdasrl.it\/es\/prodotto\/art-fda-000024-bebedero-automatico-de-chupete-1-2-para-comederos-de-cerdos-come-bebe\/\" \/>\n<meta property=\"og:site_name\" content=\"FDA srl\" \/>\n<meta property=\"article:publisher\" content=\"https:\/\/www.facebook.com\/share\/1MWhFWg1Tp\/?mibextid=LQQJ4d\" \/>\n<meta property=\"og:image\" content=\"https:\/\/fdasrl.it\/wp-content\/uploads\/2025\/01\/FDA-000024.jpeg\" \/>\n\t<meta property=\"og:image:width\" content=\"1600\" \/>\n\t<meta property=\"og:image:height\" content=\"1600\" \/>\n\t<meta property=\"og:image:type\" content=\"image\/jpeg\" \/>\n<meta name=\"twitter:card\" content=\"summary_large_image\" \/>\n<meta name=\"twitter:label1\" content=\"Precio\" \/>\n\t<meta name=\"twitter:data1\" content=\"\" \/>\n\t<meta name=\"twitter:label2\" content=\"Disponibilidad\" \/>\n\t<meta name=\"twitter:data2\" content=\"Disponible\" \/>\n<meta property=\"product:price:currency\" content=\"EUR\" \/>\n<meta property=\"og:availability\" content=\"instock\" \/>\n<meta property=\"product:availability\" content=\"instock\" \/>\n<meta property=\"product:retailer_item_id\" content=\"FDA-000024\" \/>\n<meta property=\"product:condition\" content=\"new\" \/>\n<!-- \/ Yoast SEO Premium plugin. -->","yoast_head_json":{"title":"Bebedero de chupete come y bebe para cerdos FDA-000024","description":"Mejora la eficiencia de tu explotaci\u00f3n con el bebedero de chupete come-bebe para cerdos FDA-000024. \u00a1Fabricado con materiales resistentes y duraderos! \ud83c\udf39","robots":{"index":"index","follow":"follow","max-snippet":"max-snippet:-1","max-image-preview":"max-image-preview:large","max-video-preview":"max-video-preview:-1"},"canonical":"https:\/\/fdasrl.it\/es\/prodotto\/art-fda-000024-bebedero-automatico-de-chupete-1-2-para-comederos-de-cerdos-come-bebe\/","og_locale":"es_ES","og_type":"article","og_title":"Art. FDA-000024 - Bebedero autom\u00e1tico de chupete 1\/2\" para comederos de cerdos (come\/bebe)","og_description":"Mejora la eficiencia de tu explotaci\u00f3n con el bebedero de chupete come-bebe para cerdos FDA-000024. \u00a1Fabricado con materiales resistentes y duraderos! \ud83c\udf39","og_url":"https:\/\/fdasrl.it\/es\/prodotto\/art-fda-000024-bebedero-automatico-de-chupete-1-2-para-comederos-de-cerdos-come-bebe\/","og_site_name":"FDA srl","article_publisher":"https:\/\/www.facebook.com\/share\/1MWhFWg1Tp\/?mibextid=LQQJ4d","og_image":[{"width":1600,"height":1600,"url":"https:\/\/fdasrl.it\/wp-content\/uploads\/2025\/01\/FDA-000024.jpeg","type":"image\/jpeg"}],"twitter_card":"summary_large_image","twitter_misc":{"Precio":"","Disponibilidad":"Disponible"},"schema":{"@context":"https:\/\/schema.org","@graph":[{"@type":"WebPage","@id":"https:\/\/fdasrl.it\/es\/prodotto\/art-fda-000024-bebedero-automatico-de-chupete-1-2-para-comederos-de-cerdos-come-bebe\/","url":"https:\/\/fdasrl.it\/es\/prodotto\/art-fda-000024-bebedero-automatico-de-chupete-1-2-para-comederos-de-cerdos-come-bebe\/","name":"Bebedero de chupete come y bebe para cerdos FDA-000024","isPartOf":{"@id":"https:\/\/fdasrl.it\/es\/#website"},"primaryImageOfPage":{"@id":"https:\/\/fdasrl.it\/es\/prodotto\/art-fda-000024-bebedero-automatico-de-chupete-1-2-para-comederos-de-cerdos-come-bebe\/#primaryimage"},"image":{"@id":"https:\/\/fdasrl.it\/es\/prodotto\/art-fda-000024-bebedero-automatico-de-chupete-1-2-para-comederos-de-cerdos-come-bebe\/#primaryimage"},"thumbnailUrl":"https:\/\/fdasrl.it\/wp-content\/uploads\/2025\/01\/FDA-000024.jpeg","datePublished":"2025-01-15T10:47:26+00:00","description":"Mejora la eficiencia de tu explotaci\u00f3n con el bebedero de chupete come-bebe para cerdos FDA-000024. \u00a1Fabricado con materiales resistentes y duraderos! \ud83c\udf39","breadcrumb":{"@id":"https:\/\/fdasrl.it\/es\/prodotto\/art-fda-000024-bebedero-automatico-de-chupete-1-2-para-comederos-de-cerdos-come-bebe\/#breadcrumb"},"inLanguage":"es","potentialAction":[{"@type":"ReadAction","target":["https:\/\/fdasrl.it\/es\/prodotto\/art-fda-000024-bebedero-automatico-de-chupete-1-2-para-comederos-de-cerdos-come-bebe\/"]}]},{"@type":"ImageObject","inLanguage":"es","@id":"https:\/\/fdasrl.it\/es\/prodotto\/art-fda-000024-bebedero-automatico-de-chupete-1-2-para-comederos-de-cerdos-come-bebe\/#primaryimage","url":"https:\/\/fdasrl.it\/wp-content\/uploads\/2025\/01\/FDA-000024.jpeg","contentUrl":"https:\/\/fdasrl.it\/wp-content\/uploads\/2025\/01\/FDA-000024.jpeg","width":1600,"height":1600,"caption":"Chupete come-bebe para lechones en acero inoxidable y lat\u00f3n con conexi\u00f3n 1\/2\", ideal para sistemas combinados de alimentaci\u00f3n y bebida. C\u00f3digo FDA-000024."},{"@type":"BreadcrumbList","@id":"https:\/\/fdasrl.it\/es\/prodotto\/art-fda-000024-bebedero-automatico-de-chupete-1-2-para-comederos-de-cerdos-come-bebe\/#breadcrumb","itemListElement":[{"@type":"ListItem","position":1,"name":"Home","item":"https:\/\/fdasrl.it\/es\/inicio\/"},{"@type":"ListItem","position":2,"name":"Tienda","item":"https:\/\/fdasrl.it\/es\/tienda\/"},{"@type":"ListItem","position":3,"name":"Art. FDA-000024 &#8211; Bebedero autom\u00e1tico de chupete 1\/2&#8243; para comederos de cerdos (come\/bebe)"}]},{"@type":"WebSite","@id":"https:\/\/fdasrl.it\/es\/#website","url":"https:\/\/fdasrl.it\/es\/","name":"FDA srl","description":"Equipment for animal husbandry","publisher":{"@id":"https:\/\/fdasrl.it\/es\/#organization"},"potentialAction":[{"@type":"SearchAction","target":{"@type":"EntryPoint","urlTemplate":"https:\/\/fdasrl.it\/es\/?s={search_term_string}"},"query-input":{"@type":"PropertyValueSpecification","valueRequired":true,"valueName":"search_term_string"}}],"inLanguage":"es"},{"@type":"Organization","@id":"https:\/\/fdasrl.it\/es\/#organization","name":"FDA srl","url":"https:\/\/fdasrl.it\/es\/","logo":{"@type":"ImageObject","inLanguage":"es","@id":"https:\/\/fdasrl.it\/es\/#\/schema\/logo\/image\/","url":"https:\/\/fdasrl.it\/wp-content\/uploads\/2024\/12\/Logo-FDA.png","contentUrl":"https:\/\/fdasrl.it\/wp-content\/uploads\/2024\/12\/Logo-FDA.png","width":316,"height":119,"caption":"FDA srl"},"image":{"@id":"https:\/\/fdasrl.it\/es\/#\/schema\/logo\/image\/"},"sameAs":["https:\/\/www.facebook.com\/share\/1MWhFWg1Tp\/?mibextid=LQQJ4d","https:\/\/www.instagram.com\/fda_srl\/profilecard\/?igsh=YW5lbzJ6MWg0d21u","https:\/\/www.youtube.com\/@FDASRL_ANIMALCARE"],"description":"FDA SRL \u2013 Equipment for animal husbandry nasce con l\u2019obiettivo di offrire soluzioni affidabili e innovative per l\u2019allevamento moderno. Con anni di esperienza nel settore zootecnico, progettiamo e realizziamo attrezzature destinate al benessere animale e alla gestione efficiente delle stalle: vasche, abbeveratoi, mangiatoie e sistemi di riscaldamento pensati per durare nel tempo e semplificare il lavoro quotidiano degli allevatori. Dalla progettazione alla produzione, ogni nostro prodotto \u00e8 studiato nei minimi dettagli, testato con cura e costruito per rispondere alle esigenze reali del settore. La nostra forza \u00e8 unire artigianalit\u00e0, tecnologia e competenza tecnica per trasformare ogni progetto in una soluzione concreta e funzionale. Oggi FDA SRL \u00e8 un punto di riferimento per privati e rivenditori che cercano qualit\u00e0, affidabilit\u00e0 e innovazione nelle attrezzature per l\u2019allevamento.","email":"info@fdasrl.it","telephone":"+390522826820","legalName":"F.D.A. SRL","foundingDate":"2024-10-13","vatID":"03075840359","taxID":"03075840359","numberOfEmployees":{"@type":"QuantitativeValue","minValue":"1","maxValue":"10"}}]},"product_price_currency":"EUR","og_availability":"instock","product_availability":"instock","product_retailer_item_id":"FDA-000024","product_condition":"new"},"_links":{"self":[{"href":"https:\/\/fdasrl.it\/es\/wp-json\/wp\/v2\/product\/5631","targetHints":{"allow":["GET"]}}],"collection":[{"href":"https:\/\/fdasrl.it\/es\/wp-json\/wp\/v2\/product"}],"about":[{"href":"https:\/\/fdasrl.it\/es\/wp-json\/wp\/v2\/types\/product"}],"replies":[{"embeddable":true,"href":"https:\/\/fdasrl.it\/es\/wp-json\/wp\/v2\/comments?post=5631"}],"wp:featuredmedia":[{"embeddable":true,"href":"https:\/\/fdasrl.it\/es\/wp-json\/wp\/v2\/media\/1267"}],"wp:attachment":[{"href":"https:\/\/fdasrl.it\/es\/wp-json\/wp\/v2\/media?parent=5631"}],"wp:term":[{"taxonomy":"product_brand","embeddable":true,"href":"https:\/\/fdasrl.it\/es\/wp-json\/wp\/v2\/product_brand?post=5631"},{"taxonomy":"product_cat","embeddable":true,"href":"https:\/\/fdasrl.it\/es\/wp-json\/wp\/v2\/product_cat?post=5631"},{"taxonomy":"product_tag","embeddable":true,"href":"https:\/\/fdasrl.it\/es\/wp-json\/wp\/v2\/product_tag?post=5631"}],"curies":[{"name":"wp","href":"https:\/\/api.w.org\/{rel}","templated":true}]}}