{"id":5685,"date":"2025-01-15T11:55:27","date_gmt":"2025-01-15T10:55:27","guid":{"rendered":"https:\/\/fdasrl.it\/prodotto\/art-fda-000007tp-bebedero-1-2-humidificador-de-pulsador-en-laton\/"},"modified":"2025-01-15T11:55:27","modified_gmt":"2025-01-15T10:55:27","slug":"art-fda-000007tp-bebedero-1-2-humidificador-de-pulsador-en-laton","status":"publish","type":"product","link":"https:\/\/fdasrl.it\/es\/prodotto\/art-fda-000007tp-bebedero-1-2-humidificador-de-pulsador-en-laton\/","title":{"rendered":"Art. FDA-000007TP &#8211; Bebedero 1\/2\u201d humidificador de pulsador en lat\u00f3n"},"content":{"rendered":"<h2 data-section-id=\"1ynp7ed\" data-start=\"160\" data-end=\"298\"><span role=\"text\"><strong data-start=\"163\" data-end=\"298\">Art. FDA-000007TP &#8211; Bebedero autom\u00e1tico de chupete 1\/2&#8243; humidificador de pulsador en lat\u00f3n para comederos de cerdos (comer\/beber)<\/strong><\/span><\/h2>\n<h3 data-section-id=\"jbtoyn\" data-start=\"300\" data-end=\"334\"><span role=\"text\"><strong data-start=\"304\" data-end=\"332\">Descripci\u00f3n del producto<\/strong><\/span><\/h3>\n<p data-start=\"335\" data-end=\"582\">El bebedero autom\u00e1tico de chupete <strong data-start=\"374\" data-end=\"411\">FDA-000007TP de pulsador en lat\u00f3n<\/strong> est\u00e1 dise\u00f1ado para su uso en comederos (sistemas de comer y beber), garantizando un suministro de agua constante directamente durante la ingesta de pienso.<\/p>\n<p data-start=\"584\" data-end=\"743\">El sistema de <strong data-start=\"597\" data-end=\"609\">pulsador<\/strong> permite una activaci\u00f3n precisa y controlada por parte del animal, mejorando la gesti\u00f3n del agua dentro del comedero.<\/p>\n<p data-start=\"745\" data-end=\"914\">Esta soluci\u00f3n permite mejorar la ingesta de alimento, favorecer la hidrataci\u00f3n de los animales y reducir el desperdicio, manteniendo m\u00e1s limpia el \u00e1rea de cr\u00eda.<\/p>\n<p data-start=\"916\" data-end=\"1067\">Fabricado con materiales robustos y resistentes al desgaste, es ideal para granjas porcinas que requieren fiabilidad, durabilidad y facilidad de gesti\u00f3n.<\/p>\n<hr data-start=\"1069\" data-end=\"1072\">\n<h3 data-section-id=\"w1my6q\" data-start=\"1074\" data-end=\"1106\"><span role=\"text\"><strong data-start=\"1078\" data-end=\"1106\">Caracter\u00edsticas t\u00e9cnicas<\/strong><\/span><\/h3>\n<ul data-start=\"1107\" data-end=\"1290\">\n<li data-section-id=\"zhm7l1\" data-start=\"1107\" data-end=\"1126\">Cuerpo de lat\u00f3n<\/li>\n<li data-section-id=\"pi13n9\" data-start=\"1127\" data-end=\"1159\">Sistema de pulsador en lat\u00f3n<\/li>\n<li data-section-id=\"fivce\" data-start=\"1160\" data-end=\"1182\">Conexi\u00f3n de agua 1\/2&#8243;<\/li>\n<li data-section-id=\"kp7h5u\" data-start=\"1183\" data-end=\"1213\">Longitud total: 47,15 mm<\/li>\n<li data-section-id=\"jnopu1\" data-start=\"1214\" data-end=\"1236\">Perno \u00d8 17 x 10 mm<\/li>\n<li data-section-id=\"jjpnr2\" data-start=\"1237\" data-end=\"1254\">Hex\u00e1gono 19 mm<\/li>\n<li data-section-id=\"jjpnr2\" data-start=\"1237\" data-end=\"1254\">Peso: 65,0 g<\/li>\n<li data-section-id=\"1mv8i4q\" data-start=\"1255\" data-end=\"1290\">Estructura compacta y resistente<\/li>\n<\/ul>\n<hr data-start=\"1292\" data-end=\"1295\">\n<h3 data-section-id=\"9sy6zo\" data-start=\"1297\" data-end=\"1338\"><span role=\"text\"><strong data-start=\"1301\" data-end=\"1338\">Alturas y \u00e1ngulo de instalaci\u00f3n<\/strong><\/span><\/h3>\n<p data-start=\"1339\" data-end=\"1397\"><a href=\"https:\/\/fdasrl.it\/wp-content\/uploads\/2025\/01\/Installation-Fda-Nipple-drinkers-1-2-for-feeders_compressed.pdf\">\ud83d\udc49 (HAZ CLIC AQU\u00cd) para ver la tabla completa de instalaci\u00f3n<\/a><\/p>\n<p data-start=\"1399\" data-end=\"1445\">Las alturas indicadas son pautas generales.<\/p>\n<p data-start=\"1447\" data-end=\"1595\">El bebedero <strong data-start=\"1462\" data-end=\"1478\">FDA-000007TP<\/strong> est\u00e1 dise\u00f1ado para instalarse dentro de los comederos, de modo que el cerdo pueda activarlo mientras come.<\/p>\n<p data-start=\"1597\" data-end=\"1775\">Para la cr\u00eda de lechones se recomienda el uso de dos alturas de instalaci\u00f3n o de reguladores de altura, para adaptar la posici\u00f3n al crecimiento de los animales.<\/p>\n<p data-start=\"1777\" data-end=\"1830\">La inclinaci\u00f3n se puede ajustar entre <strong data-start=\"1816\" data-end=\"1829\">30\u00b0 y 45\u00b0<\/strong>:<\/p>\n<p data-start=\"1832\" data-end=\"1856\"><strong data-start=\"1832\" data-end=\"1854\">Lechones (7\u201320 kg)<\/strong><\/p>\n<ul data-start=\"1857\" data-end=\"1982\">\n<li data-section-id=\"1c90bus\" data-start=\"1857\" data-end=\"1902\">Altura: 8 \u2013 12 cm sobre el fondo del comedero<\/li>\n<li data-section-id=\"1ka8lgn\" data-start=\"1903\" data-end=\"1924\">\u00c1ngulo: 30\u00b0 \u2013 45\u00b0<\/li>\n<li data-section-id=\"8r4lzv\" data-start=\"1925\" data-end=\"1953\">Presi\u00f3n: 0,5 \u2013 1,5 bar<\/li>\n<li data-section-id=\"1mu4dmw\" data-start=\"1954\" data-end=\"1982\">Caudal: 0,5 \u2013 0,8 L\/min<\/li>\n<\/ul>\n<p data-start=\"1984\" data-end=\"2023\"><strong data-start=\"1984\" data-end=\"2021\">Destetados \/ Recr\u00eda (20\u201340 kg)<\/strong><\/p>\n<ul data-start=\"2024\" data-end=\"2123\">\n<li data-section-id=\"1qrpe7s\" data-start=\"2024\" data-end=\"2047\">Altura: 12 \u2013 18 cm<\/li>\n<li data-section-id=\"kc6vya\" data-start=\"2048\" data-end=\"2069\">\u00c1ngulo: 35\u00b0 \u2013 45\u00b0<\/li>\n<li data-section-id=\"1nv6ul5\" data-start=\"2070\" data-end=\"2094\">Presi\u00f3n: 1 \u2013 2 bar<\/li>\n<li data-section-id=\"1djnj7n\" data-start=\"2095\" data-end=\"2123\">Caudal: 0,7 \u2013 1,0 L\/min<\/li>\n<\/ul>\n<p data-start=\"2125\" data-end=\"2149\"><strong data-start=\"2125\" data-end=\"2147\">Cerdos en crecimiento (40\u201380 kg)<\/strong><\/p>\n<ul data-start=\"2150\" data-end=\"2251\">\n<li data-section-id=\"dkchy4\" data-start=\"2150\" data-end=\"2173\">Altura: 18 \u2013 25 cm<\/li>\n<li data-section-id=\"11qh10g\" data-start=\"2174\" data-end=\"2195\">\u00c1ngulo: 40\u00b0 \u2013 45\u00b0<\/li>\n<li data-section-id=\"ewpqio\" data-start=\"2196\" data-end=\"2222\">Presi\u00f3n: 1 \u2013 2,5 bar<\/li>\n<li data-section-id=\"1tgj8um\" data-start=\"2223\" data-end=\"2251\">Caudal: 0,8 \u2013 1,2 L\/min<\/li>\n<\/ul>\n<p data-start=\"2253\" data-end=\"2280\"><strong data-start=\"2253\" data-end=\"2278\">Engorde (80\u2013120+ kg)<\/strong><\/p>\n<ul data-start=\"2281\" data-end=\"2376\">\n<li data-section-id=\"1u4ywqb\" data-start=\"2281\" data-end=\"2304\">Altura: 25 \u2013 35 cm<\/li>\n<li data-section-id=\"o3souf\" data-start=\"2305\" data-end=\"2320\">\u00c1ngulo: 45\u00b0<\/li>\n<li data-section-id=\"10hiqf5\" data-start=\"2321\" data-end=\"2347\">Presi\u00f3n: 1,5 \u2013 3 bar<\/li>\n<li data-section-id=\"1667clc\" data-start=\"2348\" data-end=\"2376\">Caudal: 1,0 \u2013 1,5 L\/min<\/li>\n<\/ul>\n<p data-start=\"2378\" data-end=\"2533\">Una instalaci\u00f3n correcta permite dirigir el flujo de agua directamente al pienso, reduciendo el desperdicio y mejorando la eficiencia alimentaria.<\/p>\n<hr data-start=\"2535\" data-end=\"2538\">\n<h3 data-section-id=\"1gk5xbx\" data-start=\"2540\" data-end=\"2580\"><span role=\"text\"><strong data-start=\"2544\" data-end=\"2580\">Presi\u00f3n de agua recomendada<\/strong><\/span><\/h3>\n<p data-start=\"2581\" data-end=\"2693\">Todos los bebederos funcionan tanto a baja como a alta presi\u00f3n, con un valor m\u00e1ximo de <strong data-start=\"2674\" data-end=\"2692\">4 bar (55 psi)<\/strong>.<\/p>\n<p data-start=\"2695\" data-end=\"2792\">Para la cr\u00eda de lechones, la presi\u00f3n del agua no debe superar los <strong data-start=\"2773\" data-end=\"2791\">2 bar (28 psi)<\/strong>.<\/p>\n<p data-start=\"2794\" data-end=\"2839\">En general, las presiones m\u00e1s bajas favorecen:<\/p>\n<ul data-start=\"2840\" data-end=\"2989\">\n<li data-section-id=\"11e5cqa\" data-start=\"2840\" data-end=\"2860\">el ahorro h\u00eddrico<\/li>\n<li data-section-id=\"d1z0hg\" data-start=\"2861\" data-end=\"2892\">menor desgaste de los componentes<\/li>\n<li data-section-id=\"sa36z7\" data-start=\"2893\" data-end=\"2927\">flujo de agua m\u00e1s controlado<\/li>\n<li data-section-id=\"1k8yo6e\" data-start=\"2928\" data-end=\"2961\">una mayor facilidad de uso<\/li>\n<li data-section-id=\"1hn09s\" data-start=\"2962\" data-end=\"2989\">la reducci\u00f3n de desperdicios<\/li>\n<\/ul>\n<p data-start=\"2991\" data-end=\"3089\">\ud83d\udc49 Se recomienda el uso de un reductor de presi\u00f3n en presencia de valores elevados o variables.<\/p>\n<hr data-start=\"3091\" data-end=\"3094\">\n<h3 data-section-id=\"1kh8do1\" data-start=\"3096\" data-end=\"3119\"><span role=\"text\"><strong data-start=\"3100\" data-end=\"3119\">Caudal de agua<\/strong><\/span><\/h3>\n<p data-start=\"3120\" data-end=\"3166\"><a href=\"https:\/\/fdasrl.it\/wp-content\/uploads\/2026\/04\/grafico-fda-succhiotto-mangia-bevi-0000024TP.jpg\">\ud83d\udc49 (HAZ CLIC AQU\u00cd) para la tabla de caudales<\/a><\/p>\n<p data-start=\"3168\" data-end=\"3283\">El caudal del bebedero autom\u00e1tico de chupete 1\/2&#8243; var\u00eda seg\u00fan la presi\u00f3n presente en la l\u00ednea de agua.<\/p>\n<p data-start=\"3285\" data-end=\"3442\">Para un funcionamiento \u00f3ptimo se recomienda un caudal de entre <strong data-start=\"3353\" data-end=\"3372\">0,7 y 1,5 L\/min<\/strong>, para lograr una correcta humidificaci\u00f3n del pienso sin excesos.<\/p>\n<p data-start=\"3444\" data-end=\"3565\">El sistema de pulsador permite un suministro controlado, adapt\u00e1ndose a las diferentes condiciones de presi\u00f3n de la instalaci\u00f3n.<\/p>\n<p data-start=\"809\" data-end=\"865\">En el gr\u00e1fico se destacan tres niveles de ajuste:<\/p>\n<ul data-start=\"867\" data-end=\"1090\">\n<li data-section-id=\"80vfqb\" data-start=\"867\" data-end=\"946\">\n<p data-start=\"869\" data-end=\"946\"><strong data-start=\"869\" data-end=\"905\">Nivel 1 (2\u20139 bar) \u2013 zona verde<\/strong><br data-start=\"905\" data-end=\"908\"\/>para instalaciones con presi\u00f3n elevada<\/p>\n<\/li>\n<li data-section-id=\"1gr8l3v\" data-start=\"948\" data-end=\"1015\">\n<p data-start=\"950\" data-end=\"1015\"><strong data-start=\"950\" data-end=\"984\">Nivel 2 (1\u20132 bar) \u2013 zona azul<\/strong><br data-start=\"984\" data-end=\"987\"\/>para presiones intermedias<\/p>\n<\/li>\n<li data-section-id=\"sd5jiu\" data-start=\"1017\" data-end=\"1090\">\n<p data-start=\"1019\" data-end=\"1090\"><strong data-start=\"1019\" data-end=\"1056\">Nivel 3 (0\u20131 bar) \u2013 zona gris<\/strong><br data-start=\"1056\" data-end=\"1059\"\/>para l\u00edneas de baja presi\u00f3n<\/p>\n<\/li>\n<\/ul>\n<p data-start=\"1092\" data-end=\"1263\">El gr\u00e1fico permite identificar r\u00e1pidamente el nivel correcto a configurar en el tap\u00f3n para obtener un caudal estable en funci\u00f3n de la presi\u00f3n disponible.<\/p>\n<p data-start=\"1265\" data-end=\"1433\">Con un ajuste correcto, el caudal se mantiene en torno a <strong data-start=\"1328\" data-end=\"1341\">1,0 L\/min<\/strong>, garantizando un flujo constante, fiable y adecuado a las diferentes condiciones de cr\u00eda.<\/p>\n<p data-start=\"3173\" data-end=\"3300\">El uso de reductores de presi\u00f3n permite una gesti\u00f3n centralizada del caudal, especialmente \u00fatil en periodos calurosos.<\/p>\n<hr data-start=\"3567\" data-end=\"3570\">\n<h3 data-section-id=\"1uqk9zm\" data-start=\"3572\" data-end=\"3605\"><span role=\"text\"><strong data-start=\"3576\" data-end=\"3605\">Contaminaci\u00f3n del agua<\/strong><\/span><\/h3>\n<p data-start=\"3606\" data-end=\"3730\">La contaminaci\u00f3n del agua o de las tuber\u00edas representa una de las principales causas de malfuncionamiento de los bebederos.<\/p>\n<p data-start=\"3732\" data-end=\"3854\">La presencia de impurezas o sedimentos puede comprometer el funcionamiento correcto del sistema y reducir su vida \u00fatil.<\/p>\n<p data-start=\"3856\" data-end=\"3990\">\ud83d\udc49 Se recomienda la instalaci\u00f3n de un filtro en el sistema h\u00eddrico para prevenir estos inconvenientes y garantizar un rendimiento constante.<\/p>\n","protected":false},"excerpt":{"rendered":"<p>Bebedero autom\u00e1tico de chupete 1\/2&#8243; para cerdos, con sistema de pulsador en lat\u00f3n, ideal para comederos \u201ccomer y beber\u201d. Garantiza un suministro de agua controlado, mejorando la ingesta de pienso y reduciendo el desperdicio. <\/p>\n<p><a href=\"https:\/\/fdasrl.it\/wp-content\/uploads\/2025\/01\/Installation-Fda-Nipple-drinkers-1-2-for-feeders_compressed.pdf\">\ud83d\udc49 (HAZ CLIC AQU\u00cd) para la tabla completa de instalaci\u00f3n<\/a><\/p>\n<p><a href=\"https:\/\/fdasrl.it\/wp-content\/uploads\/2026\/04\/grafico-fda-succhiotto-mangia-bevi-0000024TP.jpg\">\ud83d\udc49 (HAZ CLIC AQU\u00cd) para la tabla de caudales<\/a><\/p>\n","protected":false},"featured_media":1321,"comment_status":"open","ping_status":"closed","template":"","meta":{"_et_pb_use_builder":"","_et_pb_old_content":"","_et_gb_content_width":""},"product_brand":[],"product_cat":[772,1209,648,1208],"product_tag":[1305],"class_list":{"0":"post-5685","1":"product","2":"type-product","3":"status-publish","4":"has-post-thumbnail","6":"product_cat-bebederos-3","7":"product_cat-bebederos-de-chupete","8":"product_cat-cerdos","9":"product_cat-laton-acero-inoxidable","10":"product_tag-fda-000007tp","12":"first","13":"instock","14":"shipping-taxable","15":"product-type-simple"},"yoast_head":"<!-- This site is optimized with the Yoast SEO Premium plugin v27.5 (Yoast SEO v27.5) - https:\/\/yoast.com\/product\/yoast-seo-premium-wordpress\/ -->\n<title>Bebedero cerdos 1\/2 de pulsador en lat\u00f3n para granjas - FDA srl<\/title>\n<meta name=\"description\" content=\"Descubre el bebedero para cerdos 1\/2 de pulsador en lat\u00f3n, dise\u00f1ado para un suministro de agua constante durante la comida. \u00a1Mejora la eficiencia hoy!\" \/>\n<meta name=\"robots\" content=\"index, follow, max-snippet:-1, max-image-preview:large, max-video-preview:-1\" \/>\n<link rel=\"canonical\" href=\"https:\/\/fdasrl.it\/es\/prodotto\/art-fda-000007tp-bebedero-1-2-humidificador-de-pulsador-en-laton\/\" \/>\n<meta property=\"og:locale\" content=\"es_ES\" \/>\n<meta property=\"og:type\" content=\"article\" \/>\n<meta property=\"og:title\" content=\"Art. FDA-000007TP - Bebedero 1\/2\u201d humidificador de pulsador en lat\u00f3n\" \/>\n<meta property=\"og:description\" content=\"Descubre el bebedero para cerdos 1\/2 de pulsador en lat\u00f3n, dise\u00f1ado para un suministro de agua constante durante la comida. \u00a1Mejora la eficiencia hoy!\" \/>\n<meta property=\"og:url\" content=\"https:\/\/fdasrl.it\/es\/prodotto\/art-fda-000007tp-bebedero-1-2-humidificador-de-pulsador-en-laton\/\" \/>\n<meta property=\"og:site_name\" content=\"FDA srl\" \/>\n<meta property=\"article:publisher\" content=\"https:\/\/www.facebook.com\/share\/1MWhFWg1Tp\/?mibextid=LQQJ4d\" \/>\n<meta property=\"og:image\" content=\"https:\/\/fdasrl.it\/wp-content\/uploads\/2025\/01\/abbeveratoio-succhiotto-suini-1-2-maschio-ottone-mangia-bevi-umidificatore-fda-00007TP-1.png\" \/>\n\t<meta property=\"og:image:width\" content=\"621\" \/>\n\t<meta property=\"og:image:height\" content=\"577\" \/>\n\t<meta property=\"og:image:type\" content=\"image\/png\" \/>\n<meta name=\"twitter:card\" content=\"summary_large_image\" \/>\n<meta name=\"twitter:label1\" content=\"Precio\" \/>\n\t<meta name=\"twitter:data1\" content=\"\" \/>\n\t<meta name=\"twitter:label2\" content=\"Disponibilidad\" \/>\n\t<meta name=\"twitter:data2\" content=\"Disponible\" \/>\n<meta property=\"product:price:currency\" content=\"EUR\" \/>\n<meta property=\"og:availability\" content=\"instock\" \/>\n<meta property=\"product:availability\" content=\"instock\" \/>\n<meta property=\"product:retailer_item_id\" content=\"FDA-000007TP\" \/>\n<meta property=\"product:condition\" content=\"new\" \/>\n<!-- \/ Yoast SEO Premium plugin. -->","yoast_head_json":{"title":"Bebedero cerdos 1\/2 de pulsador en lat\u00f3n para granjas - FDA srl","description":"Descubre el bebedero para cerdos 1\/2 de pulsador en lat\u00f3n, dise\u00f1ado para un suministro de agua constante durante la comida. \u00a1Mejora la eficiencia hoy!","robots":{"index":"index","follow":"follow","max-snippet":"max-snippet:-1","max-image-preview":"max-image-preview:large","max-video-preview":"max-video-preview:-1"},"canonical":"https:\/\/fdasrl.it\/es\/prodotto\/art-fda-000007tp-bebedero-1-2-humidificador-de-pulsador-en-laton\/","og_locale":"es_ES","og_type":"article","og_title":"Art. FDA-000007TP - Bebedero 1\/2\u201d humidificador de pulsador en lat\u00f3n","og_description":"Descubre el bebedero para cerdos 1\/2 de pulsador en lat\u00f3n, dise\u00f1ado para un suministro de agua constante durante la comida. \u00a1Mejora la eficiencia hoy!","og_url":"https:\/\/fdasrl.it\/es\/prodotto\/art-fda-000007tp-bebedero-1-2-humidificador-de-pulsador-en-laton\/","og_site_name":"FDA srl","article_publisher":"https:\/\/www.facebook.com\/share\/1MWhFWg1Tp\/?mibextid=LQQJ4d","og_image":[{"width":621,"height":577,"url":"https:\/\/fdasrl.it\/wp-content\/uploads\/2025\/01\/abbeveratoio-succhiotto-suini-1-2-maschio-ottone-mangia-bevi-umidificatore-fda-00007TP-1.png","type":"image\/png"}],"twitter_card":"summary_large_image","twitter_misc":{"Precio":"","Disponibilidad":"Disponible"},"schema":{"@context":"https:\/\/schema.org","@graph":[{"@type":"WebPage","@id":"https:\/\/fdasrl.it\/es\/prodotto\/art-fda-000007tp-bebedero-1-2-humidificador-de-pulsador-en-laton\/","url":"https:\/\/fdasrl.it\/es\/prodotto\/art-fda-000007tp-bebedero-1-2-humidificador-de-pulsador-en-laton\/","name":"Bebedero cerdos 1\/2 de pulsador en lat\u00f3n para granjas - FDA srl","isPartOf":{"@id":"https:\/\/fdasrl.it\/es\/#website"},"primaryImageOfPage":{"@id":"https:\/\/fdasrl.it\/es\/prodotto\/art-fda-000007tp-bebedero-1-2-humidificador-de-pulsador-en-laton\/#primaryimage"},"image":{"@id":"https:\/\/fdasrl.it\/es\/prodotto\/art-fda-000007tp-bebedero-1-2-humidificador-de-pulsador-en-laton\/#primaryimage"},"thumbnailUrl":"https:\/\/fdasrl.it\/wp-content\/uploads\/2025\/01\/abbeveratoio-succhiotto-suini-1-2-maschio-ottone-mangia-bevi-umidificatore-fda-00007TP-1.png","datePublished":"2025-01-15T10:55:27+00:00","description":"Descubre el bebedero para cerdos 1\/2 de pulsador en lat\u00f3n, dise\u00f1ado para un suministro de agua constante durante la comida. \u00a1Mejora la eficiencia hoy!","breadcrumb":{"@id":"https:\/\/fdasrl.it\/es\/prodotto\/art-fda-000007tp-bebedero-1-2-humidificador-de-pulsador-en-laton\/#breadcrumb"},"inLanguage":"es","potentialAction":[{"@type":"ReadAction","target":["https:\/\/fdasrl.it\/es\/prodotto\/art-fda-000007tp-bebedero-1-2-humidificador-de-pulsador-en-laton\/"]}]},{"@type":"ImageObject","inLanguage":"es","@id":"https:\/\/fdasrl.it\/es\/prodotto\/art-fda-000007tp-bebedero-1-2-humidificador-de-pulsador-en-laton\/#primaryimage","url":"https:\/\/fdasrl.it\/wp-content\/uploads\/2025\/01\/abbeveratoio-succhiotto-suini-1-2-maschio-ottone-mangia-bevi-umidificatore-fda-00007TP-1.png","contentUrl":"https:\/\/fdasrl.it\/wp-content\/uploads\/2025\/01\/abbeveratoio-succhiotto-suini-1-2-maschio-ottone-mangia-bevi-umidificatore-fda-00007TP-1.png","width":621,"height":577,"caption":"Bebedero chupete de pulsador para cerdos 1\/2\" macho lat\u00f3n comer beber humidificador fda 00007TP"},{"@type":"BreadcrumbList","@id":"https:\/\/fdasrl.it\/es\/prodotto\/art-fda-000007tp-bebedero-1-2-humidificador-de-pulsador-en-laton\/#breadcrumb","itemListElement":[{"@type":"ListItem","position":1,"name":"Home","item":"https:\/\/fdasrl.it\/es\/inicio\/"},{"@type":"ListItem","position":2,"name":"Tienda","item":"https:\/\/fdasrl.it\/es\/tienda\/"},{"@type":"ListItem","position":3,"name":"Art. FDA-000007TP &#8211; Bebedero 1\/2\u201d humidificador de pulsador en lat\u00f3n"}]},{"@type":"WebSite","@id":"https:\/\/fdasrl.it\/es\/#website","url":"https:\/\/fdasrl.it\/es\/","name":"FDA srl","description":"Equipment for animal husbandry","publisher":{"@id":"https:\/\/fdasrl.it\/es\/#organization"},"potentialAction":[{"@type":"SearchAction","target":{"@type":"EntryPoint","urlTemplate":"https:\/\/fdasrl.it\/es\/?s={search_term_string}"},"query-input":{"@type":"PropertyValueSpecification","valueRequired":true,"valueName":"search_term_string"}}],"inLanguage":"es"},{"@type":"Organization","@id":"https:\/\/fdasrl.it\/es\/#organization","name":"FDA srl","url":"https:\/\/fdasrl.it\/es\/","logo":{"@type":"ImageObject","inLanguage":"es","@id":"https:\/\/fdasrl.it\/es\/#\/schema\/logo\/image\/","url":"https:\/\/fdasrl.it\/wp-content\/uploads\/2024\/12\/Logo-FDA.png","contentUrl":"https:\/\/fdasrl.it\/wp-content\/uploads\/2024\/12\/Logo-FDA.png","width":316,"height":119,"caption":"FDA srl"},"image":{"@id":"https:\/\/fdasrl.it\/es\/#\/schema\/logo\/image\/"},"sameAs":["https:\/\/www.facebook.com\/share\/1MWhFWg1Tp\/?mibextid=LQQJ4d","https:\/\/www.instagram.com\/fda_srl\/profilecard\/?igsh=YW5lbzJ6MWg0d21u","https:\/\/www.youtube.com\/@FDASRL_ANIMALCARE"],"description":"FDA SRL \u2013 Equipment for animal husbandry nasce con l\u2019obiettivo di offrire soluzioni affidabili e innovative per l\u2019allevamento moderno. Con anni di esperienza nel settore zootecnico, progettiamo e realizziamo attrezzature destinate al benessere animale e alla gestione efficiente delle stalle: vasche, abbeveratoi, mangiatoie e sistemi di riscaldamento pensati per durare nel tempo e semplificare il lavoro quotidiano degli allevatori. Dalla progettazione alla produzione, ogni nostro prodotto \u00e8 studiato nei minimi dettagli, testato con cura e costruito per rispondere alle esigenze reali del settore. La nostra forza \u00e8 unire artigianalit\u00e0, tecnologia e competenza tecnica per trasformare ogni progetto in una soluzione concreta e funzionale. Oggi FDA SRL \u00e8 un punto di riferimento per privati e rivenditori che cercano qualit\u00e0, affidabilit\u00e0 e innovazione nelle attrezzature per l\u2019allevamento.","email":"info@fdasrl.it","telephone":"+390522826820","legalName":"F.D.A. SRL","foundingDate":"2024-10-13","vatID":"03075840359","taxID":"03075840359","numberOfEmployees":{"@type":"QuantitativeValue","minValue":"1","maxValue":"10"}}]},"product_price_currency":"EUR","og_availability":"instock","product_availability":"instock","product_retailer_item_id":"FDA-000007TP","product_condition":"new"},"_links":{"self":[{"href":"https:\/\/fdasrl.it\/es\/wp-json\/wp\/v2\/product\/5685","targetHints":{"allow":["GET"]}}],"collection":[{"href":"https:\/\/fdasrl.it\/es\/wp-json\/wp\/v2\/product"}],"about":[{"href":"https:\/\/fdasrl.it\/es\/wp-json\/wp\/v2\/types\/product"}],"replies":[{"embeddable":true,"href":"https:\/\/fdasrl.it\/es\/wp-json\/wp\/v2\/comments?post=5685"}],"wp:featuredmedia":[{"embeddable":true,"href":"https:\/\/fdasrl.it\/es\/wp-json\/wp\/v2\/media\/1321"}],"wp:attachment":[{"href":"https:\/\/fdasrl.it\/es\/wp-json\/wp\/v2\/media?parent=5685"}],"wp:term":[{"taxonomy":"product_brand","embeddable":true,"href":"https:\/\/fdasrl.it\/es\/wp-json\/wp\/v2\/product_brand?post=5685"},{"taxonomy":"product_cat","embeddable":true,"href":"https:\/\/fdasrl.it\/es\/wp-json\/wp\/v2\/product_cat?post=5685"},{"taxonomy":"product_tag","embeddable":true,"href":"https:\/\/fdasrl.it\/es\/wp-json\/wp\/v2\/product_tag?post=5685"}],"curies":[{"name":"wp","href":"https:\/\/api.w.org\/{rel}","templated":true}]}}