{"id":5825,"date":"2025-01-15T11:44:37","date_gmt":"2025-01-15T10:44:37","guid":{"rendered":"https:\/\/fdasrl.it\/prodotto\/art-fda-000005-bebedero-de-chupete-1-2-para-cazoletas-antidesperdicio-come-bebe\/"},"modified":"2025-01-15T11:44:37","modified_gmt":"2025-01-15T10:44:37","slug":"art-fda-000005-bebedero-de-chupete-1-2-para-cazoletas-antidesperdicio-come-bebe","status":"publish","type":"product","link":"https:\/\/fdasrl.it\/es\/prodotto\/art-fda-000005-bebedero-de-chupete-1-2-para-cazoletas-antidesperdicio-come-bebe\/","title":{"rendered":"Art. FDA-000005 &#8211; Bebedero de chupete 1\/2\u201d para cazoletas antidesperdicio come\/bebe"},"content":{"rendered":"<h2>Bebedero autom\u00e1tico de chupete 1\/2&#8243; para cazoletas antidesperdicio come\/bebe \u2013 Modelo FDA-000005<\/h2>\n<h3>Descripci\u00f3n del producto<\/h3>\n<p data-start=\"722\" data-end=\"862\">El bebedero de chupete para cazoletas antidesperdicio FDA-000005 con conexi\u00f3n roscada <strong data-start=\"740\" data-end=\"789\">1\/2\u201d para comederos \u201ccome y bebe\u201d para porcinos<\/strong>, est\u00e1 dise\u00f1ado para sistemas de alimentaci\u00f3n combinada en el \u00e1mbito zoot\u00e9cnico.<\/p>\n<p data-start=\"864\" data-end=\"1088\">El <strong data-start=\"867\" data-end=\"899\">cuerpo y la rosca de lat\u00f3n<\/strong> garantizan una elevada resistencia a la corrosi\u00f3n, fiabilidad en el tiempo y una correcta estanqueidad hidr\u00e1ulica.<br data-start=\"1004\" data-end=\"1007\"\/>El <strong data-start=\"1009\" data-end=\"1029\">hex\u00e1gono de 25 mm<\/strong> permite un atornillado estable y seguro en el comedero.<\/p>\n<p data-start=\"1090\" data-end=\"1447\">El <strong data-start=\"1093\" data-end=\"1126\">bot\u00f3n de activaci\u00f3n \u00d8 24 mm<\/strong>, fabricado en <strong data-start=\"1142\" data-end=\"1158\">acero inox<\/strong>, est\u00e1 dise\u00f1ado espec\u00edficamente para ser accionado por el cerdo durante el paso natural de la cabeza en el comedero. El movimiento del bot\u00f3n provoca una <strong data-start=\"1311\" data-end=\"1355\">descarga de agua ligera y controlada<\/strong>, que humedece el pienso mejorando su palatabilidad y favoreciendo la ingesta del alimento. <\/p>\n<hr>\n<h3>Caracter\u00edsticas t\u00e9cnicas<\/h3>\n<ul>\n<li>Rosca de lat\u00f3n<\/li>\n<li>Pomo de acero inoxidable<\/li>\n<li>Conexi\u00f3n de agua 1\/2&#8243;<\/li>\n<li>Longitud total: 49,0 mm<\/li>\n<li>Bot\u00f3n \u00d8 24 mm<\/li>\n<li>Peso: 161 g<\/li>\n<li>Hex\u00e1gono 25 mm<\/li>\n<li>Filtro interno de malla inox con anillo de sujeci\u00f3n o filtro regulable de pl\u00e1stico (ver modelo FDA-000005TP)<\/li>\n<li>Versi\u00f3n alternativa: <strong data-start=\"2509\" data-end=\"2537\">Todo inox \u2013 FDA-000015E<\/strong><\/li>\n<\/ul>\n<hr>\n<h3>Alturas y \u00e1ngulo de instalaci\u00f3n<\/h3>\n<p><a href=\"https:\/\/fdasrl.it\/wp-content\/uploads\/2025\/12\/Installation-Fda-Nipple-drinkers-1-2_compressed.pdf\">\ud83d\udc49 <\/a><em>(<a href=\"https:\/\/fdasrl.it\/wp-content\/uploads\/2025\/01\/Installation-of-1-2-nipple-drinker-for-anti-waste-eatdrink-trays.pdf\">HAZ CLIC AQU\u00cd) para ver la tabla completa de instalaci\u00f3n<\/a><\/em><\/p>\n<p>Las alturas indicadas son pautas generales.<br \/>\nSe recomienda el uso de tr<strong>es alturas de instalaci\u00f3n<\/strong> o de <strong>reguladores de altura<\/strong>, para adaptar la posici\u00f3n del bebedero o del comedero a la fase de crecimiento del animal.<\/p>\n<p>El bebedero FDA-000005 puede instalarse con una inclinaci\u00f3n de entre <strong>15\u00b0 y 45\u00b0<\/strong>:<\/p>\n<ul>\n<li><strong>15\u00b0 \u2192<\/strong> utiliza la altura m\u00e1s baja<\/li>\n<li><strong>45\u00b0 \u2192<\/strong> utiliza la altura m\u00e1s alta<\/li>\n<\/ul>\n<p>Esta regulaci\u00f3n garantiza una postura correcta de los animales y reduce el desperdicio de agua.<\/p>\n<hr>\n<h3>Presi\u00f3n de agua recomendada<\/h3>\n<p>La presi\u00f3n m\u00e1xima del agua no debe superar los <strong>4 bar (55 psi)<\/strong> para asegurar el correcto funcionamiento del sistema.<\/p>\n<p>Para lechones y lechones destetados, la presi\u00f3n no deber\u00eda superar los <strong>2 bar (28 psi)<\/strong>.<\/p>\n<p>Las presiones m\u00e1s bajas favorecen:<\/p>\n<ul>\n<li>el ahorro h\u00eddrico<\/li>\n<li>una mayor duraci\u00f3n de juntas y muelles<\/li>\n<li>la regularidad del flujo<\/li>\n<li>la facilidad de uso<\/li>\n<li>la reducci\u00f3n de desperdicios<\/li>\n<\/ul>\n<p>\ud83d\udc49 <em>Se recomienda el uso de un reductor de presi\u00f3n si la l\u00ednea de agua presenta valores elevados o inestables.<\/em><\/p>\n<hr>\n<h3>Caudal de agua<\/h3>\n<p><a href=\"https:\/\/fdasrl.it\/wp-content\/uploads\/2025\/01\/grafico-fda-succhiotto-mangia-bevi-000005.webp\">\ud83d\udc49 <em>(HAZ CLIC AQU\u00cd) para ver la tabla de caudales<\/em><\/a><\/p>\n<p>El caudal real var\u00eda seg\u00fan la presi\u00f3n disponible en la nave.<br \/>\nPara un funcionamiento \u00f3ptimo del sistema, <strong data-start=\"1492\" data-end=\"1562\">se recomienda un caudal de agua de entre 0,6 y 1 litro\/minuto<\/strong>, para obtener una correcta humidificaci\u00f3n del pienso reduciendo el desperdicio de agua y manteniendo m\u00e1s limpia el \u00e1rea de alimentaci\u00f3n.<\/p>\n<p>Para aumentar el caudal, hay disponibles v\u00e1lvulas opcionales con di\u00e1metros:<\/p>\n<ul>\n<li>\u00d8 3 mm<\/li>\n<li>\u00d8 3,5 mm<\/li>\n<li>\u00d8 4 mm<\/li>\n<\/ul>\n<p>El uso de <strong>reductores de presi\u00f3n<\/strong> permite una gesti\u00f3n centralizada del sistema, especialmente \u00fatil en los meses de verano, cuando puede ser necesario aumentar el caudal.<\/p>\n","protected":false},"excerpt":{"rendered":"<p>Conexi\u00f3n roscada 1\/2\u201d para comederos come y bebe para porcinos, con cuerpo de lat\u00f3n y bot\u00f3n de acero inox. Activaci\u00f3n autom\u00e1tica al paso de la cabeza del cerdo para humectaci\u00f3n controlada del pienso. Caudal recomendado 0,6\u20131 l\/min. Disponible tambi\u00e9n en versi\u00f3n todo inox.  <\/p>\n<p><a href=\"https:\/\/fdasrl.it\/wp-content\/uploads\/2025\/01\/Installation-of-1-2-nipple-drinker-for-anti-waste-eatdrink-trays.pdf\" target=\"_blank\" rel=\"noopener\">\ud83d\udc49 <strong data-start=\"1158\" data-end=\"1174\">(HAZ CLIC AQU\u00cd)<\/strong> para la tabla completa de instalaci\u00f3n<\/a><\/p>\n<p><a href=\"https:\/\/fdasrl.it\/wp-content\/uploads\/2025\/01\/grafico-fda-succhiotto-mangia-bevi-000005.webp\">\ud83d\udc49 <strong data-start=\"1158\" data-end=\"1174\">(PINCHA AQU\u00cd)<\/strong> para la tabla de caudales<\/a><\/p>\n<p><a href=\"https:\/\/fdasrl.it\/wp-content\/uploads\/2025\/01\/FDA000005_compressed.pdf\">\ud83d\udc49 <strong data-start=\"1158\" data-end=\"1174\">(HAZ CLIC AQU\u00cd)<\/strong> para el dise\u00f1o t\u00e9cnico<\/a><\/p>\n","protected":false},"featured_media":1075,"comment_status":"open","ping_status":"closed","template":"","meta":{"_et_pb_use_builder":"","_et_pb_old_content":"","_et_gb_content_width":""},"product_brand":[],"product_cat":[772,1209,648,1208],"product_tag":[1324],"class_list":{"0":"post-5825","1":"product","2":"type-product","3":"status-publish","4":"has-post-thumbnail","6":"product_cat-bebederos-3","7":"product_cat-bebederos-de-chupete","8":"product_cat-cerdos","9":"product_cat-laton-acero-inoxidable","10":"product_tag-fda-000005","12":"first","13":"instock","14":"shipping-taxable","15":"product-type-simple"},"yoast_head":"<!-- This site is optimized with the Yoast SEO Premium plugin v27.5 (Yoast SEO v27.5) - https:\/\/yoast.com\/product\/yoast-seo-premium-wordpress\/ -->\n<title>Bebedero de chupete para cazoletas come\/bebe FDA-000005<\/title>\n<meta name=\"description\" content=\"Descubre el bebedero de chupete para cazoletas come\/bebe FDA-000005, perfecto para porcinos. \u00a1Garantiza resistencia y fiabilidad a lo largo del tiempo!\" \/>\n<meta name=\"robots\" content=\"index, follow, max-snippet:-1, max-image-preview:large, max-video-preview:-1\" \/>\n<link rel=\"canonical\" href=\"https:\/\/fdasrl.it\/es\/prodotto\/art-fda-000005-bebedero-de-chupete-1-2-para-cazoletas-antidesperdicio-come-bebe\/\" \/>\n<meta property=\"og:locale\" content=\"es_ES\" \/>\n<meta property=\"og:type\" content=\"article\" \/>\n<meta property=\"og:title\" content=\"Art. FDA-000005 - Bebedero de chupete 1\/2\u201d para cazoletas antidesperdicio come\/bebe\" \/>\n<meta property=\"og:description\" content=\"Descubre el bebedero de chupete para cazoletas come\/bebe FDA-000005, perfecto para porcinos. \u00a1Garantiza resistencia y fiabilidad a lo largo del tiempo!\" \/>\n<meta property=\"og:url\" content=\"https:\/\/fdasrl.it\/es\/prodotto\/art-fda-000005-bebedero-de-chupete-1-2-para-cazoletas-antidesperdicio-come-bebe\/\" \/>\n<meta property=\"og:site_name\" content=\"FDA srl\" \/>\n<meta property=\"article:publisher\" content=\"https:\/\/www.facebook.com\/share\/1MWhFWg1Tp\/?mibextid=LQQJ4d\" \/>\n<meta property=\"og:image\" content=\"https:\/\/fdasrl.it\/wp-content\/uploads\/2025\/01\/abbeveratoio-succhiotto-1-2-vaschetta-antispreco-mangia-bevi.webp\" \/>\n\t<meta property=\"og:image:width\" content=\"1200\" \/>\n\t<meta property=\"og:image:height\" content=\"1200\" \/>\n\t<meta property=\"og:image:type\" content=\"image\/webp\" \/>\n<meta name=\"twitter:card\" content=\"summary_large_image\" \/>\n<meta name=\"twitter:label1\" content=\"Precio\" \/>\n\t<meta name=\"twitter:data1\" content=\"\" \/>\n\t<meta name=\"twitter:label2\" content=\"Disponibilidad\" \/>\n\t<meta name=\"twitter:data2\" content=\"Disponible\" \/>\n<meta property=\"product:price:currency\" content=\"EUR\" \/>\n<meta property=\"og:availability\" content=\"instock\" \/>\n<meta property=\"product:availability\" content=\"instock\" \/>\n<meta property=\"product:retailer_item_id\" content=\"FDA-000005\" \/>\n<meta property=\"product:condition\" content=\"new\" \/>\n<!-- \/ Yoast SEO Premium plugin. -->","yoast_head_json":{"title":"Bebedero de chupete para cazoletas come\/bebe FDA-000005","description":"Descubre el bebedero de chupete para cazoletas come\/bebe FDA-000005, perfecto para porcinos. \u00a1Garantiza resistencia y fiabilidad a lo largo del tiempo!","robots":{"index":"index","follow":"follow","max-snippet":"max-snippet:-1","max-image-preview":"max-image-preview:large","max-video-preview":"max-video-preview:-1"},"canonical":"https:\/\/fdasrl.it\/es\/prodotto\/art-fda-000005-bebedero-de-chupete-1-2-para-cazoletas-antidesperdicio-come-bebe\/","og_locale":"es_ES","og_type":"article","og_title":"Art. FDA-000005 - Bebedero de chupete 1\/2\u201d para cazoletas antidesperdicio come\/bebe","og_description":"Descubre el bebedero de chupete para cazoletas come\/bebe FDA-000005, perfecto para porcinos. \u00a1Garantiza resistencia y fiabilidad a lo largo del tiempo!","og_url":"https:\/\/fdasrl.it\/es\/prodotto\/art-fda-000005-bebedero-de-chupete-1-2-para-cazoletas-antidesperdicio-come-bebe\/","og_site_name":"FDA srl","article_publisher":"https:\/\/www.facebook.com\/share\/1MWhFWg1Tp\/?mibextid=LQQJ4d","og_image":[{"width":1200,"height":1200,"url":"https:\/\/fdasrl.it\/wp-content\/uploads\/2025\/01\/abbeveratoio-succhiotto-1-2-vaschetta-antispreco-mangia-bevi.webp","type":"image\/webp"}],"twitter_card":"summary_large_image","twitter_misc":{"Precio":"","Disponibilidad":"Disponible"},"schema":{"@context":"https:\/\/schema.org","@graph":[{"@type":"WebPage","@id":"https:\/\/fdasrl.it\/es\/prodotto\/art-fda-000005-bebedero-de-chupete-1-2-para-cazoletas-antidesperdicio-come-bebe\/","url":"https:\/\/fdasrl.it\/es\/prodotto\/art-fda-000005-bebedero-de-chupete-1-2-para-cazoletas-antidesperdicio-come-bebe\/","name":"Bebedero de chupete para cazoletas come\/bebe FDA-000005","isPartOf":{"@id":"https:\/\/fdasrl.it\/es\/#website"},"primaryImageOfPage":{"@id":"https:\/\/fdasrl.it\/es\/prodotto\/art-fda-000005-bebedero-de-chupete-1-2-para-cazoletas-antidesperdicio-come-bebe\/#primaryimage"},"image":{"@id":"https:\/\/fdasrl.it\/es\/prodotto\/art-fda-000005-bebedero-de-chupete-1-2-para-cazoletas-antidesperdicio-come-bebe\/#primaryimage"},"thumbnailUrl":"https:\/\/fdasrl.it\/wp-content\/uploads\/2025\/01\/abbeveratoio-succhiotto-1-2-vaschetta-antispreco-mangia-bevi.webp","datePublished":"2025-01-15T10:44:37+00:00","description":"Descubre el bebedero de chupete para cazoletas come\/bebe FDA-000005, perfecto para porcinos. \u00a1Garantiza resistencia y fiabilidad a lo largo del tiempo!","breadcrumb":{"@id":"https:\/\/fdasrl.it\/es\/prodotto\/art-fda-000005-bebedero-de-chupete-1-2-para-cazoletas-antidesperdicio-come-bebe\/#breadcrumb"},"inLanguage":"es","potentialAction":[{"@type":"ReadAction","target":["https:\/\/fdasrl.it\/es\/prodotto\/art-fda-000005-bebedero-de-chupete-1-2-para-cazoletas-antidesperdicio-come-bebe\/"]}]},{"@type":"ImageObject","inLanguage":"es","@id":"https:\/\/fdasrl.it\/es\/prodotto\/art-fda-000005-bebedero-de-chupete-1-2-para-cazoletas-antidesperdicio-come-bebe\/#primaryimage","url":"https:\/\/fdasrl.it\/wp-content\/uploads\/2025\/01\/abbeveratoio-succhiotto-1-2-vaschetta-antispreco-mangia-bevi.webp","contentUrl":"https:\/\/fdasrl.it\/wp-content\/uploads\/2025\/01\/abbeveratoio-succhiotto-1-2-vaschetta-antispreco-mangia-bevi.webp","width":1200,"height":1200,"caption":"Bebedero de chupete 1\/2\u201d para cazoletas antidesperdicio come\/bebe"},{"@type":"BreadcrumbList","@id":"https:\/\/fdasrl.it\/es\/prodotto\/art-fda-000005-bebedero-de-chupete-1-2-para-cazoletas-antidesperdicio-come-bebe\/#breadcrumb","itemListElement":[{"@type":"ListItem","position":1,"name":"Home","item":"https:\/\/fdasrl.it\/es\/inicio\/"},{"@type":"ListItem","position":2,"name":"Tienda","item":"https:\/\/fdasrl.it\/es\/tienda\/"},{"@type":"ListItem","position":3,"name":"Art. FDA-000005 &#8211; Bebedero de chupete 1\/2\u201d para cazoletas antidesperdicio come\/bebe"}]},{"@type":"WebSite","@id":"https:\/\/fdasrl.it\/es\/#website","url":"https:\/\/fdasrl.it\/es\/","name":"FDA srl","description":"Equipment for animal husbandry","publisher":{"@id":"https:\/\/fdasrl.it\/es\/#organization"},"potentialAction":[{"@type":"SearchAction","target":{"@type":"EntryPoint","urlTemplate":"https:\/\/fdasrl.it\/es\/?s={search_term_string}"},"query-input":{"@type":"PropertyValueSpecification","valueRequired":true,"valueName":"search_term_string"}}],"inLanguage":"es"},{"@type":"Organization","@id":"https:\/\/fdasrl.it\/es\/#organization","name":"FDA srl","url":"https:\/\/fdasrl.it\/es\/","logo":{"@type":"ImageObject","inLanguage":"es","@id":"https:\/\/fdasrl.it\/es\/#\/schema\/logo\/image\/","url":"https:\/\/fdasrl.it\/wp-content\/uploads\/2024\/12\/Logo-FDA.png","contentUrl":"https:\/\/fdasrl.it\/wp-content\/uploads\/2024\/12\/Logo-FDA.png","width":316,"height":119,"caption":"FDA srl"},"image":{"@id":"https:\/\/fdasrl.it\/es\/#\/schema\/logo\/image\/"},"sameAs":["https:\/\/www.facebook.com\/share\/1MWhFWg1Tp\/?mibextid=LQQJ4d","https:\/\/www.instagram.com\/fda_srl\/profilecard\/?igsh=YW5lbzJ6MWg0d21u","https:\/\/www.youtube.com\/@FDASRL_ANIMALCARE"],"description":"FDA SRL \u2013 Equipment for animal husbandry nasce con l\u2019obiettivo di offrire soluzioni affidabili e innovative per l\u2019allevamento moderno. Con anni di esperienza nel settore zootecnico, progettiamo e realizziamo attrezzature destinate al benessere animale e alla gestione efficiente delle stalle: vasche, abbeveratoi, mangiatoie e sistemi di riscaldamento pensati per durare nel tempo e semplificare il lavoro quotidiano degli allevatori. Dalla progettazione alla produzione, ogni nostro prodotto \u00e8 studiato nei minimi dettagli, testato con cura e costruito per rispondere alle esigenze reali del settore. La nostra forza \u00e8 unire artigianalit\u00e0, tecnologia e competenza tecnica per trasformare ogni progetto in una soluzione concreta e funzionale. Oggi FDA SRL \u00e8 un punto di riferimento per privati e rivenditori che cercano qualit\u00e0, affidabilit\u00e0 e innovazione nelle attrezzature per l\u2019allevamento.","email":"info@fdasrl.it","telephone":"+390522826820","legalName":"F.D.A. SRL","foundingDate":"2024-10-13","vatID":"03075840359","taxID":"03075840359","numberOfEmployees":{"@type":"QuantitativeValue","minValue":"1","maxValue":"10"}}]},"product_price_currency":"EUR","og_availability":"instock","product_availability":"instock","product_retailer_item_id":"FDA-000005","product_condition":"new"},"_links":{"self":[{"href":"https:\/\/fdasrl.it\/es\/wp-json\/wp\/v2\/product\/5825","targetHints":{"allow":["GET"]}}],"collection":[{"href":"https:\/\/fdasrl.it\/es\/wp-json\/wp\/v2\/product"}],"about":[{"href":"https:\/\/fdasrl.it\/es\/wp-json\/wp\/v2\/types\/product"}],"replies":[{"embeddable":true,"href":"https:\/\/fdasrl.it\/es\/wp-json\/wp\/v2\/comments?post=5825"}],"wp:featuredmedia":[{"embeddable":true,"href":"https:\/\/fdasrl.it\/es\/wp-json\/wp\/v2\/media\/1075"}],"wp:attachment":[{"href":"https:\/\/fdasrl.it\/es\/wp-json\/wp\/v2\/media?parent=5825"}],"wp:term":[{"taxonomy":"product_brand","embeddable":true,"href":"https:\/\/fdasrl.it\/es\/wp-json\/wp\/v2\/product_brand?post=5825"},{"taxonomy":"product_cat","embeddable":true,"href":"https:\/\/fdasrl.it\/es\/wp-json\/wp\/v2\/product_cat?post=5825"},{"taxonomy":"product_tag","embeddable":true,"href":"https:\/\/fdasrl.it\/es\/wp-json\/wp\/v2\/product_tag?post=5825"}],"curies":[{"name":"wp","href":"https:\/\/api.w.org\/{rel}","templated":true}]}}