{"id":1332,"date":"2025-01-14T19:10:29","date_gmt":"2025-01-14T18:10:29","guid":{"rendered":"https:\/\/fdasrl.it\/boutique\/"},"modified":"2026-04-28T12:28:33","modified_gmt":"2026-04-28T10:28:33","slug":"boutique","status":"publish","type":"page","link":"https:\/\/fdasrl.it\/fr\/boutique\/","title":{"rendered":"Boutique"},"content":{"rendered":"","protected":false},"excerpt":{"rendered":"","protected":false},"author":1,"featured_media":0,"parent":0,"menu_order":0,"comment_status":"closed","ping_status":"closed","template":"","meta":{"_et_pb_use_builder":"on","_et_pb_old_content":"","_et_gb_content_width":"","footnotes":""},"class_list":["post-1332","page","type-page","status-publish","hentry"],"yoast_head":"<!-- This site is optimized with the Yoast SEO Premium plugin v27.5 (Yoast SEO v27.6) - https:\/\/yoast.com\/product\/yoast-seo-premium-wordpress\/ -->\n<title>Boutique - FDA srl<\/title>\n<meta name=\"robots\" content=\"index, follow, max-snippet:-1, max-image-preview:large, max-video-preview:-1\" \/>\n<link rel=\"canonical\" href=\"https:\/\/fdasrl.it\/fr\/boutique\/\" \/>\n<meta property=\"og:locale\" content=\"fr_FR\" \/>\n<meta property=\"og:type\" content=\"article\" \/>\n<meta property=\"og:title\" content=\"Boutique\" \/>\n<meta property=\"og:url\" content=\"https:\/\/fdasrl.it\/fr\/boutique\/\" \/>\n<meta property=\"og:site_name\" content=\"FDA srl\" \/>\n<meta property=\"article:publisher\" content=\"https:\/\/www.facebook.com\/share\/1MWhFWg1Tp\/?mibextid=LQQJ4d\" \/>\n<meta property=\"article:modified_time\" content=\"2026-04-28T10:28:33+00:00\" \/>\n<meta name=\"twitter:card\" content=\"summary_large_image\" \/>\n<!-- \/ Yoast SEO Premium plugin. -->","yoast_head_json":{"title":"Boutique - FDA srl","robots":{"index":"index","follow":"follow","max-snippet":"max-snippet:-1","max-image-preview":"max-image-preview:large","max-video-preview":"max-video-preview:-1"},"canonical":"https:\/\/fdasrl.it\/fr\/boutique\/","og_locale":"fr_FR","og_type":"article","og_title":"Boutique","og_url":"https:\/\/fdasrl.it\/fr\/boutique\/","og_site_name":"FDA srl","article_publisher":"https:\/\/www.facebook.com\/share\/1MWhFWg1Tp\/?mibextid=LQQJ4d","article_modified_time":"2026-04-28T10:28:33+00:00","twitter_card":"summary_large_image","schema":{"@context":"https:\/\/schema.org","@graph":[{"@type":"WebPage","@id":"https:\/\/fdasrl.it\/fr\/boutique\/","url":"https:\/\/fdasrl.it\/fr\/boutique\/","name":"Boutique - FDA srl","isPartOf":{"@id":"https:\/\/fdasrl.it\/fr\/#website"},"datePublished":"2025-01-14T18:10:29+00:00","dateModified":"2026-04-28T10:28:33+00:00","breadcrumb":{"@id":"https:\/\/fdasrl.it\/fr\/boutique\/#breadcrumb"},"inLanguage":"fr-FR","potentialAction":[{"@type":"ReadAction","target":["https:\/\/fdasrl.it\/fr\/boutique\/"]}]},{"@type":"BreadcrumbList","@id":"https:\/\/fdasrl.it\/fr\/boutique\/#breadcrumb","itemListElement":[{"@type":"ListItem","position":1,"name":"Home","item":"https:\/\/fdasrl.it\/fr\/accueil\/"},{"@type":"ListItem","position":2,"name":"Boutique"}]},{"@type":"WebSite","@id":"https:\/\/fdasrl.it\/fr\/#website","url":"https:\/\/fdasrl.it\/fr\/","name":"FDA srl","description":"Equipment for animal husbandry","publisher":{"@id":"https:\/\/fdasrl.it\/fr\/#organization"},"potentialAction":[{"@type":"SearchAction","target":{"@type":"EntryPoint","urlTemplate":"https:\/\/fdasrl.it\/fr\/?s={search_term_string}"},"query-input":{"@type":"PropertyValueSpecification","valueRequired":true,"valueName":"search_term_string"}}],"inLanguage":"fr-FR"},{"@type":"Organization","@id":"https:\/\/fdasrl.it\/fr\/#organization","name":"FDA srl","url":"https:\/\/fdasrl.it\/fr\/","logo":{"@type":"ImageObject","inLanguage":"fr-FR","@id":"https:\/\/fdasrl.it\/fr\/#\/schema\/logo\/image\/","url":"https:\/\/fdasrl.it\/wp-content\/uploads\/2024\/12\/Logo-FDA.png","contentUrl":"https:\/\/fdasrl.it\/wp-content\/uploads\/2024\/12\/Logo-FDA.png","width":316,"height":119,"caption":"FDA srl"},"image":{"@id":"https:\/\/fdasrl.it\/fr\/#\/schema\/logo\/image\/"},"sameAs":["https:\/\/www.facebook.com\/share\/1MWhFWg1Tp\/?mibextid=LQQJ4d","https:\/\/www.instagram.com\/fda_srl\/profilecard\/?igsh=YW5lbzJ6MWg0d21u","https:\/\/www.youtube.com\/@FDASRL_ANIMALCARE"],"description":"FDA SRL \u2013 Equipment for animal husbandry nasce con l\u2019obiettivo di offrire soluzioni affidabili e innovative per l\u2019allevamento moderno. Con anni di esperienza nel settore zootecnico, progettiamo e realizziamo attrezzature destinate al benessere animale e alla gestione efficiente delle stalle: vasche, abbeveratoi, mangiatoie e sistemi di riscaldamento pensati per durare nel tempo e semplificare il lavoro quotidiano degli allevatori. Dalla progettazione alla produzione, ogni nostro prodotto \u00e8 studiato nei minimi dettagli, testato con cura e costruito per rispondere alle esigenze reali del settore. La nostra forza \u00e8 unire artigianalit\u00e0, tecnologia e competenza tecnica per trasformare ogni progetto in una soluzione concreta e funzionale. Oggi FDA SRL \u00e8 un punto di riferimento per privati e rivenditori che cercano qualit\u00e0, affidabilit\u00e0 e innovazione nelle attrezzature per l\u2019allevamento.","email":"info@fdasrl.it","telephone":"+390522826820","legalName":"F.D.A. SRL","foundingDate":"2024-10-13","vatID":"03075840359","taxID":"03075840359","numberOfEmployees":{"@type":"QuantitativeValue","minValue":"1","maxValue":"10"}}]}},"_links":{"self":[{"href":"https:\/\/fdasrl.it\/fr\/wp-json\/wp\/v2\/pages\/1332","targetHints":{"allow":["GET"]}}],"collection":[{"href":"https:\/\/fdasrl.it\/fr\/wp-json\/wp\/v2\/pages"}],"about":[{"href":"https:\/\/fdasrl.it\/fr\/wp-json\/wp\/v2\/types\/page"}],"author":[{"embeddable":true,"href":"https:\/\/fdasrl.it\/fr\/wp-json\/wp\/v2\/users\/1"}],"replies":[{"embeddable":true,"href":"https:\/\/fdasrl.it\/fr\/wp-json\/wp\/v2\/comments?post=1332"}],"version-history":[{"count":0,"href":"https:\/\/fdasrl.it\/fr\/wp-json\/wp\/v2\/pages\/1332\/revisions"}],"wp:attachment":[{"href":"https:\/\/fdasrl.it\/fr\/wp-json\/wp\/v2\/media?parent=1332"}],"curies":[{"name":"wp","href":"https:\/\/api.w.org\/{rel}","templated":true}]}}