{"id":1592,"date":"2024-12-10T16:40:04","date_gmt":"2024-12-10T15:40:04","guid":{"rendered":"https:\/\/fdasrl.it\/politique-de-confidentialite\/"},"modified":"2026-05-06T10:54:16","modified_gmt":"2026-05-06T08:54:16","slug":"politique-de-confidentialite","status":"publish","type":"page","link":"https:\/\/fdasrl.it\/fr\/politique-de-confidentialite\/","title":{"rendered":"Politique de confidentialit\u00e9"},"content":{"rendered":"\n<h2 class=\"wp-block-heading\"><strong>Document d\u2019information au sens et aux fins de l\u2019article 13 du d\u00e9cret l\u00e9gislatif<\/strong><strong> <\/strong><strong>n\u00b0 196 du 30 juin 2003, \u00ab Code en mati\u00e8re de protection des donn\u00e9es personnelles \u00bb<\/strong><\/h2>\n\n<p><strong>Conform\u00e9ment \u00e0 l\u2019art. 13 du d\u00e9cret l\u00e9gislatif n\u00b0 196 du 30 juin 2003, nous vous informons que FDA Shop garantit que le traitement de vos donn\u00e9es personnelles s\u2019effectue dans le respect des droits et libert\u00e9s fondamentaux, ainsi que de la dignit\u00e9 de la personne concern\u00e9e, avec une r\u00e9f\u00e9rence particuli\u00e8re \u00e0 la confidentialit\u00e9, \u00e0 l\u2019identit\u00e9 personnelle et au droit \u00e0 la protection des donn\u00e9es personnelles.<\/strong><\/p>\n\n<h3 class=\"wp-block-heading\"><strong>Finalit\u00e9s du traitement des donn\u00e9es personnelles<\/strong><\/h3>\n\n<p>Toutes les donn\u00e9es fournies seront trait\u00e9es exclusivement pour les obligations li\u00e9es et instrumentales \u00e0 la gestion de l\u2019activit\u00e9 \u00e9conomique de l\u2019entreprise et en particulier :<\/p>\n\n<ul class=\"wp-block-list\">\n<li>insertion dans les fichiers clients des bases de donn\u00e9es informatiques de l\u2019entreprise ;<\/li>\n\n\n\n<li>\u00e9mission de documents de transport, factures, notes de cr\u00e9dit ;<\/li>\n\n\n\n<li>tenue correcte de la comptabilit\u00e9 et des registres de T.V.A. ; <\/li>\n\n\n\n<li>gestion des encaissements et des paiements ;<\/li>\n\n\n\n<li>pour remplir les obligations pr\u00e9vues par les normes de droit civil et fiscal, par les r\u00e8glements et par la l\u00e9gislation communautaire.<\/li>\n<\/ul>\n\n<p><strong>Champ de communication et de diffusion des donn\u00e9es<\/strong><\/p>\n\n<p>Vos donn\u00e9es personnelles ne seront pas diffus\u00e9es. Elles seront conserv\u00e9es et trait\u00e9es au sein de FDA srl par nos collaborateurs et employ\u00e9s. Pour permettre l\u2019ex\u00e9cution des obligations administratives et fiscales, elles pourront \u00eatre communiqu\u00e9es :   <\/p>\n\n<ul class=\"wp-block-list\">\n<li>aux bureaux de poste, soci\u00e9t\u00e9s d\u2019exp\u00e9dition de marchandises ;<\/li>\n\n\n\n<li>aux cabinets professionnels de conseil administratif, fiscal ou juridique ;<\/li>\n\n\n\n<li>aux \u00e9tablissements bancaires pour les encaissements et les paiements ;<\/li>\n\n\n\n<li>aux organismes publics, chambres de commerce, etc.<\/li>\n<\/ul>\n\n<p><strong>Modalit\u00e9s du traitement<\/strong><\/p>\n\n<p>Le traitement des donn\u00e9es personnelles sera effectu\u00e9 par FDA srl \u00e0 l\u2019aide de syst\u00e8mes informatiques ou de supports papier, par un personnel sp\u00e9cifiquement charg\u00e9, afin de garantir une s\u00e9curit\u00e9 et une confidentialit\u00e9 maximales, conform\u00e9ment aux dispositions du d\u00e9cret l\u00e9gislatif n\u00b0 196\/2003. <\/p>\n\n<p><strong>Nature de la fourniture des donn\u00e9es<\/strong><\/p>\n\n<p><strong>La fourniture de vos donn\u00e9es personnelles doit \u00eatre consid\u00e9r\u00e9e comme facultative ; toutefois, l\u2019absence de celles-ci entra\u00eene l\u2019impossibilit\u00e9 pour FDA srl de fournir les services demand\u00e9s, ne disposant pas des donn\u00e9es n\u00e9cessaires pour remplir les obligations comptables et fiscales.<\/strong><\/p>\n\n<p><strong>Droit d\u2019acc\u00e8s aux donn\u00e9es personnelles et autres droits (Art. 7 \u2013 D\u00e9cret l\u00e9gislatif n\u00b0 196\/2003)<\/strong><\/p>\n\n<p>1. La personne concern\u00e9e a le droit d\u2019obtenir la confirmation de l\u2019existence ou non de donn\u00e9es personnelles la concernant, m\u00eame si elles ne sont pas encore enregistr\u00e9es, et leur communication sous une forme intelligible.<\/p>\n\n<p>2. La personne concern\u00e9e a le droit d\u2019obtenir l\u2019indication :<\/p>\n\n<ul class=\"wp-block-list\">\n<li>a) de l\u2019origine des donn\u00e9es personnelles ;<\/li>\n\n\n\n<li>b) des finalit\u00e9s et des modalit\u00e9s du traitement ;<\/li>\n\n\n\n<li>c) de la logique appliqu\u00e9e en cas de traitement effectu\u00e9 \u00e0 l\u2019aide d\u2019outils \u00e9lectroniques ;<\/li>\n\n\n\n<li>d) des donn\u00e9es d\u2019identification du titulaire, des responsables et du repr\u00e9sentant d\u00e9sign\u00e9 conform\u00e9ment \u00e0 l\u2019article 5, paragraphe 2 du d\u00e9cret l\u00e9gislatif n\u00b0 196\/2003 ; <\/li>\n\n\n\n<li>e) des sujets ou des cat\u00e9gories de sujets auxquels les donn\u00e9es personnelles peuvent \u00eatre communiqu\u00e9es ou qui peuvent en prendre connaissance en qualit\u00e9 de repr\u00e9sentant d\u00e9sign\u00e9 sur le territoire de l\u2019\u00c9tat, de responsables ou de personnes charg\u00e9es du traitement.<\/li>\n<\/ul>\n\n<p>3. La personne concern\u00e9e a le droit d\u2019obtenir :<\/p>\n\n<ul class=\"wp-block-list\">\n<li>a) la mise \u00e0 jour, la rectification ou, en cas d\u2019int\u00e9r\u00eat, l\u2019int\u00e9gration des donn\u00e9es ;<\/li>\n\n\n\n<li>b) la suppression, la transformation sous forme anonyme ou le blocage des donn\u00e9es trait\u00e9es en violation de la loi, y compris celles dont la conservation n\u2019est pas n\u00e9cessaire au regard des finalit\u00e9s pour lesquelles les donn\u00e9es ont \u00e9t\u00e9 collect\u00e9es ou trait\u00e9es ult\u00e9rieurement ;<\/li>\n\n\n\n<li>c) l\u2019attestation que les op\u00e9rations vis\u00e9es aux lettres a) et b) ont \u00e9t\u00e9 port\u00e9es \u00e0 la connaissance, \u00e9galement en ce qui concerne leur contenu, de ceux auxquels les donn\u00e9es ont \u00e9t\u00e9 communiqu\u00e9es ou diffus\u00e9es, sauf si cette formalit\u00e9 s\u2019av\u00e8re impossible ou implique un recours \u00e0 des moyens manifestement disproportionn\u00e9s par rapport au droit prot\u00e9g\u00e9.  <\/li>\n<\/ul>\n\n<p>  4. La personne concern\u00e9e a le droit de s\u2019opposer, en tout ou en partie :<\/p>\n\n<ul class=\"wp-block-list\">\n<li>a) pour des motifs l\u00e9gitimes, au traitement des donn\u00e9es personnelles la concernant, m\u00eame si elles sont pertinentes au but de la collecte ;<\/li>\n\n\n\n<li>b) au traitement des donn\u00e9es personnelles la concernant \u00e0 des fins d\u2019envoi de mat\u00e9riel publicitaire ou de vente directe ou pour la r\u00e9alisation d\u2019\u00e9tudes de march\u00e9 ou de communication commerciale.<\/li>\n<\/ul>\n\n<p>Le titulaire des donn\u00e9es personnelles est FDA srl, dont le si\u00e8ge social est situ\u00e9 via Sandro Pertini n\u00b0 3, Gualtieri (R.E.)<\/p>\n\n<h3 class=\"wp-block-heading\"><strong>Droits de l\u2019utilisateur<\/strong><strong> <\/strong><\/h3>\n\n<p>Conform\u00e9ment au R\u00e8glement europ\u00e9en 679\/2016 (RGPD) et \u00e0 la r\u00e9glementation nationale, l\u2019Utilisateur peut, selon les modalit\u00e9s et dans les limites pr\u00e9vues par la r\u00e9glementation en vigueur, exercer les droits suivants : <\/p>\n\n<p>&#8211; demander la confirmation de l\u2019existence de donn\u00e9es personnelles le concernant (droit d\u2019acc\u00e8s) ;<br\/>&#8211; en conna\u00eetre l\u2019origine ;<br\/>&#8211; en recevoir une communication intelligible ;<br\/>&#8211; obtenir des informations sur la logique, les modalit\u00e9s et les finalit\u00e9s du traitement ;<br\/>&#8211; en demander la mise \u00e0 jour, la rectification, l\u2019int\u00e9gration, la suppression, la transformation sous forme anonyme, le blocage des donn\u00e9es trait\u00e9es en violation de la loi, y compris celles qui ne sont plus n\u00e9cessaires \u00e0 la poursuite des fins pour lesquelles elles ont \u00e9t\u00e9 collect\u00e9es ;<br\/>&#8211; dans les cas de traitement fond\u00e9 sur le consentement, recevoir, au seul co\u00fbt de l\u2019\u00e9ventuel support, ses donn\u00e9es fournies au titulaire, sous une forme structur\u00e9e et lisible par un processeur de donn\u00e9es et dans un format couramment utilis\u00e9 par un appareil \u00e9lectronique ;<br\/>&#8211; le droit de d\u00e9poser une plainte aupr\u00e8s de l\u2019Autorit\u00e9 de contr\u00f4le (Garante Privacy \u2013 <a href=\"https:\/\/www.garanteprivacy.it\/web\/guest\/home\/docweb\/-\/docweb-display\/docweb\/4535524\">lien vers la page du Garante<\/a>) ;<br\/>&#8211; ainsi que, plus g\u00e9n\u00e9ralement, exercer tous les droits qui lui sont reconnus par les dispositions l\u00e9gales en vigueur.<\/p>\n\n<p>Document d\u2019information fourni conform\u00e9ment au R\u00e8glement (UE) 2016\/679 relatif \u00e0 la protection des donn\u00e9es personnelles<\/p>\n\n<p>Il s\u2019agit d\u2019une note d\u2019information qui est \u00e9galement fournie conform\u00e9ment \u00e0 l\u2019art. 13 du R\u00e8glement (UE) 2016\/679 \u00e0 ceux qui se connectent au site de FDA srl \u00e0 l\u2019adresse https:\/\/fdasrl.it. <\/p>\n\n<p>La note d\u2019information est fournie uniquement pour le site mentionn\u00e9 ci-dessus et non pour d\u2019autres sites web \u00e9ventuellement consult\u00e9s par l\u2019utilisateur via des liens sp\u00e9cifiques.<\/p>\n\n<p>Titulaire du traitement<\/p>\n\n<p>Conform\u00e9ment \u00e0 l\u2019art. 13 du R\u00e8glement (UE) 2016\/679, nous vous informons que le \u00ab Titulaire \u00bb du traitement est FDA srl, dont le si\u00e8ge social est situ\u00e9 Via Sandro Pertini, 3, 42044 Gualtieri (RE) Italie, info@fdasrl.it <\/p>\n\n<p>FDA srl garantit que le traitement de vos donn\u00e9es personnelles s\u2019effectue dans le respect des droits et libert\u00e9s fondamentaux, ainsi que de la dignit\u00e9 de la personne concern\u00e9e, avec une r\u00e9f\u00e9rence particuli\u00e8re \u00e0 la confidentialit\u00e9, \u00e0 l\u2019identit\u00e9 personnelle et au droit \u00e0 la protection des donn\u00e9es personnelles.<\/p>\n\n<p>Finalit\u00e9s du traitement des donn\u00e9es personnelles<\/p>\n\n<p>Toutes les donn\u00e9es fournies seront trait\u00e9es exclusivement pour les obligations li\u00e9es et instrumentales \u00e0 la gestion de l\u2019activit\u00e9 \u00e9conomique de l\u2019entreprise et en particulier :<\/p>\n\n<ul class=\"wp-block-list\">\n<li>  insertion dans les fichiers clients pr\u00e9sents dans les bases de donn\u00e9es informatiques de l\u2019entreprise ;<\/li>\n\n\n\n<li>  r\u00e9pondre aux demandes exprim\u00e9es par les utilisateurs\/visiteurs\/acheteurs ;<\/li>\n\n\n\n<li>  gestion des offres\/commandes ;<\/li>\n\n\n\n<li>  \u00e9mission de documents de transport, factures, notes de cr\u00e9dit ;<\/li>\n\n\n\n<li>  gestion des encaissements et des paiements ;<\/li>\n\n\n\n<li>  pour remplir les obligations pr\u00e9vues par les normes de droit civil et fiscal, par les r\u00e8glements et par la l\u00e9gislation communautaire.<\/li>\n<\/ul>\n\n<p>Base juridique du traitement<\/p>\n\n<p>Le traitement effectu\u00e9 est licite sur la base de :<\/p>\n\n<ul class=\"wp-block-list\">\n<li>  Consentement donn\u00e9 par la personne concern\u00e9e (art. 6, par. 1, let. a)) ;<\/li>\n<\/ul>\n\n<p>ou (selon le cas) :<\/p>\n\n<ul class=\"wp-block-list\">\n<li>  Traitement n\u00e9cessaire \u00e0 l\u2019ex\u00e9cution d\u2019un contrat auquel la personne concern\u00e9e est partie ou \u00e0 l\u2019ex\u00e9cution de mesures pr\u00e9contractuelles (offres) adopt\u00e9es \u00e0 la demande de la personne concern\u00e9e (art. 6, par. 1, let. b)) ;<\/li>\n\n\n\n<li>  Traitement n\u00e9cessaire \u00e0 la poursuite de l\u2019int\u00e9r\u00eat l\u00e9gitime du titulaire du traitement (art. 6, par. 1, let. f)), tel que la possibilit\u00e9 de r\u00e9pondre aux demandes transmises par les utilisateurs\/visiteurs\/acheteurs.<\/li>\n<\/ul>\n\n<p>Champ de communication et de diffusion des donn\u00e9es<\/p>\n\n<p>Sous r\u00e9serve de ce qui est pr\u00e9cis\u00e9 ci-apr\u00e8s concernant l\u2019utilisation des cookies, il est pr\u00e9cis\u00e9 que vos donn\u00e9es personnelles ne seront pas diffus\u00e9es. Elles seront conserv\u00e9es et trait\u00e9es au sein de FDA srl par nos collaborateurs et employ\u00e9s. <\/p>\n\n<p>Pour permettre l\u2019ex\u00e9cution des obligations administratives et fiscales, et pour le d\u00e9roulement des activit\u00e9s \u00e9conomiques et de gestion, elles pourront \u00eatre communiqu\u00e9es \u00e0 des soci\u00e9t\u00e9s, des consultants externes, des organismes publics :<\/p>\n\n<ul class=\"wp-block-list\">\n<li>  aux bureaux de poste, soci\u00e9t\u00e9s d\u2019exp\u00e9dition de marchandises ;<\/li>\n\n\n\n<li>  aux cabinets professionnels de conseil administratif, fiscal ou juridique ;<\/li>\n\n\n\n<li>  aux soci\u00e9t\u00e9s de gestion des syst\u00e8mes d\u2019information, y compris le service d\u2019h\u00e9bergement du domaine du site et du courrier \u00e9lectronique ;<\/li>\n\n\n\n<li>  aux \u00e9tablissements bancaires pour les encaissements et les paiements ;<\/li>\n\n\n\n<li>  aux organismes publics, chambres de commerce, etc.<\/li>\n<\/ul>\n\n<p>Modalit\u00e9s du traitement<\/p>\n\n<p>Le traitement des donn\u00e9es personnelles sera effectu\u00e9 par FDA srl \u00e0 l\u2019aide de syst\u00e8mes informatiques ou de supports papier, par un personnel sp\u00e9cifiquement charg\u00e9 et form\u00e9, afin de garantir une s\u00e9curit\u00e9 et une confidentialit\u00e9 maximales, conform\u00e9ment aux dispositions du R\u00e8glement (UE) 2016\/679.<\/p>\n\n<p>Les donn\u00e9es seront conserv\u00e9es tant qu\u2019elles seront \u00e0 jour et, dans tous les cas, pour un maximum de 10 ans.<\/p>\n\n<p>Nature de la fourniture des donn\u00e9es<\/p>\n\n<p>La fourniture de vos donn\u00e9es personnelles doit \u00eatre consid\u00e9r\u00e9e comme facultative. Toutefois, le d\u00e9faut de fourniture des donn\u00e9es peut entra\u00eener l\u2019impossibilit\u00e9 d\u2019obtenir ce qui est demand\u00e9 par l\u2019utilisateur\/visiteur\/acheteur ou emp\u00eacher le d\u00e9roulement, par FDA srl, des activit\u00e9s susmentionn\u00e9es. <\/p>\n\n<p>La collecte de certaines donn\u00e9es personnelles a \u00e9galement un caract\u00e8re obligatoire pour donner suite aux obligations l\u00e9gales et fiscales, et le refus de fournir ces donn\u00e9es entra\u00eenera l\u2019impossibilit\u00e9 d\u2019\u00e9tablir des relations avec notre Soci\u00e9t\u00e9.<\/p>\n\n<p>Droits de la personne concern\u00e9e (Art. 13 du R\u00e8glement (UE) 2016\/679)<\/p>\n\n<p>1) La personne concern\u00e9e a le droit de demander au titulaire du traitement l\u2019acc\u00e8s aux donn\u00e9es personnelles, la rectification ou la suppression de celles-ci, la limitation du traitement la concernant ou de s\u2019opposer \u00e0 leur traitement, outre le droit \u00e0 la portabilit\u00e9 des donn\u00e9es ;<\/p>\n\n<p>2) Si elle a exprim\u00e9 son consentement au traitement de ses donn\u00e9es personnelles pour une ou plusieurs finalit\u00e9s sp\u00e9cifiques, la personne concern\u00e9e a le droit de retirer son consentement \u00e0 tout moment, sans porter atteinte \u00e0 la lic\u00e9it\u00e9 du traitement fond\u00e9e sur le consentement donn\u00e9 avant le retrait ;<\/p>\n\n<p>3) La personne concern\u00e9e a le droit de d\u00e9poser une plainte aupr\u00e8s d\u2019une Autorit\u00e9 de contr\u00f4le (le Garante per la protezione dei dati personali, Garante Privacy, est l\u2019autorit\u00e9 de contr\u00f4le nationale italienne en mati\u00e8re de protection des donn\u00e9es personnelles, une autorit\u00e9 administrative ind\u00e9pendante institu\u00e9e par la loi sur la vie priv\u00e9e (loi n\u00b0 675 du 31 d\u00e9cembre 1996) en application de la directive communautaire 95\/46\/CE).<\/p>\n\n<p><strong>Cookies<\/strong><\/p>\n\n<p>Que sont les cookies<\/p>\n\n<p>\u00c9galement appel\u00e9s t\u00e9moins de connexion, ce sont de petits fichiers texte qui sont plac\u00e9s sur les appareils des utilisateurs qui visitent notre site. Ainsi, lorsqu\u2019un utilisateur acc\u00e8de au site https:\/\/fdasrl.it, des cookies sont enregistr\u00e9s dans le r\u00e9pertoire du navigateur Web de l\u2019utilisateur. <\/p>\n\n<p>\u00c0 quoi servent-ils ?<\/p>\n\n<p>Principalement \u00e0 fournir un meilleur service \u00e0 l\u2019utilisateur et \u00e0 lui offrir une exp\u00e9rience de navigation positive. \u00c0 titre d\u2019exemple, les cookies servent \u00e0 : <\/p>\n\n<ul class=\"wp-block-list\">\n<li>  m\u00e9moriser le nom d\u2019utilisateur et ses pr\u00e9f\u00e9rences ;<\/li>\n\n\n\n<li>  permettre de trouver les formulaires d\u2019inscription d\u00e9j\u00e0 pr\u00e9-remplis ;<\/li>\n\n\n\n<li>  permettre de mesurer les services utilis\u00e9s par les utilisateurs ;<\/li>\n\n\n\n<li>  permettre d\u2019afficher des messages promotionnels en ad\u00e9quation avec les int\u00e9r\u00eats de l\u2019utilisateur.<\/li>\n<\/ul>\n\n<p>Quel type de cookies FDA srl utilise-t-elle :<\/p>\n\n<ul class=\"wp-block-list\">\n<li>  cookies techniques, n\u00e9cessaires au bon fonctionnement de certaines fonctionnalit\u00e9s du site, comme par exemple pour la m\u00e9morisation du panier ou pour collecter des donn\u00e9es de mani\u00e8re agr\u00e9g\u00e9e \u00e0 des fins statistiques ;<\/li>\n\n\n\n<li>  cookies de profilage de tiers : utilis\u00e9s pour fournir des messages promotionnels en ad\u00e9quation avec les pr\u00e9f\u00e9rences de l\u2019utilisateur enregistr\u00e9es sur la base des parcours de navigation et des produits consult\u00e9s. Dans notre cas, nous utilisons les cookies de remarketing de Google et Facebook. <\/li>\n<\/ul>\n\n<p>D\u00e9sactivation des cookies<\/p>\n\n<p>Les cookies sont li\u00e9s au navigateur utilis\u00e9 et PEUVENT \u00caTRE D\u00c9SACTIV\u00c9S DIRECTEMENT DEPUIS LE NAVIGATEUR, refusant\/r\u00e9voquant ainsi le consentement \u00e0 l\u2019utilisation des cookies. Il convient de noter que la d\u00e9sactivation des cookies pourrait emp\u00eacher l\u2019utilisation correcte de certaines fonctions du site lui-m\u00eame. <\/p>\n\n<p>Les instructions pour la d\u00e9sactivation des cookies se trouvent sur les pages web suivantes :<\/p>\n\n<p>Mozilla Firefox &#8211; Windows Internet Explorer &#8211; Google Chrome &#8211; Opera &#8211; Apple Safari<\/p>\n\n<p>Les demandes doivent \u00eatre adress\u00e9es au Titulaire du traitement. <\/p>\n\n<p>Dans le cas o\u00f9 les donn\u00e9es sont trait\u00e9es sur la base d\u2019int\u00e9r\u00eats l\u00e9gitimes, les droits des personnes concern\u00e9es par le traitement sont de toute fa\u00e7on garantis (sauf le droit \u00e0 la portabilit\u00e9 qui n\u2019est pas pr\u00e9vu par les normes), en particulier le droit d\u2019opposition au traitement qui peut \u00eatre exerc\u00e9 en envoyant une demande au titulaire du traitement.<\/p>\n","protected":false},"excerpt":{"rendered":"<p>Document d\u2019information au sens et aux fins de l\u2019article 13 du d\u00e9cret l\u00e9gislatif n\u00b0 196 du 30 juin 2003, \u00ab Code en mati\u00e8re de protection des donn\u00e9es personnelles \u00bb Conform\u00e9ment \u00e0 l\u2019art. 13 du d\u00e9cret l\u00e9gislatif n\u00b0 196 du 30 juin 2003, nous vous informons que FDA Shop garantit que le traitement de vos donn\u00e9es [&hellip;]<\/p>\n","protected":false},"author":1,"featured_media":0,"parent":0,"menu_order":0,"comment_status":"closed","ping_status":"open","template":"","meta":{"_et_pb_use_builder":"","_et_pb_old_content":"","_et_gb_content_width":"","footnotes":""},"class_list":["post-1592","page","type-page","status-publish","hentry"],"yoast_head":"<!-- This site is optimized with the Yoast SEO Premium plugin v27.5 (Yoast SEO v27.6) - https:\/\/yoast.com\/product\/yoast-seo-premium-wordpress\/ -->\n<title>Politique de confidentialit\u00e9 - FDA srl<\/title>\n<meta name=\"robots\" content=\"index, follow, max-snippet:-1, max-image-preview:large, max-video-preview:-1\" \/>\n<link rel=\"canonical\" href=\"https:\/\/fdasrl.it\/fr\/politique-de-confidentialite\/\" \/>\n<meta property=\"og:locale\" content=\"fr_FR\" \/>\n<meta property=\"og:type\" content=\"article\" \/>\n<meta property=\"og:title\" content=\"Politique de confidentialit\u00e9\" \/>\n<meta property=\"og:description\" content=\"Document d\u2019information au sens et aux fins de l\u2019article 13 du d\u00e9cret l\u00e9gislatif n\u00b0 196 du 30 juin 2003, \u00ab Code en mati\u00e8re de protection des donn\u00e9es personnelles \u00bb Conform\u00e9ment \u00e0 l\u2019art. 13 du d\u00e9cret l\u00e9gislatif n\u00b0 196 du 30 juin 2003, nous vous informons que FDA Shop garantit que le traitement de vos donn\u00e9es [&hellip;]\" \/>\n<meta property=\"og:url\" content=\"https:\/\/fdasrl.it\/fr\/politique-de-confidentialite\/\" \/>\n<meta property=\"og:site_name\" content=\"FDA srl\" \/>\n<meta property=\"article:publisher\" content=\"https:\/\/www.facebook.com\/share\/1MWhFWg1Tp\/?mibextid=LQQJ4d\" \/>\n<meta property=\"article:modified_time\" content=\"2026-05-06T08:54:16+00:00\" \/>\n<meta name=\"twitter:card\" content=\"summary_large_image\" \/>\n<meta name=\"twitter:label1\" content=\"Dur\u00e9e de lecture estim\u00e9e\" \/>\n\t<meta name=\"twitter:data1\" content=\"12 minutes\" \/>\n<!-- \/ Yoast SEO Premium plugin. -->","yoast_head_json":{"title":"Politique de confidentialit\u00e9 - FDA srl","robots":{"index":"index","follow":"follow","max-snippet":"max-snippet:-1","max-image-preview":"max-image-preview:large","max-video-preview":"max-video-preview:-1"},"canonical":"https:\/\/fdasrl.it\/fr\/politique-de-confidentialite\/","og_locale":"fr_FR","og_type":"article","og_title":"Politique de confidentialit\u00e9","og_description":"Document d\u2019information au sens et aux fins de l\u2019article 13 du d\u00e9cret l\u00e9gislatif n\u00b0 196 du 30 juin 2003, \u00ab Code en mati\u00e8re de protection des donn\u00e9es personnelles \u00bb Conform\u00e9ment \u00e0 l\u2019art. 13 du d\u00e9cret l\u00e9gislatif n\u00b0 196 du 30 juin 2003, nous vous informons que FDA Shop garantit que le traitement de vos donn\u00e9es [&hellip;]","og_url":"https:\/\/fdasrl.it\/fr\/politique-de-confidentialite\/","og_site_name":"FDA srl","article_publisher":"https:\/\/www.facebook.com\/share\/1MWhFWg1Tp\/?mibextid=LQQJ4d","article_modified_time":"2026-05-06T08:54:16+00:00","twitter_card":"summary_large_image","twitter_misc":{"Dur\u00e9e de lecture estim\u00e9e":"12 minutes"},"schema":{"@context":"https:\/\/schema.org","@graph":[{"@type":"WebPage","@id":"https:\/\/fdasrl.it\/fr\/politique-de-confidentialite\/","url":"https:\/\/fdasrl.it\/fr\/politique-de-confidentialite\/","name":"Politique de confidentialit\u00e9 - FDA srl","isPartOf":{"@id":"https:\/\/fdasrl.it\/fr\/#website"},"datePublished":"2024-12-10T15:40:04+00:00","dateModified":"2026-05-06T08:54:16+00:00","breadcrumb":{"@id":"https:\/\/fdasrl.it\/fr\/politique-de-confidentialite\/#breadcrumb"},"inLanguage":"fr-FR","potentialAction":[{"@type":"ReadAction","target":["https:\/\/fdasrl.it\/fr\/politique-de-confidentialite\/"]}]},{"@type":"BreadcrumbList","@id":"https:\/\/fdasrl.it\/fr\/politique-de-confidentialite\/#breadcrumb","itemListElement":[{"@type":"ListItem","position":1,"name":"Home","item":"https:\/\/fdasrl.it\/fr\/accueil\/"},{"@type":"ListItem","position":2,"name":"Politique de confidentialit\u00e9"}]},{"@type":"WebSite","@id":"https:\/\/fdasrl.it\/fr\/#website","url":"https:\/\/fdasrl.it\/fr\/","name":"FDA srl","description":"Equipment for animal husbandry","publisher":{"@id":"https:\/\/fdasrl.it\/fr\/#organization"},"potentialAction":[{"@type":"SearchAction","target":{"@type":"EntryPoint","urlTemplate":"https:\/\/fdasrl.it\/fr\/?s={search_term_string}"},"query-input":{"@type":"PropertyValueSpecification","valueRequired":true,"valueName":"search_term_string"}}],"inLanguage":"fr-FR"},{"@type":"Organization","@id":"https:\/\/fdasrl.it\/fr\/#organization","name":"FDA srl","url":"https:\/\/fdasrl.it\/fr\/","logo":{"@type":"ImageObject","inLanguage":"fr-FR","@id":"https:\/\/fdasrl.it\/fr\/#\/schema\/logo\/image\/","url":"https:\/\/fdasrl.it\/wp-content\/uploads\/2024\/12\/Logo-FDA.png","contentUrl":"https:\/\/fdasrl.it\/wp-content\/uploads\/2024\/12\/Logo-FDA.png","width":316,"height":119,"caption":"FDA srl"},"image":{"@id":"https:\/\/fdasrl.it\/fr\/#\/schema\/logo\/image\/"},"sameAs":["https:\/\/www.facebook.com\/share\/1MWhFWg1Tp\/?mibextid=LQQJ4d","https:\/\/www.instagram.com\/fda_srl\/profilecard\/?igsh=YW5lbzJ6MWg0d21u","https:\/\/www.youtube.com\/@FDASRL_ANIMALCARE"],"description":"FDA SRL \u2013 Equipment for animal husbandry nasce con l\u2019obiettivo di offrire soluzioni affidabili e innovative per l\u2019allevamento moderno. Con anni di esperienza nel settore zootecnico, progettiamo e realizziamo attrezzature destinate al benessere animale e alla gestione efficiente delle stalle: vasche, abbeveratoi, mangiatoie e sistemi di riscaldamento pensati per durare nel tempo e semplificare il lavoro quotidiano degli allevatori. Dalla progettazione alla produzione, ogni nostro prodotto \u00e8 studiato nei minimi dettagli, testato con cura e costruito per rispondere alle esigenze reali del settore. La nostra forza \u00e8 unire artigianalit\u00e0, tecnologia e competenza tecnica per trasformare ogni progetto in una soluzione concreta e funzionale. Oggi FDA SRL \u00e8 un punto di riferimento per privati e rivenditori che cercano qualit\u00e0, affidabilit\u00e0 e innovazione nelle attrezzature per l\u2019allevamento.","email":"info@fdasrl.it","telephone":"+390522826820","legalName":"F.D.A. SRL","foundingDate":"2024-10-13","vatID":"03075840359","taxID":"03075840359","numberOfEmployees":{"@type":"QuantitativeValue","minValue":"1","maxValue":"10"}}]}},"_links":{"self":[{"href":"https:\/\/fdasrl.it\/fr\/wp-json\/wp\/v2\/pages\/1592","targetHints":{"allow":["GET"]}}],"collection":[{"href":"https:\/\/fdasrl.it\/fr\/wp-json\/wp\/v2\/pages"}],"about":[{"href":"https:\/\/fdasrl.it\/fr\/wp-json\/wp\/v2\/types\/page"}],"author":[{"embeddable":true,"href":"https:\/\/fdasrl.it\/fr\/wp-json\/wp\/v2\/users\/1"}],"replies":[{"embeddable":true,"href":"https:\/\/fdasrl.it\/fr\/wp-json\/wp\/v2\/comments?post=1592"}],"version-history":[{"count":1,"href":"https:\/\/fdasrl.it\/fr\/wp-json\/wp\/v2\/pages\/1592\/revisions"}],"predecessor-version":[{"id":1593,"href":"https:\/\/fdasrl.it\/fr\/wp-json\/wp\/v2\/pages\/1592\/revisions\/1593"}],"wp:attachment":[{"href":"https:\/\/fdasrl.it\/fr\/wp-json\/wp\/v2\/media?parent=1592"}],"curies":[{"name":"wp","href":"https:\/\/api.w.org\/{rel}","templated":true}]}}