{"id":1660,"date":"2026-03-04T09:25:32","date_gmt":"2026-03-04T08:25:32","guid":{"rendered":"https:\/\/fdasrl.it\/prodotto\/trayeuse-mobile-fa06433-pour-chevres-et-brebis-a-4-postes-avec-pompe-a-bain-dhuile\/"},"modified":"2026-03-04T09:25:32","modified_gmt":"2026-03-04T08:25:32","slug":"trayeuse-mobile-fa06433-pour-chevres-et-brebis-a-4-postes-avec-pompe-a-bain-dhuile","status":"publish","type":"product","link":"https:\/\/fdasrl.it\/fr\/prodotto\/trayeuse-mobile-fa06433-pour-chevres-et-brebis-a-4-postes-avec-pompe-a-bain-dhuile\/","title":{"rendered":"Trayeuse mobile FA06433 pour ch\u00e8vres et brebis \u00e0 4 postes avec pompe \u00e0 bain d&rsquo;huile"},"content":{"rendered":"<div>\n<h3 data-start=\"306\" data-end=\"418\">\ud83d\udc10\ud83d\udc11 Trayeuse mobile FA06433 pour ch\u00e8vres et brebis \u00e0 4 postes avec pompe \u00e0 bain d&rsquo;huile<\/h3>\n<p data-start=\"286\" data-end=\"451\">La <strong data-start=\"289\" data-end=\"341\">trayeuse mobile FA06433 pour ch\u00e8vres et brebis<\/strong> est con\u00e7ue pour garantir une traite <strong data-start=\"383\" data-end=\"450\">rapide, efficace et hygi\u00e9nique dans les \u00e9levages ovins et caprins<\/strong>.<\/p>\n<p data-start=\"453\" data-end=\"686\">Gr\u00e2ce \u00e0 la <strong data-start=\"465\" data-end=\"497\">structure mobile sur chariot<\/strong> et au syst\u00e8me avec <strong data-start=\"515\" data-end=\"549\">pompe \u00e0 vide \u00e0 bain d&rsquo;huile<\/strong>, elle permet de traire <strong data-start=\"571\" data-end=\"616\">jusqu&rsquo;\u00e0 quatre animaux simultan\u00e9ment<\/strong>, am\u00e9liorant la productivit\u00e9 et r\u00e9duisant les temps de travail en stabulation.<\/p>\n<p data-start=\"688\" data-end=\"849\">Le syst\u00e8me est con\u00e7u pour offrir <strong data-start=\"724\" data-end=\"777\">fiabilit\u00e9, facilit\u00e9 d&rsquo;utilisation et longue dur\u00e9e de vie<\/strong>, avec des composants r\u00e9sistants et des mat\u00e9riaux adapt\u00e9s au contact avec le lait.<\/p>\n<hr data-start=\"851\" data-end=\"854\">\n<h2 data-start=\"856\" data-end=\"885\">Caract\u00e9ristiques principales<\/h2>\n<ul data-start=\"887\" data-end=\"1552\">\n<li data-start=\"887\" data-end=\"999\">\n<p data-start=\"889\" data-end=\"999\"><strong data-start=\"889\" data-end=\"974\">Pompe \u00e0 vide \u00e0 bain d&rsquo;huile de 280 L\/min avec moteur \u00e9lectrique 220VAC \u2013 0,75 kW<\/strong> \u00e0 bacs s\u00e9par\u00e9s**<\/p>\n<\/li>\n<li data-start=\"1000\" data-end=\"1046\">\n<p data-start=\"1002\" data-end=\"1046\"><strong data-start=\"1002\" data-end=\"1044\">4 faisceaux trayeurs pour ch\u00e8vre\/brebis<\/strong><\/p>\n<\/li>\n<li data-start=\"1047\" data-end=\"1108\">\n<p data-start=\"1049\" data-end=\"1108\"><strong data-start=\"1049\" data-end=\"1106\">2 pulsateurs pneumatiques ch\u00e8vre\/brebis (90\u2013120 bpm)*<\/strong><\/p>\n<\/li>\n<li data-start=\"1109\" data-end=\"1160\">\n<p data-start=\"1111\" data-end=\"1160\"><strong data-start=\"1111\" data-end=\"1158\">Manchons en polycarbonate haute r\u00e9sistance<\/strong><\/p>\n<\/li>\n<li data-start=\"1161\" data-end=\"1223\">\n<p data-start=\"1163\" data-end=\"1223\"><strong data-start=\"1163\" data-end=\"1221\">4 collecteurs alimentaires pour ch\u00e8vre\/brebis r\u00e9f. 13300<\/strong><\/p>\n<\/li>\n<li data-start=\"1224\" data-end=\"1267\">\n<p data-start=\"1226\" data-end=\"1267\"><strong data-start=\"1226\" data-end=\"1265\">Manchons trayeurs en silicone pour la traite<\/strong><\/p>\n<\/li>\n<li data-start=\"1268\" data-end=\"1334\">\n<p data-start=\"1270\" data-end=\"1334\"><strong data-start=\"1270\" data-end=\"1332\">R\u00e9servoir \u00e0 vide de 18 litres avec vanne de r\u00e9gulation<\/strong><\/p>\n<\/li>\n<li data-start=\"1335\" data-end=\"1385\">\n<p data-start=\"1337\" data-end=\"1385\"><strong data-start=\"1337\" data-end=\"1383\">Vacuom\u00e8tre pour contr\u00f4le de la d\u00e9pression<\/strong><\/p>\n<\/li>\n<li data-start=\"1386\" data-end=\"1421\">\n<p data-start=\"1388\" data-end=\"1421\"><strong data-start=\"1388\" data-end=\"1419\">Robinet \u00e0 vide de 1\/2&Prime;<\/strong><\/p>\n<\/li>\n<li data-start=\"1422\" data-end=\"1471\">\n<p data-start=\"1424\" data-end=\"1471\"><strong data-start=\"1424\" data-end=\"1469\">Seau \u00e0 lait en acier inoxydable de 40 litres<\/strong><\/p>\n<\/li>\n<li data-start=\"1472\" data-end=\"1528\">\n<p data-start=\"1474\" data-end=\"1528\"><strong data-start=\"1474\" data-end=\"1526\">Tuyauteries de traite de 2,5 m\u00e8tres par poste<\/strong><\/p>\n<\/li>\n<li data-start=\"1529\" data-end=\"1552\">\n<p data-start=\"1531\" data-end=\"1552\"><strong data-start=\"1531\" data-end=\"1552\">Certification CE<\/strong><\/p>\n<\/li>\n<\/ul>\n<hr data-start=\"1554\" data-end=\"1557\">\n<h2 data-start=\"1559\" data-end=\"1579\">\u00c9quipement inclus<\/h2>\n<p data-start=\"1581\" data-end=\"1683\">Pour faciliter l&rsquo;entretien et garantir des standards d&rsquo;hygi\u00e8ne \u00e9lev\u00e9s, la trayeuse est fournie avec :<\/p>\n<ul data-start=\"1685\" data-end=\"1757\">\n<li data-start=\"1685\" data-end=\"1720\">\n<p data-start=\"1687\" data-end=\"1720\"><strong data-start=\"1687\" data-end=\"1720\">Set de goupillons pour le nettoyage<\/strong><\/p>\n<\/li>\n<li data-start=\"1721\" data-end=\"1757\">\n<p data-start=\"1723\" data-end=\"1757\"><strong data-start=\"1723\" data-end=\"1757\">D\u00e9tergent alcalin de 1 litre<\/strong><\/p>\n<\/li>\n<\/ul>\n<p data-start=\"1759\" data-end=\"1913\">Les parties en contact avec le lait sont r\u00e9alis\u00e9es avec des <strong data-start=\"1812\" data-end=\"1851\">mat\u00e9riaux adapt\u00e9s \u00e0 l&rsquo;usage alimentaire<\/strong>, pour assurer <strong data-start=\"1868\" data-end=\"1912\">hygi\u00e8ne, s\u00e9curit\u00e9 et r\u00e9sistance dans le temps<\/strong>.<\/p>\n<hr data-start=\"1915\" data-end=\"1918\">\n<h2 data-start=\"1920\" data-end=\"1943\">Options disponibles<\/h2>\n<p data-start=\"1945\" data-end=\"2011\">* <strong data-start=\"1948\" data-end=\"2011\">Pulsateur \u00e9lectronique avec carte interne 24VDC + centrale<\/strong><\/p>\n<p data-start=\"2013\" data-end=\"2100\">** <strong data-start=\"2018\" data-end=\"2100\">Pompe \u00e0 vide \u00e0 bain d&rsquo;huile 400 L\/min avec moteur \u00e9lectrique 220VAC \u2013 1,10 kW<\/strong><\/p>\n<hr data-start=\"2102\" data-end=\"2105\">\n<p data-start=\"2107\" data-end=\"2325\">\u2705 <strong data-start=\"2109\" data-end=\"2325\">La trayeuse mobile FA06433 est la solution id\u00e9ale pour les \u00e9levages de ch\u00e8vres et brebis n\u00e9cessitant un syst\u00e8me de traite mobile, fiable et con\u00e7u pour travailler avec plusieurs animaux simultan\u00e9ment.<\/strong><\/p>\n<hr data-start=\"1949\" data-end=\"1952\">\n<h4 data-start=\"1954\" data-end=\"1993\"><\/h4>\n<h4 data-start=\"1954\" data-end=\"1993\">Revendeurs et distributeurs : demandez des informations <a href=\"https:\/\/fdasrl.it\/fr\/contact\/\">(CLIQUEZ ICI)<\/a><\/h4>\n<h4 data-start=\"1954\" data-end=\"1993\">\ud83d\uded2 Achetez-la en ligne &#8211; <strong data-start=\"1961\" data-end=\"1993\">Disponible en deux versions :<\/strong><\/h4>\n<ul data-start=\"1994\" data-end=\"2080\">\n<li data-start=\"1994\" data-end=\"2037\">\n<p data-start=\"1996\" data-end=\"2037\">\u2705 [<strong data-start=\"1999\" data-end=\"2021\">Version pour ch\u00e8vres<\/strong> \u2013 <a href=\"https:\/\/fda-shop.it\/shop\/mungitura\/mungitrici-carrellate\/mungitrice-carrellata-4-gruppi-per-capre-e-pecore-con-pompa-a-bagno-olio-280-400-lmin#\/302-tipo_motore_olio-motore_standard_280_litri_pecore\">cliquez ici<\/a>]<\/p>\n<\/li>\n<li data-start=\"2038\" data-end=\"2080\">\n<p data-start=\"2040\" data-end=\"2080\">\u2705 [<strong data-start=\"2043\" data-end=\"2066\">Version pour brebis<\/strong> \u2013 <a href=\"https:\/\/fda-shop.it\/shop\/mungitura\/mungitrici-carrellate\/mungitrice-carrellata-4-gruppi-per-capre-e-pecore-con-pompa-a-bagno-olio-280-400-lmin#\/302-tipo_motore_olio-motore_standard_280_litri_pecore\">cliquez ici<\/a>]<\/p>\n<\/li>\n<\/ul>\n<\/div>\n","protected":false},"excerpt":{"rendered":"<p>Trayeuse mobile FA06433 pour ch\u00e8vres et brebis avec 4 postes de traite et pompe \u00e0 vide \u00e0 bain d&rsquo;huile de 280 L\/min (en option 400 L\/min). \u00c9quip\u00e9e d&rsquo;un seau \u00e0 lait inox de 40 L, manchons en polycarbonate et manchons trayeurs en silicone. Syst\u00e8me mobile, fiable et certifi\u00e9 CE, id\u00e9al pour la traite simultan\u00e9e de plusieurs animaux.  <\/p>\n","protected":false},"featured_media":1133,"comment_status":"open","ping_status":"closed","template":"","meta":{"_et_pb_use_builder":"","_et_pb_old_content":"","_et_gb_content_width":""},"product_brand":[],"product_cat":[393,392],"product_tag":[394],"class_list":{"0":"post-1660","1":"product","2":"type-product","3":"status-publish","4":"has-post-thumbnail","6":"product_cat-ovins-et-caprins","7":"product_cat-trayeuses-mobiles","8":"product_tag-fa06433","10":"first","11":"instock","12":"shipping-taxable","13":"product-type-simple"},"yoast_head":"<!-- This site is optimized with the Yoast SEO Premium plugin v27.5 (Yoast SEO v27.5) - https:\/\/yoast.com\/product\/yoast-seo-premium-wordpress\/ -->\n<title>Trayeuse mobile ch\u00e8vres brebis 4 postes pompe \u00e0 bain d&#039;huile<\/title>\n<meta name=\"description\" content=\"D\u00e9couvrez la trayeuse mobile pour ch\u00e8vres et brebis, id\u00e9ale pour une traite rapide et hygi\u00e9nique. Augmentez votre productivit\u00e9 en stabulation !\" \/>\n<meta name=\"robots\" content=\"index, follow, max-snippet:-1, max-image-preview:large, max-video-preview:-1\" \/>\n<link rel=\"canonical\" href=\"https:\/\/fdasrl.it\/fr\/prodotto\/trayeuse-mobile-fa06433-pour-chevres-et-brebis-a-4-postes-avec-pompe-a-bain-dhuile\/\" \/>\n<meta property=\"og:locale\" content=\"fr_FR\" \/>\n<meta property=\"og:type\" content=\"article\" \/>\n<meta property=\"og:title\" content=\"Trayeuse mobile FA06433 pour ch\u00e8vres et brebis \u00e0 4 postes avec pompe \u00e0 bain d&#039;huile\" \/>\n<meta property=\"og:description\" content=\"D\u00e9couvrez la trayeuse mobile pour ch\u00e8vres et brebis, id\u00e9ale pour une traite rapide et hygi\u00e9nique. Augmentez votre productivit\u00e9 en stabulation !\" \/>\n<meta property=\"og:url\" content=\"https:\/\/fdasrl.it\/fr\/prodotto\/trayeuse-mobile-fa06433-pour-chevres-et-brebis-a-4-postes-avec-pompe-a-bain-dhuile\/\" \/>\n<meta property=\"og:site_name\" content=\"FDA srl\" \/>\n<meta property=\"article:publisher\" content=\"https:\/\/www.facebook.com\/share\/1MWhFWg1Tp\/?mibextid=LQQJ4d\" \/>\n<meta property=\"og:image\" content=\"https:\/\/fdasrl.it\/wp-content\/uploads\/2026\/03\/mungitrice-carrellata-4-gruppi-per-capre-e-pecore-con-pompa-a-olio-280-lmin-3.jpg\" \/>\n\t<meta property=\"og:image:width\" content=\"1327\" \/>\n\t<meta property=\"og:image:height\" content=\"1365\" \/>\n\t<meta property=\"og:image:type\" content=\"image\/jpeg\" \/>\n<meta name=\"twitter:card\" content=\"summary_large_image\" \/>\n<meta name=\"twitter:label1\" content=\"Prix\" \/>\n\t<meta name=\"twitter:data1\" content=\"\" \/>\n\t<meta name=\"twitter:label2\" content=\"Disponibilit\u00e9\" \/>\n\t<meta name=\"twitter:data2\" content=\"En stock\" \/>\n<meta property=\"product:price:currency\" content=\"EUR\" \/>\n<meta property=\"og:availability\" content=\"instock\" \/>\n<meta property=\"product:availability\" content=\"instock\" \/>\n<meta property=\"product:retailer_item_id\" content=\"FA06433\" \/>\n<meta property=\"product:condition\" content=\"new\" \/>\n<!-- \/ Yoast SEO Premium plugin. -->","yoast_head_json":{"title":"Trayeuse mobile ch\u00e8vres brebis 4 postes pompe \u00e0 bain d'huile","description":"D\u00e9couvrez la trayeuse mobile pour ch\u00e8vres et brebis, id\u00e9ale pour une traite rapide et hygi\u00e9nique. Augmentez votre productivit\u00e9 en stabulation !","robots":{"index":"index","follow":"follow","max-snippet":"max-snippet:-1","max-image-preview":"max-image-preview:large","max-video-preview":"max-video-preview:-1"},"canonical":"https:\/\/fdasrl.it\/fr\/prodotto\/trayeuse-mobile-fa06433-pour-chevres-et-brebis-a-4-postes-avec-pompe-a-bain-dhuile\/","og_locale":"fr_FR","og_type":"article","og_title":"Trayeuse mobile FA06433 pour ch\u00e8vres et brebis \u00e0 4 postes avec pompe \u00e0 bain d'huile","og_description":"D\u00e9couvrez la trayeuse mobile pour ch\u00e8vres et brebis, id\u00e9ale pour une traite rapide et hygi\u00e9nique. Augmentez votre productivit\u00e9 en stabulation !","og_url":"https:\/\/fdasrl.it\/fr\/prodotto\/trayeuse-mobile-fa06433-pour-chevres-et-brebis-a-4-postes-avec-pompe-a-bain-dhuile\/","og_site_name":"FDA srl","article_publisher":"https:\/\/www.facebook.com\/share\/1MWhFWg1Tp\/?mibextid=LQQJ4d","og_image":[{"width":1327,"height":1365,"url":"https:\/\/fdasrl.it\/wp-content\/uploads\/2026\/03\/mungitrice-carrellata-4-gruppi-per-capre-e-pecore-con-pompa-a-olio-280-lmin-3.jpg","type":"image\/jpeg"}],"twitter_card":"summary_large_image","twitter_misc":{"Prix":"","Disponibilit\u00e9":"En stock"},"schema":{"@context":"https:\/\/schema.org","@graph":[{"@type":"WebPage","@id":"https:\/\/fdasrl.it\/fr\/prodotto\/trayeuse-mobile-fa06433-pour-chevres-et-brebis-a-4-postes-avec-pompe-a-bain-dhuile\/","url":"https:\/\/fdasrl.it\/fr\/prodotto\/trayeuse-mobile-fa06433-pour-chevres-et-brebis-a-4-postes-avec-pompe-a-bain-dhuile\/","name":"Trayeuse mobile ch\u00e8vres brebis 4 postes pompe \u00e0 bain d'huile","isPartOf":{"@id":"https:\/\/fdasrl.it\/fr\/#website"},"primaryImageOfPage":{"@id":"https:\/\/fdasrl.it\/fr\/prodotto\/trayeuse-mobile-fa06433-pour-chevres-et-brebis-a-4-postes-avec-pompe-a-bain-dhuile\/#primaryimage"},"image":{"@id":"https:\/\/fdasrl.it\/fr\/prodotto\/trayeuse-mobile-fa06433-pour-chevres-et-brebis-a-4-postes-avec-pompe-a-bain-dhuile\/#primaryimage"},"thumbnailUrl":"https:\/\/fdasrl.it\/wp-content\/uploads\/2026\/03\/mungitrice-carrellata-4-gruppi-per-capre-e-pecore-con-pompa-a-olio-280-lmin-3.jpg","datePublished":"2026-03-04T08:25:32+00:00","description":"D\u00e9couvrez la trayeuse mobile pour ch\u00e8vres et brebis, id\u00e9ale pour une traite rapide et hygi\u00e9nique. Augmentez votre productivit\u00e9 en stabulation !","breadcrumb":{"@id":"https:\/\/fdasrl.it\/fr\/prodotto\/trayeuse-mobile-fa06433-pour-chevres-et-brebis-a-4-postes-avec-pompe-a-bain-dhuile\/#breadcrumb"},"inLanguage":"fr-FR","potentialAction":[{"@type":"ReadAction","target":["https:\/\/fdasrl.it\/fr\/prodotto\/trayeuse-mobile-fa06433-pour-chevres-et-brebis-a-4-postes-avec-pompe-a-bain-dhuile\/"]}]},{"@type":"ImageObject","inLanguage":"fr-FR","@id":"https:\/\/fdasrl.it\/fr\/prodotto\/trayeuse-mobile-fa06433-pour-chevres-et-brebis-a-4-postes-avec-pompe-a-bain-dhuile\/#primaryimage","url":"https:\/\/fdasrl.it\/wp-content\/uploads\/2026\/03\/mungitrice-carrellata-4-gruppi-per-capre-e-pecore-con-pompa-a-olio-280-lmin-3.jpg","contentUrl":"https:\/\/fdasrl.it\/wp-content\/uploads\/2026\/03\/mungitrice-carrellata-4-gruppi-per-capre-e-pecore-con-pompa-a-olio-280-lmin-3.jpg","width":1327,"height":1365,"caption":"Trayeuse professionnelle pour ch\u00e8vres et brebis avec quatre faisceaux trayeurs et seau \u00e0 lait en acier inoxydable."},{"@type":"BreadcrumbList","@id":"https:\/\/fdasrl.it\/fr\/prodotto\/trayeuse-mobile-fa06433-pour-chevres-et-brebis-a-4-postes-avec-pompe-a-bain-dhuile\/#breadcrumb","itemListElement":[{"@type":"ListItem","position":1,"name":"Home","item":"https:\/\/fdasrl.it\/fr\/accueil\/"},{"@type":"ListItem","position":2,"name":"Boutique","item":"https:\/\/fdasrl.it\/fr\/boutique\/"},{"@type":"ListItem","position":3,"name":"Trayeuse mobile FA06433 pour ch\u00e8vres et brebis \u00e0 4 postes avec pompe \u00e0 bain d&#8217;huile"}]},{"@type":"WebSite","@id":"https:\/\/fdasrl.it\/fr\/#website","url":"https:\/\/fdasrl.it\/fr\/","name":"FDA srl","description":"Equipment for animal husbandry","publisher":{"@id":"https:\/\/fdasrl.it\/fr\/#organization"},"potentialAction":[{"@type":"SearchAction","target":{"@type":"EntryPoint","urlTemplate":"https:\/\/fdasrl.it\/fr\/?s={search_term_string}"},"query-input":{"@type":"PropertyValueSpecification","valueRequired":true,"valueName":"search_term_string"}}],"inLanguage":"fr-FR"},{"@type":"Organization","@id":"https:\/\/fdasrl.it\/fr\/#organization","name":"FDA srl","url":"https:\/\/fdasrl.it\/fr\/","logo":{"@type":"ImageObject","inLanguage":"fr-FR","@id":"https:\/\/fdasrl.it\/fr\/#\/schema\/logo\/image\/","url":"https:\/\/fdasrl.it\/wp-content\/uploads\/2024\/12\/Logo-FDA.png","contentUrl":"https:\/\/fdasrl.it\/wp-content\/uploads\/2024\/12\/Logo-FDA.png","width":316,"height":119,"caption":"FDA srl"},"image":{"@id":"https:\/\/fdasrl.it\/fr\/#\/schema\/logo\/image\/"},"sameAs":["https:\/\/www.facebook.com\/share\/1MWhFWg1Tp\/?mibextid=LQQJ4d","https:\/\/www.instagram.com\/fda_srl\/profilecard\/?igsh=YW5lbzJ6MWg0d21u","https:\/\/www.youtube.com\/@FDASRL_ANIMALCARE"],"description":"FDA SRL \u2013 Equipment for animal husbandry nasce con l\u2019obiettivo di offrire soluzioni affidabili e innovative per l\u2019allevamento moderno. Con anni di esperienza nel settore zootecnico, progettiamo e realizziamo attrezzature destinate al benessere animale e alla gestione efficiente delle stalle: vasche, abbeveratoi, mangiatoie e sistemi di riscaldamento pensati per durare nel tempo e semplificare il lavoro quotidiano degli allevatori. Dalla progettazione alla produzione, ogni nostro prodotto \u00e8 studiato nei minimi dettagli, testato con cura e costruito per rispondere alle esigenze reali del settore. La nostra forza \u00e8 unire artigianalit\u00e0, tecnologia e competenza tecnica per trasformare ogni progetto in una soluzione concreta e funzionale. Oggi FDA SRL \u00e8 un punto di riferimento per privati e rivenditori che cercano qualit\u00e0, affidabilit\u00e0 e innovazione nelle attrezzature per l\u2019allevamento.","email":"info@fdasrl.it","telephone":"+390522826820","legalName":"F.D.A. SRL","foundingDate":"2024-10-13","vatID":"03075840359","taxID":"03075840359","numberOfEmployees":{"@type":"QuantitativeValue","minValue":"1","maxValue":"10"}}]},"product_price_currency":"EUR","og_availability":"instock","product_availability":"instock","product_retailer_item_id":"FA06433","product_condition":"new"},"_links":{"self":[{"href":"https:\/\/fdasrl.it\/fr\/wp-json\/wp\/v2\/product\/1660","targetHints":{"allow":["GET"]}}],"collection":[{"href":"https:\/\/fdasrl.it\/fr\/wp-json\/wp\/v2\/product"}],"about":[{"href":"https:\/\/fdasrl.it\/fr\/wp-json\/wp\/v2\/types\/product"}],"replies":[{"embeddable":true,"href":"https:\/\/fdasrl.it\/fr\/wp-json\/wp\/v2\/comments?post=1660"}],"wp:featuredmedia":[{"embeddable":true,"href":"https:\/\/fdasrl.it\/fr\/wp-json\/wp\/v2\/media\/1133"}],"wp:attachment":[{"href":"https:\/\/fdasrl.it\/fr\/wp-json\/wp\/v2\/media?parent=1660"}],"wp:term":[{"taxonomy":"product_brand","embeddable":true,"href":"https:\/\/fdasrl.it\/fr\/wp-json\/wp\/v2\/product_brand?post=1660"},{"taxonomy":"product_cat","embeddable":true,"href":"https:\/\/fdasrl.it\/fr\/wp-json\/wp\/v2\/product_cat?post=1660"},{"taxonomy":"product_tag","embeddable":true,"href":"https:\/\/fdasrl.it\/fr\/wp-json\/wp\/v2\/product_tag?post=1660"}],"curies":[{"name":"wp","href":"https:\/\/api.w.org\/{rel}","templated":true}]}}