{"id":1679,"date":"2026-03-03T17:31:13","date_gmt":"2026-03-03T16:31:13","guid":{"rendered":"https:\/\/fdasrl.it\/prodotto\/machine-a-traire-mobile-fa1775-avec-pompe-a-bain-dhuile-pour-bovins-laitiers\/"},"modified":"2026-03-03T17:31:13","modified_gmt":"2026-03-03T16:31:13","slug":"machine-a-traire-mobile-fa1775-avec-pompe-a-bain-dhuile-pour-bovins-laitiers","status":"publish","type":"product","link":"https:\/\/fdasrl.it\/fr\/prodotto\/machine-a-traire-mobile-fa1775-avec-pompe-a-bain-dhuile-pour-bovins-laitiers\/","title":{"rendered":"Machine \u00e0 traire mobile FA1775 avec pompe \u00e0 bain d\u2019huile pour bovins laitiers"},"content":{"rendered":"<div>\n<h1 data-start=\"265\" data-end=\"340\">Machine \u00e0 traire mobile FA1775 avec pompe \u00e0 bain d\u2019huile pour bovins laitiers<\/h1>\n<p data-start=\"342\" data-end=\"504\">La <strong data-start=\"345\" data-end=\"402\">machine \u00e0 traire mobile FA1775 avec pompe \u00e0 bain d\u2019huile<\/strong> est con\u00e7ue pour garantir une traite <strong data-start=\"444\" data-end=\"503\">efficace, fiable et hygi\u00e9nique des vaches laiti\u00e8res<\/strong>.<\/p>\n<p data-start=\"506\" data-end=\"708\">Gr\u00e2ce \u00e0 sa <strong data-start=\"518\" data-end=\"550\">structure mobile sur chariot<\/strong>, c\u2019est la solution id\u00e9ale pour les exploitations d\u2019\u00e9levage n\u00e9cessitant un syst\u00e8me de traite <strong data-start=\"641\" data-end=\"707\">pratique, robuste et facile \u00e0 utiliser directement \u00e0 l\u2019\u00e9table<\/strong>.<\/p>\n<p data-start=\"710\" data-end=\"840\">La machine \u00e0 traire permet d\u2019effectuer la traite en toute simplicit\u00e9 tout en maintenant des <strong data-start=\"788\" data-end=\"839\">performances constantes et une hygi\u00e8ne maximale du lait<\/strong>.<\/p>\n<hr data-start=\"842\" data-end=\"845\">\n<h2 data-start=\"847\" data-end=\"906\">Pompe \u00e0 vide \u00e0 bain d\u2019huile : stabilit\u00e9 et longue dur\u00e9e de vie<\/h2>\n<p data-start=\"908\" data-end=\"1050\">La machine \u00e0 traire FA1775 est \u00e9quip\u00e9e d\u2019une <strong data-start=\"941\" data-end=\"988\">pompe \u00e0 vide \u00e0 bain d\u2019huile de 250 L\/min<\/strong>, con\u00e7ue pour garantir des performances \u00e9lev\u00e9es et une grande long\u00e9vit\u00e9.<\/p>\n<p data-start=\"1052\" data-end=\"1072\">Principaux avantages :<\/p>\n<ul data-start=\"1074\" data-end=\"1215\">\n<li data-start=\"1074\" data-end=\"1110\">\n<p data-start=\"1076\" data-end=\"1110\">fonctionnement stable et continu<\/p>\n<\/li>\n<li data-start=\"1111\" data-end=\"1152\">\n<p data-start=\"1113\" data-end=\"1152\">usure r\u00e9duite des composants m\u00e9caniques<\/p>\n<\/li>\n<li data-start=\"1153\" data-end=\"1188\">\n<p data-start=\"1155\" data-end=\"1188\">fiabilit\u00e9 op\u00e9rationnelle accrue<\/p>\n<\/li>\n<li data-start=\"1189\" data-end=\"1215\">\n<p data-start=\"1191\" data-end=\"1215\">longue dur\u00e9e de vie<\/p>\n<\/li>\n<\/ul>\n<p data-start=\"1217\" data-end=\"1283\">Le syst\u00e8me est aliment\u00e9 par un <strong data-start=\"1244\" data-end=\"1282\">moteur \u00e9lectrique de 0,55 kW \u2013 220 V<\/strong>.<\/p>\n<p data-start=\"1285\" data-end=\"1414\">La structure avec <strong data-start=\"1302\" data-end=\"1324\">cuves s\u00e9par\u00e9es<\/strong> am\u00e9liore la r\u00e9sistance et assure une meilleure continuit\u00e9 de travail pendant la traite.<\/p>\n<p data-start=\"1416\" data-end=\"1447\">Le syst\u00e8me de vide comprend :<\/p>\n<ul data-start=\"1449\" data-end=\"1614\">\n<li data-start=\"1449\" data-end=\"1486\">\n<p data-start=\"1451\" data-end=\"1486\">r\u00e9servoir de vide de <strong data-start=\"1474\" data-end=\"1486\">18 litres<\/strong><\/p>\n<\/li>\n<li data-start=\"1487\" data-end=\"1533\">\n<p data-start=\"1489\" data-end=\"1533\"><strong data-start=\"1489\" data-end=\"1533\">vanne de r\u00e9gulation de la d\u00e9pression<\/strong><\/p>\n<\/li>\n<li data-start=\"1534\" data-end=\"1614\">\n<p data-start=\"1536\" data-end=\"1614\"><strong data-start=\"1536\" data-end=\"1560\">vacuom\u00e8tre int\u00e9gr\u00e9<\/strong> pour le contr\u00f4le de la pression pendant la traite<\/p>\n<\/li>\n<\/ul>\n<hr data-start=\"1616\" data-end=\"1619\">\n<h2 data-start=\"1621\" data-end=\"1660\">Groupe de traite pour vaches laiti\u00e8res<\/h2>\n<p data-start=\"1662\" data-end=\"1742\">La machine \u00e0 traire est \u00e9quip\u00e9e d\u2019un <strong data-start=\"1688\" data-end=\"1728\">groupe de traite complet pour bovins<\/strong>, compos\u00e9 de :<\/p>\n<ul data-start=\"1744\" data-end=\"1918\">\n<li data-start=\"1744\" data-end=\"1770\">\n<p data-start=\"1746\" data-end=\"1770\"><strong data-start=\"1746\" data-end=\"1770\">collecteur de 250 cc<\/strong><\/p>\n<\/li>\n<li data-start=\"1771\" data-end=\"1811\">\n<p data-start=\"1773\" data-end=\"1811\"><strong data-start=\"1773\" data-end=\"1811\">gobelets en acier inoxydable de 155 mm<\/strong><\/p>\n<\/li>\n<li data-start=\"1812\" data-end=\"1833\">\n<p data-start=\"1814\" data-end=\"1833\">orifice de <strong data-start=\"1822\" data-end=\"1833\">16,5 mm<\/strong><\/p>\n<\/li>\n<li data-start=\"1834\" data-end=\"1881\">\n<p data-start=\"1836\" data-end=\"1881\"><strong data-start=\"1836\" data-end=\"1881\">manchons trayeurs compatibles type DeLaval<\/strong><\/p>\n<\/li>\n<li data-start=\"1882\" data-end=\"1918\">\n<p data-start=\"1884\" data-end=\"1918\"><strong data-start=\"1884\" data-end=\"1918\">pulsateur pneumatique de 60 bpm*<\/strong><\/p>\n<\/li>\n<\/ul>\n<p data-start=\"1920\" data-end=\"2026\">Ce syst\u00e8me garantit une traite <strong data-start=\"1960\" data-end=\"1986\">douce et efficace<\/strong>, respectant le bien-\u00eatre de l\u2019animal.<\/p>\n<hr data-start=\"2028\" data-end=\"2031\">\n<h2 data-start=\"1743\" data-end=\"1766\">* Options disponibles<\/h2>\n<ul data-start=\"1768\" data-end=\"1923\">\n<li data-start=\"1768\" data-end=\"1833\">\n<p data-start=\"1770\" data-end=\"1833\"><strong data-start=\"1770\" data-end=\"1833\">Pulsateur \u00e9lectronique avec carte interne 24 VDC + bo\u00eetier de commande<\/strong><\/p>\n<\/li>\n<\/ul>\n<p>&nbsp;<\/p>\n<h2 data-start=\"2033\" data-end=\"2062\">\u00c9quipement de la machine \u00e0 traire<\/h2>\n<p data-start=\"2064\" data-end=\"2110\">La machine \u00e0 traire mobile FA1775 est fournie avec :<\/p>\n<ul data-start=\"2112\" data-end=\"2232\">\n<li data-start=\"2112\" data-end=\"2159\">\n<p data-start=\"2114\" data-end=\"2159\"><strong data-start=\"2114\" data-end=\"2159\">seau \u00e0 lait en acier inoxydable de 30 litres<\/strong><\/p>\n<\/li>\n<li data-start=\"2160\" data-end=\"2193\">\n<p data-start=\"2162\" data-end=\"2193\"><strong data-start=\"2162\" data-end=\"2193\">robinet de vide de 1\/2&Prime;<\/strong><\/p>\n<\/li>\n<li data-start=\"2194\" data-end=\"2232\">\n<p data-start=\"2196\" data-end=\"2232\"><strong data-start=\"2196\" data-end=\"2232\">tuyaux de traite de 2,5 m\u00e8tres<\/strong><\/p>\n<\/li>\n<\/ul>\n<p data-start=\"2234\" data-end=\"2341\">Toutes les parties en contact avec le lait sont r\u00e9alis\u00e9es en <strong data-start=\"2292\" data-end=\"2308\">acier inoxydable<\/strong>, mat\u00e9riau id\u00e9al pour garantir :<\/p>\n<ul data-start=\"2343\" data-end=\"2413\">\n<li data-start=\"2343\" data-end=\"2359\">\n<p data-start=\"2345\" data-end=\"2359\">une hygi\u00e8ne \u00e9lev\u00e9e<\/p>\n<\/li>\n<li data-start=\"2360\" data-end=\"2388\">\n<p data-start=\"2362\" data-end=\"2388\">une r\u00e9sistance \u00e0 la corrosion<\/p>\n<\/li>\n<li data-start=\"2389\" data-end=\"2413\">\n<p data-start=\"2391\" data-end=\"2413\">une longue dur\u00e9e de vie<\/p>\n<\/li>\n<\/ul>\n<hr data-start=\"2415\" data-end=\"2418\">\n<h2 data-start=\"2420\" data-end=\"2458\">Nettoyage et entretien simplifi\u00e9s<\/h2>\n<p data-start=\"2460\" data-end=\"2535\">Pour faciliter l\u2019entretien quotidien, la machine \u00e0 traire est livr\u00e9e avec :<\/p>\n<ul data-start=\"2537\" data-end=\"2609\">\n<li data-start=\"2537\" data-end=\"2572\">\n<p data-start=\"2539\" data-end=\"2572\"><strong data-start=\"2539\" data-end=\"2572\">un kit de goupillons de nettoyage<\/strong><\/p>\n<\/li>\n<li data-start=\"2573\" data-end=\"2609\">\n<p data-start=\"2575\" data-end=\"2609\"><strong data-start=\"2575\" data-end=\"2609\">d\u00e9tergent alcalin de 1 litre<\/strong><\/p>\n<\/li>\n<\/ul>\n<p data-start=\"2611\" data-end=\"2714\">Cela permet un <strong data-start=\"2631\" data-end=\"2668\">nettoyage rapide du circuit de lait<\/strong>, en maintenant toujours des standards d\u2019hygi\u00e8ne \u00e9lev\u00e9s.<\/p>\n<hr data-start=\"2716\" data-end=\"2719\">\n<h2 data-start=\"2721\" data-end=\"2750\">Caract\u00e9ristiques principales<\/h2>\n<ul data-start=\"2752\" data-end=\"2983\">\n<li data-start=\"2752\" data-end=\"2787\">\n<p data-start=\"2754\" data-end=\"2787\">machine \u00e0 traire <strong data-start=\"2765\" data-end=\"2787\">mobile sur chariot<\/strong><\/p>\n<\/li>\n<li data-start=\"2788\" data-end=\"2824\">\n<p data-start=\"2790\" data-end=\"2824\"><strong data-start=\"2790\" data-end=\"2824\">pompe \u00e0 vide \u00e0 bain d\u2019huile<\/strong><\/p>\n<\/li>\n<li data-start=\"2825\" data-end=\"2854\">\n<p data-start=\"2827\" data-end=\"2854\"><strong data-start=\"2827\" data-end=\"2854\">d\u00e9bit de la pompe 250 L\/min<\/strong><\/p>\n<\/li>\n<li data-start=\"2855\" data-end=\"2892\">\n<p data-start=\"2857\" data-end=\"2892\"><strong data-start=\"2857\" data-end=\"2892\">moteur \u00e9lectrique 0,55 kW \u2013 220 V<\/strong><\/p>\n<\/li>\n<li data-start=\"2893\" data-end=\"2925\">\n<p data-start=\"2895\" data-end=\"2925\"><strong data-start=\"2895\" data-end=\"2925\">seau \u00e0 lait inox de 30 L<\/strong><\/p>\n<\/li>\n<li data-start=\"2926\" data-end=\"2959\">\n<p data-start=\"2928\" data-end=\"2959\"><strong data-start=\"2928\" data-end=\"2959\">pulsateur pneumatique 60 bpm<\/strong><\/p>\n<\/li>\n<li data-start=\"2960\" data-end=\"2983\">\n<p data-start=\"2962\" data-end=\"2983\"><strong data-start=\"2962\" data-end=\"2983\">certification CE<\/strong><\/p>\n<\/li>\n<\/ul>\n<hr data-start=\"2985\" data-end=\"2988\">\n<p data-start=\"2990\" data-end=\"3172\">\u2705 <strong data-start=\"2992\" data-end=\"3172\">La machine \u00e0 traire mobile FA1775 avec pompe \u00e0 bain d\u2019huile est le choix id\u00e9al pour les \u00e9leveurs \u00e0 la recherche d\u2019un syst\u00e8me de traite mobile, robuste et fiable pour les bovins laitiers.<\/strong><\/p>\n<p data-start=\"2990\" data-end=\"3172\">Revendeurs et distributeurs : demandez des informations <a href=\"https:\/\/fdasrl.it\/fr\/contact\/\">(CLIQUEZ ICI)<\/a><\/p>\n<\/div>\n<div>Achetez-la sur notre <a href=\"https:\/\/fda-shop.it\/shop\/mungitura\/mungitrici-carrellate\/mungitrice-bovini\/mungitrice-carrellate-fa1775-per-bovini-a-un-gruppo-di-mungitura-con-motore-a-olio\" target=\"_blank\" rel=\"noopener\">boutique en ligne<\/a><\/div>\n","protected":false},"excerpt":{"rendered":"<p>Machine \u00e0 traire mobile FA1775 avec pompe \u00e0 vide \u00e0 bain d\u2019huile de 250 L\/min, con\u00e7ue pour la traite efficace des bovins laitiers. Structure mobile sur chariot, seau \u00e0 lait inox de 30 L et groupe de traite complet avec pulsateur pneumatique. Syst\u00e8me robuste, fiable et certifi\u00e9 CE, id\u00e9al pour une utilisation directe \u00e0 l\u2019\u00e9table.  <\/p>\n","protected":false},"featured_media":1116,"comment_status":"open","ping_status":"closed","template":"","meta":{"_et_pb_use_builder":"","_et_pb_old_content":"","_et_gb_content_width":""},"product_brand":[],"product_cat":[396,392],"product_tag":[397],"class_list":{"0":"post-1679","1":"product","2":"type-product","3":"status-publish","4":"has-post-thumbnail","6":"product_cat-bovins","7":"product_cat-trayeuses-mobiles","8":"product_tag-fa1775","10":"first","11":"instock","12":"shipping-taxable","13":"product-type-simple"},"yoast_head":"<!-- This site is optimized with the Yoast SEO Premium plugin v27.5 (Yoast SEO v27.5) - https:\/\/yoast.com\/product\/yoast-seo-premium-wordpress\/ -->\n<title>Machine \u00e0 traire mobile bovins pompe \u00e0 bain d\u2019huile facile \u00e0 utiliser<\/title>\n<meta name=\"description\" content=\"Tirez le meilleur parti de votre machine \u00e0 traire mobile pour vaches \u00e0 un poste ! Performances exceptionnelles et entretien r\u00e9duit, ne manquez pas cette occasion ! \ud83c\udf3e\" \/>\n<meta name=\"robots\" content=\"index, follow, max-snippet:-1, max-image-preview:large, max-video-preview:-1\" \/>\n<link rel=\"canonical\" href=\"https:\/\/fdasrl.it\/fr\/prodotto\/machine-a-traire-mobile-fa1775-avec-pompe-a-bain-dhuile-pour-bovins-laitiers\/\" \/>\n<meta property=\"og:locale\" content=\"fr_FR\" \/>\n<meta property=\"og:type\" content=\"article\" \/>\n<meta property=\"og:title\" content=\"Machine \u00e0 traire mobile FA1775 avec pompe \u00e0 bain d\u2019huile pour bovins laitiers\" \/>\n<meta property=\"og:description\" content=\"Tirez le meilleur parti de votre machine \u00e0 traire mobile pour vaches \u00e0 un poste ! Performances exceptionnelles et entretien r\u00e9duit, ne manquez pas cette occasion ! \ud83c\udf3e\" \/>\n<meta property=\"og:url\" content=\"https:\/\/fdasrl.it\/fr\/prodotto\/machine-a-traire-mobile-fa1775-avec-pompe-a-bain-dhuile-pour-bovins-laitiers\/\" \/>\n<meta property=\"og:site_name\" content=\"FDA srl\" \/>\n<meta property=\"article:publisher\" content=\"https:\/\/www.facebook.com\/share\/1MWhFWg1Tp\/?mibextid=LQQJ4d\" \/>\n<meta property=\"og:image\" content=\"https:\/\/fdasrl.it\/wp-content\/uploads\/2026\/03\/mungitrice-olio-fda-bovini-1-gruppo-3-4.jpg\" \/>\n\t<meta property=\"og:image:width\" content=\"922\" \/>\n\t<meta property=\"og:image:height\" content=\"800\" \/>\n\t<meta property=\"og:image:type\" content=\"image\/jpeg\" \/>\n<meta name=\"twitter:card\" content=\"summary_large_image\" \/>\n<meta name=\"twitter:label1\" content=\"Prix\" \/>\n\t<meta name=\"twitter:data1\" content=\"\" \/>\n\t<meta name=\"twitter:label2\" content=\"Disponibilit\u00e9\" \/>\n\t<meta name=\"twitter:data2\" content=\"En stock\" \/>\n<meta property=\"product:price:currency\" content=\"EUR\" \/>\n<meta property=\"og:availability\" content=\"instock\" \/>\n<meta property=\"product:availability\" content=\"instock\" \/>\n<meta property=\"product:retailer_item_id\" content=\"FA1775\" \/>\n<meta property=\"product:condition\" content=\"new\" \/>\n<!-- \/ Yoast SEO Premium plugin. -->","yoast_head_json":{"title":"Machine \u00e0 traire mobile bovins pompe \u00e0 bain d\u2019huile facile \u00e0 utiliser","description":"Tirez le meilleur parti de votre machine \u00e0 traire mobile pour vaches \u00e0 un poste ! Performances exceptionnelles et entretien r\u00e9duit, ne manquez pas cette occasion ! \ud83c\udf3e","robots":{"index":"index","follow":"follow","max-snippet":"max-snippet:-1","max-image-preview":"max-image-preview:large","max-video-preview":"max-video-preview:-1"},"canonical":"https:\/\/fdasrl.it\/fr\/prodotto\/machine-a-traire-mobile-fa1775-avec-pompe-a-bain-dhuile-pour-bovins-laitiers\/","og_locale":"fr_FR","og_type":"article","og_title":"Machine \u00e0 traire mobile FA1775 avec pompe \u00e0 bain d\u2019huile pour bovins laitiers","og_description":"Tirez le meilleur parti de votre machine \u00e0 traire mobile pour vaches \u00e0 un poste ! Performances exceptionnelles et entretien r\u00e9duit, ne manquez pas cette occasion ! \ud83c\udf3e","og_url":"https:\/\/fdasrl.it\/fr\/prodotto\/machine-a-traire-mobile-fa1775-avec-pompe-a-bain-dhuile-pour-bovins-laitiers\/","og_site_name":"FDA srl","article_publisher":"https:\/\/www.facebook.com\/share\/1MWhFWg1Tp\/?mibextid=LQQJ4d","og_image":[{"width":922,"height":800,"url":"https:\/\/fdasrl.it\/wp-content\/uploads\/2026\/03\/mungitrice-olio-fda-bovini-1-gruppo-3-4.jpg","type":"image\/jpeg"}],"twitter_card":"summary_large_image","twitter_misc":{"Prix":"","Disponibilit\u00e9":"En stock"},"schema":{"@context":"https:\/\/schema.org","@graph":[{"@type":"WebPage","@id":"https:\/\/fdasrl.it\/fr\/prodotto\/machine-a-traire-mobile-fa1775-avec-pompe-a-bain-dhuile-pour-bovins-laitiers\/","url":"https:\/\/fdasrl.it\/fr\/prodotto\/machine-a-traire-mobile-fa1775-avec-pompe-a-bain-dhuile-pour-bovins-laitiers\/","name":"Machine \u00e0 traire mobile bovins pompe \u00e0 bain d\u2019huile facile \u00e0 utiliser","isPartOf":{"@id":"https:\/\/fdasrl.it\/fr\/#website"},"primaryImageOfPage":{"@id":"https:\/\/fdasrl.it\/fr\/prodotto\/machine-a-traire-mobile-fa1775-avec-pompe-a-bain-dhuile-pour-bovins-laitiers\/#primaryimage"},"image":{"@id":"https:\/\/fdasrl.it\/fr\/prodotto\/machine-a-traire-mobile-fa1775-avec-pompe-a-bain-dhuile-pour-bovins-laitiers\/#primaryimage"},"thumbnailUrl":"https:\/\/fdasrl.it\/wp-content\/uploads\/2026\/03\/mungitrice-olio-fda-bovini-1-gruppo-3-4.jpg","datePublished":"2026-03-03T16:31:13+00:00","description":"Tirez le meilleur parti de votre machine \u00e0 traire mobile pour vaches \u00e0 un poste ! Performances exceptionnelles et entretien r\u00e9duit, ne manquez pas cette occasion ! \ud83c\udf3e","breadcrumb":{"@id":"https:\/\/fdasrl.it\/fr\/prodotto\/machine-a-traire-mobile-fa1775-avec-pompe-a-bain-dhuile-pour-bovins-laitiers\/#breadcrumb"},"inLanguage":"fr-FR","potentialAction":[{"@type":"ReadAction","target":["https:\/\/fdasrl.it\/fr\/prodotto\/machine-a-traire-mobile-fa1775-avec-pompe-a-bain-dhuile-pour-bovins-laitiers\/"]}]},{"@type":"ImageObject","inLanguage":"fr-FR","@id":"https:\/\/fdasrl.it\/fr\/prodotto\/machine-a-traire-mobile-fa1775-avec-pompe-a-bain-dhuile-pour-bovins-laitiers\/#primaryimage","url":"https:\/\/fdasrl.it\/wp-content\/uploads\/2026\/03\/mungitrice-olio-fda-bovini-1-gruppo-3-4.jpg","contentUrl":"https:\/\/fdasrl.it\/wp-content\/uploads\/2026\/03\/mungitrice-olio-fda-bovini-1-gruppo-3-4.jpg","width":922,"height":800,"caption":"Machine \u00e0 traire mobile FA1775 pour bovins avec seau en acier inoxydable, pompe \u00e0 vide lubrifi\u00e9e \u00e0 l\u2019huile et groupe de traite."},{"@type":"BreadcrumbList","@id":"https:\/\/fdasrl.it\/fr\/prodotto\/machine-a-traire-mobile-fa1775-avec-pompe-a-bain-dhuile-pour-bovins-laitiers\/#breadcrumb","itemListElement":[{"@type":"ListItem","position":1,"name":"Home","item":"https:\/\/fdasrl.it\/fr\/accueil\/"},{"@type":"ListItem","position":2,"name":"Boutique","item":"https:\/\/fdasrl.it\/fr\/boutique\/"},{"@type":"ListItem","position":3,"name":"Machine \u00e0 traire mobile FA1775 avec pompe \u00e0 bain d\u2019huile pour bovins laitiers"}]},{"@type":"WebSite","@id":"https:\/\/fdasrl.it\/fr\/#website","url":"https:\/\/fdasrl.it\/fr\/","name":"FDA srl","description":"Equipment for animal husbandry","publisher":{"@id":"https:\/\/fdasrl.it\/fr\/#organization"},"potentialAction":[{"@type":"SearchAction","target":{"@type":"EntryPoint","urlTemplate":"https:\/\/fdasrl.it\/fr\/?s={search_term_string}"},"query-input":{"@type":"PropertyValueSpecification","valueRequired":true,"valueName":"search_term_string"}}],"inLanguage":"fr-FR"},{"@type":"Organization","@id":"https:\/\/fdasrl.it\/fr\/#organization","name":"FDA srl","url":"https:\/\/fdasrl.it\/fr\/","logo":{"@type":"ImageObject","inLanguage":"fr-FR","@id":"https:\/\/fdasrl.it\/fr\/#\/schema\/logo\/image\/","url":"https:\/\/fdasrl.it\/wp-content\/uploads\/2024\/12\/Logo-FDA.png","contentUrl":"https:\/\/fdasrl.it\/wp-content\/uploads\/2024\/12\/Logo-FDA.png","width":316,"height":119,"caption":"FDA srl"},"image":{"@id":"https:\/\/fdasrl.it\/fr\/#\/schema\/logo\/image\/"},"sameAs":["https:\/\/www.facebook.com\/share\/1MWhFWg1Tp\/?mibextid=LQQJ4d","https:\/\/www.instagram.com\/fda_srl\/profilecard\/?igsh=YW5lbzJ6MWg0d21u","https:\/\/www.youtube.com\/@FDASRL_ANIMALCARE"],"description":"FDA SRL \u2013 Equipment for animal husbandry nasce con l\u2019obiettivo di offrire soluzioni affidabili e innovative per l\u2019allevamento moderno. Con anni di esperienza nel settore zootecnico, progettiamo e realizziamo attrezzature destinate al benessere animale e alla gestione efficiente delle stalle: vasche, abbeveratoi, mangiatoie e sistemi di riscaldamento pensati per durare nel tempo e semplificare il lavoro quotidiano degli allevatori. Dalla progettazione alla produzione, ogni nostro prodotto \u00e8 studiato nei minimi dettagli, testato con cura e costruito per rispondere alle esigenze reali del settore. La nostra forza \u00e8 unire artigianalit\u00e0, tecnologia e competenza tecnica per trasformare ogni progetto in una soluzione concreta e funzionale. Oggi FDA SRL \u00e8 un punto di riferimento per privati e rivenditori che cercano qualit\u00e0, affidabilit\u00e0 e innovazione nelle attrezzature per l\u2019allevamento.","email":"info@fdasrl.it","telephone":"+390522826820","legalName":"F.D.A. SRL","foundingDate":"2024-10-13","vatID":"03075840359","taxID":"03075840359","numberOfEmployees":{"@type":"QuantitativeValue","minValue":"1","maxValue":"10"}}]},"product_price_currency":"EUR","og_availability":"instock","product_availability":"instock","product_retailer_item_id":"FA1775","product_condition":"new"},"_links":{"self":[{"href":"https:\/\/fdasrl.it\/fr\/wp-json\/wp\/v2\/product\/1679","targetHints":{"allow":["GET"]}}],"collection":[{"href":"https:\/\/fdasrl.it\/fr\/wp-json\/wp\/v2\/product"}],"about":[{"href":"https:\/\/fdasrl.it\/fr\/wp-json\/wp\/v2\/types\/product"}],"replies":[{"embeddable":true,"href":"https:\/\/fdasrl.it\/fr\/wp-json\/wp\/v2\/comments?post=1679"}],"wp:featuredmedia":[{"embeddable":true,"href":"https:\/\/fdasrl.it\/fr\/wp-json\/wp\/v2\/media\/1116"}],"wp:attachment":[{"href":"https:\/\/fdasrl.it\/fr\/wp-json\/wp\/v2\/media?parent=1679"}],"wp:term":[{"taxonomy":"product_brand","embeddable":true,"href":"https:\/\/fdasrl.it\/fr\/wp-json\/wp\/v2\/product_brand?post=1679"},{"taxonomy":"product_cat","embeddable":true,"href":"https:\/\/fdasrl.it\/fr\/wp-json\/wp\/v2\/product_cat?post=1679"},{"taxonomy":"product_tag","embeddable":true,"href":"https:\/\/fdasrl.it\/fr\/wp-json\/wp\/v2\/product_tag?post=1679"}],"curies":[{"name":"wp","href":"https:\/\/api.w.org\/{rel}","templated":true}]}}