{"id":1790,"date":"2026-03-04T08:42:29","date_gmt":"2026-03-04T07:42:29","guid":{"rendered":"https:\/\/fdasrl.it\/prodotto\/trayeuse-mobile-fa1625-a-deux-postes-pour-bovins-avec-pompe-a-bain-dhuile\/"},"modified":"2026-03-04T08:42:29","modified_gmt":"2026-03-04T07:42:29","slug":"trayeuse-mobile-fa1625-a-deux-postes-pour-bovins-avec-pompe-a-bain-dhuile","status":"publish","type":"product","link":"https:\/\/fdasrl.it\/fr\/prodotto\/trayeuse-mobile-fa1625-a-deux-postes-pour-bovins-avec-pompe-a-bain-dhuile\/","title":{"rendered":"Trayeuse mobile FA1625 \u00e0 deux postes pour bovins avec pompe \u00e0 bain d&rsquo;huile"},"content":{"rendered":"<div>\n<h1 data-start=\"130\" data-end=\"209\">Trayeuse mobile FA1625 \u00e0 deux postes pour bovins avec pompe \u00e0 bain d&rsquo;huile<\/h1>\n<p data-start=\"211\" data-end=\"372\">La <strong data-start=\"214\" data-end=\"272\">trayeuse mobile FA1625 \u00e0 deux postes de traite<\/strong> est con\u00e7ue pour garantir une traite <strong data-start=\"314\" data-end=\"371\">efficace, fiable et hygi\u00e9nique des bovins laitiers<\/strong>.<\/p>\n<p data-start=\"374\" data-end=\"634\">Gr\u00e2ce \u00e0 la <strong data-start=\"386\" data-end=\"418\">structure mobile sur chariot<\/strong> et au syst\u00e8me avec <strong data-start=\"436\" data-end=\"470\">pompe \u00e0 vide \u00e0 bain d&rsquo;huile<\/strong>, elle repr\u00e9sente une solution id\u00e9ale pour les exploitations d&rsquo;\u00e9levage qui n\u00e9cessitent une installation de traite <strong data-start=\"573\" data-end=\"633\">robuste, pratique et adapt\u00e9e \u00e0 l&rsquo;utilisation directe en \u00e9table<\/strong>.<\/p>\n<p data-start=\"636\" data-end=\"787\">Le syst\u00e8me \u00e0 <strong data-start=\"649\" data-end=\"673\">deux postes de traite<\/strong> permet de traire <strong data-start=\"694\" data-end=\"727\">deux vaches simultan\u00e9ment<\/strong>, am\u00e9liorant la productivit\u00e9 et r\u00e9duisant les temps de travail.<\/p>\n<hr data-start=\"789\" data-end=\"792\">\n<h2 data-start=\"794\" data-end=\"823\">Caract\u00e9ristiques principales<\/h2>\n<ul data-start=\"825\" data-end=\"1092\">\n<li data-start=\"825\" data-end=\"874\">\n<p data-start=\"827\" data-end=\"874\"><strong data-start=\"827\" data-end=\"874\">Pompe \u00e0 vide \u00e0 bain d&rsquo;huile de 280 L\/min*<\/strong><\/p>\n<\/li>\n<li data-start=\"875\" data-end=\"912\">\n<p data-start=\"877\" data-end=\"912\"><strong data-start=\"877\" data-end=\"912\">Moteur \u00e9lectrique 220V \u2013 0,75 kW<\/strong><\/p>\n<\/li>\n<li data-start=\"913\" data-end=\"947\">\n<p data-start=\"915\" data-end=\"947\">Pompe avec <strong data-start=\"925\" data-end=\"947\">cuvettes s\u00e9par\u00e9es<\/strong><\/p>\n<\/li>\n<li data-start=\"948\" data-end=\"985\">\n<p data-start=\"950\" data-end=\"985\"><strong data-start=\"950\" data-end=\"985\">R\u00e9servoir \u00e0 vide de 18 litres<\/strong><\/p>\n<\/li>\n<li data-start=\"986\" data-end=\"1034\">\n<p data-start=\"988\" data-end=\"1034\"><strong data-start=\"988\" data-end=\"1002\">Vacuom\u00e8tre<\/strong> pour contr\u00f4le de la d\u00e9pression<\/p>\n<\/li>\n<li data-start=\"1035\" data-end=\"1068\">\n<p data-start=\"1037\" data-end=\"1068\"><strong data-start=\"1037\" data-end=\"1068\">Robinet \u00e0 vide de 1\/2&Prime;<\/strong><\/p>\n<\/li>\n<li data-start=\"1069\" data-end=\"1092\">\n<p data-start=\"1071\" data-end=\"1092\"><strong data-start=\"1071\" data-end=\"1092\">Certification CE<\/strong><\/p>\n<\/li>\n<\/ul>\n<hr data-start=\"1094\" data-end=\"1097\">\n<h2 data-start=\"1099\" data-end=\"1138\">Postes de traite pour bovins laitiers<\/h2>\n<p data-start=\"1140\" data-end=\"1211\">La trayeuse est \u00e9quip\u00e9e de <strong data-start=\"1166\" data-end=\"1197\">2 postes de traite complets<\/strong>, compos\u00e9s de :<\/p>\n<ul data-start=\"1213\" data-end=\"1391\">\n<li data-start=\"1213\" data-end=\"1241\">\n<p data-start=\"1215\" data-end=\"1241\"><strong data-start=\"1215\" data-end=\"1241\">2 collecteurs de 250 cc<\/strong><\/p>\n<\/li>\n<li data-start=\"1242\" data-end=\"1280\">\n<p data-start=\"1244\" data-end=\"1280\"><strong data-start=\"1244\" data-end=\"1280\">2 pulsateurs pneumatiques de 60 bpm*<\/strong><\/p>\n<\/li>\n<li data-start=\"1281\" data-end=\"1321\">\n<p data-start=\"1283\" data-end=\"1321\"><strong data-start=\"1283\" data-end=\"1321\">manchons en acier inox de 155 mm<\/strong><\/p>\n<\/li>\n<li data-start=\"1322\" data-end=\"1343\">\n<p data-start=\"1324\" data-end=\"1343\"><strong data-start=\"1324\" data-end=\"1343\">orifice de 16,5 mm<\/strong><\/p>\n<\/li>\n<li data-start=\"1344\" data-end=\"1391\">\n<p data-start=\"1346\" data-end=\"1391\"><strong data-start=\"1346\" data-end=\"1391\">gaines de traite compatibles type DeLaval<\/strong><\/p>\n<\/li>\n<\/ul>\n<hr data-start=\"1393\" data-end=\"1396\">\n<h2 data-start=\"1398\" data-end=\"1418\">\u00c9quipement inclus<\/h2>\n<ul data-start=\"1420\" data-end=\"1596\">\n<li data-start=\"1420\" data-end=\"1468\">\n<p data-start=\"1422\" data-end=\"1468\"><strong data-start=\"1422\" data-end=\"1468\">2 seaux \u00e0 lait en acier inox de 30 litres<\/strong><\/p>\n<\/li>\n<li data-start=\"1469\" data-end=\"1523\">\n<p data-start=\"1471\" data-end=\"1523\"><strong data-start=\"1471\" data-end=\"1523\">tuyauteries de traite de 2,5 m\u00e8tres pour chaque poste<\/strong><\/p>\n<\/li>\n<li data-start=\"1524\" data-end=\"1559\">\n<p data-start=\"1526\" data-end=\"1559\"><strong data-start=\"1526\" data-end=\"1559\">set de goupillons pour le nettoyage<\/strong><\/p>\n<\/li>\n<li data-start=\"1560\" data-end=\"1596\">\n<p data-start=\"1562\" data-end=\"1596\"><strong data-start=\"1562\" data-end=\"1596\">d\u00e9tergent alcalin de 1 litre<\/strong><\/p>\n<\/li>\n<\/ul>\n<p data-start=\"1598\" data-end=\"1736\">Toutes les parties en contact avec le lait sont r\u00e9alis\u00e9es en <strong data-start=\"1656\" data-end=\"1672\">acier inox<\/strong>, pour garantir <strong data-start=\"1688\" data-end=\"1735\">une hygi\u00e8ne maximale et une r\u00e9sistance \u00e0 la corrosion<\/strong>.<\/p>\n<hr data-start=\"1738\" data-end=\"1741\">\n<h2 data-start=\"1743\" data-end=\"1766\">* Options disponibles<\/h2>\n<ul data-start=\"1768\" data-end=\"1923\">\n<li data-start=\"1768\" data-end=\"1833\">\n<p data-start=\"1770\" data-end=\"1833\"><strong data-start=\"1770\" data-end=\"1833\">Pulsateur \u00e9lectronique avec carte interne 24VDC + centrale<\/strong><\/p>\n<\/li>\n<li data-start=\"1834\" data-end=\"1923\">\n<p data-start=\"1836\" data-end=\"1883\"><strong data-start=\"1836\" data-end=\"1883\">Pompe \u00e0 vide \u00e0 bain d&rsquo;huile de 400 L\/min<\/strong><\/p>\n<ul data-start=\"1886\" data-end=\"1923\">\n<li data-start=\"1886\" data-end=\"1923\">\n<p data-start=\"1888\" data-end=\"1923\">Moteur \u00e9lectrique <strong data-start=\"1905\" data-end=\"1923\">220V \u2013 1,10 kW<\/strong><\/p>\n<\/li>\n<\/ul>\n<\/li>\n<\/ul>\n<hr data-start=\"1925\" data-end=\"1928\">\n<h2 data-start=\"1930\" data-end=\"1965\">Avantages de la trayeuse FA1625<\/h2>\n<ul data-start=\"1967\" data-end=\"2168\">\n<li data-start=\"1967\" data-end=\"2007\">\n<p data-start=\"1969\" data-end=\"2007\">traite <strong data-start=\"1979\" data-end=\"2007\">simultan\u00e9e de deux bovins<\/strong><\/p>\n<\/li>\n<li data-start=\"2008\" data-end=\"2043\">\n<p data-start=\"2010\" data-end=\"2043\">structure <strong data-start=\"2020\" data-end=\"2043\">mobile et r\u00e9sistante<\/strong><\/p>\n<\/li>\n<li data-start=\"2044\" data-end=\"2091\">\n<p data-start=\"2046\" data-end=\"2091\"><strong data-start=\"2046\" data-end=\"2091\">pompe \u00e0 bain d&rsquo;huile \u00e0 haute fiabilit\u00e9<\/strong><\/p>\n<\/li>\n<li data-start=\"2092\" data-end=\"2115\">\n<p data-start=\"2094\" data-end=\"2115\">maintenance simple<\/p>\n<\/li>\n<li data-start=\"2116\" data-end=\"2168\">\n<p data-start=\"2118\" data-end=\"2168\">syst\u00e8me con\u00e7u pour <strong data-start=\"2141\" data-end=\"2168\">usage intensif en \u00e9table<\/strong><\/p>\n<\/li>\n<\/ul>\n<\/div>\n<div><\/div>\n<div>\n<p data-start=\"2990\" data-end=\"3172\">Revendeurs et distributeurs : demandez des informations <a href=\"https:\/\/fdasrl.it\/fr\/contact\/\">(CLIQUEZ ICI)<\/a><\/p>\n<\/div>\n<div>Achetez-la sur notre <a href=\"https:\/\/fda-shop.it\/shop\/mungitura\/mungitrici-carrellate\/mungitrice-bovini\/mungitrice-carrellata-fa1625-a-2-gruppi-con-pompa-del-vuoto-a-bagno-dolio-per-bovini#\/307-tipo_motore_olio-motore_standard_280_litri_bovini\" target=\"_blank\" rel=\"noopener\">boutique en ligne<\/a><\/div>\n<p>&nbsp;<\/p>\n","protected":false},"excerpt":{"rendered":"<p>Trayeuse mobile FA1625 \u00e0 deux postes pour bovins laitiers avec pompe \u00e0 vide \u00e0 bain d&rsquo;huile de 280 ou 400 L\/min. \u00c9quip\u00e9e de deux postes de traite complets, deux seaux \u00e0 lait inox de 30 L et structure mobile sur chariot. Syst\u00e8me fiable et certifi\u00e9 CE, id\u00e9al pour traire deux vaches simultan\u00e9ment en \u00e9table.  <\/p>\n","protected":false},"featured_media":1124,"comment_status":"open","ping_status":"closed","template":"","meta":{"_et_pb_use_builder":"","_et_pb_old_content":"","_et_gb_content_width":""},"product_brand":[],"product_cat":[396,392],"product_tag":[419],"class_list":{"0":"post-1790","1":"product","2":"type-product","3":"status-publish","4":"has-post-thumbnail","6":"product_cat-bovins","7":"product_cat-trayeuses-mobiles","8":"product_tag-fa1625","10":"first","11":"instock","12":"shipping-taxable","13":"product-type-simple"},"yoast_head":"<!-- This site is optimized with the Yoast SEO Premium plugin v27.5 (Yoast SEO v27.5) - https:\/\/yoast.com\/product\/yoast-seo-premium-wordpress\/ -->\n<title>Trayeuse mobile bovins 2 postes pompe \u00e0 bain d&#039;huile - FDA srl<\/title>\n<meta name=\"description\" content=\"Simplifiez votre traite avec la trayeuse mobile bovins 2 postes pompe \u00e0 bain d&#039;huile. Excellente pour l&#039;utilisation directe en \u00e9table et robuste ! \ud83d\udc4c\" \/>\n<meta name=\"robots\" content=\"index, follow, max-snippet:-1, max-image-preview:large, max-video-preview:-1\" \/>\n<link rel=\"canonical\" href=\"https:\/\/fdasrl.it\/fr\/prodotto\/trayeuse-mobile-fa1625-a-deux-postes-pour-bovins-avec-pompe-a-bain-dhuile\/\" \/>\n<meta property=\"og:locale\" content=\"fr_FR\" \/>\n<meta property=\"og:type\" content=\"article\" \/>\n<meta property=\"og:title\" content=\"Trayeuse mobile FA1625 \u00e0 deux postes pour bovins avec pompe \u00e0 bain d&#039;huile\" \/>\n<meta property=\"og:description\" content=\"Simplifiez votre traite avec la trayeuse mobile bovins 2 postes pompe \u00e0 bain d&#039;huile. Excellente pour l&#039;utilisation directe en \u00e9table et robuste ! \ud83d\udc4c\" \/>\n<meta property=\"og:url\" content=\"https:\/\/fdasrl.it\/fr\/prodotto\/trayeuse-mobile-fa1625-a-deux-postes-pour-bovins-avec-pompe-a-bain-dhuile\/\" \/>\n<meta property=\"og:site_name\" content=\"FDA srl\" \/>\n<meta property=\"article:publisher\" content=\"https:\/\/www.facebook.com\/share\/1MWhFWg1Tp\/?mibextid=LQQJ4d\" \/>\n<meta property=\"og:image\" content=\"https:\/\/fdasrl.it\/wp-content\/uploads\/2026\/03\/mungitrice-olio-fda-bovini-2-gruppi.webp\" \/>\n\t<meta property=\"og:image:width\" content=\"2048\" \/>\n\t<meta property=\"og:image:height\" content=\"1982\" \/>\n\t<meta property=\"og:image:type\" content=\"image\/webp\" \/>\n<meta name=\"twitter:card\" content=\"summary_large_image\" \/>\n<meta name=\"twitter:label1\" content=\"Prix\" \/>\n\t<meta name=\"twitter:data1\" content=\"\" \/>\n\t<meta name=\"twitter:label2\" content=\"Disponibilit\u00e9\" \/>\n\t<meta name=\"twitter:data2\" content=\"En stock\" \/>\n<meta property=\"product:price:currency\" content=\"EUR\" \/>\n<meta property=\"og:availability\" content=\"instock\" \/>\n<meta property=\"product:availability\" content=\"instock\" \/>\n<meta property=\"product:retailer_item_id\" content=\"FA1625\" \/>\n<meta property=\"product:condition\" content=\"new\" \/>\n<!-- \/ Yoast SEO Premium plugin. -->","yoast_head_json":{"title":"Trayeuse mobile bovins 2 postes pompe \u00e0 bain d'huile - FDA srl","description":"Simplifiez votre traite avec la trayeuse mobile bovins 2 postes pompe \u00e0 bain d'huile. Excellente pour l'utilisation directe en \u00e9table et robuste ! \ud83d\udc4c","robots":{"index":"index","follow":"follow","max-snippet":"max-snippet:-1","max-image-preview":"max-image-preview:large","max-video-preview":"max-video-preview:-1"},"canonical":"https:\/\/fdasrl.it\/fr\/prodotto\/trayeuse-mobile-fa1625-a-deux-postes-pour-bovins-avec-pompe-a-bain-dhuile\/","og_locale":"fr_FR","og_type":"article","og_title":"Trayeuse mobile FA1625 \u00e0 deux postes pour bovins avec pompe \u00e0 bain d'huile","og_description":"Simplifiez votre traite avec la trayeuse mobile bovins 2 postes pompe \u00e0 bain d'huile. Excellente pour l'utilisation directe en \u00e9table et robuste ! \ud83d\udc4c","og_url":"https:\/\/fdasrl.it\/fr\/prodotto\/trayeuse-mobile-fa1625-a-deux-postes-pour-bovins-avec-pompe-a-bain-dhuile\/","og_site_name":"FDA srl","article_publisher":"https:\/\/www.facebook.com\/share\/1MWhFWg1Tp\/?mibextid=LQQJ4d","og_image":[{"width":2048,"height":1982,"url":"https:\/\/fdasrl.it\/wp-content\/uploads\/2026\/03\/mungitrice-olio-fda-bovini-2-gruppi.webp","type":"image\/webp"}],"twitter_card":"summary_large_image","twitter_misc":{"Prix":"","Disponibilit\u00e9":"En stock"},"schema":{"@context":"https:\/\/schema.org","@graph":[{"@type":"WebPage","@id":"https:\/\/fdasrl.it\/fr\/prodotto\/trayeuse-mobile-fa1625-a-deux-postes-pour-bovins-avec-pompe-a-bain-dhuile\/","url":"https:\/\/fdasrl.it\/fr\/prodotto\/trayeuse-mobile-fa1625-a-deux-postes-pour-bovins-avec-pompe-a-bain-dhuile\/","name":"Trayeuse mobile bovins 2 postes pompe \u00e0 bain d'huile - FDA srl","isPartOf":{"@id":"https:\/\/fdasrl.it\/fr\/#website"},"primaryImageOfPage":{"@id":"https:\/\/fdasrl.it\/fr\/prodotto\/trayeuse-mobile-fa1625-a-deux-postes-pour-bovins-avec-pompe-a-bain-dhuile\/#primaryimage"},"image":{"@id":"https:\/\/fdasrl.it\/fr\/prodotto\/trayeuse-mobile-fa1625-a-deux-postes-pour-bovins-avec-pompe-a-bain-dhuile\/#primaryimage"},"thumbnailUrl":"https:\/\/fdasrl.it\/wp-content\/uploads\/2026\/03\/mungitrice-olio-fda-bovini-2-gruppi.webp","datePublished":"2026-03-04T07:42:29+00:00","description":"Simplifiez votre traite avec la trayeuse mobile bovins 2 postes pompe \u00e0 bain d'huile. Excellente pour l'utilisation directe en \u00e9table et robuste ! \ud83d\udc4c","breadcrumb":{"@id":"https:\/\/fdasrl.it\/fr\/prodotto\/trayeuse-mobile-fa1625-a-deux-postes-pour-bovins-avec-pompe-a-bain-dhuile\/#breadcrumb"},"inLanguage":"fr-FR","potentialAction":[{"@type":"ReadAction","target":["https:\/\/fdasrl.it\/fr\/prodotto\/trayeuse-mobile-fa1625-a-deux-postes-pour-bovins-avec-pompe-a-bain-dhuile\/"]}]},{"@type":"ImageObject","inLanguage":"fr-FR","@id":"https:\/\/fdasrl.it\/fr\/prodotto\/trayeuse-mobile-fa1625-a-deux-postes-pour-bovins-avec-pompe-a-bain-dhuile\/#primaryimage","url":"https:\/\/fdasrl.it\/wp-content\/uploads\/2026\/03\/mungitrice-olio-fda-bovini-2-gruppi.webp","contentUrl":"https:\/\/fdasrl.it\/wp-content\/uploads\/2026\/03\/mungitrice-olio-fda-bovini-2-gruppi.webp","width":2048,"height":1982,"caption":"Trayeuse mobile pour bovins avec double poste de traite et seaux en acier inox."},{"@type":"BreadcrumbList","@id":"https:\/\/fdasrl.it\/fr\/prodotto\/trayeuse-mobile-fa1625-a-deux-postes-pour-bovins-avec-pompe-a-bain-dhuile\/#breadcrumb","itemListElement":[{"@type":"ListItem","position":1,"name":"Home","item":"https:\/\/fdasrl.it\/fr\/accueil\/"},{"@type":"ListItem","position":2,"name":"Boutique","item":"https:\/\/fdasrl.it\/fr\/boutique\/"},{"@type":"ListItem","position":3,"name":"Trayeuse mobile FA1625 \u00e0 deux postes pour bovins avec pompe \u00e0 bain d&#8217;huile"}]},{"@type":"WebSite","@id":"https:\/\/fdasrl.it\/fr\/#website","url":"https:\/\/fdasrl.it\/fr\/","name":"FDA srl","description":"Equipment for animal husbandry","publisher":{"@id":"https:\/\/fdasrl.it\/fr\/#organization"},"potentialAction":[{"@type":"SearchAction","target":{"@type":"EntryPoint","urlTemplate":"https:\/\/fdasrl.it\/fr\/?s={search_term_string}"},"query-input":{"@type":"PropertyValueSpecification","valueRequired":true,"valueName":"search_term_string"}}],"inLanguage":"fr-FR"},{"@type":"Organization","@id":"https:\/\/fdasrl.it\/fr\/#organization","name":"FDA srl","url":"https:\/\/fdasrl.it\/fr\/","logo":{"@type":"ImageObject","inLanguage":"fr-FR","@id":"https:\/\/fdasrl.it\/fr\/#\/schema\/logo\/image\/","url":"https:\/\/fdasrl.it\/wp-content\/uploads\/2024\/12\/Logo-FDA.png","contentUrl":"https:\/\/fdasrl.it\/wp-content\/uploads\/2024\/12\/Logo-FDA.png","width":316,"height":119,"caption":"FDA srl"},"image":{"@id":"https:\/\/fdasrl.it\/fr\/#\/schema\/logo\/image\/"},"sameAs":["https:\/\/www.facebook.com\/share\/1MWhFWg1Tp\/?mibextid=LQQJ4d","https:\/\/www.instagram.com\/fda_srl\/profilecard\/?igsh=YW5lbzJ6MWg0d21u","https:\/\/www.youtube.com\/@FDASRL_ANIMALCARE"],"description":"FDA SRL \u2013 Equipment for animal husbandry nasce con l\u2019obiettivo di offrire soluzioni affidabili e innovative per l\u2019allevamento moderno. Con anni di esperienza nel settore zootecnico, progettiamo e realizziamo attrezzature destinate al benessere animale e alla gestione efficiente delle stalle: vasche, abbeveratoi, mangiatoie e sistemi di riscaldamento pensati per durare nel tempo e semplificare il lavoro quotidiano degli allevatori. Dalla progettazione alla produzione, ogni nostro prodotto \u00e8 studiato nei minimi dettagli, testato con cura e costruito per rispondere alle esigenze reali del settore. La nostra forza \u00e8 unire artigianalit\u00e0, tecnologia e competenza tecnica per trasformare ogni progetto in una soluzione concreta e funzionale. Oggi FDA SRL \u00e8 un punto di riferimento per privati e rivenditori che cercano qualit\u00e0, affidabilit\u00e0 e innovazione nelle attrezzature per l\u2019allevamento.","email":"info@fdasrl.it","telephone":"+390522826820","legalName":"F.D.A. SRL","foundingDate":"2024-10-13","vatID":"03075840359","taxID":"03075840359","numberOfEmployees":{"@type":"QuantitativeValue","minValue":"1","maxValue":"10"}}]},"product_price_currency":"EUR","og_availability":"instock","product_availability":"instock","product_retailer_item_id":"FA1625","product_condition":"new"},"_links":{"self":[{"href":"https:\/\/fdasrl.it\/fr\/wp-json\/wp\/v2\/product\/1790","targetHints":{"allow":["GET"]}}],"collection":[{"href":"https:\/\/fdasrl.it\/fr\/wp-json\/wp\/v2\/product"}],"about":[{"href":"https:\/\/fdasrl.it\/fr\/wp-json\/wp\/v2\/types\/product"}],"replies":[{"embeddable":true,"href":"https:\/\/fdasrl.it\/fr\/wp-json\/wp\/v2\/comments?post=1790"}],"wp:featuredmedia":[{"embeddable":true,"href":"https:\/\/fdasrl.it\/fr\/wp-json\/wp\/v2\/media\/1124"}],"wp:attachment":[{"href":"https:\/\/fdasrl.it\/fr\/wp-json\/wp\/v2\/media?parent=1790"}],"wp:term":[{"taxonomy":"product_brand","embeddable":true,"href":"https:\/\/fdasrl.it\/fr\/wp-json\/wp\/v2\/product_brand?post=1790"},{"taxonomy":"product_cat","embeddable":true,"href":"https:\/\/fdasrl.it\/fr\/wp-json\/wp\/v2\/product_cat?post=1790"},{"taxonomy":"product_tag","embeddable":true,"href":"https:\/\/fdasrl.it\/fr\/wp-json\/wp\/v2\/product_tag?post=1790"}],"curies":[{"name":"wp","href":"https:\/\/api.w.org\/{rel}","templated":true}]}}