{"id":1839,"date":"2026-03-04T10:43:57","date_gmt":"2026-03-04T09:43:57","guid":{"rendered":"https:\/\/fdasrl.it\/prodotto\/machine-a-traire-mobile-fa27032-pour-chevres-et-brebis-a-8-postes-avec-pompe-a-bain-dhuile\/"},"modified":"2026-03-04T10:43:57","modified_gmt":"2026-03-04T09:43:57","slug":"machine-a-traire-mobile-fa27032-pour-chevres-et-brebis-a-8-postes-avec-pompe-a-bain-dhuile","status":"publish","type":"product","link":"https:\/\/fdasrl.it\/fr\/prodotto\/machine-a-traire-mobile-fa27032-pour-chevres-et-brebis-a-8-postes-avec-pompe-a-bain-dhuile\/","title":{"rendered":"Machine \u00e0 traire mobile FA27032 pour ch\u00e8vres et brebis \u00e0 8 postes avec pompe \u00e0 bain d\u2019huile"},"content":{"rendered":"<h1 data-start=\"176\" data-end=\"262\">Machine \u00e0 traire mobile FA27032 pour ch\u00e8vres et brebis \u00e0 8 postes avec pompe \u00e0 bain d\u2019huile<\/h1>\n<p data-start=\"264\" data-end=\"429\">La <strong data-start=\"267\" data-end=\"319\">machine \u00e0 traire mobile FA27032 pour ch\u00e8vres et brebis<\/strong> est con\u00e7ue pour garantir une traite <strong data-start=\"361\" data-end=\"428\">rapide, efficace et hygi\u00e9nique dans les \u00e9levages ovins et caprins<\/strong>.<\/p>\n<p data-start=\"431\" data-end=\"669\">Gr\u00e2ce \u00e0 sa <strong data-start=\"443\" data-end=\"475\">structure mobile sur chariot<\/strong> et \u00e0 sa <strong data-start=\"483\" data-end=\"517\">pompe \u00e0 vide \u00e0 bain d\u2019huile<\/strong>, cette machine \u00e0 traire permet de traire <strong data-start=\"557\" data-end=\"599\">jusqu\u2019\u00e0 huit animaux simultan\u00e9ment<\/strong>, am\u00e9liorant la productivit\u00e9 et r\u00e9duisant les temps de travail en \u00e9table.<\/p>\n<p data-start=\"671\" data-end=\"832\">Le syst\u00e8me est con\u00e7u pour offrir des <strong data-start=\"707\" data-end=\"760\">performances constantes, fiabilit\u00e9 et longue dur\u00e9e de vie<\/strong>, avec des composants r\u00e9sistants et des mat\u00e9riaux adapt\u00e9s au contact avec le lait.<\/p>\n<hr data-start=\"834\" data-end=\"837\">\n<h2 data-start=\"839\" data-end=\"868\">Caract\u00e9ristiques principales<\/h2>\n<ul data-start=\"870\" data-end=\"1545\">\n<li data-start=\"870\" data-end=\"983\">\n<p data-start=\"872\" data-end=\"983\"><strong data-start=\"872\" data-end=\"919\">Pompe \u00e0 vide \u00e0 bain d\u2019huile de 400 l\/min<\/strong> avec moteur \u00e9lectrique <strong data-start=\"941\" data-end=\"960\">220 V CA \u2013 1,5 kW<\/strong> \u00e0 r\u00e9servoirs s\u00e9par\u00e9s<\/p>\n<\/li>\n<li data-start=\"984\" data-end=\"1030\">\n<p data-start=\"986\" data-end=\"1030\"><strong data-start=\"986\" data-end=\"1028\">8 faisceaux trayeurs pour ch\u00e8vre\/brebis<\/strong><\/p>\n<\/li>\n<li data-start=\"1031\" data-end=\"1092\">\n<p data-start=\"1033\" data-end=\"1092\"><strong data-start=\"1033\" data-end=\"1090\">4 pulsateurs pneumatiques ch\u00e8vre\/brebis (90\u2013120 ppm)*<\/strong><\/p>\n<\/li>\n<li data-start=\"1093\" data-end=\"1144\">\n<p data-start=\"1095\" data-end=\"1144\"><strong data-start=\"1095\" data-end=\"1142\">Manchons en polycarbonate haute r\u00e9sistance<\/strong><\/p>\n<\/li>\n<li data-start=\"1145\" data-end=\"1207\">\n<p data-start=\"1147\" data-end=\"1207\"><strong data-start=\"1147\" data-end=\"1205\">8 collecteurs alimentaires pour ch\u00e8vre\/brebis mod. 13300<\/strong><\/p>\n<\/li>\n<li data-start=\"1208\" data-end=\"1251\">\n<p data-start=\"1210\" data-end=\"1251\"><strong data-start=\"1210\" data-end=\"1249\">Manchons trayeurs en silicone pour la traite<\/strong><\/p>\n<\/li>\n<li data-start=\"1252\" data-end=\"1318\">\n<p data-start=\"1254\" data-end=\"1318\"><strong data-start=\"1254\" data-end=\"1316\">R\u00e9servoir \u00e0 vide de 18 litres avec vanne de r\u00e9gulation<\/strong><\/p>\n<\/li>\n<li data-start=\"1319\" data-end=\"1369\">\n<p data-start=\"1321\" data-end=\"1369\"><strong data-start=\"1321\" data-end=\"1367\">Vacuom\u00e8tre pour contr\u00f4le de la d\u00e9pression<\/strong><\/p>\n<\/li>\n<li data-start=\"1370\" data-end=\"1410\">\n<p data-start=\"1372\" data-end=\"1410\"><strong data-start=\"1372\" data-end=\"1408\">2 robinets \u00e0 vide de 1\/2&Prime;<\/strong><\/p>\n<\/li>\n<li data-start=\"1411\" data-end=\"1464\">\n<p data-start=\"1413\" data-end=\"1464\"><strong data-start=\"1413\" data-end=\"1462\">2 seaux \u00e0 lait en acier inoxydable de 40 litres<\/strong><\/p>\n<\/li>\n<li data-start=\"1465\" data-end=\"1521\">\n<p data-start=\"1467\" data-end=\"1521\"><strong data-start=\"1467\" data-end=\"1519\">Tuyauteries de traite de 2,5 m\u00e8tres par poste<\/strong><\/p>\n<\/li>\n<li data-start=\"1522\" data-end=\"1545\">\n<p data-start=\"1524\" data-end=\"1545\"><strong data-start=\"1524\" data-end=\"1545\">Certification CE<\/strong><\/p>\n<\/li>\n<\/ul>\n<hr data-start=\"1547\" data-end=\"1550\">\n<h2 data-start=\"1552\" data-end=\"1572\">\u00c9quipement inclus<\/h2>\n<p data-start=\"1574\" data-end=\"1676\">Pour faciliter l&rsquo;entretien et garantir des standards d&rsquo;hygi\u00e8ne \u00e9lev\u00e9s, la trayeuse est fournie avec :<\/p>\n<ul data-start=\"1678\" data-end=\"1750\">\n<li data-start=\"1678\" data-end=\"1713\">\n<p data-start=\"1680\" data-end=\"1713\"><strong data-start=\"1680\" data-end=\"1713\">Set de goupillons pour le nettoyage<\/strong><\/p>\n<\/li>\n<li data-start=\"1714\" data-end=\"1750\">\n<p data-start=\"1716\" data-end=\"1750\"><strong data-start=\"1716\" data-end=\"1750\">D\u00e9tergent alcalin de 1 litre<\/strong><\/p>\n<\/li>\n<\/ul>\n<p data-start=\"1752\" data-end=\"1897\">Les parties en contact avec le lait sont r\u00e9alis\u00e9es avec des <strong data-start=\"1805\" data-end=\"1844\">mat\u00e9riaux adapt\u00e9s \u00e0 l\u2019usage alimentaire<\/strong>, pour garantir <strong data-start=\"1860\" data-end=\"1896\">hygi\u00e8ne, s\u00e9curit\u00e9 et longue dur\u00e9e de vie<\/strong>.<\/p>\n<hr data-start=\"1899\" data-end=\"1902\">\n<h2 data-start=\"1904\" data-end=\"1927\">Options disponibles<\/h2>\n<p data-start=\"1929\" data-end=\"1995\">* <strong data-start=\"1932\" data-end=\"1995\">Pulsateur \u00e9lectronique avec carte interne 24VDC + centrale<\/strong><\/p>\n<h4 data-start=\"1954\" data-end=\"1993\">Revendeurs et distributeurs : demandez des informations <a href=\"https:\/\/fdasrl.it\/fr\/contact\/\">(CLIQUEZ ICI)<\/a><\/h4>\n<h4 data-start=\"1954\" data-end=\"1993\">\ud83d\uded2 Achetez-la en ligne <a href=\"https:\/\/fda-shop.it\/shop\/mungitura\/mungitrici-carrellate\/mungitrice-pecore\/mungitrice-carrellate-fa27032-per-caprapecora-a-otto-gruppi-di-mungitura-con-pompa-a-bagno-olio\">(CLIQUEZ ICI)<\/a><\/h4>\n","protected":false},"excerpt":{"rendered":"<p>Machine \u00e0 traire mobile FA27032 pour ch\u00e8vres et brebis avec 8 faisceaux trayeurs et pompe \u00e0 vide \u00e0 bain d\u2019huile de 400 l\/min. \u00c9quip\u00e9e de deux seaux \u00e0 lait inox de 40 l, gobelets en polycarbonate et manchons en silicone. Syst\u00e8me mobile, fiable et certifi\u00e9 CE, id\u00e9al pour la traite simultan\u00e9e de plusieurs animaux.  <\/p>\n","protected":false},"featured_media":1148,"comment_status":"closed","ping_status":"closed","template":"","meta":{"_et_pb_use_builder":"","_et_pb_old_content":"","_et_gb_content_width":""},"product_brand":[],"product_cat":[393,392],"product_tag":[425],"class_list":{"0":"post-1839","1":"product","2":"type-product","3":"status-publish","4":"has-post-thumbnail","6":"product_cat-ovins-et-caprins","7":"product_cat-trayeuses-mobiles","8":"product_tag-fa27032","10":"first","11":"instock","12":"shipping-taxable","13":"product-type-simple"},"yoast_head":"<!-- This site is optimized with the Yoast SEO Premium plugin v27.5 (Yoast SEO v27.5) - https:\/\/yoast.com\/product\/yoast-seo-premium-wordpress\/ -->\n<title>Machine \u00e0 traire mobile ch\u00e8vres brebis 8 postes pompe \u00e0 bain d\u2019huile<\/title>\n<meta name=\"description\" content=\"D\u00e9couvrez la machine \u00e0 traire ch\u00e8vres brebis 8 postes \u00e0 huile, id\u00e9ale pour une traite rapide et efficace. Augmentez votre productivit\u00e9 en \u00e9table d\u00e8s maintenant !\" \/>\n<meta name=\"robots\" content=\"index, follow, max-snippet:-1, max-image-preview:large, max-video-preview:-1\" \/>\n<link rel=\"canonical\" href=\"https:\/\/fdasrl.it\/fr\/prodotto\/machine-a-traire-mobile-fa27032-pour-chevres-et-brebis-a-8-postes-avec-pompe-a-bain-dhuile\/\" \/>\n<meta property=\"og:locale\" content=\"fr_FR\" \/>\n<meta property=\"og:type\" content=\"article\" \/>\n<meta property=\"og:title\" content=\"Machine \u00e0 traire mobile FA27032 pour ch\u00e8vres et brebis \u00e0 8 postes avec pompe \u00e0 bain d\u2019huile\" \/>\n<meta property=\"og:description\" content=\"D\u00e9couvrez la machine \u00e0 traire ch\u00e8vres brebis 8 postes \u00e0 huile, id\u00e9ale pour une traite rapide et efficace. Augmentez votre productivit\u00e9 en \u00e9table d\u00e8s maintenant !\" \/>\n<meta property=\"og:url\" content=\"https:\/\/fdasrl.it\/fr\/prodotto\/machine-a-traire-mobile-fa27032-pour-chevres-et-brebis-a-8-postes-avec-pompe-a-bain-dhuile\/\" \/>\n<meta property=\"og:site_name\" content=\"FDA srl\" \/>\n<meta property=\"article:publisher\" content=\"https:\/\/www.facebook.com\/share\/1MWhFWg1Tp\/?mibextid=LQQJ4d\" \/>\n<meta property=\"og:image\" content=\"https:\/\/fdasrl.it\/wp-content\/uploads\/2026\/03\/mungitrice-per-pecora-e-capra-otto-gruppi-a-bagno-olio-vista-sinistra.webp\" \/>\n\t<meta property=\"og:image:width\" content=\"2048\" \/>\n\t<meta property=\"og:image:height\" content=\"2048\" \/>\n\t<meta property=\"og:image:type\" content=\"image\/webp\" \/>\n<meta name=\"twitter:card\" content=\"summary_large_image\" \/>\n<meta name=\"twitter:label1\" content=\"Prix\" \/>\n\t<meta name=\"twitter:data1\" content=\"\" \/>\n\t<meta name=\"twitter:label2\" content=\"Disponibilit\u00e9\" \/>\n\t<meta name=\"twitter:data2\" content=\"En stock\" \/>\n<meta property=\"product:price:currency\" content=\"EUR\" \/>\n<meta property=\"og:availability\" content=\"instock\" \/>\n<meta property=\"product:availability\" content=\"instock\" \/>\n<meta property=\"product:retailer_item_id\" content=\"FA27032\" \/>\n<meta property=\"product:condition\" content=\"new\" \/>\n<!-- \/ Yoast SEO Premium plugin. -->","yoast_head_json":{"title":"Machine \u00e0 traire mobile ch\u00e8vres brebis 8 postes pompe \u00e0 bain d\u2019huile","description":"D\u00e9couvrez la machine \u00e0 traire ch\u00e8vres brebis 8 postes \u00e0 huile, id\u00e9ale pour une traite rapide et efficace. Augmentez votre productivit\u00e9 en \u00e9table d\u00e8s maintenant !","robots":{"index":"index","follow":"follow","max-snippet":"max-snippet:-1","max-image-preview":"max-image-preview:large","max-video-preview":"max-video-preview:-1"},"canonical":"https:\/\/fdasrl.it\/fr\/prodotto\/machine-a-traire-mobile-fa27032-pour-chevres-et-brebis-a-8-postes-avec-pompe-a-bain-dhuile\/","og_locale":"fr_FR","og_type":"article","og_title":"Machine \u00e0 traire mobile FA27032 pour ch\u00e8vres et brebis \u00e0 8 postes avec pompe \u00e0 bain d\u2019huile","og_description":"D\u00e9couvrez la machine \u00e0 traire ch\u00e8vres brebis 8 postes \u00e0 huile, id\u00e9ale pour une traite rapide et efficace. Augmentez votre productivit\u00e9 en \u00e9table d\u00e8s maintenant !","og_url":"https:\/\/fdasrl.it\/fr\/prodotto\/machine-a-traire-mobile-fa27032-pour-chevres-et-brebis-a-8-postes-avec-pompe-a-bain-dhuile\/","og_site_name":"FDA srl","article_publisher":"https:\/\/www.facebook.com\/share\/1MWhFWg1Tp\/?mibextid=LQQJ4d","og_image":[{"width":2048,"height":2048,"url":"https:\/\/fdasrl.it\/wp-content\/uploads\/2026\/03\/mungitrice-per-pecora-e-capra-otto-gruppi-a-bagno-olio-vista-sinistra.webp","type":"image\/webp"}],"twitter_card":"summary_large_image","twitter_misc":{"Prix":"","Disponibilit\u00e9":"En stock"},"schema":{"@context":"https:\/\/schema.org","@graph":[{"@type":"WebPage","@id":"https:\/\/fdasrl.it\/fr\/prodotto\/machine-a-traire-mobile-fa27032-pour-chevres-et-brebis-a-8-postes-avec-pompe-a-bain-dhuile\/","url":"https:\/\/fdasrl.it\/fr\/prodotto\/machine-a-traire-mobile-fa27032-pour-chevres-et-brebis-a-8-postes-avec-pompe-a-bain-dhuile\/","name":"Machine \u00e0 traire mobile ch\u00e8vres brebis 8 postes pompe \u00e0 bain d\u2019huile","isPartOf":{"@id":"https:\/\/fdasrl.it\/fr\/#website"},"primaryImageOfPage":{"@id":"https:\/\/fdasrl.it\/fr\/prodotto\/machine-a-traire-mobile-fa27032-pour-chevres-et-brebis-a-8-postes-avec-pompe-a-bain-dhuile\/#primaryimage"},"image":{"@id":"https:\/\/fdasrl.it\/fr\/prodotto\/machine-a-traire-mobile-fa27032-pour-chevres-et-brebis-a-8-postes-avec-pompe-a-bain-dhuile\/#primaryimage"},"thumbnailUrl":"https:\/\/fdasrl.it\/wp-content\/uploads\/2026\/03\/mungitrice-per-pecora-e-capra-otto-gruppi-a-bagno-olio-vista-sinistra.webp","datePublished":"2026-03-04T09:43:57+00:00","description":"D\u00e9couvrez la machine \u00e0 traire ch\u00e8vres brebis 8 postes \u00e0 huile, id\u00e9ale pour une traite rapide et efficace. Augmentez votre productivit\u00e9 en \u00e9table d\u00e8s maintenant !","breadcrumb":{"@id":"https:\/\/fdasrl.it\/fr\/prodotto\/machine-a-traire-mobile-fa27032-pour-chevres-et-brebis-a-8-postes-avec-pompe-a-bain-dhuile\/#breadcrumb"},"inLanguage":"fr-FR","potentialAction":[{"@type":"ReadAction","target":["https:\/\/fdasrl.it\/fr\/prodotto\/machine-a-traire-mobile-fa27032-pour-chevres-et-brebis-a-8-postes-avec-pompe-a-bain-dhuile\/"]}]},{"@type":"ImageObject","inLanguage":"fr-FR","@id":"https:\/\/fdasrl.it\/fr\/prodotto\/machine-a-traire-mobile-fa27032-pour-chevres-et-brebis-a-8-postes-avec-pompe-a-bain-dhuile\/#primaryimage","url":"https:\/\/fdasrl.it\/wp-content\/uploads\/2026\/03\/mungitrice-per-pecora-e-capra-otto-gruppi-a-bagno-olio-vista-sinistra.webp","contentUrl":"https:\/\/fdasrl.it\/wp-content\/uploads\/2026\/03\/mungitrice-per-pecora-e-capra-otto-gruppi-a-bagno-olio-vista-sinistra.webp","width":2048,"height":2048,"caption":"Vue lat\u00e9rale de la machine \u00e0 traire avec huit faisceaux trayeurs pour ch\u00e8vres et brebis."},{"@type":"BreadcrumbList","@id":"https:\/\/fdasrl.it\/fr\/prodotto\/machine-a-traire-mobile-fa27032-pour-chevres-et-brebis-a-8-postes-avec-pompe-a-bain-dhuile\/#breadcrumb","itemListElement":[{"@type":"ListItem","position":1,"name":"Home","item":"https:\/\/fdasrl.it\/fr\/accueil\/"},{"@type":"ListItem","position":2,"name":"Boutique","item":"https:\/\/fdasrl.it\/fr\/boutique\/"},{"@type":"ListItem","position":3,"name":"Machine \u00e0 traire mobile FA27032 pour ch\u00e8vres et brebis \u00e0 8 postes avec pompe \u00e0 bain d\u2019huile"}]},{"@type":"WebSite","@id":"https:\/\/fdasrl.it\/fr\/#website","url":"https:\/\/fdasrl.it\/fr\/","name":"FDA srl","description":"Equipment for animal husbandry","publisher":{"@id":"https:\/\/fdasrl.it\/fr\/#organization"},"potentialAction":[{"@type":"SearchAction","target":{"@type":"EntryPoint","urlTemplate":"https:\/\/fdasrl.it\/fr\/?s={search_term_string}"},"query-input":{"@type":"PropertyValueSpecification","valueRequired":true,"valueName":"search_term_string"}}],"inLanguage":"fr-FR"},{"@type":"Organization","@id":"https:\/\/fdasrl.it\/fr\/#organization","name":"FDA srl","url":"https:\/\/fdasrl.it\/fr\/","logo":{"@type":"ImageObject","inLanguage":"fr-FR","@id":"https:\/\/fdasrl.it\/fr\/#\/schema\/logo\/image\/","url":"https:\/\/fdasrl.it\/wp-content\/uploads\/2024\/12\/Logo-FDA.png","contentUrl":"https:\/\/fdasrl.it\/wp-content\/uploads\/2024\/12\/Logo-FDA.png","width":316,"height":119,"caption":"FDA srl"},"image":{"@id":"https:\/\/fdasrl.it\/fr\/#\/schema\/logo\/image\/"},"sameAs":["https:\/\/www.facebook.com\/share\/1MWhFWg1Tp\/?mibextid=LQQJ4d","https:\/\/www.instagram.com\/fda_srl\/profilecard\/?igsh=YW5lbzJ6MWg0d21u","https:\/\/www.youtube.com\/@FDASRL_ANIMALCARE"],"description":"FDA SRL \u2013 Equipment for animal husbandry nasce con l\u2019obiettivo di offrire soluzioni affidabili e innovative per l\u2019allevamento moderno. Con anni di esperienza nel settore zootecnico, progettiamo e realizziamo attrezzature destinate al benessere animale e alla gestione efficiente delle stalle: vasche, abbeveratoi, mangiatoie e sistemi di riscaldamento pensati per durare nel tempo e semplificare il lavoro quotidiano degli allevatori. Dalla progettazione alla produzione, ogni nostro prodotto \u00e8 studiato nei minimi dettagli, testato con cura e costruito per rispondere alle esigenze reali del settore. La nostra forza \u00e8 unire artigianalit\u00e0, tecnologia e competenza tecnica per trasformare ogni progetto in una soluzione concreta e funzionale. Oggi FDA SRL \u00e8 un punto di riferimento per privati e rivenditori che cercano qualit\u00e0, affidabilit\u00e0 e innovazione nelle attrezzature per l\u2019allevamento.","email":"info@fdasrl.it","telephone":"+390522826820","legalName":"F.D.A. SRL","foundingDate":"2024-10-13","vatID":"03075840359","taxID":"03075840359","numberOfEmployees":{"@type":"QuantitativeValue","minValue":"1","maxValue":"10"}}]},"product_price_currency":"EUR","og_availability":"instock","product_availability":"instock","product_retailer_item_id":"FA27032","product_condition":"new"},"_links":{"self":[{"href":"https:\/\/fdasrl.it\/fr\/wp-json\/wp\/v2\/product\/1839","targetHints":{"allow":["GET"]}}],"collection":[{"href":"https:\/\/fdasrl.it\/fr\/wp-json\/wp\/v2\/product"}],"about":[{"href":"https:\/\/fdasrl.it\/fr\/wp-json\/wp\/v2\/types\/product"}],"replies":[{"embeddable":true,"href":"https:\/\/fdasrl.it\/fr\/wp-json\/wp\/v2\/comments?post=1839"}],"wp:featuredmedia":[{"embeddable":true,"href":"https:\/\/fdasrl.it\/fr\/wp-json\/wp\/v2\/media\/1148"}],"wp:attachment":[{"href":"https:\/\/fdasrl.it\/fr\/wp-json\/wp\/v2\/media?parent=1839"}],"wp:term":[{"taxonomy":"product_brand","embeddable":true,"href":"https:\/\/fdasrl.it\/fr\/wp-json\/wp\/v2\/product_brand?post=1839"},{"taxonomy":"product_cat","embeddable":true,"href":"https:\/\/fdasrl.it\/fr\/wp-json\/wp\/v2\/product_cat?post=1839"},{"taxonomy":"product_tag","embeddable":true,"href":"https:\/\/fdasrl.it\/fr\/wp-json\/wp\/v2\/product_tag?post=1839"}],"curies":[{"name":"wp","href":"https:\/\/api.w.org\/{rel}","templated":true}]}}