{"id":1878,"date":"2025-01-21T12:48:09","date_gmt":"2025-01-21T11:48:09","guid":{"rendered":"https:\/\/fdasrl.it\/prodotto\/trayeuse-pour-chevres-brebis-4-postes-deux-bidons\/"},"modified":"2025-01-21T12:48:09","modified_gmt":"2025-01-21T11:48:09","slug":"trayeuse-pour-chevres-brebis-4-postes-deux-bidons","status":"publish","type":"product","link":"https:\/\/fdasrl.it\/fr\/prodotto\/trayeuse-pour-chevres-brebis-4-postes-deux-bidons\/","title":{"rendered":"TRAYEUSE POUR CH\u00c8VRES\/BREBIS 4 POSTES DEUX BIDONS"},"content":{"rendered":"<h3>TRAYEUSE PROFESSIONNELLE MOBILE FDA POUR CH\u00c8VRES ET BREBIS \u00c0 4 POSTES AVEC POMPE \u00c0 SEC ET 2 SEAUX EN ACIER INOXYDABLE DE 30 LITRES.<\/h3>\n<p class=\"\" data-start=\"138\" data-end=\"515\">La trayeuse <strong data-start=\"152\" data-end=\"166\">FDA M6700P<\/strong> pour ch\u00e8vres et brebis est \u00e9quip\u00e9e de <strong data-start=\"198\" data-end=\"220\">4 postes de traite<\/strong>, parfaits pour travailler simultan\u00e9ment sur plusieurs animaux, <strong data-start=\"279\" data-end=\"316\">optimisant ainsi le temps et les ressources<\/strong>. De plus, elle est mont\u00e9e sur une <strong data-start=\"344\" data-end=\"364\">structure mobile<\/strong> qui permet de la d\u00e9placer facilement entre les diff\u00e9rents points de l\u2019\u00e9levage, <strong data-start=\"438\" data-end=\"475\">ce qui la rend particuli\u00e8rement adapt\u00e9e<\/strong> \u00e0 une utilisation en \u00e9table comme au p\u00e2turage. <\/p>\n<p class=\"\" data-start=\"138\" data-end=\"515\">L\u2019ensemble du syst\u00e8me fonctionne en effet avec <strong data-start=\"557\" data-end=\"588\">une pompe \u00e0 vide \u00e0 sec<\/strong>, disponible en deux configurations (280 ou 400 l\/min), <strong data-start=\"647\" data-end=\"682\">afin de s\u2019adapter facilement<\/strong> aux diff\u00e9rents besoins de production. <strong data-start=\"717\" data-end=\"732\">De plus<\/strong>, le moteur \u00e9lectrique monophas\u00e9 de 0,55 kW \u2013 220 V garantit une <strong data-start=\"792\" data-end=\"813\">consommation r\u00e9duite<\/strong> et une <strong data-start=\"816\" data-end=\"848\">efficacit\u00e9 op\u00e9rationnelle maximale<\/strong>.<\/p>\n<h5 data-start=\"138\" data-end=\"515\">PRINCIPALES CARACT\u00c9RISTIQUES TECHNIQUES :<\/h5>\n<div>\n<ul>\n<li class=\"\" data-start=\"901\" data-end=\"955\">\n<p class=\"\" data-start=\"903\" data-end=\"955\"><strong data-start=\"903\" data-end=\"930\">Pompe \u00e0 vide \u00e0 sec<\/strong> de 280 ou 400 l\/min<\/p>\n<\/li>\n<li class=\"\" data-start=\"956\" data-end=\"1010\">\n<p class=\"\" data-start=\"958\" data-end=\"1010\"><strong data-start=\"958\" data-end=\"979\">Tuyaux de traite<\/strong> de 2,5 m de long pour chaque poste<\/p>\n<\/li>\n<li class=\"\" data-start=\"1011\" data-end=\"1048\">\n<p class=\"\" data-start=\"1013\" data-end=\"1048\"><strong data-start=\"1013\" data-end=\"1036\">R\u00e9servoir de vide<\/strong> int\u00e9gr\u00e9<\/p>\n<\/li>\n<li class=\"\" data-start=\"1049\" data-end=\"1104\">\n<p class=\"\" data-start=\"1051\" data-end=\"1104\"><strong data-start=\"1051\" data-end=\"1081\">Deux seaux en acier inoxydable<\/strong> de 30 litres chacun<\/p>\n<\/li>\n<li class=\"\" data-start=\"1105\" data-end=\"1147\">\n<p class=\"\" data-start=\"1107\" data-end=\"1147\"><strong data-start=\"1107\" data-end=\"1126\">Moteur monophas\u00e9<\/strong> 220 V \/ 0,55 kW<\/p>\n<\/li>\n<li class=\"\" data-start=\"1148\" data-end=\"1210\">\n<p class=\"\" data-start=\"1150\" data-end=\"1210\"><strong data-start=\"1150\" data-end=\"1171\">Certification CE<\/strong>, conforme aux normes de s\u00e9curit\u00e9<\/p>\n<\/li>\n<li class=\"\" data-start=\"1211\" data-end=\"1276\">\n<p class=\"\" data-start=\"1213\" data-end=\"1276\"><strong data-start=\"1213\" data-end=\"1239\">Jeu d\u2019\u00e9couvillons inclus<\/strong>, pour un nettoyage rapide et approfondi<\/p>\n<\/li>\n<\/ul>\n<div>\n<h3>Accessoires :<\/h3>\n<div>&#8211; Poste de traite brebis ou ch\u00e8vres ;<\/div>\n<div>&#8211; Vanne semi-automatique pour poste de traite ;<\/div>\n<div>&#8211; Collecteur pour ch\u00e8vres ou brebis ;<\/div>\n<div>&#8211; Pulsateur pneumatique ;<\/div>\n<div>&#8211; Palettes en graphite ;<\/div>\n<div>&#8211; Vacuom\u00e8tre ;<\/div>\n<div>&#8211; Pompe \u00e0 vide \u00e0 sec 280 l\/min avec moteur \u00e9lectrique<\/div>\n<div>ou<\/div>\n<div>&#8211; Pompe \u00e0 vide \u00e0 sec 400 l\/min avec moteur \u00e9lectrique ;<\/div>\n<div>&#8211; Robinet de vide 1\/2&Prime; ;<\/div>\n<div>&#8211; Manchon en silicone pour brebis ou ch\u00e8vre ;<\/div>\n<div>&#8211; Gobelet ;<\/div>\n<div>&#8211; Vanne de r\u00e9gulation du vide.<\/div>\n<\/div>\n<\/div>\n<div><\/div>\n<div>Achetez la version pour ch\u00e8vres sur notre <a href=\"https:\/\/fda-shop.it\/shop\/mungitura\/mungitrici-carrellate\/mungitrice-capra\/mungitrice-capre-due-bidoni-latte-e-gruppi-mungitura#\/261-tipo-motore_standard_280_litri\" target=\"_blank\" rel=\"noopener\">boutique en ligne<\/a><\/div>\n<div>Achetez la version pour ch\u00e8vres sur notre <a href=\"https:\/\/fda-shop.it\/shop\/mungitura\/mungitrici-carrellate\/mungitrice-pecore\/mungitrice-pecore-due-bidoni-e-gruppi-mungitura#\/261-tipo-motore_standard_280_litri\" target=\"_blank\" rel=\"noopener\">boutique en ligne<\/a><\/div>\n","protected":false},"excerpt":{"rendered":"<p>Trayeuse professionnelle \u00e0 4 postes pour ch\u00e8vres ou brebis, id\u00e9ale pour les \u00e9levages mobiles ou les \u00e9tables. \u00c9quip\u00e9e d\u2019une pompe \u00e0 vide \u00e0 sec (280 ou 400 l\/min), de 2 seaux en acier inoxydable de 30 litres et d\u2019un moteur \u00e9lectrique monophas\u00e9 de 0,55 kW. Facile \u00e0 d\u00e9placer et parfaite pour une traite efficace, rapide et hygi\u00e9nique.  <\/p>\n","protected":false},"featured_media":465,"comment_status":"open","ping_status":"closed","template":"","meta":{"_et_pb_use_builder":"","_et_pb_old_content":"","_et_gb_content_width":""},"product_brand":[],"product_cat":[393,392],"product_tag":[430],"class_list":{"0":"post-1878","1":"product","2":"type-product","3":"status-publish","4":"has-post-thumbnail","6":"product_cat-ovins-et-caprins","7":"product_cat-trayeuses-mobiles","8":"product_tag-m6700p","10":"first","11":"instock","12":"shipping-taxable","13":"product-type-simple"},"yoast_head":"<!-- This site is optimized with the Yoast SEO Premium plugin v27.5 (Yoast SEO v27.5) - https:\/\/yoast.com\/product\/yoast-seo-premium-wordpress\/ -->\n<title>trayeuse professionnelle mobile pour ch\u00e8vres et brebis : moteur puissant<\/title>\n<meta name=\"description\" content=\"Simplifiez la traite avec la trayeuse professionnelle mobile pour ch\u00e8vres et brebis. Comprend tout le n\u00e9cessaire pour une traite efficace ! \ud83d\udcaa\" \/>\n<meta name=\"robots\" content=\"index, follow, max-snippet:-1, max-image-preview:large, max-video-preview:-1\" \/>\n<link rel=\"canonical\" href=\"https:\/\/fdasrl.it\/fr\/prodotto\/trayeuse-pour-chevres-brebis-4-postes-deux-bidons\/\" \/>\n<meta property=\"og:locale\" content=\"fr_FR\" \/>\n<meta property=\"og:type\" content=\"article\" \/>\n<meta property=\"og:title\" content=\"TRAYEUSE POUR CH\u00c8VRES\/BREBIS 4 POSTES DEUX BIDONS\" \/>\n<meta property=\"og:description\" content=\"Simplifiez la traite avec la trayeuse professionnelle mobile pour ch\u00e8vres et brebis. Comprend tout le n\u00e9cessaire pour une traite efficace ! \ud83d\udcaa\" \/>\n<meta property=\"og:url\" content=\"https:\/\/fdasrl.it\/fr\/prodotto\/trayeuse-pour-chevres-brebis-4-postes-deux-bidons\/\" \/>\n<meta property=\"og:site_name\" content=\"FDA srl\" \/>\n<meta property=\"article:publisher\" content=\"https:\/\/www.facebook.com\/share\/1MWhFWg1Tp\/?mibextid=LQQJ4d\" \/>\n<meta property=\"og:image\" content=\"https:\/\/fdasrl.it\/wp-content\/uploads\/2025\/01\/M6700P_1.jpg\" \/>\n\t<meta property=\"og:image:width\" content=\"800\" \/>\n\t<meta property=\"og:image:height\" content=\"737\" \/>\n\t<meta property=\"og:image:type\" content=\"image\/jpeg\" \/>\n<meta name=\"twitter:card\" content=\"summary_large_image\" \/>\n<meta name=\"twitter:label1\" content=\"Prix\" \/>\n\t<meta name=\"twitter:data1\" content=\"\" \/>\n\t<meta name=\"twitter:label2\" content=\"Disponibilit\u00e9\" \/>\n\t<meta name=\"twitter:data2\" content=\"En stock\" \/>\n<meta property=\"product:price:currency\" content=\"EUR\" \/>\n<meta property=\"og:availability\" content=\"instock\" \/>\n<meta property=\"product:availability\" content=\"instock\" \/>\n<meta property=\"product:retailer_item_id\" content=\"M6700P\" \/>\n<meta property=\"product:condition\" content=\"new\" \/>\n<!-- \/ Yoast SEO Premium plugin. -->","yoast_head_json":{"title":"trayeuse professionnelle mobile pour ch\u00e8vres et brebis : moteur puissant","description":"Simplifiez la traite avec la trayeuse professionnelle mobile pour ch\u00e8vres et brebis. Comprend tout le n\u00e9cessaire pour une traite efficace ! \ud83d\udcaa","robots":{"index":"index","follow":"follow","max-snippet":"max-snippet:-1","max-image-preview":"max-image-preview:large","max-video-preview":"max-video-preview:-1"},"canonical":"https:\/\/fdasrl.it\/fr\/prodotto\/trayeuse-pour-chevres-brebis-4-postes-deux-bidons\/","og_locale":"fr_FR","og_type":"article","og_title":"TRAYEUSE POUR CH\u00c8VRES\/BREBIS 4 POSTES DEUX BIDONS","og_description":"Simplifiez la traite avec la trayeuse professionnelle mobile pour ch\u00e8vres et brebis. Comprend tout le n\u00e9cessaire pour une traite efficace ! \ud83d\udcaa","og_url":"https:\/\/fdasrl.it\/fr\/prodotto\/trayeuse-pour-chevres-brebis-4-postes-deux-bidons\/","og_site_name":"FDA srl","article_publisher":"https:\/\/www.facebook.com\/share\/1MWhFWg1Tp\/?mibextid=LQQJ4d","og_image":[{"width":800,"height":737,"url":"https:\/\/fdasrl.it\/wp-content\/uploads\/2025\/01\/M6700P_1.jpg","type":"image\/jpeg"}],"twitter_card":"summary_large_image","twitter_misc":{"Prix":"","Disponibilit\u00e9":"En stock"},"schema":{"@context":"https:\/\/schema.org","@graph":[{"@type":"WebPage","@id":"https:\/\/fdasrl.it\/fr\/prodotto\/trayeuse-pour-chevres-brebis-4-postes-deux-bidons\/","url":"https:\/\/fdasrl.it\/fr\/prodotto\/trayeuse-pour-chevres-brebis-4-postes-deux-bidons\/","name":"trayeuse professionnelle mobile pour ch\u00e8vres et brebis : moteur puissant","isPartOf":{"@id":"https:\/\/fdasrl.it\/fr\/#website"},"primaryImageOfPage":{"@id":"https:\/\/fdasrl.it\/fr\/prodotto\/trayeuse-pour-chevres-brebis-4-postes-deux-bidons\/#primaryimage"},"image":{"@id":"https:\/\/fdasrl.it\/fr\/prodotto\/trayeuse-pour-chevres-brebis-4-postes-deux-bidons\/#primaryimage"},"thumbnailUrl":"https:\/\/fdasrl.it\/wp-content\/uploads\/2025\/01\/M6700P_1.jpg","datePublished":"2025-01-21T11:48:09+00:00","description":"Simplifiez la traite avec la trayeuse professionnelle mobile pour ch\u00e8vres et brebis. Comprend tout le n\u00e9cessaire pour une traite efficace ! \ud83d\udcaa","breadcrumb":{"@id":"https:\/\/fdasrl.it\/fr\/prodotto\/trayeuse-pour-chevres-brebis-4-postes-deux-bidons\/#breadcrumb"},"inLanguage":"fr-FR","potentialAction":[{"@type":"ReadAction","target":["https:\/\/fdasrl.it\/fr\/prodotto\/trayeuse-pour-chevres-brebis-4-postes-deux-bidons\/"]}]},{"@type":"ImageObject","inLanguage":"fr-FR","@id":"https:\/\/fdasrl.it\/fr\/prodotto\/trayeuse-pour-chevres-brebis-4-postes-deux-bidons\/#primaryimage","url":"https:\/\/fdasrl.it\/wp-content\/uploads\/2025\/01\/M6700P_1.jpg","contentUrl":"https:\/\/fdasrl.it\/wp-content\/uploads\/2025\/01\/M6700P_1.jpg","width":800,"height":737,"caption":"TRAYEUSE POUR CH\u00c8VRES\/BREBIS \u00c0 4 POSTES FDA SRL"},{"@type":"BreadcrumbList","@id":"https:\/\/fdasrl.it\/fr\/prodotto\/trayeuse-pour-chevres-brebis-4-postes-deux-bidons\/#breadcrumb","itemListElement":[{"@type":"ListItem","position":1,"name":"Home","item":"https:\/\/fdasrl.it\/fr\/accueil\/"},{"@type":"ListItem","position":2,"name":"Boutique","item":"https:\/\/fdasrl.it\/fr\/boutique\/"},{"@type":"ListItem","position":3,"name":"TRAYEUSE POUR CH\u00c8VRES\/BREBIS 4 POSTES DEUX BIDONS"}]},{"@type":"WebSite","@id":"https:\/\/fdasrl.it\/fr\/#website","url":"https:\/\/fdasrl.it\/fr\/","name":"FDA srl","description":"Equipment for animal husbandry","publisher":{"@id":"https:\/\/fdasrl.it\/fr\/#organization"},"potentialAction":[{"@type":"SearchAction","target":{"@type":"EntryPoint","urlTemplate":"https:\/\/fdasrl.it\/fr\/?s={search_term_string}"},"query-input":{"@type":"PropertyValueSpecification","valueRequired":true,"valueName":"search_term_string"}}],"inLanguage":"fr-FR"},{"@type":"Organization","@id":"https:\/\/fdasrl.it\/fr\/#organization","name":"FDA srl","url":"https:\/\/fdasrl.it\/fr\/","logo":{"@type":"ImageObject","inLanguage":"fr-FR","@id":"https:\/\/fdasrl.it\/fr\/#\/schema\/logo\/image\/","url":"https:\/\/fdasrl.it\/wp-content\/uploads\/2024\/12\/Logo-FDA.png","contentUrl":"https:\/\/fdasrl.it\/wp-content\/uploads\/2024\/12\/Logo-FDA.png","width":316,"height":119,"caption":"FDA srl"},"image":{"@id":"https:\/\/fdasrl.it\/fr\/#\/schema\/logo\/image\/"},"sameAs":["https:\/\/www.facebook.com\/share\/1MWhFWg1Tp\/?mibextid=LQQJ4d","https:\/\/www.instagram.com\/fda_srl\/profilecard\/?igsh=YW5lbzJ6MWg0d21u","https:\/\/www.youtube.com\/@FDASRL_ANIMALCARE"],"description":"FDA SRL \u2013 Equipment for animal husbandry nasce con l\u2019obiettivo di offrire soluzioni affidabili e innovative per l\u2019allevamento moderno. Con anni di esperienza nel settore zootecnico, progettiamo e realizziamo attrezzature destinate al benessere animale e alla gestione efficiente delle stalle: vasche, abbeveratoi, mangiatoie e sistemi di riscaldamento pensati per durare nel tempo e semplificare il lavoro quotidiano degli allevatori. Dalla progettazione alla produzione, ogni nostro prodotto \u00e8 studiato nei minimi dettagli, testato con cura e costruito per rispondere alle esigenze reali del settore. La nostra forza \u00e8 unire artigianalit\u00e0, tecnologia e competenza tecnica per trasformare ogni progetto in una soluzione concreta e funzionale. Oggi FDA SRL \u00e8 un punto di riferimento per privati e rivenditori che cercano qualit\u00e0, affidabilit\u00e0 e innovazione nelle attrezzature per l\u2019allevamento.","email":"info@fdasrl.it","telephone":"+390522826820","legalName":"F.D.A. SRL","foundingDate":"2024-10-13","vatID":"03075840359","taxID":"03075840359","numberOfEmployees":{"@type":"QuantitativeValue","minValue":"1","maxValue":"10"}}]},"product_price_currency":"EUR","og_availability":"instock","product_availability":"instock","product_retailer_item_id":"M6700P","product_condition":"new"},"_links":{"self":[{"href":"https:\/\/fdasrl.it\/fr\/wp-json\/wp\/v2\/product\/1878","targetHints":{"allow":["GET"]}}],"collection":[{"href":"https:\/\/fdasrl.it\/fr\/wp-json\/wp\/v2\/product"}],"about":[{"href":"https:\/\/fdasrl.it\/fr\/wp-json\/wp\/v2\/types\/product"}],"replies":[{"embeddable":true,"href":"https:\/\/fdasrl.it\/fr\/wp-json\/wp\/v2\/comments?post=1878"}],"wp:featuredmedia":[{"embeddable":true,"href":"https:\/\/fdasrl.it\/fr\/wp-json\/wp\/v2\/media\/465"}],"wp:attachment":[{"href":"https:\/\/fdasrl.it\/fr\/wp-json\/wp\/v2\/media?parent=1878"}],"wp:term":[{"taxonomy":"product_brand","embeddable":true,"href":"https:\/\/fdasrl.it\/fr\/wp-json\/wp\/v2\/product_brand?post=1878"},{"taxonomy":"product_cat","embeddable":true,"href":"https:\/\/fdasrl.it\/fr\/wp-json\/wp\/v2\/product_cat?post=1878"},{"taxonomy":"product_tag","embeddable":true,"href":"https:\/\/fdasrl.it\/fr\/wp-json\/wp\/v2\/product_tag?post=1878"}],"curies":[{"name":"wp","href":"https:\/\/api.w.org\/{rel}","templated":true}]}}