{"id":1997,"date":"2025-01-21T12:42:10","date_gmt":"2025-01-21T11:42:10","guid":{"rendered":"https:\/\/fdasrl.it\/prodotto\/machine-a-traire-mobile-pour-vache-2-groupes\/"},"modified":"2025-01-21T12:42:10","modified_gmt":"2025-01-21T11:42:10","slug":"machine-a-traire-mobile-pour-vache-2-groupes","status":"publish","type":"product","link":"https:\/\/fdasrl.it\/fr\/prodotto\/machine-a-traire-mobile-pour-vache-2-groupes\/","title":{"rendered":"MACHINE \u00c0 TRAIRE MOBILE POUR VACHE 2 GROUPES"},"content":{"rendered":"<div>\n<h3 data-start=\"228\" data-end=\"331\"><strong data-start=\"228\" data-end=\"331\">Machine \u00e0 traire mobile pour vache \u00e0 2 groupes avec pompe \u00e0 sec et 2 seaux en acier inoxydable de 30 litres<\/strong><\/h3>\n<h4 data-start=\"333\" data-end=\"609\">Cette machine \u00e0 traire mobile professionnelle est la solution id\u00e9ale pour les \u00e9levages de taille moyenne recherchant efficacit\u00e9, fiabilit\u00e9 et facilit\u00e9 d\u2019utilisation. Gr\u00e2ce \u00e0 sa structure robuste et \u00e0 ses composants de haute qualit\u00e9, elle garantit une traite d\u00e9licate, rapide et hygi\u00e9nique. <\/h4>\n<p class=\"\" data-start=\"611\" data-end=\"645\">\ud83d\udd27 <strong data-start=\"614\" data-end=\"645\">Caract\u00e9ristiques principales :<\/strong><\/p>\n<ul data-start=\"647\" data-end=\"1450\">\n<li class=\"\" data-start=\"647\" data-end=\"806\">\n<p class=\"\" data-start=\"649\" data-end=\"806\"><strong data-start=\"649\" data-end=\"702\">Pompe \u00e0 vide \u00e0 sec de 280 ou 400 litres\/minute<\/strong>, id\u00e9ale pour garantir un fonctionnement constant et fiable, sans besoin d\u2019entretien d\u2019huile.<\/p>\n<\/li>\n<li class=\"\" data-start=\"807\" data-end=\"933\">\n<p class=\"\" data-start=\"809\" data-end=\"933\"><strong data-start=\"809\" data-end=\"851\">Deux seaux en acier inoxydable de 30 litres<\/strong>, r\u00e9sistants, faciles \u00e0 nettoyer et conformes aux normes d\u2019hygi\u00e8ne pour la traite.<\/p>\n<\/li>\n<li class=\"\" data-start=\"934\" data-end=\"1059\">\n<p class=\"\" data-start=\"936\" data-end=\"1059\"><strong data-start=\"936\" data-end=\"969\">Moteur monophas\u00e9 220 V \/ 0,55 kW<\/strong>, compatible avec un usage domestique ou professionnel, tout en garantissant des performances \u00e9lev\u00e9es.<\/p>\n<\/li>\n<li class=\"\" data-start=\"1060\" data-end=\"1177\">\n<p class=\"\" data-start=\"1062\" data-end=\"1177\"><strong data-start=\"1062\" data-end=\"1083\">Tuyaux de 2,5 m\u00e8tres<\/strong> pour chaque groupe de traite, con\u00e7us pour offrir une grande libert\u00e9 de mouvement lors de l\u2019utilisation.<\/p>\n<\/li>\n<li class=\"\" data-start=\"1178\" data-end=\"1257\">\n<p class=\"\" data-start=\"1180\" data-end=\"1257\"><strong data-start=\"1180\" data-end=\"1203\">R\u00e9servoir de vide<\/strong> int\u00e9gr\u00e9 pour une stabilit\u00e9 optimale de la pression.<\/p>\n<\/li>\n<li class=\"\" data-start=\"1258\" data-end=\"1346\">\n<p class=\"\" data-start=\"1260\" data-end=\"1346\"><strong data-start=\"1260\" data-end=\"1281\">Certification CE<\/strong>, garantie de qualit\u00e9 et de s\u00e9curit\u00e9 conforme aux normes europ\u00e9ennes.<\/p>\n<\/li>\n<li class=\"\" data-start=\"1347\" data-end=\"1450\">\n<p class=\"\" data-start=\"1349\" data-end=\"1450\"><strong data-start=\"1349\" data-end=\"1382\">Kit d\u2019\u00e9couvillons de nettoyage<\/strong> inclus, pour maintenir l\u2019installation toujours parfaitement hygi\u00e9nis\u00e9e.<\/p>\n<\/li>\n<\/ul>\n<p class=\"\" data-start=\"1452\" data-end=\"1477\">\ud83d\udd29 <strong data-start=\"1455\" data-end=\"1477\">Accessoires inclus :<\/strong><\/p>\n<ul data-start=\"1479\" data-end=\"1884\">\n<li class=\"\" data-start=\"1479\" data-end=\"1532\">\n<p class=\"\" data-start=\"1481\" data-end=\"1532\">Gobelet trayeur en acier inoxydable (L. 155 mm, orifice \u00d8 16,5 mm)<\/p>\n<\/li>\n<li class=\"\" data-start=\"1533\" data-end=\"1585\">\n<p class=\"\" data-start=\"1535\" data-end=\"1585\">Collecteur de 250 cc sp\u00e9cifique pour les bovins laitiers<\/p>\n<\/li>\n<li class=\"\" data-start=\"1586\" data-end=\"1648\">\n<p class=\"\" data-start=\"1588\" data-end=\"1648\">Pulsateur pneumatique pour une traite efficace et d\u00e9licate<\/p>\n<\/li>\n<li class=\"\" data-start=\"1649\" data-end=\"1688\">\n<p class=\"\" data-start=\"1651\" data-end=\"1688\">Palettes en graphite \u00e0 haute r\u00e9sistance<\/p>\n<\/li>\n<li class=\"\" data-start=\"1689\" data-end=\"1767\">\n<p class=\"\" data-start=\"1691\" data-end=\"1767\">Vacuom\u00e8tre et r\u00e9gulateur de vide pour un contr\u00f4le pr\u00e9cis de la pression<\/p>\n<\/li>\n<li class=\"\" data-start=\"1768\" data-end=\"1797\">\n<p class=\"\" data-start=\"1770\" data-end=\"1797\">Robinet \u00e0 vide de 1\/2&Prime;<\/p>\n<\/li>\n<li class=\"\" data-start=\"1798\" data-end=\"1836\">\n<p class=\"\" data-start=\"1800\" data-end=\"1836\">Manchon trayeur compatible DeLaval<\/p>\n<\/li>\n<li class=\"\" data-start=\"1837\" data-end=\"1884\">\n<p class=\"\" data-start=\"1839\" data-end=\"1884\">Faisceau trayeur complet pour bovin laitier<\/p>\n<\/li>\n<\/ul>\n<p class=\"\" data-start=\"1886\" data-end=\"1984\">\ud83d\udcbc Id\u00e9al pour les petits et moyens \u00e9leveurs souhaitant un \u00e9quipement professionnel et fiable.<\/p>\n<\/div>\n<div><\/div>\n<div>Achetez-la sur notre <a href=\"https:\/\/fda-shop.it\/shop\/mungitura\/mungitrici-carrellate\/mungitrice-bovini\/mungitrice-bovini-a-due-gruppi-e-bidoni#\/261-tipo-motore_standard_280_litri\" target=\"_blank\" rel=\"noopener\">boutique en ligne<\/a><\/div>\n","protected":false},"excerpt":{"rendered":"<p>Machine \u00e0 traire mobile pour vaches avec 2 groupes de traite, pompe \u00e0 sec de 280 ou 400 L\/min, 2 seaux en acier inoxydable de 30 L, moteur 220 V. Compl\u00e8te avec accessoires et certifi\u00e9e CE. Id\u00e9ale pour les petits et moyens \u00e9levages.  <\/p>\n","protected":false},"featured_media":454,"comment_status":"open","ping_status":"closed","template":"","meta":{"_et_pb_use_builder":"","_et_pb_old_content":"","_et_gb_content_width":""},"product_brand":[],"product_cat":[392],"product_tag":[450],"class_list":{"0":"post-1997","1":"product","2":"type-product","3":"status-publish","4":"has-post-thumbnail","6":"product_cat-trayeuses-mobiles","7":"product_tag-m1600","9":"first","10":"instock","11":"shipping-taxable","12":"product-type-simple"},"yoast_head":"<!-- This site is optimized with the Yoast SEO Premium plugin v27.5 (Yoast SEO v27.5) - https:\/\/yoast.com\/product\/yoast-seo-premium-wordpress\/ -->\n<title>MACHINE \u00c0 TRAIRE MOBILE POUR VACHE 2 GROUPES - FDA srl<\/title>\n<meta name=\"description\" content=\"La machine \u00e0 traire pour vaches offre un fonctionnement constant sans entretien d\u2019huile. Achetez d\u00e8s maintenant et am\u00e9liorez l\u2019efficacit\u00e9 de votre exploitation ! \ud83d\udd27\" \/>\n<meta name=\"robots\" content=\"index, follow, max-snippet:-1, max-image-preview:large, max-video-preview:-1\" \/>\n<link rel=\"canonical\" href=\"https:\/\/fdasrl.it\/fr\/prodotto\/machine-a-traire-mobile-pour-vache-2-groupes\/\" \/>\n<meta property=\"og:locale\" content=\"fr_FR\" \/>\n<meta property=\"og:type\" content=\"article\" \/>\n<meta property=\"og:title\" content=\"MACHINE \u00c0 TRAIRE MOBILE POUR VACHE 2 GROUPES\" \/>\n<meta property=\"og:description\" content=\"La machine \u00e0 traire pour vaches offre un fonctionnement constant sans entretien d\u2019huile. Achetez d\u00e8s maintenant et am\u00e9liorez l\u2019efficacit\u00e9 de votre exploitation ! \ud83d\udd27\" \/>\n<meta property=\"og:url\" content=\"https:\/\/fdasrl.it\/fr\/prodotto\/machine-a-traire-mobile-pour-vache-2-groupes\/\" \/>\n<meta property=\"og:site_name\" content=\"FDA srl\" \/>\n<meta property=\"article:publisher\" content=\"https:\/\/www.facebook.com\/share\/1MWhFWg1Tp\/?mibextid=LQQJ4d\" \/>\n<meta property=\"og:image\" content=\"https:\/\/fdasrl.it\/wp-content\/uploads\/2025\/01\/M1600_1.jpg\" \/>\n\t<meta property=\"og:image:width\" content=\"800\" \/>\n\t<meta property=\"og:image:height\" content=\"737\" \/>\n\t<meta property=\"og:image:type\" content=\"image\/jpeg\" \/>\n<meta name=\"twitter:card\" content=\"summary_large_image\" \/>\n<meta name=\"twitter:label1\" content=\"Prix\" \/>\n\t<meta name=\"twitter:data1\" content=\"\" \/>\n\t<meta name=\"twitter:label2\" content=\"Disponibilit\u00e9\" \/>\n\t<meta name=\"twitter:data2\" content=\"En stock\" \/>\n<meta property=\"product:price:currency\" content=\"EUR\" \/>\n<meta property=\"og:availability\" content=\"instock\" \/>\n<meta property=\"product:availability\" content=\"instock\" \/>\n<meta property=\"product:retailer_item_id\" content=\"M1600\" \/>\n<meta property=\"product:condition\" content=\"new\" \/>\n<!-- \/ Yoast SEO Premium plugin. -->","yoast_head_json":{"title":"MACHINE \u00c0 TRAIRE MOBILE POUR VACHE 2 GROUPES - FDA srl","description":"La machine \u00e0 traire pour vaches offre un fonctionnement constant sans entretien d\u2019huile. Achetez d\u00e8s maintenant et am\u00e9liorez l\u2019efficacit\u00e9 de votre exploitation ! \ud83d\udd27","robots":{"index":"index","follow":"follow","max-snippet":"max-snippet:-1","max-image-preview":"max-image-preview:large","max-video-preview":"max-video-preview:-1"},"canonical":"https:\/\/fdasrl.it\/fr\/prodotto\/machine-a-traire-mobile-pour-vache-2-groupes\/","og_locale":"fr_FR","og_type":"article","og_title":"MACHINE \u00c0 TRAIRE MOBILE POUR VACHE 2 GROUPES","og_description":"La machine \u00e0 traire pour vaches offre un fonctionnement constant sans entretien d\u2019huile. Achetez d\u00e8s maintenant et am\u00e9liorez l\u2019efficacit\u00e9 de votre exploitation ! \ud83d\udd27","og_url":"https:\/\/fdasrl.it\/fr\/prodotto\/machine-a-traire-mobile-pour-vache-2-groupes\/","og_site_name":"FDA srl","article_publisher":"https:\/\/www.facebook.com\/share\/1MWhFWg1Tp\/?mibextid=LQQJ4d","og_image":[{"width":800,"height":737,"url":"https:\/\/fdasrl.it\/wp-content\/uploads\/2025\/01\/M1600_1.jpg","type":"image\/jpeg"}],"twitter_card":"summary_large_image","twitter_misc":{"Prix":"","Disponibilit\u00e9":"En stock"},"schema":{"@context":"https:\/\/schema.org","@graph":[{"@type":"WebPage","@id":"https:\/\/fdasrl.it\/fr\/prodotto\/machine-a-traire-mobile-pour-vache-2-groupes\/","url":"https:\/\/fdasrl.it\/fr\/prodotto\/machine-a-traire-mobile-pour-vache-2-groupes\/","name":"MACHINE \u00c0 TRAIRE MOBILE POUR VACHE 2 GROUPES - FDA srl","isPartOf":{"@id":"https:\/\/fdasrl.it\/fr\/#website"},"primaryImageOfPage":{"@id":"https:\/\/fdasrl.it\/fr\/prodotto\/machine-a-traire-mobile-pour-vache-2-groupes\/#primaryimage"},"image":{"@id":"https:\/\/fdasrl.it\/fr\/prodotto\/machine-a-traire-mobile-pour-vache-2-groupes\/#primaryimage"},"thumbnailUrl":"https:\/\/fdasrl.it\/wp-content\/uploads\/2025\/01\/M1600_1.jpg","datePublished":"2025-01-21T11:42:10+00:00","description":"La machine \u00e0 traire pour vaches offre un fonctionnement constant sans entretien d\u2019huile. Achetez d\u00e8s maintenant et am\u00e9liorez l\u2019efficacit\u00e9 de votre exploitation ! \ud83d\udd27","breadcrumb":{"@id":"https:\/\/fdasrl.it\/fr\/prodotto\/machine-a-traire-mobile-pour-vache-2-groupes\/#breadcrumb"},"inLanguage":"fr-FR","potentialAction":[{"@type":"ReadAction","target":["https:\/\/fdasrl.it\/fr\/prodotto\/machine-a-traire-mobile-pour-vache-2-groupes\/"]}]},{"@type":"ImageObject","inLanguage":"fr-FR","@id":"https:\/\/fdasrl.it\/fr\/prodotto\/machine-a-traire-mobile-pour-vache-2-groupes\/#primaryimage","url":"https:\/\/fdasrl.it\/wp-content\/uploads\/2025\/01\/M1600_1.jpg","contentUrl":"https:\/\/fdasrl.it\/wp-content\/uploads\/2025\/01\/M1600_1.jpg","width":800,"height":737,"caption":"TRAYEUSE MOBILE POUR VACHE \u00c0 2 POSTES"},{"@type":"BreadcrumbList","@id":"https:\/\/fdasrl.it\/fr\/prodotto\/machine-a-traire-mobile-pour-vache-2-groupes\/#breadcrumb","itemListElement":[{"@type":"ListItem","position":1,"name":"Home","item":"https:\/\/fdasrl.it\/fr\/accueil\/"},{"@type":"ListItem","position":2,"name":"Boutique","item":"https:\/\/fdasrl.it\/fr\/boutique\/"},{"@type":"ListItem","position":3,"name":"MACHINE \u00c0 TRAIRE MOBILE POUR VACHE 2 GROUPES"}]},{"@type":"WebSite","@id":"https:\/\/fdasrl.it\/fr\/#website","url":"https:\/\/fdasrl.it\/fr\/","name":"FDA srl","description":"Equipment for animal husbandry","publisher":{"@id":"https:\/\/fdasrl.it\/fr\/#organization"},"potentialAction":[{"@type":"SearchAction","target":{"@type":"EntryPoint","urlTemplate":"https:\/\/fdasrl.it\/fr\/?s={search_term_string}"},"query-input":{"@type":"PropertyValueSpecification","valueRequired":true,"valueName":"search_term_string"}}],"inLanguage":"fr-FR"},{"@type":"Organization","@id":"https:\/\/fdasrl.it\/fr\/#organization","name":"FDA srl","url":"https:\/\/fdasrl.it\/fr\/","logo":{"@type":"ImageObject","inLanguage":"fr-FR","@id":"https:\/\/fdasrl.it\/fr\/#\/schema\/logo\/image\/","url":"https:\/\/fdasrl.it\/wp-content\/uploads\/2024\/12\/Logo-FDA.png","contentUrl":"https:\/\/fdasrl.it\/wp-content\/uploads\/2024\/12\/Logo-FDA.png","width":316,"height":119,"caption":"FDA srl"},"image":{"@id":"https:\/\/fdasrl.it\/fr\/#\/schema\/logo\/image\/"},"sameAs":["https:\/\/www.facebook.com\/share\/1MWhFWg1Tp\/?mibextid=LQQJ4d","https:\/\/www.instagram.com\/fda_srl\/profilecard\/?igsh=YW5lbzJ6MWg0d21u","https:\/\/www.youtube.com\/@FDASRL_ANIMALCARE"],"description":"FDA SRL \u2013 Equipment for animal husbandry nasce con l\u2019obiettivo di offrire soluzioni affidabili e innovative per l\u2019allevamento moderno. Con anni di esperienza nel settore zootecnico, progettiamo e realizziamo attrezzature destinate al benessere animale e alla gestione efficiente delle stalle: vasche, abbeveratoi, mangiatoie e sistemi di riscaldamento pensati per durare nel tempo e semplificare il lavoro quotidiano degli allevatori. Dalla progettazione alla produzione, ogni nostro prodotto \u00e8 studiato nei minimi dettagli, testato con cura e costruito per rispondere alle esigenze reali del settore. La nostra forza \u00e8 unire artigianalit\u00e0, tecnologia e competenza tecnica per trasformare ogni progetto in una soluzione concreta e funzionale. Oggi FDA SRL \u00e8 un punto di riferimento per privati e rivenditori che cercano qualit\u00e0, affidabilit\u00e0 e innovazione nelle attrezzature per l\u2019allevamento.","email":"info@fdasrl.it","telephone":"+390522826820","legalName":"F.D.A. SRL","foundingDate":"2024-10-13","vatID":"03075840359","taxID":"03075840359","numberOfEmployees":{"@type":"QuantitativeValue","minValue":"1","maxValue":"10"}}]},"product_price_currency":"EUR","og_availability":"instock","product_availability":"instock","product_retailer_item_id":"M1600","product_condition":"new"},"_links":{"self":[{"href":"https:\/\/fdasrl.it\/fr\/wp-json\/wp\/v2\/product\/1997","targetHints":{"allow":["GET"]}}],"collection":[{"href":"https:\/\/fdasrl.it\/fr\/wp-json\/wp\/v2\/product"}],"about":[{"href":"https:\/\/fdasrl.it\/fr\/wp-json\/wp\/v2\/types\/product"}],"replies":[{"embeddable":true,"href":"https:\/\/fdasrl.it\/fr\/wp-json\/wp\/v2\/comments?post=1997"}],"wp:featuredmedia":[{"embeddable":true,"href":"https:\/\/fdasrl.it\/fr\/wp-json\/wp\/v2\/media\/454"}],"wp:attachment":[{"href":"https:\/\/fdasrl.it\/fr\/wp-json\/wp\/v2\/media?parent=1997"}],"wp:term":[{"taxonomy":"product_brand","embeddable":true,"href":"https:\/\/fdasrl.it\/fr\/wp-json\/wp\/v2\/product_brand?post=1997"},{"taxonomy":"product_cat","embeddable":true,"href":"https:\/\/fdasrl.it\/fr\/wp-json\/wp\/v2\/product_cat?post=1997"},{"taxonomy":"product_tag","embeddable":true,"href":"https:\/\/fdasrl.it\/fr\/wp-json\/wp\/v2\/product_tag?post=1997"}],"curies":[{"name":"wp","href":"https:\/\/api.w.org\/{rel}","templated":true}]}}