{"id":2015,"date":"2025-01-21T12:37:00","date_gmt":"2025-01-21T11:37:00","guid":{"rendered":"https:\/\/fdasrl.it\/prodotto\/trayeuse-pour-vache-1-poste-seau-inox\/"},"modified":"2025-01-21T12:37:00","modified_gmt":"2025-01-21T11:37:00","slug":"trayeuse-pour-vache-1-poste-seau-inox","status":"publish","type":"product","link":"https:\/\/fdasrl.it\/fr\/prodotto\/trayeuse-pour-vache-1-poste-seau-inox\/","title":{"rendered":"TRAYEUSE POUR VACHE 1 POSTE SEAU INOX"},"content":{"rendered":"<div>\n<h3 data-start=\"135\" data-end=\"226\"><strong data-start=\"135\" data-end=\"226\">TRAYEUSE MOBILE POUR VACHES \u00c0 1 POSTE AVEC POMPE \u00c0 SEC ET SEAU EN ACIER INOX DE 30 LITRES. <\/strong><\/h3>\n<h4 data-start=\"228\" data-end=\"477\">Cette trayeuse professionnelle \u00e0 un poste est con\u00e7ue pour garantir efficacit\u00e9, hygi\u00e8ne et durabilit\u00e9. Id\u00e9ale pour les \u00e9levages de petite et moyenne taille, elle permet une traite rapide et s\u00fbre, dans le plein respect de la sant\u00e9 de l\u2019animal. <\/h4>\n<h5 data-start=\"479\" data-end=\"510\"><strong data-start=\"479\" data-end=\"510\">Caract\u00e9ristiques principales :<\/strong><\/h5>\n<ul data-start=\"512\" data-end=\"1454\">\n<li class=\"\" data-start=\"512\" data-end=\"670\">\n<p class=\"\" data-start=\"514\" data-end=\"670\"><strong data-start=\"514\" data-end=\"561\">Pompe \u00e0 vide \u00e0 sec de 250 litres\/minute<\/strong> : silencieuse, fiable et sans huile, elle r\u00e9duit l\u2019entretien au minimum et garantit des performances constantes.<\/p>\n<\/li>\n<li class=\"\" data-start=\"671\" data-end=\"814\">\n<p class=\"\" data-start=\"673\" data-end=\"814\"><strong data-start=\"673\" data-end=\"696\">Longueur des tuyaux<\/strong> : chaque poste de traite est \u00e9quip\u00e9 de tuyaux de 2,5 m\u00e8tres, pour une libert\u00e9 de mouvement ad\u00e9quate pendant l\u2019op\u00e9ration.<\/p>\n<\/li>\n<li class=\"\" data-start=\"815\" data-end=\"961\">\n<p class=\"\" data-start=\"817\" data-end=\"961\"><strong data-start=\"817\" data-end=\"866\">R\u00e9servoir \u00e0 vide inspectable de 18 litres<\/strong> : facilite le contr\u00f4le et l\u2019entretien, assurant le bon fonctionnement de l\u2019installation.<\/p>\n<\/li>\n<li class=\"\" data-start=\"962\" data-end=\"1093\">\n<p class=\"\" data-start=\"964\" data-end=\"1093\"><strong data-start=\"964\" data-end=\"1003\">Seau en acier inox de 30 litres<\/strong> : r\u00e9sistant, facile \u00e0 nettoyer, id\u00e9al pour garantir une hygi\u00e8ne maximale du lait r\u00e9colt\u00e9.<\/p>\n<\/li>\n<li class=\"\" data-start=\"1094\" data-end=\"1210\">\n<p class=\"\" data-start=\"1096\" data-end=\"1210\"><strong data-start=\"1096\" data-end=\"1134\">Moteur monophas\u00e9 220 Volts \/ 0,55 kW<\/strong> : puissant et adapt\u00e9 \u00e0 l\u2019utilisation en milieu agricole avec une alimentation domestique.<\/p>\n<\/li>\n<li class=\"\" data-start=\"1211\" data-end=\"1310\">\n<p class=\"\" data-start=\"1213\" data-end=\"1310\"><strong data-start=\"1213\" data-end=\"1234\">Certification CE<\/strong> : conforme aux r\u00e9glementations europ\u00e9ennes en mati\u00e8re de s\u00e9curit\u00e9, de qualit\u00e9 et d\u2019hygi\u00e8ne.<\/p>\n<\/li>\n<li class=\"\" data-start=\"1311\" data-end=\"1454\">\n<p class=\"\" data-start=\"1313\" data-end=\"1454\"><strong data-start=\"1313\" data-end=\"1339\">Jeu d\u2019\u00e9couvillons inclus<\/strong> : accessoires pratiques pour le nettoyage quotidien des composants, essentiels pour maintenir des standards d\u2019hygi\u00e8ne \u00e9lev\u00e9s.<\/p>\n<\/li>\n<\/ul>\n<h5 data-start=\"1456\" data-end=\"1494\"><strong data-start=\"1456\" data-end=\"1494\">Accessoires inclus dans la fourniture :<\/strong><\/h5>\n<ul data-start=\"1496\" data-end=\"2067\">\n<li class=\"\" data-start=\"1496\" data-end=\"1557\">\n<p class=\"\" data-start=\"1498\" data-end=\"1557\">Gobelet en acier inox longueur 155 mm, orifice de 16,5 mm ;<\/p>\n<\/li>\n<li class=\"\" data-start=\"1558\" data-end=\"1612\">\n<p class=\"\" data-start=\"1560\" data-end=\"1612\">Collecteur de 250 cc, sp\u00e9cifique pour les vaches laiti\u00e8res ;<\/p>\n<\/li>\n<li class=\"\" data-start=\"1613\" data-end=\"1675\">\n<p class=\"\" data-start=\"1615\" data-end=\"1675\">Pulsateur pneumatique pour une traite r\u00e9guli\u00e8re et efficace ;<\/p>\n<\/li>\n<li class=\"\" data-start=\"1676\" data-end=\"1720\">\n<p class=\"\" data-start=\"1678\" data-end=\"1720\">Palettes en graphite pour la pompe \u00e0 vide ;<\/p>\n<\/li>\n<li class=\"\" data-start=\"1721\" data-end=\"1779\">\n<p class=\"\" data-start=\"1723\" data-end=\"1779\"> vacuom\u00e8tre pour le contr\u00f4le constant de la pression ;<\/p>\n<\/li>\n<li class=\"\" data-start=\"1780\" data-end=\"1850\">\n<p class=\"\" data-start=\"1782\" data-end=\"1850\">Pompe \u00e0 vide \u00e0 sec de 250 l\/min avec moteur \u00e9lectrique int\u00e9gr\u00e9 ;<\/p>\n<\/li>\n<li class=\"\" data-start=\"1851\" data-end=\"1899\">\n<p class=\"\" data-start=\"1853\" data-end=\"1899\">Poste de traite complet pour vaches laiti\u00e8res ;<\/p>\n<\/li>\n<li class=\"\" data-start=\"1900\" data-end=\"1967\">\n<p class=\"\" data-start=\"1902\" data-end=\"1967\">Robinet \u00e0 vide de 1\/2&Prime; pour une gestion simple du flux ;<\/p>\n<\/li>\n<li class=\"\" data-start=\"1968\" data-end=\"2019\">\n<p class=\"\" data-start=\"1970\" data-end=\"2019\">Manchon de traite compatible avec les syst\u00e8mes DeLaval ;<\/p>\n<\/li>\n<li class=\"\" data-start=\"2020\" data-end=\"2067\">\n<p class=\"\" data-start=\"2022\" data-end=\"2067\">Vanne pour le r\u00e9glage pr\u00e9cis du vide.<\/p>\n<\/li>\n<\/ul>\n<p class=\"\" data-start=\"2069\" data-end=\"2212\">Gr\u00e2ce \u00e0 la qualit\u00e9 des mat\u00e9riaux et \u00e0 la facilit\u00e9 d\u2019utilisation, cette trayeuse repr\u00e9sente une solution fiable pour l\u2019\u00e9leveur moderne.<\/p>\n<\/div>\n<div>Achetez-la sur notre <a href=\"https:\/\/fda-shop.it\/shop\/mungitura\/mungitrici-carrellate\/mungitrice-bovini\/mungitrice-bovini-a-un-gruppo-mungitura\" target=\"_blank\" rel=\"noopener\">boutique en ligne<\/a><\/div>\n","protected":false},"excerpt":{"rendered":"<p>Trayeuse pour vaches \u00e0 1 poste avec pompe \u00e0 sec et seau inox de 30 litres. Compl\u00e8te avec accessoires, moteur 220V, r\u00e9servoir \u00e0 vide et certification CE. Id\u00e9ale pour les \u00e9levages de petite et moyenne taille.  <\/p>\n","protected":false},"featured_media":444,"comment_status":"open","ping_status":"closed","template":"","meta":{"_et_pb_use_builder":"","_et_pb_old_content":"","_et_gb_content_width":""},"product_brand":[],"product_cat":[392],"product_tag":[452],"class_list":{"0":"post-2015","1":"product","2":"type-product","3":"status-publish","4":"has-post-thumbnail","6":"product_cat-trayeuses-mobiles","7":"product_tag-m1750","9":"first","10":"instock","11":"shipping-taxable","12":"product-type-simple"},"yoast_head":"<!-- This site is optimized with the Yoast SEO Premium plugin v27.5 (Yoast SEO v27.5) - https:\/\/yoast.com\/product\/yoast-seo-premium-wordpress\/ -->\n<title>Trayeuse mobile pour vaches \u00e0 un poste avec moteur puissant<\/title>\n<meta name=\"description\" content=\"Tirez le meilleur parti de votre machine \u00e0 traire mobile pour vaches \u00e0 un poste ! Performances exceptionnelles et entretien r\u00e9duit, ne manquez pas cette occasion ! \ud83c\udf3e\" \/>\n<meta name=\"robots\" content=\"index, follow, max-snippet:-1, max-image-preview:large, max-video-preview:-1\" \/>\n<link rel=\"canonical\" href=\"https:\/\/fdasrl.it\/fr\/prodotto\/trayeuse-pour-vache-1-poste-seau-inox\/\" \/>\n<meta property=\"og:locale\" content=\"fr_FR\" \/>\n<meta property=\"og:type\" content=\"article\" \/>\n<meta property=\"og:title\" content=\"TRAYEUSE POUR VACHE 1 POSTE SEAU INOX\" \/>\n<meta property=\"og:description\" content=\"Tirez le meilleur parti de votre machine \u00e0 traire mobile pour vaches \u00e0 un poste ! Performances exceptionnelles et entretien r\u00e9duit, ne manquez pas cette occasion ! \ud83c\udf3e\" \/>\n<meta property=\"og:url\" content=\"https:\/\/fdasrl.it\/fr\/prodotto\/trayeuse-pour-vache-1-poste-seau-inox\/\" \/>\n<meta property=\"og:site_name\" content=\"FDA srl\" \/>\n<meta property=\"article:publisher\" content=\"https:\/\/www.facebook.com\/share\/1MWhFWg1Tp\/?mibextid=LQQJ4d\" \/>\n<meta property=\"og:image\" content=\"https:\/\/fdasrl.it\/wp-content\/uploads\/2025\/01\/M1750_1.jpg\" \/>\n\t<meta property=\"og:image:width\" content=\"800\" \/>\n\t<meta property=\"og:image:height\" content=\"737\" \/>\n\t<meta property=\"og:image:type\" content=\"image\/jpeg\" \/>\n<meta name=\"twitter:card\" content=\"summary_large_image\" \/>\n<meta name=\"twitter:label1\" content=\"Prix\" \/>\n\t<meta name=\"twitter:data1\" content=\"\" \/>\n\t<meta name=\"twitter:label2\" content=\"Disponibilit\u00e9\" \/>\n\t<meta name=\"twitter:data2\" content=\"En stock\" \/>\n<meta property=\"product:price:currency\" content=\"EUR\" \/>\n<meta property=\"og:availability\" content=\"instock\" \/>\n<meta property=\"product:availability\" content=\"instock\" \/>\n<meta property=\"product:retailer_item_id\" content=\"M1750\" \/>\n<meta property=\"product:condition\" content=\"new\" \/>\n<!-- \/ Yoast SEO Premium plugin. -->","yoast_head_json":{"title":"Trayeuse mobile pour vaches \u00e0 un poste avec moteur puissant","description":"Tirez le meilleur parti de votre machine \u00e0 traire mobile pour vaches \u00e0 un poste ! Performances exceptionnelles et entretien r\u00e9duit, ne manquez pas cette occasion ! \ud83c\udf3e","robots":{"index":"index","follow":"follow","max-snippet":"max-snippet:-1","max-image-preview":"max-image-preview:large","max-video-preview":"max-video-preview:-1"},"canonical":"https:\/\/fdasrl.it\/fr\/prodotto\/trayeuse-pour-vache-1-poste-seau-inox\/","og_locale":"fr_FR","og_type":"article","og_title":"TRAYEUSE POUR VACHE 1 POSTE SEAU INOX","og_description":"Tirez le meilleur parti de votre machine \u00e0 traire mobile pour vaches \u00e0 un poste ! Performances exceptionnelles et entretien r\u00e9duit, ne manquez pas cette occasion ! \ud83c\udf3e","og_url":"https:\/\/fdasrl.it\/fr\/prodotto\/trayeuse-pour-vache-1-poste-seau-inox\/","og_site_name":"FDA srl","article_publisher":"https:\/\/www.facebook.com\/share\/1MWhFWg1Tp\/?mibextid=LQQJ4d","og_image":[{"width":800,"height":737,"url":"https:\/\/fdasrl.it\/wp-content\/uploads\/2025\/01\/M1750_1.jpg","type":"image\/jpeg"}],"twitter_card":"summary_large_image","twitter_misc":{"Prix":"","Disponibilit\u00e9":"En stock"},"schema":{"@context":"https:\/\/schema.org","@graph":[{"@type":"WebPage","@id":"https:\/\/fdasrl.it\/fr\/prodotto\/trayeuse-pour-vache-1-poste-seau-inox\/","url":"https:\/\/fdasrl.it\/fr\/prodotto\/trayeuse-pour-vache-1-poste-seau-inox\/","name":"Trayeuse mobile pour vaches \u00e0 un poste avec moteur puissant","isPartOf":{"@id":"https:\/\/fdasrl.it\/fr\/#website"},"primaryImageOfPage":{"@id":"https:\/\/fdasrl.it\/fr\/prodotto\/trayeuse-pour-vache-1-poste-seau-inox\/#primaryimage"},"image":{"@id":"https:\/\/fdasrl.it\/fr\/prodotto\/trayeuse-pour-vache-1-poste-seau-inox\/#primaryimage"},"thumbnailUrl":"https:\/\/fdasrl.it\/wp-content\/uploads\/2025\/01\/M1750_1.jpg","datePublished":"2025-01-21T11:37:00+00:00","description":"Tirez le meilleur parti de votre machine \u00e0 traire mobile pour vaches \u00e0 un poste ! Performances exceptionnelles et entretien r\u00e9duit, ne manquez pas cette occasion ! \ud83c\udf3e","breadcrumb":{"@id":"https:\/\/fdasrl.it\/fr\/prodotto\/trayeuse-pour-vache-1-poste-seau-inox\/#breadcrumb"},"inLanguage":"fr-FR","potentialAction":[{"@type":"ReadAction","target":["https:\/\/fdasrl.it\/fr\/prodotto\/trayeuse-pour-vache-1-poste-seau-inox\/"]}]},{"@type":"ImageObject","inLanguage":"fr-FR","@id":"https:\/\/fdasrl.it\/fr\/prodotto\/trayeuse-pour-vache-1-poste-seau-inox\/#primaryimage","url":"https:\/\/fdasrl.it\/wp-content\/uploads\/2025\/01\/M1750_1.jpg","contentUrl":"https:\/\/fdasrl.it\/wp-content\/uploads\/2025\/01\/M1750_1.jpg","width":800,"height":737,"caption":"TRAYEUSE POUR VACHE \u00c0 1 POSTE FDA SRL"},{"@type":"BreadcrumbList","@id":"https:\/\/fdasrl.it\/fr\/prodotto\/trayeuse-pour-vache-1-poste-seau-inox\/#breadcrumb","itemListElement":[{"@type":"ListItem","position":1,"name":"Home","item":"https:\/\/fdasrl.it\/fr\/accueil\/"},{"@type":"ListItem","position":2,"name":"Boutique","item":"https:\/\/fdasrl.it\/fr\/boutique\/"},{"@type":"ListItem","position":3,"name":"TRAYEUSE POUR VACHE 1 POSTE SEAU INOX"}]},{"@type":"WebSite","@id":"https:\/\/fdasrl.it\/fr\/#website","url":"https:\/\/fdasrl.it\/fr\/","name":"FDA srl","description":"Equipment for animal husbandry","publisher":{"@id":"https:\/\/fdasrl.it\/fr\/#organization"},"potentialAction":[{"@type":"SearchAction","target":{"@type":"EntryPoint","urlTemplate":"https:\/\/fdasrl.it\/fr\/?s={search_term_string}"},"query-input":{"@type":"PropertyValueSpecification","valueRequired":true,"valueName":"search_term_string"}}],"inLanguage":"fr-FR"},{"@type":"Organization","@id":"https:\/\/fdasrl.it\/fr\/#organization","name":"FDA srl","url":"https:\/\/fdasrl.it\/fr\/","logo":{"@type":"ImageObject","inLanguage":"fr-FR","@id":"https:\/\/fdasrl.it\/fr\/#\/schema\/logo\/image\/","url":"https:\/\/fdasrl.it\/wp-content\/uploads\/2024\/12\/Logo-FDA.png","contentUrl":"https:\/\/fdasrl.it\/wp-content\/uploads\/2024\/12\/Logo-FDA.png","width":316,"height":119,"caption":"FDA srl"},"image":{"@id":"https:\/\/fdasrl.it\/fr\/#\/schema\/logo\/image\/"},"sameAs":["https:\/\/www.facebook.com\/share\/1MWhFWg1Tp\/?mibextid=LQQJ4d","https:\/\/www.instagram.com\/fda_srl\/profilecard\/?igsh=YW5lbzJ6MWg0d21u","https:\/\/www.youtube.com\/@FDASRL_ANIMALCARE"],"description":"FDA SRL \u2013 Equipment for animal husbandry nasce con l\u2019obiettivo di offrire soluzioni affidabili e innovative per l\u2019allevamento moderno. Con anni di esperienza nel settore zootecnico, progettiamo e realizziamo attrezzature destinate al benessere animale e alla gestione efficiente delle stalle: vasche, abbeveratoi, mangiatoie e sistemi di riscaldamento pensati per durare nel tempo e semplificare il lavoro quotidiano degli allevatori. Dalla progettazione alla produzione, ogni nostro prodotto \u00e8 studiato nei minimi dettagli, testato con cura e costruito per rispondere alle esigenze reali del settore. La nostra forza \u00e8 unire artigianalit\u00e0, tecnologia e competenza tecnica per trasformare ogni progetto in una soluzione concreta e funzionale. Oggi FDA SRL \u00e8 un punto di riferimento per privati e rivenditori che cercano qualit\u00e0, affidabilit\u00e0 e innovazione nelle attrezzature per l\u2019allevamento.","email":"info@fdasrl.it","telephone":"+390522826820","legalName":"F.D.A. SRL","foundingDate":"2024-10-13","vatID":"03075840359","taxID":"03075840359","numberOfEmployees":{"@type":"QuantitativeValue","minValue":"1","maxValue":"10"}}]},"product_price_currency":"EUR","og_availability":"instock","product_availability":"instock","product_retailer_item_id":"M1750","product_condition":"new"},"_links":{"self":[{"href":"https:\/\/fdasrl.it\/fr\/wp-json\/wp\/v2\/product\/2015","targetHints":{"allow":["GET"]}}],"collection":[{"href":"https:\/\/fdasrl.it\/fr\/wp-json\/wp\/v2\/product"}],"about":[{"href":"https:\/\/fdasrl.it\/fr\/wp-json\/wp\/v2\/types\/product"}],"replies":[{"embeddable":true,"href":"https:\/\/fdasrl.it\/fr\/wp-json\/wp\/v2\/comments?post=2015"}],"wp:featuredmedia":[{"embeddable":true,"href":"https:\/\/fdasrl.it\/fr\/wp-json\/wp\/v2\/media\/444"}],"wp:attachment":[{"href":"https:\/\/fdasrl.it\/fr\/wp-json\/wp\/v2\/media?parent=2015"}],"wp:term":[{"taxonomy":"product_brand","embeddable":true,"href":"https:\/\/fdasrl.it\/fr\/wp-json\/wp\/v2\/product_brand?post=2015"},{"taxonomy":"product_cat","embeddable":true,"href":"https:\/\/fdasrl.it\/fr\/wp-json\/wp\/v2\/product_cat?post=2015"},{"taxonomy":"product_tag","embeddable":true,"href":"https:\/\/fdasrl.it\/fr\/wp-json\/wp\/v2\/product_tag?post=2015"}],"curies":[{"name":"wp","href":"https:\/\/api.w.org\/{rel}","templated":true}]}}