{"id":2067,"date":"2025-01-21T12:28:40","date_gmt":"2025-01-21T11:28:40","guid":{"rendered":"https:\/\/fdasrl.it\/prodotto\/machine-a-traire-electrique-pour-chevres-brebis-a-2-postes\/"},"modified":"2025-01-21T12:28:40","modified_gmt":"2025-01-21T11:28:40","slug":"machine-a-traire-electrique-pour-chevres-brebis-a-2-postes","status":"publish","type":"product","link":"https:\/\/fdasrl.it\/fr\/prodotto\/machine-a-traire-electrique-pour-chevres-brebis-a-2-postes\/","title":{"rendered":"MACHINE \u00c0 TRAIRE \u00c9LECTRIQUE POUR CH\u00c8VRES\/BREBIS \u00c0 2 POSTES"},"content":{"rendered":"<div>\n<h3 data-start=\"165\" data-end=\"276\">\ud83d\udc10\ud83d\udc11 <strong data-start=\"174\" data-end=\"276\">Machine \u00e0 Traire \u00c9lectrique pour Ch\u00e8vres ou Brebis \u00e0 2 Postes \u2013 Pompe \u00e0 Sec 250 L\/min, Seau Inox de 30 L<\/strong><\/h3>\n<p data-start=\"278\" data-end=\"668\">Solution professionnelle pour la traite de <strong data-start=\"322\" data-end=\"331\">ch\u00e8vres<\/strong> ou <strong data-start=\"334\" data-end=\"344\">brebis<\/strong>, con\u00e7ue pour garantir efficacit\u00e9, hygi\u00e8ne et fiabilit\u00e9.<br data-start=\"405\" data-end=\"408\">Cette <strong data-start=\"415\" data-end=\"450\">machine \u00e0 traire \u00e9lectrique \u00e0 2 postes<\/strong> est \u00e9quip\u00e9e d\u2019une <strong data-start=\"467\" data-end=\"514\">pompe \u00e0 vide \u00e0 sec de 250 litres\/minute<\/strong>, d\u2019un <strong data-start=\"516\" data-end=\"565\">r\u00e9servoir \u00e0 vide inspectable de 18 litres<\/strong> et d\u2019un <strong data-start=\"568\" data-end=\"607\">seau en acier inoxydable de 30 litres<\/strong>, id\u00e9ale pour un usage quotidien dans les petits et moyens \u00e9levages.<\/p>\n<p data-start=\"670\" data-end=\"895\">Gr\u00e2ce \u00e0 sa structure compacte et \u00e0 ses composants de haute qualit\u00e9, elle est facile \u00e0 d\u00e9placer, simple \u00e0 utiliser et conforme aux normes CE. La pr\u00e9sence de tous les accessoires n\u00e9cessaires en fait une machine pr\u00eate \u00e0 l\u2019emploi. <\/p>\n<hr data-start=\"897\" data-end=\"900\">\n<h3 data-start=\"902\" data-end=\"949\">\u2699\ufe0f <strong data-start=\"909\" data-end=\"949\">Principales caract\u00e9ristiques techniques :<\/strong><\/h3>\n<ul data-start=\"950\" data-end=\"1441\">\n<li data-start=\"950\" data-end=\"1038\">\n<p data-start=\"952\" data-end=\"1038\"><strong data-start=\"952\" data-end=\"979\">Pompe \u00e0 vide \u00e0 sec<\/strong> de 250 L\/min avec <strong data-start=\"997\" data-end=\"1036\">palettes en graphite autolubrifiantes<\/strong><\/p>\n<\/li>\n<li data-start=\"1039\" data-end=\"1092\">\n<p data-start=\"1041\" data-end=\"1092\"><strong data-start=\"1041\" data-end=\"1064\">R\u00e9servoir \u00e0 vide<\/strong> inspectable de 18 litres<\/p>\n<\/li>\n<li data-start=\"1093\" data-end=\"1144\">\n<p data-start=\"1095\" data-end=\"1144\"><strong data-start=\"1095\" data-end=\"1124\">Moteur \u00e9lectrique monophas\u00e9<\/strong> de 220 V \/ 0,55 kW<\/p>\n<\/li>\n<li data-start=\"1145\" data-end=\"1202\">\n<p data-start=\"1147\" data-end=\"1202\"><strong data-start=\"1147\" data-end=\"1168\">Seau de traite<\/strong> en <strong data-start=\"1172\" data-end=\"1200\">acier inoxydable de 30 litres<\/strong><\/p>\n<\/li>\n<li data-start=\"1203\" data-end=\"1270\">\n<p data-start=\"1205\" data-end=\"1270\"><strong data-start=\"1205\" data-end=\"1228\">Longueur des tuyaux<\/strong> pour chaque poste de traite : 2,5 m\u00e8tres<\/p>\n<\/li>\n<li data-start=\"1271\" data-end=\"1331\">\n<p data-start=\"1273\" data-end=\"1331\"><strong data-start=\"1273\" data-end=\"1295\">Structure compacte<\/strong>, robuste et facile d\u2019entretien<\/p>\n<\/li>\n<li data-start=\"1332\" data-end=\"1397\">\n<p data-start=\"1334\" data-end=\"1397\"><strong data-start=\"1334\" data-end=\"1352\">Certifi\u00e9e CE<\/strong> pour un usage en milieu zootechnique professionnel<\/p>\n<\/li>\n<li data-start=\"1398\" data-end=\"1441\">\n<p data-start=\"1400\" data-end=\"1441\"><strong data-start=\"1400\" data-end=\"1418\">Jeu d\u2019\u00e9couvillons<\/strong> pour le nettoyage inclus<\/p>\n<\/li>\n<\/ul>\n<hr data-start=\"1443\" data-end=\"1446\">\n<h3 data-start=\"1448\" data-end=\"1485\">\ud83e\uddf0 <strong data-start=\"1455\" data-end=\"1485\">Accessoires inclus dans le kit :<\/strong><\/h3>\n<ul data-start=\"1486\" data-end=\"1865\">\n<li data-start=\"1486\" data-end=\"1547\">\n<p data-start=\"1488\" data-end=\"1547\">2 postes de traite complets pour ch\u00e8vres ou brebis (au choix)<\/p>\n<\/li>\n<li data-start=\"1548\" data-end=\"1591\">\n<p data-start=\"1550\" data-end=\"1591\">Collecteurs sp\u00e9cifiques pour ch\u00e8vre ou brebis<\/p>\n<\/li>\n<li data-start=\"1592\" data-end=\"1635\">\n<p data-start=\"1594\" data-end=\"1635\">Pulsateurs pneumatiques de haute pr\u00e9cision<\/p>\n<\/li>\n<li data-start=\"1636\" data-end=\"1683\">\n<p data-start=\"1638\" data-end=\"1683\">Vannes semi-automatiques pour chaque poste<\/p>\n<\/li>\n<li data-start=\"1684\" data-end=\"1747\">\n<p data-start=\"1686\" data-end=\"1747\">Vacuom\u00e8tre int\u00e9gr\u00e9 pour le contr\u00f4le du niveau de vide<\/p>\n<\/li>\n<li data-start=\"1748\" data-end=\"1784\">\n<p data-start=\"1750\" data-end=\"1784\">Vanne de r\u00e9gulation du vide<\/p>\n<\/li>\n<li data-start=\"1785\" data-end=\"1829\">\n<p data-start=\"1787\" data-end=\"1829\">Gaine en silicone et manchons fournis<\/p>\n<\/li>\n<li data-start=\"1830\" data-end=\"1865\">\n<p data-start=\"1832\" data-end=\"1865\">Robinet 1\/2&Prime; pour la gestion du vide<\/p>\n<\/li>\n<\/ul>\n<hr data-start=\"1867\" data-end=\"1870\">\n<h3 data-start=\"1872\" data-end=\"1894\">\ud83c\udfaf <strong data-start=\"1879\" data-end=\"1894\">Id\u00e9ale pour :<\/strong><\/h3>\n<ul data-start=\"1895\" data-end=\"2104\">\n<li data-start=\"1895\" data-end=\"1979\">\n<p data-start=\"1897\" data-end=\"1979\">\u00c9leveurs de ch\u00e8vres ou de brebis recherchant un syst\u00e8me professionnel \u00e0 2 postes<\/p>\n<\/li>\n<li data-start=\"1980\" data-end=\"2034\">\n<p data-start=\"1982\" data-end=\"2034\">Traite quotidienne dans les petits et moyens \u00e9levages<\/p>\n<\/li>\n<li data-start=\"2035\" data-end=\"2104\">\n<p data-start=\"2037\" data-end=\"2104\">Ceux qui souhaitent un syst\u00e8me <strong data-start=\"2061\" data-end=\"2102\">complet, efficace et pr\u00eat \u00e0 l\u2019emploi<\/strong><\/p>\n<\/li>\n<\/ul>\n<hr data-start=\"2106\" data-end=\"2109\">\n<h3 data-start=\"2111\" data-end=\"2145\">\ud83d\uded2 <strong data-start=\"2118\" data-end=\"2145\">Achetez maintenant en ligne :<\/strong><\/h3>\n<ul data-start=\"2146\" data-end=\"2234\">\n<li data-start=\"2146\" data-end=\"2189\">\n<p data-start=\"2148\" data-end=\"2189\">\u2705 [<strong data-start=\"2151\" data-end=\"2173\">Version pour ch\u00e8vres<\/strong> \u2013 <a href=\"https:\/\/fda-shop.it\/shop\/mungitura\/mungitrici-carrellate\/mungitrice-capra\/mungitrice-capre-due-gruppi-mungitura\">cliquez ici<\/a>]<\/p>\n<\/li>\n<li data-start=\"2190\" data-end=\"2234\">\n<p data-start=\"2192\" data-end=\"2234\">\u2705 [<strong data-start=\"2195\" data-end=\"2218\">Version pour brebis<\/strong> \u2013 <a href=\"https:\/\/fda-shop.it\/shop\/mungitura\/mungitrici-carrellate\/mungitrice-pecore\/mungitrice-pecore-due-gruppi-mungitura\">cliquez ici<\/a>]<\/p>\n<\/li>\n<\/ul>\n<\/div>\n<div>\n<div>\n<div><\/div>\n<\/div>\n<\/div>\n","protected":false},"excerpt":{"rendered":"<p>Machine \u00e0 traire \u00e9lectrique \u00e0 2 postes pour ch\u00e8vres ou brebis, avec pompe \u00e0 sec 250 L\/min, seau inox de 30 L et accessoires inclus. Id\u00e9ale pour une traite professionnelle. <\/p>\n","protected":false},"featured_media":433,"comment_status":"open","ping_status":"closed","template":"","meta":{"_et_pb_use_builder":"","_et_pb_old_content":"","_et_gb_content_width":""},"product_brand":[],"product_cat":[393,392],"product_tag":[464,465,463],"class_list":{"0":"post-2067","1":"product","2":"type-product","3":"status-publish","4":"has-post-thumbnail","6":"product_cat-ovins-et-caprins","7":"product_cat-trayeuses-mobiles","8":"product_tag-fa-m71","9":"product_tag-m7100c","10":"product_tag-m7100p","12":"first","13":"instock","14":"shipping-taxable","15":"product-type-simple"},"yoast_head":"<!-- This site is optimized with the Yoast SEO Premium plugin v27.5 (Yoast SEO v27.5) - https:\/\/yoast.com\/product\/yoast-seo-premium-wordpress\/ -->\n<title>Machine \u00e0 traire \u00e9lectrique 2 postes ch\u00e8vres brebis pr\u00eate \u00e0 l\u2019emploi - FDA srl<\/title>\n<meta name=\"description\" content=\"Facilitez la traite de vos ch\u00e8vres et brebis avec la machine \u00e0 traire \u00e9lectrique \u00e0 2 postes ! Efficacit\u00e9 et hygi\u00e8ne \u00e0 votre service.\" \/>\n<meta name=\"robots\" content=\"index, follow, max-snippet:-1, max-image-preview:large, max-video-preview:-1\" \/>\n<link rel=\"canonical\" href=\"https:\/\/fdasrl.it\/fr\/prodotto\/machine-a-traire-electrique-pour-chevres-brebis-a-2-postes\/\" \/>\n<meta property=\"og:locale\" content=\"fr_FR\" \/>\n<meta property=\"og:type\" content=\"article\" \/>\n<meta property=\"og:title\" content=\"MACHINE \u00c0 TRAIRE \u00c9LECTRIQUE POUR CH\u00c8VRES\/BREBIS \u00c0 2 POSTES\" \/>\n<meta property=\"og:description\" content=\"Facilitez la traite de vos ch\u00e8vres et brebis avec la machine \u00e0 traire \u00e9lectrique \u00e0 2 postes ! Efficacit\u00e9 et hygi\u00e8ne \u00e0 votre service.\" \/>\n<meta property=\"og:url\" content=\"https:\/\/fdasrl.it\/fr\/prodotto\/machine-a-traire-electrique-pour-chevres-brebis-a-2-postes\/\" \/>\n<meta property=\"og:site_name\" content=\"FDA srl\" \/>\n<meta property=\"article:publisher\" content=\"https:\/\/www.facebook.com\/share\/1MWhFWg1Tp\/?mibextid=LQQJ4d\" \/>\n<meta property=\"og:image\" content=\"https:\/\/fdasrl.it\/wp-content\/uploads\/2025\/01\/M7100P_1.jpg\" \/>\n\t<meta property=\"og:image:width\" content=\"800\" \/>\n\t<meta property=\"og:image:height\" content=\"737\" \/>\n\t<meta property=\"og:image:type\" content=\"image\/jpeg\" \/>\n<meta name=\"twitter:card\" content=\"summary_large_image\" \/>\n<meta name=\"twitter:label1\" content=\"Prix\" \/>\n\t<meta name=\"twitter:data1\" content=\"\" \/>\n\t<meta name=\"twitter:label2\" content=\"Disponibilit\u00e9\" \/>\n\t<meta name=\"twitter:data2\" content=\"En stock\" \/>\n<meta property=\"product:price:currency\" content=\"EUR\" \/>\n<meta property=\"og:availability\" content=\"instock\" \/>\n<meta property=\"product:availability\" content=\"instock\" \/>\n<meta property=\"product:retailer_item_id\" content=\"FA-M71\" \/>\n<meta property=\"product:condition\" content=\"new\" \/>\n<!-- \/ Yoast SEO Premium plugin. -->","yoast_head_json":{"title":"Machine \u00e0 traire \u00e9lectrique 2 postes ch\u00e8vres brebis pr\u00eate \u00e0 l\u2019emploi - FDA srl","description":"Facilitez la traite de vos ch\u00e8vres et brebis avec la machine \u00e0 traire \u00e9lectrique \u00e0 2 postes ! Efficacit\u00e9 et hygi\u00e8ne \u00e0 votre service.","robots":{"index":"index","follow":"follow","max-snippet":"max-snippet:-1","max-image-preview":"max-image-preview:large","max-video-preview":"max-video-preview:-1"},"canonical":"https:\/\/fdasrl.it\/fr\/prodotto\/machine-a-traire-electrique-pour-chevres-brebis-a-2-postes\/","og_locale":"fr_FR","og_type":"article","og_title":"MACHINE \u00c0 TRAIRE \u00c9LECTRIQUE POUR CH\u00c8VRES\/BREBIS \u00c0 2 POSTES","og_description":"Facilitez la traite de vos ch\u00e8vres et brebis avec la machine \u00e0 traire \u00e9lectrique \u00e0 2 postes ! Efficacit\u00e9 et hygi\u00e8ne \u00e0 votre service.","og_url":"https:\/\/fdasrl.it\/fr\/prodotto\/machine-a-traire-electrique-pour-chevres-brebis-a-2-postes\/","og_site_name":"FDA srl","article_publisher":"https:\/\/www.facebook.com\/share\/1MWhFWg1Tp\/?mibextid=LQQJ4d","og_image":[{"width":800,"height":737,"url":"https:\/\/fdasrl.it\/wp-content\/uploads\/2025\/01\/M7100P_1.jpg","type":"image\/jpeg"}],"twitter_card":"summary_large_image","twitter_misc":{"Prix":"","Disponibilit\u00e9":"En stock"},"schema":{"@context":"https:\/\/schema.org","@graph":[{"@type":"WebPage","@id":"https:\/\/fdasrl.it\/fr\/prodotto\/machine-a-traire-electrique-pour-chevres-brebis-a-2-postes\/","url":"https:\/\/fdasrl.it\/fr\/prodotto\/machine-a-traire-electrique-pour-chevres-brebis-a-2-postes\/","name":"Machine \u00e0 traire \u00e9lectrique 2 postes ch\u00e8vres brebis pr\u00eate \u00e0 l\u2019emploi - FDA srl","isPartOf":{"@id":"https:\/\/fdasrl.it\/fr\/#website"},"primaryImageOfPage":{"@id":"https:\/\/fdasrl.it\/fr\/prodotto\/machine-a-traire-electrique-pour-chevres-brebis-a-2-postes\/#primaryimage"},"image":{"@id":"https:\/\/fdasrl.it\/fr\/prodotto\/machine-a-traire-electrique-pour-chevres-brebis-a-2-postes\/#primaryimage"},"thumbnailUrl":"https:\/\/fdasrl.it\/wp-content\/uploads\/2025\/01\/M7100P_1.jpg","datePublished":"2025-01-21T11:28:40+00:00","description":"Facilitez la traite de vos ch\u00e8vres et brebis avec la machine \u00e0 traire \u00e9lectrique \u00e0 2 postes ! Efficacit\u00e9 et hygi\u00e8ne \u00e0 votre service.","breadcrumb":{"@id":"https:\/\/fdasrl.it\/fr\/prodotto\/machine-a-traire-electrique-pour-chevres-brebis-a-2-postes\/#breadcrumb"},"inLanguage":"fr-FR","potentialAction":[{"@type":"ReadAction","target":["https:\/\/fdasrl.it\/fr\/prodotto\/machine-a-traire-electrique-pour-chevres-brebis-a-2-postes\/"]}]},{"@type":"ImageObject","inLanguage":"fr-FR","@id":"https:\/\/fdasrl.it\/fr\/prodotto\/machine-a-traire-electrique-pour-chevres-brebis-a-2-postes\/#primaryimage","url":"https:\/\/fdasrl.it\/wp-content\/uploads\/2025\/01\/M7100P_1.jpg","contentUrl":"https:\/\/fdasrl.it\/wp-content\/uploads\/2025\/01\/M7100P_1.jpg","width":800,"height":737,"caption":"MACHINE \u00c0 TRAIRE \u00c9LECTRIQUE POUR CH\u00c8VRES\/BREBIS \u00c0 2 POSTES"},{"@type":"BreadcrumbList","@id":"https:\/\/fdasrl.it\/fr\/prodotto\/machine-a-traire-electrique-pour-chevres-brebis-a-2-postes\/#breadcrumb","itemListElement":[{"@type":"ListItem","position":1,"name":"Home","item":"https:\/\/fdasrl.it\/fr\/accueil\/"},{"@type":"ListItem","position":2,"name":"Boutique","item":"https:\/\/fdasrl.it\/fr\/boutique\/"},{"@type":"ListItem","position":3,"name":"MACHINE \u00c0 TRAIRE \u00c9LECTRIQUE POUR CH\u00c8VRES\/BREBIS \u00c0 2 POSTES"}]},{"@type":"WebSite","@id":"https:\/\/fdasrl.it\/fr\/#website","url":"https:\/\/fdasrl.it\/fr\/","name":"FDA srl","description":"Equipment for animal husbandry","publisher":{"@id":"https:\/\/fdasrl.it\/fr\/#organization"},"potentialAction":[{"@type":"SearchAction","target":{"@type":"EntryPoint","urlTemplate":"https:\/\/fdasrl.it\/fr\/?s={search_term_string}"},"query-input":{"@type":"PropertyValueSpecification","valueRequired":true,"valueName":"search_term_string"}}],"inLanguage":"fr-FR"},{"@type":"Organization","@id":"https:\/\/fdasrl.it\/fr\/#organization","name":"FDA srl","url":"https:\/\/fdasrl.it\/fr\/","logo":{"@type":"ImageObject","inLanguage":"fr-FR","@id":"https:\/\/fdasrl.it\/fr\/#\/schema\/logo\/image\/","url":"https:\/\/fdasrl.it\/wp-content\/uploads\/2024\/12\/Logo-FDA.png","contentUrl":"https:\/\/fdasrl.it\/wp-content\/uploads\/2024\/12\/Logo-FDA.png","width":316,"height":119,"caption":"FDA srl"},"image":{"@id":"https:\/\/fdasrl.it\/fr\/#\/schema\/logo\/image\/"},"sameAs":["https:\/\/www.facebook.com\/share\/1MWhFWg1Tp\/?mibextid=LQQJ4d","https:\/\/www.instagram.com\/fda_srl\/profilecard\/?igsh=YW5lbzJ6MWg0d21u","https:\/\/www.youtube.com\/@FDASRL_ANIMALCARE"],"description":"FDA SRL \u2013 Equipment for animal husbandry nasce con l\u2019obiettivo di offrire soluzioni affidabili e innovative per l\u2019allevamento moderno. Con anni di esperienza nel settore zootecnico, progettiamo e realizziamo attrezzature destinate al benessere animale e alla gestione efficiente delle stalle: vasche, abbeveratoi, mangiatoie e sistemi di riscaldamento pensati per durare nel tempo e semplificare il lavoro quotidiano degli allevatori. Dalla progettazione alla produzione, ogni nostro prodotto \u00e8 studiato nei minimi dettagli, testato con cura e costruito per rispondere alle esigenze reali del settore. La nostra forza \u00e8 unire artigianalit\u00e0, tecnologia e competenza tecnica per trasformare ogni progetto in una soluzione concreta e funzionale. Oggi FDA SRL \u00e8 un punto di riferimento per privati e rivenditori che cercano qualit\u00e0, affidabilit\u00e0 e innovazione nelle attrezzature per l\u2019allevamento.","email":"info@fdasrl.it","telephone":"+390522826820","legalName":"F.D.A. SRL","foundingDate":"2024-10-13","vatID":"03075840359","taxID":"03075840359","numberOfEmployees":{"@type":"QuantitativeValue","minValue":"1","maxValue":"10"}}]},"product_price_currency":"EUR","og_availability":"instock","product_availability":"instock","product_retailer_item_id":"FA-M71","product_condition":"new"},"_links":{"self":[{"href":"https:\/\/fdasrl.it\/fr\/wp-json\/wp\/v2\/product\/2067","targetHints":{"allow":["GET"]}}],"collection":[{"href":"https:\/\/fdasrl.it\/fr\/wp-json\/wp\/v2\/product"}],"about":[{"href":"https:\/\/fdasrl.it\/fr\/wp-json\/wp\/v2\/types\/product"}],"replies":[{"embeddable":true,"href":"https:\/\/fdasrl.it\/fr\/wp-json\/wp\/v2\/comments?post=2067"}],"wp:featuredmedia":[{"embeddable":true,"href":"https:\/\/fdasrl.it\/fr\/wp-json\/wp\/v2\/media\/433"}],"wp:attachment":[{"href":"https:\/\/fdasrl.it\/fr\/wp-json\/wp\/v2\/media?parent=2067"}],"wp:term":[{"taxonomy":"product_brand","embeddable":true,"href":"https:\/\/fdasrl.it\/fr\/wp-json\/wp\/v2\/product_brand?post=2067"},{"taxonomy":"product_cat","embeddable":true,"href":"https:\/\/fdasrl.it\/fr\/wp-json\/wp\/v2\/product_cat?post=2067"},{"taxonomy":"product_tag","embeddable":true,"href":"https:\/\/fdasrl.it\/fr\/wp-json\/wp\/v2\/product_tag?post=2067"}],"curies":[{"name":"wp","href":"https:\/\/api.w.org\/{rel}","templated":true}]}}