{"id":2143,"date":"2026-03-04T10:14:16","date_gmt":"2026-03-04T09:14:16","guid":{"rendered":"https:\/\/fdasrl.it\/prodotto\/trayeuse-mobile-fa07149-pour-chevres-et-brebis-a-2-postes-avec-pompe-a-bain-dhuile\/"},"modified":"2026-03-04T10:14:16","modified_gmt":"2026-03-04T09:14:16","slug":"trayeuse-mobile-fa07149-pour-chevres-et-brebis-a-2-postes-avec-pompe-a-bain-dhuile","status":"publish","type":"product","link":"https:\/\/fdasrl.it\/fr\/prodotto\/trayeuse-mobile-fa07149-pour-chevres-et-brebis-a-2-postes-avec-pompe-a-bain-dhuile\/","title":{"rendered":"Trayeuse mobile FA07149 pour ch\u00e8vres et brebis \u00e0 2 postes avec pompe \u00e0 bain d&rsquo;huile"},"content":{"rendered":"<div>\n<h3 data-start=\"306\" data-end=\"418\">Trayeuse mobile FA07149 pour ch\u00e8vres et brebis \u00e0 2 postes avec pompe \u00e0 bain d&rsquo;huile<\/h3>\n<p data-start=\"277\" data-end=\"443\">La <strong data-start=\"280\" data-end=\"332\">trayeuse mobile FA07149 pour ch\u00e8vres et brebis<\/strong> est con\u00e7ue pour garantir une traite <strong data-start=\"374\" data-end=\"442\">efficace, pratique et hygi\u00e9nique dans les \u00e9levages ovins et caprins<\/strong>.<\/p>\n<p data-start=\"445\" data-end=\"750\">Gr\u00e2ce \u00e0 la <strong data-start=\"457\" data-end=\"489\">structure mobile sur chariot<\/strong> et \u00e0 la <strong data-start=\"497\" data-end=\"531\">pompe \u00e0 vide \u00e0 bain d&rsquo;huile<\/strong>, elle offre des performances fiables et une longue dur\u00e9e de vie. Le syst\u00e8me \u00e0 <strong data-start=\"601\" data-end=\"625\">deux postes de traite<\/strong> permet de traire <strong data-start=\"646\" data-end=\"680\">deux animaux simultan\u00e9ment<\/strong>, am\u00e9liorant la productivit\u00e9 et r\u00e9duisant les temps de travail en stabulation. <\/p>\n<hr data-start=\"752\" data-end=\"755\">\n<h2 data-start=\"757\" data-end=\"786\">Caract\u00e9ristiques principales<\/h2>\n<ul data-start=\"788\" data-end=\"1453\">\n<li data-start=\"788\" data-end=\"902\">\n<p data-start=\"790\" data-end=\"902\"><strong data-start=\"790\" data-end=\"837\">Pompe \u00e0 vide \u00e0 bain d&rsquo;huile de 250 L\/min<\/strong> avec moteur \u00e9lectrique <strong data-start=\"859\" data-end=\"879\">220 VAC \u2013 0,55 kW<\/strong> \u00e0 cuvettes s\u00e9par\u00e9es<\/p>\n<\/li>\n<li data-start=\"903\" data-end=\"949\">\n<p data-start=\"905\" data-end=\"949\"><strong data-start=\"905\" data-end=\"947\">2 faisceaux trayeurs pour ch\u00e8vre\/brebis<\/strong><\/p>\n<\/li>\n<li data-start=\"950\" data-end=\"1006\">\n<p data-start=\"952\" data-end=\"1006\"><strong data-start=\"952\" data-end=\"1004\">Pulsateur pneumatique ch\u00e8vre\/brebis (90\u2013120 bpm)*<\/strong><\/p>\n<\/li>\n<li data-start=\"1007\" data-end=\"1058\">\n<p data-start=\"1009\" data-end=\"1058\"><strong data-start=\"1009\" data-end=\"1056\">Manchons en polycarbonate haute r\u00e9sistance<\/strong><\/p>\n<\/li>\n<li data-start=\"1059\" data-end=\"1121\">\n<p data-start=\"1061\" data-end=\"1121\"><strong data-start=\"1061\" data-end=\"1119\">2 griffes \u00e0 lait pour ch\u00e8vre\/brebis r\u00e9f. 13300<\/strong><\/p>\n<\/li>\n<li data-start=\"1122\" data-end=\"1165\">\n<p data-start=\"1124\" data-end=\"1165\"><strong data-start=\"1124\" data-end=\"1163\">Manchons trayeurs en silicone pour la traite<\/strong><\/p>\n<\/li>\n<li data-start=\"1166\" data-end=\"1232\">\n<p data-start=\"1168\" data-end=\"1232\"><strong data-start=\"1168\" data-end=\"1230\">R\u00e9servoir \u00e0 vide de 18 litres avec vanne de r\u00e9gulation<\/strong><\/p>\n<\/li>\n<li data-start=\"1233\" data-end=\"1286\">\n<p data-start=\"1235\" data-end=\"1286\"><strong data-start=\"1235\" data-end=\"1284\">Vacuom\u00e8tre pour le contr\u00f4le de la d\u00e9pression<\/strong><\/p>\n<\/li>\n<li data-start=\"1287\" data-end=\"1322\">\n<p data-start=\"1289\" data-end=\"1322\"><strong data-start=\"1289\" data-end=\"1320\">Robinet \u00e0 vide de 1\/2&Prime;<\/strong><\/p>\n<\/li>\n<li data-start=\"1323\" data-end=\"1372\">\n<p data-start=\"1325\" data-end=\"1372\"><strong data-start=\"1325\" data-end=\"1370\">Seau \u00e0 lait en acier inoxydable de 30 litres<\/strong><\/p>\n<\/li>\n<li data-start=\"1373\" data-end=\"1429\">\n<p data-start=\"1375\" data-end=\"1429\"><strong data-start=\"1375\" data-end=\"1427\">Tuyauteries de traite de 2,5 m\u00e8tres par poste<\/strong><\/p>\n<\/li>\n<li data-start=\"1430\" data-end=\"1453\">\n<p data-start=\"1432\" data-end=\"1453\"><strong data-start=\"1432\" data-end=\"1453\">Certification CE<\/strong><\/p>\n<\/li>\n<\/ul>\n<hr data-start=\"1455\" data-end=\"1458\">\n<h2 data-start=\"1460\" data-end=\"1480\">\u00c9quipement inclus<\/h2>\n<p data-start=\"1482\" data-end=\"1583\">Pour garantir un entretien et une hygi\u00e8ne corrects du circuit lait, la trayeuse est fournie avec :<\/p>\n<ul data-start=\"1585\" data-end=\"1657\">\n<li data-start=\"1585\" data-end=\"1620\">\n<p data-start=\"1587\" data-end=\"1620\"><strong data-start=\"1587\" data-end=\"1620\">Set de goupillons pour le nettoyage<\/strong><\/p>\n<\/li>\n<li data-start=\"1621\" data-end=\"1657\">\n<p data-start=\"1623\" data-end=\"1657\"><strong data-start=\"1623\" data-end=\"1657\">D\u00e9tergent alcalin de 1 litre<\/strong><\/p>\n<\/li>\n<\/ul>\n<hr data-start=\"1659\" data-end=\"1662\">\n<h2 data-start=\"1664\" data-end=\"1687\">Options disponibles<\/h2>\n<p data-start=\"1689\" data-end=\"1755\">* <strong data-start=\"1692\" data-end=\"1755\">Pulsateur \u00e9lectronique avec carte interne 24VDC + centrale<\/strong><\/p>\n<h4 data-start=\"1954\" data-end=\"1993\">Revendeurs et distributeurs : demandez des informations <a href=\"https:\/\/fdasrl.it\/fr\/contact\/\">(CLIQUEZ ICI)<\/a><\/h4>\n<h4 data-start=\"1954\" data-end=\"1993\">\ud83d\uded2 Achetez-la en ligne <a href=\"https:\/\/fda-shop.it\/shop\/ovini-caprini\/ovini-caprini-mungitrici\/mungitrice-per-pecora-e-capra-due-gruppi-a-bagno-dolio#\/150-tipo-pecora\">(CLIQUEZ ICI)<\/a><\/h4>\n<\/div>\n","protected":false},"excerpt":{"rendered":"<p>Trayeuse mobile FA07149 pour ch\u00e8vres et brebis avec 2 postes de traite et pompe \u00e0 vide \u00e0 bain d&rsquo;huile de 250 L\/min. \u00c9quip\u00e9e d&rsquo;un seau \u00e0 lait inox de 30 L, manchons en polycarbonate et gaines silicone. Syst\u00e8me mobile, fiable et certifi\u00e9 CE, id\u00e9al pour la traite de deux animaux simultan\u00e9ment.  <\/p>\n","protected":false},"featured_media":1140,"comment_status":"open","ping_status":"closed","template":"","meta":{"_et_pb_use_builder":"","_et_pb_old_content":"","_et_gb_content_width":""},"product_brand":[],"product_cat":[393,392],"product_tag":[477],"class_list":{"0":"post-2143","1":"product","2":"type-product","3":"status-publish","4":"has-post-thumbnail","6":"product_cat-ovins-et-caprins","7":"product_cat-trayeuses-mobiles","8":"product_tag-477","10":"first","11":"instock","12":"shipping-taxable","13":"product-type-simple"},"yoast_head":"<!-- This site is optimized with the Yoast SEO Premium plugin v27.5 (Yoast SEO v27.5) - https:\/\/yoast.com\/product\/yoast-seo-premium-wordpress\/ -->\n<title>Trayeuse mobile ch\u00e8vres brebis 2 postes pompe \u00e0 bain d&#039;huile<\/title>\n<meta name=\"description\" content=\"D\u00e9couvrez la trayeuse ch\u00e8vres brebis 2 postes huile, id\u00e9ale pour des \u00e9levages pratiques et hygi\u00e9niques. Augmentez votre productivit\u00e9 avec cette machine !\" \/>\n<meta name=\"robots\" content=\"index, follow, max-snippet:-1, max-image-preview:large, max-video-preview:-1\" \/>\n<link rel=\"canonical\" href=\"https:\/\/fdasrl.it\/fr\/prodotto\/trayeuse-mobile-fa07149-pour-chevres-et-brebis-a-2-postes-avec-pompe-a-bain-dhuile\/\" \/>\n<meta property=\"og:locale\" content=\"fr_FR\" \/>\n<meta property=\"og:type\" content=\"article\" \/>\n<meta property=\"og:title\" content=\"Trayeuse mobile FA07149 pour ch\u00e8vres et brebis \u00e0 2 postes avec pompe \u00e0 bain d&#039;huile\" \/>\n<meta property=\"og:description\" content=\"D\u00e9couvrez la trayeuse ch\u00e8vres brebis 2 postes huile, id\u00e9ale pour des \u00e9levages pratiques et hygi\u00e9niques. Augmentez votre productivit\u00e9 avec cette machine !\" \/>\n<meta property=\"og:url\" content=\"https:\/\/fdasrl.it\/fr\/prodotto\/trayeuse-mobile-fa07149-pour-chevres-et-brebis-a-2-postes-avec-pompe-a-bain-dhuile\/\" \/>\n<meta property=\"og:site_name\" content=\"FDA srl\" \/>\n<meta property=\"article:publisher\" content=\"https:\/\/www.facebook.com\/share\/1MWhFWg1Tp\/?mibextid=LQQJ4d\" \/>\n<meta property=\"og:image\" content=\"https:\/\/fdasrl.it\/wp-content\/uploads\/2026\/03\/mungitrice-per-pecora-e-capra-due-gruppi-a-bagno-dolio.jpg\" \/>\n\t<meta property=\"og:image:width\" content=\"1100\" \/>\n\t<meta property=\"og:image:height\" content=\"919\" \/>\n\t<meta property=\"og:image:type\" content=\"image\/jpeg\" \/>\n<meta name=\"twitter:card\" content=\"summary_large_image\" \/>\n<meta name=\"twitter:label1\" content=\"Prix\" \/>\n\t<meta name=\"twitter:data1\" content=\"\" \/>\n\t<meta name=\"twitter:label2\" content=\"Disponibilit\u00e9\" \/>\n\t<meta name=\"twitter:data2\" content=\"En stock\" \/>\n<meta property=\"product:price:currency\" content=\"EUR\" \/>\n<meta property=\"og:availability\" content=\"instock\" \/>\n<meta property=\"product:availability\" content=\"instock\" \/>\n<meta property=\"product:retailer_item_id\" content=\"07149\" \/>\n<meta property=\"product:condition\" content=\"new\" \/>\n<!-- \/ Yoast SEO Premium plugin. -->","yoast_head_json":{"title":"Trayeuse mobile ch\u00e8vres brebis 2 postes pompe \u00e0 bain d'huile","description":"D\u00e9couvrez la trayeuse ch\u00e8vres brebis 2 postes huile, id\u00e9ale pour des \u00e9levages pratiques et hygi\u00e9niques. Augmentez votre productivit\u00e9 avec cette machine !","robots":{"index":"index","follow":"follow","max-snippet":"max-snippet:-1","max-image-preview":"max-image-preview:large","max-video-preview":"max-video-preview:-1"},"canonical":"https:\/\/fdasrl.it\/fr\/prodotto\/trayeuse-mobile-fa07149-pour-chevres-et-brebis-a-2-postes-avec-pompe-a-bain-dhuile\/","og_locale":"fr_FR","og_type":"article","og_title":"Trayeuse mobile FA07149 pour ch\u00e8vres et brebis \u00e0 2 postes avec pompe \u00e0 bain d'huile","og_description":"D\u00e9couvrez la trayeuse ch\u00e8vres brebis 2 postes huile, id\u00e9ale pour des \u00e9levages pratiques et hygi\u00e9niques. Augmentez votre productivit\u00e9 avec cette machine !","og_url":"https:\/\/fdasrl.it\/fr\/prodotto\/trayeuse-mobile-fa07149-pour-chevres-et-brebis-a-2-postes-avec-pompe-a-bain-dhuile\/","og_site_name":"FDA srl","article_publisher":"https:\/\/www.facebook.com\/share\/1MWhFWg1Tp\/?mibextid=LQQJ4d","og_image":[{"width":1100,"height":919,"url":"https:\/\/fdasrl.it\/wp-content\/uploads\/2026\/03\/mungitrice-per-pecora-e-capra-due-gruppi-a-bagno-dolio.jpg","type":"image\/jpeg"}],"twitter_card":"summary_large_image","twitter_misc":{"Prix":"","Disponibilit\u00e9":"En stock"},"schema":{"@context":"https:\/\/schema.org","@graph":[{"@type":"WebPage","@id":"https:\/\/fdasrl.it\/fr\/prodotto\/trayeuse-mobile-fa07149-pour-chevres-et-brebis-a-2-postes-avec-pompe-a-bain-dhuile\/","url":"https:\/\/fdasrl.it\/fr\/prodotto\/trayeuse-mobile-fa07149-pour-chevres-et-brebis-a-2-postes-avec-pompe-a-bain-dhuile\/","name":"Trayeuse mobile ch\u00e8vres brebis 2 postes pompe \u00e0 bain d'huile","isPartOf":{"@id":"https:\/\/fdasrl.it\/fr\/#website"},"primaryImageOfPage":{"@id":"https:\/\/fdasrl.it\/fr\/prodotto\/trayeuse-mobile-fa07149-pour-chevres-et-brebis-a-2-postes-avec-pompe-a-bain-dhuile\/#primaryimage"},"image":{"@id":"https:\/\/fdasrl.it\/fr\/prodotto\/trayeuse-mobile-fa07149-pour-chevres-et-brebis-a-2-postes-avec-pompe-a-bain-dhuile\/#primaryimage"},"thumbnailUrl":"https:\/\/fdasrl.it\/wp-content\/uploads\/2026\/03\/mungitrice-per-pecora-e-capra-due-gruppi-a-bagno-dolio.jpg","datePublished":"2026-03-04T09:14:16+00:00","description":"D\u00e9couvrez la trayeuse ch\u00e8vres brebis 2 postes huile, id\u00e9ale pour des \u00e9levages pratiques et hygi\u00e9niques. Augmentez votre productivit\u00e9 avec cette machine !","breadcrumb":{"@id":"https:\/\/fdasrl.it\/fr\/prodotto\/trayeuse-mobile-fa07149-pour-chevres-et-brebis-a-2-postes-avec-pompe-a-bain-dhuile\/#breadcrumb"},"inLanguage":"fr-FR","potentialAction":[{"@type":"ReadAction","target":["https:\/\/fdasrl.it\/fr\/prodotto\/trayeuse-mobile-fa07149-pour-chevres-et-brebis-a-2-postes-avec-pompe-a-bain-dhuile\/"]}]},{"@type":"ImageObject","inLanguage":"fr-FR","@id":"https:\/\/fdasrl.it\/fr\/prodotto\/trayeuse-mobile-fa07149-pour-chevres-et-brebis-a-2-postes-avec-pompe-a-bain-dhuile\/#primaryimage","url":"https:\/\/fdasrl.it\/wp-content\/uploads\/2026\/03\/mungitrice-per-pecora-e-capra-due-gruppi-a-bagno-dolio.jpg","contentUrl":"https:\/\/fdasrl.it\/wp-content\/uploads\/2026\/03\/mungitrice-per-pecora-e-capra-due-gruppi-a-bagno-dolio.jpg","width":1100,"height":919,"caption":"Trayeuse mobile pour ch\u00e8vres et brebis avec deux postes de traite et seau \u00e0 lait en acier inoxydable."},{"@type":"BreadcrumbList","@id":"https:\/\/fdasrl.it\/fr\/prodotto\/trayeuse-mobile-fa07149-pour-chevres-et-brebis-a-2-postes-avec-pompe-a-bain-dhuile\/#breadcrumb","itemListElement":[{"@type":"ListItem","position":1,"name":"Home","item":"https:\/\/fdasrl.it\/fr\/accueil\/"},{"@type":"ListItem","position":2,"name":"Boutique","item":"https:\/\/fdasrl.it\/fr\/boutique\/"},{"@type":"ListItem","position":3,"name":"Trayeuse mobile FA07149 pour ch\u00e8vres et brebis \u00e0 2 postes avec pompe \u00e0 bain d&#8217;huile"}]},{"@type":"WebSite","@id":"https:\/\/fdasrl.it\/fr\/#website","url":"https:\/\/fdasrl.it\/fr\/","name":"FDA srl","description":"Equipment for animal husbandry","publisher":{"@id":"https:\/\/fdasrl.it\/fr\/#organization"},"potentialAction":[{"@type":"SearchAction","target":{"@type":"EntryPoint","urlTemplate":"https:\/\/fdasrl.it\/fr\/?s={search_term_string}"},"query-input":{"@type":"PropertyValueSpecification","valueRequired":true,"valueName":"search_term_string"}}],"inLanguage":"fr-FR"},{"@type":"Organization","@id":"https:\/\/fdasrl.it\/fr\/#organization","name":"FDA srl","url":"https:\/\/fdasrl.it\/fr\/","logo":{"@type":"ImageObject","inLanguage":"fr-FR","@id":"https:\/\/fdasrl.it\/fr\/#\/schema\/logo\/image\/","url":"https:\/\/fdasrl.it\/wp-content\/uploads\/2024\/12\/Logo-FDA.png","contentUrl":"https:\/\/fdasrl.it\/wp-content\/uploads\/2024\/12\/Logo-FDA.png","width":316,"height":119,"caption":"FDA srl"},"image":{"@id":"https:\/\/fdasrl.it\/fr\/#\/schema\/logo\/image\/"},"sameAs":["https:\/\/www.facebook.com\/share\/1MWhFWg1Tp\/?mibextid=LQQJ4d","https:\/\/www.instagram.com\/fda_srl\/profilecard\/?igsh=YW5lbzJ6MWg0d21u","https:\/\/www.youtube.com\/@FDASRL_ANIMALCARE"],"description":"FDA SRL \u2013 Equipment for animal husbandry nasce con l\u2019obiettivo di offrire soluzioni affidabili e innovative per l\u2019allevamento moderno. Con anni di esperienza nel settore zootecnico, progettiamo e realizziamo attrezzature destinate al benessere animale e alla gestione efficiente delle stalle: vasche, abbeveratoi, mangiatoie e sistemi di riscaldamento pensati per durare nel tempo e semplificare il lavoro quotidiano degli allevatori. Dalla progettazione alla produzione, ogni nostro prodotto \u00e8 studiato nei minimi dettagli, testato con cura e costruito per rispondere alle esigenze reali del settore. La nostra forza \u00e8 unire artigianalit\u00e0, tecnologia e competenza tecnica per trasformare ogni progetto in una soluzione concreta e funzionale. Oggi FDA SRL \u00e8 un punto di riferimento per privati e rivenditori che cercano qualit\u00e0, affidabilit\u00e0 e innovazione nelle attrezzature per l\u2019allevamento.","email":"info@fdasrl.it","telephone":"+390522826820","legalName":"F.D.A. SRL","foundingDate":"2024-10-13","vatID":"03075840359","taxID":"03075840359","numberOfEmployees":{"@type":"QuantitativeValue","minValue":"1","maxValue":"10"}}]},"product_price_currency":"EUR","og_availability":"instock","product_availability":"instock","product_retailer_item_id":"07149","product_condition":"new"},"_links":{"self":[{"href":"https:\/\/fdasrl.it\/fr\/wp-json\/wp\/v2\/product\/2143","targetHints":{"allow":["GET"]}}],"collection":[{"href":"https:\/\/fdasrl.it\/fr\/wp-json\/wp\/v2\/product"}],"about":[{"href":"https:\/\/fdasrl.it\/fr\/wp-json\/wp\/v2\/types\/product"}],"replies":[{"embeddable":true,"href":"https:\/\/fdasrl.it\/fr\/wp-json\/wp\/v2\/comments?post=2143"}],"wp:featuredmedia":[{"embeddable":true,"href":"https:\/\/fdasrl.it\/fr\/wp-json\/wp\/v2\/media\/1140"}],"wp:attachment":[{"href":"https:\/\/fdasrl.it\/fr\/wp-json\/wp\/v2\/media?parent=2143"}],"wp:term":[{"taxonomy":"product_brand","embeddable":true,"href":"https:\/\/fdasrl.it\/fr\/wp-json\/wp\/v2\/product_brand?post=2143"},{"taxonomy":"product_cat","embeddable":true,"href":"https:\/\/fdasrl.it\/fr\/wp-json\/wp\/v2\/product_cat?post=2143"},{"taxonomy":"product_tag","embeddable":true,"href":"https:\/\/fdasrl.it\/fr\/wp-json\/wp\/v2\/product_tag?post=2143"}],"curies":[{"name":"wp","href":"https:\/\/api.w.org\/{rel}","templated":true}]}}