{"id":2180,"date":"2025-01-21T12:21:04","date_gmt":"2025-01-21T11:21:04","guid":{"rendered":"https:\/\/fdasrl.it\/prodotto\/fda-m6200p-machine-a-traire-pour-chevres-brebis-4-postes\/"},"modified":"2025-01-21T12:21:04","modified_gmt":"2025-01-21T11:21:04","slug":"fda-m6200p-machine-a-traire-pour-chevres-brebis-4-postes","status":"publish","type":"product","link":"https:\/\/fdasrl.it\/fr\/prodotto\/fda-m6200p-machine-a-traire-pour-chevres-brebis-4-postes\/","title":{"rendered":"FDA-M6200P-MACHINE \u00c0 TRAIRE POUR CH\u00c8VRES \/ BREBIS 4 POSTES"},"content":{"rendered":"<div>\n<h3 data-start=\"306\" data-end=\"418\">\ud83d\udc10\ud83d\udc11 <strong data-start=\"315\" data-end=\"418\">Machine \u00e0 traire \u00e9lectrique pour ch\u00e8vres ou brebis \u00e0 4 postes \u2013 FDA-M6200P &#8211; Pompe \u00e0 sec 280\/400 l \u2013 Seau inox de 40 l<\/strong><\/h3>\n<p data-start=\"420\" data-end=\"773\">Machine \u00e0 traire professionnelle \u00e0 <strong data-start=\"447\" data-end=\"469\">4 postes de traite FDA<\/strong>, con\u00e7ue pour la traite rapide et simultan\u00e9e de plusieurs t\u00eates de ch\u00e8vres ou de brebis.<br data-start=\"549\" data-end=\"552\">\u00c9quip\u00e9e d\u2019une <strong data-start=\"562\" data-end=\"607\">pompe \u00e0 vide \u00e0 sec (280 ou 400 l\/min)<\/strong>, d\u2019un <strong data-start=\"609\" data-end=\"632\">r\u00e9servoir \u00e0 vide<\/strong>, d\u2019un <strong data-start=\"634\" data-end=\"658\">moteur monophas\u00e9 220V<\/strong> et d\u2019un <strong data-start=\"662\" data-end=\"701\">seau en acier inoxydable de 40 litres<\/strong>, elle garantit <strong data-start=\"714\" data-end=\"748\">efficacit\u00e9, hygi\u00e8ne et praticit\u00e9<\/strong> \u00e0 chaque phase de travail.<\/p>\n<p data-start=\"775\" data-end=\"889\">Cette machine est id\u00e9ale pour les \u00e9levages structur\u00e9s n\u00e9cessitant rapidit\u00e9, capacit\u00e9 et fiabilit\u00e9 maximale.<\/p>\n<hr data-start=\"891\" data-end=\"894\">\n<h3 data-start=\"896\" data-end=\"932\">\u2699\ufe0f <strong data-start=\"903\" data-end=\"932\">Caract\u00e9ristiques techniques :<\/strong><\/h3>\n<ul data-start=\"933\" data-end=\"1280\">\n<li data-start=\"933\" data-end=\"990\">\n<p data-start=\"935\" data-end=\"990\"><strong data-start=\"935\" data-end=\"962\">Pompe \u00e0 vide \u00e0 sec<\/strong> de 280 ou 400 litres\/minute<\/p>\n<\/li>\n<li data-start=\"991\" data-end=\"1039\">\n<p data-start=\"993\" data-end=\"1039\"><strong data-start=\"993\" data-end=\"1022\">Moteur \u00e9lectrique monophas\u00e9<\/strong> 220V \u2013 0,55 kW<\/p>\n<\/li>\n<li data-start=\"1040\" data-end=\"1093\">\n<p data-start=\"1042\" data-end=\"1093\"><strong data-start=\"1042\" data-end=\"1065\">R\u00e9servoir \u00e0 vide<\/strong> int\u00e9gr\u00e9 et inspectable<\/p>\n<\/li>\n<li data-start=\"1094\" data-end=\"1137\">\n<p data-start=\"1096\" data-end=\"1137\"><strong data-start=\"1096\" data-end=\"1123\">Seau en acier inoxydable<\/strong> de 40 litres<\/p>\n<\/li>\n<li data-start=\"1138\" data-end=\"1188\">\n<p data-start=\"1140\" data-end=\"1188\"><strong data-start=\"1140\" data-end=\"1158\">Tuyaux de traite<\/strong> de 2,5 m pour chaque poste<\/p>\n<\/li>\n<li data-start=\"1189\" data-end=\"1234\">\n<p data-start=\"1191\" data-end=\"1234\"><strong data-start=\"1191\" data-end=\"1224\">Jeu d\u2019\u00e9couvillons de nettoyage<\/strong> inclus<\/p>\n<\/li>\n<li data-start=\"1235\" data-end=\"1280\">\n<p data-start=\"1237\" data-end=\"1280\"><strong data-start=\"1237\" data-end=\"1258\">Certification CE<\/strong> pour usage professionnel<\/p>\n<\/li>\n<\/ul>\n<hr data-start=\"1282\" data-end=\"1285\">\n<h3 data-start=\"1287\" data-end=\"1316\">\ud83e\uddf0 <strong data-start=\"1294\" data-end=\"1316\">Accessoires inclus :<\/strong><\/h3>\n<ul data-start=\"1317\" data-end=\"1745\">\n<li data-start=\"1317\" data-end=\"1386\">\n<p data-start=\"1319\" data-end=\"1386\">4 postes de traite complets pour <strong data-start=\"1351\" data-end=\"1360\">ch\u00e8vres<\/strong> ou <strong data-start=\"1363\" data-end=\"1373\">brebis<\/strong> (au choix)<\/p>\n<\/li>\n<li data-start=\"1387\" data-end=\"1431\">\n<p data-start=\"1389\" data-end=\"1431\">Valves semi-automatiques pour chaque poste<\/p>\n<\/li>\n<li data-start=\"1432\" data-end=\"1475\">\n<p data-start=\"1434\" data-end=\"1475\">Collecteurs sp\u00e9cifiques pour ch\u00e8vre ou brebis<\/p>\n<\/li>\n<li data-start=\"1476\" data-end=\"1500\">\n<p data-start=\"1478\" data-end=\"1500\">Pulsateurs pneumatiques<\/p>\n<\/li>\n<li data-start=\"1501\" data-end=\"1540\">\n<p data-start=\"1503\" data-end=\"1540\">Palettes en graphite autolubrifiantes<\/p>\n<\/li>\n<li data-start=\"1541\" data-end=\"1579\">\n<p data-start=\"1543\" data-end=\"1579\">Vacuom\u00e8tre pour le contr\u00f4le du vide<\/p>\n<\/li>\n<li data-start=\"1580\" data-end=\"1621\">\n<p data-start=\"1582\" data-end=\"1621\">Robinet 1\/2&Prime; pour la gestion du vide<\/p>\n<\/li>\n<li data-start=\"1622\" data-end=\"1653\">\n<p data-start=\"1624\" data-end=\"1653\">Manchon en silicone + gobelets<\/p>\n<\/li>\n<li data-start=\"1654\" data-end=\"1690\">\n<p data-start=\"1656\" data-end=\"1690\">Vanne de r\u00e9gulation du vide<\/p>\n<\/li>\n<li data-start=\"1691\" data-end=\"1745\">\n<p data-start=\"1693\" data-end=\"1745\">Pompe \u00e0 vide 280 ou 400 l\/min avec moteur \u00e9lectrique<\/p>\n<\/li>\n<\/ul>\n<hr data-start=\"1747\" data-end=\"1750\">\n<h3 data-start=\"1752\" data-end=\"1774\">\ud83c\udfaf <strong data-start=\"1759\" data-end=\"1774\">Id\u00e9ale pour :<\/strong><\/h3>\n<ul data-start=\"1775\" data-end=\"1947\">\n<li data-start=\"1775\" data-end=\"1824\">\n<p data-start=\"1777\" data-end=\"1824\">Traite rapide de 4 t\u00eates simultan\u00e9ment<\/p>\n<\/li>\n<li data-start=\"1825\" data-end=\"1885\">\n<p data-start=\"1827\" data-end=\"1885\">\u00c9leveurs de ch\u00e8vres ou de brebis de moyenne\/grande taille<\/p>\n<\/li>\n<li data-start=\"1886\" data-end=\"1947\">\n<p data-start=\"1888\" data-end=\"1947\">Pour ceux qui recherchent une machine \u00e0 traire <strong data-start=\"1913\" data-end=\"1945\">puissante, compl\u00e8te et durable<\/strong><\/p>\n<\/li>\n<\/ul>\n<hr data-start=\"1949\" data-end=\"1952\">\n<h3 data-start=\"1954\" data-end=\"1993\">\ud83d\uded2 <strong data-start=\"1961\" data-end=\"1993\">Disponible en deux versions :<\/strong><\/h3>\n<ul data-start=\"1994\" data-end=\"2080\">\n<li data-start=\"1994\" data-end=\"2037\">\n<p data-start=\"1996\" data-end=\"2037\">\u2705 [<strong data-start=\"1999\" data-end=\"2021\">Version pour ch\u00e8vres<\/strong> \u2013 <a href=\"https:\/\/fda-shop.it\/shop\/mungitura\/mungitrici-carrellate\/mungitrice-capra\/mungitrice-capre-quattro-gruppi-mungitura#\/261-tipo-motore_standard_280_litri\">cliquez ici<\/a>]<\/p>\n<\/li>\n<li data-start=\"2038\" data-end=\"2080\">\n<p data-start=\"2040\" data-end=\"2080\">\u2705 [<strong data-start=\"2043\" data-end=\"2066\">Version pour brebis<\/strong> \u2013 <a href=\"https:\/\/fda-shop.it\/shop\/mungitura\/mungitrici-carrellate\/mungitrice-pecore\/mungitrice-pecora-quattro-gruppi-mungitura#\/261-tipo-motore_standard_280_litri\">cliquez ici<\/a>]<\/p>\n<\/li>\n<\/ul>\n<\/div>\n","protected":false},"excerpt":{"rendered":"<p>Machine \u00e0 traire \u00e9lectrique 4 postes pour ch\u00e8vres ou brebis, avec pompe \u00e0 sec de 280 ou 400 l\/min, seau inox de 40 l et accessoires inclus. Id\u00e9ale pour la traite professionnelle. <\/p>\n","protected":false},"featured_media":425,"comment_status":"open","ping_status":"closed","template":"","meta":{"_et_pb_use_builder":"","_et_pb_old_content":"","_et_gb_content_width":""},"product_brand":[],"product_cat":[393,392],"product_tag":[483],"class_list":{"0":"post-2180","1":"product","2":"type-product","3":"status-publish","4":"has-post-thumbnail","6":"product_cat-ovins-et-caprins","7":"product_cat-trayeuses-mobiles","8":"product_tag-m6200p","10":"first","11":"instock","12":"shipping-taxable","13":"product-type-simple"},"yoast_head":"<!-- This site is optimized with the Yoast SEO Premium plugin v27.5 (Yoast SEO v27.5) - https:\/\/yoast.com\/product\/yoast-seo-premium-wordpress\/ -->\n<title>Machine \u00e0 traire \u00e9lectrique 4 postes ch\u00e8vres brebis id\u00e9ale pour \u00e9levages - FDA srl<\/title>\n<meta name=\"description\" content=\"D\u00e9couvrez la machine \u00e0 traire \u00e9lectrique 4 postes ch\u00e8vres brebis FDA, con\u00e7ue pour une traite rapide et hygi\u00e9nique. Efficacit\u00e9 et praticit\u00e9 \u00e0 chaque \u00e9tape !\" \/>\n<meta name=\"robots\" content=\"index, follow, max-snippet:-1, max-image-preview:large, max-video-preview:-1\" \/>\n<link rel=\"canonical\" href=\"https:\/\/fdasrl.it\/fr\/prodotto\/fda-m6200p-machine-a-traire-pour-chevres-brebis-4-postes\/\" \/>\n<meta property=\"og:locale\" content=\"fr_FR\" \/>\n<meta property=\"og:type\" content=\"article\" \/>\n<meta property=\"og:title\" content=\"FDA-M6200P-MACHINE \u00c0 TRAIRE POUR CH\u00c8VRES \/ BREBIS 4 POSTES\" \/>\n<meta property=\"og:description\" content=\"D\u00e9couvrez la machine \u00e0 traire \u00e9lectrique 4 postes ch\u00e8vres brebis FDA, con\u00e7ue pour une traite rapide et hygi\u00e9nique. Efficacit\u00e9 et praticit\u00e9 \u00e0 chaque \u00e9tape !\" \/>\n<meta property=\"og:url\" content=\"https:\/\/fdasrl.it\/fr\/prodotto\/fda-m6200p-machine-a-traire-pour-chevres-brebis-4-postes\/\" \/>\n<meta property=\"og:site_name\" content=\"FDA srl\" \/>\n<meta property=\"article:publisher\" content=\"https:\/\/www.facebook.com\/share\/1MWhFWg1Tp\/?mibextid=LQQJ4d\" \/>\n<meta property=\"og:image\" content=\"https:\/\/fdasrl.it\/wp-content\/uploads\/2025\/01\/m6200P_1.jpg\" \/>\n\t<meta property=\"og:image:width\" content=\"800\" \/>\n\t<meta property=\"og:image:height\" content=\"737\" \/>\n\t<meta property=\"og:image:type\" content=\"image\/jpeg\" \/>\n<meta name=\"twitter:card\" content=\"summary_large_image\" \/>\n<meta name=\"twitter:label1\" content=\"Prix\" \/>\n\t<meta name=\"twitter:data1\" content=\"\" \/>\n\t<meta name=\"twitter:label2\" content=\"Disponibilit\u00e9\" \/>\n\t<meta name=\"twitter:data2\" content=\"En stock\" \/>\n<meta property=\"product:price:currency\" content=\"EUR\" \/>\n<meta property=\"og:availability\" content=\"instock\" \/>\n<meta property=\"product:availability\" content=\"instock\" \/>\n<meta property=\"product:retailer_item_id\" content=\"FDA-M6200P\" \/>\n<meta property=\"product:condition\" content=\"new\" \/>\n<!-- \/ Yoast SEO Premium plugin. -->","yoast_head_json":{"title":"Machine \u00e0 traire \u00e9lectrique 4 postes ch\u00e8vres brebis id\u00e9ale pour \u00e9levages - FDA srl","description":"D\u00e9couvrez la machine \u00e0 traire \u00e9lectrique 4 postes ch\u00e8vres brebis FDA, con\u00e7ue pour une traite rapide et hygi\u00e9nique. Efficacit\u00e9 et praticit\u00e9 \u00e0 chaque \u00e9tape !","robots":{"index":"index","follow":"follow","max-snippet":"max-snippet:-1","max-image-preview":"max-image-preview:large","max-video-preview":"max-video-preview:-1"},"canonical":"https:\/\/fdasrl.it\/fr\/prodotto\/fda-m6200p-machine-a-traire-pour-chevres-brebis-4-postes\/","og_locale":"fr_FR","og_type":"article","og_title":"FDA-M6200P-MACHINE \u00c0 TRAIRE POUR CH\u00c8VRES \/ BREBIS 4 POSTES","og_description":"D\u00e9couvrez la machine \u00e0 traire \u00e9lectrique 4 postes ch\u00e8vres brebis FDA, con\u00e7ue pour une traite rapide et hygi\u00e9nique. Efficacit\u00e9 et praticit\u00e9 \u00e0 chaque \u00e9tape !","og_url":"https:\/\/fdasrl.it\/fr\/prodotto\/fda-m6200p-machine-a-traire-pour-chevres-brebis-4-postes\/","og_site_name":"FDA srl","article_publisher":"https:\/\/www.facebook.com\/share\/1MWhFWg1Tp\/?mibextid=LQQJ4d","og_image":[{"width":800,"height":737,"url":"https:\/\/fdasrl.it\/wp-content\/uploads\/2025\/01\/m6200P_1.jpg","type":"image\/jpeg"}],"twitter_card":"summary_large_image","twitter_misc":{"Prix":"","Disponibilit\u00e9":"En stock"},"schema":{"@context":"https:\/\/schema.org","@graph":[{"@type":"WebPage","@id":"https:\/\/fdasrl.it\/fr\/prodotto\/fda-m6200p-machine-a-traire-pour-chevres-brebis-4-postes\/","url":"https:\/\/fdasrl.it\/fr\/prodotto\/fda-m6200p-machine-a-traire-pour-chevres-brebis-4-postes\/","name":"Machine \u00e0 traire \u00e9lectrique 4 postes ch\u00e8vres brebis id\u00e9ale pour \u00e9levages - FDA srl","isPartOf":{"@id":"https:\/\/fdasrl.it\/fr\/#website"},"primaryImageOfPage":{"@id":"https:\/\/fdasrl.it\/fr\/prodotto\/fda-m6200p-machine-a-traire-pour-chevres-brebis-4-postes\/#primaryimage"},"image":{"@id":"https:\/\/fdasrl.it\/fr\/prodotto\/fda-m6200p-machine-a-traire-pour-chevres-brebis-4-postes\/#primaryimage"},"thumbnailUrl":"https:\/\/fdasrl.it\/wp-content\/uploads\/2025\/01\/m6200P_1.jpg","datePublished":"2025-01-21T11:21:04+00:00","description":"D\u00e9couvrez la machine \u00e0 traire \u00e9lectrique 4 postes ch\u00e8vres brebis FDA, con\u00e7ue pour une traite rapide et hygi\u00e9nique. Efficacit\u00e9 et praticit\u00e9 \u00e0 chaque \u00e9tape !","breadcrumb":{"@id":"https:\/\/fdasrl.it\/fr\/prodotto\/fda-m6200p-machine-a-traire-pour-chevres-brebis-4-postes\/#breadcrumb"},"inLanguage":"fr-FR","potentialAction":[{"@type":"ReadAction","target":["https:\/\/fdasrl.it\/fr\/prodotto\/fda-m6200p-machine-a-traire-pour-chevres-brebis-4-postes\/"]}]},{"@type":"ImageObject","inLanguage":"fr-FR","@id":"https:\/\/fdasrl.it\/fr\/prodotto\/fda-m6200p-machine-a-traire-pour-chevres-brebis-4-postes\/#primaryimage","url":"https:\/\/fdasrl.it\/wp-content\/uploads\/2025\/01\/m6200P_1.jpg","contentUrl":"https:\/\/fdasrl.it\/wp-content\/uploads\/2025\/01\/m6200P_1.jpg","width":800,"height":737,"caption":"MACHINE \u00c0 TRAIRE POUR CH\u00c8VRES \/ BREBIS \u00c0 4 POSTES FDA SRL"},{"@type":"BreadcrumbList","@id":"https:\/\/fdasrl.it\/fr\/prodotto\/fda-m6200p-machine-a-traire-pour-chevres-brebis-4-postes\/#breadcrumb","itemListElement":[{"@type":"ListItem","position":1,"name":"Home","item":"https:\/\/fdasrl.it\/fr\/accueil\/"},{"@type":"ListItem","position":2,"name":"Boutique","item":"https:\/\/fdasrl.it\/fr\/boutique\/"},{"@type":"ListItem","position":3,"name":"FDA-M6200P-MACHINE \u00c0 TRAIRE POUR CH\u00c8VRES \/ BREBIS 4 POSTES"}]},{"@type":"WebSite","@id":"https:\/\/fdasrl.it\/fr\/#website","url":"https:\/\/fdasrl.it\/fr\/","name":"FDA srl","description":"Equipment for animal husbandry","publisher":{"@id":"https:\/\/fdasrl.it\/fr\/#organization"},"potentialAction":[{"@type":"SearchAction","target":{"@type":"EntryPoint","urlTemplate":"https:\/\/fdasrl.it\/fr\/?s={search_term_string}"},"query-input":{"@type":"PropertyValueSpecification","valueRequired":true,"valueName":"search_term_string"}}],"inLanguage":"fr-FR"},{"@type":"Organization","@id":"https:\/\/fdasrl.it\/fr\/#organization","name":"FDA srl","url":"https:\/\/fdasrl.it\/fr\/","logo":{"@type":"ImageObject","inLanguage":"fr-FR","@id":"https:\/\/fdasrl.it\/fr\/#\/schema\/logo\/image\/","url":"https:\/\/fdasrl.it\/wp-content\/uploads\/2024\/12\/Logo-FDA.png","contentUrl":"https:\/\/fdasrl.it\/wp-content\/uploads\/2024\/12\/Logo-FDA.png","width":316,"height":119,"caption":"FDA srl"},"image":{"@id":"https:\/\/fdasrl.it\/fr\/#\/schema\/logo\/image\/"},"sameAs":["https:\/\/www.facebook.com\/share\/1MWhFWg1Tp\/?mibextid=LQQJ4d","https:\/\/www.instagram.com\/fda_srl\/profilecard\/?igsh=YW5lbzJ6MWg0d21u","https:\/\/www.youtube.com\/@FDASRL_ANIMALCARE"],"description":"FDA SRL \u2013 Equipment for animal husbandry nasce con l\u2019obiettivo di offrire soluzioni affidabili e innovative per l\u2019allevamento moderno. Con anni di esperienza nel settore zootecnico, progettiamo e realizziamo attrezzature destinate al benessere animale e alla gestione efficiente delle stalle: vasche, abbeveratoi, mangiatoie e sistemi di riscaldamento pensati per durare nel tempo e semplificare il lavoro quotidiano degli allevatori. Dalla progettazione alla produzione, ogni nostro prodotto \u00e8 studiato nei minimi dettagli, testato con cura e costruito per rispondere alle esigenze reali del settore. La nostra forza \u00e8 unire artigianalit\u00e0, tecnologia e competenza tecnica per trasformare ogni progetto in una soluzione concreta e funzionale. Oggi FDA SRL \u00e8 un punto di riferimento per privati e rivenditori che cercano qualit\u00e0, affidabilit\u00e0 e innovazione nelle attrezzature per l\u2019allevamento.","email":"info@fdasrl.it","telephone":"+390522826820","legalName":"F.D.A. SRL","foundingDate":"2024-10-13","vatID":"03075840359","taxID":"03075840359","numberOfEmployees":{"@type":"QuantitativeValue","minValue":"1","maxValue":"10"}}]},"product_price_currency":"EUR","og_availability":"instock","product_availability":"instock","product_retailer_item_id":"FDA-M6200P","product_condition":"new"},"_links":{"self":[{"href":"https:\/\/fdasrl.it\/fr\/wp-json\/wp\/v2\/product\/2180","targetHints":{"allow":["GET"]}}],"collection":[{"href":"https:\/\/fdasrl.it\/fr\/wp-json\/wp\/v2\/product"}],"about":[{"href":"https:\/\/fdasrl.it\/fr\/wp-json\/wp\/v2\/types\/product"}],"replies":[{"embeddable":true,"href":"https:\/\/fdasrl.it\/fr\/wp-json\/wp\/v2\/comments?post=2180"}],"wp:featuredmedia":[{"embeddable":true,"href":"https:\/\/fdasrl.it\/fr\/wp-json\/wp\/v2\/media\/425"}],"wp:attachment":[{"href":"https:\/\/fdasrl.it\/fr\/wp-json\/wp\/v2\/media?parent=2180"}],"wp:term":[{"taxonomy":"product_brand","embeddable":true,"href":"https:\/\/fdasrl.it\/fr\/wp-json\/wp\/v2\/product_brand?post=2180"},{"taxonomy":"product_cat","embeddable":true,"href":"https:\/\/fdasrl.it\/fr\/wp-json\/wp\/v2\/product_cat?post=2180"},{"taxonomy":"product_tag","embeddable":true,"href":"https:\/\/fdasrl.it\/fr\/wp-json\/wp\/v2\/product_tag?post=2180"}],"curies":[{"name":"wp","href":"https:\/\/api.w.org\/{rel}","templated":true}]}}