{"id":2210,"date":"2026-03-04T11:44:01","date_gmt":"2026-03-04T10:44:01","guid":{"rendered":"https:\/\/fdasrl.it\/prodotto\/moteur-electrique-avec-pompe-a-vide-a-bain-dhuile-facm20602-250-l-min-220v-055-kw\/"},"modified":"2026-03-04T11:44:01","modified_gmt":"2026-03-04T10:44:01","slug":"moteur-electrique-avec-pompe-a-vide-a-bain-dhuile-facm20602-250-l-min-220v-055-kw","status":"publish","type":"product","link":"https:\/\/fdasrl.it\/fr\/prodotto\/moteur-electrique-avec-pompe-a-vide-a-bain-dhuile-facm20602-250-l-min-220v-055-kw\/","title":{"rendered":"Moteur \u00e9lectrique avec pompe \u00e0 vide \u00e0 bain d&rsquo;huile FACM20602 &#8211; 250 L\/min \u2013 220V 0,55 kW"},"content":{"rendered":"<h1 data-start=\"136\" data-end=\"216\">Moteur \u00e9lectrique avec pompe \u00e0 vide \u00e0 bain d&rsquo;huile FACM20602 &#8211; 250 L\/min \u2013 220V 0,55 kW<\/h1>\n<p data-start=\"218\" data-end=\"415\">Le <strong data-start=\"221\" data-end=\"234\">FACM20602<\/strong> est un <strong data-start=\"240\" data-end=\"305\">moteur \u00e9lectrique avec pompe \u00e0 vide \u00e0 bain d&rsquo;huile int\u00e9gr\u00e9e<\/strong>, con\u00e7u pour les applications d&rsquo;\u00e9levage n\u00e9cessitant une <strong data-start=\"368\" data-end=\"414\">g\u00e9n\u00e9ration de vide fiable et continue<\/strong>.<\/p>\n<p data-start=\"417\" data-end=\"643\">Le groupe est compos\u00e9 d&rsquo;un <strong data-start=\"441\" data-end=\"493\">moteur \u00e9lectrique de 0,55 kW aliment\u00e9 en 220 VAC<\/strong>, coupl\u00e9 \u00e0 une <strong data-start=\"508\" data-end=\"580\">pompe \u00e0 vide lubrifi\u00e9e \u00e0 l&rsquo;huile avec syst\u00e8me \u00e0 cuvettes s\u00e9par\u00e9es<\/strong>, capable de garantir un <strong data-start=\"608\" data-end=\"642\">d\u00e9bit de 250 litres par minute<\/strong>.<\/p>\n<p data-start=\"645\" data-end=\"835\">Cette configuration assure un fonctionnement stable et des performances constantes, rendant le syst\u00e8me id\u00e9al pour les <strong data-start=\"756\" data-end=\"834\">installations de traite et \u00e9quipements destin\u00e9s au secteur de l&rsquo;\u00e9levage<\/strong>.<\/p>\n<hr data-start=\"837\" data-end=\"840\">\n<h2 data-start=\"842\" data-end=\"880\">Avantages du syst\u00e8me \u00e0 bain d&rsquo;huile<\/h2>\n<p data-start=\"882\" data-end=\"1021\">La lubrification \u00e0 l&rsquo;huile et le <strong data-start=\"913\" data-end=\"945\">syst\u00e8me \u00e0 cuvettes s\u00e9par\u00e9es<\/strong> contribuent \u00e0 am\u00e9liorer l&rsquo;efficacit\u00e9 et la dur\u00e9e de vie du syst\u00e8me, en offrant :<\/p>\n<ul data-start=\"1023\" data-end=\"1174\">\n<li data-start=\"1023\" data-end=\"1060\">\n<p data-start=\"1025\" data-end=\"1060\"><strong data-start=\"1025\" data-end=\"1060\">fiabilit\u00e9 op\u00e9rationnelle accrue<\/strong><\/p>\n<\/li>\n<li data-start=\"1061\" data-end=\"1097\">\n<p data-start=\"1063\" data-end=\"1097\"><strong data-start=\"1063\" data-end=\"1097\">r\u00e9duction de l&rsquo;usure m\u00e9canique<\/strong><\/p>\n<\/li>\n<li data-start=\"1098\" data-end=\"1137\">\n<p data-start=\"1100\" data-end=\"1137\"><strong data-start=\"1100\" data-end=\"1137\">fonctionnement r\u00e9gulier et continu<\/strong><\/p>\n<\/li>\n<li data-start=\"1138\" data-end=\"1174\">\n<p data-start=\"1140\" data-end=\"1174\"><strong data-start=\"1140\" data-end=\"1174\">performances constantes dans le temps<\/strong><\/p>\n<\/li>\n<\/ul>\n<p data-start=\"1176\" data-end=\"1362\">Gr\u00e2ce \u00e0 sa construction robuste, le <strong data-start=\"1216\" data-end=\"1229\">FACM20602<\/strong> repr\u00e9sente une solution compacte et fiable pour les syst\u00e8mes n\u00e9cessitant <strong data-start=\"1305\" data-end=\"1361\">stabilit\u00e9 d&rsquo;exploitation et continuit\u00e9 de fonctionnement<\/strong>.<\/p>\n<hr data-start=\"1364\" data-end=\"1367\">\n<h2 data-start=\"1369\" data-end=\"1396\">Caract\u00e9ristiques techniques<\/h2>\n<ul data-start=\"1398\" data-end=\"1590\">\n<li data-start=\"1398\" data-end=\"1424\">\n<p data-start=\"1400\" data-end=\"1424\"><strong data-start=\"1400\" data-end=\"1412\">Mod\u00e8le :<\/strong> FACM20602<\/p>\n<\/li>\n<li data-start=\"1425\" data-end=\"1451\">\n<p data-start=\"1427\" data-end=\"1451\"><strong data-start=\"1427\" data-end=\"1439\">D\u00e9bit :<\/strong> 250 L\/min<\/p>\n<\/li>\n<li data-start=\"1452\" data-end=\"1482\">\n<p data-start=\"1454\" data-end=\"1482\"><strong data-start=\"1454\" data-end=\"1472\">Alimentation :<\/strong> 220 VAC<\/p>\n<\/li>\n<li data-start=\"1483\" data-end=\"1517\">\n<p data-start=\"1485\" data-end=\"1517\"><strong data-start=\"1485\" data-end=\"1497\">Puissance :<\/strong> 0,55 kW (0,75 HP)<\/p>\n<\/li>\n<li data-start=\"1518\" data-end=\"1590\">\n<p data-start=\"1520\" data-end=\"1590\"><strong data-start=\"1520\" data-end=\"1532\">Syst\u00e8me :<\/strong> pompe \u00e0 vide \u00e0 bain d&rsquo;huile avec <strong data-start=\"1568\" data-end=\"1590\">cuvettes s\u00e9par\u00e9es<\/strong><\/p>\n<\/li>\n<\/ul>\n<p data-start=\"1592\" data-end=\"1676\">Con\u00e7u pour garantir une <strong data-start=\"1617\" data-end=\"1675\">longue dur\u00e9e de vie op\u00e9rationnelle et des performances stables dans le temps<\/strong>.<\/p>\n<p data-start=\"1592\" data-end=\"1676\">\n<h4 data-start=\"1954\" data-end=\"1993\">Revendeurs et distributeurs : demandez des informations <a href=\"https:\/\/fdasrl.it\/fr\/contact\/\">(CLIQUEZ ICI)<\/a><\/h4>\n<h4 data-start=\"1954\" data-end=\"1993\">\ud83d\uded2 Achetez-la en ligne <a href=\"https:\/\/fda-shop.it\/shop\/mungitura\/accessori-mungitrici\/motore-elettrico-con-pompa-del-vuoto-ad-olio-facm20602-250-lmin-220v-055-kw\">(CLIQUEZ ICI)<\/a><\/h4>\n","protected":false},"excerpt":{"rendered":"<p>Moteur \u00e9lectrique avec pompe \u00e0 vide \u00e0 bain d&rsquo;huile FACM20602 avec syst\u00e8me \u00e0 cuvettes s\u00e9par\u00e9es, d\u00e9bit 250 L\/min, alimentation 220V et puissance 0,55 kW. Id\u00e9al pour les installations de traite et applications d&rsquo;\u00e9levage n\u00e9cessitant une g\u00e9n\u00e9ration de vide fiable et continue. <\/p>\n","protected":false},"featured_media":1156,"comment_status":"open","ping_status":"closed","template":"","meta":{"_et_pb_use_builder":"","_et_pb_old_content":"","_et_gb_content_width":""},"product_brand":[],"product_cat":[488,392],"product_tag":[489],"class_list":{"0":"post-2210","1":"product","2":"type-product","3":"status-publish","4":"has-post-thumbnail","6":"product_cat-accessoires-machines-a-traire","7":"product_cat-trayeuses-mobiles","8":"product_tag-facm20602","10":"first","11":"instock","12":"shipping-taxable","13":"product-type-simple"},"yoast_head":"<!-- This site is optimized with the Yoast SEO Premium plugin v27.5 (Yoast SEO v27.5) - https:\/\/yoast.com\/product\/yoast-seo-premium-wordpress\/ -->\n<title>Pompe \u00e0 vide \u00e0 bain d&#039;huile 250 l\/min pour machine \u00e0 traire<\/title>\n<meta name=\"description\" content=\"D\u00e9couvrez la puissance du FACM20602, avec une pompe \u00e0 vide \u00e0 bain d&#039;huile de 250 l\/min pour machine \u00e0 traire. Fiabilit\u00e9 et performances \u00e9lev\u00e9es pour l&#039;\u00e9levage !\" \/>\n<meta name=\"robots\" content=\"index, follow, max-snippet:-1, max-image-preview:large, max-video-preview:-1\" \/>\n<link rel=\"canonical\" href=\"https:\/\/fdasrl.it\/fr\/prodotto\/moteur-electrique-avec-pompe-a-vide-a-bain-dhuile-facm20602-250-l-min-220v-055-kw\/\" \/>\n<meta property=\"og:locale\" content=\"fr_FR\" \/>\n<meta property=\"og:type\" content=\"article\" \/>\n<meta property=\"og:title\" content=\"Moteur \u00e9lectrique avec pompe \u00e0 vide \u00e0 bain d&#039;huile FACM20602 - 250 L\/min \u2013 220V 0,55 kW\" \/>\n<meta property=\"og:description\" content=\"D\u00e9couvrez la puissance du FACM20602, avec une pompe \u00e0 vide \u00e0 bain d&#039;huile de 250 l\/min pour machine \u00e0 traire. Fiabilit\u00e9 et performances \u00e9lev\u00e9es pour l&#039;\u00e9levage !\" \/>\n<meta property=\"og:url\" content=\"https:\/\/fdasrl.it\/fr\/prodotto\/moteur-electrique-avec-pompe-a-vide-a-bain-dhuile-facm20602-250-l-min-220v-055-kw\/\" \/>\n<meta property=\"og:site_name\" content=\"FDA srl\" \/>\n<meta property=\"article:publisher\" content=\"https:\/\/www.facebook.com\/share\/1MWhFWg1Tp\/?mibextid=LQQJ4d\" \/>\n<meta property=\"og:image\" content=\"https:\/\/fdasrl.it\/wp-content\/uploads\/2026\/03\/motore-elettrico-con-pompa-del-vuoto-ad-olio-facm20602-250-lmin-220v-055-kw-2.webp\" \/>\n\t<meta property=\"og:image:width\" content=\"1024\" \/>\n\t<meta property=\"og:image:height\" content=\"1201\" \/>\n\t<meta property=\"og:image:type\" content=\"image\/webp\" \/>\n<meta name=\"twitter:card\" content=\"summary_large_image\" \/>\n<meta name=\"twitter:label1\" content=\"Prix\" \/>\n\t<meta name=\"twitter:data1\" content=\"\" \/>\n\t<meta name=\"twitter:label2\" content=\"Disponibilit\u00e9\" \/>\n\t<meta name=\"twitter:data2\" content=\"En stock\" \/>\n<meta property=\"product:price:currency\" content=\"EUR\" \/>\n<meta property=\"og:availability\" content=\"instock\" \/>\n<meta property=\"product:availability\" content=\"instock\" \/>\n<meta property=\"product:retailer_item_id\" content=\"FACM20602\" \/>\n<meta property=\"product:condition\" content=\"new\" \/>\n<!-- \/ Yoast SEO Premium plugin. -->","yoast_head_json":{"title":"Pompe \u00e0 vide \u00e0 bain d'huile 250 l\/min pour machine \u00e0 traire","description":"D\u00e9couvrez la puissance du FACM20602, avec une pompe \u00e0 vide \u00e0 bain d'huile de 250 l\/min pour machine \u00e0 traire. Fiabilit\u00e9 et performances \u00e9lev\u00e9es pour l'\u00e9levage !","robots":{"index":"index","follow":"follow","max-snippet":"max-snippet:-1","max-image-preview":"max-image-preview:large","max-video-preview":"max-video-preview:-1"},"canonical":"https:\/\/fdasrl.it\/fr\/prodotto\/moteur-electrique-avec-pompe-a-vide-a-bain-dhuile-facm20602-250-l-min-220v-055-kw\/","og_locale":"fr_FR","og_type":"article","og_title":"Moteur \u00e9lectrique avec pompe \u00e0 vide \u00e0 bain d'huile FACM20602 - 250 L\/min \u2013 220V 0,55 kW","og_description":"D\u00e9couvrez la puissance du FACM20602, avec une pompe \u00e0 vide \u00e0 bain d'huile de 250 l\/min pour machine \u00e0 traire. Fiabilit\u00e9 et performances \u00e9lev\u00e9es pour l'\u00e9levage !","og_url":"https:\/\/fdasrl.it\/fr\/prodotto\/moteur-electrique-avec-pompe-a-vide-a-bain-dhuile-facm20602-250-l-min-220v-055-kw\/","og_site_name":"FDA srl","article_publisher":"https:\/\/www.facebook.com\/share\/1MWhFWg1Tp\/?mibextid=LQQJ4d","og_image":[{"width":1024,"height":1201,"url":"https:\/\/fdasrl.it\/wp-content\/uploads\/2026\/03\/motore-elettrico-con-pompa-del-vuoto-ad-olio-facm20602-250-lmin-220v-055-kw-2.webp","type":"image\/webp"}],"twitter_card":"summary_large_image","twitter_misc":{"Prix":"","Disponibilit\u00e9":"En stock"},"schema":{"@context":"https:\/\/schema.org","@graph":[{"@type":"WebPage","@id":"https:\/\/fdasrl.it\/fr\/prodotto\/moteur-electrique-avec-pompe-a-vide-a-bain-dhuile-facm20602-250-l-min-220v-055-kw\/","url":"https:\/\/fdasrl.it\/fr\/prodotto\/moteur-electrique-avec-pompe-a-vide-a-bain-dhuile-facm20602-250-l-min-220v-055-kw\/","name":"Pompe \u00e0 vide \u00e0 bain d'huile 250 l\/min pour machine \u00e0 traire","isPartOf":{"@id":"https:\/\/fdasrl.it\/fr\/#website"},"primaryImageOfPage":{"@id":"https:\/\/fdasrl.it\/fr\/prodotto\/moteur-electrique-avec-pompe-a-vide-a-bain-dhuile-facm20602-250-l-min-220v-055-kw\/#primaryimage"},"image":{"@id":"https:\/\/fdasrl.it\/fr\/prodotto\/moteur-electrique-avec-pompe-a-vide-a-bain-dhuile-facm20602-250-l-min-220v-055-kw\/#primaryimage"},"thumbnailUrl":"https:\/\/fdasrl.it\/wp-content\/uploads\/2026\/03\/motore-elettrico-con-pompa-del-vuoto-ad-olio-facm20602-250-lmin-220v-055-kw-2.webp","datePublished":"2026-03-04T10:44:01+00:00","description":"D\u00e9couvrez la puissance du FACM20602, avec une pompe \u00e0 vide \u00e0 bain d'huile de 250 l\/min pour machine \u00e0 traire. Fiabilit\u00e9 et performances \u00e9lev\u00e9es pour l'\u00e9levage !","breadcrumb":{"@id":"https:\/\/fdasrl.it\/fr\/prodotto\/moteur-electrique-avec-pompe-a-vide-a-bain-dhuile-facm20602-250-l-min-220v-055-kw\/#breadcrumb"},"inLanguage":"fr-FR","potentialAction":[{"@type":"ReadAction","target":["https:\/\/fdasrl.it\/fr\/prodotto\/moteur-electrique-avec-pompe-a-vide-a-bain-dhuile-facm20602-250-l-min-220v-055-kw\/"]}]},{"@type":"ImageObject","inLanguage":"fr-FR","@id":"https:\/\/fdasrl.it\/fr\/prodotto\/moteur-electrique-avec-pompe-a-vide-a-bain-dhuile-facm20602-250-l-min-220v-055-kw\/#primaryimage","url":"https:\/\/fdasrl.it\/wp-content\/uploads\/2026\/03\/motore-elettrico-con-pompa-del-vuoto-ad-olio-facm20602-250-lmin-220v-055-kw-2.webp","contentUrl":"https:\/\/fdasrl.it\/wp-content\/uploads\/2026\/03\/motore-elettrico-con-pompa-del-vuoto-ad-olio-facm20602-250-lmin-220v-055-kw-2.webp","width":1024,"height":1201,"caption":"Moteur \u00e9lectrique avec pompe \u00e0 vide lubrifi\u00e9e \u00e0 l'huile pour machines \u00e0 traire."},{"@type":"BreadcrumbList","@id":"https:\/\/fdasrl.it\/fr\/prodotto\/moteur-electrique-avec-pompe-a-vide-a-bain-dhuile-facm20602-250-l-min-220v-055-kw\/#breadcrumb","itemListElement":[{"@type":"ListItem","position":1,"name":"Home","item":"https:\/\/fdasrl.it\/fr\/accueil\/"},{"@type":"ListItem","position":2,"name":"Boutique","item":"https:\/\/fdasrl.it\/fr\/boutique\/"},{"@type":"ListItem","position":3,"name":"Moteur \u00e9lectrique avec pompe \u00e0 vide \u00e0 bain d&#8217;huile FACM20602 &#8211; 250 L\/min \u2013 220V 0,55 kW"}]},{"@type":"WebSite","@id":"https:\/\/fdasrl.it\/fr\/#website","url":"https:\/\/fdasrl.it\/fr\/","name":"FDA srl","description":"Equipment for animal husbandry","publisher":{"@id":"https:\/\/fdasrl.it\/fr\/#organization"},"potentialAction":[{"@type":"SearchAction","target":{"@type":"EntryPoint","urlTemplate":"https:\/\/fdasrl.it\/fr\/?s={search_term_string}"},"query-input":{"@type":"PropertyValueSpecification","valueRequired":true,"valueName":"search_term_string"}}],"inLanguage":"fr-FR"},{"@type":"Organization","@id":"https:\/\/fdasrl.it\/fr\/#organization","name":"FDA srl","url":"https:\/\/fdasrl.it\/fr\/","logo":{"@type":"ImageObject","inLanguage":"fr-FR","@id":"https:\/\/fdasrl.it\/fr\/#\/schema\/logo\/image\/","url":"https:\/\/fdasrl.it\/wp-content\/uploads\/2024\/12\/Logo-FDA.png","contentUrl":"https:\/\/fdasrl.it\/wp-content\/uploads\/2024\/12\/Logo-FDA.png","width":316,"height":119,"caption":"FDA srl"},"image":{"@id":"https:\/\/fdasrl.it\/fr\/#\/schema\/logo\/image\/"},"sameAs":["https:\/\/www.facebook.com\/share\/1MWhFWg1Tp\/?mibextid=LQQJ4d","https:\/\/www.instagram.com\/fda_srl\/profilecard\/?igsh=YW5lbzJ6MWg0d21u","https:\/\/www.youtube.com\/@FDASRL_ANIMALCARE"],"description":"FDA SRL \u2013 Equipment for animal husbandry nasce con l\u2019obiettivo di offrire soluzioni affidabili e innovative per l\u2019allevamento moderno. Con anni di esperienza nel settore zootecnico, progettiamo e realizziamo attrezzature destinate al benessere animale e alla gestione efficiente delle stalle: vasche, abbeveratoi, mangiatoie e sistemi di riscaldamento pensati per durare nel tempo e semplificare il lavoro quotidiano degli allevatori. Dalla progettazione alla produzione, ogni nostro prodotto \u00e8 studiato nei minimi dettagli, testato con cura e costruito per rispondere alle esigenze reali del settore. La nostra forza \u00e8 unire artigianalit\u00e0, tecnologia e competenza tecnica per trasformare ogni progetto in una soluzione concreta e funzionale. Oggi FDA SRL \u00e8 un punto di riferimento per privati e rivenditori che cercano qualit\u00e0, affidabilit\u00e0 e innovazione nelle attrezzature per l\u2019allevamento.","email":"info@fdasrl.it","telephone":"+390522826820","legalName":"F.D.A. SRL","foundingDate":"2024-10-13","vatID":"03075840359","taxID":"03075840359","numberOfEmployees":{"@type":"QuantitativeValue","minValue":"1","maxValue":"10"}}]},"product_price_currency":"EUR","og_availability":"instock","product_availability":"instock","product_retailer_item_id":"FACM20602","product_condition":"new"},"_links":{"self":[{"href":"https:\/\/fdasrl.it\/fr\/wp-json\/wp\/v2\/product\/2210","targetHints":{"allow":["GET"]}}],"collection":[{"href":"https:\/\/fdasrl.it\/fr\/wp-json\/wp\/v2\/product"}],"about":[{"href":"https:\/\/fdasrl.it\/fr\/wp-json\/wp\/v2\/types\/product"}],"replies":[{"embeddable":true,"href":"https:\/\/fdasrl.it\/fr\/wp-json\/wp\/v2\/comments?post=2210"}],"wp:featuredmedia":[{"embeddable":true,"href":"https:\/\/fdasrl.it\/fr\/wp-json\/wp\/v2\/media\/1156"}],"wp:attachment":[{"href":"https:\/\/fdasrl.it\/fr\/wp-json\/wp\/v2\/media?parent=2210"}],"wp:term":[{"taxonomy":"product_brand","embeddable":true,"href":"https:\/\/fdasrl.it\/fr\/wp-json\/wp\/v2\/product_brand?post=2210"},{"taxonomy":"product_cat","embeddable":true,"href":"https:\/\/fdasrl.it\/fr\/wp-json\/wp\/v2\/product_cat?post=2210"},{"taxonomy":"product_tag","embeddable":true,"href":"https:\/\/fdasrl.it\/fr\/wp-json\/wp\/v2\/product_tag?post=2210"}],"curies":[{"name":"wp","href":"https:\/\/api.w.org\/{rel}","templated":true}]}}