{"id":2283,"date":"2026-03-05T16:00:57","date_gmt":"2026-03-05T15:00:57","guid":{"rendered":"https:\/\/fdasrl.it\/prodotto\/vanne-a-pendule-far17-pour-abreuvoirs\/"},"modified":"2026-03-05T16:00:57","modified_gmt":"2026-03-05T15:00:57","slug":"vanne-a-pendule-far17-pour-abreuvoirs","status":"publish","type":"product","link":"https:\/\/fdasrl.it\/fr\/prodotto\/vanne-a-pendule-far17-pour-abreuvoirs\/","title":{"rendered":"Vanne \u00e0 pendule FAR17 pour abreuvoirs"},"content":{"rendered":"<h2>Vanne \u00e0 pendule FAR17 pour abreuvoirs<\/h2>\n<p>La <strong>vanne \u00e0 pendule FAR17<\/strong> est con\u00e7ue pour de nombreux types d&rsquo;<strong>abreuvoirs dont les abreuvoirs FDA FA-BE et FA-BE MAX<\/strong> et est fabriqu\u00e9e en <strong>laiton<\/strong> pour garantir une r\u00e9sistance \u00e9lev\u00e9e et une longue dur\u00e9e de vie dans les environnements d&rsquo;\u00e9levage.<\/p>\n<p>Dot\u00e9e d&rsquo;un <strong>raccord filet\u00e9 m\u00e2le de 1\/2&Prime;<\/strong>, cette vanne assure un d\u00e9bit d&rsquo;eau \u00e9lev\u00e9 et un fonctionnement fiable m\u00eame en conditions d&rsquo;utilisation intensive.<\/p>\n<h3>Caract\u00e9ristiques principales<\/h3>\n<ul>\n<li>Corps en <strong>laiton r\u00e9sistant \u00e0 la corrosion<\/strong><\/li>\n<li><strong>Raccord filet\u00e9 m\u00e2le 1\/2&Prime;<\/strong><\/li>\n<li><strong>D\u00e9bit d&rsquo;eau \u00e9lev\u00e9<\/strong><\/li>\n<li>Compatible avec les <strong>abreuvoirs FA-BE et FA-BE MAX<\/strong><\/li>\n<li><strong>Pi\u00e8ce de rechange compl\u00e8te<\/strong> pr\u00eate \u00e0 l&rsquo;installation<\/li>\n<\/ul>\n<h3>Pression de service<\/h3>\n<p>Pression de travail :  <strong>de 0 \u00e0 5 bar<\/strong><\/p>\n<h3>D\u00e9bit d&rsquo;eau<\/h3>\n<ul>\n<li><strong>3 bar :<\/strong> 20 l\/min<\/li>\n<li><strong>4 bar :<\/strong> 23 l\/min<\/li>\n<li><strong>5 bar :<\/strong> 26 l\/min<\/li>\n<\/ul>\n<p>La vanne \u00e0 pendule FAR17 garantit une distribution efficace de l&rsquo;eau dans les abreuvoirs, contribuant \u00e0 r\u00e9duire le gaspillage et assurant aux animaux un acc\u00e8s constant \u00e0 l&rsquo;eau.<\/p>\n<p>\ud83d\udc49 Demandez un prix pour la revente : <a href=\"mailto:info@fdasrl.it\">CLIQUEZ ICI<\/a><\/p>\n","protected":false},"excerpt":{"rendered":"<p>La <strong data-start=\"26\" data-end=\"53\">vanne \u00e0 pendule FAR17<\/strong> est une pi\u00e8ce de rechange compl\u00e8te compatible avec de nombreux abreuvoirs dont les <strong data-start=\"81\" data-end=\"114\">abreuvoirs FA-BE et FA-BE MAX<\/strong>, fabriqu\u00e9e en <strong data-start=\"130\" data-end=\"140\">laiton<\/strong> pour garantir r\u00e9sistance et durabilit\u00e9 dans les environnements d&rsquo;\u00e9levage. Dot\u00e9e d&rsquo;un <strong data-start=\"212\" data-end=\"249\">raccord filet\u00e9 m\u00e2le de 1\/2&Prime;<\/strong>, elle assure un <strong data-start=\"260\" data-end=\"287\">d\u00e9bit d&rsquo;eau \u00e9lev\u00e9<\/strong> et un fonctionnement fiable avec une <strong data-start=\"319\" data-end=\"358\">pression de service de 0 \u00e0 5 bar<\/strong>. Id\u00e9ale pour garantir une distribution constante de l&rsquo;eau dans les abreuvoirs.  <\/p>\n","protected":false},"featured_media":1182,"comment_status":"open","ping_status":"closed","template":"","meta":{"_et_pb_use_builder":"","_et_pb_old_content":"","_et_gb_content_width":""},"product_brand":[],"product_cat":[523,524],"product_tag":[525],"class_list":{"0":"post-2283","1":"product","2":"type-product","3":"status-publish","4":"has-post-thumbnail","6":"product_cat-abreuvoirs","7":"product_cat-vannes-et-flotteurs","8":"product_tag-far17","10":"first","11":"instock","12":"shipping-taxable","13":"product-type-simple"},"yoast_head":"<!-- This site is optimized with the Yoast SEO Premium plugin v27.5 (Yoast SEO v27.5) - https:\/\/yoast.com\/product\/yoast-seo-premium-wordpress\/ -->\n<title>Vanne \u00e0 pendule pour abreuvoirs : d\u00e9bit \u00e9lev\u00e9<\/title>\n<meta name=\"description\" content=\"D\u00e9couvrez la vanne \u00e0 pendule pour abreuvoirs FAR17, con\u00e7ue pour durer dans le temps et garantir un d\u00e9bit d&#039;eau \u00e9lev\u00e9. D\u00e9couvrez-la maintenant !\" \/>\n<meta name=\"robots\" content=\"index, follow, max-snippet:-1, max-image-preview:large, max-video-preview:-1\" \/>\n<link rel=\"canonical\" href=\"https:\/\/fdasrl.it\/fr\/prodotto\/vanne-a-pendule-far17-pour-abreuvoirs\/\" \/>\n<meta property=\"og:locale\" content=\"fr_FR\" \/>\n<meta property=\"og:type\" content=\"article\" \/>\n<meta property=\"og:title\" content=\"Vanne \u00e0 pendule FAR17 pour abreuvoirs\" \/>\n<meta property=\"og:description\" content=\"D\u00e9couvrez la vanne \u00e0 pendule pour abreuvoirs FAR17, con\u00e7ue pour durer dans le temps et garantir un d\u00e9bit d&#039;eau \u00e9lev\u00e9. D\u00e9couvrez-la maintenant !\" \/>\n<meta property=\"og:url\" content=\"https:\/\/fdasrl.it\/fr\/prodotto\/vanne-a-pendule-far17-pour-abreuvoirs\/\" \/>\n<meta property=\"og:site_name\" content=\"FDA srl\" \/>\n<meta property=\"article:publisher\" content=\"https:\/\/www.facebook.com\/share\/1MWhFWg1Tp\/?mibextid=LQQJ4d\" \/>\n<meta property=\"og:image\" content=\"https:\/\/fdasrl.it\/wp-content\/uploads\/2026\/03\/valvola-pendolo-FAR17-elevata-portata-per-sito-1.jpg\" \/>\n\t<meta property=\"og:image:width\" content=\"530\" \/>\n\t<meta property=\"og:image:height\" content=\"482\" \/>\n\t<meta property=\"og:image:type\" content=\"image\/jpeg\" \/>\n<meta name=\"twitter:card\" content=\"summary_large_image\" \/>\n<meta name=\"twitter:label1\" content=\"Prix\" \/>\n\t<meta name=\"twitter:data1\" content=\"\" \/>\n\t<meta name=\"twitter:label2\" content=\"Disponibilit\u00e9\" \/>\n\t<meta name=\"twitter:data2\" content=\"En stock\" \/>\n<meta property=\"product:price:currency\" content=\"EUR\" \/>\n<meta property=\"og:availability\" content=\"instock\" \/>\n<meta property=\"product:availability\" content=\"instock\" \/>\n<meta property=\"product:retailer_item_id\" content=\"FAR17\" \/>\n<meta property=\"product:condition\" content=\"new\" \/>\n<!-- \/ Yoast SEO Premium plugin. -->","yoast_head_json":{"title":"Vanne \u00e0 pendule pour abreuvoirs : d\u00e9bit \u00e9lev\u00e9","description":"D\u00e9couvrez la vanne \u00e0 pendule pour abreuvoirs FAR17, con\u00e7ue pour durer dans le temps et garantir un d\u00e9bit d'eau \u00e9lev\u00e9. D\u00e9couvrez-la maintenant !","robots":{"index":"index","follow":"follow","max-snippet":"max-snippet:-1","max-image-preview":"max-image-preview:large","max-video-preview":"max-video-preview:-1"},"canonical":"https:\/\/fdasrl.it\/fr\/prodotto\/vanne-a-pendule-far17-pour-abreuvoirs\/","og_locale":"fr_FR","og_type":"article","og_title":"Vanne \u00e0 pendule FAR17 pour abreuvoirs","og_description":"D\u00e9couvrez la vanne \u00e0 pendule pour abreuvoirs FAR17, con\u00e7ue pour durer dans le temps et garantir un d\u00e9bit d'eau \u00e9lev\u00e9. D\u00e9couvrez-la maintenant !","og_url":"https:\/\/fdasrl.it\/fr\/prodotto\/vanne-a-pendule-far17-pour-abreuvoirs\/","og_site_name":"FDA srl","article_publisher":"https:\/\/www.facebook.com\/share\/1MWhFWg1Tp\/?mibextid=LQQJ4d","og_image":[{"width":530,"height":482,"url":"https:\/\/fdasrl.it\/wp-content\/uploads\/2026\/03\/valvola-pendolo-FAR17-elevata-portata-per-sito-1.jpg","type":"image\/jpeg"}],"twitter_card":"summary_large_image","twitter_misc":{"Prix":"","Disponibilit\u00e9":"En stock"},"schema":{"@context":"https:\/\/schema.org","@graph":[{"@type":"WebPage","@id":"https:\/\/fdasrl.it\/fr\/prodotto\/vanne-a-pendule-far17-pour-abreuvoirs\/","url":"https:\/\/fdasrl.it\/fr\/prodotto\/vanne-a-pendule-far17-pour-abreuvoirs\/","name":"Vanne \u00e0 pendule pour abreuvoirs : d\u00e9bit \u00e9lev\u00e9","isPartOf":{"@id":"https:\/\/fdasrl.it\/fr\/#website"},"primaryImageOfPage":{"@id":"https:\/\/fdasrl.it\/fr\/prodotto\/vanne-a-pendule-far17-pour-abreuvoirs\/#primaryimage"},"image":{"@id":"https:\/\/fdasrl.it\/fr\/prodotto\/vanne-a-pendule-far17-pour-abreuvoirs\/#primaryimage"},"thumbnailUrl":"https:\/\/fdasrl.it\/wp-content\/uploads\/2026\/03\/valvola-pendolo-FAR17-elevata-portata-per-sito-1.jpg","datePublished":"2026-03-05T15:00:57+00:00","description":"D\u00e9couvrez la vanne \u00e0 pendule pour abreuvoirs FAR17, con\u00e7ue pour durer dans le temps et garantir un d\u00e9bit d'eau \u00e9lev\u00e9. D\u00e9couvrez-la maintenant !","breadcrumb":{"@id":"https:\/\/fdasrl.it\/fr\/prodotto\/vanne-a-pendule-far17-pour-abreuvoirs\/#breadcrumb"},"inLanguage":"fr-FR","potentialAction":[{"@type":"ReadAction","target":["https:\/\/fdasrl.it\/fr\/prodotto\/vanne-a-pendule-far17-pour-abreuvoirs\/"]}]},{"@type":"ImageObject","inLanguage":"fr-FR","@id":"https:\/\/fdasrl.it\/fr\/prodotto\/vanne-a-pendule-far17-pour-abreuvoirs\/#primaryimage","url":"https:\/\/fdasrl.it\/wp-content\/uploads\/2026\/03\/valvola-pendolo-FAR17-elevata-portata-per-sito-1.jpg","contentUrl":"https:\/\/fdasrl.it\/wp-content\/uploads\/2026\/03\/valvola-pendolo-FAR17-elevata-portata-per-sito-1.jpg","width":530,"height":482,"caption":"Vanne \u00e0 pendule FAR17 \u00e0 d\u00e9bit \u00e9lev\u00e9 pour abreuvoirs automatiques."},{"@type":"BreadcrumbList","@id":"https:\/\/fdasrl.it\/fr\/prodotto\/vanne-a-pendule-far17-pour-abreuvoirs\/#breadcrumb","itemListElement":[{"@type":"ListItem","position":1,"name":"Home","item":"https:\/\/fdasrl.it\/fr\/accueil\/"},{"@type":"ListItem","position":2,"name":"Boutique","item":"https:\/\/fdasrl.it\/fr\/boutique\/"},{"@type":"ListItem","position":3,"name":"Vanne \u00e0 pendule FAR17 pour abreuvoirs"}]},{"@type":"WebSite","@id":"https:\/\/fdasrl.it\/fr\/#website","url":"https:\/\/fdasrl.it\/fr\/","name":"FDA srl","description":"Equipment for animal husbandry","publisher":{"@id":"https:\/\/fdasrl.it\/fr\/#organization"},"potentialAction":[{"@type":"SearchAction","target":{"@type":"EntryPoint","urlTemplate":"https:\/\/fdasrl.it\/fr\/?s={search_term_string}"},"query-input":{"@type":"PropertyValueSpecification","valueRequired":true,"valueName":"search_term_string"}}],"inLanguage":"fr-FR"},{"@type":"Organization","@id":"https:\/\/fdasrl.it\/fr\/#organization","name":"FDA srl","url":"https:\/\/fdasrl.it\/fr\/","logo":{"@type":"ImageObject","inLanguage":"fr-FR","@id":"https:\/\/fdasrl.it\/fr\/#\/schema\/logo\/image\/","url":"https:\/\/fdasrl.it\/wp-content\/uploads\/2024\/12\/Logo-FDA.png","contentUrl":"https:\/\/fdasrl.it\/wp-content\/uploads\/2024\/12\/Logo-FDA.png","width":316,"height":119,"caption":"FDA srl"},"image":{"@id":"https:\/\/fdasrl.it\/fr\/#\/schema\/logo\/image\/"},"sameAs":["https:\/\/www.facebook.com\/share\/1MWhFWg1Tp\/?mibextid=LQQJ4d","https:\/\/www.instagram.com\/fda_srl\/profilecard\/?igsh=YW5lbzJ6MWg0d21u","https:\/\/www.youtube.com\/@FDASRL_ANIMALCARE"],"description":"FDA SRL \u2013 Equipment for animal husbandry nasce con l\u2019obiettivo di offrire soluzioni affidabili e innovative per l\u2019allevamento moderno. Con anni di esperienza nel settore zootecnico, progettiamo e realizziamo attrezzature destinate al benessere animale e alla gestione efficiente delle stalle: vasche, abbeveratoi, mangiatoie e sistemi di riscaldamento pensati per durare nel tempo e semplificare il lavoro quotidiano degli allevatori. Dalla progettazione alla produzione, ogni nostro prodotto \u00e8 studiato nei minimi dettagli, testato con cura e costruito per rispondere alle esigenze reali del settore. La nostra forza \u00e8 unire artigianalit\u00e0, tecnologia e competenza tecnica per trasformare ogni progetto in una soluzione concreta e funzionale. Oggi FDA SRL \u00e8 un punto di riferimento per privati e rivenditori che cercano qualit\u00e0, affidabilit\u00e0 e innovazione nelle attrezzature per l\u2019allevamento.","email":"info@fdasrl.it","telephone":"+390522826820","legalName":"F.D.A. SRL","foundingDate":"2024-10-13","vatID":"03075840359","taxID":"03075840359","numberOfEmployees":{"@type":"QuantitativeValue","minValue":"1","maxValue":"10"}}]},"product_price_currency":"EUR","og_availability":"instock","product_availability":"instock","product_retailer_item_id":"FAR17","product_condition":"new"},"_links":{"self":[{"href":"https:\/\/fdasrl.it\/fr\/wp-json\/wp\/v2\/product\/2283","targetHints":{"allow":["GET"]}}],"collection":[{"href":"https:\/\/fdasrl.it\/fr\/wp-json\/wp\/v2\/product"}],"about":[{"href":"https:\/\/fdasrl.it\/fr\/wp-json\/wp\/v2\/types\/product"}],"replies":[{"embeddable":true,"href":"https:\/\/fdasrl.it\/fr\/wp-json\/wp\/v2\/comments?post=2283"}],"wp:featuredmedia":[{"embeddable":true,"href":"https:\/\/fdasrl.it\/fr\/wp-json\/wp\/v2\/media\/1182"}],"wp:attachment":[{"href":"https:\/\/fdasrl.it\/fr\/wp-json\/wp\/v2\/media?parent=2283"}],"wp:term":[{"taxonomy":"product_brand","embeddable":true,"href":"https:\/\/fdasrl.it\/fr\/wp-json\/wp\/v2\/product_brand?post=2283"},{"taxonomy":"product_cat","embeddable":true,"href":"https:\/\/fdasrl.it\/fr\/wp-json\/wp\/v2\/product_cat?post=2283"},{"taxonomy":"product_tag","embeddable":true,"href":"https:\/\/fdasrl.it\/fr\/wp-json\/wp\/v2\/product_tag?post=2283"}],"curies":[{"name":"wp","href":"https:\/\/api.w.org\/{rel}","templated":true}]}}