{"id":2336,"date":"2026-03-04T12:07:45","date_gmt":"2026-03-04T11:07:45","guid":{"rendered":"https:\/\/fdasrl.it\/prodotto\/moteur-electrique-avec-pompe-a-vide-a-bain-dhuile-facm20701-400-l-min-220v-110-kw\/"},"modified":"2026-03-04T12:07:45","modified_gmt":"2026-03-04T11:07:45","slug":"moteur-electrique-avec-pompe-a-vide-a-bain-dhuile-facm20701-400-l-min-220v-110-kw","status":"publish","type":"product","link":"https:\/\/fdasrl.it\/fr\/prodotto\/moteur-electrique-avec-pompe-a-vide-a-bain-dhuile-facm20701-400-l-min-220v-110-kw\/","title":{"rendered":"Moteur \u00e9lectrique avec pompe \u00e0 vide \u00e0 bain d&rsquo;huile FACM20701 400 L\/min \u2013 220V 1,10 kW"},"content":{"rendered":"<h1 data-start=\"109\" data-end=\"189\">Moteur \u00e9lectrique avec pompe \u00e0 vide \u00e0 bain d&rsquo;huile FACM20701 400 L\/min \u2013 220V 1,10 kW<\/h1>\n<p data-start=\"191\" data-end=\"388\">Le <strong data-start=\"194\" data-end=\"207\">FACM20701<\/strong> est un <strong data-start=\"213\" data-end=\"278\">moteur \u00e9lectrique avec pompe \u00e0 vide \u00e0 bain d&rsquo;huile int\u00e9gr\u00e9e<\/strong>, con\u00e7u pour les applications d&rsquo;\u00e9levage n\u00e9cessitant une <strong data-start=\"341\" data-end=\"387\">g\u00e9n\u00e9ration de vide fiable et continue<\/strong>.<\/p>\n<p data-start=\"390\" data-end=\"583\">Le groupe est compos\u00e9 d&rsquo;un <strong data-start=\"414\" data-end=\"466\">moteur \u00e9lectrique de 1,10 kW aliment\u00e9 en 220 VAC<\/strong>, coupl\u00e9 \u00e0 une <strong data-start=\"481\" data-end=\"520\">pompe \u00e0 vide lubrifi\u00e9e \u00e0 l&rsquo;huile<\/strong>, capable de garantir un <strong data-start=\"548\" data-end=\"582\">d\u00e9bit de 400 litres par minute<\/strong>.<\/p>\n<p data-start=\"585\" data-end=\"792\">Cette configuration garantit des performances \u00e9lev\u00e9es et une fiabilit\u00e9 op\u00e9rationnelle, rendant le syst\u00e8me particuli\u00e8rement adapt\u00e9 aux <strong data-start=\"711\" data-end=\"791\">installations de traite et \u00e9quipements utilis\u00e9s dans le secteur de l&rsquo;\u00e9levage<\/strong>.<\/p>\n<hr data-start=\"794\" data-end=\"797\">\n<h2 data-start=\"799\" data-end=\"837\">Avantages du syst\u00e8me \u00e0 bain d&rsquo;huile<\/h2>\n<p data-start=\"839\" data-end=\"959\">La lubrification \u00e0 l&rsquo;huile contribue \u00e0 maintenir l&rsquo;efficacit\u00e9 du syst\u00e8me m\u00eame lors d&rsquo;utilisations prolong\u00e9es, en offrant :<\/p>\n<ul data-start=\"961\" data-end=\"1112\">\n<li data-start=\"961\" data-end=\"998\">\n<p data-start=\"963\" data-end=\"998\"><strong data-start=\"963\" data-end=\"998\">fiabilit\u00e9 op\u00e9rationnelle accrue<\/strong><\/p>\n<\/li>\n<li data-start=\"999\" data-end=\"1035\">\n<p data-start=\"1001\" data-end=\"1035\"><strong data-start=\"1001\" data-end=\"1035\">r\u00e9duction de l&rsquo;usure m\u00e9canique<\/strong><\/p>\n<\/li>\n<li data-start=\"1036\" data-end=\"1075\">\n<p data-start=\"1038\" data-end=\"1075\"><strong data-start=\"1038\" data-end=\"1075\">fonctionnement r\u00e9gulier et continu<\/strong><\/p>\n<\/li>\n<li data-start=\"1076\" data-end=\"1112\">\n<p data-start=\"1078\" data-end=\"1112\"><strong data-start=\"1078\" data-end=\"1112\">performances constantes dans le temps<\/strong><\/p>\n<\/li>\n<\/ul>\n<p data-start=\"1114\" data-end=\"1294\">Gr\u00e2ce \u00e0 sa structure robuste et compacte, le <strong data-start=\"1163\" data-end=\"1176\">FACM20701<\/strong> repr\u00e9sente une solution id\u00e9ale pour les syst\u00e8mes n\u00e9cessitant une <strong data-start=\"1237\" data-end=\"1293\">stabilit\u00e9 de fonctionnement et une continuit\u00e9 d&rsquo;exploitation<\/strong>.<\/p>\n<hr data-start=\"1296\" data-end=\"1299\">\n<h2 data-start=\"1301\" data-end=\"1328\">Caract\u00e9ristiques techniques<\/h2>\n<ul data-start=\"1330\" data-end=\"1513\">\n<li data-start=\"1330\" data-end=\"1356\">\n<p data-start=\"1332\" data-end=\"1356\"><strong data-start=\"1332\" data-end=\"1344\">Mod\u00e8le :<\/strong> FACM20701<\/p>\n<\/li>\n<li data-start=\"1357\" data-end=\"1383\">\n<p data-start=\"1359\" data-end=\"1383\"><strong data-start=\"1359\" data-end=\"1371\">D\u00e9bit :<\/strong> 400 L\/min<\/p>\n<\/li>\n<li data-start=\"1384\" data-end=\"1414\">\n<p data-start=\"1386\" data-end=\"1414\"><strong data-start=\"1386\" data-end=\"1404\">Alimentation :<\/strong> 220 VAC<\/p>\n<\/li>\n<li data-start=\"1415\" data-end=\"1439\">\n<p data-start=\"1417\" data-end=\"1439\"><strong data-start=\"1417\" data-end=\"1429\">Puissance :<\/strong> 1,10 kW (1,5 HP)<\/p>\n<\/li>\n<li data-start=\"1440\" data-end=\"1513\">\n<p data-start=\"1442\" data-end=\"1513\"><strong data-start=\"1442\" data-end=\"1461\">Configuration :<\/strong> moteur \u00e9lectrique avec pompe \u00e0 vide \u00e0 bain d&rsquo;huile<\/p>\n<\/li>\n<\/ul>\n<p data-start=\"1515\" data-end=\"1599\">Con\u00e7u pour garantir une <strong data-start=\"1540\" data-end=\"1598\">longue dur\u00e9e de vie op\u00e9rationnelle et des performances stables dans le temps<\/strong>.<\/p>\n<h4 data-start=\"1954\" data-end=\"1993\">Revendeurs et distributeurs : demandez des informations <a href=\"https:\/\/fdasrl.it\/fr\/contact\/\">(CLIQUEZ ICI)<\/a><\/h4>\n<h4 data-start=\"1954\" data-end=\"1993\">\ud83d\uded2 Achetez-la en ligne <a href=\"https:\/\/fda-shop.it\/shop\/mungitura\/accessori-mungitrici\/motore-elettrico-con-pompa-del-vuoto-ad-olio-facm20701-400-lmin-220v-110-kw\">(CLIQUEZ ICI)<\/a><\/h4>\n","protected":false},"excerpt":{"rendered":"<p>Moteur \u00e9lectrique avec pompe \u00e0 vide \u00e0 bain d&rsquo;huile FACM20701 de 400 L\/min, alimentation 220V et puissance 1,10 kW. Groupe compact et fiable id\u00e9al pour les installations de traite et applications d&rsquo;\u00e9levage n\u00e9cessitant une g\u00e9n\u00e9ration de vide stable et continue. <\/p>\n","protected":false},"featured_media":1165,"comment_status":"open","ping_status":"closed","template":"","meta":{"_et_pb_use_builder":"","_et_pb_old_content":"","_et_gb_content_width":""},"product_brand":[],"product_cat":[488,392],"product_tag":[534],"class_list":{"0":"post-2336","1":"product","2":"type-product","3":"status-publish","4":"has-post-thumbnail","6":"product_cat-accessoires-machines-a-traire","7":"product_cat-trayeuses-mobiles","8":"product_tag-facm20701","10":"first","11":"instock","12":"shipping-taxable","13":"product-type-simple"},"yoast_head":"<!-- This site is optimized with the Yoast SEO Premium plugin v27.5 (Yoast SEO v27.5) - https:\/\/yoast.com\/product\/yoast-seo-premium-wordpress\/ -->\n<title>Pompe \u00e0 vide \u00e0 bain d&#039;huile 400 l\/min pour machine \u00e0 traire<\/title>\n<meta name=\"description\" content=\"Garantissez des performances \u00e9lev\u00e9es avec la pompe \u00e0 vide \u00e0 bain d&#039;huile 400 l\/min pour machine \u00e0 traire FACM20701. Profitez de sa puissance et de sa pr\u00e9cision d\u00e8s aujourd&#039;hui !\" \/>\n<meta name=\"robots\" content=\"index, follow, max-snippet:-1, max-image-preview:large, max-video-preview:-1\" \/>\n<link rel=\"canonical\" href=\"https:\/\/fdasrl.it\/fr\/prodotto\/moteur-electrique-avec-pompe-a-vide-a-bain-dhuile-facm20701-400-l-min-220v-110-kw\/\" \/>\n<meta property=\"og:locale\" content=\"fr_FR\" \/>\n<meta property=\"og:type\" content=\"article\" \/>\n<meta property=\"og:title\" content=\"Moteur \u00e9lectrique avec pompe \u00e0 vide \u00e0 bain d&#039;huile FACM20701 400 L\/min \u2013 220V 1,10 kW\" \/>\n<meta property=\"og:description\" content=\"Garantissez des performances \u00e9lev\u00e9es avec la pompe \u00e0 vide \u00e0 bain d&#039;huile 400 l\/min pour machine \u00e0 traire FACM20701. Profitez de sa puissance et de sa pr\u00e9cision d\u00e8s aujourd&#039;hui !\" \/>\n<meta property=\"og:url\" content=\"https:\/\/fdasrl.it\/fr\/prodotto\/moteur-electrique-avec-pompe-a-vide-a-bain-dhuile-facm20701-400-l-min-220v-110-kw\/\" \/>\n<meta property=\"og:site_name\" content=\"FDA srl\" \/>\n<meta property=\"article:publisher\" content=\"https:\/\/www.facebook.com\/share\/1MWhFWg1Tp\/?mibextid=LQQJ4d\" \/>\n<meta property=\"og:image\" content=\"https:\/\/fdasrl.it\/wp-content\/uploads\/2026\/03\/Motore-Elettrico-con-Pompa-del-Vuoto-ad-Olio-FACM20701-400-lmin-220V-110-kW-1-white.webp\" \/>\n\t<meta property=\"og:image:width\" content=\"968\" \/>\n\t<meta property=\"og:image:height\" content=\"1452\" \/>\n\t<meta property=\"og:image:type\" content=\"image\/webp\" \/>\n<meta name=\"twitter:card\" content=\"summary_large_image\" \/>\n<meta name=\"twitter:label1\" content=\"Prix\" \/>\n\t<meta name=\"twitter:data1\" content=\"\" \/>\n\t<meta name=\"twitter:label2\" content=\"Disponibilit\u00e9\" \/>\n\t<meta name=\"twitter:data2\" content=\"En stock\" \/>\n<meta property=\"product:price:currency\" content=\"EUR\" \/>\n<meta property=\"og:availability\" content=\"instock\" \/>\n<meta property=\"product:availability\" content=\"instock\" \/>\n<meta property=\"product:retailer_item_id\" content=\"FACM20701\" \/>\n<meta property=\"product:condition\" content=\"new\" \/>\n<!-- \/ Yoast SEO Premium plugin. -->","yoast_head_json":{"title":"Pompe \u00e0 vide \u00e0 bain d'huile 400 l\/min pour machine \u00e0 traire","description":"Garantissez des performances \u00e9lev\u00e9es avec la pompe \u00e0 vide \u00e0 bain d'huile 400 l\/min pour machine \u00e0 traire FACM20701. Profitez de sa puissance et de sa pr\u00e9cision d\u00e8s aujourd'hui !","robots":{"index":"index","follow":"follow","max-snippet":"max-snippet:-1","max-image-preview":"max-image-preview:large","max-video-preview":"max-video-preview:-1"},"canonical":"https:\/\/fdasrl.it\/fr\/prodotto\/moteur-electrique-avec-pompe-a-vide-a-bain-dhuile-facm20701-400-l-min-220v-110-kw\/","og_locale":"fr_FR","og_type":"article","og_title":"Moteur \u00e9lectrique avec pompe \u00e0 vide \u00e0 bain d'huile FACM20701 400 L\/min \u2013 220V 1,10 kW","og_description":"Garantissez des performances \u00e9lev\u00e9es avec la pompe \u00e0 vide \u00e0 bain d'huile 400 l\/min pour machine \u00e0 traire FACM20701. Profitez de sa puissance et de sa pr\u00e9cision d\u00e8s aujourd'hui !","og_url":"https:\/\/fdasrl.it\/fr\/prodotto\/moteur-electrique-avec-pompe-a-vide-a-bain-dhuile-facm20701-400-l-min-220v-110-kw\/","og_site_name":"FDA srl","article_publisher":"https:\/\/www.facebook.com\/share\/1MWhFWg1Tp\/?mibextid=LQQJ4d","og_image":[{"width":968,"height":1452,"url":"https:\/\/fdasrl.it\/wp-content\/uploads\/2026\/03\/Motore-Elettrico-con-Pompa-del-Vuoto-ad-Olio-FACM20701-400-lmin-220V-110-kW-1-white.webp","type":"image\/webp"}],"twitter_card":"summary_large_image","twitter_misc":{"Prix":"","Disponibilit\u00e9":"En stock"},"schema":{"@context":"https:\/\/schema.org","@graph":[{"@type":"WebPage","@id":"https:\/\/fdasrl.it\/fr\/prodotto\/moteur-electrique-avec-pompe-a-vide-a-bain-dhuile-facm20701-400-l-min-220v-110-kw\/","url":"https:\/\/fdasrl.it\/fr\/prodotto\/moteur-electrique-avec-pompe-a-vide-a-bain-dhuile-facm20701-400-l-min-220v-110-kw\/","name":"Pompe \u00e0 vide \u00e0 bain d'huile 400 l\/min pour machine \u00e0 traire","isPartOf":{"@id":"https:\/\/fdasrl.it\/fr\/#website"},"primaryImageOfPage":{"@id":"https:\/\/fdasrl.it\/fr\/prodotto\/moteur-electrique-avec-pompe-a-vide-a-bain-dhuile-facm20701-400-l-min-220v-110-kw\/#primaryimage"},"image":{"@id":"https:\/\/fdasrl.it\/fr\/prodotto\/moteur-electrique-avec-pompe-a-vide-a-bain-dhuile-facm20701-400-l-min-220v-110-kw\/#primaryimage"},"thumbnailUrl":"https:\/\/fdasrl.it\/wp-content\/uploads\/2026\/03\/Motore-Elettrico-con-Pompa-del-Vuoto-ad-Olio-FACM20701-400-lmin-220V-110-kW-1-white.webp","datePublished":"2026-03-04T11:07:45+00:00","description":"Garantissez des performances \u00e9lev\u00e9es avec la pompe \u00e0 vide \u00e0 bain d'huile 400 l\/min pour machine \u00e0 traire FACM20701. Profitez de sa puissance et de sa pr\u00e9cision d\u00e8s aujourd'hui !","breadcrumb":{"@id":"https:\/\/fdasrl.it\/fr\/prodotto\/moteur-electrique-avec-pompe-a-vide-a-bain-dhuile-facm20701-400-l-min-220v-110-kw\/#breadcrumb"},"inLanguage":"fr-FR","potentialAction":[{"@type":"ReadAction","target":["https:\/\/fdasrl.it\/fr\/prodotto\/moteur-electrique-avec-pompe-a-vide-a-bain-dhuile-facm20701-400-l-min-220v-110-kw\/"]}]},{"@type":"ImageObject","inLanguage":"fr-FR","@id":"https:\/\/fdasrl.it\/fr\/prodotto\/moteur-electrique-avec-pompe-a-vide-a-bain-dhuile-facm20701-400-l-min-220v-110-kw\/#primaryimage","url":"https:\/\/fdasrl.it\/wp-content\/uploads\/2026\/03\/Motore-Elettrico-con-Pompa-del-Vuoto-ad-Olio-FACM20701-400-lmin-220V-110-kW-1-white.webp","contentUrl":"https:\/\/fdasrl.it\/wp-content\/uploads\/2026\/03\/Motore-Elettrico-con-Pompa-del-Vuoto-ad-Olio-FACM20701-400-lmin-220V-110-kW-1-white.webp","width":968,"height":1452,"caption":"Moteur \u00e9lectrique avec pompe \u00e0 vide lubrifi\u00e9e \u00e0 l'huile pour machines \u00e0 traire professionnelles."},{"@type":"BreadcrumbList","@id":"https:\/\/fdasrl.it\/fr\/prodotto\/moteur-electrique-avec-pompe-a-vide-a-bain-dhuile-facm20701-400-l-min-220v-110-kw\/#breadcrumb","itemListElement":[{"@type":"ListItem","position":1,"name":"Home","item":"https:\/\/fdasrl.it\/fr\/accueil\/"},{"@type":"ListItem","position":2,"name":"Boutique","item":"https:\/\/fdasrl.it\/fr\/boutique\/"},{"@type":"ListItem","position":3,"name":"Moteur \u00e9lectrique avec pompe \u00e0 vide \u00e0 bain d&#8217;huile FACM20701 400 L\/min \u2013 220V 1,10 kW"}]},{"@type":"WebSite","@id":"https:\/\/fdasrl.it\/fr\/#website","url":"https:\/\/fdasrl.it\/fr\/","name":"FDA srl","description":"Equipment for animal husbandry","publisher":{"@id":"https:\/\/fdasrl.it\/fr\/#organization"},"potentialAction":[{"@type":"SearchAction","target":{"@type":"EntryPoint","urlTemplate":"https:\/\/fdasrl.it\/fr\/?s={search_term_string}"},"query-input":{"@type":"PropertyValueSpecification","valueRequired":true,"valueName":"search_term_string"}}],"inLanguage":"fr-FR"},{"@type":"Organization","@id":"https:\/\/fdasrl.it\/fr\/#organization","name":"FDA srl","url":"https:\/\/fdasrl.it\/fr\/","logo":{"@type":"ImageObject","inLanguage":"fr-FR","@id":"https:\/\/fdasrl.it\/fr\/#\/schema\/logo\/image\/","url":"https:\/\/fdasrl.it\/wp-content\/uploads\/2024\/12\/Logo-FDA.png","contentUrl":"https:\/\/fdasrl.it\/wp-content\/uploads\/2024\/12\/Logo-FDA.png","width":316,"height":119,"caption":"FDA srl"},"image":{"@id":"https:\/\/fdasrl.it\/fr\/#\/schema\/logo\/image\/"},"sameAs":["https:\/\/www.facebook.com\/share\/1MWhFWg1Tp\/?mibextid=LQQJ4d","https:\/\/www.instagram.com\/fda_srl\/profilecard\/?igsh=YW5lbzJ6MWg0d21u","https:\/\/www.youtube.com\/@FDASRL_ANIMALCARE"],"description":"FDA SRL \u2013 Equipment for animal husbandry nasce con l\u2019obiettivo di offrire soluzioni affidabili e innovative per l\u2019allevamento moderno. Con anni di esperienza nel settore zootecnico, progettiamo e realizziamo attrezzature destinate al benessere animale e alla gestione efficiente delle stalle: vasche, abbeveratoi, mangiatoie e sistemi di riscaldamento pensati per durare nel tempo e semplificare il lavoro quotidiano degli allevatori. Dalla progettazione alla produzione, ogni nostro prodotto \u00e8 studiato nei minimi dettagli, testato con cura e costruito per rispondere alle esigenze reali del settore. La nostra forza \u00e8 unire artigianalit\u00e0, tecnologia e competenza tecnica per trasformare ogni progetto in una soluzione concreta e funzionale. Oggi FDA SRL \u00e8 un punto di riferimento per privati e rivenditori che cercano qualit\u00e0, affidabilit\u00e0 e innovazione nelle attrezzature per l\u2019allevamento.","email":"info@fdasrl.it","telephone":"+390522826820","legalName":"F.D.A. SRL","foundingDate":"2024-10-13","vatID":"03075840359","taxID":"03075840359","numberOfEmployees":{"@type":"QuantitativeValue","minValue":"1","maxValue":"10"}}]},"product_price_currency":"EUR","og_availability":"instock","product_availability":"instock","product_retailer_item_id":"FACM20701","product_condition":"new"},"_links":{"self":[{"href":"https:\/\/fdasrl.it\/fr\/wp-json\/wp\/v2\/product\/2336","targetHints":{"allow":["GET"]}}],"collection":[{"href":"https:\/\/fdasrl.it\/fr\/wp-json\/wp\/v2\/product"}],"about":[{"href":"https:\/\/fdasrl.it\/fr\/wp-json\/wp\/v2\/types\/product"}],"replies":[{"embeddable":true,"href":"https:\/\/fdasrl.it\/fr\/wp-json\/wp\/v2\/comments?post=2336"}],"wp:featuredmedia":[{"embeddable":true,"href":"https:\/\/fdasrl.it\/fr\/wp-json\/wp\/v2\/media\/1165"}],"wp:attachment":[{"href":"https:\/\/fdasrl.it\/fr\/wp-json\/wp\/v2\/media?parent=2336"}],"wp:term":[{"taxonomy":"product_brand","embeddable":true,"href":"https:\/\/fdasrl.it\/fr\/wp-json\/wp\/v2\/product_brand?post=2336"},{"taxonomy":"product_cat","embeddable":true,"href":"https:\/\/fdasrl.it\/fr\/wp-json\/wp\/v2\/product_cat?post=2336"},{"taxonomy":"product_tag","embeddable":true,"href":"https:\/\/fdasrl.it\/fr\/wp-json\/wp\/v2\/product_tag?post=2336"}],"curies":[{"name":"wp","href":"https:\/\/api.w.org\/{rel}","templated":true}]}}